{"id":423968,"date":"2025-03-21T15:58:15","date_gmt":"2025-03-21T15:58:15","guid":{"rendered":"https:\/\/www.skippercity.com\/itineraires-de-navigation-en-croatie\/"},"modified":"2025-03-22T22:25:19","modified_gmt":"2025-03-22T22:25:19","slug":"itineraires-de-navigation-en-croatie","status":"publish","type":"page","link":"https:\/\/skippercity.com\/fr\/itineraires-de-navigation-en-croatie\/","title":{"rendered":"Itin\u00e9raires de navigation en Croatie"},"content":{"rendered":"\t\t<div data-elementor-type=\"wp-page\" data-elementor-id=\"423968\" class=\"elementor elementor-423968 elementor-423918\" data-elementor-post-type=\"page\">\n\t\t\t\t<div class=\"elementor-element elementor-element-5247feaa e-con-full e-flex e-con e-parent\" data-id=\"5247feaa\" data-element_type=\"container\" data-e-type=\"container\" data-settings=\"{&quot;background_background&quot;:&quot;classic&quot;}\">\n\t\t\t\t<div class=\"elementor-element elementor-element-3177c578 elementor-widget elementor-widget-heading\" data-id=\"3177c578\" data-element_type=\"widget\" data-e-type=\"widget\" data-widget_type=\"heading.default\">\n\t\t\t\t<div class=\"elementor-widget-container\">\n\t\t\t\t\t<h1 class=\"elementor-heading-title elementor-size-default\">Itin\u00e9raires de navigation en Croatie | Meilleures routes de plaisance sur l'Adriatique<\/h1>\t\t\t\t<\/div>\n\t\t\t\t<\/div>\n\t\t\t\t<\/div>\n\t\t<div class=\"elementor-element elementor-element-36d3d17e e-con-full e-flex e-con e-parent\" data-id=\"36d3d17e\" data-element_type=\"container\" data-e-type=\"container\">\n\t\t<div class=\"elementor-element elementor-element-25be37b4 e-con-full e-flex e-con e-child\" data-id=\"25be37b4\" data-element_type=\"container\" data-e-type=\"container\">\n\t\t\t\t<div class=\"elementor-element elementor-element-7ad88970 elementor-widget-divider--view-line elementor-widget elementor-widget-divider\" data-id=\"7ad88970\" data-element_type=\"widget\" data-e-type=\"widget\" data-widget_type=\"divider.default\">\n\t\t\t\t<div class=\"elementor-widget-container\">\n\t\t\t\t\t\t\t<div class=\"elementor-divider\">\n\t\t\t<span class=\"elementor-divider-separator\">\n\t\t\t\t\t\t<\/span>\n\t\t<\/div>\n\t\t\t\t\t\t<\/div>\n\t\t\t\t<\/div>\n\t\t\t\t<\/div>\n\t\t\t\t<\/div>\n\t\t<div class=\"elementor-element elementor-element-5266346 e-con-full e-flex e-con e-parent\" data-id=\"5266346\" data-element_type=\"container\" data-e-type=\"container\">\n\t\t<div class=\"elementor-element elementor-element-291414f3 e-con-full e-flex e-con e-child\" data-id=\"291414f3\" data-element_type=\"container\" data-e-type=\"container\">\n\t\t\t\t<div class=\"elementor-element elementor-element-445fbf74 elementor-widget elementor-widget-text-editor\" data-id=\"445fbf74\" data-element_type=\"widget\" data-e-type=\"widget\" data-widget_type=\"text-editor.default\">\n\t\t\t\t<div class=\"elementor-widget-container\">\n\t\t\t\t\t\t\t\t\t<p>Embarquez pour les vacances \u00e0 la voile de votre vie avec <a href=\"https:\/\/skippercity.com\/fr\/\">les itin\u00e9raires de navigation en Croatie soigneusement con\u00e7us par SkipperCity<\/a>. Louez un <a href=\"https:\/\/skippercity.com\/fr\/yacht-charter-croatie\/\">yacht, un catamaran ou un voilier de luxe<\/a> et d\u00e9couvrez le meilleur des charmantes \u00eeles, des villes historiques, des plages immacul\u00e9es et des baies cach\u00e9es de la Croatie, le long de l&rsquo;\u00e9poustouflante c\u00f4te adriatique. <\/p>\n<\/p>\n<hr>\n<h2> <\/h2>\n<h2>Itin\u00e9raire de navigation de 7 jours au d\u00e9part de Split<\/h2>\n<p><strong>Jour 1 : De Split \u00e0 Trogir<\/strong><br \/>Partez de la ville anim\u00e9e de Split et naviguez jusqu&rsquo;\u00e0 Trogir, une ville pittoresque class\u00e9e au patrimoine mondial de l&rsquo;UNESCO et connue pour son \u00e9tonnante architecture m\u00e9di\u00e9vale et sa promenade anim\u00e9e au bord de l&rsquo;eau.<\/p>\n<p><strong>Jour 2 : De Trogir \u00e0 \u0160olta<\/strong><br \/>Explorez la tranquille \u00eele de \u0160olta, c\u00e9l\u00e8bre pour ses baies isol\u00e9es, ses oliveraies et ses eaux cristallines, id\u00e9ales pour la baignade et la plong\u00e9e avec tuba.<\/p>\n<p><strong>Jour 3 : De \u0160olta \u00e0 Hvar<\/strong><br \/>Mettez le cap sur la glamour Hvar, r\u00e9put\u00e9e pour sa vie nocturne tr\u00e9pidante, ses plages magnifiques, ses champs de lavande et ses attractions historiques.<\/p>\n<p><strong>Jour 4 : Hvar \u00e0 Vis<\/strong><br \/>D\u00e9couvrez l&rsquo;\u00eele de Vis, caract\u00e9ris\u00e9e par une beaut\u00e9 naturelle intacte, des criques secr\u00e8tes et des sites historiques fascinants datant de l&rsquo;Antiquit\u00e9 jusqu&rsquo;\u00e0 la Seconde Guerre mondiale.<\/p>\n<p><strong>Jour 5 : De Vis \u00e0 Komi\u017ea<\/strong><br \/>Visitez Komi\u017ea, un charmant village de p\u00eacheurs sur l&rsquo;\u00eele de Vis, connu pour ses restaurants de fruits de mer authentiques et son atmosph\u00e8re paisible et traditionnelle.<\/p>\n<p><strong>Jour 6 : Komi\u017ea \u00e0 Bra\u010d<\/strong><br \/>D\u00e9couvrez la plage de Zlatni Rat sur l&rsquo;\u00eele de Bra\u010d, l&rsquo;une des plages les plus embl\u00e9matiques de Croatie, parfaite pour pratiquer des sports nautiques et se d\u00e9tendre dans un cadre magnifique.<\/p>\n<p><strong>Jour 7 : Bra\u010d \u00e0 Split<\/strong><br \/>Retour \u00e0 Split et immersion dans la vie de la ville, d\u00e9couverte du palais de Diocl\u00e9tien, des march\u00e9s locaux et d\u00e9gustation de la cuisine croate.<\/p>\n<p><a href=\"https:\/\/skippercity.com\/yacht-charter-split\/\">D\u00e9couvrez les locations de bateaux au d\u00e9part de Split<\/a><\/p>\n<hr>\n<h2>Itin\u00e9raires de navigation suppl\u00e9mentaires :<\/h2>\n<p><strong>De Trogir (7 jours)<\/strong><\/p>\n<ul>\n<li>Jour 1 : De Trogir \u00e0 Drvenik Veli &#8211; Plages paisibles et lagons cristallins.<\/li>\n<li>Jour 2 : De Drvenik Veli \u00e0 Primo\u0161ten &#8211; Ville historique avec d&rsquo;excellents vins.<\/li>\n<li>Jour 3 : De Primo\u0161ten \u00e0 \u0160ibenik &#8211; Cath\u00e9drale de l&rsquo;UNESCO et culture vibrante.<\/li>\n<li>Jour 4 : De \u0160ibenik \u00e0 Skradin &#8211; D\u00e9couverte des chutes d&rsquo;eau du parc national de Krka.<\/li>\n<li>Jour 5 : De Skradin \u00e0 Zlarin &#8211; La s\u00e9r\u00e9nit\u00e9 des \u00eeles coralliennes.<\/li>\n<li>Jour 6 : De Zlarin \u00e0 \u0160olta &#8211; Nature pittoresque et baies isol\u00e9es.<\/li>\n<li>Jour 7 : De \u0160olta \u00e0 Trogir &#8211; Retour au charme de l&rsquo;UNESCO.<\/li>\n<\/ul>\n<p><strong>Depuis Dubrovnik (7 jours)<\/strong><\/p>\n<ul>\n<li>Jour 1 : Dubrovnik \u00e0 \u0160ipan &#8211; Baies tranquilles, \u00eele pittoresque.<\/li>\n<li>Jour 2 : De \u0160ipan \u00e0 Mljet &#8211; Parc national, for\u00eats luxuriantes.<\/li>\n<li>Jour 3 : Mljet \u00e0 Kor\u010dula &#8211; Charme m\u00e9di\u00e9val, lieu de naissance de Marco Polo.<\/li>\n<li>Jour 4 : Kor\u010dula \u00e0 Lastovo &#8211; Paradis isol\u00e9 aux plages immacul\u00e9es.<\/li>\n<li>Jour 5 : De Lastovo \u00e0 Pelje\u0161ac &#8211; Des vignobles r\u00e9put\u00e9s, un littoral \u00e9poustouflant.<\/li>\n<li>Jour 6 : De Pelje\u0161ac \u00e0 Lopud &#8211; Plages de sable, eaux turquoises.<\/li>\n<li>Jour 7 : De Lopud \u00e0 Dubrovnik &#8211; D\u00e9couverte de la vieille ville historique.<\/li>\n<\/ul>\n<p><strong>Depuis \u0160ibenik (7 jours)<\/strong><\/p>\n<ul>\n<li>Jour 1 : De \u0160ibenik \u00e0 Zlarin &#8211; Le charme des \u00eeles coralliennes.<\/li>\n<li>Jour 2 : De Zlarin \u00e0 Kaprije &#8211; Baies isol\u00e9es et tranquillit\u00e9.<\/li>\n<li>Jour 3 : De Kaprije au parc national des Kornati &#8211; Paysages spectaculaires.<\/li>\n<li>Jour 4 : Kornati \u00e0 Dugi Otok &#8211; beaut\u00e9 du parc naturel de Telascica.<\/li>\n<li>Jour 5 : De Dugi Otok \u00e0 Murter &#8211; Vie de village, plages pittoresques.<\/li>\n<li>Jour 6 : De Murter \u00e0 Skradin &#8211; Visite des chutes d&rsquo;eau de Krka.<\/li>\n<li>Jour 7 : De Skradin \u00e0 \u0160ibenik &#8211; ville historique de l&rsquo;UNESCO.<\/li>\n<\/ul>\n<p><strong>Depuis Zadar (7 jours)<\/strong><\/p>\n<ul>\n<li>Jour 1 : De Zadar \u00e0 Ugljan &#8211; Oliviers, villages traditionnels.<\/li>\n<li>Jour 2 : D&rsquo;Ugljan \u00e0 Pa\u0161man &#8211; Ambiance c\u00f4ti\u00e8re d\u00e9tendue.<\/li>\n<li>Jour 3 : De Pa\u0161man \u00e0 Dugi Otok &#8211; Explorez la baie de Tela\u0161\u0107ica.<\/li>\n<li>Jour 4 : De Dugi Otok \u00e0 Molat &#8211; S\u00e9r\u00e9nit\u00e9 tranquille, baies isol\u00e9es.<\/li>\n<li>Jour 5 : Molat \u00e0 Ist &#8211; \u00cele paisible, eaux claires.<\/li>\n<li>Jour 6 : De Ist \u00e0 Silba &#8211; Tranquillit\u00e9 et promenades pittoresques.<\/li>\n<li>Jour 7 : De Silba \u00e0 Zadar &#8211; Ville anim\u00e9e et attractions historiques.<\/li>\n<\/ul>\n<p><strong>De l&rsquo;Istrie (7 jours)<\/strong><\/p>\n<ul>\n<li>Jour 1 : De Pula \u00e0 Brijuni &#8211; Parc national et sites historiques.<\/li>\n<li>Jour 2 : De Brijuni \u00e0 Rovinj &#8211; Charme romantique et port pittoresque.<\/li>\n<li>Jour 3 : de Rovinj \u00e0 Pore\u010d &#8211; mosa\u00efques de l&rsquo;Unesco, riche culture.<\/li>\n<li>Jour 4 : De Pore\u010d \u00e0 Novigrad &#8211; Exp\u00e9riences culinaires, vues sur la c\u00f4te.<\/li>\n<li>Jour 5 : Novigrad \u00e0 Umag &#8211; Ville baln\u00e9aire relaxante.<\/li>\n<li>Jour 6 : Umag \u00e0 Cres &#8211; Beaut\u00e9 naturelle et d\u00e9couverte de la faune et de la flore.<\/li>\n<li>Jour 7 : De Cres \u00e0 Pula &#8211; Retour aux anciens sites romains.<\/li>\n<\/ul>\n<hr>\n<h2> <\/h2>\n<h2>Pourquoi choisir SkipperCity pour vos vacances \u00e0 la voile ?<\/h2>\n<ul>\n<li><strong>Connaissances locales sp\u00e9cialis\u00e9es :<\/strong> Itin\u00e9raires personnalis\u00e9s et joyaux cach\u00e9s.<\/li>\n<li><strong>Exp\u00e9riences sur mesure :<\/strong> Des aventures de voile personnalis\u00e9es selon vos d\u00e9sirs.<\/li>\n<li><strong>Un soutien fiable :<\/strong> Une assistance d\u00e9vou\u00e9e tout au long de votre voyage en mer.<\/li>\n<\/ul>\n<hr>\n<h2> <\/h2>\n<h2>Conseils essentiels pour naviguer en Croatie<\/h2>\n<ul>\n<li><strong>Meilleure saison de navigation :<\/strong> De mai \u00e0 octobre (pic : juin-ao\u00fbt).<\/li>\n<li><strong>Pr\u00e9parez vos affaires :<\/strong> Protection solaire, maillot de bain, v\u00eatements confortables.<\/li>\n<li><strong>M\u00e9t\u00e9o :<\/strong> Climat m\u00e9diterran\u00e9en<a href=\"https:\/\/meteo.hr\/index_en.php\" target=\"_blank\" rel=\"noopener\">(Croatia Weather Forecast<\/a>).<\/li>\n<li><strong>En savoir plus :<\/strong> <a href=\"https:\/\/www.croatia.hr\/en-GB\" target=\"_blank\" rel=\"noopener\">Office national du tourisme croate<\/a><\/li>\n<\/ul>\n<hr>\n<h2> <\/h2>\n<h2>Liens connexes SkipperCity<\/h2>\n<ul>\n<li><a href=\"https:\/\/skippercity.com\/fr\/yacht-charter-croatie\/\">Charte de yacht de luxe<\/a><\/li>\n<li><a href=\"https:\/\/skippercity.com\/fr\/catamaran-charter-croatie\/\">Location de catamarans<\/a><\/li>\n<li><a href=\"https:\/\/skippercity.com\/sailing-boat-charter-croatia\/\">Location de bateaux \u00e0 voile<\/a><\/li>\n<li><a href=\"https:\/\/skippercity.com\/fr\/yacht-a-equipage-charter-croatie\/\">Charte de yacht d\u2019\u00e9quipage<\/a><\/li>\n<\/ul>\n<hr>\n<h2> <\/h2>\n<h2>R\u00e9servez d\u00e8s aujourd&rsquo;hui votre aventure de voile en Croatie<\/h2>\n<p>Commencez \u00e0 planifier vos vacances \u00e0 la voile en Croatie avec SkipperCity et d\u00e9couvrez le meilleur de la c\u00f4te adriatique.<\/p>\n<p><a href=\"https:\/\/skippercity.com\/fr\/obtenez-une-location-de-yacht-de-citation-croatie-2\/\">Demandez un devis maintenant<\/a><\/p>\n\t\t\t\t\t\t\t\t<\/div>\n\t\t\t\t<\/div>\n\t\t\t\t<\/div>\n\t\t<div class=\"elementor-element elementor-element-368d928d e-con-full e-flex e-con e-child\" data-id=\"368d928d\" data-element_type=\"container\" data-e-type=\"container\">\n\t\t\t\t<div class=\"elementor-element elementor-element-215fb5f5 elementor-widget elementor-widget-template\" data-id=\"215fb5f5\" data-element_type=\"widget\" data-e-type=\"widget\" data-widget_type=\"template.default\">\n\t\t\t\t<div class=\"elementor-widget-container\">\n\t\t\t\t\t\t\t<div class=\"elementor-template\">\n\t\t\t\t\t<div data-elementor-type=\"section\" data-elementor-id=\"77218\" class=\"elementor elementor-77218 elementor-76339\" data-elementor-post-type=\"elementor_library\">\n\t\t\t\t\t<section class=\"elementor-section elementor-inner-section elementor-element elementor-element-457e679b elementor-section-full_width elementor-section-height-min-height elementor-section-content-middle elementor-section-height-default\" data-id=\"457e679b\" data-element_type=\"section\" data-e-type=\"section\" data-settings=\"{&quot;background_background&quot;:&quot;classic&quot;}\">\n\t\t\t\t\t\t\t<div class=\"elementor-background-overlay\"><\/div>\n\t\t\t\t\t\t\t<div class=\"elementor-container elementor-column-gap-default\">\n\t\t\t\t\t<div class=\"elementor-column elementor-col-100 elementor-inner-column elementor-element elementor-element-33d83c77\" data-id=\"33d83c77\" data-element_type=\"column\" data-e-type=\"column\">\n\t\t\t<div class=\"elementor-widget-wrap elementor-element-populated\">\n\t\t\t\t\t\t<div class=\"elementor-element elementor-element-26c46f13 elementor-widget elementor-widget-text-editor\" data-id=\"26c46f13\" data-element_type=\"widget\" data-e-type=\"widget\" data-widget_type=\"text-editor.default\">\n\t\t\t\t<div class=\"elementor-widget-container\">\n\t\t\t\t\t\t\t\t\t<p style=\"text-align: center;\">A la recherche d&rsquo;un bateau ?<\/p>\n\t\t\t\t\t\t\t\t<\/div>\n\t\t\t\t<\/div>\n\t\t\t\t<div class=\"elementor-element elementor-element-7116d3fc elementor-align-center elementor-widget elementor-widget-button\" data-id=\"7116d3fc\" data-element_type=\"widget\" data-e-type=\"widget\" data-widget_type=\"button.default\">\n\t\t\t\t<div class=\"elementor-widget-container\">\n\t\t\t\t\t\t\t\t\t<div class=\"elementor-button-wrapper\">\n\t\t\t\t\t<a class=\"elementor-button elementor-button-link elementor-size-md\" href=\"https:\/\/skippercity.com\/fr\/obtenez-une-location-de-yacht-de-citation-croatie-2\/\" target=\"_blank\">\n\t\t\t\t\t\t<span class=\"elementor-button-content-wrapper\">\n\t\t\t\t\t\t\t\t\t<span class=\"elementor-button-text\">OBTENEZ UN DEVIS GRATUIT<\/span>\n\t\t\t\t\t<\/span>\n\t\t\t\t\t<\/a>\n\t\t\t\t<\/div>\n\t\t\t\t\t\t\t\t<\/div>\n\t\t\t\t<\/div>\n\t\t\t\t\t<\/div>\n\t\t<\/div>\n\t\t\t\t\t<\/div>\n\t\t<\/section>\n\t\t\t\t<\/div>\n\t\t\t\t<\/div>\n\t\t\t\t\t\t<\/div>\n\t\t\t\t<\/div>\n\t\t\t\t<\/div>\n\t\t\t\t<\/div>\n\t\t\t\t<\/div>\n\t\t","protected":false},"excerpt":{"rendered":"<p>Itin\u00e9raires de navigation en Croatie | Meilleures routes de plaisance sur l&rsquo;Adriatique Embarquez pour les vacances \u00e0 la voile de votre vie avec les itin\u00e9raires de navigation en Croatie soigneusement con\u00e7us par SkipperCity. Louez un yacht, un catamaran ou un voilier de luxe et d\u00e9couvrez le meilleur des charmantes \u00eeles, des villes historiques, des plages [&hellip;]<\/p>\n","protected":false},"author":2,"featured_media":408270,"parent":0,"menu_order":0,"comment_status":"closed","ping_status":"closed","template":"","meta":{"footnotes":""},"class_list":["post-423968","page","type-page","status-publish","has-post-thumbnail","hentry"],"_links":{"self":[{"href":"https:\/\/skippercity.com\/fr\/wp-json\/wp\/v2\/pages\/423968","targetHints":{"allow":["GET"]}}],"collection":[{"href":"https:\/\/skippercity.com\/fr\/wp-json\/wp\/v2\/pages"}],"about":[{"href":"https:\/\/skippercity.com\/fr\/wp-json\/wp\/v2\/types\/page"}],"author":[{"embeddable":true,"href":"https:\/\/skippercity.com\/fr\/wp-json\/wp\/v2\/users\/2"}],"replies":[{"embeddable":true,"href":"https:\/\/skippercity.com\/fr\/wp-json\/wp\/v2\/comments?post=423968"}],"version-history":[{"count":0,"href":"https:\/\/skippercity.com\/fr\/wp-json\/wp\/v2\/pages\/423968\/revisions"}],"wp:featuredmedia":[{"embeddable":true,"href":"https:\/\/skippercity.com\/fr\/wp-json\/wp\/v2\/media\/408270"}],"wp:attachment":[{"href":"https:\/\/skippercity.com\/fr\/wp-json\/wp\/v2\/media?parent=423968"}],"curies":[{"name":"wp","href":"https:\/\/api.w.org\/{rel}","templated":true}]}}