{"id":51957,"date":"2017-11-15T23:12:15","date_gmt":"2017-11-15T23:12:15","guid":{"rendered":"https:\/\/www.skippercity.com\/naviguer-en-croatie-est-amusant-inspirez-vous\/"},"modified":"2024-02-29T15:13:15","modified_gmt":"2024-02-29T15:13:15","slug":"naviguer-en-croatie-est-amusant-inspirez-vous","status":"publish","type":"page","link":"https:\/\/skippercity.com\/fr\/naviguer-en-croatie-est-amusant-inspirez-vous\/","title":{"rendered":"Naviguer en Croatie est amusant; Inspirez-vous"},"content":{"rendered":"\t\t<div data-elementor-type=\"wp-page\" data-elementor-id=\"51957\" class=\"elementor elementor-51957 elementor-1583\" data-elementor-post-type=\"page\">\n\t\t\t\t<div class=\"elementor-element elementor-element-73e7b46 e-con-full e-flex e-con e-parent\" data-id=\"73e7b46\" data-element_type=\"container\" data-e-type=\"container\" data-settings=\"{&quot;background_background&quot;:&quot;classic&quot;}\">\n\t\t\t\t<\/div>\n\t\t\t\t<section class=\"elementor-section elementor-top-section elementor-element elementor-element-c4c2e00 elementor-section-full_width elementor-section-height-default elementor-section-height-default\" data-id=\"c4c2e00\" data-element_type=\"section\" data-e-type=\"section\">\n\t\t\t\t\t\t<div class=\"elementor-container elementor-column-gap-default\">\n\t\t\t\t\t<div class=\"elementor-column elementor-col-25 elementor-top-column elementor-element elementor-element-4544b0c1\" data-id=\"4544b0c1\" data-element_type=\"column\" data-e-type=\"column\">\n\t\t\t<div class=\"elementor-widget-wrap elementor-element-populated\">\n\t\t\t\t\t\t<div class=\"elementor-element elementor-element-71d12fdb elementor-toc--minimized-on-tablet elementor-widget elementor-widget-table-of-contents\" data-id=\"71d12fdb\" data-element_type=\"widget\" data-e-type=\"widget\" data-settings=\"{&quot;exclude_headings_by_selector&quot;:[],&quot;marker_view&quot;:&quot;bullets&quot;,&quot;headings_by_tags&quot;:[&quot;h2&quot;,&quot;h3&quot;,&quot;h4&quot;,&quot;h5&quot;,&quot;h6&quot;],&quot;icon&quot;:{&quot;value&quot;:&quot;fas fa-circle&quot;,&quot;library&quot;:&quot;fa-solid&quot;,&quot;rendered_tag&quot;:&quot;&lt;svg class=\\&quot;e-font-icon-svg e-fas-circle\\&quot; viewBox=\\&quot;0 0 512 512\\&quot; xmlns=\\&quot;http:\\\/\\\/www.w3.org\\\/2000\\\/svg\\&quot;&gt;&lt;path d=\\&quot;M256 8C119 8 8 119 8 256s111 248 248 248 248-111 248-248S393 8 256 8z\\&quot;&gt;&lt;\\\/path&gt;&lt;\\\/svg&gt;&quot;},&quot;no_headings_message&quot;:&quot;Aucun titre n\\u2019a \\u00e9t\\u00e9 trouv\\u00e9 sur cette page.&quot;,&quot;minimize_box&quot;:&quot;yes&quot;,&quot;minimized_on&quot;:&quot;tablet&quot;,&quot;hierarchical_view&quot;:&quot;yes&quot;,&quot;min_height&quot;:{&quot;unit&quot;:&quot;px&quot;,&quot;size&quot;:&quot;&quot;,&quot;sizes&quot;:[]},&quot;min_height_tablet&quot;:{&quot;unit&quot;:&quot;px&quot;,&quot;size&quot;:&quot;&quot;,&quot;sizes&quot;:[]},&quot;min_height_mobile&quot;:{&quot;unit&quot;:&quot;px&quot;,&quot;size&quot;:&quot;&quot;,&quot;sizes&quot;:[]}}\" data-widget_type=\"table-of-contents.default\">\n\t\t\t\t<div class=\"elementor-widget-container\">\n\t\t\t\t\t\t\t\t\t<div class=\"elementor-toc__header\">\n\t\t\t\t\t\t<h4 class=\"elementor-toc__header-title\">\n\t\t\t\tTable des mati\u00e8res\t\t\t<\/h4>\n\t\t\t\t\t\t\t\t\t\t<div class=\"elementor-toc__toggle-button elementor-toc__toggle-button--expand\" role=\"button\" tabindex=\"0\" aria-controls=\"elementor-toc__71d12fdb\" aria-expanded=\"true\" aria-label=\"Ouvrir la table des mati\u00e8res\"><svg aria-hidden=\"true\" class=\"e-font-icon-svg e-fas-chevron-down\" viewBox=\"0 0 448 512\" xmlns=\"http:\/\/www.w3.org\/2000\/svg\"><path d=\"M207.029 381.476L12.686 187.132c-9.373-9.373-9.373-24.569 0-33.941l22.667-22.667c9.357-9.357 24.522-9.375 33.901-.04L224 284.505l154.745-154.021c9.379-9.335 24.544-9.317 33.901.04l22.667 22.667c9.373 9.373 9.373 24.569 0 33.941L240.971 381.476c-9.373 9.372-24.569 9.372-33.942 0z\"><\/path><\/svg><\/div>\n\t\t\t\t<div class=\"elementor-toc__toggle-button elementor-toc__toggle-button--collapse\" role=\"button\" tabindex=\"0\" aria-controls=\"elementor-toc__71d12fdb\" aria-expanded=\"true\" aria-label=\"Fermer la table des mati\u00e8res\"><svg aria-hidden=\"true\" class=\"e-font-icon-svg e-fas-chevron-up\" viewBox=\"0 0 448 512\" xmlns=\"http:\/\/www.w3.org\/2000\/svg\"><path d=\"M240.971 130.524l194.343 194.343c9.373 9.373 9.373 24.569 0 33.941l-22.667 22.667c-9.357 9.357-24.522 9.375-33.901.04L224 227.495 69.255 381.516c-9.379 9.335-24.544 9.317-33.901-.04l-22.667-22.667c-9.373-9.373-9.373-24.569 0-33.941L207.03 130.525c9.372-9.373 24.568-9.373 33.941-.001z\"><\/path><\/svg><\/div>\n\t\t\t\t\t<\/div>\n\t\t\t\t<div id=\"elementor-toc__71d12fdb\" class=\"elementor-toc__body\">\n\t\t\t<div class=\"elementor-toc__spinner-container\">\n\t\t\t\t<svg class=\"elementor-toc__spinner eicon-animation-spin e-font-icon-svg e-eicon-loading\" aria-hidden=\"true\" viewBox=\"0 0 1000 1000\" xmlns=\"http:\/\/www.w3.org\/2000\/svg\"><path d=\"M500 975V858C696 858 858 696 858 500S696 142 500 142 142 304 142 500H25C25 237 238 25 500 25S975 237 975 500 763 975 500 975Z\"><\/path><\/svg>\t\t\t<\/div>\n\t\t<\/div>\n\t\t\t\t\t\t<\/div>\n\t\t\t\t<\/div>\n\t\t\t\t\t<\/div>\n\t\t<\/div>\n\t\t\t\t<div class=\"elementor-column elementor-col-50 elementor-top-column elementor-element elementor-element-7707a56\" data-id=\"7707a56\" data-element_type=\"column\" data-e-type=\"column\">\n\t\t\t<div class=\"elementor-widget-wrap elementor-element-populated\">\n\t\t\t\t\t\t<div class=\"elementor-element elementor-element-305b22d8 elementor-widget elementor-widget-text-editor\" data-id=\"305b22d8\" data-element_type=\"widget\" data-e-type=\"widget\" data-widget_type=\"text-editor.default\">\n\t\t\t\t<div class=\"elementor-widget-container\">\n\t\t\t\t\t\t\t\t\t<div class=\"markdown markdown-main-panel ui-v2-enabled\" dir=\"ltr\">\n<h1 data-sourcepos=\"1:1-1:69\">Naviguer en Croatie, c&rsquo;est amusant ! Laissez-vous inspirer !<\/h1>\n<h2 data-sourcepos=\"1:1-1:69\">Mettez le cap sur l&rsquo;aventure : Des exp\u00e9riences inoubliables vous attendent en Croatie<\/h2>\n<p data-sourcepos=\"3:1-3:309\">Imaginez-vous glissant sur les eaux turquoise de la mer Adriatique, le soleil r\u00e9chauffant votre visage et les doux embruns de l&rsquo;oc\u00e9an embrumant votre peau. La Croatie, avec ses innombrables \u00eeles, ses criques cach\u00e9es et ses charmantes villes c\u00f4ti\u00e8res, vous invite \u00e0 embarquer pour une aventure \u00e0 la voile qui vous laissera bouche b\u00e9e.<\/p>\n<p data-sourcepos=\"5:1-5:54\"><strong>\u00c9chapper \u00e0 l&rsquo;ordinaire et embrasser l&rsquo;extraordinaire :<\/strong><\/p>\n<ul data-sourcepos=\"7:1-11:0\">\n<li data-sourcepos=\"7:1-7:165\"><strong>Remplacez les paysages urbains par des paysages marins :<\/strong> Admirez le lever du soleil peindre le ciel de teintes vibrantes pendant que vous mettez les voiles, avec pour seul bruit le doux clapotis des vagues contre la coque.<\/li>\n<li data-sourcepos=\"8:1-8:171\"><strong>Explorez les joyaux cach\u00e9s :<\/strong> D\u00e9couvrez des criques isol\u00e9es accessibles uniquement par bateau, des plages immacul\u00e9es propices \u00e0 la d\u00e9tente et de charmants villages o\u00f9 le temps semble s&rsquo;\u00eatre arr\u00eat\u00e9.<\/li>\n<li data-sourcepos=\"9:1-9:157\"><strong>Plongez dans des eaux cristallines :<\/strong> Plongez avec masque et tuba dans des r\u00e9cifs coralliens vibrants de vie, ou plongez dans le monde sous-marin lors d&rsquo;une exp\u00e9dition de plong\u00e9e sous-marine.<\/li>\n<li data-sourcepos=\"10:1-11:0\"><strong>Naviguez sous un ciel \u00e9toil\u00e9 :<\/strong> \u00c0 la tomb\u00e9e de la nuit, contemplez un spectacle d&rsquo;\u00e9toiles \u00e0 couper le souffle, sans \u00eatre g\u00ean\u00e9 par les lumi\u00e8res de la ville, et sentez un sentiment de paix vous envahir.<\/li>\n<\/ul>\n<\/div>\n<div class=\"markdown markdown-main-panel ui-v2-enabled\" dir=\"ltr\">\n<p data-sourcepos=\"12:1-12:36\">\n<p data-sourcepos=\"12:1-12:36\"><strong>Adoptez l&rsquo;esprit d&rsquo;aventure :<\/strong><\/p>\n<ul data-sourcepos=\"14:1-17:0\">\n<li data-sourcepos=\"14:1-14:164\"><strong>Naviguez sur des territoires inexplor\u00e9s :<\/strong> Prenez la barre et tracez votre route, en ressentant le frisson de la navigation en haute mer et la satisfaction de ma\u00eetriser une nouvelle comp\u00e9tence.<\/li>\n<li data-sourcepos=\"15:1-15:145\"><strong>Connectez-vous avec la nature :<\/strong> Respirez l&rsquo;air frais de la mer, sentez le soleil sur votre peau et impr\u00e9gnez-vous de la beaut\u00e9 de la c\u00f4te adriatique.<\/li>\n<li data-sourcepos=\"16:1-17:0\"><strong>Forgez des souvenirs imp\u00e9rissables :<\/strong> Partagez l&rsquo;exp\u00e9rience avec vos proches et cr\u00e9ez des histoires et des moments inoubliables qui resteront \u00e0 jamais grav\u00e9s dans votre m\u00e9moire.<\/li>\n<\/ul>\n<\/div>\n<div class=\"markdown markdown-main-panel ui-v2-enabled\" dir=\"ltr\">\n<p data-sourcepos=\"18:1-18:67\"><strong>La Croatie est plus qu&rsquo;une simple destination, c&rsquo;est une invitation \u00e0.. :<\/strong><\/p>\n<ul data-sourcepos=\"20:1-23:0\">\n<li data-sourcepos=\"20:1-20:102\"><strong>D\u00e9connectez-vous du quotidien :<\/strong> Laissez vos soucis derri\u00e8re vous et profitez de la libert\u00e9 qu&rsquo;offre la haute mer.<\/li>\n<li data-sourcepos=\"21:1-21:116\"><strong>Retrouvez votre sens de l&rsquo;\u00e9merveillement :<\/strong> Red\u00e9couvrez les joies simples de la vie et renouez avec la nature \u00e0 l&rsquo;\u00e9tat pur.<\/li>\n<li data-sourcepos=\"22:1-23:0\"><strong>Cr\u00e9ez une histoire qui m\u00e9rite d&rsquo;\u00eatre racont\u00e9e :<\/strong> Embarquez pour un voyage qui vous transformera, vous laissant avec un esprit renouvel\u00e9 et un c\u0153ur plein de souvenirs.<\/li>\n<\/ul>\n<\/div>\n<div class=\"markdown markdown-main-panel ui-v2-enabled\" dir=\"ltr\">\n<p data-sourcepos=\"24:1-24:135\"><strong>Alors, hissez les voiles, sentez le vent dans vos cheveux et mettez le cap sur une aventure inoubliable en Croatie. La mer Adriatique vous attend !<\/strong><\/p>\n<p data-sourcepos=\"24:1-24:135\">\n<\/div>\n<h2 data-sourcepos=\"7:1-7:58\">Embarquez pour une aventure inoubliable \u00e0 bord d&rsquo;un voilier en Croatie<\/h2>\n<p data-sourcepos=\"9:1-9:260\">La Croatie, avec sa superbe c\u00f4te adriatique, ses innombrables \u00eeles et ses charmantes villes portuaires, est une destination de r\u00eave pour des vacances \u00e0 la voile. Que vous soyez un marin chevronn\u00e9 ou un d\u00e9butant, il y a une option de location de bateau parfaite qui vous attend en Croatie.<\/p>\n<p data-sourcepos=\"11:1-11:52\"><strong>Des locations de bateaux sur mesure pour tous les go\u00fbts :<\/strong><\/p>\n<ul data-sourcepos=\"13:1-17:0\">\n<li data-sourcepos=\"13:1-13:234\"><strong>Charters avec skipper :<\/strong> Id\u00e9al pour ceux qui veulent se d\u00e9tendre et profiter du paysage sans avoir la responsabilit\u00e9 de naviguer. Un skipper exp\u00e9riment\u00e9 s&rsquo;occupe de tout, de la navigation \u00e0 la planification de l&rsquo;itin\u00e9raire.<\/li>\n<li data-sourcepos=\"14:1-14:166\"><strong>Affr\u00e8tement sans \u00e9quipage :<\/strong> Pour les marins exp\u00e9riment\u00e9s qui veulent avoir la libert\u00e9 d&rsquo;explorer \u00e0 leur propre rythme. Vous devez \u00eatre titulaire d&rsquo;un permis de navigation en cours de validit\u00e9 pour louer un bateau sans \u00e9quipage.<\/li>\n<li data-sourcepos=\"15:1-15:214\"><strong>Affr\u00e8tements avec \u00e9quipage :<\/strong> Combinez la libert\u00e9 d&rsquo;un charter sans \u00e9quipage avec le confort et le service d&rsquo;un \u00e9quipage professionnel. Un \u00e9quipage s&rsquo;occupera de la navigation, de la pr\u00e9paration des repas et veillera \u00e0 ce que tous vos besoins soient satisfaits.<\/li>\n<li data-sourcepos=\"16:1-17:0\"><strong>Affr\u00e8tements tout compris :<\/strong> L&rsquo;ultime exp\u00e9rience de navigation sans souci. Tout est pris en charge, des repas aux boissons en passant par les activit\u00e9s et les excursions. Il ne vous reste plus qu&rsquo;\u00e0 vous asseoir, \u00e0 vous d\u00e9tendre et \u00e0 profiter de la balade.<\/li>\n<\/ul>\n<p data-sourcepos=\"18:1-18:48\"><strong>D\u00e9couvrez les diverses r\u00e9gions de navigation de la Croatie :<\/strong><\/p>\n<ul data-sourcepos=\"20:1-24:0\">\n<li data-sourcepos=\"20:1-20:215\"><strong>La c\u00f4te dalmate :<\/strong> La r\u00e9gion de navigation la plus populaire de Croatie, qui offre un magnifique m\u00e9lange de villes historiques, de villages charmants et de criques isol\u00e9es. Explorez Dubrovnik, Split, Hvar, Bra\u010d et les \u00eeles Kornati.<\/li>\n<li data-sourcepos=\"21:1-21:239\"><strong>P\u00e9ninsule d&rsquo;Istrie :<\/strong> D\u00e9couvrez le charme unique de l&rsquo;Istrie, avec ses villes m\u00e9di\u00e9vales perch\u00e9es, son influence v\u00e9nitienne et sa d\u00e9licieuse cuisine locale. Naviguez dans le parc national des \u00eeles Brijuni et explorez l&rsquo;ar\u00e8ne de Pula, un amphith\u00e9\u00e2tre romain.<\/li>\n<li data-sourcepos=\"22:1-22:225\"><strong>Golfe de Kvarner :<\/strong> Croisi\u00e8re dans le golfe de Kvarner, connu pour ses paysages spectaculaires, sa v\u00e9g\u00e9tation luxuriante et ses eaux cristallines. Visitez les \u00eeles de Krk, Rab et Cres, et explorez les charmantes villes d&rsquo;Opatija et de Rijeka.<\/li>\n<li data-sourcepos=\"23:1-24:0\"><strong>Sud de l&rsquo;Adriatique :<\/strong> Naviguez le long de la c\u00f4te sud de l&rsquo;Adriatique, connue pour sa beaut\u00e9 naturelle et son atmosph\u00e8re d\u00e9tendue. Explorez les \u00eeles Elaphiti, le parc national de Mljet et la ville historique de Dubrovnik.<\/li>\n<\/ul>\n<p data-sourcepos=\"25:1-25:36\"><strong>Au-del\u00e0 des paysages \u00e0 couper le souffle :<\/strong><\/p>\n<ul data-sourcepos=\"27:1-30:0\">\n<li data-sourcepos=\"27:1-27:226\"><strong>Plongez dans la riche culture et l&rsquo;histoire de la Croatie :<\/strong> Explorez les ruines anciennes, les villes charmantes et les cit\u00e9s anim\u00e9es. Savourez la d\u00e9licieuse cuisine locale, connue pour ses fruits de mer frais, son huile d&rsquo;olive et ses sp\u00e9cialit\u00e9s r\u00e9gionales.<\/li>\n<li data-sourcepos=\"28:1-28:153\"><strong>Participez \u00e0 des activit\u00e9s nautiques :<\/strong> Nagez, faites de la plong\u00e9e avec masque et tuba, du kayak ou du stand-up paddleboard dans les eaux cristallines de la mer Adriatique.<\/li>\n<li data-sourcepos=\"29:1-30:0\"><strong>D\u00e9couvrez l&rsquo;hospitalit\u00e9 chaleureuse du peuple croate :<\/strong> Les habitants sont connus pour leur nature amicale et accueillante, et vous vous sentirez comme chez vous.<\/li>\n<\/ul>\n<p data-sourcepos=\"31:1-31:63\"><strong>Commencez \u00e0 planifier votre aventure de r\u00eave en Croatie d\u00e8s aujourd&rsquo;hui !<\/strong><\/p>\n\t\t\t\t\t\t\t\t<\/div>\n\t\t\t\t<\/div>\n\t\t\t\t\t<\/div>\n\t\t<\/div>\n\t\t\t\t<div class=\"elementor-column elementor-col-25 elementor-top-column elementor-element elementor-element-3beb6c0b\" data-id=\"3beb6c0b\" data-element_type=\"column\" data-e-type=\"column\">\n\t\t\t<div class=\"elementor-widget-wrap elementor-element-populated\">\n\t\t\t\t\t\t<div class=\"elementor-element elementor-element-397c5332 elementor-widget elementor-widget-template\" data-id=\"397c5332\" data-element_type=\"widget\" data-e-type=\"widget\" data-widget_type=\"template.default\">\n\t\t\t\t<div class=\"elementor-widget-container\">\n\t\t\t\t\t\t\t<div class=\"elementor-template\">\n\t\t\t\t\t<div data-elementor-type=\"section\" data-elementor-id=\"77218\" class=\"elementor elementor-77218 elementor-76339\" data-elementor-post-type=\"elementor_library\">\n\t\t\t\t\t<section class=\"elementor-section elementor-inner-section elementor-element elementor-element-457e679b elementor-section-full_width elementor-section-height-min-height elementor-section-content-middle elementor-section-height-default\" data-id=\"457e679b\" data-element_type=\"section\" data-e-type=\"section\" data-settings=\"{&quot;background_background&quot;:&quot;classic&quot;}\">\n\t\t\t\t\t\t\t<div class=\"elementor-background-overlay\"><\/div>\n\t\t\t\t\t\t\t<div class=\"elementor-container elementor-column-gap-default\">\n\t\t\t\t\t<div class=\"elementor-column elementor-col-100 elementor-inner-column elementor-element elementor-element-33d83c77\" data-id=\"33d83c77\" data-element_type=\"column\" data-e-type=\"column\">\n\t\t\t<div class=\"elementor-widget-wrap elementor-element-populated\">\n\t\t\t\t\t\t<div class=\"elementor-element elementor-element-26c46f13 elementor-widget elementor-widget-text-editor\" data-id=\"26c46f13\" data-element_type=\"widget\" data-e-type=\"widget\" data-widget_type=\"text-editor.default\">\n\t\t\t\t<div class=\"elementor-widget-container\">\n\t\t\t\t\t\t\t\t\t<p style=\"text-align: center;\">A la recherche d&rsquo;un bateau ?<\/p>\n\t\t\t\t\t\t\t\t<\/div>\n\t\t\t\t<\/div>\n\t\t\t\t<div class=\"elementor-element elementor-element-7116d3fc elementor-align-center elementor-widget elementor-widget-button\" data-id=\"7116d3fc\" data-element_type=\"widget\" data-e-type=\"widget\" data-widget_type=\"button.default\">\n\t\t\t\t<div class=\"elementor-widget-container\">\n\t\t\t\t\t\t\t\t\t<div class=\"elementor-button-wrapper\">\n\t\t\t\t\t<a class=\"elementor-button elementor-button-link elementor-size-md\" href=\"https:\/\/skippercity.com\/fr\/obtenez-une-location-de-yacht-de-citation-croatie-2\/\" target=\"_blank\">\n\t\t\t\t\t\t<span class=\"elementor-button-content-wrapper\">\n\t\t\t\t\t\t\t\t\t<span class=\"elementor-button-text\">OBTENEZ UN DEVIS GRATUIT<\/span>\n\t\t\t\t\t<\/span>\n\t\t\t\t\t<\/a>\n\t\t\t\t<\/div>\n\t\t\t\t\t\t\t\t<\/div>\n\t\t\t\t<\/div>\n\t\t\t\t\t<\/div>\n\t\t<\/div>\n\t\t\t\t\t<\/div>\n\t\t<\/section>\n\t\t\t\t<\/div>\n\t\t\t\t<\/div>\n\t\t\t\t\t\t<\/div>\n\t\t\t\t<\/div>\n\t\t\t\t\t<\/div>\n\t\t<\/div>\n\t\t\t\t\t<\/div>\n\t\t<\/section>\n\t\t\t\t<\/div>\n\t\t","protected":false},"excerpt":{"rendered":"<p>Table des mati\u00e8res Naviguer en Croatie, c&rsquo;est amusant ! Laissez-vous inspirer ! Mettez le cap sur l&rsquo;aventure : Des exp\u00e9riences inoubliables vous attendent en Croatie Imaginez-vous glissant sur les eaux turquoise de la mer Adriatique, le soleil r\u00e9chauffant votre visage et les doux embruns de l&rsquo;oc\u00e9an embrumant votre peau. La Croatie, avec ses innombrables \u00eeles, [&hellip;]<\/p>\n","protected":false},"author":2,"featured_media":16220,"parent":0,"menu_order":0,"comment_status":"closed","ping_status":"closed","template":"","meta":{"footnotes":""},"class_list":["post-51957","page","type-page","status-publish","has-post-thumbnail","hentry"],"_links":{"self":[{"href":"https:\/\/skippercity.com\/fr\/wp-json\/wp\/v2\/pages\/51957","targetHints":{"allow":["GET"]}}],"collection":[{"href":"https:\/\/skippercity.com\/fr\/wp-json\/wp\/v2\/pages"}],"about":[{"href":"https:\/\/skippercity.com\/fr\/wp-json\/wp\/v2\/types\/page"}],"author":[{"embeddable":true,"href":"https:\/\/skippercity.com\/fr\/wp-json\/wp\/v2\/users\/2"}],"replies":[{"embeddable":true,"href":"https:\/\/skippercity.com\/fr\/wp-json\/wp\/v2\/comments?post=51957"}],"version-history":[{"count":0,"href":"https:\/\/skippercity.com\/fr\/wp-json\/wp\/v2\/pages\/51957\/revisions"}],"wp:featuredmedia":[{"embeddable":true,"href":"https:\/\/skippercity.com\/fr\/wp-json\/wp\/v2\/media\/16220"}],"wp:attachment":[{"href":"https:\/\/skippercity.com\/fr\/wp-json\/wp\/v2\/media?parent=51957"}],"curies":[{"name":"wp","href":"https:\/\/api.w.org\/{rel}","templated":true}]}}