{"id":52161,"date":"2017-12-02T10:30:31","date_gmt":"2017-12-02T10:30:31","guid":{"rendered":"https:\/\/www.skippercity.com\/frais-de-location-de-yachts\/"},"modified":"2024-02-22T08:13:23","modified_gmt":"2024-02-22T08:13:23","slug":"frais-de-location-de-yachts","status":"publish","type":"page","link":"https:\/\/skippercity.com\/fr\/frais-de-location-de-yachts\/","title":{"rendered":"Frais de location de yachts"},"content":{"rendered":"\t\t<div data-elementor-type=\"wp-page\" data-elementor-id=\"52161\" class=\"elementor elementor-52161 elementor-6005\" data-elementor-post-type=\"page\">\n\t\t\t\t\t\t<section class=\"elementor-section elementor-top-section elementor-element elementor-element-72a141a2 elementor-section-stretched elementor-section-full_width elementor-section-height-min-height elementor-section-height-default elementor-section-items-middle\" data-id=\"72a141a2\" data-element_type=\"section\" data-e-type=\"section\" data-settings=\"{&quot;background_background&quot;:&quot;classic&quot;,&quot;stretch_section&quot;:&quot;section-stretched&quot;}\">\n\t\t\t\t\t\t\t<div class=\"elementor-background-overlay\"><\/div>\n\t\t\t\t\t\t\t<div class=\"elementor-container elementor-column-gap-default\">\n\t\t\t\t\t<div class=\"elementor-column elementor-col-100 elementor-top-column elementor-element elementor-element-2d1ed2d\" data-id=\"2d1ed2d\" data-element_type=\"column\" data-e-type=\"column\">\n\t\t\t<div class=\"elementor-widget-wrap\">\n\t\t\t\t\t\t\t<\/div>\n\t\t<\/div>\n\t\t\t\t\t<\/div>\n\t\t<\/section>\n\t\t\t\t<section class=\"elementor-section elementor-top-section elementor-element elementor-element-7a53a1a2 elementor-section-full_width elementor-section-height-default elementor-section-height-default\" data-id=\"7a53a1a2\" data-element_type=\"section\" data-e-type=\"section\">\n\t\t\t\t\t\t<div class=\"elementor-container elementor-column-gap-default\">\n\t\t\t\t\t<div class=\"elementor-column elementor-col-25 elementor-top-column elementor-element elementor-element-52c15051\" data-id=\"52c15051\" data-element_type=\"column\" data-e-type=\"column\">\n\t\t\t<div class=\"elementor-widget-wrap elementor-element-populated\">\n\t\t\t\t\t\t<div class=\"elementor-element elementor-element-3a99f9df elementor-toc--minimized-on-tablet elementor-widget elementor-widget-table-of-contents\" data-id=\"3a99f9df\" data-element_type=\"widget\" data-e-type=\"widget\" data-settings=\"{&quot;exclude_headings_by_selector&quot;:[],&quot;marker_view&quot;:&quot;bullets&quot;,&quot;headings_by_tags&quot;:[&quot;h2&quot;,&quot;h3&quot;,&quot;h4&quot;,&quot;h5&quot;,&quot;h6&quot;],&quot;icon&quot;:{&quot;value&quot;:&quot;fas fa-circle&quot;,&quot;library&quot;:&quot;fa-solid&quot;,&quot;rendered_tag&quot;:&quot;&lt;svg class=\\&quot;e-font-icon-svg e-fas-circle\\&quot; viewBox=\\&quot;0 0 512 512\\&quot; xmlns=\\&quot;http:\\\/\\\/www.w3.org\\\/2000\\\/svg\\&quot;&gt;&lt;path d=\\&quot;M256 8C119 8 8 119 8 256s111 248 248 248 248-111 248-248S393 8 256 8z\\&quot;&gt;&lt;\\\/path&gt;&lt;\\\/svg&gt;&quot;},&quot;no_headings_message&quot;:&quot;Aucun titre n\\u2019a \\u00e9t\\u00e9 trouv\\u00e9 sur cette page.&quot;,&quot;minimize_box&quot;:&quot;yes&quot;,&quot;minimized_on&quot;:&quot;tablet&quot;,&quot;hierarchical_view&quot;:&quot;yes&quot;,&quot;min_height&quot;:{&quot;unit&quot;:&quot;px&quot;,&quot;size&quot;:&quot;&quot;,&quot;sizes&quot;:[]},&quot;min_height_tablet&quot;:{&quot;unit&quot;:&quot;px&quot;,&quot;size&quot;:&quot;&quot;,&quot;sizes&quot;:[]},&quot;min_height_mobile&quot;:{&quot;unit&quot;:&quot;px&quot;,&quot;size&quot;:&quot;&quot;,&quot;sizes&quot;:[]}}\" data-widget_type=\"table-of-contents.default\">\n\t\t\t\t<div class=\"elementor-widget-container\">\n\t\t\t\t\t\t\t\t\t<div class=\"elementor-toc__header\">\n\t\t\t\t\t\t<h4 class=\"elementor-toc__header-title\">\n\t\t\t\tTable des mati\u00e8res\t\t\t<\/h4>\n\t\t\t\t\t\t\t\t\t\t<div class=\"elementor-toc__toggle-button elementor-toc__toggle-button--expand\" role=\"button\" tabindex=\"0\" aria-controls=\"elementor-toc__3a99f9df\" aria-expanded=\"true\" aria-label=\"Ouvrir la table des mati\u00e8res\"><svg aria-hidden=\"true\" class=\"e-font-icon-svg e-fas-chevron-down\" viewBox=\"0 0 448 512\" xmlns=\"http:\/\/www.w3.org\/2000\/svg\"><path d=\"M207.029 381.476L12.686 187.132c-9.373-9.373-9.373-24.569 0-33.941l22.667-22.667c9.357-9.357 24.522-9.375 33.901-.04L224 284.505l154.745-154.021c9.379-9.335 24.544-9.317 33.901.04l22.667 22.667c9.373 9.373 9.373 24.569 0 33.941L240.971 381.476c-9.373 9.372-24.569 9.372-33.942 0z\"><\/path><\/svg><\/div>\n\t\t\t\t<div class=\"elementor-toc__toggle-button elementor-toc__toggle-button--collapse\" role=\"button\" tabindex=\"0\" aria-controls=\"elementor-toc__3a99f9df\" aria-expanded=\"true\" aria-label=\"Fermer la table des mati\u00e8res\"><svg aria-hidden=\"true\" class=\"e-font-icon-svg e-fas-chevron-up\" viewBox=\"0 0 448 512\" xmlns=\"http:\/\/www.w3.org\/2000\/svg\"><path d=\"M240.971 130.524l194.343 194.343c9.373 9.373 9.373 24.569 0 33.941l-22.667 22.667c-9.357 9.357-24.522 9.375-33.901.04L224 227.495 69.255 381.516c-9.379 9.335-24.544 9.317-33.901-.04l-22.667-22.667c-9.373-9.373-9.373-24.569 0-33.941L207.03 130.525c9.372-9.373 24.568-9.373 33.941-.001z\"><\/path><\/svg><\/div>\n\t\t\t\t\t<\/div>\n\t\t\t\t<div id=\"elementor-toc__3a99f9df\" class=\"elementor-toc__body\">\n\t\t\t<div class=\"elementor-toc__spinner-container\">\n\t\t\t\t<svg class=\"elementor-toc__spinner eicon-animation-spin e-font-icon-svg e-eicon-loading\" aria-hidden=\"true\" viewBox=\"0 0 1000 1000\" xmlns=\"http:\/\/www.w3.org\/2000\/svg\"><path d=\"M500 975V858C696 858 858 696 858 500S696 142 500 142 142 304 142 500H25C25 237 238 25 500 25S975 237 975 500 763 975 500 975Z\"><\/path><\/svg>\t\t\t<\/div>\n\t\t<\/div>\n\t\t\t\t\t\t<\/div>\n\t\t\t\t<\/div>\n\t\t\t\t\t<\/div>\n\t\t<\/div>\n\t\t\t\t<div class=\"elementor-column elementor-col-50 elementor-top-column elementor-element elementor-element-54508ef9\" data-id=\"54508ef9\" data-element_type=\"column\" data-e-type=\"column\">\n\t\t\t<div class=\"elementor-widget-wrap elementor-element-populated\">\n\t\t\t\t\t\t<div class=\"elementor-element elementor-element-4c4bf85e elementor-widget elementor-widget-text-editor\" data-id=\"4c4bf85e\" data-element_type=\"widget\" data-e-type=\"widget\" data-widget_type=\"text-editor.default\">\n\t\t\t\t<div class=\"elementor-widget-container\">\n\t\t\t\t\t\t\t\t\t<h1 data-sourcepos=\"1:1-1:86\">D\u00e9voiler le co\u00fbt de votre location de bateau de r\u00eave en Croatie : Un guide pour tous les budgets<\/h1>\n<p data-sourcepos=\"3:1-3:7\">La Croatie, avec sa superbe c\u00f4te adriatique, ses \u00eeles captivantes et ses villes anim\u00e9es, attire aussi bien les marins que les amateurs de luxe. Et quelle meilleure fa\u00e7on de d\u00e9couvrir sa magie qu&rsquo;en louant un yacht ? Mais avant de prendre la mer, il est essentiel d&rsquo;en comprendre le co\u00fbt. Ce guide pr\u00e9sente les facteurs qui influencent les prix de la location de bateaux en Croatie, afin de vous aider \u00e0 g\u00e9rer votre budget et \u00e0 planifier vos vacances de r\u00eave.<\/p>\n<h2 data-sourcepos=\"5:1-5:36\"><strong>Comprendre l&rsquo;\u00e9ventail des co\u00fbts :<\/strong><\/h2>\n<p data-sourcepos=\"7:1-7:30\">Les co\u00fbts de location de bateaux en Croatie peuvent varier consid\u00e9rablement, allant de <strong>1 000 \u20ac \u00e0 plus de 10 000 \u20ac par semaine<\/strong>. Ce large \u00e9ventail refl\u00e8te plusieurs facteurs cl\u00e9s :<\/p>\n<ul data-sourcepos=\"9:1-10:10\">\n<li data-sourcepos=\"9:1-9:277\"><strong>Type de bateau :<\/strong> La star du spectacle ! Opter pour un <strong>luxueux yacht \u00e0 moteur<\/strong> s&rsquo;accompagne naturellement d&rsquo;un prix plus \u00e9lev\u00e9 qu&rsquo;un <strong>simple voilier<\/strong>. Les yachts \u00e0 moteur co\u00fbtent de <strong>15 000 \u00e0 plus de 100 000 euros par semaine<\/strong>, tandis que les voiliers ne co\u00fbtent que <strong>1 000 euros par semaine<\/strong>.<\/li>\n<li data-sourcepos=\"10:1-10:10\"><strong>Saisonnalit\u00e9 :<\/strong> La haute saison en Croatie<strong>(juin-ao\u00fbt<\/strong>) est marqu\u00e9e par une forte demande, ce qui pousse les prix \u00e0 la hausse. Pensez aux <strong>saisons interm\u00e9diaires (avril-mai et septembre-octobre<\/strong> ) pour b\u00e9n\u00e9ficier d&rsquo;offres potentiellement plus int\u00e9ressantes.<\/li>\n<li data-sourcepos=\"11:1-11:222\"><strong>Taille du bateau et \u00e9quipements :<\/strong> Les grands yachts disposent de plus de cabines, d&rsquo;espace de vie et d&rsquo;\u00e9quipements luxueux, ce qui leur conf\u00e8re naturellement un prix plus \u00e9lev\u00e9. \u00c0 l&rsquo;inverse, les petits yachts offrent une exp\u00e9rience plus intime \u00e0 un prix plus abordable.<\/li>\n<li data-sourcepos=\"12:1-12:116\"><strong>Dur\u00e9e de l&rsquo;affr\u00e8tement :<\/strong> Les affr\u00e8tements hebdomadaires sont la norme, mais les affr\u00e8tements de plus longue dur\u00e9e peuvent donner lieu \u00e0 de l\u00e9g\u00e8res r\u00e9ductions par jour.<\/li>\n<li data-sourcepos=\"13:1-14:0\"><strong>Services suppl\u00e9mentaires :<\/strong> L&#8217;embauche d&rsquo;un <strong>skipper<\/strong> pour la navigation ou d&rsquo;une <strong>h\u00f4tesse<\/strong> pour le service \u00e0 bord augmente le co\u00fbt, qui varie g\u00e9n\u00e9ralement entre <strong>150 et 250 euros par jour<\/strong>.<\/li>\n<\/ul>\n<h2 data-sourcepos=\"15:1-15:25\"><strong>Planifier votre budget :<\/strong><\/h2>\n<p data-sourcepos=\"17:1-17:52\">Pour estimer le co\u00fbt de l&rsquo;affr\u00e8tement, proc\u00e9dez comme suit :<\/p>\n<ol data-sourcepos=\"19:1-19:72\">\n<li data-sourcepos=\"19:1-19:72\"><strong>D\u00e9finissez vos besoins :<\/strong> Combien de personnes seront \u00e0 bord ? Quel niveau de luxe recherchez-vous ? Avez-vous besoin d&rsquo;un skipper ou d&rsquo;une h\u00f4tesse ?<\/li>\n<li data-sourcepos=\"20:1-20:104\"><strong>Choisissez le type et la taille de votre yacht :<\/strong> Recherchez diff\u00e9rentes options en fonction de vos pr\u00e9f\u00e9rences et de votre budget.<\/li>\n<li data-sourcepos=\"21:1-21:124\"><strong>S\u00e9lectionnez la saison et la dur\u00e9e souhait\u00e9es :<\/strong> Tenez compte de la haute saison par rapport aux saisons interm\u00e9diaires et de la dur\u00e9e de votre charter.<\/li>\n<li data-sourcepos=\"22:1-23:0\"><strong>Tenez compte des services suppl\u00e9mentaires :<\/strong> Incluez les co\u00fbts potentiels du skipper, de l&rsquo;h\u00f4tesse, de l&rsquo;avitaillement et des autres services suppl\u00e9mentaires.<\/li>\n<\/ol>\n<h2 data-sourcepos=\"24:1-24:25\"><strong>Au-del\u00e0 de l&rsquo;\u00e9tiquette de prix :<\/strong><\/h2>\n<p data-sourcepos=\"26:1-26:207\">N&rsquo;oubliez pas que le co\u00fbt n&rsquo;est pas le seul facteur \u00e0 prendre en compte. La Croatie offre des exp\u00e9riences vari\u00e9es, de l&rsquo;exploration de criques cach\u00e9es et de villes charmantes aux sports nautiques et aux repas gastronomiques. Tenez compte de ces aspects suppl\u00e9mentaires :<\/p>\n<ul data-sourcepos=\"28:1-29:66\">\n<li data-sourcepos=\"28:1-28:83\"><strong>Destination :<\/strong> Les prix varient selon les r\u00e9gions de la Croatie.<\/li>\n<li data-sourcepos=\"29:1-29:66\"><strong>Frais de carburant et d&rsquo;amarrage :<\/strong> Ces frais peuvent augmenter le co\u00fbt total, il convient donc de se renseigner aupr\u00e8s de la compagnie de location pour plus de clart\u00e9.<\/li>\n<li data-sourcepos=\"30:1-31:0\"><strong>Approvisionnement :<\/strong> D\u00e9cidez si vous souhaitez vous approvisionner vous-m\u00eame ou si vous optez pour des provisions pr\u00e9-stock\u00e9es, ces deux options ayant un impact sur le co\u00fbt.<\/li>\n<\/ul>\n<h2 data-sourcepos=\"32:1-32:44\"><strong>Partir \u00e0 l&rsquo;aventure en Croatie :<\/strong><\/h2>\n<p data-sourcepos=\"34:1-34:301\">En comprenant les facteurs de co\u00fbt et en planifiant m\u00e9ticuleusement, vous pouvez vous embarquer pour une location de bateau m\u00e9morable en Croatie qui correspond \u00e0 votre budget et \u00e0 vos aspirations. Qu&rsquo;il s&rsquo;agisse d&rsquo;une escapade extravagante ou d&rsquo;une aventure en voilier \u00e0 petit budget, les eaux scintillantes de la Croatie offrent d&rsquo;innombrables possibilit\u00e9s.<\/p>\n<p data-sourcepos=\"36:1-36:204\"><strong>Conseil bonus :<\/strong> Comparez les prix, les caract\u00e9ristiques et la disponibilit\u00e9 des diff\u00e9rents fournisseurs. Cela vous permet de trouver le yacht id\u00e9al pour votre escapade croate de r\u00eave.<\/p>\n<p data-sourcepos=\"38:1-38:187\"><strong>Mots cl\u00e9s :<\/strong> Location de bateaux en Croatie, co\u00fbt de la location de bateaux, voile en Croatie, location de bateaux en Croatie, budget de la location de bateaux en Croatie, location de bateaux de luxe en Croatie, planification de la location de bateaux en Croatie.<\/p>C\t\t\t\t\t\t\t\t<\/div>\n\t\t\t\t<\/div>\n\t\t\t\t\t<\/div>\n\t\t<\/div>\n\t\t\t\t<div class=\"elementor-column elementor-col-25 elementor-top-column elementor-element elementor-element-317065af\" data-id=\"317065af\" data-element_type=\"column\" data-e-type=\"column\">\n\t\t\t<div class=\"elementor-widget-wrap elementor-element-populated\">\n\t\t\t\t\t\t<div class=\"elementor-element elementor-element-38fa3f4f elementor-widget elementor-widget-template\" data-id=\"38fa3f4f\" data-element_type=\"widget\" data-e-type=\"widget\" data-widget_type=\"template.default\">\n\t\t\t\t<div class=\"elementor-widget-container\">\n\t\t\t\t\t\t\t<div class=\"elementor-template\">\n\t\t\t\t\t<div data-elementor-type=\"section\" data-elementor-id=\"77218\" class=\"elementor elementor-77218 elementor-76339\" data-elementor-post-type=\"elementor_library\">\n\t\t\t\t\t<section class=\"elementor-section elementor-inner-section elementor-element elementor-element-457e679b elementor-section-full_width elementor-section-height-min-height elementor-section-content-middle elementor-section-height-default\" data-id=\"457e679b\" data-element_type=\"section\" data-e-type=\"section\" data-settings=\"{&quot;background_background&quot;:&quot;classic&quot;}\">\n\t\t\t\t\t\t\t<div class=\"elementor-background-overlay\"><\/div>\n\t\t\t\t\t\t\t<div class=\"elementor-container elementor-column-gap-default\">\n\t\t\t\t\t<div class=\"elementor-column elementor-col-100 elementor-inner-column elementor-element elementor-element-33d83c77\" data-id=\"33d83c77\" data-element_type=\"column\" data-e-type=\"column\">\n\t\t\t<div class=\"elementor-widget-wrap elementor-element-populated\">\n\t\t\t\t\t\t<div class=\"elementor-element elementor-element-26c46f13 elementor-widget elementor-widget-text-editor\" data-id=\"26c46f13\" data-element_type=\"widget\" data-e-type=\"widget\" data-widget_type=\"text-editor.default\">\n\t\t\t\t<div class=\"elementor-widget-container\">\n\t\t\t\t\t\t\t\t\t<p style=\"text-align: center;\">A la recherche d&rsquo;un bateau ?<\/p>\n\t\t\t\t\t\t\t\t<\/div>\n\t\t\t\t<\/div>\n\t\t\t\t<div class=\"elementor-element elementor-element-7116d3fc elementor-align-center elementor-widget elementor-widget-button\" data-id=\"7116d3fc\" data-element_type=\"widget\" data-e-type=\"widget\" data-widget_type=\"button.default\">\n\t\t\t\t<div class=\"elementor-widget-container\">\n\t\t\t\t\t\t\t\t\t<div class=\"elementor-button-wrapper\">\n\t\t\t\t\t<a class=\"elementor-button elementor-button-link elementor-size-md\" href=\"https:\/\/skippercity.com\/fr\/obtenez-une-location-de-yacht-de-citation-croatie-2\/\" target=\"_blank\">\n\t\t\t\t\t\t<span class=\"elementor-button-content-wrapper\">\n\t\t\t\t\t\t\t\t\t<span class=\"elementor-button-text\">OBTENEZ UN DEVIS GRATUIT<\/span>\n\t\t\t\t\t<\/span>\n\t\t\t\t\t<\/a>\n\t\t\t\t<\/div>\n\t\t\t\t\t\t\t\t<\/div>\n\t\t\t\t<\/div>\n\t\t\t\t\t<\/div>\n\t\t<\/div>\n\t\t\t\t\t<\/div>\n\t\t<\/section>\n\t\t\t\t<\/div>\n\t\t\t\t<\/div>\n\t\t\t\t\t\t<\/div>\n\t\t\t\t<\/div>\n\t\t\t\t\t<\/div>\n\t\t<\/div>\n\t\t\t\t\t<\/div>\n\t\t<\/section>\n\t\t\t\t<\/div>\n\t\t","protected":false},"excerpt":{"rendered":"<p>Table des mati\u00e8res D\u00e9voiler le co\u00fbt de votre location de bateau de r\u00eave en Croatie : Un guide pour tous les budgets La Croatie, avec sa superbe c\u00f4te adriatique, ses \u00eeles captivantes et ses villes anim\u00e9es, attire aussi bien les marins que les amateurs de luxe. Et quelle meilleure fa\u00e7on de d\u00e9couvrir sa magie qu&rsquo;en [&hellip;]<\/p>\n","protected":false},"author":2,"featured_media":16220,"parent":0,"menu_order":0,"comment_status":"closed","ping_status":"closed","template":"","meta":{"footnotes":""},"class_list":["post-52161","page","type-page","status-publish","has-post-thumbnail","hentry"],"_links":{"self":[{"href":"https:\/\/skippercity.com\/fr\/wp-json\/wp\/v2\/pages\/52161","targetHints":{"allow":["GET"]}}],"collection":[{"href":"https:\/\/skippercity.com\/fr\/wp-json\/wp\/v2\/pages"}],"about":[{"href":"https:\/\/skippercity.com\/fr\/wp-json\/wp\/v2\/types\/page"}],"author":[{"embeddable":true,"href":"https:\/\/skippercity.com\/fr\/wp-json\/wp\/v2\/users\/2"}],"replies":[{"embeddable":true,"href":"https:\/\/skippercity.com\/fr\/wp-json\/wp\/v2\/comments?post=52161"}],"version-history":[{"count":0,"href":"https:\/\/skippercity.com\/fr\/wp-json\/wp\/v2\/pages\/52161\/revisions"}],"wp:featuredmedia":[{"embeddable":true,"href":"https:\/\/skippercity.com\/fr\/wp-json\/wp\/v2\/media\/16220"}],"wp:attachment":[{"href":"https:\/\/skippercity.com\/fr\/wp-json\/wp\/v2\/media?parent=52161"}],"curies":[{"name":"wp","href":"https:\/\/api.w.org\/{rel}","templated":true}]}}