{"id":52606,"date":"2020-06-19T07:35:18","date_gmt":"2020-06-19T07:35:18","guid":{"rendered":"https:\/\/www.skippercity.com\/obtenez-une-location-de-yacht-de-citation-croatie\/"},"modified":"2020-07-05T12:13:15","modified_gmt":"2020-07-05T12:13:15","slug":"obtenez-une-location-de-yacht-de-citation-croatie","status":"publish","type":"page","link":"https:\/\/skippercity.com\/fr\/obtenez-une-location-de-yacht-de-citation-croatie\/","title":{"rendered":"Obtenez une location de yacht de citation Croatie"},"content":{"rendered":"\t\t<div data-elementor-type=\"wp-page\" data-elementor-id=\"52606\" class=\"elementor elementor-52606\" data-elementor-post-type=\"page\">\n\t\t\t\t\t\t<section class=\"elementor-section elementor-top-section elementor-element elementor-element-7dafafdc elementor-section-stretched elementor-section-full_width elementor-section-height-default elementor-section-height-default\" data-id=\"7dafafdc\" data-element_type=\"section\" data-e-type=\"section\" data-settings=\"{&quot;background_background&quot;:&quot;classic&quot;,&quot;stretch_section&quot;:&quot;section-stretched&quot;}\">\n\t\t\t\t\t\t\t<div class=\"elementor-background-overlay\"><\/div>\n\t\t\t\t\t\t\t<div class=\"elementor-container elementor-column-gap-default\">\n\t\t\t\t\t<div class=\"elementor-column elementor-col-33 elementor-top-column elementor-element elementor-element-6e247e20\" data-id=\"6e247e20\" data-element_type=\"column\" data-e-type=\"column\">\n\t\t\t<div class=\"elementor-widget-wrap\">\n\t\t\t\t\t\t\t<\/div>\n\t\t<\/div>\n\t\t\t\t<div class=\"elementor-column elementor-col-33 elementor-top-column elementor-element elementor-element-11157671\" data-id=\"11157671\" data-element_type=\"column\" data-e-type=\"column\">\n\t\t\t<div class=\"elementor-widget-wrap elementor-element-populated\">\n\t\t\t\t\t\t<div class=\"elementor-element elementor-element-77f3511 elementor-widget elementor-widget-heading\" data-id=\"77f3511\" data-element_type=\"widget\" data-e-type=\"widget\" data-widget_type=\"heading.default\">\n\t\t\t\t<div class=\"elementor-widget-container\">\n\t\t\t\t\t<h3 class=\"elementor-heading-title elementor-size-default\">C\u2019est le moyen le plus simple pour vous<\/h3>\t\t\t\t<\/div>\n\t\t\t\t<\/div>\n\t\t\t\t<div class=\"elementor-element elementor-element-65a78a74 elementor-widget-divider--view-line elementor-widget elementor-widget-divider\" data-id=\"65a78a74\" data-element_type=\"widget\" data-e-type=\"widget\" data-widget_type=\"divider.default\">\n\t\t\t\t<div class=\"elementor-widget-container\">\n\t\t\t\t\t\t\t<div class=\"elementor-divider\">\n\t\t\t<span class=\"elementor-divider-separator\">\n\t\t\t\t\t\t<\/span>\n\t\t<\/div>\n\t\t\t\t\t\t<\/div>\n\t\t\t\t<\/div>\n\t\t\t\t<div class=\"elementor-element elementor-element-59f6492 elementor-widget elementor-widget-heading\" data-id=\"59f6492\" data-element_type=\"widget\" data-e-type=\"widget\" data-widget_type=\"heading.default\">\n\t\t\t\t<div class=\"elementor-widget-container\">\n\t\t\t\t\t<h1 class=\"elementor-heading-title elementor-size-default\">remplir le formulaire ci-dessous <\/h1>\t\t\t\t<\/div>\n\t\t\t\t<\/div>\n\t\t\t\t<div class=\"elementor-element elementor-element-9b25f58 elementor-widget elementor-widget-heading\" data-id=\"9b25f58\" data-element_type=\"widget\" data-e-type=\"widget\" data-widget_type=\"heading.default\">\n\t\t\t\t<div class=\"elementor-widget-container\">\n\t\t\t\t\t<h3 class=\"elementor-heading-title elementor-size-default\">Et obtenir:<\/h3>\t\t\t\t<\/div>\n\t\t\t\t<\/div>\n\t\t\t\t<div class=\"elementor-element elementor-element-4560646 elementor-headline--style-rotate elementor-widget elementor-widget-animated-headline\" data-id=\"4560646\" data-element_type=\"widget\" data-e-type=\"widget\" data-settings=\"{&quot;headline_style&quot;:&quot;rotate&quot;,&quot;animation_type&quot;:&quot;clip&quot;,&quot;rotating_text&quot;:&quot;Tous les bateaux disponibles\\nplus d\\u2019infos sur la fa\\u00e7on de \\ngestionnaire d\\u00e9di\\u00e9 pour vous aider &quot;,&quot;loop&quot;:&quot;yes&quot;,&quot;rotate_iteration_delay&quot;:2500}\" data-widget_type=\"animated-headline.default\">\n\t\t\t\t<div class=\"elementor-widget-container\">\n\t\t\t\t\t\t\t<h3 class=\"elementor-headline elementor-headline-animation-type-clip\">\n\t\t\t\t<span class=\"elementor-headline-dynamic-wrapper elementor-headline-text-wrapper\">\n\t\t\t\t\t<span class=\"elementor-headline-dynamic-text elementor-headline-text-active\">\n\t\t\t\tTous&nbsp;les&nbsp;bateaux&nbsp;disponibles\t\t\t<\/span>\n\t\t\t\t\t<span class=\"elementor-headline-dynamic-text\">\n\t\t\t\tplus&nbsp;d\u2019infos&nbsp;sur&nbsp;la&nbsp;fa\u00e7on&nbsp;de&nbsp;\t\t\t<\/span>\n\t\t\t\t\t<span class=\"elementor-headline-dynamic-text\">\n\t\t\t\tgestionnaire&nbsp;d\u00e9di\u00e9&nbsp;pour&nbsp;vous&nbsp;aider&nbsp;\t\t\t<\/span>\n\t\t\t\t\t\t<\/span>\n\t\t\t\t<\/h3>\n\t\t\t\t\t\t<\/div>\n\t\t\t\t<\/div>\n\t\t\t\t\t<\/div>\n\t\t<\/div>\n\t\t\t\t<div class=\"elementor-column elementor-col-33 elementor-top-column elementor-element elementor-element-23cedabe\" data-id=\"23cedabe\" data-element_type=\"column\" data-e-type=\"column\">\n\t\t\t<div class=\"elementor-widget-wrap\">\n\t\t\t\t\t\t\t<\/div>\n\t\t<\/div>\n\t\t\t\t\t<\/div>\n\t\t<\/section>\n\t\t\t\t<section class=\"elementor-section elementor-top-section elementor-element elementor-element-1e78b95d elementor-section-boxed elementor-section-height-default elementor-section-height-default\" data-id=\"1e78b95d\" data-element_type=\"section\" data-e-type=\"section\">\n\t\t\t\t\t\t<div class=\"elementor-container elementor-column-gap-default\">\n\t\t\t\t\t<div class=\"elementor-column elementor-col-100 elementor-top-column elementor-element elementor-element-1193442d\" data-id=\"1193442d\" data-element_type=\"column\" data-e-type=\"column\">\n\t\t\t<div class=\"elementor-widget-wrap elementor-element-populated\">\n\t\t\t\t\t\t<div class=\"elementor-element elementor-element-56d2ab0f elementor-widget elementor-widget-text-editor\" data-id=\"56d2ab0f\" data-element_type=\"widget\" data-e-type=\"widget\" data-widget_type=\"text-editor.default\">\n\t\t\t\t<div class=\"elementor-widget-container\">\n\t\t\t\t\t\t\t\t\t<h2 data-fontsize=\"26\" data-lineheight=\"52\">Laissez-nous vous trouver le meilleur bateau \u00e0 affr\u00e9ter en Croatie<\/h2>\n<div> <\/div>\n<p>Nous pouvons v\u00e9rifier toutes les disponibilit\u00e9s de yacht charter en Croatie pour vous et envoyer des offres \u00e0 votre e-mail.<\/p>\n<p>Il suffit de remplir le formulaire ci-dessous et vous obtiendrez les meilleures offres de bateau d\u00e8s que possible.<\/p>\n<h2>C\u2019est le moyen le plus simple pour vous.<\/h2>\n<p>Vos donn\u00e9es sont s\u00fbres et s\u00e9curis\u00e9es et ne seront pas utilis\u00e9es \u00e0 d\u2019autres fins.<\/p>\n<p>[contact-form-7 id=\u00a0\u00bb4100&Prime; title=\u00a0\u00bbGet a Quote\u00a0\u00bb]<\/p>\n\t\t\t\t\t\t\t\t<\/div>\n\t\t\t\t<\/div>\n\t\t\t\t\t<\/div>\n\t\t<\/div>\n\t\t\t\t\t<\/div>\n\t\t<\/section>\n\t\t\t\t<\/div>\n\t\t","protected":false},"excerpt":{"rendered":"<p>C\u2019est le moyen le plus simple pour vous remplir le formulaire ci-dessous Et obtenir: Laissez-nous vous trouver le meilleur bateau \u00e0 affr\u00e9ter en Croatie Nous pouvons v\u00e9rifier toutes les disponibilit\u00e9s de yacht charter en Croatie pour vous et envoyer des offres \u00e0 votre e-mail. Il suffit de remplir le formulaire ci-dessous et vous obtiendrez les [&hellip;]<\/p>\n","protected":false},"author":2,"featured_media":408270,"parent":0,"menu_order":0,"comment_status":"closed","ping_status":"closed","template":"","meta":{"footnotes":""},"class_list":["post-52606","page","type-page","status-publish","has-post-thumbnail","hentry"],"_links":{"self":[{"href":"https:\/\/skippercity.com\/fr\/wp-json\/wp\/v2\/pages\/52606","targetHints":{"allow":["GET"]}}],"collection":[{"href":"https:\/\/skippercity.com\/fr\/wp-json\/wp\/v2\/pages"}],"about":[{"href":"https:\/\/skippercity.com\/fr\/wp-json\/wp\/v2\/types\/page"}],"author":[{"embeddable":true,"href":"https:\/\/skippercity.com\/fr\/wp-json\/wp\/v2\/users\/2"}],"replies":[{"embeddable":true,"href":"https:\/\/skippercity.com\/fr\/wp-json\/wp\/v2\/comments?post=52606"}],"version-history":[{"count":0,"href":"https:\/\/skippercity.com\/fr\/wp-json\/wp\/v2\/pages\/52606\/revisions"}],"wp:featuredmedia":[{"embeddable":true,"href":"https:\/\/skippercity.com\/fr\/wp-json\/wp\/v2\/media\/408270"}],"wp:attachment":[{"href":"https:\/\/skippercity.com\/fr\/wp-json\/wp\/v2\/media?parent=52606"}],"curies":[{"name":"wp","href":"https:\/\/api.w.org\/{rel}","templated":true}]}}