{"id":52680,"date":"2017-11-15T22:25:11","date_gmt":"2017-11-15T22:25:11","guid":{"rendered":"https:\/\/www.skippercity.com\/contactez-nous\/"},"modified":"2025-03-22T22:25:07","modified_gmt":"2025-03-22T22:25:07","slug":"contactez-nous","status":"publish","type":"page","link":"https:\/\/skippercity.com\/fr\/contactez-nous\/","title":{"rendered":"Contactez-nous"},"content":{"rendered":"\t\t<div data-elementor-type=\"wp-page\" data-elementor-id=\"52680\" class=\"elementor elementor-52680 elementor-1503\" data-elementor-post-type=\"page\">\n\t\t\t\t<div class=\"elementor-element elementor-element-5ee8829a e-con-full e-flex e-con e-parent\" data-id=\"5ee8829a\" data-element_type=\"container\" data-e-type=\"container\" data-settings=\"{&quot;background_background&quot;:&quot;classic&quot;}\">\n\t\t\t\t<div class=\"elementor-element elementor-element-29972400 elementor-widget elementor-widget-heading\" data-id=\"29972400\" data-element_type=\"widget\" data-e-type=\"widget\" data-widget_type=\"heading.default\">\n\t\t\t\t<div class=\"elementor-widget-container\">\n\t\t\t\t\t<h1 class=\"elementor-heading-title elementor-size-default\">Contactez SkipperCity - Vos experts en location de bateaux en Croatie<\/h1>\t\t\t\t<\/div>\n\t\t\t\t<\/div>\n\t\t\t\t<\/div>\n\t\t<div class=\"elementor-element elementor-element-894d52f e-con-full e-flex e-con e-parent\" data-id=\"894d52f\" data-element_type=\"container\" data-e-type=\"container\">\n\t\t<div class=\"elementor-element elementor-element-382053af e-con-full e-flex e-con e-child\" data-id=\"382053af\" data-element_type=\"container\" data-e-type=\"container\">\n\t\t\t\t<div class=\"elementor-element elementor-element-5e2d7f0c elementor-widget-divider--view-line elementor-widget elementor-widget-divider\" data-id=\"5e2d7f0c\" data-element_type=\"widget\" data-e-type=\"widget\" data-widget_type=\"divider.default\">\n\t\t\t\t<div class=\"elementor-widget-container\">\n\t\t\t\t\t\t\t<div class=\"elementor-divider\">\n\t\t\t<span class=\"elementor-divider-separator\">\n\t\t\t\t\t\t<\/span>\n\t\t<\/div>\n\t\t\t\t\t\t<\/div>\n\t\t\t\t<\/div>\n\t\t\t\t<\/div>\n\t\t\t\t<\/div>\n\t\t<div class=\"elementor-element elementor-element-79de9934 e-con-full e-flex e-con e-parent\" data-id=\"79de9934\" data-element_type=\"container\" data-e-type=\"container\">\n\t\t<div class=\"elementor-element elementor-element-9241096 e-con-full e-flex e-con e-child\" data-id=\"9241096\" data-element_type=\"container\" data-e-type=\"container\">\n\t\t\t\t<div class=\"elementor-element elementor-element-a2c8bc7 elementor-widget elementor-widget-text-editor\" data-id=\"a2c8bc7\" data-element_type=\"widget\" data-e-type=\"widget\" data-widget_type=\"text-editor.default\">\n\t\t\t\t<div class=\"elementor-widget-container\">\n\t\t\t\t\t\t\t\t\t<p data-pm-slice=\"1 1 []\">Chez SkipperCity, nous sommes sp\u00e9cialis\u00e9s dans la cr\u00e9ation d&rsquo;exp\u00e9riences inoubliables de location de bateaux en Croatie. Que vous soyez pr\u00eat \u00e0 prendre la mer ou que vous ayez simplement des questions, notre \u00e9quipe d\u00e9vou\u00e9e est l\u00e0 pour vous aider \u00e0 chaque \u00e9tape. <\/p>\n<p>Nous croyons en un service personnalis\u00e9, des r\u00e9ponses rapides et des connaissances d&rsquo;experts pour rendre votre aventure en mer fluide et sans stress.<\/p>\n<div>\n<hr>\n<\/div>\n<h2><strong>Prenez contact avec nous<\/strong><\/h2>\n<p>N&rsquo;h\u00e9sitez pas \u00e0 nous contacter ! Utilisez le formulaire de contact ci-dessous ou contactez-nous directement par courrier \u00e9lectronique ou par t\u00e9l\u00e9phone. <\/p>\n<ul data-spread=\"false\">\n<li>\n<p><strong>Adresse du bureau :<\/strong> SkipperCity.com, Blackbird One Ltd, 5 Secretary&rsquo;s Lane, Gibraltar GX11 1AA<\/p>\n<\/li>\n<li>\n<p><strong>T\u00e9l\u00e9phone : +386 40 873 520<\/strong> +386 40 873 520<\/p>\n<\/li>\n<li>\n<p><strong>Courriel :<\/strong> <a>info@skippercity.com<\/a><\/p>\n<\/li>\n<\/ul>\n<p><strong>Heures d&rsquo;ouverture :<\/strong><\/p>\n<ul data-spread=\"false\">\n<li>\n<p>Du lundi au vendredi : 9h00 &#8211; 18h00 (CET)<\/p>\n<\/li>\n<\/ul>\n<div>\n<hr>\n<\/div>\n<h2><strong>Pourquoi choisir SkipperCity ?<\/strong><\/h2>\n<ul data-spread=\"false\">\n<li>\n<p>Plus de 10 ans d&rsquo;exp\u00e9rience dans la location de bateaux en Croatie<\/p>\n<\/li>\n<li>\n<p>Yachts, catamarans et voiliers de luxe disponibles<\/p>\n<\/li>\n<li>\n<p>Itin\u00e9raires de navigation personnalis\u00e9s avec l&rsquo;expertise locale<\/p>\n<\/li>\n<li>\n<p>Une \u00e9quipe d&rsquo;assistance \u00e0 la client\u00e8le d\u00e9di\u00e9e<\/p>\n<\/li>\n<\/ul>\n<div>\n<hr>\n<\/div>\n<h2>Informations g\u00e9n\u00e9rales sur l&rsquo;entreprise<\/h2>\n<p><strong>Nom de l&rsquo;entreprise :<\/strong> Blackbird One Ltd.<\/p>\n<p><strong>Si\u00e8ge social :<\/strong> 5 Secretary&rsquo;s Lane, Gibraltar GX11 1AA<\/p>\n<p><strong>Num\u00e9ro d&rsquo;entreprise :<\/strong> 114712<\/p>\n<p><strong>Num\u00e9ro de TVA :<\/strong> GI665887<\/p>\n<p><strong>Type de soci\u00e9t\u00e9 :<\/strong> Soci\u00e9t\u00e9 priv\u00e9e \u00e0 responsabilit\u00e9 limit\u00e9e par actions<\/p>\n<p><strong>Date d&rsquo;incorporation :<\/strong> Mercredi 3 ao\u00fbt 2016<\/p>\n<p><strong>Code d&rsquo;entit\u00e9 universel :<\/strong> 1218-0731-6129-3170<\/p>\n<hr class=\"\" data-start=\"1818\" data-end=\"1821\">\n\t\t\t\t\t\t\t\t<\/div>\n\t\t\t\t<\/div>\n\t\t\t\t<div class=\"elementor-element elementor-element-1eacc25 elementor-widget elementor-widget-text-editor\" data-id=\"1eacc25\" data-element_type=\"widget\" data-e-type=\"widget\" data-widget_type=\"text-editor.default\">\n\t\t\t\t<div class=\"elementor-widget-container\">\n\t\t\t\t\t\t\t\t\t<h2>Voici un moyen facile de nous contacter<\/h2>\n<p>Remplissez le formulaire ci-dessous et nous vous r\u00e9pondrons dans les plus brefs d\u00e9lais.<\/p>\n<p><em data-start=\"1097\" data-end=\"1136\">Nous r\u00e9pondons g\u00e9n\u00e9ralement dans les 24 heures.<\/em><\/p>\n\t\t\t\t\t\t\t\t<\/div>\n\t\t\t\t<\/div>\n\t\t\t\t<div class=\"elementor-element elementor-element-edcfc63 elementor-button-align-end elementor-widget elementor-widget-form\" data-id=\"edcfc63\" data-element_type=\"widget\" data-e-type=\"widget\" data-settings=\"{&quot;step_next_label&quot;:&quot;Suivant&quot;,&quot;step_previous_label&quot;:&quot;Pr\\u00e9c\\u00e9dent&quot;,&quot;button_width&quot;:&quot;100&quot;,&quot;step_type&quot;:&quot;number_text&quot;,&quot;step_icon_shape&quot;:&quot;circle&quot;}\" data-widget_type=\"form.default\">\n\t\t\t\t<div class=\"elementor-widget-container\">\n\t\t\t\t\t\t\t<form class=\"elementor-form\" method=\"post\" name=\"Contactez-nous page\" aria-label=\"Contactez-nous page\">\n\t\t\t<input type=\"hidden\" name=\"post_id\" value=\"52680\"\/>\n\t\t\t<input type=\"hidden\" name=\"form_id\" value=\"edcfc63\"\/>\n\t\t\t<input type=\"hidden\" name=\"referer_title\" value=\"Contactez SkipperCity | Expert en location de bateaux en Croatie\" \/>\n\n\t\t\t\t\t\t\t<input type=\"hidden\" name=\"queried_id\" value=\"52680\"\/>\n\t\t\t\n\t\t\t<div class=\"elementor-form-fields-wrapper elementor-labels-above\">\n\t\t\t\t\t\t\t\t<div class=\"elementor-field-type-text elementor-field-group elementor-column elementor-field-group-name elementor-col-50 elementor-field-required elementor-mark-required\">\n\t\t\t\t\t\t\t\t\t\t\t\t\t<input size=\"1\" type=\"text\" name=\"form_fields[name]\" id=\"form-field-name\" class=\"elementor-field elementor-size-md  elementor-field-textual\" placeholder=\"Votre nom complet\" required=\"required\">\n\t\t\t\t\t\t\t\t\t\t\t<\/div>\n\t\t\t\t\t\t\t\t<div class=\"elementor-field-type-email elementor-field-group elementor-column elementor-field-group-email elementor-col-50 elementor-field-required elementor-mark-required\">\n\t\t\t\t\t\t\t\t\t\t\t\t\t<input size=\"1\" type=\"email\" name=\"form_fields[email]\" id=\"form-field-email\" class=\"elementor-field elementor-size-md  elementor-field-textual\" placeholder=\"Votre e-mail\" required=\"required\">\n\t\t\t\t\t\t\t\t\t\t\t<\/div>\n\t\t\t\t\t\t\t\t<div class=\"elementor-field-type-textarea elementor-field-group elementor-column elementor-field-group-message elementor-col-100 elementor-field-required elementor-mark-required\">\n\t\t\t\t\t<textarea class=\"elementor-field-textual elementor-field  elementor-size-md\" name=\"form_fields[message]\" id=\"form-field-message\" rows=\"4\" placeholder=\"Comment pouvons-nous vous aider?\" required=\"required\"><\/textarea>\t\t\t\t<\/div>\n\t\t\t\t\t\t\t\t<div class=\"elementor-field-type-recaptcha_v3 elementor-field-group elementor-column elementor-field-group-field_5be8171 elementor-col-100 recaptcha_v3-bottomright\">\n\t\t\t\t\t<div class=\"elementor-field\" id=\"form-field-field_5be8171\"><div class=\"elementor-g-recaptcha\" data-sitekey=\"6LfHt6kZAAAAANj-dshT1u2Pnh9JOR8ReW8dzxG1\" data-type=\"v3\" data-action=\"Form\" data-badge=\"bottomright\" data-size=\"invisible\"><\/div><\/div>\t\t\t\t<\/div>\n\t\t\t\t\t\t\t\t<div class=\"elementor-field-group elementor-column elementor-field-type-submit elementor-col-100 e-form__buttons\">\n\t\t\t\t\t<button class=\"elementor-button elementor-size-sm\" type=\"submit\">\n\t\t\t\t\t\t<span class=\"elementor-button-content-wrapper\">\n\t\t\t\t\t\t\t\t\t\t\t\t\t\t\t\t\t\t\t\t\t\t<span class=\"elementor-button-text\">Envoyer<\/span>\n\t\t\t\t\t\t\t\t\t\t\t\t\t<\/span>\n\t\t\t\t\t<\/button>\n\t\t\t\t<\/div>\n\t\t\t<\/div>\n\t\t<\/form>\n\t\t\t\t\t\t<\/div>\n\t\t\t\t<\/div>\n\t\t\t\t<\/div>\n\t\t<div class=\"elementor-element elementor-element-7ae4eb58 e-con-full e-flex e-con e-child\" data-id=\"7ae4eb58\" data-element_type=\"container\" data-e-type=\"container\">\n\t\t\t\t<div class=\"elementor-element elementor-element-3ef887c6 elementor-widget elementor-widget-template\" data-id=\"3ef887c6\" data-element_type=\"widget\" data-e-type=\"widget\" data-widget_type=\"template.default\">\n\t\t\t\t<div class=\"elementor-widget-container\">\n\t\t\t\t\t\t\t<div class=\"elementor-template\">\n\t\t\t\t\t<div data-elementor-type=\"section\" data-elementor-id=\"77218\" class=\"elementor elementor-77218 elementor-76339\" data-elementor-post-type=\"elementor_library\">\n\t\t\t\t\t<section class=\"elementor-section elementor-inner-section elementor-element elementor-element-457e679b elementor-section-full_width elementor-section-height-min-height elementor-section-content-middle elementor-section-height-default\" data-id=\"457e679b\" data-element_type=\"section\" data-e-type=\"section\" data-settings=\"{&quot;background_background&quot;:&quot;classic&quot;}\">\n\t\t\t\t\t\t\t<div class=\"elementor-background-overlay\"><\/div>\n\t\t\t\t\t\t\t<div class=\"elementor-container elementor-column-gap-default\">\n\t\t\t\t\t<div class=\"elementor-column elementor-col-100 elementor-inner-column elementor-element elementor-element-33d83c77\" data-id=\"33d83c77\" data-element_type=\"column\" data-e-type=\"column\">\n\t\t\t<div class=\"elementor-widget-wrap elementor-element-populated\">\n\t\t\t\t\t\t<div class=\"elementor-element elementor-element-26c46f13 elementor-widget elementor-widget-text-editor\" data-id=\"26c46f13\" data-element_type=\"widget\" data-e-type=\"widget\" data-widget_type=\"text-editor.default\">\n\t\t\t\t<div class=\"elementor-widget-container\">\n\t\t\t\t\t\t\t\t\t<p style=\"text-align: center;\">A la recherche d&rsquo;un bateau ?<\/p>\n\t\t\t\t\t\t\t\t<\/div>\n\t\t\t\t<\/div>\n\t\t\t\t<div class=\"elementor-element elementor-element-7116d3fc elementor-align-center elementor-widget elementor-widget-button\" data-id=\"7116d3fc\" data-element_type=\"widget\" data-e-type=\"widget\" data-widget_type=\"button.default\">\n\t\t\t\t<div class=\"elementor-widget-container\">\n\t\t\t\t\t\t\t\t\t<div class=\"elementor-button-wrapper\">\n\t\t\t\t\t<a class=\"elementor-button elementor-button-link elementor-size-md\" href=\"https:\/\/skippercity.com\/fr\/obtenez-une-location-de-yacht-de-citation-croatie-2\/\" target=\"_blank\">\n\t\t\t\t\t\t<span class=\"elementor-button-content-wrapper\">\n\t\t\t\t\t\t\t\t\t<span class=\"elementor-button-text\">OBTENEZ UN DEVIS GRATUIT<\/span>\n\t\t\t\t\t<\/span>\n\t\t\t\t\t<\/a>\n\t\t\t\t<\/div>\n\t\t\t\t\t\t\t\t<\/div>\n\t\t\t\t<\/div>\n\t\t\t\t\t<\/div>\n\t\t<\/div>\n\t\t\t\t\t<\/div>\n\t\t<\/section>\n\t\t\t\t<\/div>\n\t\t\t\t<\/div>\n\t\t\t\t\t\t<\/div>\n\t\t\t\t<\/div>\n\t\t\t\t<\/div>\n\t\t\t\t<\/div>\n\t\t\t\t<\/div>\n\t\t","protected":false},"excerpt":{"rendered":"<p>SkipperCity est votre partenaire de confiance pour des locations de bateaux inoubliables en Croatie. Avec une d\u00e9cennie d&rsquo;exp\u00e9rience, un service client exceptionnel et des itin\u00e9raires de navigation personnalis\u00e9s, nous sommes l\u00e0 pour vous aider \u00e0 cr\u00e9er vos vacances \u00e0 la voile parfaites le long de la magnifique c\u00f4te adriatique. <\/p>\n","protected":false},"author":2,"featured_media":16220,"parent":0,"menu_order":0,"comment_status":"closed","ping_status":"closed","template":"","meta":{"footnotes":""},"class_list":["post-52680","page","type-page","status-publish","has-post-thumbnail","hentry"],"_links":{"self":[{"href":"https:\/\/skippercity.com\/fr\/wp-json\/wp\/v2\/pages\/52680","targetHints":{"allow":["GET"]}}],"collection":[{"href":"https:\/\/skippercity.com\/fr\/wp-json\/wp\/v2\/pages"}],"about":[{"href":"https:\/\/skippercity.com\/fr\/wp-json\/wp\/v2\/types\/page"}],"author":[{"embeddable":true,"href":"https:\/\/skippercity.com\/fr\/wp-json\/wp\/v2\/users\/2"}],"replies":[{"embeddable":true,"href":"https:\/\/skippercity.com\/fr\/wp-json\/wp\/v2\/comments?post=52680"}],"version-history":[{"count":0,"href":"https:\/\/skippercity.com\/fr\/wp-json\/wp\/v2\/pages\/52680\/revisions"}],"wp:featuredmedia":[{"embeddable":true,"href":"https:\/\/skippercity.com\/fr\/wp-json\/wp\/v2\/media\/16220"}],"wp:attachment":[{"href":"https:\/\/skippercity.com\/fr\/wp-json\/wp\/v2\/media?parent=52680"}],"curies":[{"name":"wp","href":"https:\/\/api.w.org\/{rel}","templated":true}]}}