{"id":52993,"date":"2017-11-15T21:24:45","date_gmt":"2017-11-15T21:24:45","guid":{"rendered":"https:\/\/www.skippercity.com\/location-de-bateaux-croatie\/"},"modified":"2024-02-21T12:24:45","modified_gmt":"2024-02-21T12:24:45","slug":"location-de-bateaux-croatie","status":"publish","type":"page","link":"https:\/\/skippercity.com\/fr\/location-de-bateaux-croatie\/","title":{"rendered":"Location de bateaux Croatie"},"content":{"rendered":"\t\t<div data-elementor-type=\"wp-page\" data-elementor-id=\"52993\" class=\"elementor elementor-52993 elementor-1472\" data-elementor-post-type=\"page\">\n\t\t\t\t<div class=\"elementor-element elementor-element-6042987 e-con-full e-flex e-con e-parent\" data-id=\"6042987\" data-element_type=\"container\" data-e-type=\"container\" data-settings=\"{&quot;background_background&quot;:&quot;classic&quot;}\">\n\t\t\t\t<\/div>\n\t\t\t\t<section class=\"elementor-section elementor-top-section elementor-element elementor-element-6ac0cb3c elementor-section-full_width elementor-section-height-default elementor-section-height-default\" data-id=\"6ac0cb3c\" data-element_type=\"section\" data-e-type=\"section\">\n\t\t\t\t\t\t<div class=\"elementor-container elementor-column-gap-default\">\n\t\t\t\t\t<div class=\"elementor-column elementor-col-25 elementor-top-column elementor-element elementor-element-6105046c\" data-id=\"6105046c\" data-element_type=\"column\" data-e-type=\"column\">\n\t\t\t<div class=\"elementor-widget-wrap elementor-element-populated\">\n\t\t\t\t\t\t<div class=\"elementor-element elementor-element-27770b8e elementor-toc--minimized-on-tablet elementor-widget elementor-widget-table-of-contents\" data-id=\"27770b8e\" data-element_type=\"widget\" data-e-type=\"widget\" data-settings=\"{&quot;exclude_headings_by_selector&quot;:[],&quot;marker_view&quot;:&quot;bullets&quot;,&quot;headings_by_tags&quot;:[&quot;h2&quot;,&quot;h3&quot;,&quot;h4&quot;,&quot;h5&quot;,&quot;h6&quot;],&quot;icon&quot;:{&quot;value&quot;:&quot;fas fa-circle&quot;,&quot;library&quot;:&quot;fa-solid&quot;,&quot;rendered_tag&quot;:&quot;&lt;svg class=\\&quot;e-font-icon-svg e-fas-circle\\&quot; viewBox=\\&quot;0 0 512 512\\&quot; xmlns=\\&quot;http:\\\/\\\/www.w3.org\\\/2000\\\/svg\\&quot;&gt;&lt;path d=\\&quot;M256 8C119 8 8 119 8 256s111 248 248 248 248-111 248-248S393 8 256 8z\\&quot;&gt;&lt;\\\/path&gt;&lt;\\\/svg&gt;&quot;},&quot;no_headings_message&quot;:&quot;Aucun titre n\\u2019a \\u00e9t\\u00e9 trouv\\u00e9 sur cette page.&quot;,&quot;minimize_box&quot;:&quot;yes&quot;,&quot;minimized_on&quot;:&quot;tablet&quot;,&quot;hierarchical_view&quot;:&quot;yes&quot;,&quot;min_height&quot;:{&quot;unit&quot;:&quot;px&quot;,&quot;size&quot;:&quot;&quot;,&quot;sizes&quot;:[]},&quot;min_height_tablet&quot;:{&quot;unit&quot;:&quot;px&quot;,&quot;size&quot;:&quot;&quot;,&quot;sizes&quot;:[]},&quot;min_height_mobile&quot;:{&quot;unit&quot;:&quot;px&quot;,&quot;size&quot;:&quot;&quot;,&quot;sizes&quot;:[]}}\" data-widget_type=\"table-of-contents.default\">\n\t\t\t\t<div class=\"elementor-widget-container\">\n\t\t\t\t\t\t\t\t\t<div class=\"elementor-toc__header\">\n\t\t\t\t\t\t<h4 class=\"elementor-toc__header-title\">\n\t\t\t\tTable des mati\u00e8res\t\t\t<\/h4>\n\t\t\t\t\t\t\t\t\t\t<div class=\"elementor-toc__toggle-button elementor-toc__toggle-button--expand\" role=\"button\" tabindex=\"0\" aria-controls=\"elementor-toc__27770b8e\" aria-expanded=\"true\" aria-label=\"Ouvrir la table des mati\u00e8res\"><svg aria-hidden=\"true\" class=\"e-font-icon-svg e-fas-chevron-down\" viewBox=\"0 0 448 512\" xmlns=\"http:\/\/www.w3.org\/2000\/svg\"><path d=\"M207.029 381.476L12.686 187.132c-9.373-9.373-9.373-24.569 0-33.941l22.667-22.667c9.357-9.357 24.522-9.375 33.901-.04L224 284.505l154.745-154.021c9.379-9.335 24.544-9.317 33.901.04l22.667 22.667c9.373 9.373 9.373 24.569 0 33.941L240.971 381.476c-9.373 9.372-24.569 9.372-33.942 0z\"><\/path><\/svg><\/div>\n\t\t\t\t<div class=\"elementor-toc__toggle-button elementor-toc__toggle-button--collapse\" role=\"button\" tabindex=\"0\" aria-controls=\"elementor-toc__27770b8e\" aria-expanded=\"true\" aria-label=\"Fermer la table des mati\u00e8res\"><svg aria-hidden=\"true\" class=\"e-font-icon-svg e-fas-chevron-up\" viewBox=\"0 0 448 512\" xmlns=\"http:\/\/www.w3.org\/2000\/svg\"><path d=\"M240.971 130.524l194.343 194.343c9.373 9.373 9.373 24.569 0 33.941l-22.667 22.667c-9.357 9.357-24.522 9.375-33.901.04L224 227.495 69.255 381.516c-9.379 9.335-24.544 9.317-33.901-.04l-22.667-22.667c-9.373-9.373-9.373-24.569 0-33.941L207.03 130.525c9.372-9.373 24.568-9.373 33.941-.001z\"><\/path><\/svg><\/div>\n\t\t\t\t\t<\/div>\n\t\t\t\t<div id=\"elementor-toc__27770b8e\" class=\"elementor-toc__body\">\n\t\t\t<div class=\"elementor-toc__spinner-container\">\n\t\t\t\t<svg class=\"elementor-toc__spinner eicon-animation-spin e-font-icon-svg e-eicon-loading\" aria-hidden=\"true\" viewBox=\"0 0 1000 1000\" xmlns=\"http:\/\/www.w3.org\/2000\/svg\"><path d=\"M500 975V858C696 858 858 696 858 500S696 142 500 142 142 304 142 500H25C25 237 238 25 500 25S975 237 975 500 763 975 500 975Z\"><\/path><\/svg>\t\t\t<\/div>\n\t\t<\/div>\n\t\t\t\t\t\t<\/div>\n\t\t\t\t<\/div>\n\t\t\t\t\t<\/div>\n\t\t<\/div>\n\t\t\t\t<div class=\"elementor-column elementor-col-50 elementor-top-column elementor-element elementor-element-5f305314\" data-id=\"5f305314\" data-element_type=\"column\" data-e-type=\"column\">\n\t\t\t<div class=\"elementor-widget-wrap elementor-element-populated\">\n\t\t\t\t\t\t<div class=\"elementor-element elementor-element-38e8ec5b elementor-widget elementor-widget-text-editor\" data-id=\"38e8ec5b\" data-element_type=\"widget\" data-e-type=\"widget\" data-widget_type=\"text-editor.default\">\n\t\t\t\t<div class=\"elementor-widget-container\">\n\t\t\t\t\t\t\t\t\t<h1>Location de bateaux en Croatie<\/h1>\n<p>La Croatie, avec son littoral \u00e9poustouflant, ses eaux cristallines et ses milliers d&rsquo;\u00eeles, est une destination de r\u00eave pour ceux qui recherchent une exp\u00e9rience de navigation m\u00e9morable. Que vous soyez un marin exp\u00e9riment\u00e9 ou un novice, il existe une option de location de bateau qui r\u00e9pond \u00e0 vos besoins. Dans ce guide, nous allons explorer les diff\u00e9rents types de location de bateaux disponibles en Croatie, le co\u00fbt en 2024, et les cinq principales destinations de location de bateaux.<\/p>\n<h2>Pourquoi la Croatie ?<\/h2>\n<p>La Croatie offre quelques-unes des plus belles destinations de navigation au monde. Son littoral est parsem\u00e9 de milliers d&rsquo;\u00eeles, chacune avec son propre charme. Des villes historiques de Split et Dubrovnik aux criques isol\u00e9es des \u00eeles Kornati, la Croatie a quelque chose \u00e0 offrir \u00e0 chacun. Le climat m\u00e9diterran\u00e9en du pays, ses eaux chaudes et ses vents doux en font une destination id\u00e9ale pour la voile.<\/p>\n<p><img fetchpriority=\"high\" decoding=\"async\" class=\"alignnone size-full wp-image-412487\" src=\"https:\/\/skippercity.com\/vsebina\/uploads\/yacht-charter-catamaran-rental.jpeg\" alt=\"catamaran charter croatie\" width=\"1200\" height=\"717\" srcset=\"https:\/\/skippercity.com\/vsebina\/uploads\/yacht-charter-catamaran-rental.jpeg 1200w, https:\/\/skippercity.com\/vsebina\/uploads\/yacht-charter-catamaran-rental-768x459.jpeg 768w, https:\/\/skippercity.com\/vsebina\/uploads\/yacht-charter-catamaran-rental-700x418.jpeg 700w\" sizes=\"(max-width: 1200px) 100vw, 1200px\" \/><\/p>\n<h2>Types de location de bateaux<\/h2>\n<h3>Charte avec skipper<\/h3>\n<p>Id\u00e9al pour ceux qui veulent se d\u00e9tendre et profiter du voyage sans se soucier de la navigation ou du maniement du bateau. Un <a href=\"https:\/\/skippercity.com\/fr\/skippered-yacht-charter-croatie\/\">skipper professionnel<\/a> s&rsquo;occupera de tout, du pilotage \u00e0 l&rsquo;amarrage, pendant que vous vous impr\u00e9gnerez de la beaut\u00e9 de la mer Adriatique.<\/p>\n<h3><strong>Charte avec \u00e9quipage<\/strong><\/h3>\n<p>Pour une exp\u00e9rience vraiment luxueuse, il est pr\u00e9f\u00e9rable d&rsquo;opter pour un <a href=\"https:\/\/skippercity.com\/fr\/yacht-a-equipage-charter-croatie\/\">charter avec \u00e9quipage<\/a>. Outre le skipper, un chef cuisinier et d&rsquo;autres membres de l&rsquo;\u00e9quipage se chargeront de r\u00e9pondre \u00e0 tous vos besoins. Cette option est parfaite pour ceux qui veulent \u00eatre choy\u00e9s et profiter de vacances en voilier cinq \u00e9toiles.<\/p>\n<h3><strong>Location de bateaux sans \u00e9quipage<\/strong><\/h3>\n<p>Si vous avez une exp\u00e9rience de la navigation et les qualifications n\u00e9cessaires, vous pouvez opter pour une location coque nue. Avec cette option, vous serez le capitaine de votre propre navire, responsable de la navigation, de l&rsquo;amarrage et de tous les autres aspects de la navigation. C&rsquo;est un excellent moyen d&rsquo;explorer le littoral croate \u00e0 votre rythme.<\/p>\n<p><img decoding=\"async\" class=\"alignnone size-full wp-image-412448\" src=\"https:\/\/skippercity.com\/vsebina\/uploads\/2.jpg\" alt=\"catamaran charter croatie\" width=\"698\" height=\"466\"><\/p>\n<h2>Types de bateaux<\/h2>\n<h3><strong>Voiliers<\/strong><\/h3>\n<p>Moyen le plus traditionnel et le plus romantique d&rsquo;explorer la mer Adriatique, les voiliers offrent une exp\u00e9rience de navigation paisible et respectueuse de l&rsquo;environnement. Ils sont parfaits pour ceux qui veulent profiter de la tranquillit\u00e9 de la mer et du bruit du vent dans les voiles.<\/p>\n<h3><strong>Catamarans<\/strong><\/h3>\n<p>R\u00e9put\u00e9s pour leur stabilit\u00e9 et leur espace, les <a href=\"https:\/\/skippercity.com\/fr\/catamaran-charter-croatie\/\">catamarans<\/a> sont un choix populaire pour les familles et les grands groupes. Dot\u00e9s de plusieurs cabines et d&rsquo;un vaste espace de pont, ils offrent confort et luxe pendant la navigation.<\/p>\n<h3><strong>Bateaux \u00e0 moteur<\/strong><\/h3>\n<p>Si vous recherchez la vitesse, un bateau \u00e0 moteur est tout indiqu\u00e9. Dot\u00e9s de moteurs puissants, ces bateaux peuvent vous emmener rapidement d&rsquo;une destination \u00e0 l&rsquo;autre, ce qui vous permet de couvrir plus de terrain en moins de temps.<\/p>\n<p><img decoding=\"async\" class=\"alignnone size-full wp-image-412396\" src=\"https:\/\/skippercity.com\/vsebina\/uploads\/catamaran-charter-croatia-1.jpg\" alt=\"catamaran charter croatie\" width=\"1920\" height=\"932\" srcset=\"https:\/\/skippercity.com\/vsebina\/uploads\/catamaran-charter-croatia-1.jpg 1920w, https:\/\/skippercity.com\/vsebina\/uploads\/catamaran-charter-croatia-1-768x373.jpg 768w, https:\/\/skippercity.com\/vsebina\/uploads\/catamaran-charter-croatia-1-1536x746.jpg 1536w, https:\/\/skippercity.com\/vsebina\/uploads\/catamaran-charter-croatia-1-700x340.jpg 700w\" sizes=\"(max-width: 1920px) 100vw, 1920px\" \/><\/p>\n<h2>Zones de voile<\/h2>\n<h3><strong>Split<\/strong><\/h3>\n<p>Split, l&rsquo;une des destinations de navigation les plus populaires de Croatie, offre un m\u00e9lange parfait d&rsquo;histoire, de culture et de beaut\u00e9 naturelle. De l&rsquo;ancien palais de Diocl\u00e9tien aux superbes \u00eeles de Hvar et Vis, il y en a pour tous les go\u00fbts \u00e0 Split.<\/p>\n<h3><strong>Zadar<\/strong><\/h3>\n<p>Avec son m\u00e9lange unique d&rsquo;influences romaines, byzantines et v\u00e9nitiennes, Zadar est une ville charmante qui se pr\u00eate parfaitement \u00e0 la d\u00e9couverte en bateau. Le parc national des \u00eeles Kornati, situ\u00e9 \u00e0 proximit\u00e9, est \u00e0 visiter absolument pour ses paysages \u00e0 couper le souffle et ses eaux cristallines.<\/p>\n<h3><strong>Trogir<\/strong><\/h3>\n<p>Surnomm\u00e9e la \u00ab\u00a0petite Venise\u00a0\u00bb de Croatie, Trogir est un site class\u00e9 au patrimoine mondial de l&rsquo;UNESCO que l&rsquo;on peut d\u00e9couvrir en bateau. Avec ses rues \u00e9troites, ses b\u00e2timents historiques et son front de mer pittoresque, Trogir est un plaisir \u00e0 d\u00e9couvrir.<\/p>\n<h3><strong>Dubrovnik<\/strong><\/h3>\n<p>C\u00e9l\u00e8bre pour ses remparts m\u00e9di\u00e9vaux et son architecture \u00e9tonnante, Dubrovnik est une destination incontournable pour tout amateur de voile. Les \u00eeles Elafiti, situ\u00e9es \u00e0 proximit\u00e9, offrent des plages immacul\u00e9es et des criques isol\u00e9es, parfaites pour une journ\u00e9e de d\u00e9tente.<\/p>\n<h3><strong>Sibenik<\/strong><\/h3>\n<p>Situ\u00e9e au c\u0153ur de la Dalmatie, Sibenik est une ville charmante \u00e0 l&rsquo;histoire riche et \u00e0 la beaut\u00e9 naturelle \u00e9poustouflante. Le parc national de Krka, situ\u00e9 \u00e0 proximit\u00e9, est un paradis pour les amoureux de la nature, avec ses chutes d&rsquo;eau, ses lacs et ses for\u00eats luxuriantes.<\/p>\n<p><img loading=\"lazy\" decoding=\"async\" class=\"alignnone size-full wp-image-412382\" src=\"https:\/\/skippercity.com\/vsebina\/uploads\/croatia-catamaran-charter.jpg\" alt=\"croatie catamaran charter\" width=\"1600\" height=\"900\" srcset=\"https:\/\/skippercity.com\/vsebina\/uploads\/croatia-catamaran-charter.jpg 1600w, https:\/\/skippercity.com\/vsebina\/uploads\/croatia-catamaran-charter-768x432.jpg 768w, https:\/\/skippercity.com\/vsebina\/uploads\/croatia-catamaran-charter-1536x864.jpg 1536w, https:\/\/skippercity.com\/vsebina\/uploads\/croatia-catamaran-charter-500x281.jpg 500w, https:\/\/skippercity.com\/vsebina\/uploads\/croatia-catamaran-charter-700x394.jpg 700w\" sizes=\"(max-width: 1600px) 100vw, 1600px\" \/><\/p>\n<h2>Co\u00fbt de la location d&rsquo;un bateau en 2024<\/h2>\n<p>Le co\u00fbt de la location d&rsquo;un bateau en Croatie varie en fonction du type de bateau, de sa taille, de la dur\u00e9e de la location et de la p\u00e9riode de l&rsquo;ann\u00e9e. En 2024, le co\u00fbt moyen d&rsquo;une location coque nue en Croatie est d&rsquo;environ 2 000 \u00e0 4 000 \u20ac par semaine pour un voilier, 3 000 \u00e0 6 000 \u20ac par semaine pour un catamaran, et 4 000 \u00e0 8 000 \u20ac par semaine pour un bateau \u00e0 moteur.<\/p>\n<p>Les charters avec skipper et \u00e9quipage sont plus chers, avec des prix allant de 5 000 \u00e0 15 000 euros par semaine pour un voilier, de 8 000 \u00e0 20 000 euros par semaine pour un catamaran, et de 10 000 \u00e0 30 000 euros par semaine pour un bateau \u00e0 moteur.<\/p>\n<p><img loading=\"lazy\" decoding=\"async\" class=\"alignnone size-full wp-image-412504\" src=\"https:\/\/skippercity.com\/vsebina\/uploads\/Mooring-and-Docking-Costs-in-Croatia-A-Comprehensive-Overview.jpg\" alt=\"Co\u00fbts d'amarrage et de mouillage en Croatie : une vue d'ensemble\" width=\"1280\" height=\"853\" srcset=\"https:\/\/skippercity.com\/vsebina\/uploads\/Mooring-and-Docking-Costs-in-Croatia-A-Comprehensive-Overview.jpg 1280w, https:\/\/skippercity.com\/vsebina\/uploads\/Mooring-and-Docking-Costs-in-Croatia-A-Comprehensive-Overview-768x512.jpg 768w, https:\/\/skippercity.com\/vsebina\/uploads\/Mooring-and-Docking-Costs-in-Croatia-A-Comprehensive-Overview-700x466.jpg 700w\" sizes=\"(max-width: 1280px) 100vw, 1280px\" \/><\/p>\n<h2>Comment louer un bateau en Croatie : Guide \u00e9tape par \u00e9tape<\/h2>\n<p>Le littoral \u00e9poustouflant de la Croatie, ses eaux cristallines et ses milliers d&rsquo;\u00eeles en font une destination id\u00e9ale pour les amateurs de voile. Que vous soyez un marin exp\u00e9riment\u00e9 ou un novice, la location d&rsquo;un bateau en Croatie est un moyen fantastique d&rsquo;explorer la mer Adriatique et de d\u00e9couvrir les joyaux cach\u00e9s du pays. Voici un guide \u00e9tape par \u00e9tape sur la fa\u00e7on de louer un bateau en Croatie :<\/p>\n<h3>D\u00e9terminez votre budget et vos pr\u00e9f\u00e9rences<\/h3>\n<p>Avant de commencer \u00e0 chercher une location de bateau, il est important de d\u00e9terminer votre budget et vos pr\u00e9f\u00e9rences. Tenez compte de la taille du bateau, du nombre de cabines et des \u00e9quipements dont vous avez besoin. D\u00e9cidez si vous souhaitez un charter avec skipper, un charter avec \u00e9quipage ou une location sans \u00e9quipage.<\/p>\n<h3>Choisir une soci\u00e9t\u00e9 de location de bateaux<\/h3>\n<p>Il existe plusieurs soci\u00e9t\u00e9s de location de bateaux en Croatie, il est donc essentiel de faire des recherches et de choisir une soci\u00e9t\u00e9 r\u00e9put\u00e9e. Lisez les avis, v\u00e9rifiez leur flotte de bateaux et renseignez-vous sur leurs services. Parmi les soci\u00e9t\u00e9s de location de bateaux les plus populaires en Croatie, citons SkipperCity, Sail Croatia, The Moorings, Dream Yacht Charter et NauticEd.<\/p>\n<h3>S\u00e9lectionnez votre zone de navigation<\/h3>\n<p>La Croatie offre une grande vari\u00e9t\u00e9 de zones de navigation, chacune avec son propre charme. Split, Zadar, Trogir, Dubrovnik et Sibenik sont quelques-unes des zones de navigation les plus populaires en Croatie. Tenez compte de la proximit\u00e9 de la zone de navigation par rapport aux destinations souhait\u00e9es, des conditions m\u00e9t\u00e9orologiques et de la disponibilit\u00e9 des places d&rsquo;amarrage.<\/p>\n<h3>Choisissez votre type de bateau<\/h3>\n<p>Une fois que vous avez choisi une zone de navigation, il est temps de s\u00e9lectionner le type de bateau qui correspond le mieux \u00e0 vos besoins. Les voiliers sont parfaits pour une exp\u00e9rience de navigation romantique et \u00e9cologique, tandis que les catamarans offrent stabilit\u00e9 et espace, ce qui les rend id\u00e9aux pour les familles et les groupes plus nombreux. Les bateaux \u00e0 moteur sont parfaits pour ceux qui veulent couvrir plus de terrain en moins de temps.<\/p>\n<h3>V\u00e9rifiez la disponibilit\u00e9 et r\u00e9servez votre bateau<\/h3>\n<p>Apr\u00e8s avoir s\u00e9lectionn\u00e9 votre type de bateau, v\u00e9rifiez la disponibilit\u00e9 du bateau pour les dates souhait\u00e9es. La plupart des soci\u00e9t\u00e9s de location de bateaux disposent d&rsquo;un syst\u00e8me de r\u00e9servation en ligne, ce qui permet de v\u00e9rifier facilement la disponibilit\u00e9 et de faire une r\u00e9servation. Veillez \u00e0 r\u00e9server votre bateau bien \u00e0 l&rsquo;avance, en particulier pendant la haute saison, car les bateaux peuvent \u00eatre rapidement complets.<\/p>\n<h3>Examiner le contrat de location et les conditions<\/h3>\n<p>Avant de finaliser votre r\u00e9servation, lisez attentivement le contrat de location et les conditions. Soyez attentif \u00e0 la politique d&rsquo;annulation, aux exigences en mati\u00e8re de d\u00e9p\u00f4t de garantie et aux \u00e9ventuels frais suppl\u00e9mentaires. Assurez-vous de bien comprendre les conditions du contrat de location avant de le signer.<\/p>\n<h3>Pr\u00e9parer son voyage<\/h3>\n<p>Une fois que vous avez r\u00e9serv\u00e9 votre location de bateau, il est temps de commencer \u00e0 pr\u00e9parer votre voyage. Dressez une liste des articles essentiels, comme la cr\u00e8me solaire, les chapeaux, les lunettes de soleil, les maillots de bain et les serviettes. N&rsquo;oubliez pas de vous munir de vos qualifications en mati\u00e8re de navigation et de tous les documents n\u00e9cessaires, tels que les passeports et les visas.<\/p>\n<h2>Conclusion<\/h2>\n<p>La Croatie offre quelques-unes des plus belles destinations de navigation au monde, et il n&rsquo;y a pas de meilleur moyen de les explorer que par bateau. Que vous soyez \u00e0 la recherche de vacances reposantes ou d&rsquo;un voyage aventureux en voilier, la Croatie a de quoi plaire \u00e0 tout le monde.<\/p>\n<p>Avec un large \u00e9ventail de locations de bateaux, de zones de navigation et de charters de yachts, vous \u00eates s\u00fbr de trouver l&rsquo;option parfaite pour votre prochaine aventure en Croatie.<\/p>\n<h2>Profitez de votre aventure en mer<\/h2>\n<p>Enfin, il est temps d&#8217;embarquer pour une aventure en mer en Croatie ! Arrivez \u00e0 la base de l&rsquo;entreprise de location de bateaux le jour de votre location et rencontrez le personnel pour passer en revue les caract\u00e9ristiques du bateau et les proc\u00e9dures de s\u00e9curit\u00e9. Une fois que vous \u00eates pr\u00eat, mettez les voiles et partez \u00e0 la d\u00e9couverte de la superbe c\u00f4te croate, de ses \u00eeles et de ses criques cach\u00e9es. Profitez de la libert\u00e9 et de la flexibilit\u00e9 de naviguer \u00e0 votre propre rythme et cr\u00e9ez des souvenirs qui dureront toute votre vie.<\/p>\n<p>&#8211;<\/p>\n\t\t\t\t\t\t\t\t<\/div>\n\t\t\t\t<\/div>\n\t\t\t\t\t<\/div>\n\t\t<\/div>\n\t\t\t\t<div class=\"elementor-column elementor-col-25 elementor-top-column elementor-element elementor-element-15a73c22\" data-id=\"15a73c22\" data-element_type=\"column\" data-e-type=\"column\">\n\t\t\t<div class=\"elementor-widget-wrap elementor-element-populated\">\n\t\t\t\t\t\t<div class=\"elementor-element elementor-element-45b56144 elementor-widget elementor-widget-template\" data-id=\"45b56144\" data-element_type=\"widget\" data-e-type=\"widget\" data-widget_type=\"template.default\">\n\t\t\t\t<div class=\"elementor-widget-container\">\n\t\t\t\t\t\t\t<div class=\"elementor-template\">\n\t\t\t\t\t<div data-elementor-type=\"section\" data-elementor-id=\"77218\" class=\"elementor elementor-77218 elementor-76339\" data-elementor-post-type=\"elementor_library\">\n\t\t\t\t\t<section class=\"elementor-section elementor-inner-section elementor-element elementor-element-457e679b elementor-section-full_width elementor-section-height-min-height elementor-section-content-middle elementor-section-height-default\" data-id=\"457e679b\" data-element_type=\"section\" data-e-type=\"section\" data-settings=\"{&quot;background_background&quot;:&quot;classic&quot;}\">\n\t\t\t\t\t\t\t<div class=\"elementor-background-overlay\"><\/div>\n\t\t\t\t\t\t\t<div class=\"elementor-container elementor-column-gap-default\">\n\t\t\t\t\t<div class=\"elementor-column elementor-col-100 elementor-inner-column elementor-element elementor-element-33d83c77\" data-id=\"33d83c77\" data-element_type=\"column\" data-e-type=\"column\">\n\t\t\t<div class=\"elementor-widget-wrap elementor-element-populated\">\n\t\t\t\t\t\t<div class=\"elementor-element elementor-element-26c46f13 elementor-widget elementor-widget-text-editor\" data-id=\"26c46f13\" data-element_type=\"widget\" data-e-type=\"widget\" data-widget_type=\"text-editor.default\">\n\t\t\t\t<div class=\"elementor-widget-container\">\n\t\t\t\t\t\t\t\t\t<p style=\"text-align: center;\">A la recherche d&rsquo;un bateau ?<\/p>\n\t\t\t\t\t\t\t\t<\/div>\n\t\t\t\t<\/div>\n\t\t\t\t<div class=\"elementor-element elementor-element-7116d3fc elementor-align-center elementor-widget elementor-widget-button\" data-id=\"7116d3fc\" data-element_type=\"widget\" data-e-type=\"widget\" data-widget_type=\"button.default\">\n\t\t\t\t<div class=\"elementor-widget-container\">\n\t\t\t\t\t\t\t\t\t<div class=\"elementor-button-wrapper\">\n\t\t\t\t\t<a class=\"elementor-button elementor-button-link elementor-size-md\" href=\"https:\/\/skippercity.com\/fr\/obtenez-une-location-de-yacht-de-citation-croatie-2\/\" target=\"_blank\">\n\t\t\t\t\t\t<span class=\"elementor-button-content-wrapper\">\n\t\t\t\t\t\t\t\t\t<span class=\"elementor-button-text\">OBTENEZ UN DEVIS GRATUIT<\/span>\n\t\t\t\t\t<\/span>\n\t\t\t\t\t<\/a>\n\t\t\t\t<\/div>\n\t\t\t\t\t\t\t\t<\/div>\n\t\t\t\t<\/div>\n\t\t\t\t\t<\/div>\n\t\t<\/div>\n\t\t\t\t\t<\/div>\n\t\t<\/section>\n\t\t\t\t<\/div>\n\t\t\t\t<\/div>\n\t\t\t\t\t\t<\/div>\n\t\t\t\t<\/div>\n\t\t\t\t\t<\/div>\n\t\t<\/div>\n\t\t\t\t\t<\/div>\n\t\t<\/section>\n\t\t\t\t<\/div>\n\t\t","protected":false},"excerpt":{"rendered":"<p>Table des mati\u00e8res Location de bateaux en Croatie La Croatie, avec son littoral \u00e9poustouflant, ses eaux cristallines et ses milliers d&rsquo;\u00eeles, est une destination de r\u00eave pour ceux qui recherchent une exp\u00e9rience de navigation m\u00e9morable. Que vous soyez un marin exp\u00e9riment\u00e9 ou un novice, il existe une option de location de bateau qui r\u00e9pond \u00e0 [&hellip;]<\/p>\n","protected":false},"author":2,"featured_media":16220,"parent":0,"menu_order":0,"comment_status":"closed","ping_status":"closed","template":"","meta":{"footnotes":""},"class_list":["post-52993","page","type-page","status-publish","has-post-thumbnail","hentry"],"_links":{"self":[{"href":"https:\/\/skippercity.com\/fr\/wp-json\/wp\/v2\/pages\/52993","targetHints":{"allow":["GET"]}}],"collection":[{"href":"https:\/\/skippercity.com\/fr\/wp-json\/wp\/v2\/pages"}],"about":[{"href":"https:\/\/skippercity.com\/fr\/wp-json\/wp\/v2\/types\/page"}],"author":[{"embeddable":true,"href":"https:\/\/skippercity.com\/fr\/wp-json\/wp\/v2\/users\/2"}],"replies":[{"embeddable":true,"href":"https:\/\/skippercity.com\/fr\/wp-json\/wp\/v2\/comments?post=52993"}],"version-history":[{"count":0,"href":"https:\/\/skippercity.com\/fr\/wp-json\/wp\/v2\/pages\/52993\/revisions"}],"wp:featuredmedia":[{"embeddable":true,"href":"https:\/\/skippercity.com\/fr\/wp-json\/wp\/v2\/media\/16220"}],"wp:attachment":[{"href":"https:\/\/skippercity.com\/fr\/wp-json\/wp\/v2\/media?parent=52993"}],"curies":[{"name":"wp","href":"https:\/\/api.w.org\/{rel}","templated":true}]}}