{"id":69296,"date":"2020-10-03T08:23:35","date_gmt":"2020-10-03T08:23:35","guid":{"rendered":"https:\/\/www.skippercity.com\/obtenez-une-location-de-yacht-de-citation-croatie-2\/"},"modified":"2024-02-21T11:52:56","modified_gmt":"2024-02-21T11:52:56","slug":"obtenez-une-location-de-yacht-de-citation-croatie-2","status":"publish","type":"page","link":"https:\/\/skippercity.com\/fr\/obtenez-une-location-de-yacht-de-citation-croatie-2\/","title":{"rendered":"Obtenez une location de yacht de citation Croatie"},"content":{"rendered":"\t\t<div data-elementor-type=\"wp-page\" data-elementor-id=\"69296\" class=\"elementor elementor-69296 elementor-68804\" data-elementor-post-type=\"page\">\n\t\t\t\t\t\t<section class=\"elementor-section elementor-top-section elementor-element elementor-element-c0ffef elementor-section-stretched elementor-section-full_width elementor-section-height-default elementor-section-height-default\" data-id=\"c0ffef\" data-element_type=\"section\" data-e-type=\"section\" data-settings=\"{&quot;background_background&quot;:&quot;classic&quot;,&quot;stretch_section&quot;:&quot;section-stretched&quot;}\">\n\t\t\t\t\t\t\t<div class=\"elementor-background-overlay\"><\/div>\n\t\t\t\t\t\t\t<div class=\"elementor-container elementor-column-gap-default\">\n\t\t\t\t\t<div class=\"elementor-column elementor-col-33 elementor-top-column elementor-element elementor-element-144bb851\" data-id=\"144bb851\" data-element_type=\"column\" data-e-type=\"column\">\n\t\t\t<div class=\"elementor-widget-wrap\">\n\t\t\t\t\t\t\t<\/div>\n\t\t<\/div>\n\t\t\t\t<div class=\"elementor-column elementor-col-33 elementor-top-column elementor-element elementor-element-3fb13674\" data-id=\"3fb13674\" data-element_type=\"column\" data-e-type=\"column\">\n\t\t\t<div class=\"elementor-widget-wrap elementor-element-populated\">\n\t\t\t\t\t\t<div class=\"elementor-element elementor-element-562f4c7 elementor-widget elementor-widget-heading\" data-id=\"562f4c7\" data-element_type=\"widget\" data-e-type=\"widget\" data-widget_type=\"heading.default\">\n\t\t\t\t<div class=\"elementor-widget-container\">\n\t\t\t\t\t<h3 class=\"elementor-heading-title elementor-size-default\">Laissez-nous vous aider<\/h3>\t\t\t\t<\/div>\n\t\t\t\t<\/div>\n\t\t\t\t<div class=\"elementor-element elementor-element-3a8294c8 elementor-widget-divider--view-line elementor-widget elementor-widget-divider\" data-id=\"3a8294c8\" data-element_type=\"widget\" data-e-type=\"widget\" data-widget_type=\"divider.default\">\n\t\t\t\t<div class=\"elementor-widget-container\">\n\t\t\t\t\t\t\t<div class=\"elementor-divider\">\n\t\t\t<span class=\"elementor-divider-separator\">\n\t\t\t\t\t\t<\/span>\n\t\t<\/div>\n\t\t\t\t\t\t<\/div>\n\t\t\t\t<\/div>\n\t\t\t\t<div class=\"elementor-element elementor-element-4c35d707 elementor-widget elementor-widget-heading\" data-id=\"4c35d707\" data-element_type=\"widget\" data-e-type=\"widget\" data-widget_type=\"heading.default\">\n\t\t\t\t<div class=\"elementor-widget-container\">\n\t\t\t\t\t<h1 class=\"elementor-heading-title elementor-size-default\">Obtenez les meilleures offres de bateau\nsur votre e-mail<\/h1>\t\t\t\t<\/div>\n\t\t\t\t<\/div>\n\t\t\t\t\t<\/div>\n\t\t<\/div>\n\t\t\t\t<div class=\"elementor-column elementor-col-33 elementor-top-column elementor-element elementor-element-70a21823\" data-id=\"70a21823\" data-element_type=\"column\" data-e-type=\"column\">\n\t\t\t<div class=\"elementor-widget-wrap\">\n\t\t\t\t\t\t\t<\/div>\n\t\t<\/div>\n\t\t\t\t\t<\/div>\n\t\t<\/section>\n\t\t\t\t<section class=\"elementor-section elementor-top-section elementor-element elementor-element-63a8761 elementor-section-boxed elementor-section-height-default elementor-section-height-default\" data-id=\"63a8761\" data-element_type=\"section\" data-e-type=\"section\">\n\t\t\t\t\t\t<div class=\"elementor-container elementor-column-gap-default\">\n\t\t\t\t\t<div class=\"elementor-column elementor-col-16 elementor-top-column elementor-element elementor-element-a66a2e4\" data-id=\"a66a2e4\" data-element_type=\"column\" data-e-type=\"column\">\n\t\t\t<div class=\"elementor-widget-wrap\">\n\t\t\t\t\t\t\t<\/div>\n\t\t<\/div>\n\t\t\t\t<div class=\"elementor-column elementor-col-66 elementor-top-column elementor-element elementor-element-480153b\" data-id=\"480153b\" data-element_type=\"column\" data-e-type=\"column\">\n\t\t\t<div class=\"elementor-widget-wrap elementor-element-populated\">\n\t\t\t\t\t\t<div class=\"elementor-element elementor-element-8532fa8 elementor-widget elementor-widget-text-editor\" data-id=\"8532fa8\" data-element_type=\"widget\" data-e-type=\"widget\" data-widget_type=\"text-editor.default\">\n\t\t\t\t<div class=\"elementor-widget-container\">\n\t\t\t\t\t\t\t\t\t<h2 style=\"text-align: center;\">Remplissez le formulaire ci-dessous,<\/h2>\n<h2 style=\"text-align: center;\">nous allons v\u00e9rifier toute la disponibilit\u00e9 du yacht,<\/h2>\n<h2 style=\"text-align: center;\">et envoyer des offres \u00e0 votre e-mail.<\/h2>\n<p style=\"text-align: center;\">En plus des meilleures offres de bateau, vous obtiendrez:<\/p>\n<p style=\"text-align: center;\"><strong>&#8211; Gestionnaire d\u00e9di\u00e9 pour vous aider<\/strong><\/p>\n<p style=\"text-align: center;\"><strong>&#8211; Plus d\u2019infos sur la fa\u00e7on de louer un bateau<\/strong><\/p>\n\t\t\t\t\t\t\t\t<\/div>\n\t\t\t\t<\/div>\n\t\t\t\t\t<\/div>\n\t\t<\/div>\n\t\t\t\t<div class=\"elementor-column elementor-col-16 elementor-top-column elementor-element elementor-element-8244c01\" data-id=\"8244c01\" data-element_type=\"column\" data-e-type=\"column\">\n\t\t\t<div class=\"elementor-widget-wrap\">\n\t\t\t\t\t\t\t<\/div>\n\t\t<\/div>\n\t\t\t\t\t<\/div>\n\t\t<\/section>\n\t\t\t\t<section class=\"elementor-section elementor-top-section elementor-element elementor-element-20404f8 elementor-section-boxed elementor-section-height-default elementor-section-height-default\" data-id=\"20404f8\" data-element_type=\"section\" data-e-type=\"section\">\n\t\t\t\t\t\t<div class=\"elementor-container elementor-column-gap-default\">\n\t\t\t\t\t<div class=\"elementor-column elementor-col-16 elementor-top-column elementor-element elementor-element-f82fb7c\" data-id=\"f82fb7c\" data-element_type=\"column\" data-e-type=\"column\">\n\t\t\t<div class=\"elementor-widget-wrap\">\n\t\t\t\t\t\t\t<\/div>\n\t\t<\/div>\n\t\t\t\t<div class=\"elementor-column elementor-col-66 elementor-top-column elementor-element elementor-element-151f126\" data-id=\"151f126\" data-element_type=\"column\" data-e-type=\"column\">\n\t\t\t<div class=\"elementor-widget-wrap elementor-element-populated\">\n\t\t\t\t\t\t<div class=\"elementor-element elementor-element-c20e64a elementor-button-align-end elementor-widget elementor-widget-form\" data-id=\"c20e64a\" data-element_type=\"widget\" data-e-type=\"widget\" data-settings=\"{&quot;step_next_label&quot;:&quot;Suivant&quot;,&quot;step_previous_label&quot;:&quot;Pr\\u00e9c\\u00e9dent&quot;,&quot;step_type&quot;:&quot;number_text&quot;,&quot;step_icon_shape&quot;:&quot;circle&quot;}\" data-widget_type=\"form.default\">\n\t\t\t\t<div class=\"elementor-widget-container\">\n\t\t\t\t\t\t\t<form class=\"elementor-form\" method=\"post\" name=\"Nouveau formulaire\" aria-label=\"Nouveau formulaire\">\n\t\t\t<input type=\"hidden\" name=\"post_id\" value=\"69296\"\/>\n\t\t\t<input type=\"hidden\" name=\"form_id\" value=\"c20e64a\"\/>\n\t\t\t<input type=\"hidden\" name=\"referer_title\" value=\"Obtenez d\u00e8s aujourd&#039;hui un devis gratuit de location de bateau en Croatie | SkipperCity\" \/>\n\n\t\t\t\t\t\t\t<input type=\"hidden\" name=\"queried_id\" value=\"69296\"\/>\n\t\t\t\n\t\t\t<div class=\"elementor-form-fields-wrapper elementor-labels-above\">\n\t\t\t\t\t\t\t\t<div class=\"elementor-field-type-text elementor-field-group elementor-column elementor-field-group-name elementor-col-100 elementor-field-required elementor-mark-required\">\n\t\t\t\t\t\t\t\t\t\t\t\t<label for=\"form-field-name\" class=\"elementor-field-label\">\n\t\t\t\t\t\t\t\t1. Nom\t\t\t\t\t\t\t<\/label>\n\t\t\t\t\t\t\t\t\t\t\t\t\t\t<input size=\"1\" type=\"text\" name=\"form_fields[name]\" id=\"form-field-name\" class=\"elementor-field elementor-size-sm  elementor-field-textual\" placeholder=\"Votre nom:\" required=\"required\">\n\t\t\t\t\t\t\t\t\t\t\t<\/div>\n\t\t\t\t\t\t\t\t<div class=\"elementor-field-type-email elementor-field-group elementor-column elementor-field-group-email elementor-col-100 elementor-field-required elementor-mark-required\">\n\t\t\t\t\t\t\t\t\t\t\t\t<label for=\"form-field-email\" class=\"elementor-field-label\">\n\t\t\t\t\t\t\t\t2. Courriel\t\t\t\t\t\t\t<\/label>\n\t\t\t\t\t\t\t\t\t\t\t\t\t\t<input size=\"1\" type=\"email\" name=\"form_fields[email]\" id=\"form-field-email\" class=\"elementor-field elementor-size-sm  elementor-field-textual\" placeholder=\"Votre e-mail:\" required=\"required\">\n\t\t\t\t\t\t\t\t\t\t\t<\/div>\n\t\t\t\t\t\t\t\t<div class=\"elementor-field-type-text elementor-field-group elementor-column elementor-field-group-field_c0d606d elementor-col-100 elementor-field-required elementor-mark-required\">\n\t\t\t\t\t\t\t\t\t\t\t\t<label for=\"form-field-field_c0d606d\" class=\"elementor-field-label\">\n\t\t\t\t\t\t\t\t3. Date de d\u00e9but\t\t\t\t\t\t\t<\/label>\n\t\t\t\t\t\t\t\t\t\t\t\t\t\t<input size=\"1\" type=\"text\" name=\"form_fields[field_c0d606d]\" id=\"form-field-field_c0d606d\" class=\"elementor-field elementor-size-sm  elementor-field-textual\" placeholder=\"Date de d\u00e9but du voyage :\" required=\"required\">\n\t\t\t\t\t\t\t\t\t\t\t<\/div>\n\t\t\t\t\t\t\t\t<div class=\"elementor-field-type-text elementor-field-group elementor-column elementor-field-group-field_fbf88cd elementor-col-100 elementor-field-required elementor-mark-required\">\n\t\t\t\t\t\t\t\t\t\t\t\t<label for=\"form-field-field_fbf88cd\" class=\"elementor-field-label\">\n\t\t\t\t\t\t\t\t4. Date de fin\t\t\t\t\t\t\t<\/label>\n\t\t\t\t\t\t\t\t\t\t\t\t\t\t<input size=\"1\" type=\"text\" name=\"form_fields[field_fbf88cd]\" id=\"form-field-field_fbf88cd\" class=\"elementor-field elementor-size-sm  elementor-field-textual\" placeholder=\"Date de fin du voyage:\" required=\"required\">\n\t\t\t\t\t\t\t\t\t\t\t<\/div>\n\t\t\t\t\t\t\t\t<div class=\"elementor-field-type-select elementor-field-group elementor-column elementor-field-group-field_c512056 elementor-col-100 elementor-field-type-select-multiple elementor-field-required elementor-mark-required\">\n\t\t\t\t\t\t\t\t\t\t\t\t<label for=\"form-field-field_c512056\" class=\"elementor-field-label\">\n\t\t\t\t\t\t\t\t5. Quelle est votre zone de navigation souhait\u00e9e en Croatie?\t\t\t\t\t\t\t<\/label>\n\t\t\t\t\t\t\t\t<div class=\"elementor-field elementor-select-wrapper remove-before \">\n\t\t\t<div class=\"select-caret-down-wrapper\">\n\t\t\t\t\t\t\t<\/div>\n\t\t\t<select name=\"form_fields[field_c512056][]\" id=\"form-field-field_c512056\" class=\"elementor-field-textual elementor-size-sm\" required=\"required\" multiple=\"\" size=\"7\">\n\t\t\t\t\t\t\t\t\t<option value=\"Split\">Split<\/option>\n\t\t\t\t\t\t\t\t\t<option value=\"Dubrovnik\">Dubrovnik<\/option>\n\t\t\t\t\t\t\t\t\t<option value=\"Sibenik\">Sibenik<\/option>\n\t\t\t\t\t\t\t\t\t<option value=\"Zadar\">Zadar<\/option>\n\t\t\t\t\t\t\t\t\t<option value=\"Istra\">Istra<\/option>\n\t\t\t\t\t\t\t\t\t<option value=\"Quarnero\">Quarnero<\/option>\n\t\t\t\t\t\t\t<\/select>\n\t\t<\/div>\n\t\t\t\t\t\t<\/div>\n\t\t\t\t\t\t\t\t<div class=\"elementor-field-type-select elementor-field-group elementor-column elementor-field-group-field_30385a1 elementor-col-100 elementor-field-type-select-multiple elementor-field-required elementor-mark-required\">\n\t\t\t\t\t\t\t\t\t\t\t\t<label for=\"form-field-field_30385a1\" class=\"elementor-field-label\">\n\t\t\t\t\t\t\t\t6. Avez-vous un type de bateau pr\u00e9f\u00e9r\u00e9?\t\t\t\t\t\t\t<\/label>\n\t\t\t\t\t\t\t\t<div class=\"elementor-field elementor-select-wrapper remove-before \">\n\t\t\t<div class=\"select-caret-down-wrapper\">\n\t\t\t\t\t\t\t<\/div>\n\t\t\t<select name=\"form_fields[field_30385a1][]\" id=\"form-field-field_30385a1\" class=\"elementor-field-textual elementor-size-sm\" required=\"required\" multiple=\"\" size=\"7\">\n\t\t\t\t\t\t\t\t\t<option value=\"Catamaran\">Catamaran<\/option>\n\t\t\t\t\t\t\t\t\t<option value=\"Voilier\">Voilier<\/option>\n\t\t\t\t\t\t\t\t\t<option value=\"Bateau\">Bateau<\/option>\n\t\t\t\t\t\t\t\t\t<option value=\"Motoryacht\">Motoryacht<\/option>\n\t\t\t\t\t\t\t\t\t<option value=\"Gulet\">Gulet<\/option>\n\t\t\t\t\t\t\t\t\t<option value=\"Yacht de luxe\">Yacht de luxe<\/option>\n\t\t\t\t\t\t\t<\/select>\n\t\t<\/div>\n\t\t\t\t\t\t<\/div>\n\t\t\t\t\t\t\t\t<div class=\"elementor-field-type-select elementor-field-group elementor-column elementor-field-group-field_3573b62 elementor-col-100 elementor-field-required elementor-mark-required\">\n\t\t\t\t\t\t\t\t\t\t\t\t<label for=\"form-field-field_3573b62\" class=\"elementor-field-label\">\n\t\t\t\t\t\t\t\t7. Avez-vous besoin d\u2019un skipper?\t\t\t\t\t\t\t<\/label>\n\t\t\t\t\t\t\t\t<div class=\"elementor-field elementor-select-wrapper remove-before \">\n\t\t\t<div class=\"select-caret-down-wrapper\">\n\t\t\t\t<svg aria-hidden=\"true\" class=\"e-font-icon-svg e-eicon-caret-down\" viewBox=\"0 0 571.4 571.4\" xmlns=\"http:\/\/www.w3.org\/2000\/svg\"><path d=\"M571 393Q571 407 561 418L311 668Q300 679 286 679T261 668L11 418Q0 407 0 393T11 368 36 357H536Q550 357 561 368T571 393Z\"><\/path><\/svg>\t\t\t<\/div>\n\t\t\t<select name=\"form_fields[field_3573b62]\" id=\"form-field-field_3573b62\" class=\"elementor-field-textual elementor-size-sm\" required=\"required\">\n\t\t\t\t\t\t\t\t\t<option value=\"Oui, nous avons besoin d\u2019un skipper\">Oui, nous avons besoin d\u2019un skipper<\/option>\n\t\t\t\t\t\t\t\t\t<option value=\"Non, nous prendrons une charte bareboat\">Non, nous prendrons une charte bareboat<\/option>\n\t\t\t\t\t\t\t\t\t<option value=\"Je ne suis pas s\u00fbr, me guider\">Je ne suis pas s\u00fbr, me guider<\/option>\n\t\t\t\t\t\t\t<\/select>\n\t\t<\/div>\n\t\t\t\t\t\t<\/div>\n\t\t\t\t\t\t\t\t<div class=\"elementor-field-type-select elementor-field-group elementor-column elementor-field-group-field_2a3e87a elementor-col-100 elementor-field-required elementor-mark-required\">\n\t\t\t\t\t\t\t\t\t\t\t\t<label for=\"form-field-field_2a3e87a\" class=\"elementor-field-label\">\n\t\t\t\t\t\t\t\t8. Avez-vous besoin d\u2019un cuisinier?\t\t\t\t\t\t\t<\/label>\n\t\t\t\t\t\t\t\t<div class=\"elementor-field elementor-select-wrapper remove-before \">\n\t\t\t<div class=\"select-caret-down-wrapper\">\n\t\t\t\t<svg aria-hidden=\"true\" class=\"e-font-icon-svg e-eicon-caret-down\" viewBox=\"0 0 571.4 571.4\" xmlns=\"http:\/\/www.w3.org\/2000\/svg\"><path d=\"M571 393Q571 407 561 418L311 668Q300 679 286 679T261 668L11 418Q0 407 0 393T11 368 36 357H536Q550 357 561 368T571 393Z\"><\/path><\/svg>\t\t\t<\/div>\n\t\t\t<select name=\"form_fields[field_2a3e87a]\" id=\"form-field-field_2a3e87a\" class=\"elementor-field-textual elementor-size-sm\" required=\"required\">\n\t\t\t\t\t\t\t\t\t<option value=\"Oui, nous avons besoin d\u2019un cuisinier\">Oui, nous avons besoin d\u2019un cuisinier<\/option>\n\t\t\t\t\t\t\t\t\t<option value=\"Non, nous allons fournir et cuisiner nous-m\u00eames\">Non, nous allons fournir et cuisiner nous-m\u00eames<\/option>\n\t\t\t\t\t\t\t\t\t<option value=\"Je ne suis pas s\u00fbr, me guider\">Je ne suis pas s\u00fbr, me guider<\/option>\n\t\t\t\t\t\t\t<\/select>\n\t\t<\/div>\n\t\t\t\t\t\t<\/div>\n\t\t\t\t\t\t\t\t<div class=\"elementor-field-type-text elementor-field-group elementor-column elementor-field-group-field_2ef9adc elementor-col-100 elementor-field-required elementor-mark-required\">\n\t\t\t\t\t\t\t\t\t\t\t\t<label for=\"form-field-field_2ef9adc\" class=\"elementor-field-label\">\n\t\t\t\t\t\t\t\t9. De combien de cabines avez-vous besoin?\t\t\t\t\t\t\t<\/label>\n\t\t\t\t\t\t\t\t\t\t\t\t\t\t<input size=\"1\" type=\"text\" name=\"form_fields[field_2ef9adc]\" id=\"form-field-field_2ef9adc\" class=\"elementor-field elementor-size-sm  elementor-field-textual\" placeholder=\"... sans compter les cabines d\u2019\u00e9quipage potentielles...  \" required=\"required\">\n\t\t\t\t\t\t\t\t\t\t\t<\/div>\n\t\t\t\t\t\t\t\t<div class=\"elementor-field-type-text elementor-field-group elementor-column elementor-field-group-field_517faeb elementor-col-100 elementor-field-required elementor-mark-required\">\n\t\t\t\t\t\t\t\t\t\t\t\t<label for=\"form-field-field_517faeb\" class=\"elementor-field-label\">\n\t\t\t\t\t\t\t\t10. Combien \u00eates-vous?\t\t\t\t\t\t\t<\/label>\n\t\t\t\t\t\t\t\t\t\t\t\t\t\t<input size=\"1\" type=\"text\" name=\"form_fields[field_517faeb]\" id=\"form-field-field_517faeb\" class=\"elementor-field elementor-size-sm  elementor-field-textual\" placeholder=\"Nombre d\u2019invit\u00e9s\" required=\"required\">\n\t\t\t\t\t\t\t\t\t\t\t<\/div>\n\t\t\t\t\t\t\t\t<div class=\"elementor-field-type-text elementor-field-group elementor-column elementor-field-group-field_f9eecbc elementor-col-100 elementor-field-required elementor-mark-required\">\n\t\t\t\t\t\t\t\t\t\t\t\t<label for=\"form-field-field_f9eecbc\" class=\"elementor-field-label\">\n\t\t\t\t\t\t\t\t11. Quel est votre budget maximum pour les bateaux?\t\t\t\t\t\t\t<\/label>\n\t\t\t\t\t\t\t\t\t\t\t\t\t\t<input size=\"1\" type=\"text\" name=\"form_fields[field_f9eecbc]\" id=\"form-field-field_f9eecbc\" class=\"elementor-field elementor-size-sm  elementor-field-textual\" placeholder=\"Nous avons 13.000 bateaux disponibles. Le budget maximum nous aidera \u00e0 affiner votre recherche.  \" required=\"required\">\n\t\t\t\t\t\t\t\t\t\t\t<\/div>\n\t\t\t\t\t\t\t\t<div class=\"elementor-field-type-textarea elementor-field-group elementor-column elementor-field-group-field_e0838e3 elementor-col-100\">\n\t\t\t\t\t\t\t\t\t\t\t\t<label for=\"form-field-field_e0838e3\" class=\"elementor-field-label\">\n\t\t\t\t\t\t\t\t12. Message suppl\u00e9mentaire pour nous:\t\t\t\t\t\t\t<\/label>\n\t\t\t\t\t\t<textarea class=\"elementor-field-textual elementor-field  elementor-size-sm\" name=\"form_fields[field_e0838e3]\" id=\"form-field-field_e0838e3\" rows=\"5\" placeholder=\"Plus vous nous donnez d\u2019informations, mieux nous pouvons vous aider. S\u2019il vous pla\u00eet, dites-nous s\u2019il ya autre chose que nous devrions consid\u00e9rer lors de la recherche de votre bateau. Vous pouvez laisser ce vide ou tout simplement dire \u00ab&nbsp;bonjour&nbsp;\u00bb ;-)\"><\/textarea>\t\t\t\t<\/div>\n\t\t\t\t\t\t\t\t<div class=\"elementor-field-type-recaptcha_v3 elementor-field-group elementor-column elementor-field-group-field_4ccb3a5 elementor-col-100 recaptcha_v3-bottomright\">\n\t\t\t\t\t<div class=\"elementor-field\" id=\"form-field-field_4ccb3a5\"><div class=\"elementor-g-recaptcha\" data-sitekey=\"6LfHt6kZAAAAANj-dshT1u2Pnh9JOR8ReW8dzxG1\" data-type=\"v3\" data-action=\"Form\" data-badge=\"bottomright\" data-size=\"invisible\"><\/div><\/div>\t\t\t\t<\/div>\n\t\t\t\t\t\t\t\t<div class=\"elementor-field-group elementor-column elementor-field-type-submit elementor-col-100 e-form__buttons\">\n\t\t\t\t\t<button class=\"elementor-button elementor-size-md\" type=\"submit\">\n\t\t\t\t\t\t<span class=\"elementor-button-content-wrapper\">\n\t\t\t\t\t\t\t\t\t\t\t\t\t\t\t\t\t\t\t\t\t\t<span class=\"elementor-button-text\">Envoyer<\/span>\n\t\t\t\t\t\t\t\t\t\t\t\t\t<\/span>\n\t\t\t\t\t<\/button>\n\t\t\t\t<\/div>\n\t\t\t<\/div>\n\t\t<\/form>\n\t\t\t\t\t\t<\/div>\n\t\t\t\t<\/div>\n\t\t\t\t\t<\/div>\n\t\t<\/div>\n\t\t\t\t<div class=\"elementor-column elementor-col-16 elementor-top-column elementor-element elementor-element-b7496ba\" data-id=\"b7496ba\" data-element_type=\"column\" data-e-type=\"column\">\n\t\t\t<div class=\"elementor-widget-wrap\">\n\t\t\t\t\t\t\t<\/div>\n\t\t<\/div>\n\t\t\t\t\t<\/div>\n\t\t<\/section>\n\t\t\t\t<\/div>\n\t\t","protected":false},"excerpt":{"rendered":"<p>Laissez-nous vous aider Obtenez les meilleures offres de bateau sur votre e-mail Remplissez le formulaire ci-dessous, nous allons v\u00e9rifier toute la disponibilit\u00e9 du yacht, et envoyer des offres \u00e0 votre e-mail. En plus des meilleures offres de bateau, vous obtiendrez: &#8211; Gestionnaire d\u00e9di\u00e9 pour vous aider &#8211; Plus d\u2019infos sur la fa\u00e7on de louer un [&hellip;]<\/p>\n","protected":false},"author":2,"featured_media":408270,"parent":0,"menu_order":0,"comment_status":"closed","ping_status":"closed","template":"","meta":{"footnotes":""},"class_list":["post-69296","page","type-page","status-publish","has-post-thumbnail","hentry"],"_links":{"self":[{"href":"https:\/\/skippercity.com\/fr\/wp-json\/wp\/v2\/pages\/69296","targetHints":{"allow":["GET"]}}],"collection":[{"href":"https:\/\/skippercity.com\/fr\/wp-json\/wp\/v2\/pages"}],"about":[{"href":"https:\/\/skippercity.com\/fr\/wp-json\/wp\/v2\/types\/page"}],"author":[{"embeddable":true,"href":"https:\/\/skippercity.com\/fr\/wp-json\/wp\/v2\/users\/2"}],"replies":[{"embeddable":true,"href":"https:\/\/skippercity.com\/fr\/wp-json\/wp\/v2\/comments?post=69296"}],"version-history":[{"count":0,"href":"https:\/\/skippercity.com\/fr\/wp-json\/wp\/v2\/pages\/69296\/revisions"}],"wp:featuredmedia":[{"embeddable":true,"href":"https:\/\/skippercity.com\/fr\/wp-json\/wp\/v2\/media\/408270"}],"wp:attachment":[{"href":"https:\/\/skippercity.com\/fr\/wp-json\/wp\/v2\/media?parent=69296"}],"curies":[{"name":"wp","href":"https:\/\/api.w.org\/{rel}","templated":true}]}}