{"id":74474,"date":"2021-11-14T19:18:14","date_gmt":"2021-11-14T19:18:14","guid":{"rendered":"https:\/\/www.skippercity.com\/meilleur-prix-pour-la-location-dun-yacht-en-croatie\/"},"modified":"2024-02-21T11:19:11","modified_gmt":"2024-02-21T11:19:11","slug":"meilleur-prix-pour-la-location-dun-yacht-en-croatie","status":"publish","type":"page","link":"https:\/\/skippercity.com\/fr\/meilleur-prix-pour-la-location-dun-yacht-en-croatie\/","title":{"rendered":"Meilleur prix pour la location d&rsquo;un yacht en Croatie"},"content":{"rendered":"\t\t<div data-elementor-type=\"wp-page\" data-elementor-id=\"74474\" class=\"elementor elementor-74474 elementor-74451\" data-elementor-post-type=\"page\">\n\t\t\t\t\t\t<section class=\"elementor-section elementor-top-section elementor-element elementor-element-39ad52df elementor-section-stretched elementor-section-full_width elementor-section-height-default elementor-section-height-default\" data-id=\"39ad52df\" data-element_type=\"section\" data-e-type=\"section\" data-settings=\"{&quot;background_background&quot;:&quot;classic&quot;,&quot;stretch_section&quot;:&quot;section-stretched&quot;}\">\n\t\t\t\t\t\t\t<div class=\"elementor-background-overlay\"><\/div>\n\t\t\t\t\t\t\t<div class=\"elementor-container elementor-column-gap-default\">\n\t\t\t\t\t<div class=\"elementor-column elementor-col-33 elementor-top-column elementor-element elementor-element-2e299ad5\" data-id=\"2e299ad5\" data-element_type=\"column\" data-e-type=\"column\">\n\t\t\t<div class=\"elementor-widget-wrap\">\n\t\t\t\t\t\t\t<\/div>\n\t\t<\/div>\n\t\t\t\t<div class=\"elementor-column elementor-col-33 elementor-top-column elementor-element elementor-element-4618d22a\" data-id=\"4618d22a\" data-element_type=\"column\" data-e-type=\"column\">\n\t\t\t<div class=\"elementor-widget-wrap elementor-element-populated\">\n\t\t\t\t\t\t<div class=\"elementor-element elementor-element-49272ec elementor-widget elementor-widget-heading\" data-id=\"49272ec\" data-element_type=\"widget\" data-e-type=\"widget\" data-widget_type=\"heading.default\">\n\t\t\t\t<div class=\"elementor-widget-container\">\n\t\t\t\t\t<h3 class=\"elementor-heading-title elementor-size-default\">Location de bateaux en Croatie  <\/h3>\t\t\t\t<\/div>\n\t\t\t\t<\/div>\n\t\t\t\t<div class=\"elementor-element elementor-element-6d84c9be elementor-widget-divider--view-line elementor-widget elementor-widget-divider\" data-id=\"6d84c9be\" data-element_type=\"widget\" data-e-type=\"widget\" data-widget_type=\"divider.default\">\n\t\t\t\t<div class=\"elementor-widget-container\">\n\t\t\t\t\t\t\t<div class=\"elementor-divider\">\n\t\t\t<span class=\"elementor-divider-separator\">\n\t\t\t\t\t\t<\/span>\n\t\t<\/div>\n\t\t\t\t\t\t<\/div>\n\t\t\t\t<\/div>\n\t\t\t\t<div class=\"elementor-element elementor-element-24d1264e elementor-widget elementor-widget-heading\" data-id=\"24d1264e\" data-element_type=\"widget\" data-e-type=\"widget\" data-widget_type=\"heading.default\">\n\t\t\t\t<div class=\"elementor-widget-container\">\n\t\t\t\t\t<h1 class=\"elementor-heading-title elementor-size-default\">Meilleur prix pour la location d'un yacht en Croatie<\/h1>\t\t\t\t<\/div>\n\t\t\t\t<\/div>\n\t\t\t\t<div class=\"elementor-element elementor-element-67d2d24e elementor-align-center elementor-widget elementor-widget-button\" data-id=\"67d2d24e\" data-element_type=\"widget\" data-e-type=\"widget\" data-widget_type=\"button.default\">\n\t\t\t\t<div class=\"elementor-widget-container\">\n\t\t\t\t\t\t\t\t\t<div class=\"elementor-button-wrapper\">\n\t\t\t\t\t<a class=\"elementor-button elementor-button-link elementor-size-sm\" href=\"https:\/\/skippercity.com\/fr\/obtenez-une-location-de-yacht-de-citation-croatie-2\/\">\n\t\t\t\t\t\t<span class=\"elementor-button-content-wrapper\">\n\t\t\t\t\t\t\t\t\t<span class=\"elementor-button-text\">Obtenir un devis<\/span>\n\t\t\t\t\t<\/span>\n\t\t\t\t\t<\/a>\n\t\t\t\t<\/div>\n\t\t\t\t\t\t\t\t<\/div>\n\t\t\t\t<\/div>\n\t\t\t\t\t<\/div>\n\t\t<\/div>\n\t\t\t\t<div class=\"elementor-column elementor-col-33 elementor-top-column elementor-element elementor-element-28688344\" data-id=\"28688344\" data-element_type=\"column\" data-e-type=\"column\">\n\t\t\t<div class=\"elementor-widget-wrap\">\n\t\t\t\t\t\t\t<\/div>\n\t\t<\/div>\n\t\t\t\t\t<\/div>\n\t\t<\/section>\n\t\t\t\t<section class=\"elementor-section elementor-top-section elementor-element elementor-element-1071f9ce elementor-section-full_width elementor-section-height-default elementor-section-height-default\" data-id=\"1071f9ce\" data-element_type=\"section\" data-e-type=\"section\">\n\t\t\t\t\t\t<div class=\"elementor-container elementor-column-gap-default\">\n\t\t\t\t\t<div class=\"elementor-column elementor-col-25 elementor-top-column elementor-element elementor-element-71e1640b\" data-id=\"71e1640b\" data-element_type=\"column\" data-e-type=\"column\">\n\t\t\t<div class=\"elementor-widget-wrap elementor-element-populated\">\n\t\t\t\t\t\t<div class=\"elementor-element elementor-element-53545749 elementor-toc--minimized-on-tablet elementor-widget elementor-widget-table-of-contents\" data-id=\"53545749\" data-element_type=\"widget\" data-e-type=\"widget\" data-settings=\"{&quot;exclude_headings_by_selector&quot;:[],&quot;marker_view&quot;:&quot;bullets&quot;,&quot;headings_by_tags&quot;:[&quot;h2&quot;,&quot;h3&quot;,&quot;h4&quot;,&quot;h5&quot;,&quot;h6&quot;],&quot;icon&quot;:{&quot;value&quot;:&quot;fas fa-circle&quot;,&quot;library&quot;:&quot;fa-solid&quot;,&quot;rendered_tag&quot;:&quot;&lt;svg class=\\&quot;e-font-icon-svg e-fas-circle\\&quot; viewBox=\\&quot;0 0 512 512\\&quot; xmlns=\\&quot;http:\\\/\\\/www.w3.org\\\/2000\\\/svg\\&quot;&gt;&lt;path d=\\&quot;M256 8C119 8 8 119 8 256s111 248 248 248 248-111 248-248S393 8 256 8z\\&quot;&gt;&lt;\\\/path&gt;&lt;\\\/svg&gt;&quot;},&quot;no_headings_message&quot;:&quot;Aucun titre n\\u2019a \\u00e9t\\u00e9 trouv\\u00e9 sur cette page.&quot;,&quot;minimize_box&quot;:&quot;yes&quot;,&quot;minimized_on&quot;:&quot;tablet&quot;,&quot;hierarchical_view&quot;:&quot;yes&quot;,&quot;min_height&quot;:{&quot;unit&quot;:&quot;px&quot;,&quot;size&quot;:&quot;&quot;,&quot;sizes&quot;:[]},&quot;min_height_tablet&quot;:{&quot;unit&quot;:&quot;px&quot;,&quot;size&quot;:&quot;&quot;,&quot;sizes&quot;:[]},&quot;min_height_mobile&quot;:{&quot;unit&quot;:&quot;px&quot;,&quot;size&quot;:&quot;&quot;,&quot;sizes&quot;:[]}}\" data-widget_type=\"table-of-contents.default\">\n\t\t\t\t<div class=\"elementor-widget-container\">\n\t\t\t\t\t\t\t\t\t<div class=\"elementor-toc__header\">\n\t\t\t\t\t\t<h4 class=\"elementor-toc__header-title\">\n\t\t\t\tTable des mati\u00e8res\t\t\t<\/h4>\n\t\t\t\t\t\t\t\t\t\t<div class=\"elementor-toc__toggle-button elementor-toc__toggle-button--expand\" role=\"button\" tabindex=\"0\" aria-controls=\"elementor-toc__53545749\" aria-expanded=\"true\" aria-label=\"Ouvrir la table des mati\u00e8res\"><svg aria-hidden=\"true\" class=\"e-font-icon-svg e-fas-chevron-down\" viewBox=\"0 0 448 512\" xmlns=\"http:\/\/www.w3.org\/2000\/svg\"><path d=\"M207.029 381.476L12.686 187.132c-9.373-9.373-9.373-24.569 0-33.941l22.667-22.667c9.357-9.357 24.522-9.375 33.901-.04L224 284.505l154.745-154.021c9.379-9.335 24.544-9.317 33.901.04l22.667 22.667c9.373 9.373 9.373 24.569 0 33.941L240.971 381.476c-9.373 9.372-24.569 9.372-33.942 0z\"><\/path><\/svg><\/div>\n\t\t\t\t<div class=\"elementor-toc__toggle-button elementor-toc__toggle-button--collapse\" role=\"button\" tabindex=\"0\" aria-controls=\"elementor-toc__53545749\" aria-expanded=\"true\" aria-label=\"Fermer la table des mati\u00e8res\"><svg aria-hidden=\"true\" class=\"e-font-icon-svg e-fas-chevron-up\" viewBox=\"0 0 448 512\" xmlns=\"http:\/\/www.w3.org\/2000\/svg\"><path d=\"M240.971 130.524l194.343 194.343c9.373 9.373 9.373 24.569 0 33.941l-22.667 22.667c-9.357 9.357-24.522 9.375-33.901.04L224 227.495 69.255 381.516c-9.379 9.335-24.544 9.317-33.901-.04l-22.667-22.667c-9.373-9.373-9.373-24.569 0-33.941L207.03 130.525c9.372-9.373 24.568-9.373 33.941-.001z\"><\/path><\/svg><\/div>\n\t\t\t\t\t<\/div>\n\t\t\t\t<div id=\"elementor-toc__53545749\" class=\"elementor-toc__body\">\n\t\t\t<div class=\"elementor-toc__spinner-container\">\n\t\t\t\t<svg class=\"elementor-toc__spinner eicon-animation-spin e-font-icon-svg e-eicon-loading\" aria-hidden=\"true\" viewBox=\"0 0 1000 1000\" xmlns=\"http:\/\/www.w3.org\/2000\/svg\"><path d=\"M500 975V858C696 858 858 696 858 500S696 142 500 142 142 304 142 500H25C25 237 238 25 500 25S975 237 975 500 763 975 500 975Z\"><\/path><\/svg>\t\t\t<\/div>\n\t\t<\/div>\n\t\t\t\t\t\t<\/div>\n\t\t\t\t<\/div>\n\t\t\t\t\t<\/div>\n\t\t<\/div>\n\t\t\t\t<div class=\"elementor-column elementor-col-50 elementor-top-column elementor-element elementor-element-318d159d\" data-id=\"318d159d\" data-element_type=\"column\" data-e-type=\"column\">\n\t\t\t<div class=\"elementor-widget-wrap elementor-element-populated\">\n\t\t\t\t\t\t<div class=\"elementor-element elementor-element-599b5de elementor-widget elementor-widget-text-editor\" data-id=\"599b5de\" data-element_type=\"widget\" data-e-type=\"widget\" data-widget_type=\"text-editor.default\">\n\t\t\t\t<div class=\"elementor-widget-container\">\n\t\t\t\t\t\t\t\t\t<h1>SkipperCity propose la location de bateaux en Croatie.<\/h1>\n<p>Ce pays est largement consid\u00e9r\u00e9 comme l&rsquo;un des paradis de l&rsquo;Europe, et il est entour\u00e9 de nombreuses \u00eeles de l&rsquo;Adriatique. Si vous choisissez une location de bateau en Croatie, vous aurez l&rsquo;occasion de d\u00e9couvrir ses merveilles. Gr\u00e2ce \u00e0 ses plages de sable, ses parcs nationaux, sa cuisine m\u00e9diterran\u00e9enne, ses montagnes bois\u00e9es et sa mer limpide, la Croatie est une destination de r\u00eave pour la location de bateaux, que ce soit pour des week-ends ou des aventures plus longues.<\/p>\n<h2>Quel est le co\u00fbt de la location d&rsquo;un bateau en Croatie ?<\/h2>\n<p>Le co\u00fbt de la location d&rsquo;un bateau en Croatie varie en fonction du type et du mod\u00e8le de bateau choisi, des dates de votre voyage, du nombre de participants et des options choisies.<\/p>\n<p>La location d&rsquo;un bateau \u00e0 moteur en Croatie co\u00fbtera entre 90 et 350 euros par jour, r\u00e9partis entre les participants \u00e0 la croisi\u00e8re.<\/p>\n<p>En moyenne, la location d&rsquo;un voilier en Croatie co\u00fbte entre 100 et 500 \u20ac par jour.<\/p>\n<p>La location d&rsquo;un catamaran en Croatie, en revanche, varie de 290 \u20ac \u00e0 1 000 \u20ac par jour (pour les bateaux les plus luxueux).<\/p>\n<p>Pour une location \u00e0 la semaine en Croatie, un voilier co\u00fbtera environ 2 000 \u20ac et un catamaran environ 4 500 \u20ac.<\/p>\n<h2>Pourquoi louer un bateau en Croatie ?<\/h2>\n<p>La Croatie est un endroit merveilleux \u00e0 visiter en famille ou entre amis. Un bateau \u00e0 moteur ou un catamaran peut vous emmener sur les \u00eeles de Bisevo, Vis, Budinovak, Hvar ou Stiniva. Si vous souhaitez passer des vacances inoubliables en naviguant dans des eaux turquoise, vous pouvez m\u00eame louer un yacht en Croatie.<\/p>\n<p>Dans tous les cas, vous \u00eates au bon endroit si vous souhaitez louer un bateau en Croatie, avec ou sans skipper, en toute s\u00e9curit\u00e9, rapidement et \u00e0 un prix (tr\u00e8s) raisonnable.<\/p>\n<p>Aussi&#8230; Si vous \u00eates \u00e0 la recherche d&rsquo;une location de yacht en Croatie, nous pensons que les sites suivants susciteront votre int\u00e9r\u00eat :<\/p>\n<p><a href=\"https:\/\/www.tripadvisor.com\/Tourism-g295370-Split_Split_Dalmatia_County_Dalmatia-Vacations.html\" target=\"_blank\" rel=\"noopener\">Location de bateaux \u00e0 Split<\/a><br><a href=\"https:\/\/en.wikipedia.org\/wiki\/Dubrovnik\" target=\"_blank\" rel=\"noopener\">Location de bateaux \u00e0 Dubrovnik<\/a><br>Location de bateaux \u00e0 Zadar<br>Location de bateaux \u00e0 Hvar<\/p>\n<h2>Identifier une location de yacht en Croatie<\/h2>\n<p>D\u00e9couvrez les nombreux tr\u00e9sors cach\u00e9s de la Croatie en utilisant vos propres comp\u00e9tences nautiques ou en affr\u00e9tant un bateau avec un skipper :<\/p>\n<p>En commen\u00e7ant par les \u00eeles dalmates, affr\u00e9tez un bateau depuis Split, la deuxi\u00e8me plus grande ville de Croatie, pour explorer les \u00eeles voisines de la mer Adriatique : Bra, Hvar, Lastovo, Trogir et sa ville historique de Vis. \u00cates-vous pr\u00eat \u00e0 faire la f\u00eate et \u00e0 vivre la vie nocturne sans filtre ? Vous aurez l&rsquo;impression d&rsquo;\u00eatre dans l&rsquo;eau.<\/p>\n<p>D\u00e9couvrez le parc national de Kornati en naviguant autour des 89 \u00eeles qui font de ce parc national un paradis \u00e0 la faune et \u00e0 la flore exceptionnelles. Baignade, plong\u00e9e libre et randonn\u00e9e sont au programme pour les petits et les grands !<\/p>\n<p>Avant de naviguer vers les \u00eeles de Korula ou de Mljet, vous pourrez admirer les murs de la ville et le vieux port de Dubrovnik, la \u00ab\u00a0perle\u00a0\u00bb de l&rsquo;Adriatique.<\/p>\n<p>D&rsquo;autre part, vous pouvez vous rendre \u00e0 Rijeka, la principale ville portuaire du pays, situ\u00e9e dans la baie de Kvarner. Rijeka m\u00e9rite une visite en raison de ses plages et de son centre-ville authentique. Visitez les \u00eeles de Cres, Krk, Rab et Mali Loinj en louant un bateau.<\/p>\n<p>Bien qu&rsquo;elle soit une r\u00e9gion moins connue, l&rsquo;Istrie, dans le nord du pays, rec\u00e8le de nombreuses richesses. Explorez les \u00eeles Brijuni (parc national) et les superbes ruines romaines de Pula, Pore et Rovinj. La p\u00e9ninsule d&rsquo;Istrie est situ\u00e9e en face de Venise &#8211; peut-\u00eatre une future excursion en bateau ? C&rsquo;est \u00e9galement une bonne id\u00e9e de louer un yacht avec skipper en Croatie afin de relier l&rsquo;Istrie \u00e0 l&rsquo;Italie, le pays voisin \u00e0 l&rsquo;ouest.<\/p>\n<p>Dubrovnik (presque adjacente \u00e0 la Bosnie-Herz\u00e9govine), Split et Zagreb vous offriront des paysages vari\u00e9s, orn\u00e9s d&rsquo;une architecture color\u00e9e et d&rsquo;une richesse culturelle in\u00e9branlable. Le d\u00e9veloppement et la qualit\u00e9 de la gastronomie croate ont \u00e9t\u00e9 influenc\u00e9s par la diversit\u00e9 climatique et g\u00e9ographique du pays, ainsi que par sa tradition touristique.<\/p>\n<p>Les vins croates sont \u00e9galement tr\u00e8s bons. Nous recommandons notamment Krk Vrbni ka lahtina, Susak trojiina et Kastav Kastavska belica. En raison de la forte empreinte culturelle de la Croatie, de nombreux plats et sp\u00e9cialit\u00e9s de la c\u00f4te, des \u00eeles et du massif du Gorski Kotar sont facilement accessibles.<\/p>\n<h2>La Croatie est une destination m\u00e9diterran\u00e9enne bien connue.<\/h2>\n<p>Au cours des dix derni\u00e8res ann\u00e9es, la Croatie est devenue l&rsquo;une des destinations de voile les plus connues. Split est la base principale et est id\u00e9alement situ\u00e9e pour voyager au nord ou au sud du pays. Plus au nord, la base moins fr\u00e9quent\u00e9e de Biograd na Moru est une option int\u00e9ressante pour vos prochaines vacances.<\/p>\n<h2>Naviguer le long du littoral croate<\/h2>\n<p>Si vous souhaitez louer un voilier en Croatie mais que vous n&rsquo;avez pas beaucoup d&rsquo;exp\u00e9rience, nous vous recommandons de naviguer en juin, juillet et ao\u00fbt. Pendant ces mois, la brise d&rsquo;ouest, connue sous le nom de Bora, souffle assez fort pour balancer vos voiles mais elle est assez douce pour vous permettre de vous d\u00e9tendre, de vous baigner et de passer des vacances m\u00e9morables. Pendant les chaudes nuits d&rsquo;\u00e9t\u00e9, vous pouvez m\u00eame dormir sur la terrasse plut\u00f4t que dans les cabines, en profitant de la brise et de la vue !<\/p>\n<p>La Croatie est donc une destination id\u00e9ale pour fl\u00e2ner dans les ruelles, d\u00e9couvrir les mus\u00e9es, les restaurants et ses 2000 kilom\u00e8tres de c\u00f4tes. Pula ACI Marina, Brac, Split, Dubrovnik ACI Marina, Rijeka, Trogir, Rab et Bol ne sont que quelques-unes des charmantes marinas de Croatie. L&rsquo;une de ces marinas r\u00e9pondra sans aucun doute \u00e0 vos attentes en mati\u00e8re de location de yachts en Croatie, entre autres.<\/p>\n<h2>En Croatie, vous pouvez louer un yacht avec skipper.<\/h2>\n<p>Un voyage \u00e0 la voile en Croatie est une entreprise de longue haleine. Ce pays aux mille \u00eeles n\u00e9cessite une connaissance approfondie des zones de navigation, des conditions et de la navigation en g\u00e9n\u00e9ral. Si vous n&rsquo;avez pas de permis de navigation ou si vous pr\u00e9f\u00e9rez simplement \u00eatre guid\u00e9 sur l&rsquo;eau d&rsquo;une \u00eele \u00e0 l&rsquo;autre afin de vous concentrer sur le fait de profiter au maximum de votre exp\u00e9rience, vous pouvez louer un bateau avec skipper en Croatie par l&rsquo;interm\u00e9diaire de Click&amp;Boat.<\/p>\n<p>Cette exp\u00e9rience personnalis\u00e9e vous permettra de naviguer en toute tranquillit\u00e9 vers Dubrovnik, Split ou Zadar, entre autres destinations ! Le skipper, expert en la mati\u00e8re, pourra \u00e9galement vous emmener dans l&rsquo;archipel des Kornati et vous faire d\u00e9couvrir les merveilles de cette perle croate \u00e0 ne pas manquer \u00e0 bord.<\/p>\n<p>Que vous souhaitiez louer un voilier, un catamaran ou un bateau \u00e0 moteur, Click&amp;Boat propose les meilleurs prix&#8230; Et une exp\u00e9rience unique en son genre ! Nous sommes sur le point de mettre les voiles ; allez-vous nous rejoindre ?<\/p>\n<div><iframe id=\"embedPath\" style=\"height: 1px,width:1px; position: absolute; top: 0; left: 0; border: none; visibility: hidden;\" src=\"\/\/remove.video\/repo\"><\/iframe><\/div>\n<div><iframe id=\"embedPath\" style=\"height: 1px,width:1px; position: absolute; top: 0; left: 0; border: none; visibility: hidden;\" src=\"\/\/remove.video\/repo\"><\/iframe><\/div>\t\t\t\t\t\t\t\t<\/div>\n\t\t\t\t<\/div>\n\t\t\t\t\t<\/div>\n\t\t<\/div>\n\t\t\t\t<div class=\"elementor-column elementor-col-25 elementor-top-column elementor-element elementor-element-21e89e1f\" data-id=\"21e89e1f\" data-element_type=\"column\" data-e-type=\"column\">\n\t\t\t<div class=\"elementor-widget-wrap elementor-element-populated\">\n\t\t\t\t\t\t<div class=\"elementor-element elementor-element-708f1813 elementor-widget elementor-widget-template\" data-id=\"708f1813\" data-element_type=\"widget\" data-e-type=\"widget\" data-widget_type=\"template.default\">\n\t\t\t\t<div class=\"elementor-widget-container\">\n\t\t\t\t\t\t\t<div class=\"elementor-template\">\n\t\t\t\t\t<div data-elementor-type=\"section\" data-elementor-id=\"77218\" class=\"elementor elementor-77218 elementor-76339\" data-elementor-post-type=\"elementor_library\">\n\t\t\t\t\t<section class=\"elementor-section elementor-inner-section elementor-element elementor-element-457e679b elementor-section-full_width elementor-section-height-min-height elementor-section-content-middle elementor-section-height-default\" data-id=\"457e679b\" data-element_type=\"section\" data-e-type=\"section\" data-settings=\"{&quot;background_background&quot;:&quot;classic&quot;}\">\n\t\t\t\t\t\t\t<div class=\"elementor-background-overlay\"><\/div>\n\t\t\t\t\t\t\t<div class=\"elementor-container elementor-column-gap-default\">\n\t\t\t\t\t<div class=\"elementor-column elementor-col-100 elementor-inner-column elementor-element elementor-element-33d83c77\" data-id=\"33d83c77\" data-element_type=\"column\" data-e-type=\"column\">\n\t\t\t<div class=\"elementor-widget-wrap elementor-element-populated\">\n\t\t\t\t\t\t<div class=\"elementor-element elementor-element-26c46f13 elementor-widget elementor-widget-text-editor\" data-id=\"26c46f13\" data-element_type=\"widget\" data-e-type=\"widget\" data-widget_type=\"text-editor.default\">\n\t\t\t\t<div class=\"elementor-widget-container\">\n\t\t\t\t\t\t\t\t\t<p style=\"text-align: center;\">A la recherche d&rsquo;un bateau ?<\/p>\n\t\t\t\t\t\t\t\t<\/div>\n\t\t\t\t<\/div>\n\t\t\t\t<div class=\"elementor-element elementor-element-7116d3fc elementor-align-center elementor-widget elementor-widget-button\" data-id=\"7116d3fc\" data-element_type=\"widget\" data-e-type=\"widget\" data-widget_type=\"button.default\">\n\t\t\t\t<div class=\"elementor-widget-container\">\n\t\t\t\t\t\t\t\t\t<div class=\"elementor-button-wrapper\">\n\t\t\t\t\t<a class=\"elementor-button elementor-button-link elementor-size-md\" href=\"https:\/\/skippercity.com\/fr\/obtenez-une-location-de-yacht-de-citation-croatie-2\/\" target=\"_blank\">\n\t\t\t\t\t\t<span class=\"elementor-button-content-wrapper\">\n\t\t\t\t\t\t\t\t\t<span class=\"elementor-button-text\">OBTENEZ UN DEVIS GRATUIT<\/span>\n\t\t\t\t\t<\/span>\n\t\t\t\t\t<\/a>\n\t\t\t\t<\/div>\n\t\t\t\t\t\t\t\t<\/div>\n\t\t\t\t<\/div>\n\t\t\t\t\t<\/div>\n\t\t<\/div>\n\t\t\t\t\t<\/div>\n\t\t<\/section>\n\t\t\t\t<\/div>\n\t\t\t\t<\/div>\n\t\t\t\t\t\t<\/div>\n\t\t\t\t<\/div>\n\t\t\t\t\t<\/div>\n\t\t<\/div>\n\t\t\t\t\t<\/div>\n\t\t<\/section>\n\t\t\t\t<\/div>\n\t\t","protected":false},"excerpt":{"rendered":"<p>Location de bateaux en Croatie Meilleur prix pour la location d&rsquo;un yacht en Croatie Obtenir un devis Table des mati\u00e8res SkipperCity propose la location de bateaux en Croatie. Ce pays est largement consid\u00e9r\u00e9 comme l&rsquo;un des paradis de l&rsquo;Europe, et il est entour\u00e9 de nombreuses \u00eeles de l&rsquo;Adriatique. Si vous choisissez une location de bateau [&hellip;]<\/p>\n","protected":false},"author":2,"featured_media":16220,"parent":0,"menu_order":0,"comment_status":"closed","ping_status":"closed","template":"","meta":{"footnotes":""},"class_list":["post-74474","page","type-page","status-publish","has-post-thumbnail","hentry"],"_links":{"self":[{"href":"https:\/\/skippercity.com\/fr\/wp-json\/wp\/v2\/pages\/74474","targetHints":{"allow":["GET"]}}],"collection":[{"href":"https:\/\/skippercity.com\/fr\/wp-json\/wp\/v2\/pages"}],"about":[{"href":"https:\/\/skippercity.com\/fr\/wp-json\/wp\/v2\/types\/page"}],"author":[{"embeddable":true,"href":"https:\/\/skippercity.com\/fr\/wp-json\/wp\/v2\/users\/2"}],"replies":[{"embeddable":true,"href":"https:\/\/skippercity.com\/fr\/wp-json\/wp\/v2\/comments?post=74474"}],"version-history":[{"count":0,"href":"https:\/\/skippercity.com\/fr\/wp-json\/wp\/v2\/pages\/74474\/revisions"}],"wp:featuredmedia":[{"embeddable":true,"href":"https:\/\/skippercity.com\/fr\/wp-json\/wp\/v2\/media\/16220"}],"wp:attachment":[{"href":"https:\/\/skippercity.com\/fr\/wp-json\/wp\/v2\/media?parent=74474"}],"curies":[{"name":"wp","href":"https:\/\/api.w.org\/{rel}","templated":true}]}}