{"id":151935,"date":"2022-02-03T09:16:57","date_gmt":"2022-02-03T09:16:57","guid":{"rendered":"https:\/\/www.skippercity.com\/noleggio-catamarani-croazia\/"},"modified":"2025-03-06T14:37:13","modified_gmt":"2025-03-06T14:37:13","slug":"noleggio-catamarani-croazia","status":"publish","type":"page","link":"https:\/\/skippercity.com\/it\/noleggio-catamarani-croazia\/","title":{"rendered":"Noleggio catamarani Croazia"},"content":{"rendered":"\t\t<div data-elementor-type=\"wp-page\" data-elementor-id=\"151935\" class=\"elementor elementor-151935 elementor-151927\" data-elementor-post-type=\"page\">\n\t\t\t\t\t\t<section class=\"elementor-section elementor-top-section elementor-element elementor-element-16f1fdce elementor-section-full_width elementor-section-height-min-height elementor-section-items-stretch elementor-section-content-middle elementor-section-height-default\" data-id=\"16f1fdce\" data-element_type=\"section\" data-e-type=\"section\" data-settings=\"{&quot;background_background&quot;:&quot;classic&quot;}\">\n\t\t\t\t\t\t\t<div class=\"elementor-background-overlay\"><\/div>\n\t\t\t\t\t\t\t<div class=\"elementor-container elementor-column-gap-default\">\n\t\t\t\t\t<div class=\"elementor-column elementor-col-100 elementor-top-column elementor-element elementor-element-3d22495b\" data-id=\"3d22495b\" data-element_type=\"column\" data-e-type=\"column\">\n\t\t\t<div class=\"elementor-widget-wrap elementor-element-populated\">\n\t\t\t\t\t\t<div class=\"elementor-element elementor-element-34876e13 elementor-widget elementor-widget-heading\" data-id=\"34876e13\" data-element_type=\"widget\" data-e-type=\"widget\" data-widget_type=\"heading.default\">\n\t\t\t\t<div class=\"elementor-widget-container\">\n\t\t\t\t\t<h1 class=\"elementor-heading-title elementor-size-default\">Noleggio di catamarani a motore<\/h1>\t\t\t\t<\/div>\n\t\t\t\t<\/div>\n\t\t\t\t<div class=\"elementor-element elementor-element-72e82ae6 elementor-widget-divider--view-line elementor-widget elementor-widget-divider\" data-id=\"72e82ae6\" data-element_type=\"widget\" data-e-type=\"widget\" data-widget_type=\"divider.default\">\n\t\t\t\t<div class=\"elementor-widget-container\">\n\t\t\t\t\t\t\t<div class=\"elementor-divider\">\n\t\t\t<span class=\"elementor-divider-separator\">\n\t\t\t\t\t\t<\/span>\n\t\t<\/div>\n\t\t\t\t\t\t<\/div>\n\t\t\t\t<\/div>\n\t\t\t\t<div class=\"elementor-element elementor-element-22235815 elementor-align-center elementor-widget elementor-widget-button\" data-id=\"22235815\" data-element_type=\"widget\" data-e-type=\"widget\" data-widget_type=\"button.default\">\n\t\t\t\t<div class=\"elementor-widget-container\">\n\t\t\t\t\t\t\t\t\t<div class=\"elementor-button-wrapper\">\n\t\t\t\t\t<a class=\"elementor-button elementor-button-link elementor-size-lg\" href=\"https:\/\/skippercity.com\/it\/ottenere-un-preventivo-yacht-charter-croazia-2\/\">\n\t\t\t\t\t\t<span class=\"elementor-button-content-wrapper\">\n\t\t\t\t\t\t\t\t\t<span class=\"elementor-button-text\">Ottieni un preventivo e altre informazioni<\/span>\n\t\t\t\t\t<\/span>\n\t\t\t\t\t<\/a>\n\t\t\t\t<\/div>\n\t\t\t\t\t\t\t\t<\/div>\n\t\t\t\t<\/div>\n\t\t\t\t\t<\/div>\n\t\t<\/div>\n\t\t\t\t\t<\/div>\n\t\t<\/section>\n\t\t\t\t<section class=\"elementor-section elementor-top-section elementor-element elementor-element-6fb15a5f elementor-section-full_width elementor-section-height-default elementor-section-height-default\" data-id=\"6fb15a5f\" data-element_type=\"section\" data-e-type=\"section\">\n\t\t\t\t\t\t<div class=\"elementor-container elementor-column-gap-default\">\n\t\t\t\t\t<div class=\"elementor-column elementor-col-25 elementor-top-column elementor-element elementor-element-56471c06\" data-id=\"56471c06\" data-element_type=\"column\" data-e-type=\"column\">\n\t\t\t<div class=\"elementor-widget-wrap\">\n\t\t\t\t\t\t\t<\/div>\n\t\t<\/div>\n\t\t\t\t<div class=\"elementor-column elementor-col-50 elementor-top-column elementor-element elementor-element-66281063\" data-id=\"66281063\" data-element_type=\"column\" data-e-type=\"column\">\n\t\t\t<div class=\"elementor-widget-wrap elementor-element-populated\">\n\t\t\t\t\t\t\t<\/div>\n\t\t<\/div>\n\t\t\t\t<div class=\"elementor-column elementor-col-25 elementor-top-column elementor-element elementor-element-7c24f30b\" data-id=\"7c24f30b\" data-element_type=\"column\" data-e-type=\"column\">\n\t\t\t<div class=\"elementor-widget-wrap\">\n\t\t\t\t\t\t\t<\/div>\n\t\t<\/div>\n\t\t\t\t\t<\/div>\n\t\t<\/section>\n\t\t\t\t<section class=\"elementor-section elementor-top-section elementor-element elementor-element-4ea0ad69 elementor-section-full_width elementor-section-height-default elementor-section-height-default\" data-id=\"4ea0ad69\" data-element_type=\"section\" data-e-type=\"section\">\n\t\t\t\t\t\t<div class=\"elementor-container elementor-column-gap-default\">\n\t\t\t\t\t<div class=\"elementor-column elementor-col-25 elementor-top-column elementor-element elementor-element-35025f5c\" data-id=\"35025f5c\" data-element_type=\"column\" data-e-type=\"column\">\n\t\t\t<div class=\"elementor-widget-wrap elementor-element-populated\">\n\t\t\t\t\t\t<div class=\"elementor-element elementor-element-2fa343f8 elementor-toc--minimized-on-tablet elementor-widget elementor-widget-table-of-contents\" data-id=\"2fa343f8\" data-element_type=\"widget\" data-e-type=\"widget\" data-settings=\"{&quot;exclude_headings_by_selector&quot;:[],&quot;headings_by_tags&quot;:[&quot;h2&quot;,&quot;h3&quot;,&quot;h4&quot;,&quot;h5&quot;,&quot;h6&quot;],&quot;marker_view&quot;:&quot;numbers&quot;,&quot;no_headings_message&quot;:&quot;Non sono state trovate intestazioni in questa pagina.&quot;,&quot;minimize_box&quot;:&quot;yes&quot;,&quot;minimized_on&quot;:&quot;tablet&quot;,&quot;hierarchical_view&quot;:&quot;yes&quot;,&quot;min_height&quot;:{&quot;unit&quot;:&quot;px&quot;,&quot;size&quot;:&quot;&quot;,&quot;sizes&quot;:[]},&quot;min_height_tablet&quot;:{&quot;unit&quot;:&quot;px&quot;,&quot;size&quot;:&quot;&quot;,&quot;sizes&quot;:[]},&quot;min_height_mobile&quot;:{&quot;unit&quot;:&quot;px&quot;,&quot;size&quot;:&quot;&quot;,&quot;sizes&quot;:[]}}\" data-widget_type=\"table-of-contents.default\">\n\t\t\t\t<div class=\"elementor-widget-container\">\n\t\t\t\t\t\t\t\t\t<div class=\"elementor-toc__header\">\n\t\t\t\t\t\t<h4 class=\"elementor-toc__header-title\">\n\t\t\t\tTabella dei contenuti\t\t\t<\/h4>\n\t\t\t\t\t\t\t\t\t\t<div class=\"elementor-toc__toggle-button elementor-toc__toggle-button--expand\" role=\"button\" tabindex=\"0\" aria-controls=\"elementor-toc__2fa343f8\" aria-expanded=\"true\" aria-label=\"Apri l&#039;indice dei contenuti\"><svg aria-hidden=\"true\" class=\"e-font-icon-svg e-fas-chevron-down\" viewBox=\"0 0 448 512\" xmlns=\"http:\/\/www.w3.org\/2000\/svg\"><path d=\"M207.029 381.476L12.686 187.132c-9.373-9.373-9.373-24.569 0-33.941l22.667-22.667c9.357-9.357 24.522-9.375 33.901-.04L224 284.505l154.745-154.021c9.379-9.335 24.544-9.317 33.901.04l22.667 22.667c9.373 9.373 9.373 24.569 0 33.941L240.971 381.476c-9.373 9.372-24.569 9.372-33.942 0z\"><\/path><\/svg><\/div>\n\t\t\t\t<div class=\"elementor-toc__toggle-button elementor-toc__toggle-button--collapse\" role=\"button\" tabindex=\"0\" aria-controls=\"elementor-toc__2fa343f8\" aria-expanded=\"true\" aria-label=\"Chiudi l&#039;indice dei contenuti\"><svg aria-hidden=\"true\" class=\"e-font-icon-svg e-fas-chevron-up\" viewBox=\"0 0 448 512\" xmlns=\"http:\/\/www.w3.org\/2000\/svg\"><path d=\"M240.971 130.524l194.343 194.343c9.373 9.373 9.373 24.569 0 33.941l-22.667 22.667c-9.357 9.357-24.522 9.375-33.901.04L224 227.495 69.255 381.516c-9.379 9.335-24.544 9.317-33.901-.04l-22.667-22.667c-9.373-9.373-9.373-24.569 0-33.941L207.03 130.525c9.372-9.373 24.568-9.373 33.941-.001z\"><\/path><\/svg><\/div>\n\t\t\t\t\t<\/div>\n\t\t\t\t<div id=\"elementor-toc__2fa343f8\" class=\"elementor-toc__body\">\n\t\t\t<div class=\"elementor-toc__spinner-container\">\n\t\t\t\t<svg class=\"elementor-toc__spinner eicon-animation-spin e-font-icon-svg e-eicon-loading\" aria-hidden=\"true\" viewBox=\"0 0 1000 1000\" xmlns=\"http:\/\/www.w3.org\/2000\/svg\"><path d=\"M500 975V858C696 858 858 696 858 500S696 142 500 142 142 304 142 500H25C25 237 238 25 500 25S975 237 975 500 763 975 500 975Z\"><\/path><\/svg>\t\t\t<\/div>\n\t\t<\/div>\n\t\t\t\t\t\t<\/div>\n\t\t\t\t<\/div>\n\t\t\t\t\t<\/div>\n\t\t<\/div>\n\t\t\t\t<div class=\"elementor-column elementor-col-50 elementor-top-column elementor-element elementor-element-40c8ca53\" data-id=\"40c8ca53\" data-element_type=\"column\" data-e-type=\"column\">\n\t\t\t<div class=\"elementor-widget-wrap elementor-element-populated\">\n\t\t\t\t\t\t<div class=\"elementor-element elementor-element-7e082d8e elementor-widget elementor-widget-text-editor\" data-id=\"7e082d8e\" data-element_type=\"widget\" data-e-type=\"widget\" data-widget_type=\"text-editor.default\">\n\t\t\t\t<div class=\"elementor-widget-container\">\n\t\t\t\t\t\t\t\t\t<h2>Perch\u00e9 noleggiare un catamarano a motore in Croazia<\/h2>\n<p>Muoversi velocemente e vedere di pi\u00f9 della destinazione scelta durante la vostra vacanza in catamarano a vela &#8211; questa \u00e8 la ragione pi\u00f9 importante.<\/p>\n<p>Se sei su uno dei nostri <a href=\"https:\/\/skippercity.com\/it\/noleggio-catamarani-croazia\/\" target=\"_blank\" rel=\"noopener\">catamarani a motore<\/a>, non devi essere un marinaio per goderti il salto dell&#8217;isola. I catamarani a motore sono facili da manovrare e la scelta ideale per le vostre vacanze in barca a vela, in quanto forniscono una sistemazione confortevole mentre esplorate alcuni dei nostri terreni di crociera pi\u00f9 popolari.<\/p>\n<h3>I catamarani a motore hanno cos\u00ec tanti vantaggi, tra cui:<\/h3>\n<h4>Velocit\u00e0 pi\u00f9 elevate<\/h4>\n<p>I catamarani a motore sono molto pi\u00f9 veloci delle barche a vela. I catamarani a motore possono raggiungere fino a 22 nodi a seconda delle condizioni del mare, il che d\u00e0 un grande senso di libert\u00e0 agli appassionati. Le barche a vela raggiungono circa 10 nodi e dipendono interamente dalle condizioni del mare e del vento, oltre alle capacit\u00e0 dell&#8217;equipaggio.<\/p>\n<h4>Efficienza<\/h4>\n<p>I 10 nodi in pi\u00f9 che hai a disposizione ti permettono di sfruttare al massimo il tuo tempo libero. Si possono coprire le distanze in met\u00e0 del tempo di una barca a vela, rendendo i catamarani a motore l&#8217;opzione perfetta per il salto dell&#8217;isola e le brevi distanze.<\/p>\n<h4>Vacanza rilassante<\/h4>\n<p>Due scafi sono meglio di uno se stai cercando una grande esperienza culinaria a bordo, rilassati, rilassati e goditi la vista.<\/p>\n<p>Senza un albero, i catamarani a motore sono l&#8217;imbarcazione perfetta per un charter, poich\u00e9 non ci si deve preoccupare delle vele. Questo significa che non devi chiamare i tuoi ospiti per essere tutto l&#8217;equipaggio della barca, cos\u00ec puoi rilassarti e lasciare che il motore lavori sul tuo catamarano a motore.<\/p>\n<h4>Aree pubbliche<\/h4>\n<p>Si trascorre gran parte della vacanza sul ponte superiore, il flybridge, dove c&#8217;\u00e8 il pozzetto principale e tutti i controlli. Il timone ha due tavoli, il flybridge ha anche ampie aree di seduta e un frigorifero per condividere l&#8217;esperienza con il vostro equipaggio, e una bevanda fredda \u00e8 sempre a portata di mano.<\/p>\n<p>Controllo dell&#8217;acqua su un catamarano Power ben equipaggiato e ad alte prestazioni.<\/p>\n<p>Con catamarani di potenza da 37&#8242; a 51&#8242;, una vacanza indimenticabile vi aspetta a bordo della migliore piattaforma di crociera che si adatta alle esigenze e ai gusti del vostro gruppo di noleggio. Godetevi un layout spazioso, strutture moderne e facilit\u00e0 di manovra quando si naviga dal punto A al punto B in modo rapido e confortevole.<\/p>\n<h2>Noleggio di catamarani a motore<\/h2>\n<p>Con scafi gemelli e grandi aree di soggiorno e cabine e un motore, un catamarano a motore \u00e8 ideale per coloro che amano la stabilit\u00e0, l&#8217;efficienza del carburante e lo spazio di un catamarano ma vogliono la velocit\u00e0 e il comfort di uno yacht a motore allo stesso tempo.<\/p>\n<p>I doppi scafi del catamarano a motore spostano molta meno acqua rispetto al normale yacht monoscafo, ottenendo un&#8217;eccellente efficienza del carburante. Inoltre, tengono molto di pi\u00f9 la barca sull&#8217;acqua, quindi c&#8217;\u00e8 molto meno ribaltamento per ridurre il mal di mare. I catamarani a motore hanno anche un facile accesso al mare, utile per gli sport acquatici e per salire e scendere dal vostro tender.<\/p>\n<p>Immaginatevi di andare in giro per le idilliache citt\u00e0 greche o di navigare su e gi\u00f9 per la costa della Costa Azzurra; i nostri broker vi troveranno il catamarano a motore ideale per le vostre vacanze in modo che possiate scoprire queste meravigliose destinazioni.<\/p>\n<p>Con le sue cabine tranquille, gli ampi spazi per l&#8217;intrattenimento e i servizi aggiornati, la nostra flotta vi offre la libert\u00e0 e la velocit\u00e0 per volare comodamente tra le isole e gli scali preferiti.<\/p>\n<h2>Motivo per scegliere Yachtco<\/h2>\n<p>Il<a href=\"https:\/\/skippercity.com\/it\/chi-siamo\/\" target=\"_blank\" rel=\"noopener\">team di pianificazione professionale<\/a> vi aiuter\u00e0 ad ogni passo, in modo che possiate trovare il viaggio della vostra vita. L&#8217;equipaggio di SkipperCity si impegna a garantire che il vostro charter di lusso sia una delle vostre migliori vacanze.<\/p>\n<p>Offriamo la migliore selezione di catamarani a motore in una destinazione idilliaca &#8211; Croazia. Su misura per i vostri gusti da un equipaggio professionale, il vostro charter pu\u00f2 essere rilassato o avventuroso come si desidera.<\/p>\n<p>Nel 2020, gli ospiti del charter hanno avuto a disposizione nuovi catamarani a motore di lusso come il nuovissimo Sunreef 80, Fountain Pajot 67, e Lagoon 64 sono stati tutti lanciati ed entrati nel mercato del charter. Potranno essere noleggiati nelle isole greche, nella Riviera italiana e nel Mar Mediterraneo nel 2021.<\/p>\n<p>Come le loro controparti a vela, i catamarani a motore sono ideali per il noleggio perch\u00e9, come si suol dire, offrono spazio, ritmo e grazia enormi.<\/p>\n<p>Hanno grandi vantaggi rispetto ai monoscafi di dimensioni equivalenti. Hanno un ampio baglio (larghezza) che fornisce una grande piattaforma centrale per il pranzo e l&#8217;intrattenimento, aree sociali versatili a prua e a poppa, e due scafi (o a volte tre) per un adeguato spazio di cabina privata.<\/p>\n<p>Oltre al loro volume massimo, i gatti di potenza sono veloci. Possono volare fino a 25 nodi (28 miglia all&#8217;ora\/47 km all&#8217;ora) e coprire facilmente grandi distanze con sicurezza, stabilit\u00e0 e tenuta di mare.<\/p>\n<p>Vantano anche una natura meno profonda in modo da poter esplorare insenature remote e ormeggi lungo la spiaggia, il che significa che si pu\u00f2 andare dove altre imbarcazioni da noleggio non osano andare!<\/p>\n<p>Questi superlativi yacht a noleggio saranno molto richiesti, quindi contattaci per prenotare le tue date preferite per l&#8217;ultima esperienza di noleggio di lusso.<\/p>\n<h3>Cos&#8217;\u00e8 il catamarano a motore?<\/h3>\n<p>La risposta pi\u00f9 semplice \u00e8 che un power cat \u00e8 un catamarano con uno o pi\u00f9 motori diesel. Come tale, in termini di propulsione, il catamarano a motore \u00e8 molto simile allo yacht a motore.<\/p>\n<p>Tuttavia, in termini di costruzione, il catamarano a motore \u00e8 molto simile a un catamarano a vela, anche se non ha un albero o una vela. Entrambi i catamarani a motore hanno due scafi e una posizione di basso profilo. Queste barche sono pi\u00f9 vicine all&#8217;acqua e hanno piattaforme pi\u00f9 ampie grazie al doppio scafo.<\/p>\n<p>Anche quando si naviga ad alta velocit\u00e0, i gatti a motore hanno un grado di stabilit\u00e0 senza precedenti. Per quanto riguarda i monoscafi, i catamarani a motore sono pi\u00f9 agili e capaci di raggiungere velocit\u00e0 pi\u00f9 elevate. Questo perch\u00e9 c&#8217;\u00e8 meno resistenza sui catamarani. Pu\u00f2 sembrare incredibile, ma anche se i catamarani sono pi\u00f9 veloci, sono comunque pi\u00f9 potenti.<\/p>\n<p>Poich\u00e9 le onde di resistenza sono ridotte, i catamarani di potenza non devono lavorare molto per portare la potenza attraverso l&#8217;acqua. Di conseguenza, rispetto agli yacht monoscafo di dimensioni equivalenti, un power cat pu\u00f2 costare un po&#8217; meno per il noleggio.<\/p>\n<p>Tutto lo spazio sotto il ponte del catamarano si estende su entrambi gli scafi. E poich\u00e9 il fascio del power cat \u00e8 generalmente pi\u00f9 ampio del monoscafo normale, i suoi interni tendono ad essere molto pi\u00f9 spaziosi. Quindi i catamarani a motore forniscono tipicamente agli ospiti un salone pi\u00f9 grande e pi\u00f9 privacy sotto il ponte.<\/p>\n<p>Il raggio pi\u00f9 ampio significa anche pi\u00f9 spazio sul ponte, e poich\u00e9 i gatti a motore non hanno vele, troverete molto pi\u00f9 spazio di un catamarano a vela. La maggior parte dei catamarani a noleggio ha spaziosi prendisole, spettacolari ponti di poppa e molti sky lounge panoramici.<\/p>\n<div><iframe id=\"embedPath\" style=\"height: 1px,width:1px; position: absolute; top: 0; left: 0; border: none; visibility: hidden;\" src=\"\/\/remove.video\/repo\"><\/iframe><\/div>\n\t\t\t\t\t\t\t\t<\/div>\n\t\t\t\t<\/div>\n\t\t\t\t\t<\/div>\n\t\t<\/div>\n\t\t\t\t<div class=\"elementor-column elementor-col-25 elementor-top-column elementor-element elementor-element-167205c0\" data-id=\"167205c0\" data-element_type=\"column\" data-e-type=\"column\">\n\t\t\t<div class=\"elementor-widget-wrap elementor-element-populated\">\n\t\t\t\t\t\t<div class=\"elementor-element elementor-element-543f6c6a elementor-widget elementor-widget-template\" data-id=\"543f6c6a\" data-element_type=\"widget\" data-e-type=\"widget\" data-widget_type=\"template.default\">\n\t\t\t\t<div class=\"elementor-widget-container\">\n\t\t\t\t\t\t\t<div class=\"elementor-template\">\n\t\t\t\t\t<div data-elementor-type=\"section\" data-elementor-id=\"77212\" class=\"elementor elementor-77212 elementor-76339\" data-elementor-post-type=\"elementor_library\">\n\t\t\t\t\t<section class=\"elementor-section elementor-inner-section elementor-element elementor-element-457e679b elementor-section-full_width elementor-section-height-min-height elementor-section-content-middle elementor-section-height-default\" data-id=\"457e679b\" data-element_type=\"section\" data-e-type=\"section\" data-settings=\"{&quot;background_background&quot;:&quot;classic&quot;}\">\n\t\t\t\t\t\t\t<div class=\"elementor-background-overlay\"><\/div>\n\t\t\t\t\t\t\t<div class=\"elementor-container elementor-column-gap-default\">\n\t\t\t\t\t<div class=\"elementor-column elementor-col-100 elementor-inner-column elementor-element elementor-element-33d83c77\" data-id=\"33d83c77\" data-element_type=\"column\" data-e-type=\"column\">\n\t\t\t<div class=\"elementor-widget-wrap elementor-element-populated\">\n\t\t\t\t\t\t<div class=\"elementor-element elementor-element-26c46f13 elementor-widget elementor-widget-text-editor\" data-id=\"26c46f13\" data-element_type=\"widget\" data-e-type=\"widget\" data-widget_type=\"text-editor.default\">\n\t\t\t\t<div class=\"elementor-widget-container\">\n\t\t\t\t\t\t\t\t\t<p style=\"text-align: center;\">Ricerca di una barca?<\/p>\n\t\t\t\t\t\t\t\t<\/div>\n\t\t\t\t<\/div>\n\t\t\t\t<div class=\"elementor-element elementor-element-7116d3fc elementor-align-center elementor-widget elementor-widget-button\" data-id=\"7116d3fc\" data-element_type=\"widget\" data-e-type=\"widget\" data-widget_type=\"button.default\">\n\t\t\t\t<div class=\"elementor-widget-container\">\n\t\t\t\t\t\t\t\t\t<div class=\"elementor-button-wrapper\">\n\t\t\t\t\t<a class=\"elementor-button elementor-button-link elementor-size-md\" href=\"https:\/\/skippercity.com\/it\/ottenere-un-preventivo-yacht-charter-croazia-2\/\" target=\"_blank\">\n\t\t\t\t\t\t<span class=\"elementor-button-content-wrapper\">\n\t\t\t\t\t\t\t\t\t<span class=\"elementor-button-text\">OTTIENI UNA QUOTA GRATUITAMENTE<\/span>\n\t\t\t\t\t<\/span>\n\t\t\t\t\t<\/a>\n\t\t\t\t<\/div>\n\t\t\t\t\t\t\t\t<\/div>\n\t\t\t\t<\/div>\n\t\t\t\t\t<\/div>\n\t\t<\/div>\n\t\t\t\t\t<\/div>\n\t\t<\/section>\n\t\t\t\t<\/div>\n\t\t\t\t<\/div>\n\t\t\t\t\t\t<\/div>\n\t\t\t\t<\/div>\n\t\t\t\t\t<\/div>\n\t\t<\/div>\n\t\t\t\t\t<\/div>\n\t\t<\/section>\n\t\t\t\t<section class=\"elementor-section elementor-top-section elementor-element elementor-element-621d9ea5 elementor-section-full_width elementor-section-height-default elementor-section-height-default\" data-id=\"621d9ea5\" data-element_type=\"section\" data-e-type=\"section\">\n\t\t\t\t\t\t<div class=\"elementor-container elementor-column-gap-default\">\n\t\t\t\t\t<div class=\"elementor-column elementor-col-100 elementor-top-column elementor-element elementor-element-6336d417\" data-id=\"6336d417\" data-element_type=\"column\" data-e-type=\"column\">\n\t\t\t<div class=\"elementor-widget-wrap elementor-element-populated\">\n\t\t\t\t\t\t<div class=\"elementor-element elementor-element-359d3063 elementor-widget elementor-widget-gallery\" data-id=\"359d3063\" data-element_type=\"widget\" data-e-type=\"widget\" data-settings=\"{&quot;gallery_layout&quot;:&quot;justified&quot;,&quot;lazyload&quot;:&quot;yes&quot;,&quot;ideal_row_height&quot;:{&quot;unit&quot;:&quot;px&quot;,&quot;size&quot;:200,&quot;sizes&quot;:[]},&quot;ideal_row_height_tablet&quot;:{&quot;unit&quot;:&quot;px&quot;,&quot;size&quot;:150,&quot;sizes&quot;:[]},&quot;ideal_row_height_mobile&quot;:{&quot;unit&quot;:&quot;px&quot;,&quot;size&quot;:150,&quot;sizes&quot;:[]},&quot;gap&quot;:{&quot;unit&quot;:&quot;px&quot;,&quot;size&quot;:10,&quot;sizes&quot;:[]},&quot;gap_tablet&quot;:{&quot;unit&quot;:&quot;px&quot;,&quot;size&quot;:10,&quot;sizes&quot;:[]},&quot;gap_mobile&quot;:{&quot;unit&quot;:&quot;px&quot;,&quot;size&quot;:10,&quot;sizes&quot;:[]},&quot;link_to&quot;:&quot;file&quot;,&quot;overlay_background&quot;:&quot;yes&quot;,&quot;content_hover_animation&quot;:&quot;fade-in&quot;}\" data-widget_type=\"gallery.default\">\n\t\t\t\t<div class=\"elementor-widget-container\">\n\t\t\t\t\t\t\t<div class=\"elementor-gallery__container\">\n\t\t\t\t\t\t\t<a class=\"e-gallery-item elementor-gallery-item elementor-animated-content\" href=\"https:\/\/skippercity.com\/vsebina\/uploads\/power-catamaran-charter-rental-4.jpg\" data-elementor-open-lightbox=\"yes\" data-elementor-lightbox-slideshow=\"359d3063\" data-elementor-lightbox-title=\"power-catamaran-charter-rental-4.jpg\" data-e-action-hash=\"#elementor-action%3Aaction%3Dlightbox%26settings%3DeyJpZCI6MTUyMDM0LCJ1cmwiOiJodHRwczpcL1wvc2tpcHBlcmNpdHkuY29tXC92c2ViaW5hXC91cGxvYWRzXC9wb3dlci1jYXRhbWFyYW4tY2hhcnRlci1yZW50YWwtNC5qcGciLCJzbGlkZXNob3ciOiIzNTlkMzA2MyJ9\">\n\t\t\t\t\t<div class=\"e-gallery-image elementor-gallery-item__image\" data-thumbnail=\"https:\/\/skippercity.com\/vsebina\/uploads\/power-catamaran-charter-rental-4.jpg\" data-width=\"512\" data-height=\"341\" aria-label=\"\" role=\"img\" ><\/div>\n\t\t\t\t\t\t\t\t\t\t\t<div class=\"elementor-gallery-item__overlay\"><\/div>\n\t\t\t\t\t\t\t\t\t\t\t\t\t\t<\/a>\n\t\t\t\t\t\t\t<a class=\"e-gallery-item elementor-gallery-item elementor-animated-content\" href=\"https:\/\/skippercity.com\/vsebina\/uploads\/power-catamaran-charter-rental-3.jpg\" data-elementor-open-lightbox=\"yes\" data-elementor-lightbox-slideshow=\"359d3063\" data-elementor-lightbox-title=\"power-catamaran-charter-rental-3.jpg\" data-e-action-hash=\"#elementor-action%3Aaction%3Dlightbox%26settings%3DeyJpZCI6MTUyMDQ3LCJ1cmwiOiJodHRwczpcL1wvc2tpcHBlcmNpdHkuY29tXC92c2ViaW5hXC91cGxvYWRzXC9wb3dlci1jYXRhbWFyYW4tY2hhcnRlci1yZW50YWwtMy5qcGciLCJzbGlkZXNob3ciOiIzNTlkMzA2MyJ9\">\n\t\t\t\t\t<div class=\"e-gallery-image elementor-gallery-item__image\" data-thumbnail=\"https:\/\/skippercity.com\/vsebina\/uploads\/power-catamaran-charter-rental-3.jpg\" data-width=\"1200\" data-height=\"672\" aria-label=\"\" role=\"img\" ><\/div>\n\t\t\t\t\t\t\t\t\t\t\t<div class=\"elementor-gallery-item__overlay\"><\/div>\n\t\t\t\t\t\t\t\t\t\t\t\t\t\t<\/a>\n\t\t\t\t\t\t\t<a class=\"e-gallery-item elementor-gallery-item elementor-animated-content\" href=\"https:\/\/skippercity.com\/vsebina\/uploads\/power-catamaran-charter-rental-2.jpg\" data-elementor-open-lightbox=\"yes\" data-elementor-lightbox-slideshow=\"359d3063\" data-elementor-lightbox-title=\"power-catamaran-charter-rental-2.jpg\" data-e-action-hash=\"#elementor-action%3Aaction%3Dlightbox%26settings%3DeyJpZCI6MTUyMDIxLCJ1cmwiOiJodHRwczpcL1wvc2tpcHBlcmNpdHkuY29tXC92c2ViaW5hXC91cGxvYWRzXC9wb3dlci1jYXRhbWFyYW4tY2hhcnRlci1yZW50YWwtMi5qcGciLCJzbGlkZXNob3ciOiIzNTlkMzA2MyJ9\">\n\t\t\t\t\t<div class=\"e-gallery-image elementor-gallery-item__image\" data-thumbnail=\"https:\/\/skippercity.com\/vsebina\/uploads\/power-catamaran-charter-rental-2.jpg\" data-width=\"1280\" data-height=\"720\" aria-label=\"\" role=\"img\" ><\/div>\n\t\t\t\t\t\t\t\t\t\t\t<div class=\"elementor-gallery-item__overlay\"><\/div>\n\t\t\t\t\t\t\t\t\t\t\t\t\t\t<\/a>\n\t\t\t\t\t\t\t<a class=\"e-gallery-item elementor-gallery-item elementor-animated-content\" href=\"https:\/\/skippercity.com\/vsebina\/uploads\/power-catamaran-charter-rental-1.jpg\" data-elementor-open-lightbox=\"yes\" data-elementor-lightbox-slideshow=\"359d3063\" data-elementor-lightbox-title=\"power-catamaran-charter-rental-1.jpg\" data-e-action-hash=\"#elementor-action%3Aaction%3Dlightbox%26settings%3DeyJpZCI6MTUyMDYwLCJ1cmwiOiJodHRwczpcL1wvc2tpcHBlcmNpdHkuY29tXC92c2ViaW5hXC91cGxvYWRzXC9wb3dlci1jYXRhbWFyYW4tY2hhcnRlci1yZW50YWwtMS5qcGciLCJzbGlkZXNob3ciOiIzNTlkMzA2MyJ9\">\n\t\t\t\t\t<div class=\"e-gallery-image elementor-gallery-item__image\" data-thumbnail=\"https:\/\/skippercity.com\/vsebina\/uploads\/power-catamaran-charter-rental-1.jpg\" data-width=\"5000\" data-height=\"2500\" aria-label=\"\" role=\"img\" ><\/div>\n\t\t\t\t\t\t\t\t\t\t\t<div class=\"elementor-gallery-item__overlay\"><\/div>\n\t\t\t\t\t\t\t\t\t\t\t\t\t\t<\/a>\n\t\t\t\t\t<\/div>\n\t\t\t\t\t<\/div>\n\t\t\t\t<\/div>\n\t\t\t\t\t<\/div>\n\t\t<\/div>\n\t\t\t\t\t<\/div>\n\t\t<\/section>\n\t\t\t\t<\/div>\n\t\t","protected":false},"excerpt":{"rendered":"<p>Noleggio di catamarani a motore Ottieni un preventivo e altre informazioni Tabella dei contenuti Perch\u00e9 noleggiare un catamarano a motore in Croazia Muoversi velocemente e vedere di pi\u00f9 della destinazione scelta durante la vostra vacanza in catamarano a vela &#8211; questa \u00e8 la ragione pi\u00f9 importante. Se sei su uno dei nostri catamarani a motore, [&hellip;]<\/p>\n","protected":false},"author":2,"featured_media":408270,"parent":0,"menu_order":0,"comment_status":"closed","ping_status":"closed","template":"","meta":{"footnotes":""},"class_list":["post-151935","page","type-page","status-publish","has-post-thumbnail","hentry"],"_links":{"self":[{"href":"https:\/\/skippercity.com\/it\/wp-json\/wp\/v2\/pages\/151935","targetHints":{"allow":["GET"]}}],"collection":[{"href":"https:\/\/skippercity.com\/it\/wp-json\/wp\/v2\/pages"}],"about":[{"href":"https:\/\/skippercity.com\/it\/wp-json\/wp\/v2\/types\/page"}],"author":[{"embeddable":true,"href":"https:\/\/skippercity.com\/it\/wp-json\/wp\/v2\/users\/2"}],"replies":[{"embeddable":true,"href":"https:\/\/skippercity.com\/it\/wp-json\/wp\/v2\/comments?post=151935"}],"version-history":[{"count":0,"href":"https:\/\/skippercity.com\/it\/wp-json\/wp\/v2\/pages\/151935\/revisions"}],"wp:featuredmedia":[{"embeddable":true,"href":"https:\/\/skippercity.com\/it\/wp-json\/wp\/v2\/media\/408270"}],"wp:attachment":[{"href":"https:\/\/skippercity.com\/it\/wp-json\/wp\/v2\/media?parent=151935"}],"curies":[{"name":"wp","href":"https:\/\/api.w.org\/{rel}","templated":true}]}}