{"id":151948,"date":"2022-02-03T09:17:08","date_gmt":"2022-02-03T09:17:08","guid":{"rendered":"https:\/\/www.skippercity.com\/noleggio-barche-a-motore-croazia\/"},"modified":"2025-03-06T14:37:15","modified_gmt":"2025-03-06T14:37:15","slug":"noleggio-barche-a-motore-croazia","status":"publish","type":"page","link":"https:\/\/skippercity.com\/it\/noleggio-barche-a-motore-croazia\/","title":{"rendered":"Noleggio barche a motore Croazia"},"content":{"rendered":"\t\t<div data-elementor-type=\"wp-page\" data-elementor-id=\"151948\" class=\"elementor elementor-151948 elementor-151928\" data-elementor-post-type=\"page\">\n\t\t\t\t\t\t<section class=\"elementor-section elementor-top-section elementor-element elementor-element-7e1de428 elementor-section-full_width elementor-section-height-min-height elementor-section-items-stretch elementor-section-content-middle elementor-section-height-default\" data-id=\"7e1de428\" data-element_type=\"section\" data-e-type=\"section\" data-settings=\"{&quot;background_background&quot;:&quot;classic&quot;}\">\n\t\t\t\t\t\t\t<div class=\"elementor-background-overlay\"><\/div>\n\t\t\t\t\t\t\t<div class=\"elementor-container elementor-column-gap-default\">\n\t\t\t\t\t<div class=\"elementor-column elementor-col-100 elementor-top-column elementor-element elementor-element-42cc489c\" data-id=\"42cc489c\" data-element_type=\"column\" data-e-type=\"column\">\n\t\t\t<div class=\"elementor-widget-wrap elementor-element-populated\">\n\t\t\t\t\t\t<div class=\"elementor-element elementor-element-6f4f64bc elementor-widget elementor-widget-heading\" data-id=\"6f4f64bc\" data-element_type=\"widget\" data-e-type=\"widget\" data-widget_type=\"heading.default\">\n\t\t\t\t<div class=\"elementor-widget-container\">\n\t\t\t\t\t<h1 class=\"elementor-heading-title elementor-size-default\">Noleggio di barche a motore<\/h1>\t\t\t\t<\/div>\n\t\t\t\t<\/div>\n\t\t\t\t<div class=\"elementor-element elementor-element-b2ae5c elementor-widget-divider--view-line elementor-widget elementor-widget-divider\" data-id=\"b2ae5c\" data-element_type=\"widget\" data-e-type=\"widget\" data-widget_type=\"divider.default\">\n\t\t\t\t<div class=\"elementor-widget-container\">\n\t\t\t\t\t\t\t<div class=\"elementor-divider\">\n\t\t\t<span class=\"elementor-divider-separator\">\n\t\t\t\t\t\t<\/span>\n\t\t<\/div>\n\t\t\t\t\t\t<\/div>\n\t\t\t\t<\/div>\n\t\t\t\t<div class=\"elementor-element elementor-element-3e8e2d8d elementor-align-center elementor-widget elementor-widget-button\" data-id=\"3e8e2d8d\" data-element_type=\"widget\" data-e-type=\"widget\" data-widget_type=\"button.default\">\n\t\t\t\t<div class=\"elementor-widget-container\">\n\t\t\t\t\t\t\t\t\t<div class=\"elementor-button-wrapper\">\n\t\t\t\t\t<a class=\"elementor-button elementor-button-link elementor-size-lg\" href=\"https:\/\/skippercity.com\/it\/ottenere-un-preventivo-yacht-charter-croazia-2\/\">\n\t\t\t\t\t\t<span class=\"elementor-button-content-wrapper\">\n\t\t\t\t\t\t\t\t\t<span class=\"elementor-button-text\">Ottieni un preventivo e altre informazioni<\/span>\n\t\t\t\t\t<\/span>\n\t\t\t\t\t<\/a>\n\t\t\t\t<\/div>\n\t\t\t\t\t\t\t\t<\/div>\n\t\t\t\t<\/div>\n\t\t\t\t\t<\/div>\n\t\t<\/div>\n\t\t\t\t\t<\/div>\n\t\t<\/section>\n\t\t\t\t<section class=\"elementor-section elementor-top-section elementor-element elementor-element-6eebdb72 elementor-section-full_width elementor-section-height-default elementor-section-height-default\" data-id=\"6eebdb72\" data-element_type=\"section\" data-e-type=\"section\">\n\t\t\t\t\t\t<div class=\"elementor-container elementor-column-gap-default\">\n\t\t\t\t\t<div class=\"elementor-column elementor-col-25 elementor-top-column elementor-element elementor-element-3e03b20e\" data-id=\"3e03b20e\" data-element_type=\"column\" data-e-type=\"column\">\n\t\t\t<div class=\"elementor-widget-wrap\">\n\t\t\t\t\t\t\t<\/div>\n\t\t<\/div>\n\t\t\t\t<div class=\"elementor-column elementor-col-50 elementor-top-column elementor-element elementor-element-6ddc4f7d\" data-id=\"6ddc4f7d\" data-element_type=\"column\" data-e-type=\"column\">\n\t\t\t<div class=\"elementor-widget-wrap elementor-element-populated\">\n\t\t\t\t\t\t\t<\/div>\n\t\t<\/div>\n\t\t\t\t<div class=\"elementor-column elementor-col-25 elementor-top-column elementor-element elementor-element-170036f5\" data-id=\"170036f5\" data-element_type=\"column\" data-e-type=\"column\">\n\t\t\t<div class=\"elementor-widget-wrap\">\n\t\t\t\t\t\t\t<\/div>\n\t\t<\/div>\n\t\t\t\t\t<\/div>\n\t\t<\/section>\n\t\t\t\t<section class=\"elementor-section elementor-top-section elementor-element elementor-element-6ef72580 elementor-section-full_width elementor-section-height-default elementor-section-height-default\" data-id=\"6ef72580\" data-element_type=\"section\" data-e-type=\"section\">\n\t\t\t\t\t\t<div class=\"elementor-container elementor-column-gap-default\">\n\t\t\t\t\t<div class=\"elementor-column elementor-col-25 elementor-top-column elementor-element elementor-element-7771436\" data-id=\"7771436\" data-element_type=\"column\" data-e-type=\"column\">\n\t\t\t<div class=\"elementor-widget-wrap elementor-element-populated\">\n\t\t\t\t\t\t<div class=\"elementor-element elementor-element-2ab2196 elementor-toc--minimized-on-tablet elementor-widget elementor-widget-table-of-contents\" data-id=\"2ab2196\" data-element_type=\"widget\" data-e-type=\"widget\" data-settings=\"{&quot;exclude_headings_by_selector&quot;:[],&quot;headings_by_tags&quot;:[&quot;h2&quot;,&quot;h3&quot;,&quot;h4&quot;,&quot;h5&quot;,&quot;h6&quot;],&quot;marker_view&quot;:&quot;numbers&quot;,&quot;no_headings_message&quot;:&quot;Non sono state trovate intestazioni in questa pagina.&quot;,&quot;minimize_box&quot;:&quot;yes&quot;,&quot;minimized_on&quot;:&quot;tablet&quot;,&quot;hierarchical_view&quot;:&quot;yes&quot;,&quot;min_height&quot;:{&quot;unit&quot;:&quot;px&quot;,&quot;size&quot;:&quot;&quot;,&quot;sizes&quot;:[]},&quot;min_height_tablet&quot;:{&quot;unit&quot;:&quot;px&quot;,&quot;size&quot;:&quot;&quot;,&quot;sizes&quot;:[]},&quot;min_height_mobile&quot;:{&quot;unit&quot;:&quot;px&quot;,&quot;size&quot;:&quot;&quot;,&quot;sizes&quot;:[]}}\" data-widget_type=\"table-of-contents.default\">\n\t\t\t\t<div class=\"elementor-widget-container\">\n\t\t\t\t\t\t\t\t\t<div class=\"elementor-toc__header\">\n\t\t\t\t\t\t<h4 class=\"elementor-toc__header-title\">\n\t\t\t\tTabella dei contenuti\t\t\t<\/h4>\n\t\t\t\t\t\t\t\t\t\t<div class=\"elementor-toc__toggle-button elementor-toc__toggle-button--expand\" role=\"button\" tabindex=\"0\" aria-controls=\"elementor-toc__2ab2196\" aria-expanded=\"true\" aria-label=\"Apri l&#039;indice dei contenuti\"><svg aria-hidden=\"true\" class=\"e-font-icon-svg e-fas-chevron-down\" viewBox=\"0 0 448 512\" xmlns=\"http:\/\/www.w3.org\/2000\/svg\"><path d=\"M207.029 381.476L12.686 187.132c-9.373-9.373-9.373-24.569 0-33.941l22.667-22.667c9.357-9.357 24.522-9.375 33.901-.04L224 284.505l154.745-154.021c9.379-9.335 24.544-9.317 33.901.04l22.667 22.667c9.373 9.373 9.373 24.569 0 33.941L240.971 381.476c-9.373 9.372-24.569 9.372-33.942 0z\"><\/path><\/svg><\/div>\n\t\t\t\t<div class=\"elementor-toc__toggle-button elementor-toc__toggle-button--collapse\" role=\"button\" tabindex=\"0\" aria-controls=\"elementor-toc__2ab2196\" aria-expanded=\"true\" aria-label=\"Chiudi l&#039;indice dei contenuti\"><svg aria-hidden=\"true\" class=\"e-font-icon-svg e-fas-chevron-up\" viewBox=\"0 0 448 512\" xmlns=\"http:\/\/www.w3.org\/2000\/svg\"><path d=\"M240.971 130.524l194.343 194.343c9.373 9.373 9.373 24.569 0 33.941l-22.667 22.667c-9.357 9.357-24.522 9.375-33.901.04L224 227.495 69.255 381.516c-9.379 9.335-24.544 9.317-33.901-.04l-22.667-22.667c-9.373-9.373-9.373-24.569 0-33.941L207.03 130.525c9.372-9.373 24.568-9.373 33.941-.001z\"><\/path><\/svg><\/div>\n\t\t\t\t\t<\/div>\n\t\t\t\t<div id=\"elementor-toc__2ab2196\" class=\"elementor-toc__body\">\n\t\t\t<div class=\"elementor-toc__spinner-container\">\n\t\t\t\t<svg class=\"elementor-toc__spinner eicon-animation-spin e-font-icon-svg e-eicon-loading\" aria-hidden=\"true\" viewBox=\"0 0 1000 1000\" xmlns=\"http:\/\/www.w3.org\/2000\/svg\"><path d=\"M500 975V858C696 858 858 696 858 500S696 142 500 142 142 304 142 500H25C25 237 238 25 500 25S975 237 975 500 763 975 500 975Z\"><\/path><\/svg>\t\t\t<\/div>\n\t\t<\/div>\n\t\t\t\t\t\t<\/div>\n\t\t\t\t<\/div>\n\t\t\t\t\t<\/div>\n\t\t<\/div>\n\t\t\t\t<div class=\"elementor-column elementor-col-50 elementor-top-column elementor-element elementor-element-2e8a6b7e\" data-id=\"2e8a6b7e\" data-element_type=\"column\" data-e-type=\"column\">\n\t\t\t<div class=\"elementor-widget-wrap elementor-element-populated\">\n\t\t\t\t\t\t<div class=\"elementor-element elementor-element-37ce902a elementor-widget elementor-widget-text-editor\" data-id=\"37ce902a\" data-element_type=\"widget\" data-e-type=\"widget\" data-widget_type=\"text-editor.default\">\n\t\t\t\t<div class=\"elementor-widget-container\">\n\t\t\t\t\t\t\t\t\t<h2>Noleggia uno yacht a motore se ti piace giocare con qualche centinaio di cavalli<\/h2>\n<h3><strong style=\"font-style: inherit;\">Fai quello che vuoi quando vuoi&#8230;<\/strong><\/h3>\n<p><a href=\"https:\/\/skippercity.com\/it\/\">Noleggia uno yacht a motore in Croazia<\/a> per una libert\u00e0 assoluta di navigare nel tuo viaggio di scoperta. Lo yacht a motore \u00e8 tuo per esplorare l&#8217;area di crociera alla tua velocit\u00e0. Essere uno skipper del tuo yacht a motore ti d\u00e0 la massima versatilit\u00e0 ogni giorno. Scendere presto per la prossima isola o alzarsi tardi e girovagare per la prossima baia. Potrebbe dipendere dal tempo, dal tuo equipaggio o semplicemente dal tuo umore quel giorno. Immaginate di partire con nuovi posti da visitare ogni giorno. \u00c8 una perfetta vacanza multicentrica senza fare e disfare le valigie!<\/p>\n<h3>Sii avventuroso e scopri te stesso<\/h3>\n<p>Scendi ogni giorno per un&#8217;altra destinazione, senza le nuvole e la folla del Solent! C&#8217;\u00e8 sempre un altro lago, un altro porto, un&#8217;altra isola da scoprire. E quando arrivate, andate a cenare alla taverna sul lungomare. Aiuterai la comunit\u00e0 locale e ti sentirai un viaggiatore, non un visitatore. C&#8217;\u00e8 ancora tempo per tuffarsi dal tuo yacht o per raggiungere a piedi un mercato o una vista sulla scogliera. O rilassarsi &#8211; non c&#8217;\u00e8 fretta e non ci sono orari.<\/p>\n<h3>\u00c8 pi\u00f9 facile da noleggiare.<\/h3>\n<p>\u00c8 costoso possedere uno yacht a motore, comprese le riparazioni e i costi di ormeggio, e in pratica, quanto si spende una settimana a bordo? La carta \u00e8 una scelta sensata per soddisfare i vostri cuori e le vostre menti. Caricate il vostro yacht a motore in una qualsiasi delle nostre grandi destinazioni di vacanza e partite! Il vostro yacht offre un alloggio autonomo con molte cabine per tutti. Entrambi gli yacht hanno un frigorifero e un fornello a bordo, e il self-catering per colazione, pranzo e bevande aiuta a mantenere i costi bassi. Di notte, gli animali da festa visiteranno i bar locali, o si pu\u00f2 uscire a cena in una taverna sul bordo dell&#8217;acqua.<\/p>\n<h2>Quali yacht a motore posso noleggiare?<\/h2>\n<p>Gli incrociatori Flybridge sono gli ultimi incrociatori a motore con un ponte superiore socievole per socializzare e prendere il sole. Gli incrociatori sportivi sono fatti principalmente per la velocit\u00e0 e il sole. I <a href=\"https:\/\/skippercity.com\/it\/noleggio-catamarani-croazia\/\" target=\"_blank\" rel=\"noopener\">catamarani a motore<\/a> sono cos\u00ec famosi per la loro stabilit\u00e0, gli alloggi spaziosi e il comfort generale.<\/p>\n<p>Sia gli incrociatori che i <a href=\"https:\/\/skippercity.com\/it\/catamarano-charter-croazia\/\" target=\"_blank\" rel=\"noopener\">catamarani<\/a> offrono resistenza, comfort e lusso. Di solito navigano anche pi\u00f9 velocemente delle <a href=\"https:\/\/skippercity.com\/it\/sailboat-charter-croazia\/\" target=\"_blank\" rel=\"noopener\">barche a vela<\/a>, e la maggior parte di esse sono dotate di aria condizionata.<\/p>\n<p>Vendiamo una grande variet\u00e0 di yacht a motore nel Mediterraneo e nei Caraibi. I noleggi a scafo nudo sono aperti a skipper professionisti o seleziona uno yacht con skipper o con equipaggio per una vacanza di lusso.<\/p>\n<h3>Di che tipo di qualifiche ho bisogno?<\/h3>\n<p>Si dovrebbe avere una precedente esperienza di skipper del livello di skipper giornaliero per il noleggio di yacht a motore. Dovreste essere qualificati per condurre uno yacht a motore in spazi ristretti, ancorare e ormeggiare in varie condizioni, ed essere in grado di usare le vostre abilit\u00e0 di navigazione e di pilotaggio per programmare una giornata di viaggio e per conoscere la vostra posizione in qualsiasi momento. Almeno un equipaggio qualificato pu\u00f2 assistervi.<\/p>\n<p><a href=\"https:\/\/skippercity.com\/it\/skippered-yacht-charter-croazia\/\" target=\"_blank\" rel=\"noopener\">Aggiungete uno skipper<\/a> a uno dei nostri yacht a motore <a href=\"https:\/\/skippercity.com\/it\/bareboat-yacht-charter-croazia\/\" target=\"_blank\" rel=\"noopener\">senza equipaggio<\/a> se non avete l&#8217;esperienza del noleggio senza equipaggio o se volete una mano con uno yacht pi\u00f9 grande o una guida per una nuova area di crociera.<\/p>\n<p>Lo skipper sar\u00e0 completamente in grado di guidare lo yacht. Vi ispirer\u00e0 a partecipare come equipaggio, ma non \u00e8 un insegnante. Dovrete assegnare una cabina ad uso dello skipper e dargli da mangiare e da bere.<\/p>\n<h2>Yachts a motore da noleggiare<\/h2>\n<p>Una scelta popolare per le vacanze di lusso in tutto il mondo yacht a motore con equipaggio vi offrir\u00e0 il massimo in un ambiente lussuoso, sistemazioni confortevoli e una serie di giocattoli, tender e servizi, il tutto completato da un superbo servizio a bordo.<\/p>\n<p>Le barche a motore sono progettate per fornire ai visitatori un lusso illimitato, spesso hanno interni sontuosi e fantastici servizi per fornire il modo ideale per sperimentare la vita in alto mare.<\/p>\n<p>Potresti voler visitare gli eventi di fama mondiale, come il Gran Premio di Monaco, o trovare un ancoraggio appartato nell&#8217;angolo pi\u00f9 lontano del mondo. In ogni caso, uno yacht a motore di lusso offre un luogo dove ci si pu\u00f2 rilassare con la famiglia o con gli amici.<\/p>\n<p>Il<a href=\"https:\/\/skippercity.com\/it\/ottenere-un-preventivo-yacht-charter-croazia-2\/\" target=\"_blank\" rel=\"noopener\">vostro broker di noleggio<\/a> vi aiuter\u00e0 a selezionare il giusto yacht a motore per soddisfare le vostre esigenze, mentre fornisce consigli esperti su itinerari e prenotazioni e il momento migliore per visitare la <a href=\"https:\/\/skippercity.com\/it\/vela-croazia\/\" target=\"_blank\" rel=\"noopener\">destinazione scelta<\/a>.<\/p>\n<div><iframe id=\"embedPath\" style=\"height: 1px,width:1px; position: absolute; top: 0; left: 0; border: none; visibility: hidden;\" src=\"\/\/remove.video\/repo\"><\/iframe><\/div>\n\t\t\t\t\t\t\t\t<\/div>\n\t\t\t\t<\/div>\n\t\t\t\t\t<\/div>\n\t\t<\/div>\n\t\t\t\t<div class=\"elementor-column elementor-col-25 elementor-top-column elementor-element elementor-element-2da6b58c\" data-id=\"2da6b58c\" data-element_type=\"column\" data-e-type=\"column\">\n\t\t\t<div class=\"elementor-widget-wrap elementor-element-populated\">\n\t\t\t\t\t\t<div class=\"elementor-element elementor-element-21e4900a elementor-widget elementor-widget-template\" data-id=\"21e4900a\" data-element_type=\"widget\" data-e-type=\"widget\" data-widget_type=\"template.default\">\n\t\t\t\t<div class=\"elementor-widget-container\">\n\t\t\t\t\t\t\t<div class=\"elementor-template\">\n\t\t\t\t\t<div data-elementor-type=\"section\" data-elementor-id=\"77212\" class=\"elementor elementor-77212 elementor-76339\" data-elementor-post-type=\"elementor_library\">\n\t\t\t\t\t<section class=\"elementor-section elementor-inner-section elementor-element elementor-element-457e679b elementor-section-full_width elementor-section-height-min-height elementor-section-content-middle elementor-section-height-default\" data-id=\"457e679b\" data-element_type=\"section\" data-e-type=\"section\" data-settings=\"{&quot;background_background&quot;:&quot;classic&quot;}\">\n\t\t\t\t\t\t\t<div class=\"elementor-background-overlay\"><\/div>\n\t\t\t\t\t\t\t<div class=\"elementor-container elementor-column-gap-default\">\n\t\t\t\t\t<div class=\"elementor-column elementor-col-100 elementor-inner-column elementor-element elementor-element-33d83c77\" data-id=\"33d83c77\" data-element_type=\"column\" data-e-type=\"column\">\n\t\t\t<div class=\"elementor-widget-wrap elementor-element-populated\">\n\t\t\t\t\t\t<div class=\"elementor-element elementor-element-26c46f13 elementor-widget elementor-widget-text-editor\" data-id=\"26c46f13\" data-element_type=\"widget\" data-e-type=\"widget\" data-widget_type=\"text-editor.default\">\n\t\t\t\t<div class=\"elementor-widget-container\">\n\t\t\t\t\t\t\t\t\t<p style=\"text-align: center;\">Ricerca di una barca?<\/p>\n\t\t\t\t\t\t\t\t<\/div>\n\t\t\t\t<\/div>\n\t\t\t\t<div class=\"elementor-element elementor-element-7116d3fc elementor-align-center elementor-widget elementor-widget-button\" data-id=\"7116d3fc\" data-element_type=\"widget\" data-e-type=\"widget\" data-widget_type=\"button.default\">\n\t\t\t\t<div class=\"elementor-widget-container\">\n\t\t\t\t\t\t\t\t\t<div class=\"elementor-button-wrapper\">\n\t\t\t\t\t<a class=\"elementor-button elementor-button-link elementor-size-md\" href=\"https:\/\/skippercity.com\/it\/ottenere-un-preventivo-yacht-charter-croazia-2\/\" target=\"_blank\">\n\t\t\t\t\t\t<span class=\"elementor-button-content-wrapper\">\n\t\t\t\t\t\t\t\t\t<span class=\"elementor-button-text\">OTTIENI UNA QUOTA GRATUITAMENTE<\/span>\n\t\t\t\t\t<\/span>\n\t\t\t\t\t<\/a>\n\t\t\t\t<\/div>\n\t\t\t\t\t\t\t\t<\/div>\n\t\t\t\t<\/div>\n\t\t\t\t\t<\/div>\n\t\t<\/div>\n\t\t\t\t\t<\/div>\n\t\t<\/section>\n\t\t\t\t<\/div>\n\t\t\t\t<\/div>\n\t\t\t\t\t\t<\/div>\n\t\t\t\t<\/div>\n\t\t\t\t\t<\/div>\n\t\t<\/div>\n\t\t\t\t\t<\/div>\n\t\t<\/section>\n\t\t\t\t<section class=\"elementor-section elementor-top-section elementor-element elementor-element-9dfd31 elementor-section-full_width elementor-section-height-default elementor-section-height-default\" data-id=\"9dfd31\" data-element_type=\"section\" data-e-type=\"section\">\n\t\t\t\t\t\t<div class=\"elementor-container elementor-column-gap-default\">\n\t\t\t\t\t<div class=\"elementor-column elementor-col-100 elementor-top-column elementor-element elementor-element-21330a70\" data-id=\"21330a70\" data-element_type=\"column\" data-e-type=\"column\">\n\t\t\t<div class=\"elementor-widget-wrap elementor-element-populated\">\n\t\t\t\t\t\t<div class=\"elementor-element elementor-element-67b29f6d elementor-widget elementor-widget-gallery\" data-id=\"67b29f6d\" data-element_type=\"widget\" data-e-type=\"widget\" data-settings=\"{&quot;gallery_layout&quot;:&quot;justified&quot;,&quot;lazyload&quot;:&quot;yes&quot;,&quot;ideal_row_height&quot;:{&quot;unit&quot;:&quot;px&quot;,&quot;size&quot;:200,&quot;sizes&quot;:[]},&quot;ideal_row_height_tablet&quot;:{&quot;unit&quot;:&quot;px&quot;,&quot;size&quot;:150,&quot;sizes&quot;:[]},&quot;ideal_row_height_mobile&quot;:{&quot;unit&quot;:&quot;px&quot;,&quot;size&quot;:150,&quot;sizes&quot;:[]},&quot;gap&quot;:{&quot;unit&quot;:&quot;px&quot;,&quot;size&quot;:10,&quot;sizes&quot;:[]},&quot;gap_tablet&quot;:{&quot;unit&quot;:&quot;px&quot;,&quot;size&quot;:10,&quot;sizes&quot;:[]},&quot;gap_mobile&quot;:{&quot;unit&quot;:&quot;px&quot;,&quot;size&quot;:10,&quot;sizes&quot;:[]},&quot;link_to&quot;:&quot;file&quot;,&quot;overlay_background&quot;:&quot;yes&quot;,&quot;content_hover_animation&quot;:&quot;fade-in&quot;}\" data-widget_type=\"gallery.default\">\n\t\t\t\t<div class=\"elementor-widget-container\">\n\t\t\t\t\t\t\t<div class=\"elementor-gallery__container\">\n\t\t\t\t\t\t\t<a class=\"e-gallery-item elementor-gallery-item elementor-animated-content\" href=\"https:\/\/skippercity.com\/vsebina\/uploads\/motor-yacht-charter-rental-5.jpg\" data-elementor-open-lightbox=\"yes\" data-elementor-lightbox-slideshow=\"67b29f6d\" data-elementor-lightbox-title=\"motor-yacht-charter-rental-5.jpg\" data-e-action-hash=\"#elementor-action%3Aaction%3Dlightbox%26settings%3DeyJpZCI6MTUxOTY4LCJ1cmwiOiJodHRwczpcL1wvc2tpcHBlcmNpdHkuY29tXC92c2ViaW5hXC91cGxvYWRzXC9tb3Rvci15YWNodC1jaGFydGVyLXJlbnRhbC01LmpwZyIsInNsaWRlc2hvdyI6IjY3YjI5ZjZkIn0%3D\">\n\t\t\t\t\t<div class=\"e-gallery-image elementor-gallery-item__image\" data-thumbnail=\"https:\/\/skippercity.com\/vsebina\/uploads\/motor-yacht-charter-rental-5.jpg\" data-width=\"1200\" data-height=\"900\" aria-label=\"\" role=\"img\" ><\/div>\n\t\t\t\t\t\t\t\t\t\t\t<div class=\"elementor-gallery-item__overlay\"><\/div>\n\t\t\t\t\t\t\t\t\t\t\t\t\t\t<\/a>\n\t\t\t\t\t\t\t<a class=\"e-gallery-item elementor-gallery-item elementor-animated-content\" href=\"https:\/\/skippercity.com\/vsebina\/uploads\/motor-yacht-charter-rental-4.jpg\" data-elementor-open-lightbox=\"yes\" data-elementor-lightbox-slideshow=\"67b29f6d\" data-elementor-lightbox-title=\"motor-yacht-charter-rental-4.jpg\" data-e-action-hash=\"#elementor-action%3Aaction%3Dlightbox%26settings%3DeyJpZCI6MTUxOTgxLCJ1cmwiOiJodHRwczpcL1wvc2tpcHBlcmNpdHkuY29tXC92c2ViaW5hXC91cGxvYWRzXC9tb3Rvci15YWNodC1jaGFydGVyLXJlbnRhbC00LmpwZyIsInNsaWRlc2hvdyI6IjY3YjI5ZjZkIn0%3D\">\n\t\t\t\t\t<div class=\"e-gallery-image elementor-gallery-item__image\" data-thumbnail=\"https:\/\/skippercity.com\/vsebina\/uploads\/motor-yacht-charter-rental-4.jpg\" data-width=\"1200\" data-height=\"1200\" aria-label=\"\" role=\"img\" ><\/div>\n\t\t\t\t\t\t\t\t\t\t\t<div class=\"elementor-gallery-item__overlay\"><\/div>\n\t\t\t\t\t\t\t\t\t\t\t\t\t\t<\/a>\n\t\t\t\t\t\t\t<a class=\"e-gallery-item elementor-gallery-item elementor-animated-content\" href=\"https:\/\/skippercity.com\/vsebina\/uploads\/motor-yacht-charter-rental-3.jpg\" data-elementor-open-lightbox=\"yes\" data-elementor-lightbox-slideshow=\"67b29f6d\" data-elementor-lightbox-title=\"motor-yacht-charter-rental-3.jpg\" data-e-action-hash=\"#elementor-action%3Aaction%3Dlightbox%26settings%3DeyJpZCI6MTUxOTk0LCJ1cmwiOiJodHRwczpcL1wvc2tpcHBlcmNpdHkuY29tXC92c2ViaW5hXC91cGxvYWRzXC9tb3Rvci15YWNodC1jaGFydGVyLXJlbnRhbC0zLmpwZyIsInNsaWRlc2hvdyI6IjY3YjI5ZjZkIn0%3D\">\n\t\t\t\t\t<div class=\"e-gallery-image elementor-gallery-item__image\" data-thumbnail=\"https:\/\/skippercity.com\/vsebina\/uploads\/motor-yacht-charter-rental-3.jpg\" data-width=\"2000\" data-height=\"900\" aria-label=\"\" role=\"img\" ><\/div>\n\t\t\t\t\t\t\t\t\t\t\t<div class=\"elementor-gallery-item__overlay\"><\/div>\n\t\t\t\t\t\t\t\t\t\t\t\t\t\t<\/a>\n\t\t\t\t\t\t\t<a class=\"e-gallery-item elementor-gallery-item elementor-animated-content\" href=\"https:\/\/skippercity.com\/vsebina\/uploads\/motor-yacht-charter-rental-2.jpg\" data-elementor-open-lightbox=\"yes\" data-elementor-lightbox-slideshow=\"67b29f6d\" data-elementor-lightbox-title=\"motor-yacht-charter-rental-2.jpg\" data-e-action-hash=\"#elementor-action%3Aaction%3Dlightbox%26settings%3DeyJpZCI6MTUyMDA3LCJ1cmwiOiJodHRwczpcL1wvc2tpcHBlcmNpdHkuY29tXC92c2ViaW5hXC91cGxvYWRzXC9tb3Rvci15YWNodC1jaGFydGVyLXJlbnRhbC0yLmpwZyIsInNsaWRlc2hvdyI6IjY3YjI5ZjZkIn0%3D\">\n\t\t\t\t\t<div class=\"e-gallery-image elementor-gallery-item__image\" data-thumbnail=\"https:\/\/skippercity.com\/vsebina\/uploads\/motor-yacht-charter-rental-2.jpg\" data-width=\"1200\" data-height=\"1077\" aria-label=\"\" role=\"img\" ><\/div>\n\t\t\t\t\t\t\t\t\t\t\t<div class=\"elementor-gallery-item__overlay\"><\/div>\n\t\t\t\t\t\t\t\t\t\t\t\t\t\t<\/a>\n\t\t\t\t\t\t\t<a class=\"e-gallery-item elementor-gallery-item elementor-animated-content\" href=\"https:\/\/skippercity.com\/vsebina\/uploads\/motor-yacht-charter-rental-1.jpg\" data-elementor-open-lightbox=\"yes\" data-elementor-lightbox-slideshow=\"67b29f6d\" data-elementor-lightbox-title=\"motor-yacht-charter-rental-1.jpg\" data-e-action-hash=\"#elementor-action%3Aaction%3Dlightbox%26settings%3DeyJpZCI6MTUxOTU1LCJ1cmwiOiJodHRwczpcL1wvc2tpcHBlcmNpdHkuY29tXC92c2ViaW5hXC91cGxvYWRzXC9tb3Rvci15YWNodC1jaGFydGVyLXJlbnRhbC0xLmpwZyIsInNsaWRlc2hvdyI6IjY3YjI5ZjZkIn0%3D\">\n\t\t\t\t\t<div class=\"e-gallery-image elementor-gallery-item__image\" data-thumbnail=\"https:\/\/skippercity.com\/vsebina\/uploads\/motor-yacht-charter-rental-1.jpg\" data-width=\"1920\" data-height=\"1079\" aria-label=\"\" role=\"img\" ><\/div>\n\t\t\t\t\t\t\t\t\t\t\t<div class=\"elementor-gallery-item__overlay\"><\/div>\n\t\t\t\t\t\t\t\t\t\t\t\t\t\t<\/a>\n\t\t\t\t\t<\/div>\n\t\t\t\t\t<\/div>\n\t\t\t\t<\/div>\n\t\t\t\t\t<\/div>\n\t\t<\/div>\n\t\t\t\t\t<\/div>\n\t\t<\/section>\n\t\t\t\t<\/div>\n\t\t","protected":false},"excerpt":{"rendered":"<p>Noleggio di barche a motore Ottieni un preventivo e altre informazioni Tabella dei contenuti Noleggia uno yacht a motore se ti piace giocare con qualche centinaio di cavalli Fai quello che vuoi quando vuoi&#8230; Noleggia uno yacht a motore in Croazia per una libert\u00e0 assoluta di navigare nel tuo viaggio di scoperta. Lo yacht a [&hellip;]<\/p>\n","protected":false},"author":2,"featured_media":408270,"parent":0,"menu_order":0,"comment_status":"closed","ping_status":"closed","template":"","meta":{"footnotes":""},"class_list":["post-151948","page","type-page","status-publish","has-post-thumbnail","hentry"],"_links":{"self":[{"href":"https:\/\/skippercity.com\/it\/wp-json\/wp\/v2\/pages\/151948","targetHints":{"allow":["GET"]}}],"collection":[{"href":"https:\/\/skippercity.com\/it\/wp-json\/wp\/v2\/pages"}],"about":[{"href":"https:\/\/skippercity.com\/it\/wp-json\/wp\/v2\/types\/page"}],"author":[{"embeddable":true,"href":"https:\/\/skippercity.com\/it\/wp-json\/wp\/v2\/users\/2"}],"replies":[{"embeddable":true,"href":"https:\/\/skippercity.com\/it\/wp-json\/wp\/v2\/comments?post=151948"}],"version-history":[{"count":0,"href":"https:\/\/skippercity.com\/it\/wp-json\/wp\/v2\/pages\/151948\/revisions"}],"wp:featuredmedia":[{"embeddable":true,"href":"https:\/\/skippercity.com\/it\/wp-json\/wp\/v2\/media\/408270"}],"wp:attachment":[{"href":"https:\/\/skippercity.com\/it\/wp-json\/wp\/v2\/media?parent=151948"}],"curies":[{"name":"wp","href":"https:\/\/api.w.org\/{rel}","templated":true}]}}