{"id":412158,"date":"2024-01-14T20:42:38","date_gmt":"2024-01-14T20:42:38","guid":{"rendered":"https:\/\/www.skippercity.com\/pagina-tos-degli-affiliati\/"},"modified":"2024-01-20T06:48:19","modified_gmt":"2024-01-20T06:48:19","slug":"pagina-tos-degli-affiliati","status":"publish","type":"page","link":"https:\/\/skippercity.com\/it\/pagina-tos-degli-affiliati\/","title":{"rendered":"Pagina TOS degli affiliati"},"content":{"rendered":"\t\t<div data-elementor-type=\"wp-page\" data-elementor-id=\"412158\" class=\"elementor elementor-412158 elementor-412033\" data-elementor-post-type=\"page\">\n\t\t\t\t<div class=\"elementor-element elementor-element-e8b4547 e-con-full e-flex e-con e-parent\" data-id=\"e8b4547\" data-element_type=\"container\" data-e-type=\"container\">\n\t\t<div class=\"elementor-element elementor-element-6c6403f e-con-full e-flex e-con e-child\" data-id=\"6c6403f\" data-element_type=\"container\" data-e-type=\"container\">\n\t\t\t\t<\/div>\n\t\t<div class=\"elementor-element elementor-element-c162eda e-con-full e-flex e-con e-child\" data-id=\"c162eda\" data-element_type=\"container\" data-e-type=\"container\">\n\t\t\t\t<div class=\"elementor-element elementor-element-3553b57 elementor-widget elementor-widget-text-editor\" data-id=\"3553b57\" data-element_type=\"widget\" data-e-type=\"widget\" data-widget_type=\"text-editor.default\">\n\t\t\t\t<div class=\"elementor-widget-container\">\n\t\t\t\t\t\t\t\t\t<h2>Accordo di affiliazione<\/h2>\n<h2>(Termini e condizioni del programma di affiliazione)<\/h2>\n<p>Il presente accordo (l'&#8221;Accordo&#8221;) \u00e8 stipulato tra SkipperCity, Blackbird<br \/>One Ltd, 5 Secretary&#8217;s Lane, Gibilterra GX11 1AA, (la &#8220;Societ\u00e0&#8221;), e<br \/>affiliato (l'&#8221;Affiliato&#8221;), e collettivamente, (le &#8220;Parti&#8221;) per<br \/>partecipazione al programma di affiliazione della Societ\u00e0.<\/p>\n<p>L&#8217;Affiliato desidera includere alcuni materiali che promuovono l&#8217;Azienda, e<br \/>di includere un link al sito web della Societ\u00e0 all&#8217;interno di tali materiali su<br \/>Sito web dell&#8217;Affiliato e\/o altrove su Internet;<\/p>\n<p>ORA INOLTRE, in considerazione delle reciproche promesse, patti,<br \/>garanzie, e altri buoni e preziosi corrispettivi indicati nel presente documento,<br \/>le Parti convengono quanto segue:<\/p>\n<ol>\n<li><b>Materiale promozionale.<\/b>  La Societ\u00e0 metter\u00e0 a disposizione di<br \/>Affiliati alcuni banner pubblicitari, link a pulsanti, link di testo,<br \/>e\/o altro materiale grafico o testuale per la visualizzazione e l&#8217;utilizzo su<br \/>sito web dell&#8217;Affiliato (i &#8220;Materiali Promozionali&#8221;) e\/o altrove su<br \/>Internet. L&#8217;Affiliato dovr\u00e0 esporre il Materiale Promozionale su<br \/>Il sito web dell&#8217;Affiliato e\/o altrove su Internet in modo prominente e come<br \/>L&#8217;Affiliato lo ritiene opportuno, fermo restando che il modo di esposizione sar\u00e0 soggetto a<br \/>ai termini e alle condizioni del presente Contratto. L&#8217;Affiliato dovr\u00e0 inoltre<br \/>includere un link dal Materiale Promozionale al sito web dell&#8217;Azienda, come<br \/>specificato dalla Societ\u00e0.<\/li>\n<li><b>Utilizzo di materiale promozionale.  <\/b>Uso e visualizzazione dell&#8217;Affiliato<br \/>del Materiale Promozionale sul sito dell&#8217;Affiliato e\/o altrove<br \/>su Internet dovr\u00e0 essere conforme ai seguenti termini, condizioni e<br \/>specifiche:\n<ul>\n<li>a. L&#8217;Affiliato non pu\u00f2 utilizzare alcun materiale grafico, testuale o di altro tipo<br \/>dal sito web dell&#8217;Azienda (https:\/\/yachtco.net), prodotti o servizi diversi da<br \/>dei Materiali Promozionali, a meno che la Societ\u00e0 non accetti per iscritto di<br \/>prima della loro esposizione.<\/li>\n<li>b. L&#8217;Affiliato pu\u00f2 utilizzare il Materiale Promozionale solo per lo scopo di<br \/>della promozione del sito web della Societ\u00e0 (e dei prodotti e servizi disponibili<br \/>su di esso), e per il collegamento al sito web della Societ\u00e0.<\/li>\n<li>c. L&#8217;Affiliato non modificher\u00e0, aggiunger\u00e0, sottrarr\u00e0, o in altro modo<br \/>modificare il Materiale Promozionale cos\u00ec come viene preparato dalla Societ\u00e0. Se<br \/>L&#8217;Affiliato desidera alterare o modificare in altro modo il Materiale Promozionale,<br \/>L&#8217;Affiliato deve ottenere il preventivo consenso scritto della Societ\u00e0 per tale<br \/>alterazione della modifica.<\/li>\n<li>d. Il Materiale Promozionale sar\u00e0 utilizzato per collegarsi al sito web della Societ\u00e0, alle pagine specifiche e all&#8217;indirizzo all&#8217;interno del sito web.<\/li>\n<li>e. L&#8217;Affiliato pu\u00f2 creare il proprio materiale promozionale (grafico, testuale o di altro tipo) come ritiene opportuno.<\/li>\n<\/ul>\n<\/li>\n<li><b>Licenza<\/b>. La Societ\u00e0 concede all&#8217;Affiliato una licenza non esclusiva,<br \/>licenza non trasferibile (la &#8220;Licenza&#8221;) di utilizzare il Materiale Promozionale<br \/>come specificato nei termini e nelle condizioni del presente Contratto. Il termine<br \/>della Licenza scadr\u00e0 alla scadenza o alla cessazione della presente<br \/>Accordo.<\/li>\n<li><b>Propriet\u00e0 intellettuale.<\/b>  La Societ\u00e0 conserva tutti i diritti e la propriet\u00e0,<br \/>e gli interessi sul Materiale Promozionale e su qualsiasi diritto d&#8217;autore,<br \/>marchio o altra propriet\u00e0 intellettuale nei Materiali Promozionali.<br \/>Nulla di quanto contenuto nel presente Accordo deve essere interpretato come concessione all&#8217;Affiliato di qualsiasi<br \/>diritti, propriet\u00e0 o interessi sul Materiale Promozionale, o sulla<br \/>propriet\u00e0 intellettuale sottostante, ad eccezione dei diritti di utilizzo della<br \/>I materiali promozionali concessi in licenza, come indicato nella sezione<br \/>3.<\/li>\n<li><b>Rapporto tra le parti.  <\/b>Il presente Accordo non sar\u00e0<br \/>interpretato in modo da creare un rapporto di lavoro, un rapporto di agenzia o di<br \/>partnership tra l&#8217;Azienda e l&#8217;Affiliato. L&#8217;Affiliato dovr\u00e0 fornire<br \/>servizi per la Societ\u00e0 in qualit\u00e0 di contraente indipendente. L&#8217;Affiliato dovr\u00e0<br \/>nessuna autorit\u00e0 per vincolare l&#8217;Azienda in alcun accordo, n\u00e9 l&#8217;Affiliato sar\u00e0<br \/>considerato un agente della Societ\u00e0 sotto qualsiasi aspetto.<\/li>\n<li><b>Commissioni:<br \/><\/b>\n<ul>\n<li>a. In cambio dell&#8217;esposizione dei materiali promozionali da parte dell&#8217;Affiliato,<br \/>e per l&#8217;osservanza e l&#8217;esecuzione da parte dell&#8217;Affiliato dei termini e dei<br \/>condizioni del presente Accordo, l&#8217;Azienda pagher\u00e0 all&#8217;Affiliato una<br \/>commissione (la &#8220;Commissione&#8221;) per un importo pari a una percentuale del prezzo per<br \/>sistemazione su imbarcazione prenotata da un visitatore che accede al sito dell&#8217;Azienda.<br \/>attraverso un link sul sito web dell&#8217;Affiliato o attraverso il sito web dell&#8217;Affiliato.<br \/>link in un altro punto di Internet . La percentuale attuale \u00e8 del 20%. Questo<br \/>La percentuale \u00e8 soggetta a modifiche da parte della Societ\u00e0 in qualsiasi momento.<\/li>\n<li>b. La Societ\u00e0 dovr\u00e0 tenere registri accurati e aggiornati dei dati<br \/>utilizzato fino alla cessazione del presente accordo per determinare il totale delle<br \/>importo delle Commissioni dovute all&#8217;Affiliato. All&#8217;affiliato sar\u00e0 dato<br \/>ragionevole accesso a tali documenti su richiesta. Qualsiasi discrepanza tra<br \/>l&#8217;importo delle Commissioni dovute in base a tali registrazioni, e la<br \/>l&#8217;importo effettivo delle commissioni pagate all&#8217;Affiliato in qualsiasi periodo o periodi<br \/>L&#8217;Azienda dovr\u00e0 rettificare la situazione entro 14 giorni dalla scoperta di tale<br \/>discrepanza.<\/li>\n<li>c. Le commissioni vengono trattenute per un periodo di 30 giorni dalla data di imbarco.<br \/>di noleggio per tutelare l&#8217;Azienda in caso di addebiti che possano<br \/>si verificano. La Societ\u00e0 pagher\u00e0 tutte le Commissioni maturate e dovute a<br \/>Affiliato entro 30 giorni dalla fine del noleggio dell&#8217;imbarcazione (il &#8220;Pagamento della Commissione&#8221;).<br \/>Data&#8221;).<\/li>\n<li>d. Nel caso in cui l&#8217;Affiliato violi materialmente il presente Accordo<br \/>e la Societ\u00e0 risolve il presente Contratto entro 30 giorni da tale violazione,<br \/>allora tutte le commissioni maturate e dovute all&#8217;Affiliato saranno<br \/>decadono, e l&#8217;Azienda non sar\u00e0 obbligata a pagare tali Commissioni a<br \/>Affiliato.<\/li>\n<\/ul>\n<\/li>\n<li><b>Dichiarazioni e garanzie dell&#8217;Affiliato.<\/b>  L&#8217;Affiliato dichiara e garantisce quanto segue:\n<ul>\n<li>a. L&#8217;Affiliato ha l&#8217;autorit\u00e0 legale per stipulare il presente Contratto<br \/>e di essere vincolato alle promesse, ai patti e agli altri doveri stabiliti<br \/>nel presente Accordo.<\/li>\n<li>b. Il sito web dell&#8217;Affiliato e\/o la pagina del link dell&#8217;Affiliato non contengono materiali che siano:\n<ul>\n<li>i. Sessualmente esplicito, osceno o pornografico;<\/li>\n<li>ii. Offensivo, blasfemo, odioso, minaccioso, dannoso, diffamatorio,<br \/>diffamatorie, moleste o discriminatorie (sia per motivi razziali che per motivi di sicurezza),<br \/>etnia, credo, religione, sesso, orientamento sessuale, fisico, ecc.<br \/>disabilit\u00e0 o altro);<\/li>\n<li>iii. Graficamente violenti, comprese le immagini di videogiochi violenti; oppure<\/li>\n<li>iv. Sollecitare qualsiasi comportamento illecito<\/li>\n<\/ul>\n<\/li>\n<li>c. L&#8217;Affiliato ha ottenuto tutte le autorizzazioni, le licenze o i permessi necessari.<br \/>altri permessi per qualsiasi propriet\u00e0 intellettuale utilizzata sul sito dell&#8217;Affiliato.<br \/>sito web. Nulla di ci\u00f2 che \u00e8 presente sul sito web dell&#8217;Affiliato viola la propriet\u00e0 intellettuale<br \/>diritti di propriet\u00e0 di qualsiasi persona o entit\u00e0. Nessuna persona o entit\u00e0 ha portato<br \/>o ha minacciato di intraprendere un&#8217;azione legale per tale violazione, n\u00e9 l&#8217;Affiliato<br \/>avere motivo di ritenere che una persona o un&#8217;entit\u00e0 possa presentare o<br \/>minacciare una simile richiesta di risarcimento in futuro.<\/li>\n<li>d. L&#8217;Affiliato non utilizzer\u00e0 i materiali promozionali in modo diverso da quanto stabilito nella sezione 2 di cui sopra.<\/li>\n<li>e. L&#8217;Affiliato non rivendicher\u00e0 alcun diritto di propriet\u00e0 sul materiale promozionale.<br \/>Materiali, o dei diritti d&#8217;autore, dei marchi o di altre opere dell&#8217;ingegno.<br \/>propriet\u00e0 in esso contenute.<\/li>\n<li>f. L&#8217;Affiliato non pubblicher\u00e0 o distribuir\u00e0 in altro modo alcuna<br \/>materiali pubblicitari per il sito web dell&#8217;Affiliato che facciano riferimento all&#8217;Azienda o a<br \/>Il sito web della Societ\u00e0, a meno che la Societ\u00e0 non dia il suo consenso preventivo scritto al<br \/>distribuzione di tali materiali. L&#8217;affiliato non utilizzer\u00e0 il nome dell&#8217;azienda<br \/>(o qualsiasi nome che sia confusamente simile al nome della Societ\u00e0) per qualsiasi<br \/>scopo sul suo sito web, nel suo materiale promozionale o in qualsiasi altro<br \/>se non per promuovere il sito web dell&#8217;Azienda come specificato in questo<br \/>Accordo. L&#8217;Affiliato non registrer\u00e0 alcun nome di dominio che incorpora<br \/>Il nome dell&#8217;Azienda o che sia confusamente simile al nome dell&#8217;Azienda.<\/li>\n<li>g. L&#8217;Affiliato non si impegner\u00e0 nella distribuzione di alcuno strumento non richiesto.<br \/>e-mail di massa (spam) che menzionino o facciano riferimento in qualsiasi modo all&#8217;Azienda o a<br \/>Sito web della societ\u00e0.<\/li>\n<li>h. Il sito web dell&#8217;Affiliato e\/o la pagina di collegamento dell&#8217;Affiliato devono essere tematicamente correlati al contenuto del sito web dell&#8217;Azienda.<\/li>\n<\/ul>\n<\/li>\n<li><b>Indennizzo.<\/b>  L&#8217;Affiliato dovr\u00e0 indennizzare la Societ\u00e0 e tenere<br \/>la Societ\u00e0 da qualsiasi rivendicazione, danno, causa, azione, reclamo, o<br \/>altri costi derivanti da eventuali violazioni delle garanzie dell&#8217;Affiliato stabilite<br \/>di cui alla precedente Sezione 7. L&#8217;Affiliato dovr\u00e0 inoltre indennizzare e tenere<br \/>manleva la Societ\u00e0 da qualsiasi danno, perdita o altro costo derivante dalla<br \/>l&#8217;uso o l&#8217;abuso da parte dell&#8217;Affiliato dei Materiali Promozionali.<\/li>\n<li><b>Riservatezza.  <\/b>Qualsiasi informazione a cui l&#8217;Affiliato \u00e8 esposto<br \/>in virt\u00f9 del suo rapporto con la Societ\u00e0 ai sensi del presente Contratto, che<br \/>le informazioni non sono disponibili al pubblico in generale, sono considerate<br \/>come &#8220;Informazioni aziendali riservate&#8221;. L&#8217;Affiliato non pu\u00f2 divulgare alcun<br \/>Informazioni aziendali riservate a qualsiasi persona o entit\u00e0, tranne nel caso in cui<br \/>obbligato dalla legge, a meno che l&#8217;Affiliato non ottenga il consenso scritto per<br \/>tale divulgazione da parte della Societ\u00e0.<\/li>\n<li><b>Termine.<br \/><\/b>\n<ul>\n<li>a. Il presente Accordo avr\u00e0 effetto immediato e rimarr\u00e0 in vigore fino alla sua risoluzione ai sensi della presente Sezione 10.<\/li>\n<li>b. Ciascuna delle Parti avr\u00e0 il diritto di recedere dal presente Accordo a<br \/>in qualsiasi momento e per qualsiasi causa. La Parte che recede deve fornire per iscritto<br \/>notifica all&#8217;altra Parte almeno 30 giorni prima della data prevista per l&#8217;esecuzione del contratto.<br \/>cessazione.<\/li>\n<\/ul>\n<\/li>\n<li><b>Tasse.<\/b>  La Societ\u00e0 non sar\u00e0 responsabile di eventuali imposte dovute da<br \/>Affiliato derivante dal rapporto dell&#8217;Affiliato con l&#8217;Azienda, come indicato nel presente documento.<br \/>di cui al presente Accordo. La Societ\u00e0 non tratterr\u00e0 alcuna imposta dal<br \/>Commissioni pagate all&#8217;Affiliato.<\/li>\n<li><b>Limitazione di responsabilit\u00e0.<\/b>  La Societ\u00e0 non sar\u00e0 responsabile di alcun<br \/>perdita di profitti o costi, o per qualsiasi perdita diretta, indiretta, speciale,<br \/>danni incidentali o consequenziali, compresi i costi associati al<br \/>l&#8217;acquisto di beni o servizi sostitutivi (sia che l&#8217;Azienda sia stata o sia<br \/>avrebbe dovuto essere a conoscenza o avvisato della possibilit\u00e0 di tali danni),<br \/>derivanti da o associati a qualsiasi perdita, sospensione o interruzione<br \/>di servizio, la cessazione del presente Contratto, l&#8217;uso o l&#8217;abuso del<br \/>Materiale promozionale, o altre prestazioni di servizi ai sensi del presente<br \/>Accordo.<\/li>\n<li><b>Controparti.<\/b>  Il presente Accordo pu\u00f2 essere eseguito in pi\u00f9<br \/>controparti, ognuna delle quali costituir\u00e0 un originale e tutte le<br \/>che, nel loro insieme, costituiranno un unico accordo.<\/li>\n<li><b>Separabilit\u00e0.<\/b>  Se una parte o pi\u00f9 parti del presente Accordo saranno<br \/>ritenuta inapplicabile per qualsiasi motivo, la parte restante del presente Contratto<br \/>continuer\u00e0 ad avere pieno vigore ed effetto. Se una qualsiasi disposizione del presente<br \/>L&#8217;Accordo \u00e8 ritenuto invalido o inapplicabile da qualsiasi tribunale competente.<br \/>giurisdizione, e se la limitazione di tale disposizione renderebbe la disposizione<br \/>valida, tale disposizione dovr\u00e0 essere interpretata come tale.<br \/>limitato.<\/li>\n<li><b>Titoli<\/b>. I titoli delle sezioni del presente documento sono solo per comodit\u00e0 e non influiscono sul significato delle disposizioni del presente Contratto.<\/li>\n<li><b>Intero accordo.<\/b>  Il presente Contratto costituisce l&#8217;intero<br \/>accordo tra l&#8217;Azienda e l&#8217;Affiliato e sostituisce qualsiasi precedente accordo di<br \/>comprensione o dichiarazione di qualsiasi tipo precedente alla data del presente<br \/>Accordo. Non vi sono altre promesse, condizioni, intese o<br \/>altri accordi, sia orali che scritti, relativi all&#8217;oggetto<br \/>materia del presente Accordo<\/li>\n<\/ol>\n\t\t\t\t\t\t\t\t<\/div>\n\t\t\t\t<\/div>\n\t\t\t\t<\/div>\n\t\t<div class=\"elementor-element elementor-element-510b0b1 e-con-full e-flex e-con e-child\" data-id=\"510b0b1\" data-element_type=\"container\" data-e-type=\"container\">\n\t\t\t\t<\/div>\n\t\t\t\t<\/div>\n\t\t\t\t<\/div>\n\t\t","protected":false},"excerpt":{"rendered":"<p>Accordo di affiliazione (Termini e condizioni del programma di affiliazione) Il presente accordo (l&#8217;&#8221;Accordo&#8221;) \u00e8 stipulato tra SkipperCity, BlackbirdOne Ltd, 5 Secretary&#8217;s Lane, Gibilterra GX11 1AA, (la &#8220;Societ\u00e0&#8221;), eaffiliato (l&#8217;&#8221;Affiliato&#8221;), e collettivamente, (le &#8220;Parti&#8221;) perpartecipazione al programma di affiliazione della Societ\u00e0. L&#8217;Affiliato desidera includere alcuni materiali che promuovono l&#8217;Azienda, edi includere un link al sito [&hellip;]<\/p>\n","protected":false},"author":2,"featured_media":408270,"parent":0,"menu_order":0,"comment_status":"closed","ping_status":"closed","template":"","meta":{"footnotes":""},"class_list":["post-412158","page","type-page","status-publish","has-post-thumbnail","hentry"],"_links":{"self":[{"href":"https:\/\/skippercity.com\/it\/wp-json\/wp\/v2\/pages\/412158","targetHints":{"allow":["GET"]}}],"collection":[{"href":"https:\/\/skippercity.com\/it\/wp-json\/wp\/v2\/pages"}],"about":[{"href":"https:\/\/skippercity.com\/it\/wp-json\/wp\/v2\/types\/page"}],"author":[{"embeddable":true,"href":"https:\/\/skippercity.com\/it\/wp-json\/wp\/v2\/users\/2"}],"replies":[{"embeddable":true,"href":"https:\/\/skippercity.com\/it\/wp-json\/wp\/v2\/comments?post=412158"}],"version-history":[{"count":0,"href":"https:\/\/skippercity.com\/it\/wp-json\/wp\/v2\/pages\/412158\/revisions"}],"wp:featuredmedia":[{"embeddable":true,"href":"https:\/\/skippercity.com\/it\/wp-json\/wp\/v2\/media\/408270"}],"wp:attachment":[{"href":"https:\/\/skippercity.com\/it\/wp-json\/wp\/v2\/media?parent=412158"}],"curies":[{"name":"wp","href":"https:\/\/api.w.org\/{rel}","templated":true}]}}