{"id":416333,"date":"2024-03-02T09:54:36","date_gmt":"2024-03-02T09:54:36","guid":{"rendered":"https:\/\/www.skippercity.com\/salpare-sulla-costa-mozzafiato-della-croazia-noleggio-barche-con-skippercity-com\/"},"modified":"2024-03-02T10:38:54","modified_gmt":"2024-03-02T10:38:54","slug":"salpare-sulla-costa-mozzafiato-della-croazia-noleggio-barche-con-skippercity-com","status":"publish","type":"page","link":"https:\/\/skippercity.com\/it\/salpare-sulla-costa-mozzafiato-della-croazia-noleggio-barche-con-skippercity-com\/","title":{"rendered":"Salpare sulla costa mozzafiato della Croazia: Noleggio barche con SkipperCity.com"},"content":{"rendered":"\t\t<div data-elementor-type=\"wp-page\" data-elementor-id=\"416333\" class=\"elementor elementor-416333 elementor-416326\" data-elementor-post-type=\"page\">\n\t\t\t\t<div class=\"elementor-element elementor-element-7221df9 e-con-full e-flex e-con e-parent\" data-id=\"7221df9\" data-element_type=\"container\" data-e-type=\"container\" data-settings=\"{&quot;background_background&quot;:&quot;classic&quot;}\">\n\t\t\t\t<\/div>\n\t\t\t\t<section class=\"elementor-section elementor-top-section elementor-element elementor-element-16f0dcfb elementor-section-full_width elementor-section-height-default elementor-section-height-default\" data-id=\"16f0dcfb\" data-element_type=\"section\" data-e-type=\"section\">\n\t\t\t\t\t\t<div class=\"elementor-container elementor-column-gap-default\">\n\t\t\t\t\t<div class=\"elementor-column elementor-col-25 elementor-top-column elementor-element elementor-element-14ec4fad\" data-id=\"14ec4fad\" data-element_type=\"column\" data-e-type=\"column\">\n\t\t\t<div class=\"elementor-widget-wrap elementor-element-populated\">\n\t\t\t\t\t\t<div class=\"elementor-element elementor-element-168931b8 elementor-toc--minimized-on-tablet elementor-widget elementor-widget-table-of-contents\" data-id=\"168931b8\" data-element_type=\"widget\" data-e-type=\"widget\" data-settings=\"{&quot;exclude_headings_by_selector&quot;:[],&quot;marker_view&quot;:&quot;bullets&quot;,&quot;headings_by_tags&quot;:[&quot;h2&quot;,&quot;h3&quot;,&quot;h4&quot;,&quot;h5&quot;,&quot;h6&quot;],&quot;icon&quot;:{&quot;value&quot;:&quot;fas fa-circle&quot;,&quot;library&quot;:&quot;fa-solid&quot;,&quot;rendered_tag&quot;:&quot;&lt;svg class=\\&quot;e-font-icon-svg e-fas-circle\\&quot; viewBox=\\&quot;0 0 512 512\\&quot; xmlns=\\&quot;http:\\\/\\\/www.w3.org\\\/2000\\\/svg\\&quot;&gt;&lt;path d=\\&quot;M256 8C119 8 8 119 8 256s111 248 248 248 248-111 248-248S393 8 256 8z\\&quot;&gt;&lt;\\\/path&gt;&lt;\\\/svg&gt;&quot;},&quot;no_headings_message&quot;:&quot;Non sono state trovate intestazioni in questa pagina.&quot;,&quot;minimize_box&quot;:&quot;yes&quot;,&quot;minimized_on&quot;:&quot;tablet&quot;,&quot;hierarchical_view&quot;:&quot;yes&quot;,&quot;min_height&quot;:{&quot;unit&quot;:&quot;px&quot;,&quot;size&quot;:&quot;&quot;,&quot;sizes&quot;:[]},&quot;min_height_tablet&quot;:{&quot;unit&quot;:&quot;px&quot;,&quot;size&quot;:&quot;&quot;,&quot;sizes&quot;:[]},&quot;min_height_mobile&quot;:{&quot;unit&quot;:&quot;px&quot;,&quot;size&quot;:&quot;&quot;,&quot;sizes&quot;:[]}}\" data-widget_type=\"table-of-contents.default\">\n\t\t\t\t<div class=\"elementor-widget-container\">\n\t\t\t\t\t\t\t\t\t<div class=\"elementor-toc__header\">\n\t\t\t\t\t\t<h4 class=\"elementor-toc__header-title\">\n\t\t\t\tTabella dei contenuti\t\t\t<\/h4>\n\t\t\t\t\t\t\t\t\t\t<div class=\"elementor-toc__toggle-button elementor-toc__toggle-button--expand\" role=\"button\" tabindex=\"0\" aria-controls=\"elementor-toc__168931b8\" aria-expanded=\"true\" aria-label=\"Apri l&#039;indice dei contenuti\"><svg aria-hidden=\"true\" class=\"e-font-icon-svg e-fas-chevron-down\" viewBox=\"0 0 448 512\" xmlns=\"http:\/\/www.w3.org\/2000\/svg\"><path d=\"M207.029 381.476L12.686 187.132c-9.373-9.373-9.373-24.569 0-33.941l22.667-22.667c9.357-9.357 24.522-9.375 33.901-.04L224 284.505l154.745-154.021c9.379-9.335 24.544-9.317 33.901.04l22.667 22.667c9.373 9.373 9.373 24.569 0 33.941L240.971 381.476c-9.373 9.372-24.569 9.372-33.942 0z\"><\/path><\/svg><\/div>\n\t\t\t\t<div class=\"elementor-toc__toggle-button elementor-toc__toggle-button--collapse\" role=\"button\" tabindex=\"0\" aria-controls=\"elementor-toc__168931b8\" aria-expanded=\"true\" aria-label=\"Chiudi l&#039;indice dei contenuti\"><svg aria-hidden=\"true\" class=\"e-font-icon-svg e-fas-chevron-up\" viewBox=\"0 0 448 512\" xmlns=\"http:\/\/www.w3.org\/2000\/svg\"><path d=\"M240.971 130.524l194.343 194.343c9.373 9.373 9.373 24.569 0 33.941l-22.667 22.667c-9.357 9.357-24.522 9.375-33.901.04L224 227.495 69.255 381.516c-9.379 9.335-24.544 9.317-33.901-.04l-22.667-22.667c-9.373-9.373-9.373-24.569 0-33.941L207.03 130.525c9.372-9.373 24.568-9.373 33.941-.001z\"><\/path><\/svg><\/div>\n\t\t\t\t\t<\/div>\n\t\t\t\t<div id=\"elementor-toc__168931b8\" class=\"elementor-toc__body\">\n\t\t\t<div class=\"elementor-toc__spinner-container\">\n\t\t\t\t<svg class=\"elementor-toc__spinner eicon-animation-spin e-font-icon-svg e-eicon-loading\" aria-hidden=\"true\" viewBox=\"0 0 1000 1000\" xmlns=\"http:\/\/www.w3.org\/2000\/svg\"><path d=\"M500 975V858C696 858 858 696 858 500S696 142 500 142 142 304 142 500H25C25 237 238 25 500 25S975 237 975 500 763 975 500 975Z\"><\/path><\/svg>\t\t\t<\/div>\n\t\t<\/div>\n\t\t\t\t\t\t<\/div>\n\t\t\t\t<\/div>\n\t\t\t\t\t<\/div>\n\t\t<\/div>\n\t\t\t\t<div class=\"elementor-column elementor-col-50 elementor-top-column elementor-element elementor-element-56a65c9e\" data-id=\"56a65c9e\" data-element_type=\"column\" data-e-type=\"column\">\n\t\t\t<div class=\"elementor-widget-wrap elementor-element-populated\">\n\t\t\t\t\t\t<div class=\"elementor-element elementor-element-11821385 elementor-widget elementor-widget-text-editor\" data-id=\"11821385\" data-element_type=\"widget\" data-e-type=\"widget\" data-widget_type=\"text-editor.default\">\n\t\t\t\t<div class=\"elementor-widget-container\">\n\t\t\t\t\t\t\t\t\t<div class=\"markdown markdown-main-panel ui-v2-enabled\" dir=\"ltr\">\n<h1 data-sourcepos=\"1:1-1:80\">Salpare sulla costa mozzafiato della Croazia: Noleggio barche con SkipperCity.com<\/h1>\n<h2 data-sourcepos=\"3:1-3:45\"><strong>Indimenticabili vacanze in barca a vela in Croazia<\/strong><\/h2>\n<p data-sourcepos=\"5:1-5:278\">La Croazia, con le sue acque turchesi, le isole pittoresche e le incantevoli citt\u00e0 costiere, \u00e8 una destinazione da sogno per gli appassionati di vela. Che siate velisti esperti in cerca di avventure o famiglie che desiderano una fuga rilassante, SkipperCity.com pu\u00f2 trasformare il vostro sogno in realt\u00e0.<\/p>\n<h2 data-sourcepos=\"7:1-7:63\"><strong>Esplorate le vostre opzioni: Catamarani, barche a vela e barche a motore<\/strong><\/h2>\n<p data-sourcepos=\"9:1-9:221\">SkipperCity.com \u00e8 il vostro negozio unico per il <strong>noleggio di yacht in Croazia<\/strong>. Con <strong>oltre 13.000 yacht<\/strong> nella nostra vasta flotta, offriamo una vasta gamma di opzioni per soddisfare tutte le preferenze e i livelli di esperienza di navigazione:<\/p>\n<ul data-sourcepos=\"11:1-14:0\">\n<li data-sourcepos=\"11:1-11:353\"><strong>Charter in catamarano:<\/strong> <strong>Provate l&#8217;esperienza di una stabilit\u00e0 e di un comfort senza pari<\/strong> a bordo di un catamarano di lusso, perfetto per famiglie e gruppi che cercano un&#8217;esperienza spaziosa e rilassante. Per saperne di pi\u00f9, esplorate la nostra pagina sul noleggio di catamarani in Croazia: <a class=\"traceable-link\" href=\"https:\/\/skippercity.com\/it\/catamarano-charter-croazia\/\" target=\"_blank\" rel=\"noopener noreferrer\">https:\/\/skippercity.com\/catamaran-charter-croatia\/<\/a>.<\/li>\n<li data-sourcepos=\"12:1-12:370\"><strong>Charter in barca a vela:<\/strong> <strong>Abbracciate il fascino classico e l&#8217;emozione di navigare<\/strong> su una barca a vela classica, ideale per esplorare insenature nascoste e provare la gioia di navigare nel Mare Adriatico. Scopri di pi\u00f9 sul noleggio di barche a vela in Croazia: <a class=\"traceable-link\" href=\"https:\/\/skippercity.com\/it\/sailboat-charter-croazia\/\" target=\"_blank\" rel=\"noopener noreferrer\">https:\/\/skippercity.com\/sailboat-charter-croatia\/<\/a> opzioni sul nostro sito.<\/li>\n<li data-sourcepos=\"13:1-14:0\"><strong>Charter in motoscafo:<\/strong> <strong>Scoprite la costa al vostro ritmo<\/strong> con i nostri emozionanti charter in motoscafo, perfetti per chi cerca un ritmo pi\u00f9 veloce e la possibilit\u00e0 di coprire pi\u00f9 terreno. Per i dettagli, consultate la pagina Noleggio barche a motore in Croazia: <a class=\"traceable-link\" href=\"https:\/\/skippercity.com\/it\/noleggio-motoscafo-croazia\/\" target=\"_blank\" rel=\"noopener noreferrer\">https:\/\/skippercity.com\/motorboat-charter-croatia\/<\/a>.<\/li>\n<\/ul>\n<h2 data-sourcepos=\"15:1-15:41\"><strong>Esperienze su misura per ogni velista<\/strong><\/h2>\n<p data-sourcepos=\"17:1-17:153\">Siamo consapevoli che ogni velista ha esigenze uniche. Scegliete tra tre diverse opzioni di noleggio per rendere la vostra avventura di navigazione in Croazia davvero indimenticabile:<\/p>\n<ul data-sourcepos=\"19:1-22:0\">\n<li data-sourcepos=\"19:1-19:249\"><strong>Charter senza equipaggio:<\/strong> <strong>Avventuratevi in un&#8217;avventura indipendente<\/strong> (solo per velisti esperti con patente valida) e create il vostro itinerario. Per saperne di pi\u00f9 sui requisiti e sui vantaggi, consultate la nostra pagina sul noleggio a scafo nudo in Croazia: [invalid URL removed].<\/li>\n<li data-sourcepos=\"20:1-20:363\"><strong>Charter con skipper:<\/strong> <strong>Rilassatevi e godetevi il paesaggio<\/strong> mentre uno skipper professionista si occupa della navigazione, permettendovi di concentrarvi completamente sulla bellezza della Croazia. Per saperne di pi\u00f9 sui nostri servizi di noleggio barche con skipper in Croazia: <a class=\"traceable-link\" href=\"https:\/\/skippercity.com\/it\/skippered-yacht-charter-croazia\/\" target=\"_blank\" rel=\"noopener noreferrer\">https:\/\/skippercity.com\/skippered-yacht-charter-croatia\/<\/a>.<\/li>\n<li data-sourcepos=\"21:1-22:0\"><strong>Charter con equipaggio:<\/strong> <strong>Concedetevi il massimo del lusso<\/strong> con uno yacht con capitano e equipaggio completo, che offre un servizio personalizzato e soddisfa ogni vostra esigenza. Esplorate le possibilit\u00e0 di noleggio barche con equipaggio in Croazia: <a class=\"traceable-link\" href=\"https:\/\/skippercity.com\/it\/equipaggio-yacht-charter-croazia\/\" target=\"_blank\" rel=\"noopener noreferrer\">https:\/\/skippercity.com\/crewed-yacht-charter-croatia\/<\/a> sul nostro sito web.<\/li>\n<\/ul>\n<h2 data-sourcepos=\"23:1-23:37\"><strong>Esplorate le diverse regioni della Croazia<\/strong><\/h2>\n<p data-sourcepos=\"25:1-25:204\">Partite per un&#8217;avventura da varie localit\u00e0 della Croazia, tra cui Spalato, Dubrovnik, Zara, Sebenico e Trogir. Ogni regione vanta paesaggi costieri unici e gemme nascoste che aspettano di essere scoperte.<\/p>\n<h2 data-sourcepos=\"27:1-27:44\"><strong>Prenotazione senza problemi e guida esperta:<\/strong><\/h2>\n<p data-sourcepos=\"29:1-29:180\">Il nostro team di esperti \u00e8 qui per guidarvi in ogni fase del percorso. Offriamo raccomandazioni personalizzate, consigli di esperti sulla scelta dello yacht perfetto e un processo di prenotazione senza intoppi.<\/p>\n<h2 data-sourcepos=\"31:1-31:36\"><strong>Iniziate oggi a pianificare il vostro sogno:<\/strong><\/h2>\n<p data-sourcepos=\"33:1-33:189\">Contattate SkipperCity.com oggi stesso per un preventivo gratuito e iniziate a pianificare la vostra indimenticabile esperienza di <strong>noleggio barche a vela in Croazia<\/strong>, <strong>catamarani in Croazia<\/strong> o <strong>barche a motore in Croazia<\/strong>!<\/p>\n<\/div>\n\t\t\t\t\t\t\t\t<\/div>\n\t\t\t\t<\/div>\n\t\t\t\t\t<\/div>\n\t\t<\/div>\n\t\t\t\t<div class=\"elementor-column elementor-col-25 elementor-top-column elementor-element elementor-element-50e30ed\" data-id=\"50e30ed\" data-element_type=\"column\" data-e-type=\"column\">\n\t\t\t<div class=\"elementor-widget-wrap elementor-element-populated\">\n\t\t\t\t\t\t<div class=\"elementor-element elementor-element-1809f061 elementor-widget elementor-widget-template\" data-id=\"1809f061\" data-element_type=\"widget\" data-e-type=\"widget\" data-widget_type=\"template.default\">\n\t\t\t\t<div class=\"elementor-widget-container\">\n\t\t\t\t\t\t\t<div class=\"elementor-template\">\n\t\t\t\t\t<div data-elementor-type=\"section\" data-elementor-id=\"77212\" class=\"elementor elementor-77212 elementor-76339\" data-elementor-post-type=\"elementor_library\">\n\t\t\t\t\t<section class=\"elementor-section elementor-inner-section elementor-element elementor-element-457e679b elementor-section-full_width elementor-section-height-min-height elementor-section-content-middle elementor-section-height-default\" data-id=\"457e679b\" data-element_type=\"section\" data-e-type=\"section\" data-settings=\"{&quot;background_background&quot;:&quot;classic&quot;}\">\n\t\t\t\t\t\t\t<div class=\"elementor-background-overlay\"><\/div>\n\t\t\t\t\t\t\t<div class=\"elementor-container elementor-column-gap-default\">\n\t\t\t\t\t<div class=\"elementor-column elementor-col-100 elementor-inner-column elementor-element elementor-element-33d83c77\" data-id=\"33d83c77\" data-element_type=\"column\" data-e-type=\"column\">\n\t\t\t<div class=\"elementor-widget-wrap elementor-element-populated\">\n\t\t\t\t\t\t<div class=\"elementor-element elementor-element-26c46f13 elementor-widget elementor-widget-text-editor\" data-id=\"26c46f13\" data-element_type=\"widget\" data-e-type=\"widget\" data-widget_type=\"text-editor.default\">\n\t\t\t\t<div class=\"elementor-widget-container\">\n\t\t\t\t\t\t\t\t\t<p style=\"text-align: center;\">Ricerca di una barca?<\/p>\n\t\t\t\t\t\t\t\t<\/div>\n\t\t\t\t<\/div>\n\t\t\t\t<div class=\"elementor-element elementor-element-7116d3fc elementor-align-center elementor-widget elementor-widget-button\" data-id=\"7116d3fc\" data-element_type=\"widget\" data-e-type=\"widget\" data-widget_type=\"button.default\">\n\t\t\t\t<div class=\"elementor-widget-container\">\n\t\t\t\t\t\t\t\t\t<div class=\"elementor-button-wrapper\">\n\t\t\t\t\t<a class=\"elementor-button elementor-button-link elementor-size-md\" href=\"https:\/\/skippercity.com\/it\/ottenere-un-preventivo-yacht-charter-croazia-2\/\" target=\"_blank\">\n\t\t\t\t\t\t<span class=\"elementor-button-content-wrapper\">\n\t\t\t\t\t\t\t\t\t<span class=\"elementor-button-text\">OTTIENI UNA QUOTA GRATUITAMENTE<\/span>\n\t\t\t\t\t<\/span>\n\t\t\t\t\t<\/a>\n\t\t\t\t<\/div>\n\t\t\t\t\t\t\t\t<\/div>\n\t\t\t\t<\/div>\n\t\t\t\t\t<\/div>\n\t\t<\/div>\n\t\t\t\t\t<\/div>\n\t\t<\/section>\n\t\t\t\t<\/div>\n\t\t\t\t<\/div>\n\t\t\t\t\t\t<\/div>\n\t\t\t\t<\/div>\n\t\t\t\t\t<\/div>\n\t\t<\/div>\n\t\t\t\t\t<\/div>\n\t\t<\/section>\n\t\t\t\t<\/div>\n\t\t","protected":false},"excerpt":{"rendered":"<p>Tabella dei contenuti Salpare sulla costa mozzafiato della Croazia: Noleggio barche con SkipperCity.com Indimenticabili vacanze in barca a vela in Croazia La Croazia, con le sue acque turchesi, le isole pittoresche e le incantevoli citt\u00e0 costiere, \u00e8 una destinazione da sogno per gli appassionati di vela. Che siate velisti esperti in cerca di avventure o [&hellip;]<\/p>\n","protected":false},"author":2,"featured_media":408270,"parent":0,"menu_order":0,"comment_status":"closed","ping_status":"closed","template":"","meta":{"footnotes":""},"class_list":["post-416333","page","type-page","status-publish","has-post-thumbnail","hentry"],"_links":{"self":[{"href":"https:\/\/skippercity.com\/it\/wp-json\/wp\/v2\/pages\/416333","targetHints":{"allow":["GET"]}}],"collection":[{"href":"https:\/\/skippercity.com\/it\/wp-json\/wp\/v2\/pages"}],"about":[{"href":"https:\/\/skippercity.com\/it\/wp-json\/wp\/v2\/types\/page"}],"author":[{"embeddable":true,"href":"https:\/\/skippercity.com\/it\/wp-json\/wp\/v2\/users\/2"}],"replies":[{"embeddable":true,"href":"https:\/\/skippercity.com\/it\/wp-json\/wp\/v2\/comments?post=416333"}],"version-history":[{"count":0,"href":"https:\/\/skippercity.com\/it\/wp-json\/wp\/v2\/pages\/416333\/revisions"}],"wp:featuredmedia":[{"embeddable":true,"href":"https:\/\/skippercity.com\/it\/wp-json\/wp\/v2\/media\/408270"}],"wp:attachment":[{"href":"https:\/\/skippercity.com\/it\/wp-json\/wp\/v2\/media?parent=416333"}],"curies":[{"name":"wp","href":"https:\/\/api.w.org\/{rel}","templated":true}]}}