{"id":51962,"date":"2017-11-15T23:12:15","date_gmt":"2017-11-15T23:12:15","guid":{"rendered":"https:\/\/www.skippercity.com\/navigare-in-croazia-e-divertente-lasciati-ispirare\/"},"modified":"2024-02-29T15:13:20","modified_gmt":"2024-02-29T15:13:20","slug":"navigare-in-croazia-e-divertente-lasciati-ispirare","status":"publish","type":"page","link":"https:\/\/skippercity.com\/it\/navigare-in-croazia-e-divertente-lasciati-ispirare\/","title":{"rendered":"Navigare in Croazia \u00e8 divertente; Lasciati ispirare"},"content":{"rendered":"\t\t<div data-elementor-type=\"wp-page\" data-elementor-id=\"51962\" class=\"elementor elementor-51962 elementor-1583\" data-elementor-post-type=\"page\">\n\t\t\t\t<div class=\"elementor-element elementor-element-73e7b46 e-con-full e-flex e-con e-parent\" data-id=\"73e7b46\" data-element_type=\"container\" data-e-type=\"container\" data-settings=\"{&quot;background_background&quot;:&quot;classic&quot;}\">\n\t\t\t\t<\/div>\n\t\t\t\t<section class=\"elementor-section elementor-top-section elementor-element elementor-element-c4c2e00 elementor-section-full_width elementor-section-height-default elementor-section-height-default\" data-id=\"c4c2e00\" data-element_type=\"section\" data-e-type=\"section\">\n\t\t\t\t\t\t<div class=\"elementor-container elementor-column-gap-default\">\n\t\t\t\t\t<div class=\"elementor-column elementor-col-25 elementor-top-column elementor-element elementor-element-4544b0c1\" data-id=\"4544b0c1\" data-element_type=\"column\" data-e-type=\"column\">\n\t\t\t<div class=\"elementor-widget-wrap elementor-element-populated\">\n\t\t\t\t\t\t<div class=\"elementor-element elementor-element-71d12fdb elementor-toc--minimized-on-tablet elementor-widget elementor-widget-table-of-contents\" data-id=\"71d12fdb\" data-element_type=\"widget\" data-e-type=\"widget\" data-settings=\"{&quot;exclude_headings_by_selector&quot;:[],&quot;marker_view&quot;:&quot;bullets&quot;,&quot;headings_by_tags&quot;:[&quot;h2&quot;,&quot;h3&quot;,&quot;h4&quot;,&quot;h5&quot;,&quot;h6&quot;],&quot;icon&quot;:{&quot;value&quot;:&quot;fas fa-circle&quot;,&quot;library&quot;:&quot;fa-solid&quot;,&quot;rendered_tag&quot;:&quot;&lt;svg class=\\&quot;e-font-icon-svg e-fas-circle\\&quot; viewBox=\\&quot;0 0 512 512\\&quot; xmlns=\\&quot;http:\\\/\\\/www.w3.org\\\/2000\\\/svg\\&quot;&gt;&lt;path d=\\&quot;M256 8C119 8 8 119 8 256s111 248 248 248 248-111 248-248S393 8 256 8z\\&quot;&gt;&lt;\\\/path&gt;&lt;\\\/svg&gt;&quot;},&quot;no_headings_message&quot;:&quot;Non sono state trovate intestazioni in questa pagina.&quot;,&quot;minimize_box&quot;:&quot;yes&quot;,&quot;minimized_on&quot;:&quot;tablet&quot;,&quot;hierarchical_view&quot;:&quot;yes&quot;,&quot;min_height&quot;:{&quot;unit&quot;:&quot;px&quot;,&quot;size&quot;:&quot;&quot;,&quot;sizes&quot;:[]},&quot;min_height_tablet&quot;:{&quot;unit&quot;:&quot;px&quot;,&quot;size&quot;:&quot;&quot;,&quot;sizes&quot;:[]},&quot;min_height_mobile&quot;:{&quot;unit&quot;:&quot;px&quot;,&quot;size&quot;:&quot;&quot;,&quot;sizes&quot;:[]}}\" data-widget_type=\"table-of-contents.default\">\n\t\t\t\t<div class=\"elementor-widget-container\">\n\t\t\t\t\t\t\t\t\t<div class=\"elementor-toc__header\">\n\t\t\t\t\t\t<h4 class=\"elementor-toc__header-title\">\n\t\t\t\tTabella dei contenuti\t\t\t<\/h4>\n\t\t\t\t\t\t\t\t\t\t<div class=\"elementor-toc__toggle-button elementor-toc__toggle-button--expand\" role=\"button\" tabindex=\"0\" aria-controls=\"elementor-toc__71d12fdb\" aria-expanded=\"true\" aria-label=\"Apri l&#039;indice dei contenuti\"><svg aria-hidden=\"true\" class=\"e-font-icon-svg e-fas-chevron-down\" viewBox=\"0 0 448 512\" xmlns=\"http:\/\/www.w3.org\/2000\/svg\"><path d=\"M207.029 381.476L12.686 187.132c-9.373-9.373-9.373-24.569 0-33.941l22.667-22.667c9.357-9.357 24.522-9.375 33.901-.04L224 284.505l154.745-154.021c9.379-9.335 24.544-9.317 33.901.04l22.667 22.667c9.373 9.373 9.373 24.569 0 33.941L240.971 381.476c-9.373 9.372-24.569 9.372-33.942 0z\"><\/path><\/svg><\/div>\n\t\t\t\t<div class=\"elementor-toc__toggle-button elementor-toc__toggle-button--collapse\" role=\"button\" tabindex=\"0\" aria-controls=\"elementor-toc__71d12fdb\" aria-expanded=\"true\" aria-label=\"Chiudi l&#039;indice dei contenuti\"><svg aria-hidden=\"true\" class=\"e-font-icon-svg e-fas-chevron-up\" viewBox=\"0 0 448 512\" xmlns=\"http:\/\/www.w3.org\/2000\/svg\"><path d=\"M240.971 130.524l194.343 194.343c9.373 9.373 9.373 24.569 0 33.941l-22.667 22.667c-9.357 9.357-24.522 9.375-33.901.04L224 227.495 69.255 381.516c-9.379 9.335-24.544 9.317-33.901-.04l-22.667-22.667c-9.373-9.373-9.373-24.569 0-33.941L207.03 130.525c9.372-9.373 24.568-9.373 33.941-.001z\"><\/path><\/svg><\/div>\n\t\t\t\t\t<\/div>\n\t\t\t\t<div id=\"elementor-toc__71d12fdb\" class=\"elementor-toc__body\">\n\t\t\t<div class=\"elementor-toc__spinner-container\">\n\t\t\t\t<svg class=\"elementor-toc__spinner eicon-animation-spin e-font-icon-svg e-eicon-loading\" aria-hidden=\"true\" viewBox=\"0 0 1000 1000\" xmlns=\"http:\/\/www.w3.org\/2000\/svg\"><path d=\"M500 975V858C696 858 858 696 858 500S696 142 500 142 142 304 142 500H25C25 237 238 25 500 25S975 237 975 500 763 975 500 975Z\"><\/path><\/svg>\t\t\t<\/div>\n\t\t<\/div>\n\t\t\t\t\t\t<\/div>\n\t\t\t\t<\/div>\n\t\t\t\t\t<\/div>\n\t\t<\/div>\n\t\t\t\t<div class=\"elementor-column elementor-col-50 elementor-top-column elementor-element elementor-element-7707a56\" data-id=\"7707a56\" data-element_type=\"column\" data-e-type=\"column\">\n\t\t\t<div class=\"elementor-widget-wrap elementor-element-populated\">\n\t\t\t\t\t\t<div class=\"elementor-element elementor-element-305b22d8 elementor-widget elementor-widget-text-editor\" data-id=\"305b22d8\" data-element_type=\"widget\" data-e-type=\"widget\" data-widget_type=\"text-editor.default\">\n\t\t\t\t<div class=\"elementor-widget-container\">\n\t\t\t\t\t\t\t\t\t<div class=\"markdown markdown-main-panel ui-v2-enabled\" dir=\"ltr\">\n<h1 data-sourcepos=\"1:1-1:69\">Navigare in Croazia \u00e8 divertente! Lasciatevi ispirare!<\/h1>\n<h2 data-sourcepos=\"1:1-1:69\">Salpare per l&#8217;avventura: Esperienze indimenticabili vi aspettano in Croazia<\/h2>\n<p data-sourcepos=\"3:1-3:309\">Immaginatevi di scivolare sulle acque turchesi del Mare Adriatico, con il sole che vi scalda il viso e i dolci spruzzi dell&#8217;oceano che vi bagnano la pelle. La Croazia, con le sue innumerevoli isole, le insenature nascoste e le incantevoli citt\u00e0 costiere, vi invita a intraprendere un&#8217;avventura in barca a vela che vi lascer\u00e0 senza fiato.<\/p>\n<p data-sourcepos=\"5:1-5:54\"><strong>Sfuggire all&#8217;ordinario e abbracciare lo straordinario:<\/strong><\/p>\n<ul data-sourcepos=\"7:1-11:0\">\n<li data-sourcepos=\"7:1-7:165\"><strong>Scambiate i paesaggi urbani con quelli marini:<\/strong> Osservate l&#8217;alba dipingere il cielo di tinte vivaci mentre salpate, con l&#8217;unico suono del dolce sciabordio delle onde contro lo scafo.<\/li>\n<li data-sourcepos=\"8:1-8:171\"><strong>Esplorate le gemme nascoste:<\/strong> Scoprite baie appartate accessibili solo in barca, spiagge incontaminate perfette per il relax e villaggi incantevoli dove il tempo sembra essersi fermato.<\/li>\n<li data-sourcepos=\"9:1-9:157\"><strong>Immergetevi in acque cristalline:<\/strong> Fate snorkeling nelle vibranti barriere coralline ricche di vita o perdetevi nel mondo sottomarino con una spedizione subacquea.<\/li>\n<li data-sourcepos=\"10:1-11:0\"><strong>Navigate sotto il cielo stellato:<\/strong> Al calar della notte, ammirate uno spettacolo mozzafiato di stelle, non oscurato dalle luci della citt\u00e0, e sentite un senso di pace avvolgervi.<\/li>\n<\/ul>\n<\/div>\n<div class=\"markdown markdown-main-panel ui-v2-enabled\" dir=\"ltr\">\n<p data-sourcepos=\"12:1-12:36\">\n<p data-sourcepos=\"12:1-12:36\"><strong>Abbracciate lo spirito di avventura:<\/strong><\/p>\n<ul data-sourcepos=\"14:1-17:0\">\n<li data-sourcepos=\"14:1-14:164\"><strong>Navigare in territori inesplorati:<\/strong> Prendete il timone e tracciate la vostra rotta, provando l&#8217;emozione di navigare in mare aperto e la soddisfazione di padroneggiare una nuova abilit\u00e0.<\/li>\n<li data-sourcepos=\"15:1-15:145\"><strong>Connettetevi con la natura:<\/strong> Respirate l&#8217;aria fresca del mare, sentite il sole sulla pelle e immergetevi nella bellezza della costa adriatica.<\/li>\n<li data-sourcepos=\"16:1-17:0\"><strong>Creare ricordi duraturi:<\/strong> Condividete l&#8217;esperienza con i vostri cari, creando storie e momenti indimenticabili da conservare per sempre.<\/li>\n<\/ul>\n<\/div>\n<div class=\"markdown markdown-main-panel ui-v2-enabled\" dir=\"ltr\">\n<p data-sourcepos=\"18:1-18:67\"><strong>La Croazia \u00e8 pi\u00f9 di una semplice destinazione: \u00e8 un invito a:<\/strong><\/p>\n<ul data-sourcepos=\"20:1-23:0\">\n<li data-sourcepos=\"20:1-20:102\"><strong>Staccate la spina dalla quotidianit\u00e0:<\/strong> Lasciatevi alle spalle le preoccupazioni e abbracciate la libert\u00e0 del mare aperto.<\/li>\n<li data-sourcepos=\"21:1-21:116\"><strong>Recuperate il senso di meraviglia:<\/strong> Riscoprire le semplici gioie della vita e riconnettersi con la natura nella sua forma pi\u00f9 pura.<\/li>\n<li data-sourcepos=\"22:1-23:0\"><strong>Create una storia che valga la pena di essere raccontata:<\/strong> Intraprendete un viaggio che vi trasformer\u00e0, lasciandovi uno spirito rinnovato e un cuore pieno di ricordi.<\/li>\n<\/ul>\n<\/div>\n<div class=\"markdown markdown-main-panel ui-v2-enabled\" dir=\"ltr\">\n<p data-sourcepos=\"24:1-24:135\"><strong>Quindi, issate le vele, sentite il vento tra i capelli e fate rotta verso un&#8217;avventura indimenticabile in Croazia. Il mare Adriatico vi aspetta!<\/strong><\/p>\n<p data-sourcepos=\"24:1-24:135\">\n<\/div>\n<h2 data-sourcepos=\"7:1-7:58\">Un&#8217;indimenticabile avventura in barca a vela in Croazia<\/h2>\n<p data-sourcepos=\"9:1-9:260\">La Croazia, con la sua splendida costa adriatica, le innumerevoli isole e le incantevoli citt\u00e0 portuali, \u00e8 una destinazione da sogno per una vacanza in barca a vela. Che siate velisti esperti o principianti, c&#8217;\u00e8 un&#8217;opzione perfetta di noleggio barche che vi aspetta in Croazia.<\/p>\n<p data-sourcepos=\"11:1-11:52\"><strong>Charter su misura per ogni tipo di esigenza:<\/strong><\/p>\n<ul data-sourcepos=\"13:1-17:0\">\n<li data-sourcepos=\"13:1-13:234\"><strong>Charter con skipper:<\/strong> Ideale per chi vuole rilassarsi e godersi il paesaggio senza la responsabilit\u00e0 della navigazione. Uno skipper esperto si occuper\u00e0 di tutto, dalla conduzione della barca alla pianificazione dell&#8217;itinerario.<\/li>\n<li data-sourcepos=\"14:1-14:166\"><strong>Charter senza equipaggio:<\/strong> Per velisti esperti che vogliono la libert\u00e0 di esplorare al proprio ritmo. \u00c8 necessario possedere una licenza di navigazione valida per operare un noleggio a scafo nudo.<\/li>\n<li data-sourcepos=\"15:1-15:214\"><strong>Charter con equipaggio:<\/strong> Combinate la libert\u00e0 di un noleggio a scafo nudo con il comfort e il servizio di un equipaggio professionale. Un equipaggio si occuper\u00e0 di far navigare la barca, di preparare i pasti e di soddisfare ogni vostra esigenza.<\/li>\n<li data-sourcepos=\"16:1-17:0\"><strong>Charter all-inclusive:<\/strong> L&#8217;esperienza di navigazione pi\u00f9 spensierata. Ci si occupa di tutto, dai pasti alle bevande, dalle attivit\u00e0 alle escursioni. Tutto ci\u00f2 che dovete fare \u00e8 sedervi, rilassarvi e godervi il viaggio.<\/li>\n<\/ul>\n<p data-sourcepos=\"18:1-18:48\"><strong>Scoprire le diverse regioni di navigazione della Croazia:<\/strong><\/p>\n<ul data-sourcepos=\"20:1-24:0\">\n<li data-sourcepos=\"20:1-20:215\"><strong>Costa dalmata:<\/strong> La regione pi\u00f9 famosa per la navigazione in Croazia, che offre una splendida miscela di citt\u00e0 storiche, villaggi incantevoli e insenature appartate. Esplorate Dubrovnik, Spalato, Hvar, Bra\u010d e le isole Kornati.<\/li>\n<li data-sourcepos=\"21:1-21:239\"><strong>Penisola istriana:<\/strong> Scoprite il fascino unico dell&#8217;Istria, con le sue citt\u00e0 medievali in cima alle colline, l&#8217;influenza veneziana e la deliziosa cucina locale. Navigate nel Parco Nazionale delle Isole Brioni ed esplorate l&#8217;Arena di Pola, un anfiteatro romano.<\/li>\n<li data-sourcepos=\"22:1-22:225\"><strong>Golfo del Quarnero:<\/strong> Crociera attraverso il Golfo del Quarnero, noto per i suoi paesaggi drammatici, la vegetazione lussureggiante e le acque cristalline. Visitate le isole di Krk, Rab e Cres ed esplorate le affascinanti citt\u00e0 di Opatija e Rijeka.<\/li>\n<li data-sourcepos=\"23:1-24:0\"><strong>Adriatico meridionale:<\/strong> Navigate lungo la costa adriatica meridionale, nota per la sua straordinaria bellezza naturale e l&#8217;atmosfera rilassata. Esplorate le isole Elafiti, il Parco Nazionale di Mljet e la citt\u00e0 storica di Dubrovnik.<\/li>\n<\/ul>\n<p data-sourcepos=\"25:1-25:36\"><strong>Al di l\u00e0 dei paesaggi mozzafiato:<\/strong><\/p>\n<ul data-sourcepos=\"27:1-30:0\">\n<li data-sourcepos=\"27:1-27:226\"><strong>Immergetevi nella ricca cultura e storia della Croazia:<\/strong> Esplorate le antiche rovine, le affascinanti cittadine e le vivaci citt\u00e0. Assaporate la deliziosa cucina locale, nota per i suoi frutti di mare freschi, l&#8217;olio d&#8217;oliva e le specialit\u00e0 regionali.<\/li>\n<li data-sourcepos=\"28:1-28:153\"><strong>Dedicatevi alle attivit\u00e0 acquatiche:<\/strong> Nuotate, fate snorkeling, immersioni, kayak o stand-up paddleboard nelle acque cristalline del Mare Adriatico.<\/li>\n<li data-sourcepos=\"29:1-30:0\"><strong>Sperimentate la calda ospitalit\u00e0 del popolo croato:<\/strong> Gli abitanti del luogo sono noti per la loro natura amichevole e accogliente, che vi far\u00e0 sentire come a casa vostra.<\/li>\n<\/ul>\n<p data-sourcepos=\"31:1-31:63\"><strong>Iniziate a pianificare la vostra avventura a vela da sogno in Croazia oggi stesso!<\/strong><\/p>\n\t\t\t\t\t\t\t\t<\/div>\n\t\t\t\t<\/div>\n\t\t\t\t\t<\/div>\n\t\t<\/div>\n\t\t\t\t<div class=\"elementor-column elementor-col-25 elementor-top-column elementor-element elementor-element-3beb6c0b\" data-id=\"3beb6c0b\" data-element_type=\"column\" data-e-type=\"column\">\n\t\t\t<div class=\"elementor-widget-wrap elementor-element-populated\">\n\t\t\t\t\t\t<div class=\"elementor-element elementor-element-397c5332 elementor-widget elementor-widget-template\" data-id=\"397c5332\" data-element_type=\"widget\" data-e-type=\"widget\" data-widget_type=\"template.default\">\n\t\t\t\t<div class=\"elementor-widget-container\">\n\t\t\t\t\t\t\t<div class=\"elementor-template\">\n\t\t\t\t\t<div data-elementor-type=\"section\" data-elementor-id=\"77212\" class=\"elementor elementor-77212 elementor-76339\" data-elementor-post-type=\"elementor_library\">\n\t\t\t\t\t<section class=\"elementor-section elementor-inner-section elementor-element elementor-element-457e679b elementor-section-full_width elementor-section-height-min-height elementor-section-content-middle elementor-section-height-default\" data-id=\"457e679b\" data-element_type=\"section\" data-e-type=\"section\" data-settings=\"{&quot;background_background&quot;:&quot;classic&quot;}\">\n\t\t\t\t\t\t\t<div class=\"elementor-background-overlay\"><\/div>\n\t\t\t\t\t\t\t<div class=\"elementor-container elementor-column-gap-default\">\n\t\t\t\t\t<div class=\"elementor-column elementor-col-100 elementor-inner-column elementor-element elementor-element-33d83c77\" data-id=\"33d83c77\" data-element_type=\"column\" data-e-type=\"column\">\n\t\t\t<div class=\"elementor-widget-wrap elementor-element-populated\">\n\t\t\t\t\t\t<div class=\"elementor-element elementor-element-26c46f13 elementor-widget elementor-widget-text-editor\" data-id=\"26c46f13\" data-element_type=\"widget\" data-e-type=\"widget\" data-widget_type=\"text-editor.default\">\n\t\t\t\t<div class=\"elementor-widget-container\">\n\t\t\t\t\t\t\t\t\t<p style=\"text-align: center;\">Ricerca di una barca?<\/p>\n\t\t\t\t\t\t\t\t<\/div>\n\t\t\t\t<\/div>\n\t\t\t\t<div class=\"elementor-element elementor-element-7116d3fc elementor-align-center elementor-widget elementor-widget-button\" data-id=\"7116d3fc\" data-element_type=\"widget\" data-e-type=\"widget\" data-widget_type=\"button.default\">\n\t\t\t\t<div class=\"elementor-widget-container\">\n\t\t\t\t\t\t\t\t\t<div class=\"elementor-button-wrapper\">\n\t\t\t\t\t<a class=\"elementor-button elementor-button-link elementor-size-md\" href=\"https:\/\/skippercity.com\/it\/ottenere-un-preventivo-yacht-charter-croazia-2\/\" target=\"_blank\">\n\t\t\t\t\t\t<span class=\"elementor-button-content-wrapper\">\n\t\t\t\t\t\t\t\t\t<span class=\"elementor-button-text\">OTTIENI UNA QUOTA GRATUITAMENTE<\/span>\n\t\t\t\t\t<\/span>\n\t\t\t\t\t<\/a>\n\t\t\t\t<\/div>\n\t\t\t\t\t\t\t\t<\/div>\n\t\t\t\t<\/div>\n\t\t\t\t\t<\/div>\n\t\t<\/div>\n\t\t\t\t\t<\/div>\n\t\t<\/section>\n\t\t\t\t<\/div>\n\t\t\t\t<\/div>\n\t\t\t\t\t\t<\/div>\n\t\t\t\t<\/div>\n\t\t\t\t\t<\/div>\n\t\t<\/div>\n\t\t\t\t\t<\/div>\n\t\t<\/section>\n\t\t\t\t<\/div>\n\t\t","protected":false},"excerpt":{"rendered":"<p>Tabella dei contenuti Navigare in Croazia \u00e8 divertente! Lasciatevi ispirare! Salpare per l&#8217;avventura: Esperienze indimenticabili vi aspettano in Croazia Immaginatevi di scivolare sulle acque turchesi del Mare Adriatico, con il sole che vi scalda il viso e i dolci spruzzi dell&#8217;oceano che vi bagnano la pelle. La Croazia, con le sue innumerevoli isole, le insenature [&hellip;]<\/p>\n","protected":false},"author":2,"featured_media":16238,"parent":0,"menu_order":0,"comment_status":"closed","ping_status":"closed","template":"","meta":{"footnotes":""},"class_list":["post-51962","page","type-page","status-publish","has-post-thumbnail","hentry"],"_links":{"self":[{"href":"https:\/\/skippercity.com\/it\/wp-json\/wp\/v2\/pages\/51962","targetHints":{"allow":["GET"]}}],"collection":[{"href":"https:\/\/skippercity.com\/it\/wp-json\/wp\/v2\/pages"}],"about":[{"href":"https:\/\/skippercity.com\/it\/wp-json\/wp\/v2\/types\/page"}],"author":[{"embeddable":true,"href":"https:\/\/skippercity.com\/it\/wp-json\/wp\/v2\/users\/2"}],"replies":[{"embeddable":true,"href":"https:\/\/skippercity.com\/it\/wp-json\/wp\/v2\/comments?post=51962"}],"version-history":[{"count":0,"href":"https:\/\/skippercity.com\/it\/wp-json\/wp\/v2\/pages\/51962\/revisions"}],"wp:featuredmedia":[{"embeddable":true,"href":"https:\/\/skippercity.com\/it\/wp-json\/wp\/v2\/media\/16238"}],"wp:attachment":[{"href":"https:\/\/skippercity.com\/it\/wp-json\/wp\/v2\/media?parent=51962"}],"curies":[{"name":"wp","href":"https:\/\/api.w.org\/{rel}","templated":true}]}}