{"id":52102,"date":"2017-12-02T10:30:31","date_gmt":"2017-12-02T10:30:31","guid":{"rendered":"https:\/\/www.skippercity.com\/costi-della-carta-degli-yacht\/"},"modified":"2024-02-22T08:13:23","modified_gmt":"2024-02-22T08:13:23","slug":"costi-della-carta-degli-yacht","status":"publish","type":"page","link":"https:\/\/skippercity.com\/it\/costi-della-carta-degli-yacht\/","title":{"rendered":"Costi della Carta degli yacht"},"content":{"rendered":"\t\t<div data-elementor-type=\"wp-page\" data-elementor-id=\"52102\" class=\"elementor elementor-52102 elementor-6005\" data-elementor-post-type=\"page\">\n\t\t\t\t\t\t<section class=\"elementor-section elementor-top-section elementor-element elementor-element-72a141a2 elementor-section-stretched elementor-section-full_width elementor-section-height-min-height elementor-section-height-default elementor-section-items-middle\" data-id=\"72a141a2\" data-element_type=\"section\" data-e-type=\"section\" data-settings=\"{&quot;background_background&quot;:&quot;classic&quot;,&quot;stretch_section&quot;:&quot;section-stretched&quot;}\">\n\t\t\t\t\t\t\t<div class=\"elementor-background-overlay\"><\/div>\n\t\t\t\t\t\t\t<div class=\"elementor-container elementor-column-gap-default\">\n\t\t\t\t\t<div class=\"elementor-column elementor-col-100 elementor-top-column elementor-element elementor-element-2d1ed2d\" data-id=\"2d1ed2d\" data-element_type=\"column\" data-e-type=\"column\">\n\t\t\t<div class=\"elementor-widget-wrap\">\n\t\t\t\t\t\t\t<\/div>\n\t\t<\/div>\n\t\t\t\t\t<\/div>\n\t\t<\/section>\n\t\t\t\t<section class=\"elementor-section elementor-top-section elementor-element elementor-element-7a53a1a2 elementor-section-full_width elementor-section-height-default elementor-section-height-default\" data-id=\"7a53a1a2\" data-element_type=\"section\" data-e-type=\"section\">\n\t\t\t\t\t\t<div class=\"elementor-container elementor-column-gap-default\">\n\t\t\t\t\t<div class=\"elementor-column elementor-col-25 elementor-top-column elementor-element elementor-element-52c15051\" data-id=\"52c15051\" data-element_type=\"column\" data-e-type=\"column\">\n\t\t\t<div class=\"elementor-widget-wrap elementor-element-populated\">\n\t\t\t\t\t\t<div class=\"elementor-element elementor-element-3a99f9df elementor-toc--minimized-on-tablet elementor-widget elementor-widget-table-of-contents\" data-id=\"3a99f9df\" data-element_type=\"widget\" data-e-type=\"widget\" data-settings=\"{&quot;exclude_headings_by_selector&quot;:[],&quot;marker_view&quot;:&quot;bullets&quot;,&quot;headings_by_tags&quot;:[&quot;h2&quot;,&quot;h3&quot;,&quot;h4&quot;,&quot;h5&quot;,&quot;h6&quot;],&quot;icon&quot;:{&quot;value&quot;:&quot;fas fa-circle&quot;,&quot;library&quot;:&quot;fa-solid&quot;,&quot;rendered_tag&quot;:&quot;&lt;svg class=\\&quot;e-font-icon-svg e-fas-circle\\&quot; viewBox=\\&quot;0 0 512 512\\&quot; xmlns=\\&quot;http:\\\/\\\/www.w3.org\\\/2000\\\/svg\\&quot;&gt;&lt;path d=\\&quot;M256 8C119 8 8 119 8 256s111 248 248 248 248-111 248-248S393 8 256 8z\\&quot;&gt;&lt;\\\/path&gt;&lt;\\\/svg&gt;&quot;},&quot;no_headings_message&quot;:&quot;Non sono state trovate intestazioni in questa pagina.&quot;,&quot;minimize_box&quot;:&quot;yes&quot;,&quot;minimized_on&quot;:&quot;tablet&quot;,&quot;hierarchical_view&quot;:&quot;yes&quot;,&quot;min_height&quot;:{&quot;unit&quot;:&quot;px&quot;,&quot;size&quot;:&quot;&quot;,&quot;sizes&quot;:[]},&quot;min_height_tablet&quot;:{&quot;unit&quot;:&quot;px&quot;,&quot;size&quot;:&quot;&quot;,&quot;sizes&quot;:[]},&quot;min_height_mobile&quot;:{&quot;unit&quot;:&quot;px&quot;,&quot;size&quot;:&quot;&quot;,&quot;sizes&quot;:[]}}\" data-widget_type=\"table-of-contents.default\">\n\t\t\t\t<div class=\"elementor-widget-container\">\n\t\t\t\t\t\t\t\t\t<div class=\"elementor-toc__header\">\n\t\t\t\t\t\t<h4 class=\"elementor-toc__header-title\">\n\t\t\t\tTabella dei contenuti\t\t\t<\/h4>\n\t\t\t\t\t\t\t\t\t\t<div class=\"elementor-toc__toggle-button elementor-toc__toggle-button--expand\" role=\"button\" tabindex=\"0\" aria-controls=\"elementor-toc__3a99f9df\" aria-expanded=\"true\" aria-label=\"Apri l&#039;indice dei contenuti\"><svg aria-hidden=\"true\" class=\"e-font-icon-svg e-fas-chevron-down\" viewBox=\"0 0 448 512\" xmlns=\"http:\/\/www.w3.org\/2000\/svg\"><path d=\"M207.029 381.476L12.686 187.132c-9.373-9.373-9.373-24.569 0-33.941l22.667-22.667c9.357-9.357 24.522-9.375 33.901-.04L224 284.505l154.745-154.021c9.379-9.335 24.544-9.317 33.901.04l22.667 22.667c9.373 9.373 9.373 24.569 0 33.941L240.971 381.476c-9.373 9.372-24.569 9.372-33.942 0z\"><\/path><\/svg><\/div>\n\t\t\t\t<div class=\"elementor-toc__toggle-button elementor-toc__toggle-button--collapse\" role=\"button\" tabindex=\"0\" aria-controls=\"elementor-toc__3a99f9df\" aria-expanded=\"true\" aria-label=\"Chiudi l&#039;indice dei contenuti\"><svg aria-hidden=\"true\" class=\"e-font-icon-svg e-fas-chevron-up\" viewBox=\"0 0 448 512\" xmlns=\"http:\/\/www.w3.org\/2000\/svg\"><path d=\"M240.971 130.524l194.343 194.343c9.373 9.373 9.373 24.569 0 33.941l-22.667 22.667c-9.357 9.357-24.522 9.375-33.901.04L224 227.495 69.255 381.516c-9.379 9.335-24.544 9.317-33.901-.04l-22.667-22.667c-9.373-9.373-9.373-24.569 0-33.941L207.03 130.525c9.372-9.373 24.568-9.373 33.941-.001z\"><\/path><\/svg><\/div>\n\t\t\t\t\t<\/div>\n\t\t\t\t<div id=\"elementor-toc__3a99f9df\" class=\"elementor-toc__body\">\n\t\t\t<div class=\"elementor-toc__spinner-container\">\n\t\t\t\t<svg class=\"elementor-toc__spinner eicon-animation-spin e-font-icon-svg e-eicon-loading\" aria-hidden=\"true\" viewBox=\"0 0 1000 1000\" xmlns=\"http:\/\/www.w3.org\/2000\/svg\"><path d=\"M500 975V858C696 858 858 696 858 500S696 142 500 142 142 304 142 500H25C25 237 238 25 500 25S975 237 975 500 763 975 500 975Z\"><\/path><\/svg>\t\t\t<\/div>\n\t\t<\/div>\n\t\t\t\t\t\t<\/div>\n\t\t\t\t<\/div>\n\t\t\t\t\t<\/div>\n\t\t<\/div>\n\t\t\t\t<div class=\"elementor-column elementor-col-50 elementor-top-column elementor-element elementor-element-54508ef9\" data-id=\"54508ef9\" data-element_type=\"column\" data-e-type=\"column\">\n\t\t\t<div class=\"elementor-widget-wrap elementor-element-populated\">\n\t\t\t\t\t\t<div class=\"elementor-element elementor-element-4c4bf85e elementor-widget elementor-widget-text-editor\" data-id=\"4c4bf85e\" data-element_type=\"widget\" data-e-type=\"widget\" data-widget_type=\"text-editor.default\">\n\t\t\t\t<div class=\"elementor-widget-container\">\n\t\t\t\t\t\t\t\t\t<h1 data-sourcepos=\"1:1-1:86\">Scoprire il costo del noleggio di una barca da sogno in Croazia: Una guida per ogni budget<\/h1>\n<p data-sourcepos=\"3:1-3:7\">La Croazia, con la sua splendida costa adriatica, le sue isole affascinanti e le sue citt\u00e0 vivaci, attira i navigatori e gli amanti del lusso. E quale modo migliore di vivere la sua magia se non noleggiando uno yacht? Ma prima di salpare, \u00e8 fondamentale capire i costi. Questa guida svela i fattori che influenzano i prezzi del noleggio barche in Croazia, aiutandovi a gestire il vostro budget e a pianificare la vostra vacanza da sogno.<\/p>\n<h2 data-sourcepos=\"5:1-5:36\"><strong>Comprendere lo spettro dei costi:<\/strong><\/h2>\n<p data-sourcepos=\"7:1-7:30\">I costi per il noleggio di barche in Croazia possono variare notevolmente, da <strong>1.000 euro a oltre 10.000 euro a settimana<\/strong>. Questo ampio spettro riflette diversi fattori chiave:<\/p>\n<ul data-sourcepos=\"9:1-10:10\">\n<li data-sourcepos=\"9:1-9:277\"><strong>Tipo di yacht:<\/strong> La stella dello spettacolo! Optare per un <strong>lussuoso yacht a motore<\/strong> comporta naturalmente un prezzo pi\u00f9 elevato rispetto a una <strong>semplice barca a vela<\/strong>. Gli yacht a motore vanno da <strong>15.000 euro a oltre 100.000 euro a settimana<\/strong>, mentre le barche a vela possono partire da <strong>1.000 euro a settimana<\/strong>.<\/li>\n<li data-sourcepos=\"10:1-10:10\"><strong>Stagionalit\u00e0:<\/strong> L&#8217;alta stagione della Croazia<strong>(giugno-agosto<\/strong>) vede un&#8217;impennata della domanda, che spinge i prezzi verso l&#8217;alto. Considerate le <strong>stagioni di spalla (aprile-maggio e settembre-ottobre)<\/strong> per ottenere offerte potenzialmente migliori.<\/li>\n<li data-sourcepos=\"11:1-11:222\"><strong>Dimensioni e servizi dello yacht:<\/strong> Gli yacht pi\u00f9 grandi vantano un maggior numero di cabine, spazi abitativi e caratteristiche di lusso, che naturalmente comportano un sovrapprezzo. Al contrario, gli yacht pi\u00f9 piccoli offrono un&#8217;esperienza pi\u00f9 intima a un prezzo pi\u00f9 accessibile.<\/li>\n<li data-sourcepos=\"12:1-12:116\"><strong>Durata del noleggio:<\/strong> I charter settimanali sono lo standard, ma quelli di durata maggiore possono offrire lievi sconti al giorno.<\/li>\n<li data-sourcepos=\"13:1-14:0\"><strong>Servizi aggiuntivi:<\/strong> Il noleggio di uno <strong>skipper<\/strong> per la navigazione o di una <strong>hostess<\/strong> per il servizio a bordo aggiunge un costo aggiuntivo, in genere compreso tra <strong>150 e 250 euro al giorno<\/strong>.<\/li>\n<\/ul>\n<h2 data-sourcepos=\"15:1-15:25\"><strong>Pianificazione del budget:<\/strong><\/h2>\n<p data-sourcepos=\"17:1-17:52\">Per stimare il costo del noleggio, considerate i seguenti passaggi:<\/p>\n<ol data-sourcepos=\"19:1-19:72\">\n<li data-sourcepos=\"19:1-19:72\"><strong>Definite le vostre esigenze:<\/strong> Quante persone ci saranno a bordo? Che livello di lusso cercate? Avete bisogno di uno skipper o di una hostess?<\/li>\n<li data-sourcepos=\"20:1-20:104\"><strong>Scegliete il tipo e le dimensioni dello yacht:<\/strong> Ricercate diverse opzioni in base alle vostre preferenze e al vostro budget.<\/li>\n<li data-sourcepos=\"21:1-21:124\"><strong>Selezionate la stagione e la durata desiderate:<\/strong> Considerate l&#8217;alta stagione rispetto alle stagioni di spalla e la durata del vostro charter.<\/li>\n<li data-sourcepos=\"22:1-23:0\"><strong>Considerare i servizi aggiuntivi:<\/strong> Includere i costi potenziali per skipper, hostess, approvvigionamento e altri extra.<\/li>\n<\/ol>\n<h2 data-sourcepos=\"24:1-24:25\"><strong>Oltre il prezzo:<\/strong><\/h2>\n<p data-sourcepos=\"26:1-26:207\">Ricordate che il costo non \u00e8 l&#8217;unico fattore. La Croazia offre esperienze diverse, dall&#8217;esplorazione di baie nascoste e citt\u00e0 incantevoli agli sport acquatici e ai pasti gourmet. Considerate questi ulteriori aspetti:<\/p>\n<ul data-sourcepos=\"28:1-29:66\">\n<li data-sourcepos=\"28:1-28:83\"><strong>Destinazione:<\/strong> Le regioni specifiche della Croazia possono avere prezzi diversi.<\/li>\n<li data-sourcepos=\"29:1-29:66\"><strong>Spese per il carburante e l&#8217;ormeggio:<\/strong> Queste spese possono aggiungersi al costo complessivo, per cui \u00e8 bene informarsi presso la societ\u00e0 di noleggio.<\/li>\n<li data-sourcepos=\"30:1-31:0\"><strong>Rifornimento:<\/strong> Decidere se provvedere autonomamente al vettovagliamento o se optare per le provviste preconfezionate, che incidono entrambe sui costi.<\/li>\n<\/ul>\n<h2 data-sourcepos=\"32:1-32:44\"><strong>Salpare per l&#8217;avventura croata:<\/strong><\/h2>\n<p data-sourcepos=\"34:1-34:301\">Comprendendo i fattori di costo e pianificando meticolosamente, potrete imbarcarvi in un memorabile yacht a noleggio in Croazia che sia in linea con il vostro budget e le vostre aspirazioni. Che siate alla ricerca di una fuga stravagante o di un&#8217;avventura di navigazione a basso costo, le acque scintillanti della Croazia vi attendono con infinite possibilit\u00e0.<\/p>\n<p data-sourcepos=\"36:1-36:204\"><strong>Suggerimento bonus:<\/strong> Confrontate i prezzi, le caratteristiche e la disponibilit\u00e0 dei diversi fornitori. Questo vi permette di trovare lo yacht perfetto per la vostra vacanza da sogno in Croazia.<\/p>\n<p data-sourcepos=\"38:1-38:187\"><strong>Parole chiave:<\/strong> Noleggio barche Croazia, costo noleggio barche Croazia, noleggio barche Croazia, noleggio barche Croazia, budget barche Croazia, noleggio barche di lusso Croazia, pianificazione barche Croazia.<\/p>C\t\t\t\t\t\t\t\t<\/div>\n\t\t\t\t<\/div>\n\t\t\t\t\t<\/div>\n\t\t<\/div>\n\t\t\t\t<div class=\"elementor-column elementor-col-25 elementor-top-column elementor-element elementor-element-317065af\" data-id=\"317065af\" data-element_type=\"column\" data-e-type=\"column\">\n\t\t\t<div class=\"elementor-widget-wrap elementor-element-populated\">\n\t\t\t\t\t\t<div class=\"elementor-element elementor-element-38fa3f4f elementor-widget elementor-widget-template\" data-id=\"38fa3f4f\" data-element_type=\"widget\" data-e-type=\"widget\" data-widget_type=\"template.default\">\n\t\t\t\t<div class=\"elementor-widget-container\">\n\t\t\t\t\t\t\t<div class=\"elementor-template\">\n\t\t\t\t\t<div data-elementor-type=\"section\" data-elementor-id=\"77212\" class=\"elementor elementor-77212 elementor-76339\" data-elementor-post-type=\"elementor_library\">\n\t\t\t\t\t<section class=\"elementor-section elementor-inner-section elementor-element elementor-element-457e679b elementor-section-full_width elementor-section-height-min-height elementor-section-content-middle elementor-section-height-default\" data-id=\"457e679b\" data-element_type=\"section\" data-e-type=\"section\" data-settings=\"{&quot;background_background&quot;:&quot;classic&quot;}\">\n\t\t\t\t\t\t\t<div class=\"elementor-background-overlay\"><\/div>\n\t\t\t\t\t\t\t<div class=\"elementor-container elementor-column-gap-default\">\n\t\t\t\t\t<div class=\"elementor-column elementor-col-100 elementor-inner-column elementor-element elementor-element-33d83c77\" data-id=\"33d83c77\" data-element_type=\"column\" data-e-type=\"column\">\n\t\t\t<div class=\"elementor-widget-wrap elementor-element-populated\">\n\t\t\t\t\t\t<div class=\"elementor-element elementor-element-26c46f13 elementor-widget elementor-widget-text-editor\" data-id=\"26c46f13\" data-element_type=\"widget\" data-e-type=\"widget\" data-widget_type=\"text-editor.default\">\n\t\t\t\t<div class=\"elementor-widget-container\">\n\t\t\t\t\t\t\t\t\t<p style=\"text-align: center;\">Ricerca di una barca?<\/p>\n\t\t\t\t\t\t\t\t<\/div>\n\t\t\t\t<\/div>\n\t\t\t\t<div class=\"elementor-element elementor-element-7116d3fc elementor-align-center elementor-widget elementor-widget-button\" data-id=\"7116d3fc\" data-element_type=\"widget\" data-e-type=\"widget\" data-widget_type=\"button.default\">\n\t\t\t\t<div class=\"elementor-widget-container\">\n\t\t\t\t\t\t\t\t\t<div class=\"elementor-button-wrapper\">\n\t\t\t\t\t<a class=\"elementor-button elementor-button-link elementor-size-md\" href=\"https:\/\/skippercity.com\/it\/ottenere-un-preventivo-yacht-charter-croazia-2\/\" target=\"_blank\">\n\t\t\t\t\t\t<span class=\"elementor-button-content-wrapper\">\n\t\t\t\t\t\t\t\t\t<span class=\"elementor-button-text\">OTTIENI UNA QUOTA GRATUITAMENTE<\/span>\n\t\t\t\t\t<\/span>\n\t\t\t\t\t<\/a>\n\t\t\t\t<\/div>\n\t\t\t\t\t\t\t\t<\/div>\n\t\t\t\t<\/div>\n\t\t\t\t\t<\/div>\n\t\t<\/div>\n\t\t\t\t\t<\/div>\n\t\t<\/section>\n\t\t\t\t<\/div>\n\t\t\t\t<\/div>\n\t\t\t\t\t\t<\/div>\n\t\t\t\t<\/div>\n\t\t\t\t\t<\/div>\n\t\t<\/div>\n\t\t\t\t\t<\/div>\n\t\t<\/section>\n\t\t\t\t<\/div>\n\t\t","protected":false},"excerpt":{"rendered":"<p>Tabella dei contenuti Scoprire il costo del noleggio di una barca da sogno in Croazia: Una guida per ogni budget La Croazia, con la sua splendida costa adriatica, le sue isole affascinanti e le sue citt\u00e0 vivaci, attira i navigatori e gli amanti del lusso. E quale modo migliore di vivere la sua magia se [&hellip;]<\/p>\n","protected":false},"author":2,"featured_media":16238,"parent":0,"menu_order":0,"comment_status":"closed","ping_status":"closed","template":"","meta":{"footnotes":""},"class_list":["post-52102","page","type-page","status-publish","has-post-thumbnail","hentry"],"_links":{"self":[{"href":"https:\/\/skippercity.com\/it\/wp-json\/wp\/v2\/pages\/52102","targetHints":{"allow":["GET"]}}],"collection":[{"href":"https:\/\/skippercity.com\/it\/wp-json\/wp\/v2\/pages"}],"about":[{"href":"https:\/\/skippercity.com\/it\/wp-json\/wp\/v2\/types\/page"}],"author":[{"embeddable":true,"href":"https:\/\/skippercity.com\/it\/wp-json\/wp\/v2\/users\/2"}],"replies":[{"embeddable":true,"href":"https:\/\/skippercity.com\/it\/wp-json\/wp\/v2\/comments?post=52102"}],"version-history":[{"count":0,"href":"https:\/\/skippercity.com\/it\/wp-json\/wp\/v2\/pages\/52102\/revisions"}],"wp:featuredmedia":[{"embeddable":true,"href":"https:\/\/skippercity.com\/it\/wp-json\/wp\/v2\/media\/16238"}],"wp:attachment":[{"href":"https:\/\/skippercity.com\/it\/wp-json\/wp\/v2\/media?parent=52102"}],"curies":[{"name":"wp","href":"https:\/\/api.w.org\/{rel}","templated":true}]}}