{"id":52992,"date":"2017-11-15T21:24:45","date_gmt":"2017-11-15T21:24:45","guid":{"rendered":"https:\/\/www.skippercity.com\/noleggio-barche-croazia\/"},"modified":"2024-02-21T12:24:45","modified_gmt":"2024-02-21T12:24:45","slug":"noleggio-barche-croazia","status":"publish","type":"page","link":"https:\/\/skippercity.com\/it\/noleggio-barche-croazia\/","title":{"rendered":"Noleggio barche Croazia"},"content":{"rendered":"\t\t<div data-elementor-type=\"wp-page\" data-elementor-id=\"52992\" class=\"elementor elementor-52992 elementor-1472\" data-elementor-post-type=\"page\">\n\t\t\t\t<div class=\"elementor-element elementor-element-6042987 e-con-full e-flex e-con e-parent\" data-id=\"6042987\" data-element_type=\"container\" data-e-type=\"container\" data-settings=\"{&quot;background_background&quot;:&quot;classic&quot;}\">\n\t\t\t\t<\/div>\n\t\t\t\t<section class=\"elementor-section elementor-top-section elementor-element elementor-element-6ac0cb3c elementor-section-full_width elementor-section-height-default elementor-section-height-default\" data-id=\"6ac0cb3c\" data-element_type=\"section\" data-e-type=\"section\">\n\t\t\t\t\t\t<div class=\"elementor-container elementor-column-gap-default\">\n\t\t\t\t\t<div class=\"elementor-column elementor-col-25 elementor-top-column elementor-element elementor-element-6105046c\" data-id=\"6105046c\" data-element_type=\"column\" data-e-type=\"column\">\n\t\t\t<div class=\"elementor-widget-wrap elementor-element-populated\">\n\t\t\t\t\t\t<div class=\"elementor-element elementor-element-27770b8e elementor-toc--minimized-on-tablet elementor-widget elementor-widget-table-of-contents\" data-id=\"27770b8e\" data-element_type=\"widget\" data-e-type=\"widget\" data-settings=\"{&quot;exclude_headings_by_selector&quot;:[],&quot;marker_view&quot;:&quot;bullets&quot;,&quot;headings_by_tags&quot;:[&quot;h2&quot;,&quot;h3&quot;,&quot;h4&quot;,&quot;h5&quot;,&quot;h6&quot;],&quot;icon&quot;:{&quot;value&quot;:&quot;fas fa-circle&quot;,&quot;library&quot;:&quot;fa-solid&quot;,&quot;rendered_tag&quot;:&quot;&lt;svg class=\\&quot;e-font-icon-svg e-fas-circle\\&quot; viewBox=\\&quot;0 0 512 512\\&quot; xmlns=\\&quot;http:\\\/\\\/www.w3.org\\\/2000\\\/svg\\&quot;&gt;&lt;path d=\\&quot;M256 8C119 8 8 119 8 256s111 248 248 248 248-111 248-248S393 8 256 8z\\&quot;&gt;&lt;\\\/path&gt;&lt;\\\/svg&gt;&quot;},&quot;no_headings_message&quot;:&quot;Non sono state trovate intestazioni in questa pagina.&quot;,&quot;minimize_box&quot;:&quot;yes&quot;,&quot;minimized_on&quot;:&quot;tablet&quot;,&quot;hierarchical_view&quot;:&quot;yes&quot;,&quot;min_height&quot;:{&quot;unit&quot;:&quot;px&quot;,&quot;size&quot;:&quot;&quot;,&quot;sizes&quot;:[]},&quot;min_height_tablet&quot;:{&quot;unit&quot;:&quot;px&quot;,&quot;size&quot;:&quot;&quot;,&quot;sizes&quot;:[]},&quot;min_height_mobile&quot;:{&quot;unit&quot;:&quot;px&quot;,&quot;size&quot;:&quot;&quot;,&quot;sizes&quot;:[]}}\" data-widget_type=\"table-of-contents.default\">\n\t\t\t\t<div class=\"elementor-widget-container\">\n\t\t\t\t\t\t\t\t\t<div class=\"elementor-toc__header\">\n\t\t\t\t\t\t<h4 class=\"elementor-toc__header-title\">\n\t\t\t\tTabella dei contenuti\t\t\t<\/h4>\n\t\t\t\t\t\t\t\t\t\t<div class=\"elementor-toc__toggle-button elementor-toc__toggle-button--expand\" role=\"button\" tabindex=\"0\" aria-controls=\"elementor-toc__27770b8e\" aria-expanded=\"true\" aria-label=\"Apri l&#039;indice dei contenuti\"><svg aria-hidden=\"true\" class=\"e-font-icon-svg e-fas-chevron-down\" viewBox=\"0 0 448 512\" xmlns=\"http:\/\/www.w3.org\/2000\/svg\"><path d=\"M207.029 381.476L12.686 187.132c-9.373-9.373-9.373-24.569 0-33.941l22.667-22.667c9.357-9.357 24.522-9.375 33.901-.04L224 284.505l154.745-154.021c9.379-9.335 24.544-9.317 33.901.04l22.667 22.667c9.373 9.373 9.373 24.569 0 33.941L240.971 381.476c-9.373 9.372-24.569 9.372-33.942 0z\"><\/path><\/svg><\/div>\n\t\t\t\t<div class=\"elementor-toc__toggle-button elementor-toc__toggle-button--collapse\" role=\"button\" tabindex=\"0\" aria-controls=\"elementor-toc__27770b8e\" aria-expanded=\"true\" aria-label=\"Chiudi l&#039;indice dei contenuti\"><svg aria-hidden=\"true\" class=\"e-font-icon-svg e-fas-chevron-up\" viewBox=\"0 0 448 512\" xmlns=\"http:\/\/www.w3.org\/2000\/svg\"><path d=\"M240.971 130.524l194.343 194.343c9.373 9.373 9.373 24.569 0 33.941l-22.667 22.667c-9.357 9.357-24.522 9.375-33.901.04L224 227.495 69.255 381.516c-9.379 9.335-24.544 9.317-33.901-.04l-22.667-22.667c-9.373-9.373-9.373-24.569 0-33.941L207.03 130.525c9.372-9.373 24.568-9.373 33.941-.001z\"><\/path><\/svg><\/div>\n\t\t\t\t\t<\/div>\n\t\t\t\t<div id=\"elementor-toc__27770b8e\" class=\"elementor-toc__body\">\n\t\t\t<div class=\"elementor-toc__spinner-container\">\n\t\t\t\t<svg class=\"elementor-toc__spinner eicon-animation-spin e-font-icon-svg e-eicon-loading\" aria-hidden=\"true\" viewBox=\"0 0 1000 1000\" xmlns=\"http:\/\/www.w3.org\/2000\/svg\"><path d=\"M500 975V858C696 858 858 696 858 500S696 142 500 142 142 304 142 500H25C25 237 238 25 500 25S975 237 975 500 763 975 500 975Z\"><\/path><\/svg>\t\t\t<\/div>\n\t\t<\/div>\n\t\t\t\t\t\t<\/div>\n\t\t\t\t<\/div>\n\t\t\t\t\t<\/div>\n\t\t<\/div>\n\t\t\t\t<div class=\"elementor-column elementor-col-50 elementor-top-column elementor-element elementor-element-5f305314\" data-id=\"5f305314\" data-element_type=\"column\" data-e-type=\"column\">\n\t\t\t<div class=\"elementor-widget-wrap elementor-element-populated\">\n\t\t\t\t\t\t<div class=\"elementor-element elementor-element-38e8ec5b elementor-widget elementor-widget-text-editor\" data-id=\"38e8ec5b\" data-element_type=\"widget\" data-e-type=\"widget\" data-widget_type=\"text-editor.default\">\n\t\t\t\t<div class=\"elementor-widget-container\">\n\t\t\t\t\t\t\t\t\t<h1>Noleggio barche in Croazia<\/h1>\n<p>La Croazia, con le sue splendide coste, le acque cristalline e le migliaia di isole, \u00e8 una destinazione da sogno per chi cerca un&#8217;esperienza di navigazione memorabile. Che siate velisti esperti o principianti, c&#8217;\u00e8 un&#8217;opzione di noleggio barche adatta alle vostre esigenze. In questa guida esploreremo i diversi tipi di noleggio barche disponibili in Croazia, il costo nel 2024 e le cinque principali destinazioni per il noleggio di yacht.<\/p>\n<h2>Perch\u00e9 la Croazia?<\/h2>\n<p>La Croazia offre alcune delle pi\u00f9 belle destinazioni di navigazione del mondo. La sua costa \u00e8 costellata da migliaia di isole, ognuna con un fascino unico. Dalle citt\u00e0 storiche di Spalato e Dubrovnik alle calette appartate delle Isole Incoronate, la Croazia offre qualcosa per tutti. Il clima mediterraneo, le acque calde e i venti dolci rendono il Paese una destinazione ideale per la vela.<\/p>\n<p><img fetchpriority=\"high\" decoding=\"async\" class=\"alignnone size-full wp-image-412487\" src=\"https:\/\/skippercity.com\/vsebina\/uploads\/yacht-charter-catamaran-rental.jpeg\" alt=\"catamarano charter croazia\" width=\"1200\" height=\"717\" srcset=\"https:\/\/skippercity.com\/vsebina\/uploads\/yacht-charter-catamaran-rental.jpeg 1200w, https:\/\/skippercity.com\/vsebina\/uploads\/yacht-charter-catamaran-rental-768x459.jpeg 768w, https:\/\/skippercity.com\/vsebina\/uploads\/yacht-charter-catamaran-rental-700x418.jpeg 700w\" sizes=\"(max-width: 1200px) 100vw, 1200px\" \/><\/p>\n<h2>Tipi di noleggio di barche<\/h2>\n<h3>Noleggio con skipper<\/h3>\n<p>Ideale per chi vuole rilassarsi e godersi il viaggio senza preoccuparsi della navigazione o della gestione della barca. Uno <a href=\"https:\/\/skippercity.com\/it\/skippered-yacht-charter-croazia\/\">skipper professionista<\/a> si occuper\u00e0 di tutto, dal timone all&#8217;ormeggio, mentre voi vi immergerete nella bellezza del Mare Adriatico.<\/p>\n<h3><strong>Noleggio con equipaggio<\/strong><\/h3>\n<p>Per un&#8217;esperienza davvero lussuosa, il <a href=\"https:\/\/skippercity.com\/it\/equipaggio-yacht-charter-croazia\/\">noleggio con equipaggio<\/a> \u00e8 la soluzione migliore. Oltre allo skipper, avrete a disposizione uno chef e altri membri dell&#8217;equipaggio per soddisfare ogni vostra esigenza. Questa opzione \u00e8 perfetta per chi vuole essere coccolato e godersi una vacanza in barca a vela a cinque stelle.<\/p>\n<h3><strong>Noleggio a scafo nudo<\/strong><\/h3>\n<p>Se avete esperienza di navigazione e le qualifiche necessarie, potete optare per un noleggio a scafo nudo. Con questa opzione, sarete il capitano della vostra nave, responsabile della navigazione, dell&#8217;ormeggio e di tutti gli altri aspetti della navigazione. \u00c8 un ottimo modo per esplorare la costa croata al proprio ritmo.<\/p>\n<p><img decoding=\"async\" class=\"alignnone size-full wp-image-412448\" src=\"https:\/\/skippercity.com\/vsebina\/uploads\/2.jpg\" alt=\"catamarano charter croazia\" width=\"698\" height=\"466\"><\/p>\n<h2>Tipi di barca<\/h2>\n<h3><strong>Barche a vela<\/strong><\/h3>\n<p>Il modo pi\u00f9 tradizionale e romantico per esplorare il Mare Adriatico, le barche a vela offrono un&#8217;esperienza di navigazione tranquilla ed ecologica. Sono perfetti per chi vuole godersi la tranquillit\u00e0 del mare e il rumore del vento nelle vele.<\/p>\n<h3><strong>Catamarani<\/strong><\/h3>\n<p>Conosciuti per la loro stabilit\u00e0 e spaziosit\u00e0, i <a href=\"https:\/\/skippercity.com\/it\/catamarano-charter-croazia\/\">catamarani<\/a> sono una scelta popolare per le famiglie e i gruppi pi\u00f9 numerosi. Con cabine multiple e ampio spazio sul ponte, offrono comfort e lusso durante la navigazione.<\/p>\n<h3><strong>Motoscafi<\/strong><\/h3>\n<p>Se quello che cercate \u00e8 la velocit\u00e0, una barca a motore \u00e8 la scelta giusta. Grazie ai potenti motori, queste imbarcazioni possono portarvi rapidamente da una destinazione all&#8217;altra, consentendovi di coprire pi\u00f9 terreno in un tempo pi\u00f9 breve.<\/p>\n<p><img decoding=\"async\" class=\"alignnone size-full wp-image-412396\" src=\"https:\/\/skippercity.com\/vsebina\/uploads\/catamaran-charter-croatia-1.jpg\" alt=\"catamarano charter croazia\" width=\"1920\" height=\"932\" srcset=\"https:\/\/skippercity.com\/vsebina\/uploads\/catamaran-charter-croatia-1.jpg 1920w, https:\/\/skippercity.com\/vsebina\/uploads\/catamaran-charter-croatia-1-768x373.jpg 768w, https:\/\/skippercity.com\/vsebina\/uploads\/catamaran-charter-croatia-1-1536x746.jpg 1536w, https:\/\/skippercity.com\/vsebina\/uploads\/catamaran-charter-croatia-1-700x340.jpg 700w\" sizes=\"(max-width: 1920px) 100vw, 1920px\" \/><\/p>\n<h2>Aree di vela<\/h2>\n<h3><strong>diviso<\/strong><\/h3>\n<p>Una delle destinazioni di navigazione pi\u00f9 popolari della Croazia, Spalato offre un mix perfetto di storia, cultura e bellezze naturali. Dall&#8217;antico Palazzo di Diocleziano alle splendide isole di Hvar e Vis, a Spalato ce n&#8217;\u00e8 per tutti i gusti.<\/p>\n<h3><strong>Zadar<\/strong><\/h3>\n<p>Con la sua miscela unica di influenze romane, bizantine e veneziane, Zara \u00e8 una citt\u00e0 affascinante, perfetta da esplorare in barca. Il vicino Parco Nazionale delle Isole Incoronate \u00e8 una tappa obbligata per i suoi paesaggi mozzafiato e le acque cristalline.<\/p>\n<h3><strong>Trogir<\/strong><\/h3>\n<p>Conosciuta come la &#8220;Piccola Venezia&#8221; della Croazia, Trogir \u00e8 un sito Patrimonio dell&#8217;Umanit\u00e0 dell&#8217;UNESCO che \u00e8 meglio esplorare in barca. Con le sue strade strette, gli edifici storici e il pittoresco lungomare, Trogir \u00e8 una delizia da scoprire.<\/p>\n<h3><strong>Dubrovnik<\/strong><\/h3>\n<p>Famosa per le sue mura medievali e la sua splendida architettura, Dubrovnik \u00e8 una meta imperdibile per tutti gli appassionati di vela. Le vicine isole Elafiti offrono spiagge incontaminate e calette appartate, perfette per una giornata di relax.<\/p>\n<h3><strong>Sibenik<\/strong><\/h3>\n<p>Situata nel cuore della Dalmazia, Sibenik \u00e8 una citt\u00e0 affascinante, ricca di storia e di splendide bellezze naturali. Il vicino Parco Nazionale di Krka \u00e8 un paradiso per gli amanti della natura, con le sue cascate, i laghi e le foreste lussureggianti.<\/p>\n<p><img loading=\"lazy\" decoding=\"async\" class=\"alignnone size-full wp-image-412382\" src=\"https:\/\/skippercity.com\/vsebina\/uploads\/croatia-catamaran-charter.jpg\" alt=\"noleggio catamarani in croazia\" width=\"1600\" height=\"900\" srcset=\"https:\/\/skippercity.com\/vsebina\/uploads\/croatia-catamaran-charter.jpg 1600w, https:\/\/skippercity.com\/vsebina\/uploads\/croatia-catamaran-charter-768x432.jpg 768w, https:\/\/skippercity.com\/vsebina\/uploads\/croatia-catamaran-charter-1536x864.jpg 1536w, https:\/\/skippercity.com\/vsebina\/uploads\/croatia-catamaran-charter-500x281.jpg 500w, https:\/\/skippercity.com\/vsebina\/uploads\/croatia-catamaran-charter-700x394.jpg 700w\" sizes=\"(max-width: 1600px) 100vw, 1600px\" \/><\/p>\n<h2>Costo del noleggio di una barca nel 2024<\/h2>\n<p>Il costo del noleggio barche in Croazia varia a seconda del tipo di imbarcazione, delle dimensioni, della durata del noleggio e del periodo dell&#8217;anno. A partire dal 2024, il costo medio di un noleggio a scafo nudo in Croazia \u00e8 di circa 2.000-4.000 euro a settimana per una barca a vela, 3.000-6.000 euro a settimana per un catamarano e 4.000-8.000 euro a settimana per una barca a motore.<\/p>\n<p>I charter con skipper ed equipaggio sono pi\u00f9 costosi, con prezzi che vanno da 5.000 a 15.000 euro a settimana per una barca a vela, da 8.000 a 20.000 euro a settimana per un catamarano e da 10.000 a 30.000 euro a settimana per una barca a motore.<\/p>\n<p><img loading=\"lazy\" decoding=\"async\" class=\"alignnone size-full wp-image-412504\" src=\"https:\/\/skippercity.com\/vsebina\/uploads\/Mooring-and-Docking-Costs-in-Croatia-A-Comprehensive-Overview.jpg\" alt=\"Costi di ormeggio e attracco in Croazia Una panoramica completa\" width=\"1280\" height=\"853\" srcset=\"https:\/\/skippercity.com\/vsebina\/uploads\/Mooring-and-Docking-Costs-in-Croatia-A-Comprehensive-Overview.jpg 1280w, https:\/\/skippercity.com\/vsebina\/uploads\/Mooring-and-Docking-Costs-in-Croatia-A-Comprehensive-Overview-768x512.jpg 768w, https:\/\/skippercity.com\/vsebina\/uploads\/Mooring-and-Docking-Costs-in-Croatia-A-Comprehensive-Overview-700x466.jpg 700w\" sizes=\"(max-width: 1280px) 100vw, 1280px\" \/><\/p>\n<h2>Come noleggiare una barca in Croazia: Una guida passo a passo<\/h2>\n<p>La splendida costa croata, le acque cristalline e le migliaia di isole la rendono una destinazione ideale per gli amanti della vela. Che siate velisti esperti o alle prime armi, noleggiare una barca in Croazia \u00e8 un modo fantastico per esplorare il Mare Adriatico e scoprire le gemme nascoste del Paese. Ecco una guida passo passo su come noleggiare una barca in Croazia:<\/p>\n<h3>Determinate il vostro budget e le vostre preferenze<\/h3>\n<p>Prima di iniziare la ricerca di una barca a noleggio, \u00e8 importante determinare il proprio budget e le proprie preferenze. Considerate le dimensioni dell&#8217;imbarcazione, il numero di cabine e i servizi di cui avete bisogno. Decidete se volete un noleggio con skipper, con equipaggio o a scafo nudo.<\/p>\n<h3>Scegliere una societ\u00e0 di noleggio barche<\/h3>\n<p>In Croazia ci sono diverse societ\u00e0 di noleggio barche, quindi \u00e8 essenziale fare una ricerca e scegliere una societ\u00e0 affidabile. Leggete le recensioni, controllate la flotta di imbarcazioni e informatevi sui servizi offerti. Tra le pi\u00f9 note societ\u00e0 di noleggio barche in Croazia figurano SkipperCity, Sail Croatia, The Moorings, Dream Yacht Charter e NauticEd.<\/p>\n<h3>Selezionare l&#8217;area di navigazione<\/h3>\n<p>La Croazia offre una variet\u00e0 di aree di navigazione, ognuna con un fascino unico. Tra le aree di navigazione pi\u00f9 popolari in Croazia vi sono Spalato, Zara, Trogir, Dubrovnik e Sibenik. Considerate la vicinanza della zona di navigazione alle destinazioni desiderate, le condizioni meteorologiche e la disponibilit\u00e0 di punti di ormeggio.<\/p>\n<h3>Scegliete il tipo di barca<\/h3>\n<p>Una volta scelta la zona di navigazione, \u00e8 il momento di selezionare il tipo di barca pi\u00f9 adatto alle vostre esigenze. Le barche a vela sono perfette per un&#8217;esperienza di navigazione romantica ed ecologica, mentre i catamarani offrono stabilit\u00e0 e spaziosit\u00e0, rendendoli ideali per le famiglie e i gruppi pi\u00f9 numerosi. Le barche a motore sono ideali per chi vuole coprire pi\u00f9 terreno in un tempo pi\u00f9 breve.<\/p>\n<h3>Verifica la disponibilit\u00e0 e prenota la tua barca<\/h3>\n<p>Dopo aver selezionato il tipo di barca, verificate la disponibilit\u00e0 della barca per le date desiderate. La maggior parte delle societ\u00e0 di noleggio barche dispone di un sistema di prenotazione online, che consente di verificare facilmente la disponibilit\u00e0 e di effettuare una prenotazione. Assicuratevi di prenotare la vostra barca con largo anticipo, soprattutto durante l&#8217;alta stagione, perch\u00e9 le barche possono essere prenotate rapidamente.<\/p>\n<h3>Esaminare il contratto e le condizioni di noleggio<\/h3>\n<p>Prima di concludere la prenotazione, leggere attentamente il contratto di noleggio e le condizioni. Prestate attenzione alla politica di cancellazione, ai requisiti del deposito cauzionale e ad eventuali spese o costi aggiuntivi. Assicuratevi di aver compreso i termini e le condizioni del contratto di noleggio prima di firmarlo.<\/p>\n<h3>Prepararsi al viaggio<\/h3>\n<p>Una volta prenotato il noleggio della barca, \u00e8 il momento di iniziare a prepararsi per il viaggio. Preparate una lista di articoli essenziali, come crema solare, cappelli, occhiali da sole, costumi da bagno e asciugamani. Non dimenticate di portare con voi le vostre qualifiche nautiche e tutti i documenti necessari, come passaporti e visti.<\/p>\n<h2>Conclusione<\/h2>\n<p>La Croazia offre alcune delle pi\u00f9 belle destinazioni di navigazione del mondo e non c&#8217;\u00e8 modo migliore di esplorarle che in barca. Che siate alla ricerca di una vacanza rilassante o di un viaggio avventuroso in barca a vela, la Croazia ha qualcosa per tutti.<\/p>\n<p>Con un&#8217;ampia gamma di noleggi di barche, aree di navigazione e yacht charter tra cui scegliere, troverete sicuramente l&#8217;opzione perfetta per la vostra prossima avventura a vela in Croazia.<\/p>\n<h2>Godetevi la vostra avventura in barca a vela<\/h2>\n<p>Finalmente \u00e8 arrivato il momento di partire per la vostra avventura in barca a vela in Croazia! Arrivate alla base della societ\u00e0 di noleggio barche il giorno del noleggio e incontrate il personale per esaminare le caratteristiche dell&#8217;imbarcazione e le procedure di sicurezza. Una volta pronti, salpate ed esplorate la splendida costa croata, le isole e le insenature nascoste. Godetevi la libert\u00e0 e la flessibilit\u00e0 di navigare al vostro ritmo e create ricordi che dureranno per tutta la vita.<\/p>\n<p>&#8211;<\/p>\n\t\t\t\t\t\t\t\t<\/div>\n\t\t\t\t<\/div>\n\t\t\t\t\t<\/div>\n\t\t<\/div>\n\t\t\t\t<div class=\"elementor-column elementor-col-25 elementor-top-column elementor-element elementor-element-15a73c22\" data-id=\"15a73c22\" data-element_type=\"column\" data-e-type=\"column\">\n\t\t\t<div class=\"elementor-widget-wrap elementor-element-populated\">\n\t\t\t\t\t\t<div class=\"elementor-element elementor-element-45b56144 elementor-widget elementor-widget-template\" data-id=\"45b56144\" data-element_type=\"widget\" data-e-type=\"widget\" data-widget_type=\"template.default\">\n\t\t\t\t<div class=\"elementor-widget-container\">\n\t\t\t\t\t\t\t<div class=\"elementor-template\">\n\t\t\t\t\t<div data-elementor-type=\"section\" data-elementor-id=\"77212\" class=\"elementor elementor-77212 elementor-76339\" data-elementor-post-type=\"elementor_library\">\n\t\t\t\t\t<section class=\"elementor-section elementor-inner-section elementor-element elementor-element-457e679b elementor-section-full_width elementor-section-height-min-height elementor-section-content-middle elementor-section-height-default\" data-id=\"457e679b\" data-element_type=\"section\" data-e-type=\"section\" data-settings=\"{&quot;background_background&quot;:&quot;classic&quot;}\">\n\t\t\t\t\t\t\t<div class=\"elementor-background-overlay\"><\/div>\n\t\t\t\t\t\t\t<div class=\"elementor-container elementor-column-gap-default\">\n\t\t\t\t\t<div class=\"elementor-column elementor-col-100 elementor-inner-column elementor-element elementor-element-33d83c77\" data-id=\"33d83c77\" data-element_type=\"column\" data-e-type=\"column\">\n\t\t\t<div class=\"elementor-widget-wrap elementor-element-populated\">\n\t\t\t\t\t\t<div class=\"elementor-element elementor-element-26c46f13 elementor-widget elementor-widget-text-editor\" data-id=\"26c46f13\" data-element_type=\"widget\" data-e-type=\"widget\" data-widget_type=\"text-editor.default\">\n\t\t\t\t<div class=\"elementor-widget-container\">\n\t\t\t\t\t\t\t\t\t<p style=\"text-align: center;\">Ricerca di una barca?<\/p>\n\t\t\t\t\t\t\t\t<\/div>\n\t\t\t\t<\/div>\n\t\t\t\t<div class=\"elementor-element elementor-element-7116d3fc elementor-align-center elementor-widget elementor-widget-button\" data-id=\"7116d3fc\" data-element_type=\"widget\" data-e-type=\"widget\" data-widget_type=\"button.default\">\n\t\t\t\t<div class=\"elementor-widget-container\">\n\t\t\t\t\t\t\t\t\t<div class=\"elementor-button-wrapper\">\n\t\t\t\t\t<a class=\"elementor-button elementor-button-link elementor-size-md\" href=\"https:\/\/skippercity.com\/it\/ottenere-un-preventivo-yacht-charter-croazia-2\/\" target=\"_blank\">\n\t\t\t\t\t\t<span class=\"elementor-button-content-wrapper\">\n\t\t\t\t\t\t\t\t\t<span class=\"elementor-button-text\">OTTIENI UNA QUOTA GRATUITAMENTE<\/span>\n\t\t\t\t\t<\/span>\n\t\t\t\t\t<\/a>\n\t\t\t\t<\/div>\n\t\t\t\t\t\t\t\t<\/div>\n\t\t\t\t<\/div>\n\t\t\t\t\t<\/div>\n\t\t<\/div>\n\t\t\t\t\t<\/div>\n\t\t<\/section>\n\t\t\t\t<\/div>\n\t\t\t\t<\/div>\n\t\t\t\t\t\t<\/div>\n\t\t\t\t<\/div>\n\t\t\t\t\t<\/div>\n\t\t<\/div>\n\t\t\t\t\t<\/div>\n\t\t<\/section>\n\t\t\t\t<\/div>\n\t\t","protected":false},"excerpt":{"rendered":"<p>Tabella dei contenuti Noleggio barche in Croazia La Croazia, con le sue splendide coste, le acque cristalline e le migliaia di isole, \u00e8 una destinazione da sogno per chi cerca un&#8217;esperienza di navigazione memorabile. Che siate velisti esperti o principianti, c&#8217;\u00e8 un&#8217;opzione di noleggio barche adatta alle vostre esigenze. In questa guida esploreremo i diversi [&hellip;]<\/p>\n","protected":false},"author":2,"featured_media":16238,"parent":0,"menu_order":0,"comment_status":"closed","ping_status":"closed","template":"","meta":{"footnotes":""},"class_list":["post-52992","page","type-page","status-publish","has-post-thumbnail","hentry"],"_links":{"self":[{"href":"https:\/\/skippercity.com\/it\/wp-json\/wp\/v2\/pages\/52992","targetHints":{"allow":["GET"]}}],"collection":[{"href":"https:\/\/skippercity.com\/it\/wp-json\/wp\/v2\/pages"}],"about":[{"href":"https:\/\/skippercity.com\/it\/wp-json\/wp\/v2\/types\/page"}],"author":[{"embeddable":true,"href":"https:\/\/skippercity.com\/it\/wp-json\/wp\/v2\/users\/2"}],"replies":[{"embeddable":true,"href":"https:\/\/skippercity.com\/it\/wp-json\/wp\/v2\/comments?post=52992"}],"version-history":[{"count":0,"href":"https:\/\/skippercity.com\/it\/wp-json\/wp\/v2\/pages\/52992\/revisions"}],"wp:featuredmedia":[{"embeddable":true,"href":"https:\/\/skippercity.com\/it\/wp-json\/wp\/v2\/media\/16238"}],"wp:attachment":[{"href":"https:\/\/skippercity.com\/it\/wp-json\/wp\/v2\/media?parent=52992"}],"curies":[{"name":"wp","href":"https:\/\/api.w.org\/{rel}","templated":true}]}}