{"id":74476,"date":"2021-11-14T19:18:14","date_gmt":"2021-11-14T19:18:14","guid":{"rendered":"https:\/\/www.skippercity.com\/miglior-prezzo-per-il-noleggio-di-barche-in-croazia\/"},"modified":"2024-02-21T11:19:11","modified_gmt":"2024-02-21T11:19:11","slug":"miglior-prezzo-per-il-noleggio-di-barche-in-croazia","status":"publish","type":"page","link":"https:\/\/skippercity.com\/it\/miglior-prezzo-per-il-noleggio-di-barche-in-croazia\/","title":{"rendered":"Miglior prezzo per il noleggio di barche in Croazia"},"content":{"rendered":"\t\t<div data-elementor-type=\"wp-page\" data-elementor-id=\"74476\" class=\"elementor elementor-74476 elementor-74451\" data-elementor-post-type=\"page\">\n\t\t\t\t\t\t<section class=\"elementor-section elementor-top-section elementor-element elementor-element-39ad52df elementor-section-stretched elementor-section-full_width elementor-section-height-default elementor-section-height-default\" data-id=\"39ad52df\" data-element_type=\"section\" data-e-type=\"section\" data-settings=\"{&quot;background_background&quot;:&quot;classic&quot;,&quot;stretch_section&quot;:&quot;section-stretched&quot;}\">\n\t\t\t\t\t\t\t<div class=\"elementor-background-overlay\"><\/div>\n\t\t\t\t\t\t\t<div class=\"elementor-container elementor-column-gap-default\">\n\t\t\t\t\t<div class=\"elementor-column elementor-col-33 elementor-top-column elementor-element elementor-element-2e299ad5\" data-id=\"2e299ad5\" data-element_type=\"column\" data-e-type=\"column\">\n\t\t\t<div class=\"elementor-widget-wrap\">\n\t\t\t\t\t\t\t<\/div>\n\t\t<\/div>\n\t\t\t\t<div class=\"elementor-column elementor-col-33 elementor-top-column elementor-element elementor-element-4618d22a\" data-id=\"4618d22a\" data-element_type=\"column\" data-e-type=\"column\">\n\t\t\t<div class=\"elementor-widget-wrap elementor-element-populated\">\n\t\t\t\t\t\t<div class=\"elementor-element elementor-element-49272ec elementor-widget elementor-widget-heading\" data-id=\"49272ec\" data-element_type=\"widget\" data-e-type=\"widget\" data-widget_type=\"heading.default\">\n\t\t\t\t<div class=\"elementor-widget-container\">\n\t\t\t\t\t<h3 class=\"elementor-heading-title elementor-size-default\">Noleggio di barche in Croazia  <\/h3>\t\t\t\t<\/div>\n\t\t\t\t<\/div>\n\t\t\t\t<div class=\"elementor-element elementor-element-6d84c9be elementor-widget-divider--view-line elementor-widget elementor-widget-divider\" data-id=\"6d84c9be\" data-element_type=\"widget\" data-e-type=\"widget\" data-widget_type=\"divider.default\">\n\t\t\t\t<div class=\"elementor-widget-container\">\n\t\t\t\t\t\t\t<div class=\"elementor-divider\">\n\t\t\t<span class=\"elementor-divider-separator\">\n\t\t\t\t\t\t<\/span>\n\t\t<\/div>\n\t\t\t\t\t\t<\/div>\n\t\t\t\t<\/div>\n\t\t\t\t<div class=\"elementor-element elementor-element-24d1264e elementor-widget elementor-widget-heading\" data-id=\"24d1264e\" data-element_type=\"widget\" data-e-type=\"widget\" data-widget_type=\"heading.default\">\n\t\t\t\t<div class=\"elementor-widget-container\">\n\t\t\t\t\t<h1 class=\"elementor-heading-title elementor-size-default\">Miglior prezzo per il noleggio di barche in Croazia<\/h1>\t\t\t\t<\/div>\n\t\t\t\t<\/div>\n\t\t\t\t<div class=\"elementor-element elementor-element-67d2d24e elementor-align-center elementor-widget elementor-widget-button\" data-id=\"67d2d24e\" data-element_type=\"widget\" data-e-type=\"widget\" data-widget_type=\"button.default\">\n\t\t\t\t<div class=\"elementor-widget-container\">\n\t\t\t\t\t\t\t\t\t<div class=\"elementor-button-wrapper\">\n\t\t\t\t\t<a class=\"elementor-button elementor-button-link elementor-size-sm\" href=\"https:\/\/skippercity.com\/it\/ottenere-un-preventivo-yacht-charter-croazia-2\/\">\n\t\t\t\t\t\t<span class=\"elementor-button-content-wrapper\">\n\t\t\t\t\t\t\t\t\t<span class=\"elementor-button-text\">Ottenere un preventivo<\/span>\n\t\t\t\t\t<\/span>\n\t\t\t\t\t<\/a>\n\t\t\t\t<\/div>\n\t\t\t\t\t\t\t\t<\/div>\n\t\t\t\t<\/div>\n\t\t\t\t\t<\/div>\n\t\t<\/div>\n\t\t\t\t<div class=\"elementor-column elementor-col-33 elementor-top-column elementor-element elementor-element-28688344\" data-id=\"28688344\" data-element_type=\"column\" data-e-type=\"column\">\n\t\t\t<div class=\"elementor-widget-wrap\">\n\t\t\t\t\t\t\t<\/div>\n\t\t<\/div>\n\t\t\t\t\t<\/div>\n\t\t<\/section>\n\t\t\t\t<section class=\"elementor-section elementor-top-section elementor-element elementor-element-1071f9ce elementor-section-full_width elementor-section-height-default elementor-section-height-default\" data-id=\"1071f9ce\" data-element_type=\"section\" data-e-type=\"section\">\n\t\t\t\t\t\t<div class=\"elementor-container elementor-column-gap-default\">\n\t\t\t\t\t<div class=\"elementor-column elementor-col-25 elementor-top-column elementor-element elementor-element-71e1640b\" data-id=\"71e1640b\" data-element_type=\"column\" data-e-type=\"column\">\n\t\t\t<div class=\"elementor-widget-wrap elementor-element-populated\">\n\t\t\t\t\t\t<div class=\"elementor-element elementor-element-53545749 elementor-toc--minimized-on-tablet elementor-widget elementor-widget-table-of-contents\" data-id=\"53545749\" data-element_type=\"widget\" data-e-type=\"widget\" data-settings=\"{&quot;exclude_headings_by_selector&quot;:[],&quot;marker_view&quot;:&quot;bullets&quot;,&quot;headings_by_tags&quot;:[&quot;h2&quot;,&quot;h3&quot;,&quot;h4&quot;,&quot;h5&quot;,&quot;h6&quot;],&quot;icon&quot;:{&quot;value&quot;:&quot;fas fa-circle&quot;,&quot;library&quot;:&quot;fa-solid&quot;,&quot;rendered_tag&quot;:&quot;&lt;svg class=\\&quot;e-font-icon-svg e-fas-circle\\&quot; viewBox=\\&quot;0 0 512 512\\&quot; xmlns=\\&quot;http:\\\/\\\/www.w3.org\\\/2000\\\/svg\\&quot;&gt;&lt;path d=\\&quot;M256 8C119 8 8 119 8 256s111 248 248 248 248-111 248-248S393 8 256 8z\\&quot;&gt;&lt;\\\/path&gt;&lt;\\\/svg&gt;&quot;},&quot;no_headings_message&quot;:&quot;Non sono state trovate intestazioni in questa pagina.&quot;,&quot;minimize_box&quot;:&quot;yes&quot;,&quot;minimized_on&quot;:&quot;tablet&quot;,&quot;hierarchical_view&quot;:&quot;yes&quot;,&quot;min_height&quot;:{&quot;unit&quot;:&quot;px&quot;,&quot;size&quot;:&quot;&quot;,&quot;sizes&quot;:[]},&quot;min_height_tablet&quot;:{&quot;unit&quot;:&quot;px&quot;,&quot;size&quot;:&quot;&quot;,&quot;sizes&quot;:[]},&quot;min_height_mobile&quot;:{&quot;unit&quot;:&quot;px&quot;,&quot;size&quot;:&quot;&quot;,&quot;sizes&quot;:[]}}\" data-widget_type=\"table-of-contents.default\">\n\t\t\t\t<div class=\"elementor-widget-container\">\n\t\t\t\t\t\t\t\t\t<div class=\"elementor-toc__header\">\n\t\t\t\t\t\t<h4 class=\"elementor-toc__header-title\">\n\t\t\t\tTabella dei contenuti\t\t\t<\/h4>\n\t\t\t\t\t\t\t\t\t\t<div class=\"elementor-toc__toggle-button elementor-toc__toggle-button--expand\" role=\"button\" tabindex=\"0\" aria-controls=\"elementor-toc__53545749\" aria-expanded=\"true\" aria-label=\"Apri l&#039;indice dei contenuti\"><svg aria-hidden=\"true\" class=\"e-font-icon-svg e-fas-chevron-down\" viewBox=\"0 0 448 512\" xmlns=\"http:\/\/www.w3.org\/2000\/svg\"><path d=\"M207.029 381.476L12.686 187.132c-9.373-9.373-9.373-24.569 0-33.941l22.667-22.667c9.357-9.357 24.522-9.375 33.901-.04L224 284.505l154.745-154.021c9.379-9.335 24.544-9.317 33.901.04l22.667 22.667c9.373 9.373 9.373 24.569 0 33.941L240.971 381.476c-9.373 9.372-24.569 9.372-33.942 0z\"><\/path><\/svg><\/div>\n\t\t\t\t<div class=\"elementor-toc__toggle-button elementor-toc__toggle-button--collapse\" role=\"button\" tabindex=\"0\" aria-controls=\"elementor-toc__53545749\" aria-expanded=\"true\" aria-label=\"Chiudi l&#039;indice dei contenuti\"><svg aria-hidden=\"true\" class=\"e-font-icon-svg e-fas-chevron-up\" viewBox=\"0 0 448 512\" xmlns=\"http:\/\/www.w3.org\/2000\/svg\"><path d=\"M240.971 130.524l194.343 194.343c9.373 9.373 9.373 24.569 0 33.941l-22.667 22.667c-9.357 9.357-24.522 9.375-33.901.04L224 227.495 69.255 381.516c-9.379 9.335-24.544 9.317-33.901-.04l-22.667-22.667c-9.373-9.373-9.373-24.569 0-33.941L207.03 130.525c9.372-9.373 24.568-9.373 33.941-.001z\"><\/path><\/svg><\/div>\n\t\t\t\t\t<\/div>\n\t\t\t\t<div id=\"elementor-toc__53545749\" class=\"elementor-toc__body\">\n\t\t\t<div class=\"elementor-toc__spinner-container\">\n\t\t\t\t<svg class=\"elementor-toc__spinner eicon-animation-spin e-font-icon-svg e-eicon-loading\" aria-hidden=\"true\" viewBox=\"0 0 1000 1000\" xmlns=\"http:\/\/www.w3.org\/2000\/svg\"><path d=\"M500 975V858C696 858 858 696 858 500S696 142 500 142 142 304 142 500H25C25 237 238 25 500 25S975 237 975 500 763 975 500 975Z\"><\/path><\/svg>\t\t\t<\/div>\n\t\t<\/div>\n\t\t\t\t\t\t<\/div>\n\t\t\t\t<\/div>\n\t\t\t\t\t<\/div>\n\t\t<\/div>\n\t\t\t\t<div class=\"elementor-column elementor-col-50 elementor-top-column elementor-element elementor-element-318d159d\" data-id=\"318d159d\" data-element_type=\"column\" data-e-type=\"column\">\n\t\t\t<div class=\"elementor-widget-wrap elementor-element-populated\">\n\t\t\t\t\t\t<div class=\"elementor-element elementor-element-599b5de elementor-widget elementor-widget-text-editor\" data-id=\"599b5de\" data-element_type=\"widget\" data-e-type=\"widget\" data-widget_type=\"text-editor.default\">\n\t\t\t\t<div class=\"elementor-widget-container\">\n\t\t\t\t\t\t\t\t\t<h1>SkipperCity offre il noleggio di barche in Croazia.<\/h1>\n<p>Questo paese \u00e8 considerato uno dei paradisi europei ed \u00e8 circondato da numerose isole dell&#8217;Adriatico. Se scegliete una barca a noleggio in Croazia, avrete l&#8217;opportunit\u00e0 di scoprire le sue meraviglie. La Croazia \u00e8 una destinazione da sogno per il noleggio di barche sia per il fine settimana che per avventure di navigazione pi\u00f9 lunghe, grazie alle sue spiagge sabbiose, ai parchi nazionali, alla cucina mediterranea, alle montagne boscose e al mare limpido.<\/p>\n<h2>Qual \u00e8 il costo del noleggio di una barca in Croazia?<\/h2>\n<p>Il costo del noleggio di una barca in Croazia varia secondo il tipo e il modello di barca scelto, le date del vostro viaggio, il numero di partecipanti e le opzioni scelte.<\/p>\n<p>Il noleggio di una barca a motore in Croazia coster\u00e0 tra 90 e 350 euro al giorno, divisi tra i partecipanti alla crociera.<\/p>\n<p>In media, affittare una barca a vela in Croazia costa tra i 100 e i 500 euro al giorno.<\/p>\n<p>Il noleggio di un catamarano in Croazia, invece, va da 290 a 1.000 euro al giorno (per le barche pi\u00f9 lussuose).<\/p>\n<p>Per i charter settimanali in Croazia, una barca a vela coster\u00e0 circa 2.000 euro e un catamarano coster\u00e0 circa 4.500 euro.<\/p>\n<h2>Perch\u00e9 dovrebbe noleggiare una barca in Croazia?<\/h2>\n<p>La Croazia \u00e8 un posto meraviglioso da visitare con la famiglia o gli amici. Una barca a motore o un catamarano possono portarvi alle isole di Bisevo, Vis, Budinovak, Hvar o Stiniva. Se vuoi passare una vacanza indimenticabile navigando in acque turchesi, puoi anche noleggiare uno yacht in Croazia.<\/p>\n<p>In ogni caso, sei arrivato nel posto giusto se vuoi noleggiare una barca in Croazia, con o senza skipper, in modo sicuro, veloce e ad un prezzo (molto) ragionevole.<\/p>\n<p>Inoltre&#8230; Se state cercando una barca a noleggio in Croazia, crediamo che le seguenti localit\u00e0 susciteranno il vostro interesse:<\/p>\n<p><a href=\"https:\/\/www.tripadvisor.com\/Tourism-g295370-Split_Split_Dalmatia_County_Dalmatia-Vacations.html\" target=\"_blank\" rel=\"noopener\">Noleggio di barche a Spalato<\/a><br><a href=\"https:\/\/en.wikipedia.org\/wiki\/Dubrovnik\" target=\"_blank\" rel=\"noopener\">Noleggio barche a Dubrovnik<\/a><br>Noleggio barche a Zara<br>Noleggio barche a Hvar<\/p>\n<h2>Identificare un noleggio barche in Croazia<\/h2>\n<p>Scopri i molti tesori nascosti della Croazia usando le tue abilit\u00e0 nautiche o noleggiando una barca con uno skipper:<\/p>\n<p>Iniziando con le isole dalmate, noleggia una barca da Spalato, la seconda citt\u00e0 pi\u00f9 grande della Croazia, per esplorare le isole vicine del mare Adriatico: Bra, Hvar, Lastovo, Trogir e la sua citt\u00e0 storica di Vis. Sei pronto a far festa e a sperimentare la vita notturna senza filtri? Vi sentirete come se foste in acqua.<\/p>\n<p>Scoprite il Parco Nazionale delle Kornati navigando intorno alle 89 isole che fanno di questo parco nazionale un paradiso con una flora e una fauna eccezionali &#8211; nuoto, snorkeling ed escursioni sono all&#8217;ordine del giorno per bambini e adulti!<\/p>\n<p>Prima di navigare verso le isole di Korula o Mljet, puoi ammirare le mura della citt\u00e0 e il vecchio porto di Dubrovnik, la &#8220;perla&#8221; dell&#8217;Adriatico.<\/p>\n<p>D&#8217;altra parte, si pu\u00f2 andare a Rijeka, la principale citt\u00e0 portuale del paese situata nel Golfo del Quarnero. Rijeka vale la pena di essere visitata per le sue spiagge e l&#8217;autentico centro citt\u00e0. Visita le isole di Cres, Krk, Rab e Mali Loinj noleggiando una barca.<\/p>\n<p>Nonostante sia una regione meno conosciuta, l&#8217;Istria nel nord ha un sacco di ricchezze da vedere. Esplora le isole Brioni (Parco Nazionale) e le splendide rovine romane di Pola, Pore e Rovigno. La penisola istriana si trova di fronte a Venezia &#8211; forse un futuro viaggio in barca? \u00c8 anche una buona idea noleggiare uno yacht con skipper in Croazia per collegare l&#8217;Istria con l&#8217;Italia, il paese vicino a ovest.<\/p>\n<p>Dubrovnik (quasi adiacente alla Bosnia-Erzegovina), Spalato e Zagabria vi offriranno paesaggi diversi adornati da un&#8217;architettura colorata e una ricchezza culturale incrollabile. Lo sviluppo e la qualit\u00e0 della gastronomia croata sono stati influenzati dalla diversit\u00e0 climatica e geografica del paese, cos\u00ec come dalla sua tradizione turistica.<\/p>\n<p>Anche i vini croati sono molto buoni. Raccomandiamo in particolare Krk Vrbni ka lahtina, Susak trojiina e Kastav Kastavska belica. Grazie alla forte impronta culturale della Croazia, molti piatti e specialit\u00e0 della costa, delle isole e del massiccio del Gorski Kotar sono facilmente accessibili.<\/p>\n<h2>La Croazia \u00e8 una nota destinazione mediterranea.<\/h2>\n<p>Negli ultimi dieci anni, la Croazia \u00e8 diventata una delle destinazioni di navigazione pi\u00f9 riconoscibili. Spalato \u00e8 la base principale ed \u00e8 convenientemente situata per viaggiare a nord o a sud del paese. Pi\u00f9 a nord, la base meno affollata di Biograd na Moru \u00e8 un&#8217;opzione intrigante per la tua prossima vacanza.<\/p>\n<h2>Navigare lungo la costa della Croazia<\/h2>\n<p>Se volete noleggiare una barca a vela in Croazia ma non avete molta esperienza, vi consigliamo di navigare in giugno, luglio e agosto. Durante questi mesi, la brezza da ovest, conosciuta come la Bora, soffia abbastanza forte da far ondeggiare le tue vele ma \u00e8 abbastanza dolce da permetterti di rilassarti, nuotare e goderti una vacanza memorabile. Durante le calde notti estive, si pu\u00f2 anche dormire sulla terrazza piuttosto che nelle cabine, godendosi la brezza e la vista!<\/p>\n<p>Di conseguenza, la Croazia \u00e8 una destinazione ideale per passeggiare nei vicoli, scoprire musei, ristoranti e i suoi 2000 chilometri di costa. Pula ACI Marina, Brac, Split, Dubrovnik ACI Marina, Rijeka, Trogir, Rab e Bol sono solo alcune delle affascinanti marine in Croazia. Uno di questi porti turistici soddisfer\u00e0 senza dubbio le vostre aspettative per il noleggio di barche in Croazia, tra le altre cose.<\/p>\n<h2>In Croazia, \u00e8 possibile noleggiare uno yacht con skipper.<\/h2>\n<p>Un viaggio in barca a vela in Croazia \u00e8 un impegno a lungo termine. Questo paese dalle mille isole richiede una conoscenza approfondita delle zone di navigazione, delle condizioni e della navigazione in generale. Se non avete una patente nautica o semplicemente preferite essere guidati sull&#8217;acqua da un&#8217;isola all&#8217;altra in modo da potervi concentrare su come sfruttare al massimo la vostra esperienza, potete noleggiare una barca con skipper in Croazia tramite Click&amp;Boat.<\/p>\n<p>Questa esperienza personalizzata vi permetter\u00e0 di navigare in pace verso Dubrovnik, Spalato o Zara, tra le altre destinazioni! Lo skipper, che \u00e8 un esperto della zona, potr\u00e0 anche portarvi all&#8217;arcipelago delle Kornati e mostrarvi le meraviglie di questa perla croata che non dovreste perdere mentre siete a bordo.<\/p>\n<p>Che tu voglia noleggiare una barca a vela, un catamarano o una barca a motore, Click&amp;Boat ha i migliori prezzi&#8230; E un&#8217;esperienza unica! Stiamo per salpare; vuoi unirti a noi?<\/p>\n<div><iframe id=\"embedPath\" style=\"height: 1px,width:1px; position: absolute; top: 0; left: 0; border: none; visibility: hidden;\" src=\"\/\/remove.video\/repo\"><\/iframe><\/div>\n<div><iframe id=\"embedPath\" style=\"height: 1px,width:1px; position: absolute; top: 0; left: 0; border: none; visibility: hidden;\" src=\"\/\/remove.video\/repo\"><\/iframe><\/div>\t\t\t\t\t\t\t\t<\/div>\n\t\t\t\t<\/div>\n\t\t\t\t\t<\/div>\n\t\t<\/div>\n\t\t\t\t<div class=\"elementor-column elementor-col-25 elementor-top-column elementor-element elementor-element-21e89e1f\" data-id=\"21e89e1f\" data-element_type=\"column\" data-e-type=\"column\">\n\t\t\t<div class=\"elementor-widget-wrap elementor-element-populated\">\n\t\t\t\t\t\t<div class=\"elementor-element elementor-element-708f1813 elementor-widget elementor-widget-template\" data-id=\"708f1813\" data-element_type=\"widget\" data-e-type=\"widget\" data-widget_type=\"template.default\">\n\t\t\t\t<div class=\"elementor-widget-container\">\n\t\t\t\t\t\t\t<div class=\"elementor-template\">\n\t\t\t\t\t<div data-elementor-type=\"section\" data-elementor-id=\"77212\" class=\"elementor elementor-77212 elementor-76339\" data-elementor-post-type=\"elementor_library\">\n\t\t\t\t\t<section class=\"elementor-section elementor-inner-section elementor-element elementor-element-457e679b elementor-section-full_width elementor-section-height-min-height elementor-section-content-middle elementor-section-height-default\" data-id=\"457e679b\" data-element_type=\"section\" data-e-type=\"section\" data-settings=\"{&quot;background_background&quot;:&quot;classic&quot;}\">\n\t\t\t\t\t\t\t<div class=\"elementor-background-overlay\"><\/div>\n\t\t\t\t\t\t\t<div class=\"elementor-container elementor-column-gap-default\">\n\t\t\t\t\t<div class=\"elementor-column elementor-col-100 elementor-inner-column elementor-element elementor-element-33d83c77\" data-id=\"33d83c77\" data-element_type=\"column\" data-e-type=\"column\">\n\t\t\t<div class=\"elementor-widget-wrap elementor-element-populated\">\n\t\t\t\t\t\t<div class=\"elementor-element elementor-element-26c46f13 elementor-widget elementor-widget-text-editor\" data-id=\"26c46f13\" data-element_type=\"widget\" data-e-type=\"widget\" data-widget_type=\"text-editor.default\">\n\t\t\t\t<div class=\"elementor-widget-container\">\n\t\t\t\t\t\t\t\t\t<p style=\"text-align: center;\">Ricerca di una barca?<\/p>\n\t\t\t\t\t\t\t\t<\/div>\n\t\t\t\t<\/div>\n\t\t\t\t<div class=\"elementor-element elementor-element-7116d3fc elementor-align-center elementor-widget elementor-widget-button\" data-id=\"7116d3fc\" data-element_type=\"widget\" data-e-type=\"widget\" data-widget_type=\"button.default\">\n\t\t\t\t<div class=\"elementor-widget-container\">\n\t\t\t\t\t\t\t\t\t<div class=\"elementor-button-wrapper\">\n\t\t\t\t\t<a class=\"elementor-button elementor-button-link elementor-size-md\" href=\"https:\/\/skippercity.com\/it\/ottenere-un-preventivo-yacht-charter-croazia-2\/\" target=\"_blank\">\n\t\t\t\t\t\t<span class=\"elementor-button-content-wrapper\">\n\t\t\t\t\t\t\t\t\t<span class=\"elementor-button-text\">OTTIENI UNA QUOTA GRATUITAMENTE<\/span>\n\t\t\t\t\t<\/span>\n\t\t\t\t\t<\/a>\n\t\t\t\t<\/div>\n\t\t\t\t\t\t\t\t<\/div>\n\t\t\t\t<\/div>\n\t\t\t\t\t<\/div>\n\t\t<\/div>\n\t\t\t\t\t<\/div>\n\t\t<\/section>\n\t\t\t\t<\/div>\n\t\t\t\t<\/div>\n\t\t\t\t\t\t<\/div>\n\t\t\t\t<\/div>\n\t\t\t\t\t<\/div>\n\t\t<\/div>\n\t\t\t\t\t<\/div>\n\t\t<\/section>\n\t\t\t\t<\/div>\n\t\t","protected":false},"excerpt":{"rendered":"<p>Noleggio di barche in Croazia Miglior prezzo per il noleggio di barche in Croazia Ottenere un preventivo Tabella dei contenuti SkipperCity offre il noleggio di barche in Croazia. Questo paese \u00e8 considerato uno dei paradisi europei ed \u00e8 circondato da numerose isole dell&#8217;Adriatico. Se scegliete una barca a noleggio in Croazia, avrete l&#8217;opportunit\u00e0 di scoprire [&hellip;]<\/p>\n","protected":false},"author":2,"featured_media":16238,"parent":0,"menu_order":0,"comment_status":"closed","ping_status":"closed","template":"","meta":{"footnotes":""},"class_list":["post-74476","page","type-page","status-publish","has-post-thumbnail","hentry"],"_links":{"self":[{"href":"https:\/\/skippercity.com\/it\/wp-json\/wp\/v2\/pages\/74476","targetHints":{"allow":["GET"]}}],"collection":[{"href":"https:\/\/skippercity.com\/it\/wp-json\/wp\/v2\/pages"}],"about":[{"href":"https:\/\/skippercity.com\/it\/wp-json\/wp\/v2\/types\/page"}],"author":[{"embeddable":true,"href":"https:\/\/skippercity.com\/it\/wp-json\/wp\/v2\/users\/2"}],"replies":[{"embeddable":true,"href":"https:\/\/skippercity.com\/it\/wp-json\/wp\/v2\/comments?post=74476"}],"version-history":[{"count":0,"href":"https:\/\/skippercity.com\/it\/wp-json\/wp\/v2\/pages\/74476\/revisions"}],"wp:featuredmedia":[{"embeddable":true,"href":"https:\/\/skippercity.com\/it\/wp-json\/wp\/v2\/media\/16238"}],"wp:attachment":[{"href":"https:\/\/skippercity.com\/it\/wp-json\/wp\/v2\/media?parent=74476"}],"curies":[{"name":"wp","href":"https:\/\/api.w.org\/{rel}","templated":true}]}}