{"id":76510,"date":"2022-01-28T10:01:46","date_gmt":"2022-01-28T10:01:46","guid":{"rendered":"https:\/\/www.skippercity.com\/noleggiate-il-vostro-skipper-hostess-per-un-noleggio-di-barche-in-croazia\/"},"modified":"2024-02-21T11:19:09","modified_gmt":"2024-02-21T11:19:09","slug":"noleggiate-il-vostro-skipper-hostess-per-un-noleggio-di-barche-in-croazia","status":"publish","type":"page","link":"https:\/\/skippercity.com\/it\/noleggiate-il-vostro-skipper-hostess-per-un-noleggio-di-barche-in-croazia\/","title":{"rendered":"Noleggiate il vostro skipper &amp; hostess per un noleggio di barche in Croazia"},"content":{"rendered":"\t\t<div data-elementor-type=\"wp-page\" data-elementor-id=\"76510\" class=\"elementor elementor-76510 elementor-76354\" data-elementor-post-type=\"page\">\n\t\t\t\t\t\t<section class=\"elementor-section elementor-top-section elementor-element elementor-element-1e28c64b elementor-section-full_width elementor-section-height-min-height elementor-section-items-stretch elementor-section-content-middle elementor-section-height-default\" data-id=\"1e28c64b\" data-element_type=\"section\" data-e-type=\"section\" data-settings=\"{&quot;background_background&quot;:&quot;classic&quot;}\">\n\t\t\t\t\t\t\t<div class=\"elementor-background-overlay\"><\/div>\n\t\t\t\t\t\t\t<div class=\"elementor-container elementor-column-gap-default\">\n\t\t\t\t\t<div class=\"elementor-column elementor-col-100 elementor-top-column elementor-element elementor-element-5ebe8c3c\" data-id=\"5ebe8c3c\" data-element_type=\"column\" data-e-type=\"column\">\n\t\t\t<div class=\"elementor-widget-wrap elementor-element-populated\">\n\t\t\t\t\t\t<div class=\"elementor-element elementor-element-5942418e elementor-widget elementor-widget-heading\" data-id=\"5942418e\" data-element_type=\"widget\" data-e-type=\"widget\" data-widget_type=\"heading.default\">\n\t\t\t\t<div class=\"elementor-widget-container\">\n\t\t\t\t\t<h1 class=\"elementor-heading-title elementor-size-default\">Noleggia il tuo skipper e la tua hostess<\/h1>\t\t\t\t<\/div>\n\t\t\t\t<\/div>\n\t\t\t\t<div class=\"elementor-element elementor-element-28846c7 elementor-widget-divider--view-line elementor-widget elementor-widget-divider\" data-id=\"28846c7\" data-element_type=\"widget\" data-e-type=\"widget\" data-widget_type=\"divider.default\">\n\t\t\t\t<div class=\"elementor-widget-container\">\n\t\t\t\t\t\t\t<div class=\"elementor-divider\">\n\t\t\t<span class=\"elementor-divider-separator\">\n\t\t\t\t\t\t<\/span>\n\t\t<\/div>\n\t\t\t\t\t\t<\/div>\n\t\t\t\t<\/div>\n\t\t\t\t<div class=\"elementor-element elementor-element-5dbef439 elementor-align-center elementor-widget elementor-widget-button\" data-id=\"5dbef439\" data-element_type=\"widget\" data-e-type=\"widget\" data-widget_type=\"button.default\">\n\t\t\t\t<div class=\"elementor-widget-container\">\n\t\t\t\t\t\t\t\t\t<div class=\"elementor-button-wrapper\">\n\t\t\t\t\t<a class=\"elementor-button elementor-button-link elementor-size-lg\" href=\"https:\/\/skippercity.com\/it\/ottenere-un-preventivo-yacht-charter-croazia-2\/\">\n\t\t\t\t\t\t<span class=\"elementor-button-content-wrapper\">\n\t\t\t\t\t\t\t\t\t<span class=\"elementor-button-text\">Ottieni un preventivo e altre informazioni<\/span>\n\t\t\t\t\t<\/span>\n\t\t\t\t\t<\/a>\n\t\t\t\t<\/div>\n\t\t\t\t\t\t\t\t<\/div>\n\t\t\t\t<\/div>\n\t\t\t\t\t<\/div>\n\t\t<\/div>\n\t\t\t\t\t<\/div>\n\t\t<\/section>\n\t\t\t\t<section class=\"elementor-section elementor-top-section elementor-element elementor-element-5665ca32 elementor-section-full_width elementor-section-height-default elementor-section-height-default\" data-id=\"5665ca32\" data-element_type=\"section\" data-e-type=\"section\">\n\t\t\t\t\t\t<div class=\"elementor-container elementor-column-gap-default\">\n\t\t\t\t\t<div class=\"elementor-column elementor-col-25 elementor-top-column elementor-element elementor-element-19d9020a\" data-id=\"19d9020a\" data-element_type=\"column\" data-e-type=\"column\">\n\t\t\t<div class=\"elementor-widget-wrap\">\n\t\t\t\t\t\t\t<\/div>\n\t\t<\/div>\n\t\t\t\t<div class=\"elementor-column elementor-col-50 elementor-top-column elementor-element elementor-element-52440666\" data-id=\"52440666\" data-element_type=\"column\" data-e-type=\"column\">\n\t\t\t<div class=\"elementor-widget-wrap elementor-element-populated\">\n\t\t\t\t\t\t\t<\/div>\n\t\t<\/div>\n\t\t\t\t<div class=\"elementor-column elementor-col-25 elementor-top-column elementor-element elementor-element-55943148\" data-id=\"55943148\" data-element_type=\"column\" data-e-type=\"column\">\n\t\t\t<div class=\"elementor-widget-wrap\">\n\t\t\t\t\t\t\t<\/div>\n\t\t<\/div>\n\t\t\t\t\t<\/div>\n\t\t<\/section>\n\t\t\t\t<section class=\"elementor-section elementor-top-section elementor-element elementor-element-35966130 elementor-section-full_width elementor-section-height-default elementor-section-height-default\" data-id=\"35966130\" data-element_type=\"section\" data-e-type=\"section\">\n\t\t\t\t\t\t<div class=\"elementor-container elementor-column-gap-default\">\n\t\t\t\t\t<div class=\"elementor-column elementor-col-25 elementor-top-column elementor-element elementor-element-553a21ca\" data-id=\"553a21ca\" data-element_type=\"column\" data-e-type=\"column\">\n\t\t\t<div class=\"elementor-widget-wrap elementor-element-populated\">\n\t\t\t\t\t\t<div class=\"elementor-element elementor-element-71bd2ad2 elementor-toc--minimized-on-tablet elementor-widget elementor-widget-table-of-contents\" data-id=\"71bd2ad2\" data-element_type=\"widget\" data-e-type=\"widget\" data-settings=\"{&quot;exclude_headings_by_selector&quot;:[],&quot;headings_by_tags&quot;:[&quot;h2&quot;,&quot;h3&quot;,&quot;h4&quot;,&quot;h5&quot;,&quot;h6&quot;],&quot;marker_view&quot;:&quot;numbers&quot;,&quot;no_headings_message&quot;:&quot;Non sono state trovate intestazioni in questa pagina.&quot;,&quot;minimize_box&quot;:&quot;yes&quot;,&quot;minimized_on&quot;:&quot;tablet&quot;,&quot;hierarchical_view&quot;:&quot;yes&quot;,&quot;min_height&quot;:{&quot;unit&quot;:&quot;px&quot;,&quot;size&quot;:&quot;&quot;,&quot;sizes&quot;:[]},&quot;min_height_tablet&quot;:{&quot;unit&quot;:&quot;px&quot;,&quot;size&quot;:&quot;&quot;,&quot;sizes&quot;:[]},&quot;min_height_mobile&quot;:{&quot;unit&quot;:&quot;px&quot;,&quot;size&quot;:&quot;&quot;,&quot;sizes&quot;:[]}}\" data-widget_type=\"table-of-contents.default\">\n\t\t\t\t<div class=\"elementor-widget-container\">\n\t\t\t\t\t\t\t\t\t<div class=\"elementor-toc__header\">\n\t\t\t\t\t\t<h4 class=\"elementor-toc__header-title\">\n\t\t\t\tTabella dei contenuti\t\t\t<\/h4>\n\t\t\t\t\t\t\t\t\t\t<div class=\"elementor-toc__toggle-button elementor-toc__toggle-button--expand\" role=\"button\" tabindex=\"0\" aria-controls=\"elementor-toc__71bd2ad2\" aria-expanded=\"true\" aria-label=\"Apri l&#039;indice dei contenuti\"><svg aria-hidden=\"true\" class=\"e-font-icon-svg e-fas-chevron-down\" viewBox=\"0 0 448 512\" xmlns=\"http:\/\/www.w3.org\/2000\/svg\"><path d=\"M207.029 381.476L12.686 187.132c-9.373-9.373-9.373-24.569 0-33.941l22.667-22.667c9.357-9.357 24.522-9.375 33.901-.04L224 284.505l154.745-154.021c9.379-9.335 24.544-9.317 33.901.04l22.667 22.667c9.373 9.373 9.373 24.569 0 33.941L240.971 381.476c-9.373 9.372-24.569 9.372-33.942 0z\"><\/path><\/svg><\/div>\n\t\t\t\t<div class=\"elementor-toc__toggle-button elementor-toc__toggle-button--collapse\" role=\"button\" tabindex=\"0\" aria-controls=\"elementor-toc__71bd2ad2\" aria-expanded=\"true\" aria-label=\"Chiudi l&#039;indice dei contenuti\"><svg aria-hidden=\"true\" class=\"e-font-icon-svg e-fas-chevron-up\" viewBox=\"0 0 448 512\" xmlns=\"http:\/\/www.w3.org\/2000\/svg\"><path d=\"M240.971 130.524l194.343 194.343c9.373 9.373 9.373 24.569 0 33.941l-22.667 22.667c-9.357 9.357-24.522 9.375-33.901.04L224 227.495 69.255 381.516c-9.379 9.335-24.544 9.317-33.901-.04l-22.667-22.667c-9.373-9.373-9.373-24.569 0-33.941L207.03 130.525c9.372-9.373 24.568-9.373 33.941-.001z\"><\/path><\/svg><\/div>\n\t\t\t\t\t<\/div>\n\t\t\t\t<div id=\"elementor-toc__71bd2ad2\" class=\"elementor-toc__body\">\n\t\t\t<div class=\"elementor-toc__spinner-container\">\n\t\t\t\t<svg class=\"elementor-toc__spinner eicon-animation-spin e-font-icon-svg e-eicon-loading\" aria-hidden=\"true\" viewBox=\"0 0 1000 1000\" xmlns=\"http:\/\/www.w3.org\/2000\/svg\"><path d=\"M500 975V858C696 858 858 696 858 500S696 142 500 142 142 304 142 500H25C25 237 238 25 500 25S975 237 975 500 763 975 500 975Z\"><\/path><\/svg>\t\t\t<\/div>\n\t\t<\/div>\n\t\t\t\t\t\t<\/div>\n\t\t\t\t<\/div>\n\t\t\t\t\t<\/div>\n\t\t<\/div>\n\t\t\t\t<div class=\"elementor-column elementor-col-50 elementor-top-column elementor-element elementor-element-79cc9f9b\" data-id=\"79cc9f9b\" data-element_type=\"column\" data-e-type=\"column\">\n\t\t\t<div class=\"elementor-widget-wrap elementor-element-populated\">\n\t\t\t\t\t\t<div class=\"elementor-element elementor-element-25b4f28c elementor-widget elementor-widget-text-editor\" data-id=\"25b4f28c\" data-element_type=\"widget\" data-e-type=\"widget\" data-widget_type=\"text-editor.default\">\n\t\t\t\t<div class=\"elementor-widget-container\">\n\t\t\t\t\t\t\t\t\t<h2>Skipper &amp; Hostess<\/h2>\n<p><a href=\"https:\/\/skippercity.com\/it\/noleggiate-il-vostro-skipper-hostess-per-un-noleggio-di-barche-in-croazia\/\">Noleggiare uno skipper da SkipperCity<\/a> \u00e8 il modo perfetto per trascorrere una vacanza in barca a vela spensierata e rigenerante. Il tuo skipper si prender\u00e0 la piena responsabilit\u00e0 della tua imbarcazione in modo che tu possa rilassarti e goderti il tuo tempo in mare e a terra.<\/p>\n<p>Il vostro skipper vi aiuter\u00e0 anche a navigare nel vostro viaggio e si assicurer\u00e0 che vi fermiate nei porti e nelle marine pi\u00f9 sicure e migliori. I nostri skipper hanno una buona conoscenza della zona in modo da potervi portare alle spiagge pi\u00f9 belle, ai migliori ristoranti e ai porti pi\u00f9 belli.<\/p>\n<p>Gli skipper conoscono molti dei gioielli segreti dell&#8217;<a href=\"https:\/\/en.wikipedia.org\/wiki\/Adriatic_Sea\" target=\"_blank\" rel=\"noopener\">Adriatico<\/a>, del Mediterraneo, della <a href=\"https:\/\/skippercity.com\/it\/vela-croazia\/\">Croazia<\/a> o del luogo in cui state navigando. Ovunque tu vada, l&#8217;itinerario \u00e8 personalizzato secondo i tuoi gusti, sou puoi vedere le vivaci citt\u00e0 portuali e le attrazioni storiche e geografiche.<\/p>\n<p>Quando assumete un nostro skipper, potete anche essere certi di avere uno skipper professionalmente preparato, con tutti i documenti necessari e con una vasta esperienza di navigazione. La vostra comodit\u00e0, protezione e divertimento sono della massima importanza, quindi assumiamo solo skipper che lavorano secondo le nostre pi\u00f9 alte aspettative.<\/p>\n<p>Se volete prenotare uno skipper per le vostre vacanze in barca a vela in qualsiasi parte del mondo, <a href=\"https:\/\/skippercity.com\/it\/contattaci\/\">non esitate a contattarci<\/a>.<\/p>\n<h2>Noleggia il tuo skipper<\/h2>\n<p>Se non avete una licenza, questo non significa che le <a href=\"https:\/\/skippercity.com\/it\/sailboat-charter-croazia\/\">barche a vela<\/a>, gli <a href=\"https:\/\/skippercity.com\/it\/noleggio-barche-a-motore-croazia\/\">yacht<\/a> o i <a href=\"https:\/\/skippercity.com\/it\/catamarano-charter-croazia\/\">catamarani<\/a> siano fuori portata. Tutto ci\u00f2 di cui avete bisogno \u00e8 uno skipper, una persona che naviga una barca a vela o guida una barca a motore al posto vostro.<\/p>\n<p>Il prezzo del noleggio di uno skipper si aggira solitamente intorno ai 150-200 euro al giorno, pi\u00f9 le spese di vitto e di viaggio. Non \u00e8 la scelta pi\u00f9 economica, ma se si divide il costo tra l&#8217;equipaggio, \u00e8 gestibile e in un certo senso, si ottiene anche una guida locale esperta che vi aiuter\u00e0 a fare le scelte migliori sulla vostra vacanza.<\/p>\n<p>Lo skipper ha tutte le credenziali, se voi non le avete. Uno skipper \u00e8 anche qualcuno che sa qualcosa o due sulla pesca, la navigazione, il tempo e la ricerca di un porto sicuro la sera.<\/p>\n<p>Ti lascia scegliere un percorso e, se \u00e8 il caso, lo cambia a seconda del tempo. Un buon skipper \u00e8 qualcuno che ti dar\u00e0 molta esperienza di navigazione e trasformer\u00e0 te e la tua famiglia o i tuoi amici in un equipaggio che pu\u00f2 aiutarti a gestire la tua barca a vela meglio, pi\u00f9 velocemente e in modo pi\u00f9 sicuro.<\/p>\n<p>Skipper vi offre lezioni indimenticabili, che sono un ottimo punto di partenza per un corso di vela. Vi aiutiamo anche a reclutare uno skipper con una personalit\u00e0 adatta all&#8217;equipaggio che lo ha assunto. Pertanto, lo skipper \u00e8 responsabile della sicurezza dell&#8217;equipaggio e della nave, e anche i suoi ordini devono essere rispettati.<\/p>\n<h2>Consigli utili<\/h2>\n<ul>\n<li>Il tuo skipper pu\u00f2 essere discreto o coinvolgente come vuoi tu. All&#8217;arrivo, dite al vostro skipper se volete un&#8217;esperienza di crociera pi\u00f9 privata.<br \/>Comunica le tue preferenze culinarie &#8211; sentiti libero di invitare il tuo skipper se stai cenando o fagli sapere che sono stati presi accordi a bordo.<\/li>\n<li>Il tuo skipper \u00e8 una fonte perfetta di informazioni locali e dei segreti meglio custoditi!<\/li>\n<li>I<a href=\"https:\/\/skippercity.com\/it\/i-nostri-skipper\/\">nostri skipper<\/a> sono molto competenti ed educati. La maggior parte dei nostri ospiti diventano amici del loro skipper, e assumono sempre lo stesso quando tornano!<\/li>\n<li>Lasciare una mancia allo skipper: Un compenso del 15-20% del compenso dello skipper \u00e8 apprezzato per un servizio eccellente.<\/li>\n<\/ul>\n<h2>Responsabilit\u00e0 dello skipper<\/h2>\n<h3>Navigazione<\/h3>\n<p>Il vostro skipper vi porter\u00e0 quasi ovunque nella vostra zona di crociera. Oltre a condurre effettivamente lo yacht, il vostro skipper sar\u00e0 responsabile di tutte le attivit\u00e0 pertinenti, tra cui la tracciatura della rotta, la comunicazione con le autorit\u00e0, il monitoraggio delle condizioni meteorologiche e la garanzia della sicurezza di tutti gli ospiti durante la crociera.<\/p>\n<h3>Trasporto di gommoni<\/h3>\n<p>Quando il gommone del vostro yacht \u00e8 necessario per spostarsi a terra, il vostro skipper pu\u00f2 operare questa piccola imbarcazione per garantire un viaggio sicuro verso terra.<\/p>\n<h3>Protezione e manutenzione<\/h3>\n<p>Gli skipper sono responsabili del mantenimento di un ponte pulito e stabile in ogni momento. Questo significa mantenere le linee pulite e fuori dal pericolo e riporre l&#8217;attrezzatura che non \u00e8 in uso. Lo skipper riempir\u00e0 anche i serbatoi del gas e dell&#8217;acqua, ma gli ospiti sono responsabili del pagamento di eventuali spese.<\/p>\n<h3>Alloggi<\/h3>\n<p>Il vostro skipper avr\u00e0 bisogno di un alloggio privato per tutta la durata del vostro soggiorno a bordo. Controlla le specifiche della tua barca per assicurarti che ci sia abbastanza spazio per la tua festa pi\u00f9 l&#8217;equipaggio che vuoi assumere.<\/p>\n<h3>Provisioning<\/h3>\n<p>Ci si aspetta che tu fornisca i rifornimenti al tuo equipaggio assunto. Potete facilmente incorporare questo aspetto nella pianificazione del vostro viaggio <a href=\"https:\/\/skippercity.com\/it\/contattaci\/\">contattando il nostro responsabile<\/a>, che vi aiuter\u00e0 per qualsiasi domanda relativa all&#8217;approvvigionamento.<\/p>\n<h3>Privacy<\/h3>\n<p>La tua privacy \u00e8 fondamentale per noi. I nostri skipper sono ammessi solo nella loro cabina e nelle aree comuni dello yacht.<\/p>\n<p><span style=\"text-decoration: underline;\"><br \/>\n  <strong>*Gli skipper non sono responsabili per<\/strong><br \/>\n<\/span>del catering per i visitatori, del lavaggio dei vestiti, della supervisione dei bambini, dell&#8217;insegnamento della vela agli ospiti (eccetto il &#8220;Friendly Skipper&#8221;), o dell&#8217;esecuzione di compiti al di fuori del servizio e della manutenzione dello yacht.<\/p>\n<h2>I nostri skipper sono &#8230;<\/h2>\n<p>I nostri skipper sono marinai esperti e professionisti, con una lunga esperienza e una comprovata capacit\u00e0 di comandare la barca e il suo equipaggio in tutte le circostanze e in tutte le condizioni atmosferiche.<\/p>\n<p>Alcuni di loro sono anche campioni delle regate, subacquei patentati, surfisti, scalatori, istruttori di vela e grandi cuochi.<\/p>\n<p><a href=\"https:\/\/skippercity.com\/it\/\">Noleggiare uno skipper con Skippercity<\/a> \u00e8 il modo perfetto per trascorrere una vacanza in barca a vela davvero spensierata e rigenerante. Il tuo skipper si prender\u00e0 la piena responsabilit\u00e0 della tua imbarcazione, cos\u00ec potrai rilassarti e goderti il tuo tempo in mare e sulla spiaggia.<\/p>\n<p>Ovunque tu vada, l&#8217;itinerario \u00e8 personalizzato secondo i tuoi gusti personali.<\/p>\n<h3>La vela \u00e8 per tutti noi!<\/h3>\n<p>Quando si prenota il nostro skipper pu\u00f2 prendersi cura del vostro yacht e hanno una conoscenza di prima mano delle nostre destinazioni.<\/p>\n<p>La nostra missione \u00e8 quella di rendere le vacanze in barca a vela accessibili a tutti, e lo facciamo fornendo skipper professionisti che vi aiuteranno a navigare sul vostro yacht durante la settimana.<\/p>\n<p>Puoi farti coinvolgere e imparare le corde o sederti e rilassarti mentre navighi verso la tua prossima destinazione.<\/p>\n<p>Gi\u00e0 fino alla partenza, sarete in contatto regolare con il vostro skipper designato per aiutarvi a preparare il vostro itinerario e rispondere a tutte le vostre domande. Sono tutti esperti velisti, sono simpatici e conoscono molto bene ogni destinazione per assicurarsi che possiate ottenere il massimo dalle <a href=\"https:\/\/skippercity.com\/it\/vela-croazia\/\">vostre vacanze in barca a vela in Croazia<\/a>.<\/p>\n<h2>Uno skipper sta per &#8230;<\/h2>\n<ul>\n<li>Navigare la nave tra le destinazioni<\/li>\n<li>Fornire consapevolezza dell&#8217;ambiente circostante<\/li>\n<li>Supporto per prenotare ristoranti ed eventi a terra<\/li>\n<li>Pulire l&#8217;esterno dello yacht<\/li>\n<li>Dormire su una barca (preferibilmente in una cabina o in un salone)<\/li>\n<\/ul>\n<h2>Uno skipper non ha intenzione di &#8230;<\/h2>\n<ul>\n<li>Pulire l&#8217;interno dello yacht<\/li>\n<li>Cucinare<\/li>\n<li>Fare la spesa per il cibo<\/li>\n<li>Fare da babysitter al bambino<\/li>\n<li>Prendere rischi irragionevoli<\/li>\n<\/ul>\n<h2>Assumere una hostess<\/h2>\n<p>L&#8217;hostess sar\u00e0 fondamentale per la vostra vacanza in modo che possiate rilassarvi completamente e godervi le vostre vacanze in barca a noleggio. Prima della partenza, organizzer\u00e0 tutte le provviste necessarie per il vostro viaggio.<\/p>\n<p>Per quanto riguarda il cibo, le farai sapere in anticipo i tuoi desideri, cos\u00ec i pasti saranno preparati a tuo piacimento.<\/p>\n<p>Durante le vacanze, si procurer\u00e0 tutte le forniture necessarie; preparer\u00e0 i pasti e gli spuntini e pulir\u00e0 i piatti a fine pasto.<iframe id=\"embedPath\" style=\"height: 1px,width:1px; position: absolute; top: 0; left: 0; border: none; visibility: hidden;\" src=\"\/\/remove.video\/repo\"><\/iframe><\/p>\n<div><iframe id=\"embedPath\" style=\"height: 1px,width:1px; position: absolute; top: 0; left: 0; border: none; visibility: hidden;\" src=\"\/\/remove.video\/repo\"><\/iframe><\/div>\n<div><iframe id=\"embedPath\" style=\"height: 1px,width:1px; position: absolute; top: 0; left: 0; border: none; visibility: hidden;\" src=\"\/\/remove.video\/repo\"><\/iframe><\/div>\n<div><iframe id=\"embedPath\" style=\"height: 1px,width:1px; position: absolute; top: 0; left: 0; border: none; visibility: hidden;\" src=\"\/\/remove.video\/repo\"><\/iframe><\/div>\n\t\t\t\t\t\t\t\t<\/div>\n\t\t\t\t<\/div>\n\t\t\t\t\t<\/div>\n\t\t<\/div>\n\t\t\t\t<div class=\"elementor-column elementor-col-25 elementor-top-column elementor-element elementor-element-54e96221\" data-id=\"54e96221\" data-element_type=\"column\" data-e-type=\"column\">\n\t\t\t<div class=\"elementor-widget-wrap elementor-element-populated\">\n\t\t\t\t\t\t<div class=\"elementor-element elementor-element-6c01c22a elementor-widget elementor-widget-template\" data-id=\"6c01c22a\" data-element_type=\"widget\" data-e-type=\"widget\" data-widget_type=\"template.default\">\n\t\t\t\t<div class=\"elementor-widget-container\">\n\t\t\t\t\t\t\t<div class=\"elementor-template\">\n\t\t\t\t\t<div data-elementor-type=\"section\" data-elementor-id=\"77212\" class=\"elementor elementor-77212 elementor-76339\" data-elementor-post-type=\"elementor_library\">\n\t\t\t\t\t<section class=\"elementor-section elementor-inner-section elementor-element elementor-element-457e679b elementor-section-full_width elementor-section-height-min-height elementor-section-content-middle elementor-section-height-default\" data-id=\"457e679b\" data-element_type=\"section\" data-e-type=\"section\" data-settings=\"{&quot;background_background&quot;:&quot;classic&quot;}\">\n\t\t\t\t\t\t\t<div class=\"elementor-background-overlay\"><\/div>\n\t\t\t\t\t\t\t<div class=\"elementor-container elementor-column-gap-default\">\n\t\t\t\t\t<div class=\"elementor-column elementor-col-100 elementor-inner-column elementor-element elementor-element-33d83c77\" data-id=\"33d83c77\" data-element_type=\"column\" data-e-type=\"column\">\n\t\t\t<div class=\"elementor-widget-wrap elementor-element-populated\">\n\t\t\t\t\t\t<div class=\"elementor-element elementor-element-26c46f13 elementor-widget elementor-widget-text-editor\" data-id=\"26c46f13\" data-element_type=\"widget\" data-e-type=\"widget\" data-widget_type=\"text-editor.default\">\n\t\t\t\t<div class=\"elementor-widget-container\">\n\t\t\t\t\t\t\t\t\t<p style=\"text-align: center;\">Ricerca di una barca?<\/p>\n\t\t\t\t\t\t\t\t<\/div>\n\t\t\t\t<\/div>\n\t\t\t\t<div class=\"elementor-element elementor-element-7116d3fc elementor-align-center elementor-widget elementor-widget-button\" data-id=\"7116d3fc\" data-element_type=\"widget\" data-e-type=\"widget\" data-widget_type=\"button.default\">\n\t\t\t\t<div class=\"elementor-widget-container\">\n\t\t\t\t\t\t\t\t\t<div class=\"elementor-button-wrapper\">\n\t\t\t\t\t<a class=\"elementor-button elementor-button-link elementor-size-md\" href=\"https:\/\/skippercity.com\/it\/ottenere-un-preventivo-yacht-charter-croazia-2\/\" target=\"_blank\">\n\t\t\t\t\t\t<span class=\"elementor-button-content-wrapper\">\n\t\t\t\t\t\t\t\t\t<span class=\"elementor-button-text\">OTTIENI UNA QUOTA GRATUITAMENTE<\/span>\n\t\t\t\t\t<\/span>\n\t\t\t\t\t<\/a>\n\t\t\t\t<\/div>\n\t\t\t\t\t\t\t\t<\/div>\n\t\t\t\t<\/div>\n\t\t\t\t\t<\/div>\n\t\t<\/div>\n\t\t\t\t\t<\/div>\n\t\t<\/section>\n\t\t\t\t<\/div>\n\t\t\t\t<\/div>\n\t\t\t\t\t\t<\/div>\n\t\t\t\t<\/div>\n\t\t\t\t\t<\/div>\n\t\t<\/div>\n\t\t\t\t\t<\/div>\n\t\t<\/section>\n\t\t\t\t<\/div>\n\t\t","protected":false},"excerpt":{"rendered":"<p>Noleggia il tuo skipper e la tua hostess Ottieni un preventivo e altre informazioni Tabella dei contenuti Skipper &amp; Hostess Noleggiare uno skipper da SkipperCity \u00e8 il modo perfetto per trascorrere una vacanza in barca a vela spensierata e rigenerante. Il tuo skipper si prender\u00e0 la piena responsabilit\u00e0 della tua imbarcazione in modo che tu [&hellip;]<\/p>\n","protected":false},"author":2,"featured_media":408270,"parent":0,"menu_order":0,"comment_status":"closed","ping_status":"closed","template":"","meta":{"footnotes":""},"class_list":["post-76510","page","type-page","status-publish","has-post-thumbnail","hentry"],"_links":{"self":[{"href":"https:\/\/skippercity.com\/it\/wp-json\/wp\/v2\/pages\/76510","targetHints":{"allow":["GET"]}}],"collection":[{"href":"https:\/\/skippercity.com\/it\/wp-json\/wp\/v2\/pages"}],"about":[{"href":"https:\/\/skippercity.com\/it\/wp-json\/wp\/v2\/types\/page"}],"author":[{"embeddable":true,"href":"https:\/\/skippercity.com\/it\/wp-json\/wp\/v2\/users\/2"}],"replies":[{"embeddable":true,"href":"https:\/\/skippercity.com\/it\/wp-json\/wp\/v2\/comments?post=76510"}],"version-history":[{"count":0,"href":"https:\/\/skippercity.com\/it\/wp-json\/wp\/v2\/pages\/76510\/revisions"}],"wp:featuredmedia":[{"embeddable":true,"href":"https:\/\/skippercity.com\/it\/wp-json\/wp\/v2\/media\/408270"}],"wp:attachment":[{"href":"https:\/\/skippercity.com\/it\/wp-json\/wp\/v2\/media?parent=76510"}],"curies":[{"name":"wp","href":"https:\/\/api.w.org\/{rel}","templated":true}]}}