{"id":151931,"date":"2022-02-03T09:16:57","date_gmt":"2022-02-03T09:16:57","guid":{"rendered":"https:\/\/www.skippercity.com\/power-catamaran-charter-kroatie\/"},"modified":"2025-03-06T14:36:18","modified_gmt":"2025-03-06T14:36:18","slug":"power-catamaran-charter-kroatie","status":"publish","type":"page","link":"https:\/\/skippercity.com\/nl\/power-catamaran-charter-kroatie\/","title":{"rendered":"Power Catamaran charter Kroati\u00eb"},"content":{"rendered":"\t\t<div data-elementor-type=\"wp-page\" data-elementor-id=\"151931\" class=\"elementor elementor-151931 elementor-151927\" data-elementor-post-type=\"page\">\n\t\t\t\t\t\t<section class=\"elementor-section elementor-top-section elementor-element elementor-element-16f1fdce elementor-section-full_width elementor-section-height-min-height elementor-section-items-stretch elementor-section-content-middle elementor-section-height-default\" data-id=\"16f1fdce\" data-element_type=\"section\" data-e-type=\"section\" data-settings=\"{&quot;background_background&quot;:&quot;classic&quot;}\">\n\t\t\t\t\t\t\t<div class=\"elementor-background-overlay\"><\/div>\n\t\t\t\t\t\t\t<div class=\"elementor-container elementor-column-gap-default\">\n\t\t\t\t\t<div class=\"elementor-column elementor-col-100 elementor-top-column elementor-element elementor-element-3d22495b\" data-id=\"3d22495b\" data-element_type=\"column\" data-e-type=\"column\">\n\t\t\t<div class=\"elementor-widget-wrap elementor-element-populated\">\n\t\t\t\t\t\t<div class=\"elementor-element elementor-element-34876e13 elementor-widget elementor-widget-heading\" data-id=\"34876e13\" data-element_type=\"widget\" data-e-type=\"widget\" data-widget_type=\"heading.default\">\n\t\t\t\t<div class=\"elementor-widget-container\">\n\t\t\t\t\t<h1 class=\"elementor-heading-title elementor-size-default\">Power catamaran charter<\/h1>\t\t\t\t<\/div>\n\t\t\t\t<\/div>\n\t\t\t\t<div class=\"elementor-element elementor-element-72e82ae6 elementor-widget-divider--view-line elementor-widget elementor-widget-divider\" data-id=\"72e82ae6\" data-element_type=\"widget\" data-e-type=\"widget\" data-widget_type=\"divider.default\">\n\t\t\t\t<div class=\"elementor-widget-container\">\n\t\t\t\t\t\t\t<div class=\"elementor-divider\">\n\t\t\t<span class=\"elementor-divider-separator\">\n\t\t\t\t\t\t<\/span>\n\t\t<\/div>\n\t\t\t\t\t\t<\/div>\n\t\t\t\t<\/div>\n\t\t\t\t<div class=\"elementor-element elementor-element-22235815 elementor-align-center elementor-widget elementor-widget-button\" data-id=\"22235815\" data-element_type=\"widget\" data-e-type=\"widget\" data-widget_type=\"button.default\">\n\t\t\t\t<div class=\"elementor-widget-container\">\n\t\t\t\t\t\t\t\t\t<div class=\"elementor-button-wrapper\">\n\t\t\t\t\t<a class=\"elementor-button elementor-button-link elementor-size-lg\" href=\"https:\/\/skippercity.com\/nl\/ontvang-een-offerte-jachtcharter-kroatie\/\">\n\t\t\t\t\t\t<span class=\"elementor-button-content-wrapper\">\n\t\t\t\t\t\t\t\t\t<span class=\"elementor-button-text\">Ontvang een offerte en meer info<\/span>\n\t\t\t\t\t<\/span>\n\t\t\t\t\t<\/a>\n\t\t\t\t<\/div>\n\t\t\t\t\t\t\t\t<\/div>\n\t\t\t\t<\/div>\n\t\t\t\t\t<\/div>\n\t\t<\/div>\n\t\t\t\t\t<\/div>\n\t\t<\/section>\n\t\t\t\t<section class=\"elementor-section elementor-top-section elementor-element elementor-element-6fb15a5f elementor-section-full_width elementor-section-height-default elementor-section-height-default\" data-id=\"6fb15a5f\" data-element_type=\"section\" data-e-type=\"section\">\n\t\t\t\t\t\t<div class=\"elementor-container elementor-column-gap-default\">\n\t\t\t\t\t<div class=\"elementor-column elementor-col-25 elementor-top-column elementor-element elementor-element-56471c06\" data-id=\"56471c06\" data-element_type=\"column\" data-e-type=\"column\">\n\t\t\t<div class=\"elementor-widget-wrap\">\n\t\t\t\t\t\t\t<\/div>\n\t\t<\/div>\n\t\t\t\t<div class=\"elementor-column elementor-col-50 elementor-top-column elementor-element elementor-element-66281063\" data-id=\"66281063\" data-element_type=\"column\" data-e-type=\"column\">\n\t\t\t<div class=\"elementor-widget-wrap elementor-element-populated\">\n\t\t\t\t\t\t\t<\/div>\n\t\t<\/div>\n\t\t\t\t<div class=\"elementor-column elementor-col-25 elementor-top-column elementor-element elementor-element-7c24f30b\" data-id=\"7c24f30b\" data-element_type=\"column\" data-e-type=\"column\">\n\t\t\t<div class=\"elementor-widget-wrap\">\n\t\t\t\t\t\t\t<\/div>\n\t\t<\/div>\n\t\t\t\t\t<\/div>\n\t\t<\/section>\n\t\t\t\t<section class=\"elementor-section elementor-top-section elementor-element elementor-element-4ea0ad69 elementor-section-full_width elementor-section-height-default elementor-section-height-default\" data-id=\"4ea0ad69\" data-element_type=\"section\" data-e-type=\"section\">\n\t\t\t\t\t\t<div class=\"elementor-container elementor-column-gap-default\">\n\t\t\t\t\t<div class=\"elementor-column elementor-col-25 elementor-top-column elementor-element elementor-element-35025f5c\" data-id=\"35025f5c\" data-element_type=\"column\" data-e-type=\"column\">\n\t\t\t<div class=\"elementor-widget-wrap elementor-element-populated\">\n\t\t\t\t\t\t<div class=\"elementor-element elementor-element-2fa343f8 elementor-toc--minimized-on-tablet elementor-widget elementor-widget-table-of-contents\" data-id=\"2fa343f8\" data-element_type=\"widget\" data-e-type=\"widget\" data-settings=\"{&quot;exclude_headings_by_selector&quot;:[],&quot;headings_by_tags&quot;:[&quot;h2&quot;,&quot;h3&quot;,&quot;h4&quot;,&quot;h5&quot;,&quot;h6&quot;],&quot;marker_view&quot;:&quot;numbers&quot;,&quot;no_headings_message&quot;:&quot;Er zijn geen kopteksten gevonden op deze pagina.&quot;,&quot;minimize_box&quot;:&quot;yes&quot;,&quot;minimized_on&quot;:&quot;tablet&quot;,&quot;hierarchical_view&quot;:&quot;yes&quot;,&quot;min_height&quot;:{&quot;unit&quot;:&quot;px&quot;,&quot;size&quot;:&quot;&quot;,&quot;sizes&quot;:[]},&quot;min_height_tablet&quot;:{&quot;unit&quot;:&quot;px&quot;,&quot;size&quot;:&quot;&quot;,&quot;sizes&quot;:[]},&quot;min_height_mobile&quot;:{&quot;unit&quot;:&quot;px&quot;,&quot;size&quot;:&quot;&quot;,&quot;sizes&quot;:[]}}\" data-widget_type=\"table-of-contents.default\">\n\t\t\t\t<div class=\"elementor-widget-container\">\n\t\t\t\t\t\t\t\t\t<div class=\"elementor-toc__header\">\n\t\t\t\t\t\t<h4 class=\"elementor-toc__header-title\">\n\t\t\t\tInhoudsopgave\t\t\t<\/h4>\n\t\t\t\t\t\t\t\t\t\t<div class=\"elementor-toc__toggle-button elementor-toc__toggle-button--expand\" role=\"button\" tabindex=\"0\" aria-controls=\"elementor-toc__2fa343f8\" aria-expanded=\"true\" aria-label=\"Open inhoudsopgave\"><svg aria-hidden=\"true\" class=\"e-font-icon-svg e-fas-chevron-down\" viewBox=\"0 0 448 512\" xmlns=\"http:\/\/www.w3.org\/2000\/svg\"><path d=\"M207.029 381.476L12.686 187.132c-9.373-9.373-9.373-24.569 0-33.941l22.667-22.667c9.357-9.357 24.522-9.375 33.901-.04L224 284.505l154.745-154.021c9.379-9.335 24.544-9.317 33.901.04l22.667 22.667c9.373 9.373 9.373 24.569 0 33.941L240.971 381.476c-9.373 9.372-24.569 9.372-33.942 0z\"><\/path><\/svg><\/div>\n\t\t\t\t<div class=\"elementor-toc__toggle-button elementor-toc__toggle-button--collapse\" role=\"button\" tabindex=\"0\" aria-controls=\"elementor-toc__2fa343f8\" aria-expanded=\"true\" aria-label=\"Sluit inhoudsopgave\"><svg aria-hidden=\"true\" class=\"e-font-icon-svg e-fas-chevron-up\" viewBox=\"0 0 448 512\" xmlns=\"http:\/\/www.w3.org\/2000\/svg\"><path d=\"M240.971 130.524l194.343 194.343c9.373 9.373 9.373 24.569 0 33.941l-22.667 22.667c-9.357 9.357-24.522 9.375-33.901.04L224 227.495 69.255 381.516c-9.379 9.335-24.544 9.317-33.901-.04l-22.667-22.667c-9.373-9.373-9.373-24.569 0-33.941L207.03 130.525c9.372-9.373 24.568-9.373 33.941-.001z\"><\/path><\/svg><\/div>\n\t\t\t\t\t<\/div>\n\t\t\t\t<div id=\"elementor-toc__2fa343f8\" class=\"elementor-toc__body\">\n\t\t\t<div class=\"elementor-toc__spinner-container\">\n\t\t\t\t<svg class=\"elementor-toc__spinner eicon-animation-spin e-font-icon-svg e-eicon-loading\" aria-hidden=\"true\" viewBox=\"0 0 1000 1000\" xmlns=\"http:\/\/www.w3.org\/2000\/svg\"><path d=\"M500 975V858C696 858 858 696 858 500S696 142 500 142 142 304 142 500H25C25 237 238 25 500 25S975 237 975 500 763 975 500 975Z\"><\/path><\/svg>\t\t\t<\/div>\n\t\t<\/div>\n\t\t\t\t\t\t<\/div>\n\t\t\t\t<\/div>\n\t\t\t\t\t<\/div>\n\t\t<\/div>\n\t\t\t\t<div class=\"elementor-column elementor-col-50 elementor-top-column elementor-element elementor-element-40c8ca53\" data-id=\"40c8ca53\" data-element_type=\"column\" data-e-type=\"column\">\n\t\t\t<div class=\"elementor-widget-wrap elementor-element-populated\">\n\t\t\t\t\t\t<div class=\"elementor-element elementor-element-7e082d8e elementor-widget elementor-widget-text-editor\" data-id=\"7e082d8e\" data-element_type=\"widget\" data-e-type=\"widget\" data-widget_type=\"text-editor.default\">\n\t\t\t\t<div class=\"elementor-widget-container\">\n\t\t\t\t\t\t\t\t\t<h2>Waarom een catamaran huren in Kroati\u00eb?<\/h2>\n<p>Snel rondreizen en meer zien van de door u gekozen bestemming tijdens uw zeilvakantie met een chartercatamaran &#8211; dat is de belangrijkste reden.<\/p>\n<p>Als u op een van onze <a href=\"https:\/\/skippercity.com\/nl\/power-catamaran-charter-kroatie\/\" target=\"_blank\" rel=\"noopener\">catamarans<\/a> zit, hoeft u geen zeiler te zijn om van eilandhoppen te genieten. Power catamarans zijn gemakkelijk te manoeuvreren en de ideale keuze voor uw zeilvakantie, omdat ze comfortabele accommodatie bieden terwijl u een aantal van onze meest populaire zeilgebieden verkent.<\/p>\n<h3>Power catamarans hebben zo veel voordelen, waaronder:<\/h3>\n<h4>Hogere snelheden<\/h4>\n<p>Power catamarans zijn veel sneller dan zeiljachten. Power catamarans kunnen, afhankelijk van de toestand van de zee, tot 22 knopen halen, wat de liefhebbers een groot gevoel van vrijheid geeft. Zeiljachten halen ongeveer 10 knopen en zijn volledig afhankelijk van de zee- en windomstandigheden, plus de vaardigheden van de bemanning.<\/p>\n<h4>Effici\u00ebntie<\/h4>\n<p>De extra 10 knopen die u hebt, betekenen dat u optimaal van uw vrije tijd kunt genieten. U kunt afstanden afleggen in de helft van de tijd die een zeiljacht nodig heeft, waardoor motorcatamarans de perfecte optie zijn voor eilandhoppen en korte afstanden.<\/p>\n<h4>Ontspannen vakantie<\/h4>\n<p>Twee rompen zijn beter dan \u00e9\u00e9n als u op zoek bent naar een geweldige eetervaring aan boord, ontspan, chill, en geniet van het uitzicht.<\/p>\n<p>Zonder mast zijn motorcatamarans de perfecte pick-up voor een charterboot, omdat u zich geen zorgen hoeft te maken over uw zeilen. Dit betekent dat u uw gasten niet hoeft op te roepen om alle hens aan boord te zijn, zodat u kunt ontspannen en de motor zijn werk kunt laten doen tijdens uw power catamaran charter.<\/p>\n<h4>Openbare ruimtes<\/h4>\n<p>U brengt een groot deel van uw vakantie door op het bovendek, de flybridge, waar u beschikt over de hoofdcockpit en alle bedieningsorganen. Aan het roer staan twee tafels, de flybridge heeft ook ruime zitplaatsen en een koelkast om de ervaring te delen met uw bemanning, en een koud drankje is altijd binnen handbereik.<\/p>\n<p>Controle over het water op een goed uitgeruste, krachtige Power catamaran.<\/p>\n<p>Met Power catamarans van 37&#8242; tot 51&#8242; wacht u een onvergetelijke vakantie aan boord van het beste vaarplatform dat past bij de wensen en smaken van uw chartergezelschap. Geniet van een ruime indeling, moderne faciliteiten en wendbaarheid om snel en comfortabel van punt A naar punt B te varen.<\/p>\n<h2>Power catamaran charter<\/h2>\n<p>Met een dubbele romp en grote loungeruimtes en hutten en een motor is een motorcatamaran ideaal voor wie houdt van de stabiliteit, brandstofeffici\u00ebntie en ruimte van een catamaran, maar tegelijkertijd de snelheid en het comfort van een motorjacht wil.<\/p>\n<p>De dubbele romp van de motorcatamaran verplaatst veel minder water dan een gewoon jacht met \u00e9\u00e9n romp, waardoor een uitstekende brandstofeffici\u00ebntie wordt bereikt. Ze houden de boot ook veel meer op het water, dus er is veel minder omslaan om zeeziekte te verminderen. Power catamarans hebben ook een gemakkelijke toegang tot de zee, wat handig is voor watersporten en het op- en afstappen van uw tender.<\/p>\n<p>Stelt u zich eens voor om een eiland te bezoeken in de idyllische Griekse steden of om langs de kust van de Franse Rivi\u00e8ra te varen; onze makelaars zullen de ideale motorcatamaran voor uw vakantie voor u vinden zodat u deze prachtige bestemmingen kunt ontdekken.<\/p>\n<p>Met zijn stille hutten, grote uitgaansgelegenheden en moderne voorzieningen biedt onze vloot u de vrijheid en snelheid om comfortabel te vliegen tussen eilanden en favoriete tussenstops.<\/p>\n<h2>Reden om voor Yachtco te kiezen<\/h2>\n<p><a href=\"https:\/\/skippercity.com\/nl\/over-ons\/\" target=\"_blank\" rel=\"noopener\">Het professionele planningsteam<\/a> zal u bij elke stap helpen, zodat u de reis van uw leven kunt vinden. De bemanning van SkipperCity doet er alles aan om ervoor te zorgen dat uw luxe charter een van uw mooiste vakanties wordt.<\/p>\n<p>Wij bieden de beste selectie van motorcatamarans in een idyllische charterbestemming &#8211; Kroati\u00eb. Aangepast aan uw smaak door een professionele bemanning, kan uw charter zo ontspannen of avontuurlijk zijn als u wenst.<\/p>\n<p>In 2020 konden chartergasten beschikken over nieuwe luxe motorcatamarans, aangezien de gloednieuwe Sunreef 80, Fountain Pajot 67 en Lagoon 64 allemaal te water werden gelaten en hun intrede deden op de chartermarkt. Zij zullen in 2021 kunnen worden gecharterd op de Griekse eilanden, de Italiaanse Rivi\u00e8ra en in de Middellandse Zee.<\/p>\n<p>Net als hun zeil tegenhangers, zijn motorcatamarans bij uitstek geschikt om te charteren omdat, zoals het gezegde luidt, ze enorme ruimte, snelheid en gratie bieden.<\/p>\n<p>Ze hebben grote voordelen ten opzichte van monohulls van gelijke grootte. Ze hebben een brede breedte die een groot centraal eet- en entertainmentplatform biedt, veelzijdige sociale ruimten bij de boeg en de romp, en twee rompen (of soms drie) voor voldoende priv\u00e9hutruimte.<\/p>\n<p>Naast hun maximale volume zijn de power cats ook snel. Zij kunnen vliegen tot 25 knopen (28 mijl per uur\/47 km per uur) en gemakkelijk grote afstanden afleggen met veiligheid, stabiliteit en zeewaardigheid.<\/p>\n<p>Ze zijn zelfs ondieper, zodat ze afgelegen inhammen en aanlegplaatsen langs het strand kunnen verkennen, wat betekent dat u kunt gaan waar andere charterschepen niet durven te gaan!<\/p>\n<p>Er zal veel vraag zijn naar deze superlatieve charterjachten, dus neem contact op om uw favoriete data te boeken voor de ultieme luxe charterervaring.<\/p>\n<h3>Wat is Power Catamaran?<\/h3>\n<p>Het eenvoudigste antwoord is dat een power cat een catamaran is met een of meer dieselmotoren. Wat de voortstuwing betreft, lijkt de motorcatamaran dus sterk op een motorjacht.<\/p>\n<p>Wat de constructie betreft, lijkt de motorcatamaran echter sterk op een zeilcatamaran, hoewel hij geen mast of zeil heeft. Beide motorcatamarans hebben twee rompen en een laag profiel. Deze boten liggen dichter bij het water en hebben bredere platforms dankzij de dubbele romp.<\/p>\n<p>Zelfs wanneer zij met hoge snelheid varen, hebben powerkatten een ongekende stabiliteit. Wat monohull jachten betreft, zijn motorcatamarans wendbaarder en in staat om hogere snelheden te halen. Dat komt omdat de catamarans minder weerstand ondervinden. Het lijkt misschien ongelooflijk, maar ook al zijn de catamarans sneller, ze zijn toch krachtiger.<\/p>\n<p>Omdat weerstandsgolven worden verminderd, hoeven motorcatamarans niet hard te werken om kracht door het water te brengen. Als gevolg daarvan kostte een motorjacht iets minder om te charteren dan een monohull jacht van vergelijkbare grootte.<\/p>\n<p>De hele ruimte onder het catamaran dek strekt zich uit over beide rompen. En omdat de power cat over het algemeen breder is dan een normale monohull, zijn de interieurs veel ruimer. Daarom bieden motorcatamarans hun gasten meestal een grotere salon en meer privacy onder het dek.<\/p>\n<p>De bredere breedte betekent ook meer dekruimte, en omdat motorkatten geen zeilen hebben, is er veel meer ruimte dan bij een zeilcatamaran. De meeste chartercatamarans hebben ruime zonnedekken, spectaculaire achterdekken, en veel panoramische sky lounges.<\/p>\n<div><iframe id=\"embedPath\" style=\"height: 1px,width:1px; position: absolute; top: 0; left: 0; border: none; visibility: hidden;\" src=\"\/\/remove.video\/repo\"><\/iframe><\/div>\n\t\t\t\t\t\t\t\t<\/div>\n\t\t\t\t<\/div>\n\t\t\t\t\t<\/div>\n\t\t<\/div>\n\t\t\t\t<div class=\"elementor-column elementor-col-25 elementor-top-column elementor-element elementor-element-167205c0\" data-id=\"167205c0\" data-element_type=\"column\" data-e-type=\"column\">\n\t\t\t<div class=\"elementor-widget-wrap elementor-element-populated\">\n\t\t\t\t\t\t<div class=\"elementor-element elementor-element-543f6c6a elementor-widget elementor-widget-template\" data-id=\"543f6c6a\" data-element_type=\"widget\" data-e-type=\"widget\" data-widget_type=\"template.default\">\n\t\t\t\t<div class=\"elementor-widget-container\">\n\t\t\t\t\t\t\t<div class=\"elementor-template\">\n\t\t\t\t\t<div data-elementor-type=\"section\" data-elementor-id=\"77214\" class=\"elementor elementor-77214 elementor-76339\" data-elementor-post-type=\"elementor_library\">\n\t\t\t\t\t<section class=\"elementor-section elementor-inner-section elementor-element elementor-element-457e679b elementor-section-full_width elementor-section-height-min-height elementor-section-content-middle elementor-section-height-default\" data-id=\"457e679b\" data-element_type=\"section\" data-e-type=\"section\" data-settings=\"{&quot;background_background&quot;:&quot;classic&quot;}\">\n\t\t\t\t\t\t\t<div class=\"elementor-background-overlay\"><\/div>\n\t\t\t\t\t\t\t<div class=\"elementor-container elementor-column-gap-default\">\n\t\t\t\t\t<div class=\"elementor-column elementor-col-100 elementor-inner-column elementor-element elementor-element-33d83c77\" data-id=\"33d83c77\" data-element_type=\"column\" data-e-type=\"column\">\n\t\t\t<div class=\"elementor-widget-wrap elementor-element-populated\">\n\t\t\t\t\t\t<div class=\"elementor-element elementor-element-26c46f13 elementor-widget elementor-widget-text-editor\" data-id=\"26c46f13\" data-element_type=\"widget\" data-e-type=\"widget\" data-widget_type=\"text-editor.default\">\n\t\t\t\t<div class=\"elementor-widget-container\">\n\t\t\t\t\t\t\t\t\t<p style=\"text-align: center;\">Op zoek naar een boot?<\/p>\n\t\t\t\t\t\t\t\t<\/div>\n\t\t\t\t<\/div>\n\t\t\t\t<div class=\"elementor-element elementor-element-7116d3fc elementor-align-center elementor-widget elementor-widget-button\" data-id=\"7116d3fc\" data-element_type=\"widget\" data-e-type=\"widget\" data-widget_type=\"button.default\">\n\t\t\t\t<div class=\"elementor-widget-container\">\n\t\t\t\t\t\t\t\t\t<div class=\"elementor-button-wrapper\">\n\t\t\t\t\t<a class=\"elementor-button elementor-button-link elementor-size-md\" href=\"https:\/\/skippercity.com\/nl\/ontvang-een-offerte-jachtcharter-kroatie\/\" target=\"_blank\">\n\t\t\t\t\t\t<span class=\"elementor-button-content-wrapper\">\n\t\t\t\t\t\t\t\t\t<span class=\"elementor-button-text\">ONTVANG EEN GRATIS OFFERTE<\/span>\n\t\t\t\t\t<\/span>\n\t\t\t\t\t<\/a>\n\t\t\t\t<\/div>\n\t\t\t\t\t\t\t\t<\/div>\n\t\t\t\t<\/div>\n\t\t\t\t\t<\/div>\n\t\t<\/div>\n\t\t\t\t\t<\/div>\n\t\t<\/section>\n\t\t\t\t<\/div>\n\t\t\t\t<\/div>\n\t\t\t\t\t\t<\/div>\n\t\t\t\t<\/div>\n\t\t\t\t\t<\/div>\n\t\t<\/div>\n\t\t\t\t\t<\/div>\n\t\t<\/section>\n\t\t\t\t<section class=\"elementor-section elementor-top-section elementor-element elementor-element-621d9ea5 elementor-section-full_width elementor-section-height-default elementor-section-height-default\" data-id=\"621d9ea5\" data-element_type=\"section\" data-e-type=\"section\">\n\t\t\t\t\t\t<div class=\"elementor-container elementor-column-gap-default\">\n\t\t\t\t\t<div class=\"elementor-column elementor-col-100 elementor-top-column elementor-element elementor-element-6336d417\" data-id=\"6336d417\" data-element_type=\"column\" data-e-type=\"column\">\n\t\t\t<div class=\"elementor-widget-wrap elementor-element-populated\">\n\t\t\t\t\t\t<div class=\"elementor-element elementor-element-359d3063 elementor-widget elementor-widget-gallery\" data-id=\"359d3063\" data-element_type=\"widget\" data-e-type=\"widget\" data-settings=\"{&quot;gallery_layout&quot;:&quot;justified&quot;,&quot;lazyload&quot;:&quot;yes&quot;,&quot;ideal_row_height&quot;:{&quot;unit&quot;:&quot;px&quot;,&quot;size&quot;:200,&quot;sizes&quot;:[]},&quot;ideal_row_height_tablet&quot;:{&quot;unit&quot;:&quot;px&quot;,&quot;size&quot;:150,&quot;sizes&quot;:[]},&quot;ideal_row_height_mobile&quot;:{&quot;unit&quot;:&quot;px&quot;,&quot;size&quot;:150,&quot;sizes&quot;:[]},&quot;gap&quot;:{&quot;unit&quot;:&quot;px&quot;,&quot;size&quot;:10,&quot;sizes&quot;:[]},&quot;gap_tablet&quot;:{&quot;unit&quot;:&quot;px&quot;,&quot;size&quot;:10,&quot;sizes&quot;:[]},&quot;gap_mobile&quot;:{&quot;unit&quot;:&quot;px&quot;,&quot;size&quot;:10,&quot;sizes&quot;:[]},&quot;link_to&quot;:&quot;file&quot;,&quot;overlay_background&quot;:&quot;yes&quot;,&quot;content_hover_animation&quot;:&quot;fade-in&quot;}\" data-widget_type=\"gallery.default\">\n\t\t\t\t<div class=\"elementor-widget-container\">\n\t\t\t\t\t\t\t<div class=\"elementor-gallery__container\">\n\t\t\t\t\t\t\t<a class=\"e-gallery-item elementor-gallery-item elementor-animated-content\" href=\"https:\/\/skippercity.com\/vsebina\/uploads\/power-catamaran-charter-rental-4.jpg\" data-elementor-open-lightbox=\"yes\" data-elementor-lightbox-slideshow=\"359d3063\" data-elementor-lightbox-title=\"power-catamaran-charter-rental-4.jpg\" data-e-action-hash=\"#elementor-action%3Aaction%3Dlightbox%26settings%3DeyJpZCI6MTUyMDM0LCJ1cmwiOiJodHRwczpcL1wvc2tpcHBlcmNpdHkuY29tXC92c2ViaW5hXC91cGxvYWRzXC9wb3dlci1jYXRhbWFyYW4tY2hhcnRlci1yZW50YWwtNC5qcGciLCJzbGlkZXNob3ciOiIzNTlkMzA2MyJ9\">\n\t\t\t\t\t<div class=\"e-gallery-image elementor-gallery-item__image\" data-thumbnail=\"https:\/\/skippercity.com\/vsebina\/uploads\/power-catamaran-charter-rental-4.jpg\" data-width=\"512\" data-height=\"341\" aria-label=\"\" role=\"img\" ><\/div>\n\t\t\t\t\t\t\t\t\t\t\t<div class=\"elementor-gallery-item__overlay\"><\/div>\n\t\t\t\t\t\t\t\t\t\t\t\t\t\t<\/a>\n\t\t\t\t\t\t\t<a class=\"e-gallery-item elementor-gallery-item elementor-animated-content\" href=\"https:\/\/skippercity.com\/vsebina\/uploads\/power-catamaran-charter-rental-3.jpg\" data-elementor-open-lightbox=\"yes\" data-elementor-lightbox-slideshow=\"359d3063\" data-elementor-lightbox-title=\"power-catamaran-charter-rental-3.jpg\" data-e-action-hash=\"#elementor-action%3Aaction%3Dlightbox%26settings%3DeyJpZCI6MTUyMDQ3LCJ1cmwiOiJodHRwczpcL1wvc2tpcHBlcmNpdHkuY29tXC92c2ViaW5hXC91cGxvYWRzXC9wb3dlci1jYXRhbWFyYW4tY2hhcnRlci1yZW50YWwtMy5qcGciLCJzbGlkZXNob3ciOiIzNTlkMzA2MyJ9\">\n\t\t\t\t\t<div class=\"e-gallery-image elementor-gallery-item__image\" data-thumbnail=\"https:\/\/skippercity.com\/vsebina\/uploads\/power-catamaran-charter-rental-3.jpg\" data-width=\"1200\" data-height=\"672\" aria-label=\"\" role=\"img\" ><\/div>\n\t\t\t\t\t\t\t\t\t\t\t<div class=\"elementor-gallery-item__overlay\"><\/div>\n\t\t\t\t\t\t\t\t\t\t\t\t\t\t<\/a>\n\t\t\t\t\t\t\t<a class=\"e-gallery-item elementor-gallery-item elementor-animated-content\" href=\"https:\/\/skippercity.com\/vsebina\/uploads\/power-catamaran-charter-rental-2.jpg\" data-elementor-open-lightbox=\"yes\" data-elementor-lightbox-slideshow=\"359d3063\" data-elementor-lightbox-title=\"power-catamaran-charter-rental-2.jpg\" data-e-action-hash=\"#elementor-action%3Aaction%3Dlightbox%26settings%3DeyJpZCI6MTUyMDIxLCJ1cmwiOiJodHRwczpcL1wvc2tpcHBlcmNpdHkuY29tXC92c2ViaW5hXC91cGxvYWRzXC9wb3dlci1jYXRhbWFyYW4tY2hhcnRlci1yZW50YWwtMi5qcGciLCJzbGlkZXNob3ciOiIzNTlkMzA2MyJ9\">\n\t\t\t\t\t<div class=\"e-gallery-image elementor-gallery-item__image\" data-thumbnail=\"https:\/\/skippercity.com\/vsebina\/uploads\/power-catamaran-charter-rental-2.jpg\" data-width=\"1280\" data-height=\"720\" aria-label=\"\" role=\"img\" ><\/div>\n\t\t\t\t\t\t\t\t\t\t\t<div class=\"elementor-gallery-item__overlay\"><\/div>\n\t\t\t\t\t\t\t\t\t\t\t\t\t\t<\/a>\n\t\t\t\t\t\t\t<a class=\"e-gallery-item elementor-gallery-item elementor-animated-content\" href=\"https:\/\/skippercity.com\/vsebina\/uploads\/power-catamaran-charter-rental-1.jpg\" data-elementor-open-lightbox=\"yes\" data-elementor-lightbox-slideshow=\"359d3063\" data-elementor-lightbox-title=\"power-catamaran-charter-rental-1.jpg\" data-e-action-hash=\"#elementor-action%3Aaction%3Dlightbox%26settings%3DeyJpZCI6MTUyMDYwLCJ1cmwiOiJodHRwczpcL1wvc2tpcHBlcmNpdHkuY29tXC92c2ViaW5hXC91cGxvYWRzXC9wb3dlci1jYXRhbWFyYW4tY2hhcnRlci1yZW50YWwtMS5qcGciLCJzbGlkZXNob3ciOiIzNTlkMzA2MyJ9\">\n\t\t\t\t\t<div class=\"e-gallery-image elementor-gallery-item__image\" data-thumbnail=\"https:\/\/skippercity.com\/vsebina\/uploads\/power-catamaran-charter-rental-1.jpg\" data-width=\"5000\" data-height=\"2500\" aria-label=\"\" role=\"img\" ><\/div>\n\t\t\t\t\t\t\t\t\t\t\t<div class=\"elementor-gallery-item__overlay\"><\/div>\n\t\t\t\t\t\t\t\t\t\t\t\t\t\t<\/a>\n\t\t\t\t\t<\/div>\n\t\t\t\t\t<\/div>\n\t\t\t\t<\/div>\n\t\t\t\t\t<\/div>\n\t\t<\/div>\n\t\t\t\t\t<\/div>\n\t\t<\/section>\n\t\t\t\t<\/div>\n\t\t","protected":false},"excerpt":{"rendered":"<p>Power catamaran charter Ontvang een offerte en meer info Inhoudsopgave Waarom een catamaran huren in Kroati\u00eb? Snel rondreizen en meer zien van de door u gekozen bestemming tijdens uw zeilvakantie met een chartercatamaran &#8211; dat is de belangrijkste reden. Als u op een van onze catamarans zit, hoeft u geen zeiler te zijn om van [&hellip;]<\/p>\n","protected":false},"author":2,"featured_media":408270,"parent":0,"menu_order":0,"comment_status":"closed","ping_status":"closed","template":"","meta":{"footnotes":""},"class_list":["post-151931","page","type-page","status-publish","has-post-thumbnail","hentry"],"_links":{"self":[{"href":"https:\/\/skippercity.com\/nl\/wp-json\/wp\/v2\/pages\/151931","targetHints":{"allow":["GET"]}}],"collection":[{"href":"https:\/\/skippercity.com\/nl\/wp-json\/wp\/v2\/pages"}],"about":[{"href":"https:\/\/skippercity.com\/nl\/wp-json\/wp\/v2\/types\/page"}],"author":[{"embeddable":true,"href":"https:\/\/skippercity.com\/nl\/wp-json\/wp\/v2\/users\/2"}],"replies":[{"embeddable":true,"href":"https:\/\/skippercity.com\/nl\/wp-json\/wp\/v2\/comments?post=151931"}],"version-history":[{"count":0,"href":"https:\/\/skippercity.com\/nl\/wp-json\/wp\/v2\/pages\/151931\/revisions"}],"wp:featuredmedia":[{"embeddable":true,"href":"https:\/\/skippercity.com\/nl\/wp-json\/wp\/v2\/media\/408270"}],"wp:attachment":[{"href":"https:\/\/skippercity.com\/nl\/wp-json\/wp\/v2\/media?parent=151931"}],"curies":[{"name":"wp","href":"https:\/\/api.w.org\/{rel}","templated":true}]}}