{"id":416336,"date":"2024-03-02T09:54:36","date_gmt":"2024-03-02T09:54:36","guid":{"rendered":"https:\/\/www.skippercity.com\/zeil-aan-de-adembenemende-kust-van-kroatie-jachtcharters-met-skippercity-com\/"},"modified":"2024-03-02T10:38:55","modified_gmt":"2024-03-02T10:38:55","slug":"zeil-aan-de-adembenemende-kust-van-kroatie-jachtcharters-met-skippercity-com","status":"publish","type":"page","link":"https:\/\/skippercity.com\/nl\/zeil-aan-de-adembenemende-kust-van-kroatie-jachtcharters-met-skippercity-com\/","title":{"rendered":"Zeil aan de adembenemende kust van Kroati\u00eb: Jachtcharters met SkipperCity.com"},"content":{"rendered":"\t\t<div data-elementor-type=\"wp-page\" data-elementor-id=\"416336\" class=\"elementor elementor-416336 elementor-416326\" data-elementor-post-type=\"page\">\n\t\t\t\t<div class=\"elementor-element elementor-element-7221df9 e-con-full e-flex e-con e-parent\" data-id=\"7221df9\" data-element_type=\"container\" data-e-type=\"container\" data-settings=\"{&quot;background_background&quot;:&quot;classic&quot;}\">\n\t\t\t\t<\/div>\n\t\t\t\t<section class=\"elementor-section elementor-top-section elementor-element elementor-element-16f0dcfb elementor-section-full_width elementor-section-height-default elementor-section-height-default\" data-id=\"16f0dcfb\" data-element_type=\"section\" data-e-type=\"section\">\n\t\t\t\t\t\t<div class=\"elementor-container elementor-column-gap-default\">\n\t\t\t\t\t<div class=\"elementor-column elementor-col-25 elementor-top-column elementor-element elementor-element-14ec4fad\" data-id=\"14ec4fad\" data-element_type=\"column\" data-e-type=\"column\">\n\t\t\t<div class=\"elementor-widget-wrap elementor-element-populated\">\n\t\t\t\t\t\t<div class=\"elementor-element elementor-element-168931b8 elementor-toc--minimized-on-tablet elementor-widget elementor-widget-table-of-contents\" data-id=\"168931b8\" data-element_type=\"widget\" data-e-type=\"widget\" data-settings=\"{&quot;exclude_headings_by_selector&quot;:[],&quot;marker_view&quot;:&quot;bullets&quot;,&quot;headings_by_tags&quot;:[&quot;h2&quot;,&quot;h3&quot;,&quot;h4&quot;,&quot;h5&quot;,&quot;h6&quot;],&quot;icon&quot;:{&quot;value&quot;:&quot;fas fa-circle&quot;,&quot;library&quot;:&quot;fa-solid&quot;,&quot;rendered_tag&quot;:&quot;&lt;svg class=\\&quot;e-font-icon-svg e-fas-circle\\&quot; viewBox=\\&quot;0 0 512 512\\&quot; xmlns=\\&quot;http:\\\/\\\/www.w3.org\\\/2000\\\/svg\\&quot;&gt;&lt;path d=\\&quot;M256 8C119 8 8 119 8 256s111 248 248 248 248-111 248-248S393 8 256 8z\\&quot;&gt;&lt;\\\/path&gt;&lt;\\\/svg&gt;&quot;},&quot;no_headings_message&quot;:&quot;Er zijn geen kopteksten gevonden op deze pagina.&quot;,&quot;minimize_box&quot;:&quot;yes&quot;,&quot;minimized_on&quot;:&quot;tablet&quot;,&quot;hierarchical_view&quot;:&quot;yes&quot;,&quot;min_height&quot;:{&quot;unit&quot;:&quot;px&quot;,&quot;size&quot;:&quot;&quot;,&quot;sizes&quot;:[]},&quot;min_height_tablet&quot;:{&quot;unit&quot;:&quot;px&quot;,&quot;size&quot;:&quot;&quot;,&quot;sizes&quot;:[]},&quot;min_height_mobile&quot;:{&quot;unit&quot;:&quot;px&quot;,&quot;size&quot;:&quot;&quot;,&quot;sizes&quot;:[]}}\" data-widget_type=\"table-of-contents.default\">\n\t\t\t\t<div class=\"elementor-widget-container\">\n\t\t\t\t\t\t\t\t\t<div class=\"elementor-toc__header\">\n\t\t\t\t\t\t<h4 class=\"elementor-toc__header-title\">\n\t\t\t\tInhoudsopgave\t\t\t<\/h4>\n\t\t\t\t\t\t\t\t\t\t<div class=\"elementor-toc__toggle-button elementor-toc__toggle-button--expand\" role=\"button\" tabindex=\"0\" aria-controls=\"elementor-toc__168931b8\" aria-expanded=\"true\" aria-label=\"Open inhoudsopgave\"><svg aria-hidden=\"true\" class=\"e-font-icon-svg e-fas-chevron-down\" viewBox=\"0 0 448 512\" xmlns=\"http:\/\/www.w3.org\/2000\/svg\"><path d=\"M207.029 381.476L12.686 187.132c-9.373-9.373-9.373-24.569 0-33.941l22.667-22.667c9.357-9.357 24.522-9.375 33.901-.04L224 284.505l154.745-154.021c9.379-9.335 24.544-9.317 33.901.04l22.667 22.667c9.373 9.373 9.373 24.569 0 33.941L240.971 381.476c-9.373 9.372-24.569 9.372-33.942 0z\"><\/path><\/svg><\/div>\n\t\t\t\t<div class=\"elementor-toc__toggle-button elementor-toc__toggle-button--collapse\" role=\"button\" tabindex=\"0\" aria-controls=\"elementor-toc__168931b8\" aria-expanded=\"true\" aria-label=\"Sluit inhoudsopgave\"><svg aria-hidden=\"true\" class=\"e-font-icon-svg e-fas-chevron-up\" viewBox=\"0 0 448 512\" xmlns=\"http:\/\/www.w3.org\/2000\/svg\"><path d=\"M240.971 130.524l194.343 194.343c9.373 9.373 9.373 24.569 0 33.941l-22.667 22.667c-9.357 9.357-24.522 9.375-33.901.04L224 227.495 69.255 381.516c-9.379 9.335-24.544 9.317-33.901-.04l-22.667-22.667c-9.373-9.373-9.373-24.569 0-33.941L207.03 130.525c9.372-9.373 24.568-9.373 33.941-.001z\"><\/path><\/svg><\/div>\n\t\t\t\t\t<\/div>\n\t\t\t\t<div id=\"elementor-toc__168931b8\" class=\"elementor-toc__body\">\n\t\t\t<div class=\"elementor-toc__spinner-container\">\n\t\t\t\t<svg class=\"elementor-toc__spinner eicon-animation-spin e-font-icon-svg e-eicon-loading\" aria-hidden=\"true\" viewBox=\"0 0 1000 1000\" xmlns=\"http:\/\/www.w3.org\/2000\/svg\"><path d=\"M500 975V858C696 858 858 696 858 500S696 142 500 142 142 304 142 500H25C25 237 238 25 500 25S975 237 975 500 763 975 500 975Z\"><\/path><\/svg>\t\t\t<\/div>\n\t\t<\/div>\n\t\t\t\t\t\t<\/div>\n\t\t\t\t<\/div>\n\t\t\t\t\t<\/div>\n\t\t<\/div>\n\t\t\t\t<div class=\"elementor-column elementor-col-50 elementor-top-column elementor-element elementor-element-56a65c9e\" data-id=\"56a65c9e\" data-element_type=\"column\" data-e-type=\"column\">\n\t\t\t<div class=\"elementor-widget-wrap elementor-element-populated\">\n\t\t\t\t\t\t<div class=\"elementor-element elementor-element-11821385 elementor-widget elementor-widget-text-editor\" data-id=\"11821385\" data-element_type=\"widget\" data-e-type=\"widget\" data-widget_type=\"text-editor.default\">\n\t\t\t\t<div class=\"elementor-widget-container\">\n\t\t\t\t\t\t\t\t\t<div class=\"markdown markdown-main-panel ui-v2-enabled\" dir=\"ltr\">\n<h1 data-sourcepos=\"1:1-1:80\">Zeil aan de adembenemende kust van Kroati\u00eb: Jachtcharters met SkipperCity.com<\/h1>\n<h2 data-sourcepos=\"3:1-3:45\"><strong>Onvergetelijke zeilvakanties in Kroati\u00eb<\/strong><\/h2>\n<p data-sourcepos=\"5:1-5:278\">Kroati\u00eb, met zijn turquoise wateren, pittoreske eilanden en charmante kuststadjes, is een droombestemming voor zeilliefhebbers. Of u nu een ervaren zeiler bent die op zoek is naar avontuur of een gezin dat op zoek is naar een ontspannen uitje, SkipperCity.com kan uw droom werkelijkheid laten worden.<\/p>\n<h2 data-sourcepos=\"7:1-7:63\"><strong>Ontdek je opties: Catamarans, zeilboten en motorboten<\/strong><\/h2>\n<p data-sourcepos=\"9:1-9:221\">SkipperCity.com is uw one-stop shop voor <strong>jachtcharters in Kroati\u00eb<\/strong>. Met <strong>meer dan 13.000 jachten<\/strong> in onze uitgebreide vloot bieden we een breed scala aan opties om aan alle voorkeuren en zeilervaringsniveaus tegemoet te komen:<\/p>\n<ul data-sourcepos=\"11:1-14:0\">\n<li data-sourcepos=\"11:1-11:353\"><strong>Catamaran Charters:<\/strong> <strong>Ervaar onge\u00ebvenaarde stabiliteit en comfort<\/strong> aan boord van een luxe catamaran, perfect voor gezinnen en groepen die op zoek zijn naar een ruime en ontspannen ervaring. Bekijk onze Catamaran Charter Kroati\u00eb: <a class=\"traceable-link\" href=\"https:\/\/skippercity.com\/nl\/catamaran-charter-kroatie\/\" target=\"_blank\" rel=\"noopener noreferrer\">https:\/\/skippercity.com\/catamaran-charter-croatia\/<\/a> pagina voor meer informatie.<\/li>\n<li data-sourcepos=\"12:1-12:370\"><strong>Zeilboot Charters:<\/strong> <strong>Omarm de klassieke charme en sensatie van het zeilen<\/strong> op een klassieke zeilboot, ideaal om verborgen baaien te verkennen en het plezier van het navigeren over de Adriatische Zee te ervaren. Ontdek meer over Zeilboot Charter Kroati\u00eb: <a class=\"traceable-link\" href=\"https:\/\/skippercity.com\/nl\/zeilboot-charter-kroatie\/\" target=\"_blank\" rel=\"noopener noreferrer\">https:\/\/skippercity.com\/sailboat-charter-croatia\/<\/a> opties op onze website.<\/li>\n<li data-sourcepos=\"13:1-14:0\"><strong>Motorboot charters:<\/strong> <strong>Ontdek de kustlijn op uw eigen tempo<\/strong> met onze opwindende motorbootcharters, perfect voor wie op zoek is naar een sneller tempo en de mogelijkheid om meer terrein te bestrijken. Zie onze Motorboot charter Kroati\u00eb: <a class=\"traceable-link\" href=\"https:\/\/skippercity.com\/nl\/motorboot-charter-kroatie\/\" target=\"_blank\" rel=\"noopener noreferrer\">https:\/\/skippercity.com\/motorboat-charter-croatia\/<\/a> pagina voor meer informatie.<\/li>\n<\/ul>\n<h2 data-sourcepos=\"15:1-15:41\"><strong>Ervaringen op maat voor elke zeiler<\/strong><\/h2>\n<p data-sourcepos=\"17:1-17:153\">We begrijpen dat elke zeiler unieke behoeften heeft. Kies uit drie verschillende charteropties om uw Kroatische zeilavontuur onvergetelijk te maken:<\/p>\n<ul data-sourcepos=\"19:1-22:0\">\n<li data-sourcepos=\"19:1-19:249\"><strong>Bareboat Charters:<\/strong> <strong>Ga op een onafhankelijk avontuur<\/strong> (alleen ervaren zeilers met een geldig vaarbewijs) en stel je eigen route samen. Lees meer over de vereisten en voordelen op onze Bareboat Charter Kroati\u00eb: [invalid URL removed] pagina.<\/li>\n<li data-sourcepos=\"20:1-20:363\"><strong>Charters met schipper:<\/strong> <strong>Ontspan en geniet van het landschap<\/strong> terwijl een professionele schipper de navigatie verzorgt, zodat u zich volledig kunt concentreren op het genieten van de schoonheid van Kroati\u00eb. Lees meer over onze Yachtcharter Kroati\u00eb: <a class=\"traceable-link\" href=\"https:\/\/skippercity.com\/nl\/jachtcharter-met-schipper-kroatie\/\" target=\"_blank\" rel=\"noopener noreferrer\">https:\/\/skippercity.com\/skippered-yacht-charter-croatia\/<\/a> diensten.<\/li>\n<li data-sourcepos=\"21:1-22:0\"><strong>Charters met bemanning:<\/strong> <strong>Geniet van Ultieme Luxe<\/strong> met een jacht met kapitein en volledige bemanning, met persoonlijke service en catering voor al uw wensen. Ontdek de mogelijkheden van Crewed Yacht Charter Kroati\u00eb: <a class=\"traceable-link\" href=\"https:\/\/skippercity.com\/nl\/jachtcharter-met-bemanning-kroatie\/\" target=\"_blank\" rel=\"noopener noreferrer\">https:\/\/skippercity.com\/crewed-yacht-charter-croatia\/<\/a> op onze website.<\/li>\n<\/ul>\n<h2 data-sourcepos=\"23:1-23:37\"><strong>Ontdek de verschillende regio&#8217;s van Kroati\u00eb<\/strong><\/h2>\n<p data-sourcepos=\"25:1-25:204\">Ga op avontuur vanuit verschillende locaties in Kroati\u00eb, waaronder Split, Dubrovnik, Zadar, \u0160ibenik en Trogir. Elke regio heeft unieke kustlandschappen en verborgen juweeltjes die wachten om ontdekt te worden.<\/p>\n<h2 data-sourcepos=\"27:1-27:44\"><strong>Boeken zonder gedoe en deskundige begeleiding:<\/strong><\/h2>\n<p data-sourcepos=\"29:1-29:180\">Ons ervaren team is er om je bij elke stap te begeleiden. Wij bieden persoonlijke aanbevelingen, deskundig advies bij het kiezen van het perfecte jacht en een naadloos boekingsproces.<\/p>\n<h2 data-sourcepos=\"31:1-31:36\"><strong>Begin vandaag nog met het plannen van je droom:<\/strong><\/h2>\n<p data-sourcepos=\"33:1-33:189\">Neem vandaag nog contact op met SkipperCity.com voor een gratis offerte en begin met het plannen van uw onvergetelijke <strong>zeilboot charter in Kroati\u00eb<\/strong>, <strong>catamaran charter in Kroati\u00eb<\/strong> of <strong>motorboot charter in Kroati\u00eb<\/strong> ervaring!<\/p>\n<\/div>\n\t\t\t\t\t\t\t\t<\/div>\n\t\t\t\t<\/div>\n\t\t\t\t\t<\/div>\n\t\t<\/div>\n\t\t\t\t<div class=\"elementor-column elementor-col-25 elementor-top-column elementor-element elementor-element-50e30ed\" data-id=\"50e30ed\" data-element_type=\"column\" data-e-type=\"column\">\n\t\t\t<div class=\"elementor-widget-wrap elementor-element-populated\">\n\t\t\t\t\t\t<div class=\"elementor-element elementor-element-1809f061 elementor-widget elementor-widget-template\" data-id=\"1809f061\" data-element_type=\"widget\" data-e-type=\"widget\" data-widget_type=\"template.default\">\n\t\t\t\t<div class=\"elementor-widget-container\">\n\t\t\t\t\t\t\t<div class=\"elementor-template\">\n\t\t\t\t\t<div data-elementor-type=\"section\" data-elementor-id=\"77214\" class=\"elementor elementor-77214 elementor-76339\" data-elementor-post-type=\"elementor_library\">\n\t\t\t\t\t<section class=\"elementor-section elementor-inner-section elementor-element elementor-element-457e679b elementor-section-full_width elementor-section-height-min-height elementor-section-content-middle elementor-section-height-default\" data-id=\"457e679b\" data-element_type=\"section\" data-e-type=\"section\" data-settings=\"{&quot;background_background&quot;:&quot;classic&quot;}\">\n\t\t\t\t\t\t\t<div class=\"elementor-background-overlay\"><\/div>\n\t\t\t\t\t\t\t<div class=\"elementor-container elementor-column-gap-default\">\n\t\t\t\t\t<div class=\"elementor-column elementor-col-100 elementor-inner-column elementor-element elementor-element-33d83c77\" data-id=\"33d83c77\" data-element_type=\"column\" data-e-type=\"column\">\n\t\t\t<div class=\"elementor-widget-wrap elementor-element-populated\">\n\t\t\t\t\t\t<div class=\"elementor-element elementor-element-26c46f13 elementor-widget elementor-widget-text-editor\" data-id=\"26c46f13\" data-element_type=\"widget\" data-e-type=\"widget\" data-widget_type=\"text-editor.default\">\n\t\t\t\t<div class=\"elementor-widget-container\">\n\t\t\t\t\t\t\t\t\t<p style=\"text-align: center;\">Op zoek naar een boot?<\/p>\n\t\t\t\t\t\t\t\t<\/div>\n\t\t\t\t<\/div>\n\t\t\t\t<div class=\"elementor-element elementor-element-7116d3fc elementor-align-center elementor-widget elementor-widget-button\" data-id=\"7116d3fc\" data-element_type=\"widget\" data-e-type=\"widget\" data-widget_type=\"button.default\">\n\t\t\t\t<div class=\"elementor-widget-container\">\n\t\t\t\t\t\t\t\t\t<div class=\"elementor-button-wrapper\">\n\t\t\t\t\t<a class=\"elementor-button elementor-button-link elementor-size-md\" href=\"https:\/\/skippercity.com\/nl\/ontvang-een-offerte-jachtcharter-kroatie\/\" target=\"_blank\">\n\t\t\t\t\t\t<span class=\"elementor-button-content-wrapper\">\n\t\t\t\t\t\t\t\t\t<span class=\"elementor-button-text\">ONTVANG EEN GRATIS OFFERTE<\/span>\n\t\t\t\t\t<\/span>\n\t\t\t\t\t<\/a>\n\t\t\t\t<\/div>\n\t\t\t\t\t\t\t\t<\/div>\n\t\t\t\t<\/div>\n\t\t\t\t\t<\/div>\n\t\t<\/div>\n\t\t\t\t\t<\/div>\n\t\t<\/section>\n\t\t\t\t<\/div>\n\t\t\t\t<\/div>\n\t\t\t\t\t\t<\/div>\n\t\t\t\t<\/div>\n\t\t\t\t\t<\/div>\n\t\t<\/div>\n\t\t\t\t\t<\/div>\n\t\t<\/section>\n\t\t\t\t<\/div>\n\t\t","protected":false},"excerpt":{"rendered":"<p>Inhoudsopgave Zeil aan de adembenemende kust van Kroati\u00eb: Jachtcharters met SkipperCity.com Onvergetelijke zeilvakanties in Kroati\u00eb Kroati\u00eb, met zijn turquoise wateren, pittoreske eilanden en charmante kuststadjes, is een droombestemming voor zeilliefhebbers. Of u nu een ervaren zeiler bent die op zoek is naar avontuur of een gezin dat op zoek is naar een ontspannen uitje, SkipperCity.com [&hellip;]<\/p>\n","protected":false},"author":2,"featured_media":408270,"parent":0,"menu_order":0,"comment_status":"closed","ping_status":"closed","template":"","meta":{"footnotes":""},"class_list":["post-416336","page","type-page","status-publish","has-post-thumbnail","hentry"],"_links":{"self":[{"href":"https:\/\/skippercity.com\/nl\/wp-json\/wp\/v2\/pages\/416336","targetHints":{"allow":["GET"]}}],"collection":[{"href":"https:\/\/skippercity.com\/nl\/wp-json\/wp\/v2\/pages"}],"about":[{"href":"https:\/\/skippercity.com\/nl\/wp-json\/wp\/v2\/types\/page"}],"author":[{"embeddable":true,"href":"https:\/\/skippercity.com\/nl\/wp-json\/wp\/v2\/users\/2"}],"replies":[{"embeddable":true,"href":"https:\/\/skippercity.com\/nl\/wp-json\/wp\/v2\/comments?post=416336"}],"version-history":[{"count":0,"href":"https:\/\/skippercity.com\/nl\/wp-json\/wp\/v2\/pages\/416336\/revisions"}],"wp:featuredmedia":[{"embeddable":true,"href":"https:\/\/skippercity.com\/nl\/wp-json\/wp\/v2\/media\/408270"}],"wp:attachment":[{"href":"https:\/\/skippercity.com\/nl\/wp-json\/wp\/v2\/media?parent=416336"}],"curies":[{"name":"wp","href":"https:\/\/api.w.org\/{rel}","templated":true}]}}