{"id":74472,"date":"2021-11-14T19:18:14","date_gmt":"2021-11-14T19:18:14","guid":{"rendered":"https:\/\/www.skippercity.com\/beste-prijs-jachtcharter-in-kroatie\/"},"modified":"2024-02-21T11:19:09","modified_gmt":"2024-02-21T11:19:09","slug":"beste-prijs-jachtcharter-in-kroatie","status":"publish","type":"page","link":"https:\/\/skippercity.com\/nl\/beste-prijs-jachtcharter-in-kroatie\/","title":{"rendered":"Beste prijs jachtcharter in Kroati\u00eb"},"content":{"rendered":"\t\t<div data-elementor-type=\"wp-page\" data-elementor-id=\"74472\" class=\"elementor elementor-74472 elementor-74451\" data-elementor-post-type=\"page\">\n\t\t\t\t\t\t<section class=\"elementor-section elementor-top-section elementor-element elementor-element-39ad52df elementor-section-stretched elementor-section-full_width elementor-section-height-default elementor-section-height-default\" data-id=\"39ad52df\" data-element_type=\"section\" data-e-type=\"section\" data-settings=\"{&quot;background_background&quot;:&quot;classic&quot;,&quot;stretch_section&quot;:&quot;section-stretched&quot;}\">\n\t\t\t\t\t\t\t<div class=\"elementor-background-overlay\"><\/div>\n\t\t\t\t\t\t\t<div class=\"elementor-container elementor-column-gap-default\">\n\t\t\t\t\t<div class=\"elementor-column elementor-col-33 elementor-top-column elementor-element elementor-element-2e299ad5\" data-id=\"2e299ad5\" data-element_type=\"column\" data-e-type=\"column\">\n\t\t\t<div class=\"elementor-widget-wrap\">\n\t\t\t\t\t\t\t<\/div>\n\t\t<\/div>\n\t\t\t\t<div class=\"elementor-column elementor-col-33 elementor-top-column elementor-element elementor-element-4618d22a\" data-id=\"4618d22a\" data-element_type=\"column\" data-e-type=\"column\">\n\t\t\t<div class=\"elementor-widget-wrap elementor-element-populated\">\n\t\t\t\t\t\t<div class=\"elementor-element elementor-element-49272ec elementor-widget elementor-widget-heading\" data-id=\"49272ec\" data-element_type=\"widget\" data-e-type=\"widget\" data-widget_type=\"heading.default\">\n\t\t\t\t<div class=\"elementor-widget-container\">\n\t\t\t\t\t<h3 class=\"elementor-heading-title elementor-size-default\">Jachtcharter in Kroati\u00eb  <\/h3>\t\t\t\t<\/div>\n\t\t\t\t<\/div>\n\t\t\t\t<div class=\"elementor-element elementor-element-6d84c9be elementor-widget-divider--view-line elementor-widget elementor-widget-divider\" data-id=\"6d84c9be\" data-element_type=\"widget\" data-e-type=\"widget\" data-widget_type=\"divider.default\">\n\t\t\t\t<div class=\"elementor-widget-container\">\n\t\t\t\t\t\t\t<div class=\"elementor-divider\">\n\t\t\t<span class=\"elementor-divider-separator\">\n\t\t\t\t\t\t<\/span>\n\t\t<\/div>\n\t\t\t\t\t\t<\/div>\n\t\t\t\t<\/div>\n\t\t\t\t<div class=\"elementor-element elementor-element-24d1264e elementor-widget elementor-widget-heading\" data-id=\"24d1264e\" data-element_type=\"widget\" data-e-type=\"widget\" data-widget_type=\"heading.default\">\n\t\t\t\t<div class=\"elementor-widget-container\">\n\t\t\t\t\t<h1 class=\"elementor-heading-title elementor-size-default\">Beste prijs jachtcharter in Kroati\u00eb<\/h1>\t\t\t\t<\/div>\n\t\t\t\t<\/div>\n\t\t\t\t<div class=\"elementor-element elementor-element-67d2d24e elementor-align-center elementor-widget elementor-widget-button\" data-id=\"67d2d24e\" data-element_type=\"widget\" data-e-type=\"widget\" data-widget_type=\"button.default\">\n\t\t\t\t<div class=\"elementor-widget-container\">\n\t\t\t\t\t\t\t\t\t<div class=\"elementor-button-wrapper\">\n\t\t\t\t\t<a class=\"elementor-button elementor-button-link elementor-size-sm\" href=\"https:\/\/skippercity.com\/nl\/ontvang-een-offerte-jachtcharter-kroatie\/\">\n\t\t\t\t\t\t<span class=\"elementor-button-content-wrapper\">\n\t\t\t\t\t\t\t\t\t<span class=\"elementor-button-text\">Vraag een offerte aan<\/span>\n\t\t\t\t\t<\/span>\n\t\t\t\t\t<\/a>\n\t\t\t\t<\/div>\n\t\t\t\t\t\t\t\t<\/div>\n\t\t\t\t<\/div>\n\t\t\t\t\t<\/div>\n\t\t<\/div>\n\t\t\t\t<div class=\"elementor-column elementor-col-33 elementor-top-column elementor-element elementor-element-28688344\" data-id=\"28688344\" data-element_type=\"column\" data-e-type=\"column\">\n\t\t\t<div class=\"elementor-widget-wrap\">\n\t\t\t\t\t\t\t<\/div>\n\t\t<\/div>\n\t\t\t\t\t<\/div>\n\t\t<\/section>\n\t\t\t\t<section class=\"elementor-section elementor-top-section elementor-element elementor-element-1071f9ce elementor-section-full_width elementor-section-height-default elementor-section-height-default\" data-id=\"1071f9ce\" data-element_type=\"section\" data-e-type=\"section\">\n\t\t\t\t\t\t<div class=\"elementor-container elementor-column-gap-default\">\n\t\t\t\t\t<div class=\"elementor-column elementor-col-25 elementor-top-column elementor-element elementor-element-71e1640b\" data-id=\"71e1640b\" data-element_type=\"column\" data-e-type=\"column\">\n\t\t\t<div class=\"elementor-widget-wrap elementor-element-populated\">\n\t\t\t\t\t\t<div class=\"elementor-element elementor-element-53545749 elementor-toc--minimized-on-tablet elementor-widget elementor-widget-table-of-contents\" data-id=\"53545749\" data-element_type=\"widget\" data-e-type=\"widget\" data-settings=\"{&quot;exclude_headings_by_selector&quot;:[],&quot;marker_view&quot;:&quot;bullets&quot;,&quot;headings_by_tags&quot;:[&quot;h2&quot;,&quot;h3&quot;,&quot;h4&quot;,&quot;h5&quot;,&quot;h6&quot;],&quot;icon&quot;:{&quot;value&quot;:&quot;fas fa-circle&quot;,&quot;library&quot;:&quot;fa-solid&quot;,&quot;rendered_tag&quot;:&quot;&lt;svg class=\\&quot;e-font-icon-svg e-fas-circle\\&quot; viewBox=\\&quot;0 0 512 512\\&quot; xmlns=\\&quot;http:\\\/\\\/www.w3.org\\\/2000\\\/svg\\&quot;&gt;&lt;path d=\\&quot;M256 8C119 8 8 119 8 256s111 248 248 248 248-111 248-248S393 8 256 8z\\&quot;&gt;&lt;\\\/path&gt;&lt;\\\/svg&gt;&quot;},&quot;no_headings_message&quot;:&quot;Er zijn geen kopteksten gevonden op deze pagina.&quot;,&quot;minimize_box&quot;:&quot;yes&quot;,&quot;minimized_on&quot;:&quot;tablet&quot;,&quot;hierarchical_view&quot;:&quot;yes&quot;,&quot;min_height&quot;:{&quot;unit&quot;:&quot;px&quot;,&quot;size&quot;:&quot;&quot;,&quot;sizes&quot;:[]},&quot;min_height_tablet&quot;:{&quot;unit&quot;:&quot;px&quot;,&quot;size&quot;:&quot;&quot;,&quot;sizes&quot;:[]},&quot;min_height_mobile&quot;:{&quot;unit&quot;:&quot;px&quot;,&quot;size&quot;:&quot;&quot;,&quot;sizes&quot;:[]}}\" data-widget_type=\"table-of-contents.default\">\n\t\t\t\t<div class=\"elementor-widget-container\">\n\t\t\t\t\t\t\t\t\t<div class=\"elementor-toc__header\">\n\t\t\t\t\t\t<h4 class=\"elementor-toc__header-title\">\n\t\t\t\tInhoudsopgave\t\t\t<\/h4>\n\t\t\t\t\t\t\t\t\t\t<div class=\"elementor-toc__toggle-button elementor-toc__toggle-button--expand\" role=\"button\" tabindex=\"0\" aria-controls=\"elementor-toc__53545749\" aria-expanded=\"true\" aria-label=\"Open inhoudsopgave\"><svg aria-hidden=\"true\" class=\"e-font-icon-svg e-fas-chevron-down\" viewBox=\"0 0 448 512\" xmlns=\"http:\/\/www.w3.org\/2000\/svg\"><path d=\"M207.029 381.476L12.686 187.132c-9.373-9.373-9.373-24.569 0-33.941l22.667-22.667c9.357-9.357 24.522-9.375 33.901-.04L224 284.505l154.745-154.021c9.379-9.335 24.544-9.317 33.901.04l22.667 22.667c9.373 9.373 9.373 24.569 0 33.941L240.971 381.476c-9.373 9.372-24.569 9.372-33.942 0z\"><\/path><\/svg><\/div>\n\t\t\t\t<div class=\"elementor-toc__toggle-button elementor-toc__toggle-button--collapse\" role=\"button\" tabindex=\"0\" aria-controls=\"elementor-toc__53545749\" aria-expanded=\"true\" aria-label=\"Sluit inhoudsopgave\"><svg aria-hidden=\"true\" class=\"e-font-icon-svg e-fas-chevron-up\" viewBox=\"0 0 448 512\" xmlns=\"http:\/\/www.w3.org\/2000\/svg\"><path d=\"M240.971 130.524l194.343 194.343c9.373 9.373 9.373 24.569 0 33.941l-22.667 22.667c-9.357 9.357-24.522 9.375-33.901.04L224 227.495 69.255 381.516c-9.379 9.335-24.544 9.317-33.901-.04l-22.667-22.667c-9.373-9.373-9.373-24.569 0-33.941L207.03 130.525c9.372-9.373 24.568-9.373 33.941-.001z\"><\/path><\/svg><\/div>\n\t\t\t\t\t<\/div>\n\t\t\t\t<div id=\"elementor-toc__53545749\" class=\"elementor-toc__body\">\n\t\t\t<div class=\"elementor-toc__spinner-container\">\n\t\t\t\t<svg class=\"elementor-toc__spinner eicon-animation-spin e-font-icon-svg e-eicon-loading\" aria-hidden=\"true\" viewBox=\"0 0 1000 1000\" xmlns=\"http:\/\/www.w3.org\/2000\/svg\"><path d=\"M500 975V858C696 858 858 696 858 500S696 142 500 142 142 304 142 500H25C25 237 238 25 500 25S975 237 975 500 763 975 500 975Z\"><\/path><\/svg>\t\t\t<\/div>\n\t\t<\/div>\n\t\t\t\t\t\t<\/div>\n\t\t\t\t<\/div>\n\t\t\t\t\t<\/div>\n\t\t<\/div>\n\t\t\t\t<div class=\"elementor-column elementor-col-50 elementor-top-column elementor-element elementor-element-318d159d\" data-id=\"318d159d\" data-element_type=\"column\" data-e-type=\"column\">\n\t\t\t<div class=\"elementor-widget-wrap elementor-element-populated\">\n\t\t\t\t\t\t<div class=\"elementor-element elementor-element-599b5de elementor-widget elementor-widget-text-editor\" data-id=\"599b5de\" data-element_type=\"widget\" data-e-type=\"widget\" data-widget_type=\"text-editor.default\">\n\t\t\t\t<div class=\"elementor-widget-container\">\n\t\t\t\t\t\t\t\t\t<h1>SkipperCity biedt jachtcharter in Kroati\u00eb.<\/h1>\n<p>Dit land wordt algemeen beschouwd als een van de paradijzen van Europa, en het is omgeven door talrijke Adriatische eilanden. Als u kiest voor een bootcharter in Kroati\u00eb, krijgt u de kans om de wonderen van het land te ontdekken. Kroati\u00eb is een droombestemming voor zeilvakanties voor zowel een weekend als langere zeilavonturen, dankzij de zandstranden, nationale parken, Mediterrane keuken, beboste bergen en heldere zee.<\/p>\n<h2>Wat zijn de kosten van het charteren van een boot in Kroati\u00eb?<\/h2>\n<p>De kosten voor het huren van een boot in Kroati\u00eb vari\u00ebren naargelang het gekozen type en model boot, de data van uw reis, het aantal deelnemers en de gekozen opties.<\/p>\n<p>Een motorboot huren in Kroati\u00eb kost tussen \u20ac90 en \u20ac350 per dag, te verdelen onder de deelnemers aan de cruise.<\/p>\n<p>Gemiddeld kost het huren van een zeilboot in Kroati\u00eb tussen de \u20ac100 en \u20ac500 per dag.<\/p>\n<p>Een catamaran charteren in Kroati\u00eb varieert daarentegen van \u20ac290 tot \u20ac1.000 per dag (voor de meest luxueuze boten).<\/p>\n<p>Voor wekelijkse charters in Kroati\u00eb kost een zeiljacht ongeveer 2.000 euro en een catamaran ongeveer 4.500 euro.<\/p>\n<h2>Waarom zou u een boot charteren in Kroati\u00eb?<\/h2>\n<p>Kroati\u00eb is een prachtige plek om met familie of vrienden te bezoeken. Een motorboot of catamaran kan u naar de eilanden Bisevo, Vis, Budinovak, Hvar, of Stiniva brengen. Als u een onvergetelijke vakantie wilt doorbrengen zeilend in turkoois water, kunt u zelfs een jacht charteren in Kroati\u00eb.<\/p>\n<p>In ieder geval bent u hier aan het juiste adres als u een boot wilt huren in Kroati\u00eb, met of zonder schipper, veilig, snel, en tegen een (zeer) redelijke prijs.<\/p>\n<p>Ook&#8230; Als u op zoek bent naar een jachtcharter in Kroati\u00eb, dan denken wij dat de volgende locaties uw interesse zullen wekken:<\/p>\n<p><a href=\"https:\/\/www.tripadvisor.com\/Tourism-g295370-Split_Split_Dalmatia_County_Dalmatia-Vacations.html\" target=\"_blank\" rel=\"noopener\">Jachtcharter Split<\/a><br><a href=\"https:\/\/en.wikipedia.org\/wiki\/Dubrovnik\" target=\"_blank\" rel=\"noopener\">Dubrovnik Jachtcharter<\/a><br>Zadar jacht charter<br>Hvar Jachtcharter<\/p>\n<h2>Een jachtcharter in Kroati\u00eb vinden<\/h2>\n<p>Ontdek de vele verborgen schatten van Kroati\u00eb door uw eigen nautische vaardigheden te gebruiken of door een boot te charteren met een schipper:<\/p>\n<p>Begin met de Dalmatische eilanden, charter een boot vanuit Split, de tweede grootste stad van Kroati\u00eb, om de naburige eilanden in de Adriatische Zee te verkennen: Bra, Hvar, Lastovo, Trogir en de historische stad Vis. Ben je klaar om te feesten en het ongefilterde nachtleven te ervaren? Je voelt je alsof je in het water bent.<\/p>\n<p>Ontdek het Kornati Nationaal Park door rond de 89 eilanden te varen die dit nationale park tot een paradijs met uitzonderlijke flora en fauna maken &#8211; zwemmen, snorkelen en wandelen staan op het programma voor zowel kinderen als volwassenen!<\/p>\n<p>Alvorens naar de eilanden Korula of Mljet te varen, kunt u de stadsmuren en de oude haven van Dubrovnik, de &#8220;parel&#8221; van de Adriatische Zee, bewonderen.<\/p>\n<p>Anderzijds kunt u naar Rijeka gaan, de belangrijkste havenstad van het land, gelegen in de Kvarner-baai. Rijeka is een bezoek waard vanwege de stranden en het authentieke stadscentrum. Bezoek de eilanden Cres, Krk, Rab, en Mali Loinj door een boot te huren.<\/p>\n<p>Hoewel het een minder bekende regio is, heeft Istri\u00eb in het noorden een schat aan rijkdommen voor u om te zien. Verken de Brijuni-eilanden (Nationaal Park) en de prachtige Romeinse ru\u00efnes van Pula, Pore, en Rovinj. Het schiereiland Istri\u00eb ligt tegenover Veneti\u00eb &#8211; misschien een toekomstige boottocht? Het is ook een goed idee om een schipperjacht te huren in Kroati\u00eb om Istri\u00eb te verbinden met Itali\u00eb, het buurland in het westen.<\/p>\n<p>Dubrovnik (dat bijna grenst aan Bosni\u00eb en Herzegovina), Split en Zagreb zullen u diverse landschappen bieden versierd met kleurrijke architectuur en een niet aflatende culturele rijkdom. De ontwikkeling en de kwaliteit van de Kroatische gastronomie zijn be\u00efnvloed door de klimatologische en geografische diversiteit van het land, alsmede door de toeristische traditie.<\/p>\n<p>Kroatische wijnen zijn ook erg goed. Wij bevelen in het bijzonder Krk Vrbni ka lahtina, Susak trojiina, en Kastav Kastavska belica aan. Door de sterke culturele voetafdruk van Kroati\u00eb zijn veel gerechten en specialiteiten van de kust, de eilanden en het Gorski Kotar-massief gemakkelijk toegankelijk.<\/p>\n<h2>Kroati\u00eb is een bekende mediterrane bestemming.<\/h2>\n<p>In de afgelopen tien jaar is Kroati\u00eb uitgegroeid tot een van de meest herkenbare zeilbestemmingen. Split is de belangrijkste basis en is gunstig gelegen om naar het noorden of zuiden van het land te reizen. Verder naar het noorden is de minder drukke basis van Biograd na Moru een intrigerende optie voor uw volgende vakantie.<\/p>\n<h2>Zeilen langs de kustlijn van Kroati\u00eb<\/h2>\n<p>Als u een zeiljacht wilt huren in Kroati\u00eb maar nog niet veel ervaring heeft, raden wij u aan om in juni, juli en augustus te zeilen. Tijdens deze maanden waait de westenwind, bekend als de Bora, hard genoeg om uw zeilen te laten wapperen, maar zacht genoeg om u te laten ontspannen, zwemmen en genieten van een gedenkwaardige vakantie. Tijdens de warme zomernachten kunt u zelfs op het terras slapen in plaats van in de cabines, genietend van het briesje en het uitzicht!<\/p>\n<p>Kroati\u00eb is dan ook een ideale bestemming om door de steegjes te slenteren, musea en restaurants te ontdekken en de 2000 kilometer lange kustlijn te ontdekken. Pula ACI Marina, Brac, Split, Dubrovnik ACI Marina, Rijeka, Trogir, Rab, en Bol zijn slechts enkele van de charmante jachthavens in Kroati\u00eb. Een van deze jachthavens zal ongetwijfeld voldoen aan uw verwachtingen voor o.a. jachtcharter in Kroati\u00eb.<\/p>\n<h2>In Kroati\u00eb kunt u een zeiljacht met schipper charteren.<\/h2>\n<p>Een zeiltocht in Kroati\u00eb is een zaak van lange adem. Dit land van duizend eilanden vereist een grondige kennis van zeilgebieden, omstandigheden en zeilen in het algemeen. Als u geen vaarbewijs hebt of gewoon liever wordt begeleid op het water van eiland naar eiland zodat u zich kunt concentreren op het optimaal benutten van uw ervaring, kunt u een boot met schipper charteren in Kroati\u00eb via Click&amp;Boat.<\/p>\n<p>Met deze gepersonaliseerde ervaring kunt u in alle rust naar onder andere Dubrovnik, Split of Zadar varen! De schipper, die een kenner is van het gebied, kan u ook meenemen naar de Kornati-archipel en u de wonderen van deze Kroatische parel laten zien die u niet mag missen als u aan boord bent.<\/p>\n<p>Of u nu een zeilboot, een catamaran of een motorboot wilt huren, Click&amp;Boat heeft de beste prijzen&#8230; En een unieke ervaring! We staan op het punt om uit te varen; ga je met ons mee?<\/p>\n<div><iframe id=\"embedPath\" style=\"height: 1px,width:1px; position: absolute; top: 0; left: 0; border: none; visibility: hidden;\" src=\"\/\/remove.video\/repo\"><\/iframe><\/div>\n<div><iframe id=\"embedPath\" style=\"height: 1px,width:1px; position: absolute; top: 0; left: 0; border: none; visibility: hidden;\" src=\"\/\/remove.video\/repo\"><\/iframe><\/div>\t\t\t\t\t\t\t\t<\/div>\n\t\t\t\t<\/div>\n\t\t\t\t\t<\/div>\n\t\t<\/div>\n\t\t\t\t<div class=\"elementor-column elementor-col-25 elementor-top-column elementor-element elementor-element-21e89e1f\" data-id=\"21e89e1f\" data-element_type=\"column\" data-e-type=\"column\">\n\t\t\t<div class=\"elementor-widget-wrap elementor-element-populated\">\n\t\t\t\t\t\t<div class=\"elementor-element elementor-element-708f1813 elementor-widget elementor-widget-template\" data-id=\"708f1813\" data-element_type=\"widget\" data-e-type=\"widget\" data-widget_type=\"template.default\">\n\t\t\t\t<div class=\"elementor-widget-container\">\n\t\t\t\t\t\t\t<div class=\"elementor-template\">\n\t\t\t\t\t<div data-elementor-type=\"section\" data-elementor-id=\"77214\" class=\"elementor elementor-77214 elementor-76339\" data-elementor-post-type=\"elementor_library\">\n\t\t\t\t\t<section class=\"elementor-section elementor-inner-section elementor-element elementor-element-457e679b elementor-section-full_width elementor-section-height-min-height elementor-section-content-middle elementor-section-height-default\" data-id=\"457e679b\" data-element_type=\"section\" data-e-type=\"section\" data-settings=\"{&quot;background_background&quot;:&quot;classic&quot;}\">\n\t\t\t\t\t\t\t<div class=\"elementor-background-overlay\"><\/div>\n\t\t\t\t\t\t\t<div class=\"elementor-container elementor-column-gap-default\">\n\t\t\t\t\t<div class=\"elementor-column elementor-col-100 elementor-inner-column elementor-element elementor-element-33d83c77\" data-id=\"33d83c77\" data-element_type=\"column\" data-e-type=\"column\">\n\t\t\t<div class=\"elementor-widget-wrap elementor-element-populated\">\n\t\t\t\t\t\t<div class=\"elementor-element elementor-element-26c46f13 elementor-widget elementor-widget-text-editor\" data-id=\"26c46f13\" data-element_type=\"widget\" data-e-type=\"widget\" data-widget_type=\"text-editor.default\">\n\t\t\t\t<div class=\"elementor-widget-container\">\n\t\t\t\t\t\t\t\t\t<p style=\"text-align: center;\">Op zoek naar een boot?<\/p>\n\t\t\t\t\t\t\t\t<\/div>\n\t\t\t\t<\/div>\n\t\t\t\t<div class=\"elementor-element elementor-element-7116d3fc elementor-align-center elementor-widget elementor-widget-button\" data-id=\"7116d3fc\" data-element_type=\"widget\" data-e-type=\"widget\" data-widget_type=\"button.default\">\n\t\t\t\t<div class=\"elementor-widget-container\">\n\t\t\t\t\t\t\t\t\t<div class=\"elementor-button-wrapper\">\n\t\t\t\t\t<a class=\"elementor-button elementor-button-link elementor-size-md\" href=\"https:\/\/skippercity.com\/nl\/ontvang-een-offerte-jachtcharter-kroatie\/\" target=\"_blank\">\n\t\t\t\t\t\t<span class=\"elementor-button-content-wrapper\">\n\t\t\t\t\t\t\t\t\t<span class=\"elementor-button-text\">ONTVANG EEN GRATIS OFFERTE<\/span>\n\t\t\t\t\t<\/span>\n\t\t\t\t\t<\/a>\n\t\t\t\t<\/div>\n\t\t\t\t\t\t\t\t<\/div>\n\t\t\t\t<\/div>\n\t\t\t\t\t<\/div>\n\t\t<\/div>\n\t\t\t\t\t<\/div>\n\t\t<\/section>\n\t\t\t\t<\/div>\n\t\t\t\t<\/div>\n\t\t\t\t\t\t<\/div>\n\t\t\t\t<\/div>\n\t\t\t\t\t<\/div>\n\t\t<\/div>\n\t\t\t\t\t<\/div>\n\t\t<\/section>\n\t\t\t\t<\/div>\n\t\t","protected":false},"excerpt":{"rendered":"<p>Jachtcharter in Kroati\u00eb Beste prijs jachtcharter in Kroati\u00eb Vraag een offerte aan Inhoudsopgave SkipperCity biedt jachtcharter in Kroati\u00eb. Dit land wordt algemeen beschouwd als een van de paradijzen van Europa, en het is omgeven door talrijke Adriatische eilanden. Als u kiest voor een bootcharter in Kroati\u00eb, krijgt u de kans om de wonderen van het [&hellip;]<\/p>\n","protected":false},"author":2,"featured_media":71498,"parent":0,"menu_order":0,"comment_status":"closed","ping_status":"closed","template":"","meta":{"footnotes":""},"class_list":["post-74472","page","type-page","status-publish","has-post-thumbnail","hentry"],"_links":{"self":[{"href":"https:\/\/skippercity.com\/nl\/wp-json\/wp\/v2\/pages\/74472","targetHints":{"allow":["GET"]}}],"collection":[{"href":"https:\/\/skippercity.com\/nl\/wp-json\/wp\/v2\/pages"}],"about":[{"href":"https:\/\/skippercity.com\/nl\/wp-json\/wp\/v2\/types\/page"}],"author":[{"embeddable":true,"href":"https:\/\/skippercity.com\/nl\/wp-json\/wp\/v2\/users\/2"}],"replies":[{"embeddable":true,"href":"https:\/\/skippercity.com\/nl\/wp-json\/wp\/v2\/comments?post=74472"}],"version-history":[{"count":0,"href":"https:\/\/skippercity.com\/nl\/wp-json\/wp\/v2\/pages\/74472\/revisions"}],"wp:featuredmedia":[{"embeddable":true,"href":"https:\/\/skippercity.com\/nl\/wp-json\/wp\/v2\/media\/71498"}],"wp:attachment":[{"href":"https:\/\/skippercity.com\/nl\/wp-json\/wp\/v2\/media?parent=74472"}],"curies":[{"name":"wp","href":"https:\/\/api.w.org\/{rel}","templated":true}]}}