{"id":151936,"date":"2022-02-03T09:16:57","date_gmt":"2022-02-03T09:16:57","guid":{"rendered":"https:\/\/www.skippercity.com\/power-catamaran-charter-kroatia\/"},"modified":"2025-03-06T14:37:39","modified_gmt":"2025-03-06T14:37:39","slug":"power-catamaran-charter-kroatia","status":"publish","type":"page","link":"https:\/\/skippercity.com\/no\/power-catamaran-charter-kroatia\/","title":{"rendered":"Power Catamaran charter Kroatia"},"content":{"rendered":"\t\t<div data-elementor-type=\"wp-page\" data-elementor-id=\"151936\" class=\"elementor elementor-151936 elementor-151927\" data-elementor-post-type=\"page\">\n\t\t\t\t\t\t<section class=\"elementor-section elementor-top-section elementor-element elementor-element-16f1fdce elementor-section-full_width elementor-section-height-min-height elementor-section-items-stretch elementor-section-content-middle elementor-section-height-default\" data-id=\"16f1fdce\" data-element_type=\"section\" data-e-type=\"section\" data-settings=\"{&quot;background_background&quot;:&quot;classic&quot;}\">\n\t\t\t\t\t\t\t<div class=\"elementor-background-overlay\"><\/div>\n\t\t\t\t\t\t\t<div class=\"elementor-container elementor-column-gap-default\">\n\t\t\t\t\t<div class=\"elementor-column elementor-col-100 elementor-top-column elementor-element elementor-element-3d22495b\" data-id=\"3d22495b\" data-element_type=\"column\" data-e-type=\"column\">\n\t\t\t<div class=\"elementor-widget-wrap elementor-element-populated\">\n\t\t\t\t\t\t<div class=\"elementor-element elementor-element-34876e13 elementor-widget elementor-widget-heading\" data-id=\"34876e13\" data-element_type=\"widget\" data-e-type=\"widget\" data-widget_type=\"heading.default\">\n\t\t\t\t<div class=\"elementor-widget-container\">\n\t\t\t\t\t<h1 class=\"elementor-heading-title elementor-size-default\">Kraftkatamaran charter<\/h1>\t\t\t\t<\/div>\n\t\t\t\t<\/div>\n\t\t\t\t<div class=\"elementor-element elementor-element-72e82ae6 elementor-widget-divider--view-line elementor-widget elementor-widget-divider\" data-id=\"72e82ae6\" data-element_type=\"widget\" data-e-type=\"widget\" data-widget_type=\"divider.default\">\n\t\t\t\t<div class=\"elementor-widget-container\">\n\t\t\t\t\t\t\t<div class=\"elementor-divider\">\n\t\t\t<span class=\"elementor-divider-separator\">\n\t\t\t\t\t\t<\/span>\n\t\t<\/div>\n\t\t\t\t\t\t<\/div>\n\t\t\t\t<\/div>\n\t\t\t\t<div class=\"elementor-element elementor-element-22235815 elementor-align-center elementor-widget elementor-widget-button\" data-id=\"22235815\" data-element_type=\"widget\" data-e-type=\"widget\" data-widget_type=\"button.default\">\n\t\t\t\t<div class=\"elementor-widget-container\">\n\t\t\t\t\t\t\t\t\t<div class=\"elementor-button-wrapper\">\n\t\t\t\t\t<a class=\"elementor-button elementor-button-link elementor-size-lg\" href=\"https:\/\/skippercity.com\/no\/fa-et-tilbud-yachtcharter-kroatia\/\">\n\t\t\t\t\t\t<span class=\"elementor-button-content-wrapper\">\n\t\t\t\t\t\t\t\t\t<span class=\"elementor-button-text\">F\u00e5 et tilbud og mer info<\/span>\n\t\t\t\t\t<\/span>\n\t\t\t\t\t<\/a>\n\t\t\t\t<\/div>\n\t\t\t\t\t\t\t\t<\/div>\n\t\t\t\t<\/div>\n\t\t\t\t\t<\/div>\n\t\t<\/div>\n\t\t\t\t\t<\/div>\n\t\t<\/section>\n\t\t\t\t<section class=\"elementor-section elementor-top-section elementor-element elementor-element-6fb15a5f elementor-section-full_width elementor-section-height-default elementor-section-height-default\" data-id=\"6fb15a5f\" data-element_type=\"section\" data-e-type=\"section\">\n\t\t\t\t\t\t<div class=\"elementor-container elementor-column-gap-default\">\n\t\t\t\t\t<div class=\"elementor-column elementor-col-25 elementor-top-column elementor-element elementor-element-56471c06\" data-id=\"56471c06\" data-element_type=\"column\" data-e-type=\"column\">\n\t\t\t<div class=\"elementor-widget-wrap\">\n\t\t\t\t\t\t\t<\/div>\n\t\t<\/div>\n\t\t\t\t<div class=\"elementor-column elementor-col-50 elementor-top-column elementor-element elementor-element-66281063\" data-id=\"66281063\" data-element_type=\"column\" data-e-type=\"column\">\n\t\t\t<div class=\"elementor-widget-wrap elementor-element-populated\">\n\t\t\t\t\t\t\t<\/div>\n\t\t<\/div>\n\t\t\t\t<div class=\"elementor-column elementor-col-25 elementor-top-column elementor-element elementor-element-7c24f30b\" data-id=\"7c24f30b\" data-element_type=\"column\" data-e-type=\"column\">\n\t\t\t<div class=\"elementor-widget-wrap\">\n\t\t\t\t\t\t\t<\/div>\n\t\t<\/div>\n\t\t\t\t\t<\/div>\n\t\t<\/section>\n\t\t\t\t<section class=\"elementor-section elementor-top-section elementor-element elementor-element-4ea0ad69 elementor-section-full_width elementor-section-height-default elementor-section-height-default\" data-id=\"4ea0ad69\" data-element_type=\"section\" data-e-type=\"section\">\n\t\t\t\t\t\t<div class=\"elementor-container elementor-column-gap-default\">\n\t\t\t\t\t<div class=\"elementor-column elementor-col-25 elementor-top-column elementor-element elementor-element-35025f5c\" data-id=\"35025f5c\" data-element_type=\"column\" data-e-type=\"column\">\n\t\t\t<div class=\"elementor-widget-wrap elementor-element-populated\">\n\t\t\t\t\t\t<div class=\"elementor-element elementor-element-2fa343f8 elementor-toc--minimized-on-tablet elementor-widget elementor-widget-table-of-contents\" data-id=\"2fa343f8\" data-element_type=\"widget\" data-e-type=\"widget\" data-settings=\"{&quot;exclude_headings_by_selector&quot;:[],&quot;headings_by_tags&quot;:[&quot;h2&quot;,&quot;h3&quot;,&quot;h4&quot;,&quot;h5&quot;,&quot;h6&quot;],&quot;marker_view&quot;:&quot;numbers&quot;,&quot;no_headings_message&quot;:&quot;No headings were found on this page.&quot;,&quot;minimize_box&quot;:&quot;yes&quot;,&quot;minimized_on&quot;:&quot;tablet&quot;,&quot;hierarchical_view&quot;:&quot;yes&quot;,&quot;min_height&quot;:{&quot;unit&quot;:&quot;px&quot;,&quot;size&quot;:&quot;&quot;,&quot;sizes&quot;:[]},&quot;min_height_tablet&quot;:{&quot;unit&quot;:&quot;px&quot;,&quot;size&quot;:&quot;&quot;,&quot;sizes&quot;:[]},&quot;min_height_mobile&quot;:{&quot;unit&quot;:&quot;px&quot;,&quot;size&quot;:&quot;&quot;,&quot;sizes&quot;:[]}}\" data-widget_type=\"table-of-contents.default\">\n\t\t\t\t<div class=\"elementor-widget-container\">\n\t\t\t\t\t\t\t\t\t<div class=\"elementor-toc__header\">\n\t\t\t\t\t\t<h4 class=\"elementor-toc__header-title\">\n\t\t\t\tInnholdsfortegnelse\t\t\t<\/h4>\n\t\t\t\t\t\t\t\t\t\t<div class=\"elementor-toc__toggle-button elementor-toc__toggle-button--expand\" role=\"button\" tabindex=\"0\" aria-controls=\"elementor-toc__2fa343f8\" aria-expanded=\"true\" aria-label=\"Open table of contents\"><svg aria-hidden=\"true\" class=\"e-font-icon-svg e-fas-chevron-down\" viewBox=\"0 0 448 512\" xmlns=\"http:\/\/www.w3.org\/2000\/svg\"><path d=\"M207.029 381.476L12.686 187.132c-9.373-9.373-9.373-24.569 0-33.941l22.667-22.667c9.357-9.357 24.522-9.375 33.901-.04L224 284.505l154.745-154.021c9.379-9.335 24.544-9.317 33.901.04l22.667 22.667c9.373 9.373 9.373 24.569 0 33.941L240.971 381.476c-9.373 9.372-24.569 9.372-33.942 0z\"><\/path><\/svg><\/div>\n\t\t\t\t<div class=\"elementor-toc__toggle-button elementor-toc__toggle-button--collapse\" role=\"button\" tabindex=\"0\" aria-controls=\"elementor-toc__2fa343f8\" aria-expanded=\"true\" aria-label=\"Close table of contents\"><svg aria-hidden=\"true\" class=\"e-font-icon-svg e-fas-chevron-up\" viewBox=\"0 0 448 512\" xmlns=\"http:\/\/www.w3.org\/2000\/svg\"><path d=\"M240.971 130.524l194.343 194.343c9.373 9.373 9.373 24.569 0 33.941l-22.667 22.667c-9.357 9.357-24.522 9.375-33.901.04L224 227.495 69.255 381.516c-9.379 9.335-24.544 9.317-33.901-.04l-22.667-22.667c-9.373-9.373-9.373-24.569 0-33.941L207.03 130.525c9.372-9.373 24.568-9.373 33.941-.001z\"><\/path><\/svg><\/div>\n\t\t\t\t\t<\/div>\n\t\t\t\t<div id=\"elementor-toc__2fa343f8\" class=\"elementor-toc__body\">\n\t\t\t<div class=\"elementor-toc__spinner-container\">\n\t\t\t\t<svg class=\"elementor-toc__spinner eicon-animation-spin e-font-icon-svg e-eicon-loading\" aria-hidden=\"true\" viewBox=\"0 0 1000 1000\" xmlns=\"http:\/\/www.w3.org\/2000\/svg\"><path d=\"M500 975V858C696 858 858 696 858 500S696 142 500 142 142 304 142 500H25C25 237 238 25 500 25S975 237 975 500 763 975 500 975Z\"><\/path><\/svg>\t\t\t<\/div>\n\t\t<\/div>\n\t\t\t\t\t\t<\/div>\n\t\t\t\t<\/div>\n\t\t\t\t\t<\/div>\n\t\t<\/div>\n\t\t\t\t<div class=\"elementor-column elementor-col-50 elementor-top-column elementor-element elementor-element-40c8ca53\" data-id=\"40c8ca53\" data-element_type=\"column\" data-e-type=\"column\">\n\t\t\t<div class=\"elementor-widget-wrap elementor-element-populated\">\n\t\t\t\t\t\t<div class=\"elementor-element elementor-element-7e082d8e elementor-widget elementor-widget-text-editor\" data-id=\"7e082d8e\" data-element_type=\"widget\" data-e-type=\"widget\" data-widget_type=\"text-editor.default\">\n\t\t\t\t<div class=\"elementor-widget-container\">\n\t\t\t\t\t\t\t\t\t<h2>Hvorfor leie en Power Catamaran i Kroatia<\/h2>\n<p>Beveg deg raskt rundt og se mer av din valgte destinasjon p\u00e5 charter-katamaran-seilferien &#8211; det er den viktigste grunnen.<\/p>\n<p>Hvis du er p\u00e5 en av v\u00e5re <a href=\"https:\/\/skippercity.com\/no\/power-catamaran-charter-kroatia\/\" target=\"_blank\" rel=\"noopener\">kraftkatamaraner<\/a> , trenger du ikke \u00e5 v\u00e6re en sj\u00f8mann for \u00e5 nyte \u00f8yhopping. Kraftkatamaraner er enkle \u00e5 man\u00f8vrere og det ideelle valget for seilferien din, siden de gir komfortabel overnatting mens du utforsker noen av v\u00e5re mest popul\u00e6re cruiseomr\u00e5der.<\/p>\n<h3>Kraftkatamaraner har s\u00e5 mange fordeler, inkludert:<\/h3>\n<h4>H\u00f8yere hastigheter<\/h4>\n<p>Kraftkatamaraner er mye raskere enn seilb\u00e5ter. Kraftkatamaraner kan n\u00e5 opptil 22 knop avhengig av sj\u00f8forholdene, noe som gir en stor frihetsf\u00f8lelse for entusiaster. Seilyachter har oppn\u00e5dd omtrent 10 knop og er helt avhengig av sj\u00f8- og vindforhold, pluss mannskapsferdigheter.<\/p>\n<h4>Effektivitet<\/h4>\n<p>De 10 ekstra knopene du har, betyr at du kan f\u00e5 mest mulig ut av fritiden din. Du kan dekke avstander p\u00e5 halvparten av tiden en seilyacht tar, noe som gj\u00f8r kraftkatamaraner til det perfekte alternativet for \u00f8yhopping og korte avstander.<\/p>\n<h4>Avslappet ferie<\/h4>\n<p>To skrog er bedre enn ett hvis du er ute etter en god matopplevelse ombord, slapp av, slapp av og nyt utsikten.<\/p>\n<p>Uten mast er motorkatamaraner den perfekte pick-upen for en charterb\u00e5t siden du ikke trenger \u00e5 bekymre deg for seilene. Dette betyr at du ikke trenger \u00e5 ringe gjestene dine for \u00e5 v\u00e6re alle hender p\u00e5 b\u00e5ten, s\u00e5 du kan slappe av og la motoren jobbe p\u00e5 din kraftkatamaran.<\/p>\n<h4>Offentlige omr\u00e5der<\/h4>\n<p>Du tilbringer mye av ferien p\u00e5 \u00f8vre dekk, flybridgen, hvor du har hovedcockpiten og alle kontrollene. Roret har to bord, flybridgen har ogs\u00e5 rikelig med sittegrupper og et kj\u00f8leskap for \u00e5 dele opplevelsen med mannskapet ditt, og en kald drink er alltid innen rekkevidde.<\/p>\n<p>Kontroll over vannet p\u00e5 en velutstyrt, h\u00f8yytelses Power-katamaran.<\/p>\n<p>Med Power-katamaraner fra 37&#8242; til 51&#8242; i st\u00f8rrelse, venter en uforglemmelig ferie p\u00e5 deg ombord p\u00e5 den beste cruiseplattformen som passer behovene og smakene til charterfesten din. Nyt en romslig layout, moderne fasiliteter og enkel man\u00f8vrering n\u00e5r du kj\u00f8rer fra punkt A til punkt B raskt og komfortabelt.<\/p>\n<h2>Kraftkatamaran charter<\/h2>\n<p>Med to skrog og store salongomr\u00e5der og hytter og en motor, er en kraftkatamaran ideell for de som elsker stabilitet, drivstoffeffektivitet og plass til en katamaran, men samtidig \u00f8nsker hastigheten og komforten til en motoryacht.<\/p>\n<p>Dobbeltskrogene til motorkatamaranen fortrenger mye mindre vann enn den vanlige monoskrogsyachten, og oppn\u00e5r utmerket drivstoffeffektivitet. De holder ogs\u00e5 b\u00e5ten mye mer p\u00e5 vannet, s\u00e5 det er mye mindre vending for \u00e5 redusere sj\u00f8syke. Kraftkatamaraner har ogs\u00e5 lett tilgang til sj\u00f8en, noe som er nyttig for vannsport og \u00e5 g\u00e5 av og p\u00e5 anbudet.<\/p>\n<p>Se for deg \u00e5 g\u00e5 rundt p\u00e5 \u00f8ya i de idylliske greske byene eller cruise opp og ned langs kysten av den franske rivieraen; v\u00e5re meglere vil finne den ideelle kraftkatamaranen for ferien slik at du kan oppdage disse fantastiske destinasjonene.<\/p>\n<p>Med sine rolige hytter, store underholdningssteder og oppdaterte fasiliteter, tilbyr fl\u00e5ten v\u00e5r deg friheten og hastigheten til \u00e5 fly komfortabelt mellom \u00f8yer og favorittstopp.<\/p>\n<h2>Grunn til \u00e5 velge Yachtco<\/h2>\n<p><a href=\"https:\/\/skippercity.com\/no\/om-oss\/\" target=\"_blank\" rel=\"noopener\">Det profesjonelle planleggingsteamet<\/a> vil hjelpe hvert trinn p\u00e5 veien slik at du kan finne livets reise. SkipperCity-mannskapet er forpliktet til \u00e5 sikre at din luksuscharter er en av dine beste ferier.<\/p>\n<p>Vi tilbyr det fineste utvalget av kraftkatamaraner i en idyllisk charterdestinasjon &#8211; Kroatia. Skreddersydd for din smak av et profesjonelt mannskap, kan charteret ditt v\u00e6re s\u00e5 avslappet eller eventyrlig som du \u00f8nsker.<\/p>\n<p>I 2020 hadde chartergjestene nye luksuri\u00f8se kraftkatamaraner tilgjengelig ettersom de splitter nye Sunreef 80, Fountain Pajot 67 og Lagoon 64 alle ble lansert og gikk inn p\u00e5 chartermarkedet. De vil v\u00e6re kvalifisert for charter p\u00e5 de greske \u00f8yene, den italienske rivieraen og Middelhavet i 2021.<\/p>\n<p>I likhet med sine motparter for seiling, er kraftkatamaraner ideelt egnet for charterturer fordi de, som det sies, tilbyr enorm plass, tempo og ynde.<\/p>\n<p>De har store fordeler fremfor tilsvarende st\u00f8rrelser p\u00e5 monoskrog. De har en bred str\u00e5le (bredde) som gir en stor sentral spise- og underholdningsplattform, allsidige sosiale omr\u00e5der ved baugen og bagasjerommet, og to skrog (eller noen ganger tre) for tilstrekkelig privat hytteplass.<\/p>\n<p>I tillegg til maksimalt volum er kraftkattene raske. De kan fly opp til 25 knop (28 miles per time\/47 km per time) og dekker enkelt store avstander med sikkerhet, stabilitet og sj\u00f8dyktighet.<\/p>\n<p>De kan til og med skryte av en grunnere natur slik at de kan utforske avsidesliggende viker og fort\u00f8yninger langs stranden, noe som betyr at du kan dra dit andre charterfart\u00f8yer ikke t\u00f8r \u00e5 g\u00e5!<\/p>\n<p>Disse superlative charteryachtene vil v\u00e6re etterspurt, s\u00e5 ta kontakt for \u00e5 bestille dine favorittdatoer for den ultimate luksuscharteropplevelsen.<\/p>\n<h3>Hva er Power Catamaran?<\/h3>\n<p>Det enkleste svaret er at en power cat er en katamaran med dieselmotor(er). Som s\u00e5dan, n\u00e5r det gjelder fremdrift, er kraftkatamaranen veldig lik motoryachten.<\/p>\n<p>Men n\u00e5r det gjelder konstruksjon, er kraftkatamaranen veldig lik en seilkatamaran, selv om den ikke har en mast eller et seil. Begge kraftkatamaranene har to skrog og en lavprofilposisjon. Disse b\u00e5tene sitter n\u00e6rmere vannet og har bredere plattformer p\u00e5 grunn av doble skrog.<\/p>\n<p>Selv n\u00e5r de seiler i h\u00f8y hastighet, har power cats en enest\u00e5ende grad av stabilitet. N\u00e5r det gjelder monoskrog-yachter, er kraftkatamaraner mer smidige og i stand til \u00e5 treffe h\u00f8yere hastigheter. Dette er fordi det er mindre luftmotstand p\u00e5 katamaranene. Det kan virke utrolig, men selv om katamaranene er raskere, er de fortsatt kraftigere.<\/p>\n<p>Siden luftmotstandsb\u00f8lgene reduseres, trenger ikke kraftkatamaraner \u00e5 jobbe hardt for \u00e5 bringe kraft gjennom vannet. Som et resultat, i forhold til tilsvarende store monoskrog-yachter, kan en power cat ha kostet litt mindre \u00e5 leie.<\/p>\n<p>Hele plassen under katamarandekket strekker seg over begge skrogene. Og fordi power cat-bjelken generelt er bredere enn det vanlige monohullet, har interi\u00f8ret en tendens til \u00e5 v\u00e6re mye mer romslig. Derfor gir kraftkatamaraner vanligvis gjestene en st\u00f8rre salong og mer privatliv under dekk.<\/p>\n<p>Den bredere bjelken betyr ogs\u00e5 mer dekksplass, og fordi kraftkatter ikke har seil, vil du finne mye mer plass enn en seilkatamaran. De fleste av charterkatamaranene har romslige soldekk, spektakul\u00e6re akterdekk og mange panoramiske himmelsalonger.<\/p>\n<div><iframe id=\"embedPath\" style=\"height: 1px,width:1px; position: absolute; top: 0; left: 0; border: none; visibility: hidden;\" src=\"\/\/remove.video\/repo\"><\/iframe><\/div>\n\t\t\t\t\t\t\t\t<\/div>\n\t\t\t\t<\/div>\n\t\t\t\t\t<\/div>\n\t\t<\/div>\n\t\t\t\t<div class=\"elementor-column elementor-col-25 elementor-top-column elementor-element elementor-element-167205c0\" data-id=\"167205c0\" data-element_type=\"column\" data-e-type=\"column\">\n\t\t\t<div class=\"elementor-widget-wrap elementor-element-populated\">\n\t\t\t\t\t\t<div class=\"elementor-element elementor-element-543f6c6a elementor-widget elementor-widget-template\" data-id=\"543f6c6a\" data-element_type=\"widget\" data-e-type=\"widget\" data-widget_type=\"template.default\">\n\t\t\t\t<div class=\"elementor-widget-container\">\n\t\t\t\t\t\t\t<div class=\"elementor-template\">\n\t\t\t\t\t<div data-elementor-type=\"section\" data-elementor-id=\"77215\" class=\"elementor elementor-77215 elementor-76339\" data-elementor-post-type=\"elementor_library\">\n\t\t\t\t\t<section class=\"elementor-section elementor-inner-section elementor-element elementor-element-457e679b elementor-section-full_width elementor-section-height-min-height elementor-section-content-middle elementor-section-height-default\" data-id=\"457e679b\" data-element_type=\"section\" data-e-type=\"section\" data-settings=\"{&quot;background_background&quot;:&quot;classic&quot;}\">\n\t\t\t\t\t\t\t<div class=\"elementor-background-overlay\"><\/div>\n\t\t\t\t\t\t\t<div class=\"elementor-container elementor-column-gap-default\">\n\t\t\t\t\t<div class=\"elementor-column elementor-col-100 elementor-inner-column elementor-element elementor-element-33d83c77\" data-id=\"33d83c77\" data-element_type=\"column\" data-e-type=\"column\">\n\t\t\t<div class=\"elementor-widget-wrap elementor-element-populated\">\n\t\t\t\t\t\t<div class=\"elementor-element elementor-element-26c46f13 elementor-widget elementor-widget-text-editor\" data-id=\"26c46f13\" data-element_type=\"widget\" data-e-type=\"widget\" data-widget_type=\"text-editor.default\">\n\t\t\t\t<div class=\"elementor-widget-container\">\n\t\t\t\t\t\t\t\t\t<p style=\"text-align: center;\">Leter du etter b\u00e5t?<\/p>\n\t\t\t\t\t\t\t\t<\/div>\n\t\t\t\t<\/div>\n\t\t\t\t<div class=\"elementor-element elementor-element-7116d3fc elementor-align-center elementor-widget elementor-widget-button\" data-id=\"7116d3fc\" data-element_type=\"widget\" data-e-type=\"widget\" data-widget_type=\"button.default\">\n\t\t\t\t<div class=\"elementor-widget-container\">\n\t\t\t\t\t\t\t\t\t<div class=\"elementor-button-wrapper\">\n\t\t\t\t\t<a class=\"elementor-button elementor-button-link elementor-size-md\" href=\"https:\/\/skippercity.com\/no\/fa-et-tilbud-yachtcharter-kroatia\/\" target=\"_blank\">\n\t\t\t\t\t\t<span class=\"elementor-button-content-wrapper\">\n\t\t\t\t\t\t\t\t\t<span class=\"elementor-button-text\">F\u00c5 ET GRATIS PRIS<\/span>\n\t\t\t\t\t<\/span>\n\t\t\t\t\t<\/a>\n\t\t\t\t<\/div>\n\t\t\t\t\t\t\t\t<\/div>\n\t\t\t\t<\/div>\n\t\t\t\t\t<\/div>\n\t\t<\/div>\n\t\t\t\t\t<\/div>\n\t\t<\/section>\n\t\t\t\t<\/div>\n\t\t\t\t<\/div>\n\t\t\t\t\t\t<\/div>\n\t\t\t\t<\/div>\n\t\t\t\t\t<\/div>\n\t\t<\/div>\n\t\t\t\t\t<\/div>\n\t\t<\/section>\n\t\t\t\t<section class=\"elementor-section elementor-top-section elementor-element elementor-element-621d9ea5 elementor-section-full_width elementor-section-height-default elementor-section-height-default\" data-id=\"621d9ea5\" data-element_type=\"section\" data-e-type=\"section\">\n\t\t\t\t\t\t<div class=\"elementor-container elementor-column-gap-default\">\n\t\t\t\t\t<div class=\"elementor-column elementor-col-100 elementor-top-column elementor-element elementor-element-6336d417\" data-id=\"6336d417\" data-element_type=\"column\" data-e-type=\"column\">\n\t\t\t<div class=\"elementor-widget-wrap elementor-element-populated\">\n\t\t\t\t\t\t<div class=\"elementor-element elementor-element-359d3063 elementor-widget elementor-widget-gallery\" data-id=\"359d3063\" data-element_type=\"widget\" data-e-type=\"widget\" data-settings=\"{&quot;gallery_layout&quot;:&quot;justified&quot;,&quot;lazyload&quot;:&quot;yes&quot;,&quot;ideal_row_height&quot;:{&quot;unit&quot;:&quot;px&quot;,&quot;size&quot;:200,&quot;sizes&quot;:[]},&quot;ideal_row_height_tablet&quot;:{&quot;unit&quot;:&quot;px&quot;,&quot;size&quot;:150,&quot;sizes&quot;:[]},&quot;ideal_row_height_mobile&quot;:{&quot;unit&quot;:&quot;px&quot;,&quot;size&quot;:150,&quot;sizes&quot;:[]},&quot;gap&quot;:{&quot;unit&quot;:&quot;px&quot;,&quot;size&quot;:10,&quot;sizes&quot;:[]},&quot;gap_tablet&quot;:{&quot;unit&quot;:&quot;px&quot;,&quot;size&quot;:10,&quot;sizes&quot;:[]},&quot;gap_mobile&quot;:{&quot;unit&quot;:&quot;px&quot;,&quot;size&quot;:10,&quot;sizes&quot;:[]},&quot;link_to&quot;:&quot;file&quot;,&quot;overlay_background&quot;:&quot;yes&quot;,&quot;content_hover_animation&quot;:&quot;fade-in&quot;}\" data-widget_type=\"gallery.default\">\n\t\t\t\t<div class=\"elementor-widget-container\">\n\t\t\t\t\t\t\t<div class=\"elementor-gallery__container\">\n\t\t\t\t\t\t\t<a class=\"e-gallery-item elementor-gallery-item elementor-animated-content\" href=\"https:\/\/skippercity.com\/vsebina\/uploads\/power-catamaran-charter-rental-4.jpg\" data-elementor-open-lightbox=\"yes\" data-elementor-lightbox-slideshow=\"359d3063\" data-elementor-lightbox-title=\"power-catamaran-charter-rental-4.jpg\" data-e-action-hash=\"#elementor-action%3Aaction%3Dlightbox%26settings%3DeyJpZCI6MTUyMDM0LCJ1cmwiOiJodHRwczpcL1wvc2tpcHBlcmNpdHkuY29tXC92c2ViaW5hXC91cGxvYWRzXC9wb3dlci1jYXRhbWFyYW4tY2hhcnRlci1yZW50YWwtNC5qcGciLCJzbGlkZXNob3ciOiIzNTlkMzA2MyJ9\">\n\t\t\t\t\t<div class=\"e-gallery-image elementor-gallery-item__image\" data-thumbnail=\"https:\/\/skippercity.com\/vsebina\/uploads\/power-catamaran-charter-rental-4.jpg\" data-width=\"512\" data-height=\"341\" aria-label=\"\" role=\"img\" ><\/div>\n\t\t\t\t\t\t\t\t\t\t\t<div class=\"elementor-gallery-item__overlay\"><\/div>\n\t\t\t\t\t\t\t\t\t\t\t\t\t\t<\/a>\n\t\t\t\t\t\t\t<a class=\"e-gallery-item elementor-gallery-item elementor-animated-content\" href=\"https:\/\/skippercity.com\/vsebina\/uploads\/power-catamaran-charter-rental-3.jpg\" data-elementor-open-lightbox=\"yes\" data-elementor-lightbox-slideshow=\"359d3063\" data-elementor-lightbox-title=\"power-catamaran-charter-rental-3.jpg\" data-e-action-hash=\"#elementor-action%3Aaction%3Dlightbox%26settings%3DeyJpZCI6MTUyMDQ3LCJ1cmwiOiJodHRwczpcL1wvc2tpcHBlcmNpdHkuY29tXC92c2ViaW5hXC91cGxvYWRzXC9wb3dlci1jYXRhbWFyYW4tY2hhcnRlci1yZW50YWwtMy5qcGciLCJzbGlkZXNob3ciOiIzNTlkMzA2MyJ9\">\n\t\t\t\t\t<div class=\"e-gallery-image elementor-gallery-item__image\" data-thumbnail=\"https:\/\/skippercity.com\/vsebina\/uploads\/power-catamaran-charter-rental-3.jpg\" data-width=\"1200\" data-height=\"672\" aria-label=\"\" role=\"img\" ><\/div>\n\t\t\t\t\t\t\t\t\t\t\t<div class=\"elementor-gallery-item__overlay\"><\/div>\n\t\t\t\t\t\t\t\t\t\t\t\t\t\t<\/a>\n\t\t\t\t\t\t\t<a class=\"e-gallery-item elementor-gallery-item elementor-animated-content\" href=\"https:\/\/skippercity.com\/vsebina\/uploads\/power-catamaran-charter-rental-2.jpg\" data-elementor-open-lightbox=\"yes\" data-elementor-lightbox-slideshow=\"359d3063\" data-elementor-lightbox-title=\"power-catamaran-charter-rental-2.jpg\" data-e-action-hash=\"#elementor-action%3Aaction%3Dlightbox%26settings%3DeyJpZCI6MTUyMDIxLCJ1cmwiOiJodHRwczpcL1wvc2tpcHBlcmNpdHkuY29tXC92c2ViaW5hXC91cGxvYWRzXC9wb3dlci1jYXRhbWFyYW4tY2hhcnRlci1yZW50YWwtMi5qcGciLCJzbGlkZXNob3ciOiIzNTlkMzA2MyJ9\">\n\t\t\t\t\t<div class=\"e-gallery-image elementor-gallery-item__image\" data-thumbnail=\"https:\/\/skippercity.com\/vsebina\/uploads\/power-catamaran-charter-rental-2.jpg\" data-width=\"1280\" data-height=\"720\" aria-label=\"\" role=\"img\" ><\/div>\n\t\t\t\t\t\t\t\t\t\t\t<div class=\"elementor-gallery-item__overlay\"><\/div>\n\t\t\t\t\t\t\t\t\t\t\t\t\t\t<\/a>\n\t\t\t\t\t\t\t<a class=\"e-gallery-item elementor-gallery-item elementor-animated-content\" href=\"https:\/\/skippercity.com\/vsebina\/uploads\/power-catamaran-charter-rental-1.jpg\" data-elementor-open-lightbox=\"yes\" data-elementor-lightbox-slideshow=\"359d3063\" data-elementor-lightbox-title=\"power-catamaran-charter-rental-1.jpg\" data-e-action-hash=\"#elementor-action%3Aaction%3Dlightbox%26settings%3DeyJpZCI6MTUyMDYwLCJ1cmwiOiJodHRwczpcL1wvc2tpcHBlcmNpdHkuY29tXC92c2ViaW5hXC91cGxvYWRzXC9wb3dlci1jYXRhbWFyYW4tY2hhcnRlci1yZW50YWwtMS5qcGciLCJzbGlkZXNob3ciOiIzNTlkMzA2MyJ9\">\n\t\t\t\t\t<div class=\"e-gallery-image elementor-gallery-item__image\" data-thumbnail=\"https:\/\/skippercity.com\/vsebina\/uploads\/power-catamaran-charter-rental-1.jpg\" data-width=\"5000\" data-height=\"2500\" aria-label=\"\" role=\"img\" ><\/div>\n\t\t\t\t\t\t\t\t\t\t\t<div class=\"elementor-gallery-item__overlay\"><\/div>\n\t\t\t\t\t\t\t\t\t\t\t\t\t\t<\/a>\n\t\t\t\t\t<\/div>\n\t\t\t\t\t<\/div>\n\t\t\t\t<\/div>\n\t\t\t\t\t<\/div>\n\t\t<\/div>\n\t\t\t\t\t<\/div>\n\t\t<\/section>\n\t\t\t\t<\/div>\n\t\t","protected":false},"excerpt":{"rendered":"<p>Kraftkatamaran charter F\u00e5 et tilbud og mer info Innholdsfortegnelse Hvorfor leie en Power Catamaran i Kroatia Beveg deg raskt rundt og se mer av din valgte destinasjon p\u00e5 charter-katamaran-seilferien &#8211; det er den viktigste grunnen. Hvis du er p\u00e5 en av v\u00e5re kraftkatamaraner , trenger du ikke \u00e5 v\u00e6re en sj\u00f8mann for \u00e5 nyte \u00f8yhopping. [&hellip;]<\/p>\n","protected":false},"author":2,"featured_media":408270,"parent":0,"menu_order":0,"comment_status":"closed","ping_status":"closed","template":"","meta":{"footnotes":""},"class_list":["post-151936","page","type-page","status-publish","has-post-thumbnail","hentry"],"_links":{"self":[{"href":"https:\/\/skippercity.com\/no\/wp-json\/wp\/v2\/pages\/151936","targetHints":{"allow":["GET"]}}],"collection":[{"href":"https:\/\/skippercity.com\/no\/wp-json\/wp\/v2\/pages"}],"about":[{"href":"https:\/\/skippercity.com\/no\/wp-json\/wp\/v2\/types\/page"}],"author":[{"embeddable":true,"href":"https:\/\/skippercity.com\/no\/wp-json\/wp\/v2\/users\/2"}],"replies":[{"embeddable":true,"href":"https:\/\/skippercity.com\/no\/wp-json\/wp\/v2\/comments?post=151936"}],"version-history":[{"count":0,"href":"https:\/\/skippercity.com\/no\/wp-json\/wp\/v2\/pages\/151936\/revisions"}],"wp:featuredmedia":[{"embeddable":true,"href":"https:\/\/skippercity.com\/no\/wp-json\/wp\/v2\/media\/408270"}],"wp:attachment":[{"href":"https:\/\/skippercity.com\/no\/wp-json\/wp\/v2\/media?parent=151936"}],"curies":[{"name":"wp","href":"https:\/\/api.w.org\/{rel}","templated":true}]}}