{"id":151947,"date":"2022-02-03T09:17:08","date_gmt":"2022-02-03T09:17:08","guid":{"rendered":"https:\/\/www.skippercity.com\/motoryacht-charter-kroatia\/"},"modified":"2025-03-06T14:37:42","modified_gmt":"2025-03-06T14:37:42","slug":"motoryacht-charter-kroatia","status":"publish","type":"page","link":"https:\/\/skippercity.com\/no\/motoryacht-charter-kroatia\/","title":{"rendered":"Motoryacht charter Kroatia"},"content":{"rendered":"\t\t<div data-elementor-type=\"wp-page\" data-elementor-id=\"151947\" class=\"elementor elementor-151947 elementor-151928\" data-elementor-post-type=\"page\">\n\t\t\t\t\t\t<section class=\"elementor-section elementor-top-section elementor-element elementor-element-7e1de428 elementor-section-full_width elementor-section-height-min-height elementor-section-items-stretch elementor-section-content-middle elementor-section-height-default\" data-id=\"7e1de428\" data-element_type=\"section\" data-e-type=\"section\" data-settings=\"{&quot;background_background&quot;:&quot;classic&quot;}\">\n\t\t\t\t\t\t\t<div class=\"elementor-background-overlay\"><\/div>\n\t\t\t\t\t\t\t<div class=\"elementor-container elementor-column-gap-default\">\n\t\t\t\t\t<div class=\"elementor-column elementor-col-100 elementor-top-column elementor-element elementor-element-42cc489c\" data-id=\"42cc489c\" data-element_type=\"column\" data-e-type=\"column\">\n\t\t\t<div class=\"elementor-widget-wrap elementor-element-populated\">\n\t\t\t\t\t\t<div class=\"elementor-element elementor-element-6f4f64bc elementor-widget elementor-widget-heading\" data-id=\"6f4f64bc\" data-element_type=\"widget\" data-e-type=\"widget\" data-widget_type=\"heading.default\">\n\t\t\t\t<div class=\"elementor-widget-container\">\n\t\t\t\t\t<h1 class=\"elementor-heading-title elementor-size-default\">Motor yacht charter<\/h1>\t\t\t\t<\/div>\n\t\t\t\t<\/div>\n\t\t\t\t<div class=\"elementor-element elementor-element-b2ae5c elementor-widget-divider--view-line elementor-widget elementor-widget-divider\" data-id=\"b2ae5c\" data-element_type=\"widget\" data-e-type=\"widget\" data-widget_type=\"divider.default\">\n\t\t\t\t<div class=\"elementor-widget-container\">\n\t\t\t\t\t\t\t<div class=\"elementor-divider\">\n\t\t\t<span class=\"elementor-divider-separator\">\n\t\t\t\t\t\t<\/span>\n\t\t<\/div>\n\t\t\t\t\t\t<\/div>\n\t\t\t\t<\/div>\n\t\t\t\t<div class=\"elementor-element elementor-element-3e8e2d8d elementor-align-center elementor-widget elementor-widget-button\" data-id=\"3e8e2d8d\" data-element_type=\"widget\" data-e-type=\"widget\" data-widget_type=\"button.default\">\n\t\t\t\t<div class=\"elementor-widget-container\">\n\t\t\t\t\t\t\t\t\t<div class=\"elementor-button-wrapper\">\n\t\t\t\t\t<a class=\"elementor-button elementor-button-link elementor-size-lg\" href=\"https:\/\/skippercity.com\/no\/fa-et-tilbud-yachtcharter-kroatia\/\">\n\t\t\t\t\t\t<span class=\"elementor-button-content-wrapper\">\n\t\t\t\t\t\t\t\t\t<span class=\"elementor-button-text\">F\u00e5 et tilbud og mer info<\/span>\n\t\t\t\t\t<\/span>\n\t\t\t\t\t<\/a>\n\t\t\t\t<\/div>\n\t\t\t\t\t\t\t\t<\/div>\n\t\t\t\t<\/div>\n\t\t\t\t\t<\/div>\n\t\t<\/div>\n\t\t\t\t\t<\/div>\n\t\t<\/section>\n\t\t\t\t<section class=\"elementor-section elementor-top-section elementor-element elementor-element-6eebdb72 elementor-section-full_width elementor-section-height-default elementor-section-height-default\" data-id=\"6eebdb72\" data-element_type=\"section\" data-e-type=\"section\">\n\t\t\t\t\t\t<div class=\"elementor-container elementor-column-gap-default\">\n\t\t\t\t\t<div class=\"elementor-column elementor-col-25 elementor-top-column elementor-element elementor-element-3e03b20e\" data-id=\"3e03b20e\" data-element_type=\"column\" data-e-type=\"column\">\n\t\t\t<div class=\"elementor-widget-wrap\">\n\t\t\t\t\t\t\t<\/div>\n\t\t<\/div>\n\t\t\t\t<div class=\"elementor-column elementor-col-50 elementor-top-column elementor-element elementor-element-6ddc4f7d\" data-id=\"6ddc4f7d\" data-element_type=\"column\" data-e-type=\"column\">\n\t\t\t<div class=\"elementor-widget-wrap elementor-element-populated\">\n\t\t\t\t\t\t\t<\/div>\n\t\t<\/div>\n\t\t\t\t<div class=\"elementor-column elementor-col-25 elementor-top-column elementor-element elementor-element-170036f5\" data-id=\"170036f5\" data-element_type=\"column\" data-e-type=\"column\">\n\t\t\t<div class=\"elementor-widget-wrap\">\n\t\t\t\t\t\t\t<\/div>\n\t\t<\/div>\n\t\t\t\t\t<\/div>\n\t\t<\/section>\n\t\t\t\t<section class=\"elementor-section elementor-top-section elementor-element elementor-element-6ef72580 elementor-section-full_width elementor-section-height-default elementor-section-height-default\" data-id=\"6ef72580\" data-element_type=\"section\" data-e-type=\"section\">\n\t\t\t\t\t\t<div class=\"elementor-container elementor-column-gap-default\">\n\t\t\t\t\t<div class=\"elementor-column elementor-col-25 elementor-top-column elementor-element elementor-element-7771436\" data-id=\"7771436\" data-element_type=\"column\" data-e-type=\"column\">\n\t\t\t<div class=\"elementor-widget-wrap elementor-element-populated\">\n\t\t\t\t\t\t<div class=\"elementor-element elementor-element-2ab2196 elementor-toc--minimized-on-tablet elementor-widget elementor-widget-table-of-contents\" data-id=\"2ab2196\" data-element_type=\"widget\" data-e-type=\"widget\" data-settings=\"{&quot;exclude_headings_by_selector&quot;:[],&quot;headings_by_tags&quot;:[&quot;h2&quot;,&quot;h3&quot;,&quot;h4&quot;,&quot;h5&quot;,&quot;h6&quot;],&quot;marker_view&quot;:&quot;numbers&quot;,&quot;no_headings_message&quot;:&quot;No headings were found on this page.&quot;,&quot;minimize_box&quot;:&quot;yes&quot;,&quot;minimized_on&quot;:&quot;tablet&quot;,&quot;hierarchical_view&quot;:&quot;yes&quot;,&quot;min_height&quot;:{&quot;unit&quot;:&quot;px&quot;,&quot;size&quot;:&quot;&quot;,&quot;sizes&quot;:[]},&quot;min_height_tablet&quot;:{&quot;unit&quot;:&quot;px&quot;,&quot;size&quot;:&quot;&quot;,&quot;sizes&quot;:[]},&quot;min_height_mobile&quot;:{&quot;unit&quot;:&quot;px&quot;,&quot;size&quot;:&quot;&quot;,&quot;sizes&quot;:[]}}\" data-widget_type=\"table-of-contents.default\">\n\t\t\t\t<div class=\"elementor-widget-container\">\n\t\t\t\t\t\t\t\t\t<div class=\"elementor-toc__header\">\n\t\t\t\t\t\t<h4 class=\"elementor-toc__header-title\">\n\t\t\t\tInnholdsfortegnelse\t\t\t<\/h4>\n\t\t\t\t\t\t\t\t\t\t<div class=\"elementor-toc__toggle-button elementor-toc__toggle-button--expand\" role=\"button\" tabindex=\"0\" aria-controls=\"elementor-toc__2ab2196\" aria-expanded=\"true\" aria-label=\"Open table of contents\"><svg aria-hidden=\"true\" class=\"e-font-icon-svg e-fas-chevron-down\" viewBox=\"0 0 448 512\" xmlns=\"http:\/\/www.w3.org\/2000\/svg\"><path d=\"M207.029 381.476L12.686 187.132c-9.373-9.373-9.373-24.569 0-33.941l22.667-22.667c9.357-9.357 24.522-9.375 33.901-.04L224 284.505l154.745-154.021c9.379-9.335 24.544-9.317 33.901.04l22.667 22.667c9.373 9.373 9.373 24.569 0 33.941L240.971 381.476c-9.373 9.372-24.569 9.372-33.942 0z\"><\/path><\/svg><\/div>\n\t\t\t\t<div class=\"elementor-toc__toggle-button elementor-toc__toggle-button--collapse\" role=\"button\" tabindex=\"0\" aria-controls=\"elementor-toc__2ab2196\" aria-expanded=\"true\" aria-label=\"Close table of contents\"><svg aria-hidden=\"true\" class=\"e-font-icon-svg e-fas-chevron-up\" viewBox=\"0 0 448 512\" xmlns=\"http:\/\/www.w3.org\/2000\/svg\"><path d=\"M240.971 130.524l194.343 194.343c9.373 9.373 9.373 24.569 0 33.941l-22.667 22.667c-9.357 9.357-24.522 9.375-33.901.04L224 227.495 69.255 381.516c-9.379 9.335-24.544 9.317-33.901-.04l-22.667-22.667c-9.373-9.373-9.373-24.569 0-33.941L207.03 130.525c9.372-9.373 24.568-9.373 33.941-.001z\"><\/path><\/svg><\/div>\n\t\t\t\t\t<\/div>\n\t\t\t\t<div id=\"elementor-toc__2ab2196\" class=\"elementor-toc__body\">\n\t\t\t<div class=\"elementor-toc__spinner-container\">\n\t\t\t\t<svg class=\"elementor-toc__spinner eicon-animation-spin e-font-icon-svg e-eicon-loading\" aria-hidden=\"true\" viewBox=\"0 0 1000 1000\" xmlns=\"http:\/\/www.w3.org\/2000\/svg\"><path d=\"M500 975V858C696 858 858 696 858 500S696 142 500 142 142 304 142 500H25C25 237 238 25 500 25S975 237 975 500 763 975 500 975Z\"><\/path><\/svg>\t\t\t<\/div>\n\t\t<\/div>\n\t\t\t\t\t\t<\/div>\n\t\t\t\t<\/div>\n\t\t\t\t\t<\/div>\n\t\t<\/div>\n\t\t\t\t<div class=\"elementor-column elementor-col-50 elementor-top-column elementor-element elementor-element-2e8a6b7e\" data-id=\"2e8a6b7e\" data-element_type=\"column\" data-e-type=\"column\">\n\t\t\t<div class=\"elementor-widget-wrap elementor-element-populated\">\n\t\t\t\t\t\t<div class=\"elementor-element elementor-element-37ce902a elementor-widget elementor-widget-text-editor\" data-id=\"37ce902a\" data-element_type=\"widget\" data-e-type=\"widget\" data-widget_type=\"text-editor.default\">\n\t\t\t\t<div class=\"elementor-widget-container\">\n\t\t\t\t\t\t\t\t\t<h2>Lei en motoryacht hvis du liker \u00e5 leke med noen hundre hestekrefter<\/h2>\n<h3><strong style=\"font-style: inherit;\">Gj\u00f8r det du vil n\u00e5r du vil&#8230;<\/strong><\/h3>\n<p><a href=\"https:\/\/skippercity.com\/no\/\">Lei en motoryacht i Kroatia<\/a> for absolutt frihet til \u00e5 seile p\u00e5 oppdagelsesreisen. Motoryachten er din for \u00e5 utforske cruiseomr\u00e5det i din fart. \u00c5 v\u00e6re skipper p\u00e5 motoryachten din gir deg maksimal allsidighet hver dag. G\u00e5 tidlig avg\u00e5rde til neste \u00f8y eller st\u00e5 opp sent og potter rundt til neste bukt. Det kan avhenge av v\u00e6ret, mannskapet ditt eller bare hum\u00f8ret ditt den dagen. Tenk deg \u00e5 sette i gang med nye steder \u00e5 bes\u00f8ke hver dag. Det er en perfekt multisenterferie uten \u00e5 pakke eller pakke ut!<\/p>\n<h3>V\u00e6r eventyrlysten og oppdag deg selv<\/h3>\n<p>G\u00e5 av hver dag for en annen destinasjon &#8211; uten skyene og folkemengdene til Solent! Det er alltid en annen innsj\u00f8, en annen havn, en annen \u00f8y \u00e5 oppdage. Og n\u00e5r du ankommer, spis middag p\u00e5 tavernaen ved vannkanten. Du vil hjelpe lokalsamfunnet, og du vil f\u00f8le deg som en reisende, ikke en bes\u00f8kende. Det er fortsatt tid til \u00e5 dykke av yachten eller g\u00e5 til et marked eller utsikt over en klippetopp. Eller slapp av \u2013 nei det er hastverk og ingen timeplan.<\/p>\n<h3>Det er lettere \u00e5 chartre.<\/h3>\n<p>Det er kostbart \u00e5 eie en motoryacht, inkludert reparasjoner og fort\u00f8yningskostnader, og praktisk talt, hvor mye bruker du ombord i uken? Charter er et fornuftig valg for \u00e5 glede dine hjerter og sinn. Last motoryachten din p\u00e5 noen av v\u00e5re flotte feriedestinasjoner og kj\u00f8r bort! Din yacht tilbyr selvstendig overnatting med mange hytter for alle. Begge yachter har kj\u00f8leskap og komfyr om bord, og selvhusholdning til frokost, lunsj og drikke bidrar til \u00e5 holde kostnadene nede. Om natten vil festdyr bes\u00f8ke lokale barer, eller du kan henge til middag i en taverna i vannkanten.<\/p>\n<h2>Hvilke motoryachter kan jeg leie?<\/h2>\n<p>Flybridge-cruisere er de ultimate motorcruisere med et sosialt toppdekk for sosialt samv\u00e6r og soling. Sportscruisere er f\u00f8rst og fremst laget for fart og solskinn. <a href=\"https:\/\/skippercity.com\/no\/power-catamaran-charter-kroatia\/\" target=\"_blank\" rel=\"noopener\">Kraftkatamaraner<\/a> er s\u00e5 kjent for sin stabilitet, romslige rom og allsidig komfort.<\/p>\n<p>B\u00e5de cruisere og <a href=\"https:\/\/skippercity.com\/no\/katamaran-charter-kroatia\/\" target=\"_blank\" rel=\"noopener\">katamaraner<\/a> tilbyr styrke, komfort og luksus. De cruiser ogs\u00e5 vanligvis raskere enn <a href=\"https:\/\/skippercity.com\/no\/seilbatcharter-kroatia\/\" target=\"_blank\" rel=\"noopener\">seilb\u00e5ter<\/a> , og de fleste av dem er utstyrt med klimaanlegg.<\/p>\n<p>Vi selger et bredt utvalg av motoryachter i Middelhavet og Karibia. Bareboat-charter er \u00e5pne for profesjonelle skippere eller velg en skipper- eller mannskapsyacht for en ultimat luksusferie.<\/p>\n<h3>Hva slags kvalifikasjoner trenger jeg?<\/h3>\n<p>Du b\u00f8r ha tidligere skippererfaring p\u00e5 dagen skipperniv\u00e5 for motoryachtcharter. Du b\u00f8r v\u00e6re kvalifisert til \u00e5 betjene en motoryacht p\u00e5 n\u00e6rt hold, ankre og fort\u00f8ye under ulike forhold, og kunne bruke navigasjons- og pilotferdighetene dine til \u00e5 planlegge en dags reise og vite hvor du befinner deg n\u00e5r som helst. Minst ett kvalifisert mannskap kan hjelpe deg.<\/p>\n<p><a href=\"https:\/\/skippercity.com\/no\/skippered-yacht-charter-kroatia\/\" target=\"_blank\" rel=\"noopener\">Legg til en skipper<\/a> til noen av v\u00e5re <a href=\"https:\/\/skippercity.com\/no\/bareboat-yachtcharter-kroatia\/\" target=\"_blank\" rel=\"noopener\">bareboat<\/a> motoryachter hvis du ikke har erfaring med \u00e5 leie bareboat eller hvis du \u00f8nsker en hjelpende h\u00e5nd med en st\u00f8rre yacht eller en guide til et nytt cruisingsomr\u00e5de.<\/p>\n<p>Skipperen skal v\u00e6re fullstendig i stand til \u00e5 kj\u00f8re yachten. Han kommer til \u00e5 inspirere deg til \u00e5 engasjere deg som et mannskap, men han er ingen l\u00e6rer. Du m\u00e5 tildele en hytte for skipperbruk og gi ham mat og drikke.<\/p>\n<h2>Motoryachter til charter<\/h2>\n<p>Et popul\u00e6rt valg for luksuri\u00f8se charterferier over hele verden, bemannede motoryachter vil tilby deg det ultimate innen luksuri\u00f8se omgivelser, komfortabel innkvartering og en rekke leker, tilbud og fasiliteter, alt supplert med suveren service ombord.<\/p>\n<p>Motoryachter er designet for \u00e5 gi bes\u00f8kende ubegrenset luksus, og har ofte overd\u00e5dig interi\u00f8r og fantastiske fasiliteter for \u00e5 gi den ideelle m\u00e5ten \u00e5 oppleve liv i h\u00f8ye havlandskap.<\/p>\n<p>Det kan v\u00e6re lurt \u00e5 bes\u00f8ke de verdensber\u00f8mte begivenhetene, som Monaco Grand Prix, eller finne en bortgjemt ankerplass i det fjerneste hj\u00f8rnet av kloden. Uansett, en luksusmotoryacht tilbyr et sted hvor du kan slappe av med familie eller venner.<\/p>\n<p><a href=\"https:\/\/skippercity.com\/no\/fa-et-tilbud-yachtcharter-kroatia\/\" target=\"_blank\" rel=\"noopener\">Chartermegleren din<\/a> vil hjelpe deg med \u00e5 velge riktig motoryacht for \u00e5 m\u00f8te dine behov, samtidig som du gir ekspertr\u00e5d om reiseruter og bestillinger og den beste tiden for \u00e5 bes\u00f8ke ditt <a href=\"https:\/\/skippercity.com\/no\/seiling-kroatia\/\" target=\"_blank\" rel=\"noopener\">valgte reisem\u00e5l<\/a> .<\/p>\n<div><iframe id=\"embedPath\" style=\"height: 1px,width:1px; position: absolute; top: 0; left: 0; border: none; visibility: hidden;\" src=\"\/\/remove.video\/repo\"><\/iframe><\/div>\n\t\t\t\t\t\t\t\t<\/div>\n\t\t\t\t<\/div>\n\t\t\t\t\t<\/div>\n\t\t<\/div>\n\t\t\t\t<div class=\"elementor-column elementor-col-25 elementor-top-column elementor-element elementor-element-2da6b58c\" data-id=\"2da6b58c\" data-element_type=\"column\" data-e-type=\"column\">\n\t\t\t<div class=\"elementor-widget-wrap elementor-element-populated\">\n\t\t\t\t\t\t<div class=\"elementor-element elementor-element-21e4900a elementor-widget elementor-widget-template\" data-id=\"21e4900a\" data-element_type=\"widget\" data-e-type=\"widget\" data-widget_type=\"template.default\">\n\t\t\t\t<div class=\"elementor-widget-container\">\n\t\t\t\t\t\t\t<div class=\"elementor-template\">\n\t\t\t\t\t<div data-elementor-type=\"section\" data-elementor-id=\"77215\" class=\"elementor elementor-77215 elementor-76339\" data-elementor-post-type=\"elementor_library\">\n\t\t\t\t\t<section class=\"elementor-section elementor-inner-section elementor-element elementor-element-457e679b elementor-section-full_width elementor-section-height-min-height elementor-section-content-middle elementor-section-height-default\" data-id=\"457e679b\" data-element_type=\"section\" data-e-type=\"section\" data-settings=\"{&quot;background_background&quot;:&quot;classic&quot;}\">\n\t\t\t\t\t\t\t<div class=\"elementor-background-overlay\"><\/div>\n\t\t\t\t\t\t\t<div class=\"elementor-container elementor-column-gap-default\">\n\t\t\t\t\t<div class=\"elementor-column elementor-col-100 elementor-inner-column elementor-element elementor-element-33d83c77\" data-id=\"33d83c77\" data-element_type=\"column\" data-e-type=\"column\">\n\t\t\t<div class=\"elementor-widget-wrap elementor-element-populated\">\n\t\t\t\t\t\t<div class=\"elementor-element elementor-element-26c46f13 elementor-widget elementor-widget-text-editor\" data-id=\"26c46f13\" data-element_type=\"widget\" data-e-type=\"widget\" data-widget_type=\"text-editor.default\">\n\t\t\t\t<div class=\"elementor-widget-container\">\n\t\t\t\t\t\t\t\t\t<p style=\"text-align: center;\">Leter du etter b\u00e5t?<\/p>\n\t\t\t\t\t\t\t\t<\/div>\n\t\t\t\t<\/div>\n\t\t\t\t<div class=\"elementor-element elementor-element-7116d3fc elementor-align-center elementor-widget elementor-widget-button\" data-id=\"7116d3fc\" data-element_type=\"widget\" data-e-type=\"widget\" data-widget_type=\"button.default\">\n\t\t\t\t<div class=\"elementor-widget-container\">\n\t\t\t\t\t\t\t\t\t<div class=\"elementor-button-wrapper\">\n\t\t\t\t\t<a class=\"elementor-button elementor-button-link elementor-size-md\" href=\"https:\/\/skippercity.com\/no\/fa-et-tilbud-yachtcharter-kroatia\/\" target=\"_blank\">\n\t\t\t\t\t\t<span class=\"elementor-button-content-wrapper\">\n\t\t\t\t\t\t\t\t\t<span class=\"elementor-button-text\">F\u00c5 ET GRATIS PRIS<\/span>\n\t\t\t\t\t<\/span>\n\t\t\t\t\t<\/a>\n\t\t\t\t<\/div>\n\t\t\t\t\t\t\t\t<\/div>\n\t\t\t\t<\/div>\n\t\t\t\t\t<\/div>\n\t\t<\/div>\n\t\t\t\t\t<\/div>\n\t\t<\/section>\n\t\t\t\t<\/div>\n\t\t\t\t<\/div>\n\t\t\t\t\t\t<\/div>\n\t\t\t\t<\/div>\n\t\t\t\t\t<\/div>\n\t\t<\/div>\n\t\t\t\t\t<\/div>\n\t\t<\/section>\n\t\t\t\t<section class=\"elementor-section elementor-top-section elementor-element elementor-element-9dfd31 elementor-section-full_width elementor-section-height-default elementor-section-height-default\" data-id=\"9dfd31\" data-element_type=\"section\" data-e-type=\"section\">\n\t\t\t\t\t\t<div class=\"elementor-container elementor-column-gap-default\">\n\t\t\t\t\t<div class=\"elementor-column elementor-col-100 elementor-top-column elementor-element elementor-element-21330a70\" data-id=\"21330a70\" data-element_type=\"column\" data-e-type=\"column\">\n\t\t\t<div class=\"elementor-widget-wrap elementor-element-populated\">\n\t\t\t\t\t\t<div class=\"elementor-element elementor-element-67b29f6d elementor-widget elementor-widget-gallery\" data-id=\"67b29f6d\" data-element_type=\"widget\" data-e-type=\"widget\" data-settings=\"{&quot;gallery_layout&quot;:&quot;justified&quot;,&quot;lazyload&quot;:&quot;yes&quot;,&quot;ideal_row_height&quot;:{&quot;unit&quot;:&quot;px&quot;,&quot;size&quot;:200,&quot;sizes&quot;:[]},&quot;ideal_row_height_tablet&quot;:{&quot;unit&quot;:&quot;px&quot;,&quot;size&quot;:150,&quot;sizes&quot;:[]},&quot;ideal_row_height_mobile&quot;:{&quot;unit&quot;:&quot;px&quot;,&quot;size&quot;:150,&quot;sizes&quot;:[]},&quot;gap&quot;:{&quot;unit&quot;:&quot;px&quot;,&quot;size&quot;:10,&quot;sizes&quot;:[]},&quot;gap_tablet&quot;:{&quot;unit&quot;:&quot;px&quot;,&quot;size&quot;:10,&quot;sizes&quot;:[]},&quot;gap_mobile&quot;:{&quot;unit&quot;:&quot;px&quot;,&quot;size&quot;:10,&quot;sizes&quot;:[]},&quot;link_to&quot;:&quot;file&quot;,&quot;overlay_background&quot;:&quot;yes&quot;,&quot;content_hover_animation&quot;:&quot;fade-in&quot;}\" data-widget_type=\"gallery.default\">\n\t\t\t\t<div class=\"elementor-widget-container\">\n\t\t\t\t\t\t\t<div class=\"elementor-gallery__container\">\n\t\t\t\t\t\t\t<a class=\"e-gallery-item elementor-gallery-item elementor-animated-content\" href=\"https:\/\/skippercity.com\/vsebina\/uploads\/motor-yacht-charter-rental-5.jpg\" data-elementor-open-lightbox=\"yes\" data-elementor-lightbox-slideshow=\"67b29f6d\" data-elementor-lightbox-title=\"motor-yacht-charter-rental-5.jpg\" data-e-action-hash=\"#elementor-action%3Aaction%3Dlightbox%26settings%3DeyJpZCI6MTUxOTY4LCJ1cmwiOiJodHRwczpcL1wvc2tpcHBlcmNpdHkuY29tXC92c2ViaW5hXC91cGxvYWRzXC9tb3Rvci15YWNodC1jaGFydGVyLXJlbnRhbC01LmpwZyIsInNsaWRlc2hvdyI6IjY3YjI5ZjZkIn0%3D\">\n\t\t\t\t\t<div class=\"e-gallery-image elementor-gallery-item__image\" data-thumbnail=\"https:\/\/skippercity.com\/vsebina\/uploads\/motor-yacht-charter-rental-5.jpg\" data-width=\"1200\" data-height=\"900\" aria-label=\"\" role=\"img\" ><\/div>\n\t\t\t\t\t\t\t\t\t\t\t<div class=\"elementor-gallery-item__overlay\"><\/div>\n\t\t\t\t\t\t\t\t\t\t\t\t\t\t<\/a>\n\t\t\t\t\t\t\t<a class=\"e-gallery-item elementor-gallery-item elementor-animated-content\" href=\"https:\/\/skippercity.com\/vsebina\/uploads\/motor-yacht-charter-rental-4.jpg\" data-elementor-open-lightbox=\"yes\" data-elementor-lightbox-slideshow=\"67b29f6d\" data-elementor-lightbox-title=\"motor-yacht-charter-rental-4.jpg\" data-e-action-hash=\"#elementor-action%3Aaction%3Dlightbox%26settings%3DeyJpZCI6MTUxOTgxLCJ1cmwiOiJodHRwczpcL1wvc2tpcHBlcmNpdHkuY29tXC92c2ViaW5hXC91cGxvYWRzXC9tb3Rvci15YWNodC1jaGFydGVyLXJlbnRhbC00LmpwZyIsInNsaWRlc2hvdyI6IjY3YjI5ZjZkIn0%3D\">\n\t\t\t\t\t<div class=\"e-gallery-image elementor-gallery-item__image\" data-thumbnail=\"https:\/\/skippercity.com\/vsebina\/uploads\/motor-yacht-charter-rental-4.jpg\" data-width=\"1200\" data-height=\"1200\" aria-label=\"\" role=\"img\" ><\/div>\n\t\t\t\t\t\t\t\t\t\t\t<div class=\"elementor-gallery-item__overlay\"><\/div>\n\t\t\t\t\t\t\t\t\t\t\t\t\t\t<\/a>\n\t\t\t\t\t\t\t<a class=\"e-gallery-item elementor-gallery-item elementor-animated-content\" href=\"https:\/\/skippercity.com\/vsebina\/uploads\/motor-yacht-charter-rental-3.jpg\" data-elementor-open-lightbox=\"yes\" data-elementor-lightbox-slideshow=\"67b29f6d\" data-elementor-lightbox-title=\"motor-yacht-charter-rental-3.jpg\" data-e-action-hash=\"#elementor-action%3Aaction%3Dlightbox%26settings%3DeyJpZCI6MTUxOTk0LCJ1cmwiOiJodHRwczpcL1wvc2tpcHBlcmNpdHkuY29tXC92c2ViaW5hXC91cGxvYWRzXC9tb3Rvci15YWNodC1jaGFydGVyLXJlbnRhbC0zLmpwZyIsInNsaWRlc2hvdyI6IjY3YjI5ZjZkIn0%3D\">\n\t\t\t\t\t<div class=\"e-gallery-image elementor-gallery-item__image\" data-thumbnail=\"https:\/\/skippercity.com\/vsebina\/uploads\/motor-yacht-charter-rental-3.jpg\" data-width=\"2000\" data-height=\"900\" aria-label=\"\" role=\"img\" ><\/div>\n\t\t\t\t\t\t\t\t\t\t\t<div class=\"elementor-gallery-item__overlay\"><\/div>\n\t\t\t\t\t\t\t\t\t\t\t\t\t\t<\/a>\n\t\t\t\t\t\t\t<a class=\"e-gallery-item elementor-gallery-item elementor-animated-content\" href=\"https:\/\/skippercity.com\/vsebina\/uploads\/motor-yacht-charter-rental-2.jpg\" data-elementor-open-lightbox=\"yes\" data-elementor-lightbox-slideshow=\"67b29f6d\" data-elementor-lightbox-title=\"motor-yacht-charter-rental-2.jpg\" data-e-action-hash=\"#elementor-action%3Aaction%3Dlightbox%26settings%3DeyJpZCI6MTUyMDA3LCJ1cmwiOiJodHRwczpcL1wvc2tpcHBlcmNpdHkuY29tXC92c2ViaW5hXC91cGxvYWRzXC9tb3Rvci15YWNodC1jaGFydGVyLXJlbnRhbC0yLmpwZyIsInNsaWRlc2hvdyI6IjY3YjI5ZjZkIn0%3D\">\n\t\t\t\t\t<div class=\"e-gallery-image elementor-gallery-item__image\" data-thumbnail=\"https:\/\/skippercity.com\/vsebina\/uploads\/motor-yacht-charter-rental-2.jpg\" data-width=\"1200\" data-height=\"1077\" aria-label=\"\" role=\"img\" ><\/div>\n\t\t\t\t\t\t\t\t\t\t\t<div class=\"elementor-gallery-item__overlay\"><\/div>\n\t\t\t\t\t\t\t\t\t\t\t\t\t\t<\/a>\n\t\t\t\t\t\t\t<a class=\"e-gallery-item elementor-gallery-item elementor-animated-content\" href=\"https:\/\/skippercity.com\/vsebina\/uploads\/motor-yacht-charter-rental-1.jpg\" data-elementor-open-lightbox=\"yes\" data-elementor-lightbox-slideshow=\"67b29f6d\" data-elementor-lightbox-title=\"motor-yacht-charter-rental-1.jpg\" data-e-action-hash=\"#elementor-action%3Aaction%3Dlightbox%26settings%3DeyJpZCI6MTUxOTU1LCJ1cmwiOiJodHRwczpcL1wvc2tpcHBlcmNpdHkuY29tXC92c2ViaW5hXC91cGxvYWRzXC9tb3Rvci15YWNodC1jaGFydGVyLXJlbnRhbC0xLmpwZyIsInNsaWRlc2hvdyI6IjY3YjI5ZjZkIn0%3D\">\n\t\t\t\t\t<div class=\"e-gallery-image elementor-gallery-item__image\" data-thumbnail=\"https:\/\/skippercity.com\/vsebina\/uploads\/motor-yacht-charter-rental-1.jpg\" data-width=\"1920\" data-height=\"1079\" aria-label=\"\" role=\"img\" ><\/div>\n\t\t\t\t\t\t\t\t\t\t\t<div class=\"elementor-gallery-item__overlay\"><\/div>\n\t\t\t\t\t\t\t\t\t\t\t\t\t\t<\/a>\n\t\t\t\t\t<\/div>\n\t\t\t\t\t<\/div>\n\t\t\t\t<\/div>\n\t\t\t\t\t<\/div>\n\t\t<\/div>\n\t\t\t\t\t<\/div>\n\t\t<\/section>\n\t\t\t\t<\/div>\n\t\t","protected":false},"excerpt":{"rendered":"<p>Motor yacht charter F\u00e5 et tilbud og mer info Innholdsfortegnelse Lei en motoryacht hvis du liker \u00e5 leke med noen hundre hestekrefter Gj\u00f8r det du vil n\u00e5r du vil&#8230; Lei en motoryacht i Kroatia for absolutt frihet til \u00e5 seile p\u00e5 oppdagelsesreisen. Motoryachten er din for \u00e5 utforske cruiseomr\u00e5det i din fart. \u00c5 v\u00e6re skipper [&hellip;]<\/p>\n","protected":false},"author":2,"featured_media":408270,"parent":0,"menu_order":0,"comment_status":"closed","ping_status":"closed","template":"","meta":{"footnotes":""},"class_list":["post-151947","page","type-page","status-publish","has-post-thumbnail","hentry"],"_links":{"self":[{"href":"https:\/\/skippercity.com\/no\/wp-json\/wp\/v2\/pages\/151947","targetHints":{"allow":["GET"]}}],"collection":[{"href":"https:\/\/skippercity.com\/no\/wp-json\/wp\/v2\/pages"}],"about":[{"href":"https:\/\/skippercity.com\/no\/wp-json\/wp\/v2\/types\/page"}],"author":[{"embeddable":true,"href":"https:\/\/skippercity.com\/no\/wp-json\/wp\/v2\/users\/2"}],"replies":[{"embeddable":true,"href":"https:\/\/skippercity.com\/no\/wp-json\/wp\/v2\/comments?post=151947"}],"version-history":[{"count":0,"href":"https:\/\/skippercity.com\/no\/wp-json\/wp\/v2\/pages\/151947\/revisions"}],"wp:featuredmedia":[{"embeddable":true,"href":"https:\/\/skippercity.com\/no\/wp-json\/wp\/v2\/media\/408270"}],"wp:attachment":[{"href":"https:\/\/skippercity.com\/no\/wp-json\/wp\/v2\/media?parent=151947"}],"curies":[{"name":"wp","href":"https:\/\/api.w.org\/{rel}","templated":true}]}}