{"id":412106,"date":"2024-01-14T20:42:38","date_gmt":"2024-01-14T20:42:38","guid":{"rendered":"https:\/\/www.skippercity.com\/tilknyttet-tos-side\/"},"modified":"2024-01-20T06:48:19","modified_gmt":"2024-01-20T06:48:19","slug":"tilknyttet-tos-side","status":"publish","type":"page","link":"https:\/\/skippercity.com\/no\/tilknyttet-tos-side\/","title":{"rendered":"Tilknyttet TOS-side"},"content":{"rendered":"\t\t<div data-elementor-type=\"wp-page\" data-elementor-id=\"412106\" class=\"elementor elementor-412106 elementor-412033\" data-elementor-post-type=\"page\">\n\t\t\t\t<div class=\"elementor-element elementor-element-e8b4547 e-con-full e-flex e-con e-parent\" data-id=\"e8b4547\" data-element_type=\"container\" data-e-type=\"container\">\n\t\t<div class=\"elementor-element elementor-element-6c6403f e-con-full e-flex e-con e-child\" data-id=\"6c6403f\" data-element_type=\"container\" data-e-type=\"container\">\n\t\t\t\t<\/div>\n\t\t<div class=\"elementor-element elementor-element-c162eda e-con-full e-flex e-con e-child\" data-id=\"c162eda\" data-element_type=\"container\" data-e-type=\"container\">\n\t\t\t\t<div class=\"elementor-element elementor-element-3553b57 elementor-widget elementor-widget-text-editor\" data-id=\"3553b57\" data-element_type=\"widget\" data-e-type=\"widget\" data-widget_type=\"text-editor.default\">\n\t\t\t\t<div class=\"elementor-widget-container\">\n\t\t\t\t\t\t\t\t\t<h2>Tilknyttet avtale<\/h2>\n<h2>(Vilk\u00e5r og betingelser for tilknyttede program)<\/h2>\n<p>Denne avtalen (&laquo;Avtalen) er inng\u00e5tt mellom SkipperCity, Blackbird<br \/>One Ltd, 5 Secretary&#8217;s Lane, Gibraltar GX11 1AA, (&laquo;Selskapet&raquo;), og<br \/>tilknyttet selskap (\u201ctilknyttet\u201d), og samlet (\u201cpartene\u201d) for<br \/>deltakelse i selskapets tilknyttede program.<\/p>\n<p>Affiliate \u00f8nsker \u00e5 inkludere visse materialer som promoterer selskapet, og<br \/>\u00e5 inkludere en lenke til selskapets nettsted i dette materialet p\u00e5<br \/>Affiliates nettsted og\/eller andre steder p\u00e5 Internett;<\/p>\n<p>DERFOR, i betraktning av de gjensidige l\u00f8ftene, paktene,<br \/>garantier og andre gode og verdifulle hensyn angitt her,<br \/>Partene er enige om f\u00f8lgende:<\/p>\n<ol>\n<li><b>Markedsf\u00f8ringsmateriell.<\/b>  Selskapet skal stille til disposisjon for<br \/>Tilknytt visse bannerannonser, knappekoblinger, tekstlenker,<br \/>og\/eller annet grafisk eller tekstmateriale for visning og bruk p\u00e5<br \/>Tilknyttet nettsted (&laquo;kampanjemateriell&raquo;) og\/eller andre steder p\u00e5<br \/>Internett. Affiliate skal vise kampanjemateriellet p\u00e5<br \/>Affiliates nettsted og\/eller andre steder p\u00e5 Internett fremtredende og som<br \/>Affiliate finner det passende, forutsatt at visningsm\u00e5ten skal v\u00e6re underlagt<br \/>til vilk\u00e5rene og betingelsene i denne avtalen. Affiliate skal ogs\u00e5<br \/>inkludere en lenke fra salgsfremmende materiell til selskapets nettsted, som<br \/>spesifisert av selskapet.<\/li>\n<li><b>Bruk av reklamemateriell.  <\/b>Affiliatens bruk og visning<br \/>av kampanjemateriellet p\u00e5 tilknyttede selskaps nettsted og\/eller andre steder<br \/>p\u00e5 Internett skal v\u00e6re i samsvar med f\u00f8lgende vilk\u00e5r og betingelser<br \/>spesifikasjoner:\n<ul>\n<li>en. Affiliate kan ikke bruke grafisk, tekstlig eller annet materiale<br \/>fra selskapets nettsted (https:\/\/yachtco.net), andre produkter eller tjenester<br \/>enn Kampanjemateriellet, med mindre selskapet samtykker skriftlig<br \/>f\u00f8r de vises.<\/li>\n<li>b. Affiliate kan kun bruke reklamemateriellet til form\u00e5let<br \/>\u00e5 markedsf\u00f8re selskapets nettsted (og produktene og tjenestene som er tilgjengelige<br \/>derp\u00e5), og for \u00e5 lenke til selskapets nettsted.<\/li>\n<li>c. Affiliate vil ikke endre, legge til, trekke fra eller p\u00e5 annen m\u00e5te<br \/>endre markedsf\u00f8ringsmateriellet slik det utarbeides av selskapet. Hvis<br \/>Affiliate \u00f8nsker \u00e5 endre eller p\u00e5 annen m\u00e5te modifisere kampanjemateriellet,<br \/>Partner m\u00e5 innhente skriftlig forh\u00e5ndssamtykke fra selskapet for slikt<br \/>endring av modifikasjon.<\/li>\n<li>d. Kampanjemateriellet vil bli brukt til \u00e5 lenke til selskapets nettsted, til de spesifikke sidene og adressen p\u00e5 nettstedet.<\/li>\n<li>e. Affiliate kan lage sitt eget reklamemateriell (grafisk, tekstlig eller annet) etter eget \u00f8nske.<\/li>\n<\/ul>\n<\/li>\n<li><b>Lisens<\/b> . Selskapet gir herved til tilknyttet en ikke-eksklusiv,<br \/>ikke-overf\u00f8rbar lisens (&laquo;lisensen&raquo;) til \u00e5 bruke reklamemateriellet<br \/>som spesifisert under vilk\u00e5rene og betingelsene i denne avtalen. Begrepet<br \/>av lisensen skal utl\u00f8pe ved utl\u00f8p eller opph\u00f8r av denne<br \/>Avtale.<\/li>\n<li><b>\u00c5ndsverk.<\/b>  Selskapet beholder alle rettigheter, eierskap,<br \/>og interesse for markedsf\u00f8ringsmateriellet og eventuelle opphavsrettigheter,<br \/>varemerke eller annen intellektuell eiendom i reklamemateriellet.<br \/>Ingenting i denne avtalen skal tolkes slik at det gir Affiliate noen<br \/>rettigheter, eierskap eller interesser i reklamemateriellet, eller i<br \/>underliggende \u00e5ndsverk, annet enn rettighetene til \u00e5 bruke<br \/>Markedsf\u00f8ringsmateriell gitt under lisensen, som angitt i avsnittet<br \/>3.<\/li>\n<li><b>Forholdet mellom partene.  <\/b>Denne avtalen skal ikke v\u00e6re<br \/>tolkes til \u00e5 skape et arbeidsforhold, byr\u00e5forhold eller<br \/>partnerskap mellom selskapet og tilknyttet. Affiliate skal gi<br \/>tjenester for selskapet som en uavhengig entrepren\u00f8r. Affiliate skal ha<br \/>ingen myndighet til \u00e5 binde selskapet inn i noen avtale, og det skal heller ikke tilknyttede selskaper v\u00e6re det<br \/>anses \u00e5 v\u00e6re en agent for selskapet i enhver henseende.<\/li>\n<li><b>Provisjoner:<br \/><\/b>\n<ul>\n<li>en. I bytte mot samarbeidspartnerens visning av markedsf\u00f8ringsmateriellet,<br \/>og for Affiliates overholdelse og utf\u00f8relse av vilk\u00e5rene og<br \/>vilk\u00e5rene i denne avtalen, skal selskapet betale til affiliate a<br \/>provisjon (&laquo;kommisjonen&raquo;) i mengden av en prosentandel av prisen for<br \/>overnatting p\u00e5 b\u00e5t bestilt av en bes\u00f8kende som har tilgang til selskapets<br \/>nettsted gjennom en lenke p\u00e5 Affiliates nettsted eller gjennom Affiliates<br \/>lenke andre steder p\u00e5 Internett. Den n\u00e5v\u00e6rende prosentandelen er 20 %. Dette<br \/>prosentandelen kan endres av selskapet n\u00e5r som helst.<\/li>\n<li>b. Selskapet skal f\u00f8re n\u00f8yaktige og oppdaterte registre over dataene<br \/>brukes frem til oppsigelsen av denne avtalen for \u00e5 bestemme summen<br \/>mengden provisjoner som tilknyttes. Affiliate skal gis<br \/>rimelig tilgang til disse postene p\u00e5 foresp\u00f8rsel. Eventuelle avvik mellom<br \/>mengden provisjoner som skyldtes i henhold til disse registreringene, og<br \/>det faktiske bel\u00f8pet for provisjoner utbetalt til Affiliate i enhver periode eller perioder<br \/>skal rettes av selskapet innen 14 dager etter oppdagelse av slikt<br \/>avvik.<\/li>\n<li>c. Provisjoner holdes i en periode p\u00e5 30 dager fra datoen for b\u00e5ten<br \/>leie slutt for \u00e5 beskytte selskapet i tilfelle tilbakef\u00f8ring som kan<br \/>skje. Selskapet skal betale alle provisjoner som p\u00e5l\u00f8per og skal betales til<br \/>Tilknyttet innen 30 dager etter avsluttet b\u00e5tleie (&laquo;provisjonsbetaling<br \/>Dato&raquo;).<\/li>\n<li>d. I tilfelle affiliate bryter denne avtalen vesentlig<br \/>og selskapet sier opp denne avtalen innen 30 dager etter slikt brudd,<br \/>da skal eventuelle p\u00e5l\u00f8pte og utbetalte provisjoner som skyldes tilknyttede selskaper v\u00e6re<br \/>tapt, og selskapet skal ikke v\u00e6re forpliktet til \u00e5 betale slike provisjoner til<br \/>Tilknytte.<\/li>\n<\/ul>\n<\/li>\n<li><b>Tilknyttede selskapers representasjoner og garantier.<\/b>  Affiliate representerer og garanterer f\u00f8lgende:\n<ul>\n<li>en. Affiliate har juridisk myndighet til \u00e5 inng\u00e5 denne avtalen<br \/>og \u00e5 v\u00e6re bundet til l\u00f8ftene, paktene og andre plikter som er fremsatt<br \/>i denne avtalen.<\/li>\n<li>b. Affiliates nettsted og\/eller Affiliates lenkeside inneholder ikke noe materiale som er:\n<ul>\n<li>Jeg. Seksuelt eksplisitt, obsk\u00f8nt eller pornografisk;<\/li>\n<li>ii. St\u00f8tende, profan, hatefull, truende, skadelig, \u00e6rekrenkende,<br \/>injurierende, trakasserende eller diskriminerende (enten basert p\u00e5 rase,<br \/>etnisitet, tro, religion, kj\u00f8nn, seksuell legning, fysisk<br \/>funksjonshemming eller annet);<\/li>\n<li>iii. Grafisk voldelig, inkludert alle voldelige videospillbilder; eller<\/li>\n<li>iv. Oppmerksom p\u00e5 enhver ulovlig oppf\u00f8rsel<\/li>\n<\/ul>\n<\/li>\n<li>c. Affiliate har innhentet n\u00f8dvendige tillatelser, lisenser eller<br \/>annen tillatelse for \u00e5ndsverk som brukes p\u00e5 tilknyttede selskaper<br \/>nettsted. Ingenting p\u00e5 Affiliates nettsted krenker den intellektuelle<br \/>eiendomsrett til enhver person eller enhet. Ingen person eller enhet har tatt med<br \/>eller truet med en handling som p\u00e5beroper seg slik krenkelse, og det gj\u00f8r heller ikke Affiliate<br \/>har noen grunn til \u00e5 tro at en person eller enhet vil bringe eller<br \/>true med et slikt krav i fremtiden.<\/li>\n<li>d. Affiliate vil ikke bruke Kampanjemateriellet p\u00e5 noen annen m\u00e5te enn de som er angitt i Seksjon 2 ovenfor.<\/li>\n<li>e. Affiliate vil ikke gj\u00f8re krav p\u00e5 eierskap til kampanjen<br \/>Materialer, eller av opphavsrett, varemerke eller annen intellektuell<br \/>eiendom der.<\/li>\n<li>f. Affiliate vil ikke publisere eller p\u00e5 annen m\u00e5te distribuere noen<br \/>reklamemateriell for tilknyttede selskapers nettsted som refererer til selskapet eller<br \/>Selskapets nettside med mindre selskapet gir skriftlig forh\u00e5ndssamtykke til<br \/>distribusjon av slike materialer. Affiliate vil ikke bruke selskapets navn<br \/>(eller et hvilket som helst navn som til forveksling ligner selskapets navn) for noen<br \/>form\u00e5l p\u00e5 nettstedet, i reklamemateriellet eller i andre<br \/>kontekst bortsett fra \u00e5 promotere selskapets nettsted som spesifisert i denne<br \/>Avtale. Affiliate vil ikke registrere noe domenenavn som inneholder<br \/>Selskapets navn, eller som til forveksling ligner selskapets navn.<\/li>\n<li>g. Affiliate vil ikke delta i distribusjon av uoppfordret<br \/>massee-poster (spam) p\u00e5 noen m\u00e5te som nevner eller refererer til selskapet eller<br \/>Selskapets hjemmeside.<\/li>\n<li>h. Affiliates nettsted og\/eller Affiliates lenkeside m\u00e5 v\u00e6re tematisk relatert til innholdet p\u00e5 selskapets nettsted.<\/li>\n<\/ul>\n<\/li>\n<li><b>Skadeserstatning.<\/b>  Affiliate skal holde selskapet skadesl\u00f8s<br \/>ufarlig selskapet fra ethvert krav, skade, s\u00f8ksm\u00e5l, handling, klage eller<br \/>andre kostnader som oppst\u00e5r som f\u00f8lge av brudd p\u00e5 tilknyttede garantier<br \/>videre i avsnitt 7 ovenfor. Affiliate skal ogs\u00e5 holde skadesl\u00f8s<br \/>ufarlig Selskapet for enhver skade, tap eller andre kostnader som oppst\u00e5r som f\u00f8lge av<br \/>bruk eller misbruk av tilknyttede selskaper av kampanjemateriellet.<\/li>\n<li><b>Konfidensialitet.  <\/b>All informasjon som Affiliate blir utsatt for<br \/>i kraft av sitt forhold til selskapet under denne avtalen, som<br \/>informasjon som ikke er tilgjengelig for allmennheten, skal vurderes<br \/>\u00e5 v\u00e6re &laquo;Konfidensiell bedriftsinformasjon.&raquo; Affiliate kan ikke avsl\u00f8re noen<br \/>Konfidensiell selskapsinformasjon til enhver person eller enhet, unntatt hvor<br \/>lovp\u00e5lagt, med mindre Affiliate innhenter skriftlig forh\u00e5ndssamtykke for<br \/>slik avsl\u00f8ring fra selskapet.<\/li>\n<li><b>Begrep.<br \/><\/b>\n<ul>\n<li>en. Denne avtalen trer i kraft umiddelbart, og skal forbli i full kraft inntil den sies opp i henhold til denne seksjon 10.<\/li>\n<li>b. Hver av partene skal ha rett til \u00e5 si opp denne avtalen kl<br \/>n\u00e5r som helst og uansett \u00e5rsak. Den avsluttende Part m\u00e5 gi skriftlig<br \/>varsel til den andre parten minst 30 dager f\u00f8r den tiltenkte datoen<br \/>avslutning.<\/li>\n<\/ul>\n<\/li>\n<li><b>Skatter.<\/b>  Selskapet skal ikke v\u00e6re ansvarlig for eventuelle skatter som skyldtes av<br \/>Affiliate som oppst\u00e5r fra Affiliates forhold til selskapet som angitt<br \/>frem i denne avtalen. Selskapet skal ikke holde tilbake noen skatt fra<br \/>Provisjoner utbetalt til affiliate.<\/li>\n<li><b>Ansvarsbegrensning.<\/b>  Selskapet skal ikke v\u00e6re ansvarlig for noen<br \/>tap av fortjeneste eller kostnader, eller for noen direkte, indirekte, spesielle,<br \/>tilfeldige skader eller f\u00f8lgeskader, inkludert kostnader forbundet med<br \/>anskaffelse av erstatningsvarer eller -tjenester (enten selskapet var eller<br \/>burde ha v\u00e6rt klar over eller informert om muligheten for slik skade),<br \/>som oppst\u00e5r som f\u00f8lge av eller assosiert med tap, suspensjon eller avbrudd<br \/>tjeneste, oppsigelse av denne avtalen, bruk eller misbruk av<br \/>Kampanjemateriell, eller annen utf\u00f8relse av tjenester under dette<br \/>Avtale.<\/li>\n<li><b>Motparter.<\/b>  Denne avtalen kan utf\u00f8res i flere<br \/>motparter, som hver skal utgj\u00f8re en original og alle<br \/>som samlet skal utgj\u00f8re \u00e9n avtale.<\/li>\n<li><b>Skillebarhet.<\/b>  Hvis noen del eller deler av denne avtalen skal v\u00e6re<br \/>holdes ugjennomf\u00f8rbar av en eller annen grunn, resten av denne avtalen<br \/>skal fortsette med full kraft. Hvis noen bestemmelse av dette<br \/>Avtalen anses som ugyldig eller ikke kan h\u00e5ndheves av en kompetent domstol<br \/>jurisdiksjon, og hvis en begrensning av en slik bestemmelse ville gj\u00f8re bestemmelsen<br \/>gyldig, skal en slik bestemmelse anses \u00e5 bli tolket slik<br \/>begrenset.<\/li>\n<li><b>Overskrifter<\/b> . Overskriftene for delen her er kun for enkelhets skyld og skal ikke p\u00e5virke betydningen av bestemmelsene i denne avtalen.<\/li>\n<li><b>Hele avtalen.<\/b>  Denne avtalen utgj\u00f8r hele<br \/>avtale mellom selskapet og tilknyttet, og erstatter alle tidligere<br \/>forst\u00e5else eller representasjon av noe slag f\u00f8r datoen for dette<br \/>Avtale. Det er ingen andre l\u00f8fter, betingelser, forst\u00e5elser eller<br \/>andre avtaler, enten muntlige eller skriftlige, knyttet til emnet<br \/>sp\u00f8rsm\u00e5let om denne avtalen<\/li>\n<\/ol>\n\t\t\t\t\t\t\t\t<\/div>\n\t\t\t\t<\/div>\n\t\t\t\t<\/div>\n\t\t<div class=\"elementor-element elementor-element-510b0b1 e-con-full e-flex e-con e-child\" data-id=\"510b0b1\" data-element_type=\"container\" data-e-type=\"container\">\n\t\t\t\t<\/div>\n\t\t\t\t<\/div>\n\t\t\t\t<\/div>\n\t\t","protected":false},"excerpt":{"rendered":"<p>Tilknyttet avtale (Vilk\u00e5r og betingelser for tilknyttede program) Denne avtalen (&laquo;Avtalen) er inng\u00e5tt mellom SkipperCity, BlackbirdOne Ltd, 5 Secretary&#8217;s Lane, Gibraltar GX11 1AA, (&laquo;Selskapet&raquo;), ogtilknyttet selskap (\u201ctilknyttet\u201d), og samlet (\u201cpartene\u201d) fordeltakelse i selskapets tilknyttede program. Affiliate \u00f8nsker \u00e5 inkludere visse materialer som promoterer selskapet, og\u00e5 inkludere en lenke til selskapets nettsted i dette materialet p\u00e5Affiliates [&hellip;]<\/p>\n","protected":false},"author":2,"featured_media":408270,"parent":0,"menu_order":0,"comment_status":"closed","ping_status":"closed","template":"","meta":{"footnotes":""},"class_list":["post-412106","page","type-page","status-publish","has-post-thumbnail","hentry"],"_links":{"self":[{"href":"https:\/\/skippercity.com\/no\/wp-json\/wp\/v2\/pages\/412106","targetHints":{"allow":["GET"]}}],"collection":[{"href":"https:\/\/skippercity.com\/no\/wp-json\/wp\/v2\/pages"}],"about":[{"href":"https:\/\/skippercity.com\/no\/wp-json\/wp\/v2\/types\/page"}],"author":[{"embeddable":true,"href":"https:\/\/skippercity.com\/no\/wp-json\/wp\/v2\/users\/2"}],"replies":[{"embeddable":true,"href":"https:\/\/skippercity.com\/no\/wp-json\/wp\/v2\/comments?post=412106"}],"version-history":[{"count":0,"href":"https:\/\/skippercity.com\/no\/wp-json\/wp\/v2\/pages\/412106\/revisions"}],"wp:featuredmedia":[{"embeddable":true,"href":"https:\/\/skippercity.com\/no\/wp-json\/wp\/v2\/media\/408270"}],"wp:attachment":[{"href":"https:\/\/skippercity.com\/no\/wp-json\/wp\/v2\/media?parent=412106"}],"curies":[{"name":"wp","href":"https:\/\/api.w.org\/{rel}","templated":true}]}}