{"id":416127,"date":"2024-03-01T09:09:14","date_gmt":"2024-03-01T09:09:14","guid":{"rendered":"https:\/\/www.skippercity.com\/guide-til-innsjekking-for-leie-av-bat\/"},"modified":"2024-03-01T09:24:31","modified_gmt":"2024-03-01T09:24:31","slug":"guide-til-innsjekking-for-leie-av-bat","status":"publish","type":"page","link":"https:\/\/skippercity.com\/no\/guide-til-innsjekking-for-leie-av-bat\/","title":{"rendered":"Guide til innsjekking for leie av b\u00e5t"},"content":{"rendered":"\t\t<div data-elementor-type=\"wp-page\" data-elementor-id=\"416127\" class=\"elementor elementor-416127 elementor-416101\" data-elementor-post-type=\"page\">\n\t\t\t\t<div class=\"elementor-element elementor-element-9e4c9ac e-con-full e-flex e-con e-parent\" data-id=\"9e4c9ac\" data-element_type=\"container\" data-e-type=\"container\" data-settings=\"{&quot;background_background&quot;:&quot;classic&quot;}\">\n\t\t\t\t<\/div>\n\t\t\t\t<section class=\"elementor-section elementor-top-section elementor-element elementor-element-10ce9678 elementor-section-full_width elementor-section-height-default elementor-section-height-default\" data-id=\"10ce9678\" data-element_type=\"section\" data-e-type=\"section\">\n\t\t\t\t\t\t<div class=\"elementor-container elementor-column-gap-default\">\n\t\t\t\t\t<div class=\"elementor-column elementor-col-25 elementor-top-column elementor-element elementor-element-7be25744\" data-id=\"7be25744\" data-element_type=\"column\" data-e-type=\"column\">\n\t\t\t<div class=\"elementor-widget-wrap elementor-element-populated\">\n\t\t\t\t\t\t<div class=\"elementor-element elementor-element-21fce7b4 elementor-toc--minimized-on-tablet elementor-widget elementor-widget-table-of-contents\" data-id=\"21fce7b4\" data-element_type=\"widget\" data-e-type=\"widget\" data-settings=\"{&quot;exclude_headings_by_selector&quot;:[],&quot;marker_view&quot;:&quot;bullets&quot;,&quot;headings_by_tags&quot;:[&quot;h2&quot;,&quot;h3&quot;,&quot;h4&quot;,&quot;h5&quot;,&quot;h6&quot;],&quot;icon&quot;:{&quot;value&quot;:&quot;fas fa-circle&quot;,&quot;library&quot;:&quot;fa-solid&quot;,&quot;rendered_tag&quot;:&quot;&lt;svg class=\\&quot;e-font-icon-svg e-fas-circle\\&quot; viewBox=\\&quot;0 0 512 512\\&quot; xmlns=\\&quot;http:\\\/\\\/www.w3.org\\\/2000\\\/svg\\&quot;&gt;&lt;path d=\\&quot;M256 8C119 8 8 119 8 256s111 248 248 248 248-111 248-248S393 8 256 8z\\&quot;&gt;&lt;\\\/path&gt;&lt;\\\/svg&gt;&quot;},&quot;no_headings_message&quot;:&quot;No headings were found on this page.&quot;,&quot;minimize_box&quot;:&quot;yes&quot;,&quot;minimized_on&quot;:&quot;tablet&quot;,&quot;hierarchical_view&quot;:&quot;yes&quot;,&quot;min_height&quot;:{&quot;unit&quot;:&quot;px&quot;,&quot;size&quot;:&quot;&quot;,&quot;sizes&quot;:[]},&quot;min_height_tablet&quot;:{&quot;unit&quot;:&quot;px&quot;,&quot;size&quot;:&quot;&quot;,&quot;sizes&quot;:[]},&quot;min_height_mobile&quot;:{&quot;unit&quot;:&quot;px&quot;,&quot;size&quot;:&quot;&quot;,&quot;sizes&quot;:[]}}\" data-widget_type=\"table-of-contents.default\">\n\t\t\t\t<div class=\"elementor-widget-container\">\n\t\t\t\t\t\t\t\t\t<div class=\"elementor-toc__header\">\n\t\t\t\t\t\t<h4 class=\"elementor-toc__header-title\">\n\t\t\t\tInnholdsfortegnelse\t\t\t<\/h4>\n\t\t\t\t\t\t\t\t\t\t<div class=\"elementor-toc__toggle-button elementor-toc__toggle-button--expand\" role=\"button\" tabindex=\"0\" aria-controls=\"elementor-toc__21fce7b4\" aria-expanded=\"true\" aria-label=\"Open table of contents\"><svg aria-hidden=\"true\" class=\"e-font-icon-svg e-fas-chevron-down\" viewBox=\"0 0 448 512\" xmlns=\"http:\/\/www.w3.org\/2000\/svg\"><path d=\"M207.029 381.476L12.686 187.132c-9.373-9.373-9.373-24.569 0-33.941l22.667-22.667c9.357-9.357 24.522-9.375 33.901-.04L224 284.505l154.745-154.021c9.379-9.335 24.544-9.317 33.901.04l22.667 22.667c9.373 9.373 9.373 24.569 0 33.941L240.971 381.476c-9.373 9.372-24.569 9.372-33.942 0z\"><\/path><\/svg><\/div>\n\t\t\t\t<div class=\"elementor-toc__toggle-button elementor-toc__toggle-button--collapse\" role=\"button\" tabindex=\"0\" aria-controls=\"elementor-toc__21fce7b4\" aria-expanded=\"true\" aria-label=\"Close table of contents\"><svg aria-hidden=\"true\" class=\"e-font-icon-svg e-fas-chevron-up\" viewBox=\"0 0 448 512\" xmlns=\"http:\/\/www.w3.org\/2000\/svg\"><path d=\"M240.971 130.524l194.343 194.343c9.373 9.373 9.373 24.569 0 33.941l-22.667 22.667c-9.357 9.357-24.522 9.375-33.901.04L224 227.495 69.255 381.516c-9.379 9.335-24.544 9.317-33.901-.04l-22.667-22.667c-9.373-9.373-9.373-24.569 0-33.941L207.03 130.525c9.372-9.373 24.568-9.373 33.941-.001z\"><\/path><\/svg><\/div>\n\t\t\t\t\t<\/div>\n\t\t\t\t<div id=\"elementor-toc__21fce7b4\" class=\"elementor-toc__body\">\n\t\t\t<div class=\"elementor-toc__spinner-container\">\n\t\t\t\t<svg class=\"elementor-toc__spinner eicon-animation-spin e-font-icon-svg e-eicon-loading\" aria-hidden=\"true\" viewBox=\"0 0 1000 1000\" xmlns=\"http:\/\/www.w3.org\/2000\/svg\"><path d=\"M500 975V858C696 858 858 696 858 500S696 142 500 142 142 304 142 500H25C25 237 238 25 500 25S975 237 975 500 763 975 500 975Z\"><\/path><\/svg>\t\t\t<\/div>\n\t\t<\/div>\n\t\t\t\t\t\t<\/div>\n\t\t\t\t<\/div>\n\t\t\t\t\t<\/div>\n\t\t<\/div>\n\t\t\t\t<div class=\"elementor-column elementor-col-50 elementor-top-column elementor-element elementor-element-741733cc\" data-id=\"741733cc\" data-element_type=\"column\" data-e-type=\"column\">\n\t\t\t<div class=\"elementor-widget-wrap elementor-element-populated\">\n\t\t\t\t\t\t<div class=\"elementor-element elementor-element-9e717b7 elementor-widget elementor-widget-text-editor\" data-id=\"9e717b7\" data-element_type=\"widget\" data-e-type=\"widget\" data-widget_type=\"text-editor.default\">\n\t\t\t\t<div class=\"elementor-widget-container\">\n\t\t\t\t\t\t\t\t\t<h1><strong>Guide til innsjekking for leie av b\u00e5t<\/strong><\/h1>\n<h2 data-sourcepos=\"1:1-1:75\">Innsjekking for yachtcharter: Sett seil for et uforglemmelig eventyr uten problemer<\/h2>\n<p data-sourcepos=\"3:1-3:184\"><strong>Gj\u00f8r deg klar til dr\u00f8mmeseilferien!<\/strong>  Denne omfattende guiden s\u00f8rger for en s\u00f8ml\u00f8s innsjekkingsprosess p\u00e5 din leieb\u00e5t, slik at du kan starte eventyret ditt p\u00e5 en god m\u00e5te.<\/p>\n<h3 data-sourcepos=\"5:1-5:24\"><span style=\"text-decoration: underline;\"><strong>F\u00f8r du setter seil:<\/strong><\/span><\/h3>\n<p data-sourcepos=\"7:1-7:37\"><strong>1. Send inn mannskapsliste og lisenser:<\/strong><\/p>\n<ul data-sourcepos=\"9:1-11:0\">\n<li data-sourcepos=\"9:1-9:143\">S\u00f8rg for en smidig innsjekking ved \u00e5 sende <strong>besetningsliste<\/strong> og <strong>seilings-\/VHF-lisenser<\/strong> p\u00e5 forh\u00e5nd. Agenten din vil gi deg de n\u00f8dvendige skjemaene.<\/li>\n<li data-sourcepos=\"10:1-11:0\">Minst ett besetningsmedlem m\u00e5 ha <strong>gyldig VHF-lisens<\/strong> for \u00e5 kunne kommunisere til sj\u00f8s.<\/li>\n<\/ul>\n<p data-sourcepos=\"12:1-12:31\"><strong>2. Forbedre opplevelsen din:<\/strong><\/p>\n<ul data-sourcepos=\"14:1-16:0\">\n<li data-sourcepos=\"14:1-14:152\"><strong>Tidlig innsjekking:<\/strong> Be om <strong>tidlig innsjekking<\/strong> kl. 13.00 hvis du har et tidlig fly eller foretrekker \u00e5 starte utforskningen tidligere (standard innsjekking er kl. 17.00).<\/li>\n<li data-sourcepos=\"15:1-16:0\"><strong>Ekstrautstyr:<\/strong> Bestill <strong>ekstrautstyr<\/strong> som stand-up paddleboard (SUP) p\u00e5 forh\u00e5nd for \u00e5 unng\u00e5 forsinkelser.<\/li>\n<\/ul>\n<p data-sourcepos=\"17:1-17:30\"><strong>3. Ankomst til marinaen:<\/strong><\/p>\n<ul data-sourcepos=\"19:1-22:0\">\n<li data-sourcepos=\"19:1-19:103\"><strong>Med bil:<\/strong> Sjekk om det finnes <strong>bevoktet parkering<\/strong> ved marinaen, eller unders\u00f8k andre <strong>parkeringsmuligheter<\/strong>.<\/li>\n<li data-sourcepos=\"20:1-20:128\"><strong>Med fly:<\/strong> Arranger <strong>transfer<\/strong> gjennom agenten eller charterselskapet ditt. Drosjer og busser er ogs\u00e5 tilgjengelige fra flyplassen.<\/li>\n<li data-sourcepos=\"21:1-22:0\"><strong>Proviantering:<\/strong> For ekstra bekvemmelighet kan du <strong>bestille dagligvarer p\u00e5 nettet<\/strong> for levering direkte til b\u00e5ten.<\/li>\n<\/ul>\n<h3 data-sourcepos=\"23:1-23:17\"><span style=\"text-decoration: underline;\"><strong>Ved ankomst:<\/strong><\/span><\/h3>\n<p data-sourcepos=\"25:1-25:35\"><strong>1. Sjekk inn p\u00e5 basekontoret:<\/strong><\/p>\n<ul data-sourcepos=\"27:1-33:0\">\n<li data-sourcepos=\"27:1-33:0\">Kom i tide og ta med deg:\n<ul data-sourcepos=\"28:5-33:0\">\n<li data-sourcepos=\"28:5-28:23\"><strong>Ombordstigningskort<\/strong><\/li>\n<li data-sourcepos=\"29:5-29:28\"><strong>Fullstendig besetningsliste<\/strong><\/li>\n<li data-sourcepos=\"30:5-30:43\"><strong>Originale skipper- og VHF-lisenser<\/strong><\/li>\n<li data-sourcepos=\"31:5-31:18\"><strong>Besetnings-ID-er<\/strong><\/li>\n<li data-sourcepos=\"32:5-33:0\"><strong>Betalingsm\u00e5te (kontanter\/kredittkort)<\/strong><\/li>\n<\/ul>\n<\/li>\n<\/ul>\n<p data-sourcepos=\"34:1-34:28\"><strong>2. Administrative oppgaver:<\/strong><\/p>\n<ul data-sourcepos=\"36:1-41:0\">\n<li data-sourcepos=\"36:1-41:0\">V\u00e5re basemedarbeidere vil:\n<ul data-sourcepos=\"37:5-41:0\">\n<li data-sourcepos=\"37:5-37:48\"><strong>Bekreft informasjon om mannskap og lisenser.<\/strong><\/li>\n<li data-sourcepos=\"38:5-38:48\"><strong>H\u00e5ndtere turistskatt og utstyrsavgift.<\/strong><\/li>\n<li data-sourcepos=\"39:5-39:61\"><strong>Behandle depositumet<\/strong> (kontant eller med kredittkort).<\/li>\n<li data-sourcepos=\"40:5-41:0\">Tilby <strong>innskuddsforsikring<\/strong> (valgfritt).<\/li>\n<\/ul>\n<\/li>\n<\/ul>\n<p data-sourcepos=\"42:1-42:37\"><strong>3. B\u00e5tsjekk med tekniker:<\/strong><\/p>\n<ul data-sourcepos=\"44:1-51:0\">\n<li data-sourcepos=\"44:1-44:56\">M\u00f8t teknikeren om bord med <strong>b\u00e5tpapirene<\/strong> dine.<\/li>\n<li data-sourcepos=\"45:1-45:56\">S\u00f8rg for at <strong>skipperen er til stede<\/strong> under gjennomgangen.<\/li>\n<li data-sourcepos=\"46:1-49:53\">Teknikeren vil:\n<ul data-sourcepos=\"47:5-49:53\">\n<li data-sourcepos=\"47:5-47:63\">Inspiser <strong>navigasjons-, elektro- og sikkerhetsutstyr<\/strong>.<\/li>\n<li data-sourcepos=\"48:5-48:58\">Sjekk <strong>seil og viktige verkt\u00f8y for drift av b\u00e5ten<\/strong>.<\/li>\n<li data-sourcepos=\"49:5-49:53\">Svar p\u00e5 sp\u00f8rsm\u00e5lene dine og ta opp eventuelle bekymringer.<\/li>\n<\/ul>\n<\/li>\n<li data-sourcepos=\"50:1-51:0\">Begge parter signerer <strong>sjekklisten<\/strong> etter ferdigstillelse.<\/li>\n<\/ul>\n<h3 data-sourcepos=\"52:1-52:22\"><span style=\"text-decoration: underline;\"><strong>Klar til \u00e5 sette seil!<\/strong><\/span><\/h3>\n<p data-sourcepos=\"54:1-54:102\">N\u00e5r du har sjekket inn, er du klar til \u00e5 <strong>kaste loss og begi deg ut p\u00e5 et uforglemmelig eventyr!<\/strong><\/p>\n<p data-sourcepos=\"56:1-56:127\"><strong>Bonustips:<\/strong> Hvis du st\u00f8ter p\u00e5 problemer f\u00f8r du seiler, kan du kontakte det <strong>tekniske supportnummeret<\/strong> som er oppf\u00f8rt i b\u00e5tpapirene.<\/p>\n<p data-sourcepos=\"58:1-58:74\"><strong>Nyt god vind, rolig sj\u00f8 og en magisk opplevelse p\u00e5 Adriaterhavet!<\/strong><\/p>\n\t\t\t\t\t\t\t\t<\/div>\n\t\t\t\t<\/div>\n\t\t\t\t\t<\/div>\n\t\t<\/div>\n\t\t\t\t<div class=\"elementor-column elementor-col-25 elementor-top-column elementor-element elementor-element-2536a580\" data-id=\"2536a580\" data-element_type=\"column\" data-e-type=\"column\">\n\t\t\t<div class=\"elementor-widget-wrap elementor-element-populated\">\n\t\t\t\t\t\t<div class=\"elementor-element elementor-element-458c2026 elementor-widget elementor-widget-template\" data-id=\"458c2026\" data-element_type=\"widget\" data-e-type=\"widget\" data-widget_type=\"template.default\">\n\t\t\t\t<div class=\"elementor-widget-container\">\n\t\t\t\t\t\t\t<div class=\"elementor-template\">\n\t\t\t\t\t<div data-elementor-type=\"section\" data-elementor-id=\"77215\" class=\"elementor elementor-77215 elementor-76339\" data-elementor-post-type=\"elementor_library\">\n\t\t\t\t\t<section class=\"elementor-section elementor-inner-section elementor-element elementor-element-457e679b elementor-section-full_width elementor-section-height-min-height elementor-section-content-middle elementor-section-height-default\" data-id=\"457e679b\" data-element_type=\"section\" data-e-type=\"section\" data-settings=\"{&quot;background_background&quot;:&quot;classic&quot;}\">\n\t\t\t\t\t\t\t<div class=\"elementor-background-overlay\"><\/div>\n\t\t\t\t\t\t\t<div class=\"elementor-container elementor-column-gap-default\">\n\t\t\t\t\t<div class=\"elementor-column elementor-col-100 elementor-inner-column elementor-element elementor-element-33d83c77\" data-id=\"33d83c77\" data-element_type=\"column\" data-e-type=\"column\">\n\t\t\t<div class=\"elementor-widget-wrap elementor-element-populated\">\n\t\t\t\t\t\t<div class=\"elementor-element elementor-element-26c46f13 elementor-widget elementor-widget-text-editor\" data-id=\"26c46f13\" data-element_type=\"widget\" data-e-type=\"widget\" data-widget_type=\"text-editor.default\">\n\t\t\t\t<div class=\"elementor-widget-container\">\n\t\t\t\t\t\t\t\t\t<p style=\"text-align: center;\">Leter du etter b\u00e5t?<\/p>\n\t\t\t\t\t\t\t\t<\/div>\n\t\t\t\t<\/div>\n\t\t\t\t<div class=\"elementor-element elementor-element-7116d3fc elementor-align-center elementor-widget elementor-widget-button\" data-id=\"7116d3fc\" data-element_type=\"widget\" data-e-type=\"widget\" data-widget_type=\"button.default\">\n\t\t\t\t<div class=\"elementor-widget-container\">\n\t\t\t\t\t\t\t\t\t<div class=\"elementor-button-wrapper\">\n\t\t\t\t\t<a class=\"elementor-button elementor-button-link elementor-size-md\" href=\"https:\/\/skippercity.com\/no\/fa-et-tilbud-yachtcharter-kroatia\/\" target=\"_blank\">\n\t\t\t\t\t\t<span class=\"elementor-button-content-wrapper\">\n\t\t\t\t\t\t\t\t\t<span class=\"elementor-button-text\">F\u00c5 ET GRATIS PRIS<\/span>\n\t\t\t\t\t<\/span>\n\t\t\t\t\t<\/a>\n\t\t\t\t<\/div>\n\t\t\t\t\t\t\t\t<\/div>\n\t\t\t\t<\/div>\n\t\t\t\t\t<\/div>\n\t\t<\/div>\n\t\t\t\t\t<\/div>\n\t\t<\/section>\n\t\t\t\t<\/div>\n\t\t\t\t<\/div>\n\t\t\t\t\t\t<\/div>\n\t\t\t\t<\/div>\n\t\t\t\t\t<\/div>\n\t\t<\/div>\n\t\t\t\t\t<\/div>\n\t\t<\/section>\n\t\t\t\t<\/div>\n\t\t","protected":false},"excerpt":{"rendered":"<p>Innholdsfortegnelse Guide til innsjekking for leie av b\u00e5t Innsjekking for yachtcharter: Sett seil for et uforglemmelig eventyr uten problemer Gj\u00f8r deg klar til dr\u00f8mmeseilferien! Denne omfattende guiden s\u00f8rger for en s\u00f8ml\u00f8s innsjekkingsprosess p\u00e5 din leieb\u00e5t, slik at du kan starte eventyret ditt p\u00e5 en god m\u00e5te. F\u00f8r du setter seil: 1. Send inn mannskapsliste og [&hellip;]<\/p>\n","protected":false},"author":2,"featured_media":408270,"parent":0,"menu_order":0,"comment_status":"closed","ping_status":"closed","template":"","meta":{"footnotes":""},"class_list":["post-416127","page","type-page","status-publish","has-post-thumbnail","hentry"],"_links":{"self":[{"href":"https:\/\/skippercity.com\/no\/wp-json\/wp\/v2\/pages\/416127","targetHints":{"allow":["GET"]}}],"collection":[{"href":"https:\/\/skippercity.com\/no\/wp-json\/wp\/v2\/pages"}],"about":[{"href":"https:\/\/skippercity.com\/no\/wp-json\/wp\/v2\/types\/page"}],"author":[{"embeddable":true,"href":"https:\/\/skippercity.com\/no\/wp-json\/wp\/v2\/users\/2"}],"replies":[{"embeddable":true,"href":"https:\/\/skippercity.com\/no\/wp-json\/wp\/v2\/comments?post=416127"}],"version-history":[{"count":0,"href":"https:\/\/skippercity.com\/no\/wp-json\/wp\/v2\/pages\/416127\/revisions"}],"wp:featuredmedia":[{"embeddable":true,"href":"https:\/\/skippercity.com\/no\/wp-json\/wp\/v2\/media\/408270"}],"wp:attachment":[{"href":"https:\/\/skippercity.com\/no\/wp-json\/wp\/v2\/media?parent=416127"}],"curies":[{"name":"wp","href":"https:\/\/api.w.org\/{rel}","templated":true}]}}