{"id":416335,"date":"2024-03-02T09:54:36","date_gmt":"2024-03-02T09:54:36","guid":{"rendered":"https:\/\/www.skippercity.com\/sett-seil-pa-kroatias-fantastiske-kyst-yachtcharter-med-skippercity-com\/"},"modified":"2024-03-02T10:38:54","modified_gmt":"2024-03-02T10:38:54","slug":"sett-seil-pa-kroatias-fantastiske-kyst-yachtcharter-med-skippercity-com","status":"publish","type":"page","link":"https:\/\/skippercity.com\/no\/sett-seil-pa-kroatias-fantastiske-kyst-yachtcharter-med-skippercity-com\/","title":{"rendered":"Sett seil p\u00e5 Kroatias fantastiske kyst: Yachtcharter med SkipperCity.com"},"content":{"rendered":"\t\t<div data-elementor-type=\"wp-page\" data-elementor-id=\"416335\" class=\"elementor elementor-416335 elementor-416326\" data-elementor-post-type=\"page\">\n\t\t\t\t<div class=\"elementor-element elementor-element-7221df9 e-con-full e-flex e-con e-parent\" data-id=\"7221df9\" data-element_type=\"container\" data-e-type=\"container\" data-settings=\"{&quot;background_background&quot;:&quot;classic&quot;}\">\n\t\t\t\t<\/div>\n\t\t\t\t<section class=\"elementor-section elementor-top-section elementor-element elementor-element-16f0dcfb elementor-section-full_width elementor-section-height-default elementor-section-height-default\" data-id=\"16f0dcfb\" data-element_type=\"section\" data-e-type=\"section\">\n\t\t\t\t\t\t<div class=\"elementor-container elementor-column-gap-default\">\n\t\t\t\t\t<div class=\"elementor-column elementor-col-25 elementor-top-column elementor-element elementor-element-14ec4fad\" data-id=\"14ec4fad\" data-element_type=\"column\" data-e-type=\"column\">\n\t\t\t<div class=\"elementor-widget-wrap elementor-element-populated\">\n\t\t\t\t\t\t<div class=\"elementor-element elementor-element-168931b8 elementor-toc--minimized-on-tablet elementor-widget elementor-widget-table-of-contents\" data-id=\"168931b8\" data-element_type=\"widget\" data-e-type=\"widget\" data-settings=\"{&quot;exclude_headings_by_selector&quot;:[],&quot;marker_view&quot;:&quot;bullets&quot;,&quot;headings_by_tags&quot;:[&quot;h2&quot;,&quot;h3&quot;,&quot;h4&quot;,&quot;h5&quot;,&quot;h6&quot;],&quot;icon&quot;:{&quot;value&quot;:&quot;fas fa-circle&quot;,&quot;library&quot;:&quot;fa-solid&quot;,&quot;rendered_tag&quot;:&quot;&lt;svg class=\\&quot;e-font-icon-svg e-fas-circle\\&quot; viewBox=\\&quot;0 0 512 512\\&quot; xmlns=\\&quot;http:\\\/\\\/www.w3.org\\\/2000\\\/svg\\&quot;&gt;&lt;path d=\\&quot;M256 8C119 8 8 119 8 256s111 248 248 248 248-111 248-248S393 8 256 8z\\&quot;&gt;&lt;\\\/path&gt;&lt;\\\/svg&gt;&quot;},&quot;no_headings_message&quot;:&quot;No headings were found on this page.&quot;,&quot;minimize_box&quot;:&quot;yes&quot;,&quot;minimized_on&quot;:&quot;tablet&quot;,&quot;hierarchical_view&quot;:&quot;yes&quot;,&quot;min_height&quot;:{&quot;unit&quot;:&quot;px&quot;,&quot;size&quot;:&quot;&quot;,&quot;sizes&quot;:[]},&quot;min_height_tablet&quot;:{&quot;unit&quot;:&quot;px&quot;,&quot;size&quot;:&quot;&quot;,&quot;sizes&quot;:[]},&quot;min_height_mobile&quot;:{&quot;unit&quot;:&quot;px&quot;,&quot;size&quot;:&quot;&quot;,&quot;sizes&quot;:[]}}\" data-widget_type=\"table-of-contents.default\">\n\t\t\t\t<div class=\"elementor-widget-container\">\n\t\t\t\t\t\t\t\t\t<div class=\"elementor-toc__header\">\n\t\t\t\t\t\t<h4 class=\"elementor-toc__header-title\">\n\t\t\t\tInnholdsfortegnelse\t\t\t<\/h4>\n\t\t\t\t\t\t\t\t\t\t<div class=\"elementor-toc__toggle-button elementor-toc__toggle-button--expand\" role=\"button\" tabindex=\"0\" aria-controls=\"elementor-toc__168931b8\" aria-expanded=\"true\" aria-label=\"Open table of contents\"><svg aria-hidden=\"true\" class=\"e-font-icon-svg e-fas-chevron-down\" viewBox=\"0 0 448 512\" xmlns=\"http:\/\/www.w3.org\/2000\/svg\"><path d=\"M207.029 381.476L12.686 187.132c-9.373-9.373-9.373-24.569 0-33.941l22.667-22.667c9.357-9.357 24.522-9.375 33.901-.04L224 284.505l154.745-154.021c9.379-9.335 24.544-9.317 33.901.04l22.667 22.667c9.373 9.373 9.373 24.569 0 33.941L240.971 381.476c-9.373 9.372-24.569 9.372-33.942 0z\"><\/path><\/svg><\/div>\n\t\t\t\t<div class=\"elementor-toc__toggle-button elementor-toc__toggle-button--collapse\" role=\"button\" tabindex=\"0\" aria-controls=\"elementor-toc__168931b8\" aria-expanded=\"true\" aria-label=\"Close table of contents\"><svg aria-hidden=\"true\" class=\"e-font-icon-svg e-fas-chevron-up\" viewBox=\"0 0 448 512\" xmlns=\"http:\/\/www.w3.org\/2000\/svg\"><path d=\"M240.971 130.524l194.343 194.343c9.373 9.373 9.373 24.569 0 33.941l-22.667 22.667c-9.357 9.357-24.522 9.375-33.901.04L224 227.495 69.255 381.516c-9.379 9.335-24.544 9.317-33.901-.04l-22.667-22.667c-9.373-9.373-9.373-24.569 0-33.941L207.03 130.525c9.372-9.373 24.568-9.373 33.941-.001z\"><\/path><\/svg><\/div>\n\t\t\t\t\t<\/div>\n\t\t\t\t<div id=\"elementor-toc__168931b8\" class=\"elementor-toc__body\">\n\t\t\t<div class=\"elementor-toc__spinner-container\">\n\t\t\t\t<svg class=\"elementor-toc__spinner eicon-animation-spin e-font-icon-svg e-eicon-loading\" aria-hidden=\"true\" viewBox=\"0 0 1000 1000\" xmlns=\"http:\/\/www.w3.org\/2000\/svg\"><path d=\"M500 975V858C696 858 858 696 858 500S696 142 500 142 142 304 142 500H25C25 237 238 25 500 25S975 237 975 500 763 975 500 975Z\"><\/path><\/svg>\t\t\t<\/div>\n\t\t<\/div>\n\t\t\t\t\t\t<\/div>\n\t\t\t\t<\/div>\n\t\t\t\t\t<\/div>\n\t\t<\/div>\n\t\t\t\t<div class=\"elementor-column elementor-col-50 elementor-top-column elementor-element elementor-element-56a65c9e\" data-id=\"56a65c9e\" data-element_type=\"column\" data-e-type=\"column\">\n\t\t\t<div class=\"elementor-widget-wrap elementor-element-populated\">\n\t\t\t\t\t\t<div class=\"elementor-element elementor-element-11821385 elementor-widget elementor-widget-text-editor\" data-id=\"11821385\" data-element_type=\"widget\" data-e-type=\"widget\" data-widget_type=\"text-editor.default\">\n\t\t\t\t<div class=\"elementor-widget-container\">\n\t\t\t\t\t\t\t\t\t<div class=\"markdown markdown-main-panel ui-v2-enabled\" dir=\"ltr\">\n<h1 data-sourcepos=\"1:1-1:80\">Sett seil p\u00e5 Kroatias fantastiske kyst: Yachtcharter med SkipperCity.com<\/h1>\n<h2 data-sourcepos=\"3:1-3:45\"><strong>Uforglemmelig seilferie i Kroatia<\/strong><\/h2>\n<p data-sourcepos=\"5:1-5:278\">Kroatia, med sitt turkise vann, sine pittoreske \u00f8yer og sjarmerende kystbyer, er en dr\u00f8mmedestinasjon for seilentusiaster. Enten du er en erfaren seiler p\u00e5 jakt etter eventyr eller en familie som \u00f8nsker en avslappende ferie, kan SkipperCity.com gj\u00f8re dr\u00f8mmen din til virkelighet.<\/p>\n<h2 data-sourcepos=\"7:1-7:63\"><strong>Utforsk alternativene dine: Katamaraner, seilb\u00e5ter og motorb\u00e5ter<\/strong><\/h2>\n<p data-sourcepos=\"9:1-9:221\">P\u00e5 SkipperCity.com er vi din one-stop-shop for <strong>yachtcharter i Kroatia<\/strong>. Med <strong>over 13 000 b\u00e5ter<\/strong> i v\u00e5r omfattende fl\u00e5te tilbyr vi et bredt utvalg av alternativer som passer for alle preferanser og seilerfaringsniv\u00e5er:<\/p>\n<ul data-sourcepos=\"11:1-14:0\">\n<li data-sourcepos=\"11:1-11:353\"><strong>Katamarancharter:<\/strong> <strong>Opplev enest\u00e5ende stabilitet og komfort<\/strong> om bord p\u00e5 en luksuri\u00f8s katamaran, perfekt for familier og grupper som \u00f8nsker en romslig og avslappende opplevelse. Les mer p\u00e5 v\u00e5r side om katamarancharter i Kroatia: <a class=\"traceable-link\" href=\"https:\/\/skippercity.com\/no\/katamaran-charter-kroatia\/\" target=\"_blank\" rel=\"noopener noreferrer\">https:\/\/skippercity.com\/catamaran-charter-croatia\/<\/a>.<\/li>\n<li data-sourcepos=\"12:1-12:370\"><strong>Charterturer med seilb\u00e5t:<\/strong> <strong>Omfavn den klassiske sjarmen og spenningen ved \u00e5 seile<\/strong> p\u00e5 en klassisk seilb\u00e5t, ideell for \u00e5 utforske skjulte viker og oppleve gleden ved \u00e5 navigere i Adriaterhavet. Finn ut mer om seilb\u00e5tcharter i Kroatia: <a class=\"traceable-link\" href=\"https:\/\/skippercity.com\/no\/seilbatcharter-kroatia\/\" target=\"_blank\" rel=\"noopener noreferrer\">https:\/\/skippercity.com\/sailboat-charter-croatia\/<\/a> alternativer p\u00e5 nettstedet v\u00e5rt.<\/li>\n<li data-sourcepos=\"13:1-14:0\"><strong>Charterturer med motorb\u00e5t:<\/strong> <strong>Oppdag kystlinjen i ditt eget tempo<\/strong> med v\u00e5re spennende motorb\u00e5tcharter, perfekt for dem som \u00f8nsker et raskere tempo og muligheten til \u00e5 dekke et st\u00f8rre omr\u00e5de. Se siden Motorb\u00e5tcharter Kroatia: <a class=\"traceable-link\" href=\"https:\/\/skippercity.com\/no\/motorbat-charter-kroatia\/\" target=\"_blank\" rel=\"noopener noreferrer\">https:\/\/skippercity.com\/motorboat-charter-croatia\/<\/a> for mer informasjon.<\/li>\n<\/ul>\n<h2 data-sourcepos=\"15:1-15:41\"><strong>Skreddersydde opplevelser for alle seilere<\/strong><\/h2>\n<p data-sourcepos=\"17:1-17:153\">Vi forst\u00e5r at alle seilere har unike behov. Velg mellom tre forskjellige charteralternativer for \u00e5 gj\u00f8re ditt kroatiske seileventyr uforglemmelig:<\/p>\n<ul data-sourcepos=\"19:1-22:0\">\n<li data-sourcepos=\"19:1-19:249\"><strong>Charterturer uten b\u00e5t:<\/strong> Legg ut <strong>p\u00e5 et uavhengig eventyr<\/strong> (kun erfarne seilere med gyldige sertifikater) og lag din egen reiserute. Les mer om kravene og fordelene p\u00e5 v\u00e5r side om Bareboat Charter Croatia: [invalid URL removed].<\/li>\n<li data-sourcepos=\"20:1-20:363\"><strong>Charterturer med skipper:<\/strong> <strong>Slapp av og nyt landskapet<\/strong> mens en profesjonell skipper tar seg av navigeringen, slik at du kan fokusere fullt og helt p\u00e5 \u00e5 <strong>nyte<\/strong> Kroatias skj\u00f8nnhet. Finn ut mer om v\u00e5re tjenester med skipper i Kroatia: <a class=\"traceable-link\" href=\"https:\/\/skippercity.com\/no\/skippered-yacht-charter-kroatia\/\" target=\"_blank\" rel=\"noopener noreferrer\">https:\/\/skippercity.com\/skippered-yacht-charter-croatia\/<\/a>.<\/li>\n<li data-sourcepos=\"21:1-22:0\"><strong>Charterturer med mannskap:<\/strong> <strong>Unn deg den ultimate luksus<\/strong> med en yacht med kaptein og fullt mannskap, som tilbyr personlig service og dekker alle dine behov. Utforsk mulighetene for Crewed Yacht Charter Croatia: <a class=\"traceable-link\" href=\"https:\/\/skippercity.com\/no\/mannskap-yachtcharter-kroatia\/\" target=\"_blank\" rel=\"noopener noreferrer\">https:\/\/skippercity.com\/crewed-yacht-charter-croatia\/<\/a> p\u00e5 nettstedet v\u00e5rt.<\/li>\n<\/ul>\n<h2 data-sourcepos=\"23:1-23:37\"><strong>Utforsk Kroatias mangfoldige regioner<\/strong><\/h2>\n<p data-sourcepos=\"25:1-25:204\">Legg ut p\u00e5 eventyr fra ulike steder i Kroatia, blant annet Split, Dubrovnik, Zadar, \u0160ibenik og Trogir. Hver region har unike kystlandskap og skjulte perler som venter p\u00e5 \u00e5 bli oppdaget.<\/p>\n<h2 data-sourcepos=\"27:1-27:44\"><strong>Problemfri bestilling og ekspertveiledning:<\/strong><\/h2>\n<p data-sourcepos=\"29:1-29:180\">V\u00e5rt erfarne team er her for \u00e5 veilede deg hele veien. Vi tilbyr personlige anbefalinger, ekspertr\u00e5d om valg av den perfekte b\u00e5ten og en s\u00f8ml\u00f8s bestillingsprosess.<\/p>\n<h2 data-sourcepos=\"31:1-31:36\"><strong>Begynn \u00e5 planlegge dr\u00f8mmen din i dag:<\/strong><\/h2>\n<p data-sourcepos=\"33:1-33:189\">Kontakt SkipperCity.com i dag for et gratis tilbud og begynn \u00e5 planlegge en uforglemmelig opplevelse med <strong>leie av seilb\u00e5t<\/strong>, <strong>katamaran<\/strong> eller <strong>motorb\u00e5t<\/strong> i Kroatia!<\/p>\n<\/div>\n\t\t\t\t\t\t\t\t<\/div>\n\t\t\t\t<\/div>\n\t\t\t\t\t<\/div>\n\t\t<\/div>\n\t\t\t\t<div class=\"elementor-column elementor-col-25 elementor-top-column elementor-element elementor-element-50e30ed\" data-id=\"50e30ed\" data-element_type=\"column\" data-e-type=\"column\">\n\t\t\t<div class=\"elementor-widget-wrap elementor-element-populated\">\n\t\t\t\t\t\t<div class=\"elementor-element elementor-element-1809f061 elementor-widget elementor-widget-template\" data-id=\"1809f061\" data-element_type=\"widget\" data-e-type=\"widget\" data-widget_type=\"template.default\">\n\t\t\t\t<div class=\"elementor-widget-container\">\n\t\t\t\t\t\t\t<div class=\"elementor-template\">\n\t\t\t\t\t<div data-elementor-type=\"section\" data-elementor-id=\"77215\" class=\"elementor elementor-77215 elementor-76339\" data-elementor-post-type=\"elementor_library\">\n\t\t\t\t\t<section class=\"elementor-section elementor-inner-section elementor-element elementor-element-457e679b elementor-section-full_width elementor-section-height-min-height elementor-section-content-middle elementor-section-height-default\" data-id=\"457e679b\" data-element_type=\"section\" data-e-type=\"section\" data-settings=\"{&quot;background_background&quot;:&quot;classic&quot;}\">\n\t\t\t\t\t\t\t<div class=\"elementor-background-overlay\"><\/div>\n\t\t\t\t\t\t\t<div class=\"elementor-container elementor-column-gap-default\">\n\t\t\t\t\t<div class=\"elementor-column elementor-col-100 elementor-inner-column elementor-element elementor-element-33d83c77\" data-id=\"33d83c77\" data-element_type=\"column\" data-e-type=\"column\">\n\t\t\t<div class=\"elementor-widget-wrap elementor-element-populated\">\n\t\t\t\t\t\t<div class=\"elementor-element elementor-element-26c46f13 elementor-widget elementor-widget-text-editor\" data-id=\"26c46f13\" data-element_type=\"widget\" data-e-type=\"widget\" data-widget_type=\"text-editor.default\">\n\t\t\t\t<div class=\"elementor-widget-container\">\n\t\t\t\t\t\t\t\t\t<p style=\"text-align: center;\">Leter du etter b\u00e5t?<\/p>\n\t\t\t\t\t\t\t\t<\/div>\n\t\t\t\t<\/div>\n\t\t\t\t<div class=\"elementor-element elementor-element-7116d3fc elementor-align-center elementor-widget elementor-widget-button\" data-id=\"7116d3fc\" data-element_type=\"widget\" data-e-type=\"widget\" data-widget_type=\"button.default\">\n\t\t\t\t<div class=\"elementor-widget-container\">\n\t\t\t\t\t\t\t\t\t<div class=\"elementor-button-wrapper\">\n\t\t\t\t\t<a class=\"elementor-button elementor-button-link elementor-size-md\" href=\"https:\/\/skippercity.com\/no\/fa-et-tilbud-yachtcharter-kroatia\/\" target=\"_blank\">\n\t\t\t\t\t\t<span class=\"elementor-button-content-wrapper\">\n\t\t\t\t\t\t\t\t\t<span class=\"elementor-button-text\">F\u00c5 ET GRATIS PRIS<\/span>\n\t\t\t\t\t<\/span>\n\t\t\t\t\t<\/a>\n\t\t\t\t<\/div>\n\t\t\t\t\t\t\t\t<\/div>\n\t\t\t\t<\/div>\n\t\t\t\t\t<\/div>\n\t\t<\/div>\n\t\t\t\t\t<\/div>\n\t\t<\/section>\n\t\t\t\t<\/div>\n\t\t\t\t<\/div>\n\t\t\t\t\t\t<\/div>\n\t\t\t\t<\/div>\n\t\t\t\t\t<\/div>\n\t\t<\/div>\n\t\t\t\t\t<\/div>\n\t\t<\/section>\n\t\t\t\t<\/div>\n\t\t","protected":false},"excerpt":{"rendered":"<p>Innholdsfortegnelse Sett seil p\u00e5 Kroatias fantastiske kyst: Yachtcharter med SkipperCity.com Uforglemmelig seilferie i Kroatia Kroatia, med sitt turkise vann, sine pittoreske \u00f8yer og sjarmerende kystbyer, er en dr\u00f8mmedestinasjon for seilentusiaster. Enten du er en erfaren seiler p\u00e5 jakt etter eventyr eller en familie som \u00f8nsker en avslappende ferie, kan SkipperCity.com gj\u00f8re dr\u00f8mmen din til virkelighet. [&hellip;]<\/p>\n","protected":false},"author":2,"featured_media":408270,"parent":0,"menu_order":0,"comment_status":"closed","ping_status":"closed","template":"","meta":{"footnotes":""},"class_list":["post-416335","page","type-page","status-publish","has-post-thumbnail","hentry"],"_links":{"self":[{"href":"https:\/\/skippercity.com\/no\/wp-json\/wp\/v2\/pages\/416335","targetHints":{"allow":["GET"]}}],"collection":[{"href":"https:\/\/skippercity.com\/no\/wp-json\/wp\/v2\/pages"}],"about":[{"href":"https:\/\/skippercity.com\/no\/wp-json\/wp\/v2\/types\/page"}],"author":[{"embeddable":true,"href":"https:\/\/skippercity.com\/no\/wp-json\/wp\/v2\/users\/2"}],"replies":[{"embeddable":true,"href":"https:\/\/skippercity.com\/no\/wp-json\/wp\/v2\/comments?post=416335"}],"version-history":[{"count":0,"href":"https:\/\/skippercity.com\/no\/wp-json\/wp\/v2\/pages\/416335\/revisions"}],"wp:featuredmedia":[{"embeddable":true,"href":"https:\/\/skippercity.com\/no\/wp-json\/wp\/v2\/media\/408270"}],"wp:attachment":[{"href":"https:\/\/skippercity.com\/no\/wp-json\/wp\/v2\/media?parent=416335"}],"curies":[{"name":"wp","href":"https:\/\/api.w.org\/{rel}","templated":true}]}}