{"id":71761,"date":"2017-11-15T23:12:15","date_gmt":"2017-11-15T23:12:15","guid":{"rendered":"https:\/\/www.skippercity.com\/a-seile-i-kroatia-er-morsomt-bli-inspirert\/"},"modified":"2024-02-29T15:13:42","modified_gmt":"2024-02-29T15:13:42","slug":"a-seile-i-kroatia-er-morsomt-bli-inspirert","status":"publish","type":"page","link":"https:\/\/skippercity.com\/no\/a-seile-i-kroatia-er-morsomt-bli-inspirert\/","title":{"rendered":"\u00c5 seile i Kroatia er morsomt; Bli inspirert"},"content":{"rendered":"\t\t<div data-elementor-type=\"wp-page\" data-elementor-id=\"71761\" class=\"elementor elementor-71761 elementor-1583\" data-elementor-post-type=\"page\">\n\t\t\t\t<div class=\"elementor-element elementor-element-73e7b46 e-con-full e-flex e-con e-parent\" data-id=\"73e7b46\" data-element_type=\"container\" data-e-type=\"container\" data-settings=\"{&quot;background_background&quot;:&quot;classic&quot;}\">\n\t\t\t\t<\/div>\n\t\t\t\t<section class=\"elementor-section elementor-top-section elementor-element elementor-element-c4c2e00 elementor-section-full_width elementor-section-height-default elementor-section-height-default\" data-id=\"c4c2e00\" data-element_type=\"section\" data-e-type=\"section\">\n\t\t\t\t\t\t<div class=\"elementor-container elementor-column-gap-default\">\n\t\t\t\t\t<div class=\"elementor-column elementor-col-25 elementor-top-column elementor-element elementor-element-4544b0c1\" data-id=\"4544b0c1\" data-element_type=\"column\" data-e-type=\"column\">\n\t\t\t<div class=\"elementor-widget-wrap elementor-element-populated\">\n\t\t\t\t\t\t<div class=\"elementor-element elementor-element-71d12fdb elementor-toc--minimized-on-tablet elementor-widget elementor-widget-table-of-contents\" data-id=\"71d12fdb\" data-element_type=\"widget\" data-e-type=\"widget\" data-settings=\"{&quot;exclude_headings_by_selector&quot;:[],&quot;marker_view&quot;:&quot;bullets&quot;,&quot;headings_by_tags&quot;:[&quot;h2&quot;,&quot;h3&quot;,&quot;h4&quot;,&quot;h5&quot;,&quot;h6&quot;],&quot;icon&quot;:{&quot;value&quot;:&quot;fas fa-circle&quot;,&quot;library&quot;:&quot;fa-solid&quot;,&quot;rendered_tag&quot;:&quot;&lt;svg class=\\&quot;e-font-icon-svg e-fas-circle\\&quot; viewBox=\\&quot;0 0 512 512\\&quot; xmlns=\\&quot;http:\\\/\\\/www.w3.org\\\/2000\\\/svg\\&quot;&gt;&lt;path d=\\&quot;M256 8C119 8 8 119 8 256s111 248 248 248 248-111 248-248S393 8 256 8z\\&quot;&gt;&lt;\\\/path&gt;&lt;\\\/svg&gt;&quot;},&quot;no_headings_message&quot;:&quot;No headings were found on this page.&quot;,&quot;minimize_box&quot;:&quot;yes&quot;,&quot;minimized_on&quot;:&quot;tablet&quot;,&quot;hierarchical_view&quot;:&quot;yes&quot;,&quot;min_height&quot;:{&quot;unit&quot;:&quot;px&quot;,&quot;size&quot;:&quot;&quot;,&quot;sizes&quot;:[]},&quot;min_height_tablet&quot;:{&quot;unit&quot;:&quot;px&quot;,&quot;size&quot;:&quot;&quot;,&quot;sizes&quot;:[]},&quot;min_height_mobile&quot;:{&quot;unit&quot;:&quot;px&quot;,&quot;size&quot;:&quot;&quot;,&quot;sizes&quot;:[]}}\" data-widget_type=\"table-of-contents.default\">\n\t\t\t\t<div class=\"elementor-widget-container\">\n\t\t\t\t\t\t\t\t\t<div class=\"elementor-toc__header\">\n\t\t\t\t\t\t<h4 class=\"elementor-toc__header-title\">\n\t\t\t\tInnholdsfortegnelse\t\t\t<\/h4>\n\t\t\t\t\t\t\t\t\t\t<div class=\"elementor-toc__toggle-button elementor-toc__toggle-button--expand\" role=\"button\" tabindex=\"0\" aria-controls=\"elementor-toc__71d12fdb\" aria-expanded=\"true\" aria-label=\"Open table of contents\"><svg aria-hidden=\"true\" class=\"e-font-icon-svg e-fas-chevron-down\" viewBox=\"0 0 448 512\" xmlns=\"http:\/\/www.w3.org\/2000\/svg\"><path d=\"M207.029 381.476L12.686 187.132c-9.373-9.373-9.373-24.569 0-33.941l22.667-22.667c9.357-9.357 24.522-9.375 33.901-.04L224 284.505l154.745-154.021c9.379-9.335 24.544-9.317 33.901.04l22.667 22.667c9.373 9.373 9.373 24.569 0 33.941L240.971 381.476c-9.373 9.372-24.569 9.372-33.942 0z\"><\/path><\/svg><\/div>\n\t\t\t\t<div class=\"elementor-toc__toggle-button elementor-toc__toggle-button--collapse\" role=\"button\" tabindex=\"0\" aria-controls=\"elementor-toc__71d12fdb\" aria-expanded=\"true\" aria-label=\"Close table of contents\"><svg aria-hidden=\"true\" class=\"e-font-icon-svg e-fas-chevron-up\" viewBox=\"0 0 448 512\" xmlns=\"http:\/\/www.w3.org\/2000\/svg\"><path d=\"M240.971 130.524l194.343 194.343c9.373 9.373 9.373 24.569 0 33.941l-22.667 22.667c-9.357 9.357-24.522 9.375-33.901.04L224 227.495 69.255 381.516c-9.379 9.335-24.544 9.317-33.901-.04l-22.667-22.667c-9.373-9.373-9.373-24.569 0-33.941L207.03 130.525c9.372-9.373 24.568-9.373 33.941-.001z\"><\/path><\/svg><\/div>\n\t\t\t\t\t<\/div>\n\t\t\t\t<div id=\"elementor-toc__71d12fdb\" class=\"elementor-toc__body\">\n\t\t\t<div class=\"elementor-toc__spinner-container\">\n\t\t\t\t<svg class=\"elementor-toc__spinner eicon-animation-spin e-font-icon-svg e-eicon-loading\" aria-hidden=\"true\" viewBox=\"0 0 1000 1000\" xmlns=\"http:\/\/www.w3.org\/2000\/svg\"><path d=\"M500 975V858C696 858 858 696 858 500S696 142 500 142 142 304 142 500H25C25 237 238 25 500 25S975 237 975 500 763 975 500 975Z\"><\/path><\/svg>\t\t\t<\/div>\n\t\t<\/div>\n\t\t\t\t\t\t<\/div>\n\t\t\t\t<\/div>\n\t\t\t\t\t<\/div>\n\t\t<\/div>\n\t\t\t\t<div class=\"elementor-column elementor-col-50 elementor-top-column elementor-element elementor-element-7707a56\" data-id=\"7707a56\" data-element_type=\"column\" data-e-type=\"column\">\n\t\t\t<div class=\"elementor-widget-wrap elementor-element-populated\">\n\t\t\t\t\t\t<div class=\"elementor-element elementor-element-305b22d8 elementor-widget elementor-widget-text-editor\" data-id=\"305b22d8\" data-element_type=\"widget\" data-e-type=\"widget\" data-widget_type=\"text-editor.default\">\n\t\t\t\t<div class=\"elementor-widget-container\">\n\t\t\t\t\t\t\t\t\t<div class=\"markdown markdown-main-panel ui-v2-enabled\" dir=\"ltr\">\n<h1 data-sourcepos=\"1:1-1:69\">Det er g\u00f8y \u00e5 seile i Kroatia! La deg inspirere!<\/h1>\n<h2 data-sourcepos=\"1:1-1:69\">Sett seil for eventyr: Uforglemmelige opplevelser venter i Kroatia<\/h2>\n<p data-sourcepos=\"3:1-3:309\">Se for deg at du glir over det turkise vannet i Adriaterhavet, mens solen varmer ansiktet ditt og den milde havspr\u00f8yten dugger over huden din. Kroatia, med sine utallige \u00f8yer, skjulte bukter og sjarmerende kystbyer, innbyr til et seileventyr som vil ta pusten fra deg.<\/p>\n<p data-sourcepos=\"5:1-5:54\"><strong>Unnslipp det ordin\u00e6re og omfavn det ekstraordin\u00e6re:<\/strong><\/p>\n<ul data-sourcepos=\"7:1-11:0\">\n<li data-sourcepos=\"7:1-7:165\"><strong>Bytt ut bybilder med havbilder:<\/strong> Se soloppgangen male himmelen i livlige farger mens du setter seil, og den eneste lyden er b\u00f8lgenes skvulp mot skroget.<\/li>\n<li data-sourcepos=\"8:1-8:171\"><strong>Utforsk skjulte perler:<\/strong> Oppdag bortgjemte viker som bare er tilgjengelige med b\u00e5t, uber\u00f8rte strender som er perfekte for avslapning, og sjarmerende landsbyer der tiden ser ut til \u00e5 st\u00e5 stille.<\/li>\n<li data-sourcepos=\"9:1-9:157\"><strong>Dykk ned i krystallklart vann:<\/strong> Snorkle i de livlige korallrevene som myldrer av liv, eller fortap deg i undervannsverdenen p\u00e5 en dykkeekspedisjon.<\/li>\n<li data-sourcepos=\"10:1-11:0\"><strong>Seil under en stjernehimmel:<\/strong> N\u00e5r m\u00f8rket senker seg, kan du se p\u00e5 en fantastisk stjernehimmel som ikke skjemmes av byens lys, og kjenne en f\u00f8lelse av fred skylle over deg.<\/li>\n<\/ul>\n<\/div>\n<div class=\"markdown markdown-main-panel ui-v2-enabled\" dir=\"ltr\">\n<p data-sourcepos=\"12:1-12:36\">\n<p data-sourcepos=\"12:1-12:36\"><strong>Omfavn eventyrlysten:<\/strong><\/p>\n<ul data-sourcepos=\"14:1-17:0\">\n<li data-sourcepos=\"14:1-14:164\"><strong>Naviger i ukjent farvann:<\/strong> Ta roret og stak ut kursen, kjenn p\u00e5 spenningen ved \u00e5 seile p\u00e5 \u00e5pent hav og tilfredsstillelsen ved \u00e5 mestre en ny ferdighet.<\/li>\n<li data-sourcepos=\"15:1-15:145\"><strong>Kom i kontakt med naturen:<\/strong> Pust inn den friske sj\u00f8luften, kjenn solen mot huden og fordyp deg i skj\u00f8nnheten ved Adriaterhavskysten.<\/li>\n<li data-sourcepos=\"16:1-17:0\"><strong>Skap varige minner:<\/strong> Del opplevelsen med dem du er glad i, og skap uforglemmelige historier og \u00f8yeblikk som vil bli husket for alltid.<\/li>\n<\/ul>\n<\/div>\n<div class=\"markdown markdown-main-panel ui-v2-enabled\" dir=\"ltr\">\n<p data-sourcepos=\"18:1-18:67\"><strong>Kroatia er mer enn bare et reisem\u00e5l, det er en invitasjon til:<\/strong><\/p>\n<ul data-sourcepos=\"20:1-23:0\">\n<li data-sourcepos=\"20:1-20:102\"><strong>Koble av fra hverdagen:<\/strong> Legg bekymringene bak deg og omfavn friheten p\u00e5 det \u00e5pne havet.<\/li>\n<li data-sourcepos=\"21:1-21:116\"><strong>F\u00e5 tilbake f\u00f8lelsen av undring:<\/strong> Gjenoppdag de enkle gledene i livet og gjenopprett kontakten med naturen i sin reneste form.<\/li>\n<li data-sourcepos=\"22:1-23:0\"><strong>Skap en historie verdt \u00e5 fortelle:<\/strong> Legg ut p\u00e5 en reise som vil forvandle deg og etterlate deg med en fornyet \u00e5nd og et hjerte fullt av minner.<\/li>\n<\/ul>\n<\/div>\n<div class=\"markdown markdown-main-panel ui-v2-enabled\" dir=\"ltr\">\n<p data-sourcepos=\"24:1-24:135\"><strong>S\u00e5 heis seilene, kjenn vinden i h\u00e5ret og sett kursen mot et uforglemmelig eventyr i Kroatia. Adriaterhavet venter!<\/strong><\/p>\n<p data-sourcepos=\"24:1-24:135\">\n<\/div>\n<h2 data-sourcepos=\"7:1-7:58\">Legg ut p\u00e5 et uforglemmelig seileventyr i Kroatia<\/h2>\n<p data-sourcepos=\"9:1-9:260\">Kroatia, med sin fantastiske Adriaterhavskyst, utallige \u00f8yer og sjarmerende havnebyer, er en dr\u00f8mmedestinasjon for en seilferie. Enten du er en erfaren seiler eller nybegynner, finnes det et perfekt alternativ for deg i Kroatia.<\/p>\n<p data-sourcepos=\"11:1-11:52\"><strong>Skreddersydd yachtcharter for enhver smak:<\/strong><\/p>\n<ul data-sourcepos=\"13:1-17:0\">\n<li data-sourcepos=\"13:1-13:234\"><strong>Charterturer med skipper:<\/strong> Ideell for de som \u00f8nsker \u00e5 slappe av og nyte naturen uten ansvar for \u00e5 navigere b\u00e5ten. En erfaren skipper tar seg av alt, fra seiling av b\u00e5ten til planlegging av reiseruten.<\/li>\n<li data-sourcepos=\"14:1-14:166\"><strong>Bareboat-charter:<\/strong> For erfarne seilere som \u00f8nsker friheten til \u00e5 utforske i sitt eget tempo. Du trenger en gyldig seilingslisens for \u00e5 leie en bareboat.<\/li>\n<li data-sourcepos=\"15:1-15:214\"><strong>Charter med mannskap:<\/strong> Kombiner friheten ved bareboatcharter med komforten og servicen til et profesjonelt mannskap. Et mannskap s\u00f8rger for \u00e5 seile b\u00e5ten, tilberede m\u00e5ltider og s\u00f8rge for at alle dine behov blir dekket.<\/li>\n<li data-sourcepos=\"16:1-17:0\"><strong>Charterturer med alt inkludert:<\/strong> Den ultimate bekymringsl\u00f8se seilopplevelsen. Alt er ordnet, fra m\u00e5ltider og drikke til aktiviteter og utflukter. Alt du trenger \u00e5 gj\u00f8re er \u00e5 lene deg tilbake, slappe av og nyte turen.<\/li>\n<\/ul>\n<p data-sourcepos=\"18:1-18:48\"><strong>Vi presenterer Kroatias mangfoldige seilingsregioner:<\/strong><\/p>\n<ul data-sourcepos=\"20:1-24:0\">\n<li data-sourcepos=\"20:1-20:215\"><strong>Den dalmatiske kysten:<\/strong> Den mest popul\u00e6re seilregionen i Kroatia, med en vakker blanding av historiske byer, sjarmerende landsbyer og bortgjemte bukter. Utforsk Dubrovnik, Split, Hvar, Bra\u010d og Kornati-\u00f8yene.<\/li>\n<li data-sourcepos=\"21:1-21:239\"><strong>Istria-halv\u00f8ya:<\/strong> Oppdag Istrias unike sjarm med middelalderbyer p\u00e5 bakketopper, venetiansk innflytelse og deilig lokal mat. Seil rundt i nasjonalparken Brijuni-\u00f8yene, og utforsk Pula Arena, et romersk amfiteater.<\/li>\n<li data-sourcepos=\"22:1-22:225\"><strong>Kvarnerbukten:<\/strong> Cruise gjennom Kvarnerbukten, kjent for sitt dramatiske landskap, frodige vegetasjon og krystallklare vann. Bes\u00f8k \u00f8yene Krk, Rab og Cres, og utforsk de sjarmerende byene Opatija og Rijeka.<\/li>\n<li data-sourcepos=\"23:1-24:0\"><strong>S\u00f8rlige Adriaterhavet:<\/strong> Seil langs den s\u00f8rlige Adriaterhavskysten, som er kjent for sin fantastiske naturskj\u00f8nnhet og avslappede atmosf\u00e6re. Utforsk Elaphiti-\u00f8yene, Mljet nasjonalpark og den historiske byen Dubrovnik.<\/li>\n<\/ul>\n<p data-sourcepos=\"25:1-25:36\"><strong>I tillegg til den fantastiske naturen:<\/strong><\/p>\n<ul data-sourcepos=\"27:1-30:0\">\n<li data-sourcepos=\"27:1-27:226\"><strong>Fordyp deg i Kroatias rike kultur og historie:<\/strong> Utforsk gamle ruiner, sjarmerende byer og pulserende storbyer. Nyt det deilige lokale kj\u00f8kkenet, som er kjent for sin ferske sj\u00f8mat, olivenolje og regionale spesialiteter.<\/li>\n<li data-sourcepos=\"28:1-28:153\"><strong>Unn deg vannaktiviteter:<\/strong> Sv\u00f8mming, snorkling, dykking, kajakkpadling eller stand-up paddleboarding i Adriaterhavets krystallklare vann.<\/li>\n<li data-sourcepos=\"29:1-30:0\"><strong>Opplev den kroatiske befolkningens varme gjestfrihet:<\/strong> Lokalbefolkningen er kjent for sin vennlighet og im\u00f8tekommenhet, noe som f\u00e5r deg til \u00e5 f\u00f8le deg som hjemme.<\/li>\n<\/ul>\n<p data-sourcepos=\"31:1-31:63\"><strong>Begynn \u00e5 planlegge ditt kroatiske dr\u00f8mmeeventyr allerede i dag!<\/strong><\/p>\n\t\t\t\t\t\t\t\t<\/div>\n\t\t\t\t<\/div>\n\t\t\t\t\t<\/div>\n\t\t<\/div>\n\t\t\t\t<div class=\"elementor-column elementor-col-25 elementor-top-column elementor-element elementor-element-3beb6c0b\" data-id=\"3beb6c0b\" data-element_type=\"column\" data-e-type=\"column\">\n\t\t\t<div class=\"elementor-widget-wrap elementor-element-populated\">\n\t\t\t\t\t\t<div class=\"elementor-element elementor-element-397c5332 elementor-widget elementor-widget-template\" data-id=\"397c5332\" data-element_type=\"widget\" data-e-type=\"widget\" data-widget_type=\"template.default\">\n\t\t\t\t<div class=\"elementor-widget-container\">\n\t\t\t\t\t\t\t<div class=\"elementor-template\">\n\t\t\t\t\t<div data-elementor-type=\"section\" data-elementor-id=\"77215\" class=\"elementor elementor-77215 elementor-76339\" data-elementor-post-type=\"elementor_library\">\n\t\t\t\t\t<section class=\"elementor-section elementor-inner-section elementor-element elementor-element-457e679b elementor-section-full_width elementor-section-height-min-height elementor-section-content-middle elementor-section-height-default\" data-id=\"457e679b\" data-element_type=\"section\" data-e-type=\"section\" data-settings=\"{&quot;background_background&quot;:&quot;classic&quot;}\">\n\t\t\t\t\t\t\t<div class=\"elementor-background-overlay\"><\/div>\n\t\t\t\t\t\t\t<div class=\"elementor-container elementor-column-gap-default\">\n\t\t\t\t\t<div class=\"elementor-column elementor-col-100 elementor-inner-column elementor-element elementor-element-33d83c77\" data-id=\"33d83c77\" data-element_type=\"column\" data-e-type=\"column\">\n\t\t\t<div class=\"elementor-widget-wrap elementor-element-populated\">\n\t\t\t\t\t\t<div class=\"elementor-element elementor-element-26c46f13 elementor-widget elementor-widget-text-editor\" data-id=\"26c46f13\" data-element_type=\"widget\" data-e-type=\"widget\" data-widget_type=\"text-editor.default\">\n\t\t\t\t<div class=\"elementor-widget-container\">\n\t\t\t\t\t\t\t\t\t<p style=\"text-align: center;\">Leter du etter b\u00e5t?<\/p>\n\t\t\t\t\t\t\t\t<\/div>\n\t\t\t\t<\/div>\n\t\t\t\t<div class=\"elementor-element elementor-element-7116d3fc elementor-align-center elementor-widget elementor-widget-button\" data-id=\"7116d3fc\" data-element_type=\"widget\" data-e-type=\"widget\" data-widget_type=\"button.default\">\n\t\t\t\t<div class=\"elementor-widget-container\">\n\t\t\t\t\t\t\t\t\t<div class=\"elementor-button-wrapper\">\n\t\t\t\t\t<a class=\"elementor-button elementor-button-link elementor-size-md\" href=\"https:\/\/skippercity.com\/no\/fa-et-tilbud-yachtcharter-kroatia\/\" target=\"_blank\">\n\t\t\t\t\t\t<span class=\"elementor-button-content-wrapper\">\n\t\t\t\t\t\t\t\t\t<span class=\"elementor-button-text\">F\u00c5 ET GRATIS PRIS<\/span>\n\t\t\t\t\t<\/span>\n\t\t\t\t\t<\/a>\n\t\t\t\t<\/div>\n\t\t\t\t\t\t\t\t<\/div>\n\t\t\t\t<\/div>\n\t\t\t\t\t<\/div>\n\t\t<\/div>\n\t\t\t\t\t<\/div>\n\t\t<\/section>\n\t\t\t\t<\/div>\n\t\t\t\t<\/div>\n\t\t\t\t\t\t<\/div>\n\t\t\t\t<\/div>\n\t\t\t\t\t<\/div>\n\t\t<\/div>\n\t\t\t\t\t<\/div>\n\t\t<\/section>\n\t\t\t\t<\/div>\n\t\t","protected":false},"excerpt":{"rendered":"<p>Innholdsfortegnelse Det er g\u00f8y \u00e5 seile i Kroatia! La deg inspirere! Sett seil for eventyr: Uforglemmelige opplevelser venter i Kroatia Se for deg at du glir over det turkise vannet i Adriaterhavet, mens solen varmer ansiktet ditt og den milde havspr\u00f8yten dugger over huden din. Kroatia, med sine utallige \u00f8yer, skjulte bukter og sjarmerende kystbyer, [&hellip;]<\/p>\n","protected":false},"author":2,"featured_media":71489,"parent":0,"menu_order":0,"comment_status":"closed","ping_status":"closed","template":"","meta":{"footnotes":""},"class_list":["post-71761","page","type-page","status-publish","has-post-thumbnail","hentry"],"_links":{"self":[{"href":"https:\/\/skippercity.com\/no\/wp-json\/wp\/v2\/pages\/71761","targetHints":{"allow":["GET"]}}],"collection":[{"href":"https:\/\/skippercity.com\/no\/wp-json\/wp\/v2\/pages"}],"about":[{"href":"https:\/\/skippercity.com\/no\/wp-json\/wp\/v2\/types\/page"}],"author":[{"embeddable":true,"href":"https:\/\/skippercity.com\/no\/wp-json\/wp\/v2\/users\/2"}],"replies":[{"embeddable":true,"href":"https:\/\/skippercity.com\/no\/wp-json\/wp\/v2\/comments?post=71761"}],"version-history":[{"count":0,"href":"https:\/\/skippercity.com\/no\/wp-json\/wp\/v2\/pages\/71761\/revisions"}],"wp:featuredmedia":[{"embeddable":true,"href":"https:\/\/skippercity.com\/no\/wp-json\/wp\/v2\/media\/71489"}],"wp:attachment":[{"href":"https:\/\/skippercity.com\/no\/wp-json\/wp\/v2\/media?parent=71761"}],"curies":[{"name":"wp","href":"https:\/\/api.w.org\/{rel}","templated":true}]}}