{"id":71983,"date":"2017-11-15T21:24:45","date_gmt":"2017-11-15T21:24:45","guid":{"rendered":"https:\/\/www.skippercity.com\/batutleie-kroatia\/"},"modified":"2024-02-21T12:24:45","modified_gmt":"2024-02-21T12:24:45","slug":"batutleie-kroatia","status":"publish","type":"page","link":"https:\/\/skippercity.com\/no\/batutleie-kroatia\/","title":{"rendered":"B\u00e5tutleie Kroatia"},"content":{"rendered":"\t\t<div data-elementor-type=\"wp-page\" data-elementor-id=\"71983\" class=\"elementor elementor-71983 elementor-1472\" data-elementor-post-type=\"page\">\n\t\t\t\t<div class=\"elementor-element elementor-element-6042987 e-con-full e-flex e-con e-parent\" data-id=\"6042987\" data-element_type=\"container\" data-e-type=\"container\" data-settings=\"{&quot;background_background&quot;:&quot;classic&quot;}\">\n\t\t\t\t<\/div>\n\t\t\t\t<section class=\"elementor-section elementor-top-section elementor-element elementor-element-6ac0cb3c elementor-section-full_width elementor-section-height-default elementor-section-height-default\" data-id=\"6ac0cb3c\" data-element_type=\"section\" data-e-type=\"section\">\n\t\t\t\t\t\t<div class=\"elementor-container elementor-column-gap-default\">\n\t\t\t\t\t<div class=\"elementor-column elementor-col-25 elementor-top-column elementor-element elementor-element-6105046c\" data-id=\"6105046c\" data-element_type=\"column\" data-e-type=\"column\">\n\t\t\t<div class=\"elementor-widget-wrap elementor-element-populated\">\n\t\t\t\t\t\t<div class=\"elementor-element elementor-element-27770b8e elementor-toc--minimized-on-tablet elementor-widget elementor-widget-table-of-contents\" data-id=\"27770b8e\" data-element_type=\"widget\" data-e-type=\"widget\" data-settings=\"{&quot;exclude_headings_by_selector&quot;:[],&quot;marker_view&quot;:&quot;bullets&quot;,&quot;headings_by_tags&quot;:[&quot;h2&quot;,&quot;h3&quot;,&quot;h4&quot;,&quot;h5&quot;,&quot;h6&quot;],&quot;icon&quot;:{&quot;value&quot;:&quot;fas fa-circle&quot;,&quot;library&quot;:&quot;fa-solid&quot;,&quot;rendered_tag&quot;:&quot;&lt;svg class=\\&quot;e-font-icon-svg e-fas-circle\\&quot; viewBox=\\&quot;0 0 512 512\\&quot; xmlns=\\&quot;http:\\\/\\\/www.w3.org\\\/2000\\\/svg\\&quot;&gt;&lt;path d=\\&quot;M256 8C119 8 8 119 8 256s111 248 248 248 248-111 248-248S393 8 256 8z\\&quot;&gt;&lt;\\\/path&gt;&lt;\\\/svg&gt;&quot;},&quot;no_headings_message&quot;:&quot;No headings were found on this page.&quot;,&quot;minimize_box&quot;:&quot;yes&quot;,&quot;minimized_on&quot;:&quot;tablet&quot;,&quot;hierarchical_view&quot;:&quot;yes&quot;,&quot;min_height&quot;:{&quot;unit&quot;:&quot;px&quot;,&quot;size&quot;:&quot;&quot;,&quot;sizes&quot;:[]},&quot;min_height_tablet&quot;:{&quot;unit&quot;:&quot;px&quot;,&quot;size&quot;:&quot;&quot;,&quot;sizes&quot;:[]},&quot;min_height_mobile&quot;:{&quot;unit&quot;:&quot;px&quot;,&quot;size&quot;:&quot;&quot;,&quot;sizes&quot;:[]}}\" data-widget_type=\"table-of-contents.default\">\n\t\t\t\t<div class=\"elementor-widget-container\">\n\t\t\t\t\t\t\t\t\t<div class=\"elementor-toc__header\">\n\t\t\t\t\t\t<h4 class=\"elementor-toc__header-title\">\n\t\t\t\tInnholdsfortegnelse\t\t\t<\/h4>\n\t\t\t\t\t\t\t\t\t\t<div class=\"elementor-toc__toggle-button elementor-toc__toggle-button--expand\" role=\"button\" tabindex=\"0\" aria-controls=\"elementor-toc__27770b8e\" aria-expanded=\"true\" aria-label=\"Open table of contents\"><svg aria-hidden=\"true\" class=\"e-font-icon-svg e-fas-chevron-down\" viewBox=\"0 0 448 512\" xmlns=\"http:\/\/www.w3.org\/2000\/svg\"><path d=\"M207.029 381.476L12.686 187.132c-9.373-9.373-9.373-24.569 0-33.941l22.667-22.667c9.357-9.357 24.522-9.375 33.901-.04L224 284.505l154.745-154.021c9.379-9.335 24.544-9.317 33.901.04l22.667 22.667c9.373 9.373 9.373 24.569 0 33.941L240.971 381.476c-9.373 9.372-24.569 9.372-33.942 0z\"><\/path><\/svg><\/div>\n\t\t\t\t<div class=\"elementor-toc__toggle-button elementor-toc__toggle-button--collapse\" role=\"button\" tabindex=\"0\" aria-controls=\"elementor-toc__27770b8e\" aria-expanded=\"true\" aria-label=\"Close table of contents\"><svg aria-hidden=\"true\" class=\"e-font-icon-svg e-fas-chevron-up\" viewBox=\"0 0 448 512\" xmlns=\"http:\/\/www.w3.org\/2000\/svg\"><path d=\"M240.971 130.524l194.343 194.343c9.373 9.373 9.373 24.569 0 33.941l-22.667 22.667c-9.357 9.357-24.522 9.375-33.901.04L224 227.495 69.255 381.516c-9.379 9.335-24.544 9.317-33.901-.04l-22.667-22.667c-9.373-9.373-9.373-24.569 0-33.941L207.03 130.525c9.372-9.373 24.568-9.373 33.941-.001z\"><\/path><\/svg><\/div>\n\t\t\t\t\t<\/div>\n\t\t\t\t<div id=\"elementor-toc__27770b8e\" class=\"elementor-toc__body\">\n\t\t\t<div class=\"elementor-toc__spinner-container\">\n\t\t\t\t<svg class=\"elementor-toc__spinner eicon-animation-spin e-font-icon-svg e-eicon-loading\" aria-hidden=\"true\" viewBox=\"0 0 1000 1000\" xmlns=\"http:\/\/www.w3.org\/2000\/svg\"><path d=\"M500 975V858C696 858 858 696 858 500S696 142 500 142 142 304 142 500H25C25 237 238 25 500 25S975 237 975 500 763 975 500 975Z\"><\/path><\/svg>\t\t\t<\/div>\n\t\t<\/div>\n\t\t\t\t\t\t<\/div>\n\t\t\t\t<\/div>\n\t\t\t\t\t<\/div>\n\t\t<\/div>\n\t\t\t\t<div class=\"elementor-column elementor-col-50 elementor-top-column elementor-element elementor-element-5f305314\" data-id=\"5f305314\" data-element_type=\"column\" data-e-type=\"column\">\n\t\t\t<div class=\"elementor-widget-wrap elementor-element-populated\">\n\t\t\t\t\t\t<div class=\"elementor-element elementor-element-38e8ec5b elementor-widget elementor-widget-text-editor\" data-id=\"38e8ec5b\" data-element_type=\"widget\" data-e-type=\"widget\" data-widget_type=\"text-editor.default\">\n\t\t\t\t<div class=\"elementor-widget-container\">\n\t\t\t\t\t\t\t\t\t<h1>B\u00e5tutleie i Kroatia<\/h1>\n<p>Kroatia, med sin fantastiske kystlinje, krystallklart vann og tusenvis av \u00f8yer, er en dr\u00f8mmedestinasjon for alle som \u00f8nsker en minneverdig seilopplevelse. Enten du er en erfaren seiler eller nybegynner, finnes det et alternativ som passer dine behov. I denne guiden utforsker vi de ulike typene b\u00e5tutleie som er tilgjengelige i Kroatia, kostnadene i 2024 og de fem beste destinasjonene for b\u00e5tcharter.<\/p>\n<h2>Hvorfor Kroatia?<\/h2>\n<p>Kroatia byr p\u00e5 noen av de vakreste seildestinasjonene i verden. Kystlinjen er spekket med tusenvis av \u00f8yer, hver med sin egen unike sjarm. Fra de historiske byene Split og Dubrovnik til de bortgjemte vikene p\u00e5 Kornati-\u00f8yene &#8211; Kroatia har noe for enhver smak. Middelhavsklimaet, det varme vannet og de milde vindene gj\u00f8r landet til et ideelt reisem\u00e5l for seiling.<\/p>\n<p><img fetchpriority=\"high\" decoding=\"async\" class=\"alignnone size-full wp-image-412487\" src=\"https:\/\/skippercity.com\/vsebina\/uploads\/yacht-charter-catamaran-rental.jpeg\" alt=\"katamaran charter Kroatia\" width=\"1200\" height=\"717\" srcset=\"https:\/\/skippercity.com\/vsebina\/uploads\/yacht-charter-catamaran-rental.jpeg 1200w, https:\/\/skippercity.com\/vsebina\/uploads\/yacht-charter-catamaran-rental-768x459.jpeg 768w, https:\/\/skippercity.com\/vsebina\/uploads\/yacht-charter-catamaran-rental-700x418.jpeg 700w\" sizes=\"(max-width: 1200px) 100vw, 1200px\" \/><\/p>\n<h2>Typer av b\u00e5tutleie<\/h2>\n<h3>Skippered Charter<\/h3>\n<p>Ideell for deg som vil slappe av og nyte turen uten \u00e5 bekymre deg for navigering eller h\u00e5ndtering av b\u00e5ten. En <a href=\"https:\/\/skippercity.com\/no\/skippered-yacht-charter-kroatia\/\">profesjonell skipper<\/a> tar seg av alt fra styring til fort\u00f8yning mens du nyter skj\u00f8nnheten i Adriaterhavet.<\/p>\n<h3><strong>Bemannet charter<\/strong><\/h3>\n<p>For en virkelig luksuri\u00f8s opplevelse er <a href=\"https:\/\/skippercity.com\/no\/mannskap-yachtcharter-kroatia\/\">charter med mannskap<\/a> det beste alternativet. I tillegg til en skipper har du en kokk og andre besetningsmedlemmer som s\u00f8rger for at du f\u00e5r dekket alle dine behov. Dette alternativet er perfekt for deg som vil skjemmes bort og nyte en femstjerners seilferie.<\/p>\n<h3><strong>Utleie av bareboat<\/strong><\/h3>\n<p>Hvis du har seilerfaring og de n\u00f8dvendige kvalifikasjonene, kan du velge \u00e5 leie en bareboat. Med dette alternativet er du kaptein p\u00e5 ditt eget skip og har ansvar for navigering, fort\u00f8yning og alle andre aspekter ved seilingen. Det er en flott m\u00e5te \u00e5 utforske den kroatiske kystlinjen p\u00e5 i eget tempo.<\/p>\n<p><img decoding=\"async\" class=\"alignnone size-full wp-image-412448\" src=\"https:\/\/skippercity.com\/vsebina\/uploads\/2.jpg\" alt=\"katamaran charter Kroatia\" width=\"698\" height=\"466\"><\/p>\n<h2>B\u00e5ttyper<\/h2>\n<h3><strong>Seilb\u00e5ter<\/strong><\/h3>\n<p>Seilb\u00e5ter er den mest tradisjonelle og romantiske m\u00e5ten \u00e5 utforske Adriaterhavet p\u00e5, og tilbyr en fredelig og milj\u00f8vennlig seilopplevelse. De er perfekte for deg som vil nyte havets ro og lyden av vinden i seilene.<\/p>\n<h3><strong>Katamaraner<\/strong><\/h3>\n<p><a href=\"https:\/\/skippercity.com\/no\/katamaran-charter-kroatia\/\">Katamaraner<\/a> er kjent for sin stabilitet og romslighet, og er et popul\u00e6rt valg for familier og st\u00f8rre grupper. Med flere lugarer og rikelig med dekksplass byr de p\u00e5 komfort og luksus under seilasen.<\/p>\n<h3><strong>Motorb\u00e5ter<\/strong><\/h3>\n<p>Hvis du er ute etter fart, er det en motorb\u00e5t som gjelder. Med sine kraftige motorer kan disse b\u00e5tene frakte deg raskt fra en destinasjon til en annen, slik at du kan tilbakelegge st\u00f8rre omr\u00e5der p\u00e5 kortere tid.<\/p>\n<p><img decoding=\"async\" class=\"alignnone size-full wp-image-412396\" src=\"https:\/\/skippercity.com\/vsebina\/uploads\/catamaran-charter-croatia-1.jpg\" alt=\"katamaran charter Kroatia\" width=\"1920\" height=\"932\" srcset=\"https:\/\/skippercity.com\/vsebina\/uploads\/catamaran-charter-croatia-1.jpg 1920w, https:\/\/skippercity.com\/vsebina\/uploads\/catamaran-charter-croatia-1-768x373.jpg 768w, https:\/\/skippercity.com\/vsebina\/uploads\/catamaran-charter-croatia-1-1536x746.jpg 1536w, https:\/\/skippercity.com\/vsebina\/uploads\/catamaran-charter-croatia-1-700x340.jpg 700w\" sizes=\"(max-width: 1920px) 100vw, 1920px\" \/><\/p>\n<h2>Seilomr\u00e5der<\/h2>\n<h3><strong>Dele<\/strong><\/h3>\n<p>Split er en av Kroatias mest popul\u00e6re seildestinasjoner og byr p\u00e5 en perfekt blanding av historie, kultur og vakker natur. Fra det gamle Diokletians palass til de fantastiske \u00f8yene Hvar og Vis &#8211; Split har noe for enhver smak.<\/p>\n<h3><strong>Zadar<\/strong><\/h3>\n<p>Med sin unike blanding av romersk, bysantinsk og venetiansk innflytelse er Zadar en sjarmerende by som er perfekt \u00e5 utforske med b\u00e5t. Den n\u00e6rliggende nasjonalparken Kornati\u00f8yene er et must \u00e5 bes\u00f8ke p\u00e5 grunn av det fantastiske landskapet og det krystallklare vannet.<\/p>\n<h3><strong>Trogir<\/strong><\/h3>\n<p>Trogir er kjent som Kroatias &laquo;Lille Venezia&raquo; og st\u00e5r p\u00e5 UNESCOs verdensarvliste, og utforskes best med b\u00e5t. Med sine trange gater, historiske bygninger og pittoreske havneomr\u00e5de er Trogir en fryd \u00e5 oppdage.<\/p>\n<h3><strong>Dubrovnik<\/strong><\/h3>\n<p>Dubrovnik er kjent for sine middelalderske murer og fantastiske arkitektur, og er et must for alle seilentusiaster. De n\u00e6rliggende Elafiti-\u00f8yene byr p\u00e5 uber\u00f8rte strender og bortgjemte viker, perfekt for en avslappende dag.<\/p>\n<h3><strong>Sibenik<\/strong><\/h3>\n<p>Sibenik ligger i hjertet av Dalmatia, og er en sjarmerende by med en rik historie og fantastisk naturskj\u00f8nnhet. Den n\u00e6rliggende Krka nasjonalpark er et paradis for naturelskere med sine fossefall, innsj\u00f8er og frodige skoger.<\/p>\n<p><img loading=\"lazy\" decoding=\"async\" class=\"alignnone size-full wp-image-412382\" src=\"https:\/\/skippercity.com\/vsebina\/uploads\/croatia-catamaran-charter.jpg\" alt=\"kroatia katamaran charter\" width=\"1600\" height=\"900\" srcset=\"https:\/\/skippercity.com\/vsebina\/uploads\/croatia-catamaran-charter.jpg 1600w, https:\/\/skippercity.com\/vsebina\/uploads\/croatia-catamaran-charter-768x432.jpg 768w, https:\/\/skippercity.com\/vsebina\/uploads\/croatia-catamaran-charter-1536x864.jpg 1536w, https:\/\/skippercity.com\/vsebina\/uploads\/croatia-catamaran-charter-500x281.jpg 500w, https:\/\/skippercity.com\/vsebina\/uploads\/croatia-catamaran-charter-700x394.jpg 700w\" sizes=\"(max-width: 1600px) 100vw, 1600px\" \/><\/p>\n<h2>Leie av b\u00e5t i 2024<\/h2>\n<p>Prisen for b\u00e5tutleie i Kroatia varierer avhengig av b\u00e5ttype, st\u00f8rrelse, varighet og \u00e5rstid. Per 2024 ligger gjennomsnittskostnaden for leie av en bareboat i Kroatia p\u00e5 mellom 2 000 og 4 000 euro per uke for en seilb\u00e5t, 3 000 til 6 000 euro per uke for en katamaran og 4 000 til 8 000 euro per uke for en motorb\u00e5t.<\/p>\n<p>Charter med skipper og mannskap er dyrere, med priser fra 5 000 til 15 000 euro per uke for en seilb\u00e5t, 8 000 til 20 000 euro per uke for en katamaran og 10 000 til 30 000 euro per uke for en motorb\u00e5t.<\/p>\n<p><img loading=\"lazy\" decoding=\"async\" class=\"alignnone size-full wp-image-412504\" src=\"https:\/\/skippercity.com\/vsebina\/uploads\/Mooring-and-Docking-Costs-in-Croatia-A-Comprehensive-Overview.jpg\" alt=\"Kostnader for fort\u00f8yning og dokking i Kroatia - en omfattende oversikt\" width=\"1280\" height=\"853\" srcset=\"https:\/\/skippercity.com\/vsebina\/uploads\/Mooring-and-Docking-Costs-in-Croatia-A-Comprehensive-Overview.jpg 1280w, https:\/\/skippercity.com\/vsebina\/uploads\/Mooring-and-Docking-Costs-in-Croatia-A-Comprehensive-Overview-768x512.jpg 768w, https:\/\/skippercity.com\/vsebina\/uploads\/Mooring-and-Docking-Costs-in-Croatia-A-Comprehensive-Overview-700x466.jpg 700w\" sizes=\"(max-width: 1280px) 100vw, 1280px\" \/><\/p>\n<h2>Hvordan leie b\u00e5t i Kroatia: En steg-for-steg-guide<\/h2>\n<p>Kroatias fantastiske kystlinje, krystallklare vann og tusenvis av \u00f8yer gj\u00f8r landet til et ideelt reisem\u00e5l for seilentusiaster. Enten du er en erfaren seiler eller nybegynner, er leie av b\u00e5t i Kroatia en fantastisk m\u00e5te \u00e5 utforske Adriaterhavet og oppdage landets skjulte perler p\u00e5. Her er en trinnvis guide til hvordan du leier b\u00e5t i Kroatia:<\/p>\n<h3>Bestem budsjett og preferanser<\/h3>\n<p>F\u00f8r du begynner \u00e5 lete etter en leieb\u00e5t, er det viktig \u00e5 finne ut hvilket budsjett og hvilke preferanser du har. Tenk p\u00e5 b\u00e5tens st\u00f8rrelse, antall lugarer og hvilke fasiliteter du \u00f8nsker. Bestem deg for om du vil leie en b\u00e5t med skipper, med mannskap eller uten besetning.<\/p>\n<h3>Velg et b\u00e5tutleieselskap<\/h3>\n<p>Det finnes flere b\u00e5tutleiefirmaer i Kroatia, s\u00e5 det er viktig \u00e5 gj\u00f8re unders\u00f8kelser og velge et anerkjent selskap. Les anmeldelser, sjekk b\u00e5tfl\u00e5ten deres og sp\u00f8r om hvilke tjenester de tilbyr. Noen popul\u00e6re b\u00e5tutleiefirmaer i Kroatia er SkipperCity, Sail Croatia, The Moorings, Dream Yacht Charter og NauticEd.<\/p>\n<h3>Velg ditt seilingsomr\u00e5de<\/h3>\n<p>Kroatia byr p\u00e5 en rekke seilingsomr\u00e5der, hvert med sin egen unike sjarm. Noen popul\u00e6re seilomr\u00e5der i Kroatia er Split, Zadar, Trogir, Dubrovnik og Sibenik. Ta hensyn til seilomr\u00e5dets n\u00e6rhet til de \u00f8nskede destinasjonene, v\u00e6rforholdene og tilgangen p\u00e5 fort\u00f8yningsplasser.<\/p>\n<h3>Velg b\u00e5ttype<\/h3>\n<p>N\u00e5r du har valgt seilomr\u00e5de, er det p\u00e5 tide \u00e5 velge den b\u00e5ttypen som passer best til dine behov. Seilb\u00e5ter er perfekte for en romantisk og milj\u00f8vennlig seilopplevelse, mens katamaraner er stabile og romslige, noe som gj\u00f8r dem ideelle for familier og st\u00f8rre grupper. Motorb\u00e5ter er ypperlige for dem som \u00f8nsker \u00e5 tilbakelegge st\u00f8rre omr\u00e5der p\u00e5 kortere tid.<\/p>\n<h3>Sjekk tilgjengelighet og bestill b\u00e5t<\/h3>\n<p>N\u00e5r du har valgt b\u00e5ttype, kan du sjekke om b\u00e5ten er tilgjengelig p\u00e5 de \u00f8nskede datoene. De fleste b\u00e5tutleiefirmaer har et online bookingsystem, noe som gj\u00f8r det enkelt \u00e5 sjekke tilgjengelighet og gj\u00f8re en reservasjon. S\u00f8rg for \u00e5 bestille b\u00e5t i god tid, spesielt i h\u00f8ysesongen, da b\u00e5tene fort kan bli fullbooket.<\/p>\n<h3>Gjennomg\u00e5 leieavtalen og vilk\u00e5rene<\/h3>\n<p>Les n\u00f8ye gjennom leieavtalen og vilk\u00e5rene f\u00f8r du fullf\u00f8rer bestillingen. V\u00e6r oppmerksom p\u00e5 avbestillingsreglene, krav til depositum og eventuelle tilleggsavgifter eller gebyrer. Forsikre deg om at du forst\u00e5r vilk\u00e5rene og betingelsene i leieavtalen f\u00f8r du signerer.<\/p>\n<h3>Forbered deg p\u00e5 reisen<\/h3>\n<p>N\u00e5r du har bestilt b\u00e5tleie, er det p\u00e5 tide \u00e5 begynne \u00e5 forberede turen. Lag en pakkeliste med viktige ting som solkrem, hatt, solbriller, badet\u00f8y og h\u00e5ndkl\u00e6r. Husk \u00e5 ta med deg seilerkvalifikasjonene dine og alle n\u00f8dvendige dokumenter, som pass og visum.<\/p>\n<h2>Konklusjon<\/h2>\n<p>Kroatia byr p\u00e5 noen av de vakreste seildestinasjonene i verden, og det finnes ingen bedre m\u00e5te \u00e5 utforske dem p\u00e5 enn med b\u00e5t. Enten du er ute etter en avslappende ferie eller en eventyrlig seiltur, har Kroatia noe for enhver smak.<\/p>\n<p>Med et bredt utvalg av b\u00e5tutleie, seilomr\u00e5der og yachtcharter \u00e5 velge mellom, vil du garantert finne det perfekte alternativet for ditt neste seileventyr i Kroatia.<\/p>\n<h2>Nyt seileventyret ditt<\/h2>\n<p>Endelig er det p\u00e5 tide \u00e5 ta fatt p\u00e5 seileventyret i Kroatia! M\u00f8t opp p\u00e5 b\u00e5tutleieselskapets base p\u00e5 leiedagen, og g\u00e5 gjennom b\u00e5tens egenskaper og sikkerhetsprosedyrer med personalet. N\u00e5r du er klar, kan du sette seil og utforske den fantastiske kroatiske kysten, \u00f8yene og de skjulte vikene. Nyt friheten og fleksibiliteten ved \u00e5 seile i ditt eget tempo, og skap minner for livet.<\/p>\n<p>&#8211;<\/p>\n\t\t\t\t\t\t\t\t<\/div>\n\t\t\t\t<\/div>\n\t\t\t\t\t<\/div>\n\t\t<\/div>\n\t\t\t\t<div class=\"elementor-column elementor-col-25 elementor-top-column elementor-element elementor-element-15a73c22\" data-id=\"15a73c22\" data-element_type=\"column\" data-e-type=\"column\">\n\t\t\t<div class=\"elementor-widget-wrap elementor-element-populated\">\n\t\t\t\t\t\t<div class=\"elementor-element elementor-element-45b56144 elementor-widget elementor-widget-template\" data-id=\"45b56144\" data-element_type=\"widget\" data-e-type=\"widget\" data-widget_type=\"template.default\">\n\t\t\t\t<div class=\"elementor-widget-container\">\n\t\t\t\t\t\t\t<div class=\"elementor-template\">\n\t\t\t\t\t<div data-elementor-type=\"section\" data-elementor-id=\"77215\" class=\"elementor elementor-77215 elementor-76339\" data-elementor-post-type=\"elementor_library\">\n\t\t\t\t\t<section class=\"elementor-section elementor-inner-section elementor-element elementor-element-457e679b elementor-section-full_width elementor-section-height-min-height elementor-section-content-middle elementor-section-height-default\" data-id=\"457e679b\" data-element_type=\"section\" data-e-type=\"section\" data-settings=\"{&quot;background_background&quot;:&quot;classic&quot;}\">\n\t\t\t\t\t\t\t<div class=\"elementor-background-overlay\"><\/div>\n\t\t\t\t\t\t\t<div class=\"elementor-container elementor-column-gap-default\">\n\t\t\t\t\t<div class=\"elementor-column elementor-col-100 elementor-inner-column elementor-element elementor-element-33d83c77\" data-id=\"33d83c77\" data-element_type=\"column\" data-e-type=\"column\">\n\t\t\t<div class=\"elementor-widget-wrap elementor-element-populated\">\n\t\t\t\t\t\t<div class=\"elementor-element elementor-element-26c46f13 elementor-widget elementor-widget-text-editor\" data-id=\"26c46f13\" data-element_type=\"widget\" data-e-type=\"widget\" data-widget_type=\"text-editor.default\">\n\t\t\t\t<div class=\"elementor-widget-container\">\n\t\t\t\t\t\t\t\t\t<p style=\"text-align: center;\">Leter du etter b\u00e5t?<\/p>\n\t\t\t\t\t\t\t\t<\/div>\n\t\t\t\t<\/div>\n\t\t\t\t<div class=\"elementor-element elementor-element-7116d3fc elementor-align-center elementor-widget elementor-widget-button\" data-id=\"7116d3fc\" data-element_type=\"widget\" data-e-type=\"widget\" data-widget_type=\"button.default\">\n\t\t\t\t<div class=\"elementor-widget-container\">\n\t\t\t\t\t\t\t\t\t<div class=\"elementor-button-wrapper\">\n\t\t\t\t\t<a class=\"elementor-button elementor-button-link elementor-size-md\" href=\"https:\/\/skippercity.com\/no\/fa-et-tilbud-yachtcharter-kroatia\/\" target=\"_blank\">\n\t\t\t\t\t\t<span class=\"elementor-button-content-wrapper\">\n\t\t\t\t\t\t\t\t\t<span class=\"elementor-button-text\">F\u00c5 ET GRATIS PRIS<\/span>\n\t\t\t\t\t<\/span>\n\t\t\t\t\t<\/a>\n\t\t\t\t<\/div>\n\t\t\t\t\t\t\t\t<\/div>\n\t\t\t\t<\/div>\n\t\t\t\t\t<\/div>\n\t\t<\/div>\n\t\t\t\t\t<\/div>\n\t\t<\/section>\n\t\t\t\t<\/div>\n\t\t\t\t<\/div>\n\t\t\t\t\t\t<\/div>\n\t\t\t\t<\/div>\n\t\t\t\t\t<\/div>\n\t\t<\/div>\n\t\t\t\t\t<\/div>\n\t\t<\/section>\n\t\t\t\t<\/div>\n\t\t","protected":false},"excerpt":{"rendered":"<p>Innholdsfortegnelse B\u00e5tutleie i Kroatia Kroatia, med sin fantastiske kystlinje, krystallklart vann og tusenvis av \u00f8yer, er en dr\u00f8mmedestinasjon for alle som \u00f8nsker en minneverdig seilopplevelse. Enten du er en erfaren seiler eller nybegynner, finnes det et alternativ som passer dine behov. I denne guiden utforsker vi de ulike typene b\u00e5tutleie som er tilgjengelige i Kroatia, [&hellip;]<\/p>\n","protected":false},"author":2,"featured_media":71489,"parent":0,"menu_order":0,"comment_status":"closed","ping_status":"closed","template":"","meta":{"footnotes":""},"class_list":["post-71983","page","type-page","status-publish","has-post-thumbnail","hentry"],"_links":{"self":[{"href":"https:\/\/skippercity.com\/no\/wp-json\/wp\/v2\/pages\/71983","targetHints":{"allow":["GET"]}}],"collection":[{"href":"https:\/\/skippercity.com\/no\/wp-json\/wp\/v2\/pages"}],"about":[{"href":"https:\/\/skippercity.com\/no\/wp-json\/wp\/v2\/types\/page"}],"author":[{"embeddable":true,"href":"https:\/\/skippercity.com\/no\/wp-json\/wp\/v2\/users\/2"}],"replies":[{"embeddable":true,"href":"https:\/\/skippercity.com\/no\/wp-json\/wp\/v2\/comments?post=71983"}],"version-history":[{"count":0,"href":"https:\/\/skippercity.com\/no\/wp-json\/wp\/v2\/pages\/71983\/revisions"}],"wp:featuredmedia":[{"embeddable":true,"href":"https:\/\/skippercity.com\/no\/wp-json\/wp\/v2\/media\/71489"}],"wp:attachment":[{"href":"https:\/\/skippercity.com\/no\/wp-json\/wp\/v2\/media?parent=71983"}],"curies":[{"name":"wp","href":"https:\/\/api.w.org\/{rel}","templated":true}]}}