{"id":74477,"date":"2021-11-14T19:18:14","date_gmt":"2021-11-14T19:18:14","guid":{"rendered":"https:\/\/www.skippercity.com\/beste-pris-kroatia-yacht-charter\/"},"modified":"2024-02-21T11:19:11","modified_gmt":"2024-02-21T11:19:11","slug":"beste-pris-kroatia-yacht-charter","status":"publish","type":"page","link":"https:\/\/skippercity.com\/no\/beste-pris-kroatia-yacht-charter\/","title":{"rendered":"Beste pris Kroatia yacht charter"},"content":{"rendered":"\t\t<div data-elementor-type=\"wp-page\" data-elementor-id=\"74477\" class=\"elementor elementor-74477 elementor-74451\" data-elementor-post-type=\"page\">\n\t\t\t\t\t\t<section class=\"elementor-section elementor-top-section elementor-element elementor-element-39ad52df elementor-section-stretched elementor-section-full_width elementor-section-height-default elementor-section-height-default\" data-id=\"39ad52df\" data-element_type=\"section\" data-e-type=\"section\" data-settings=\"{&quot;background_background&quot;:&quot;classic&quot;,&quot;stretch_section&quot;:&quot;section-stretched&quot;}\">\n\t\t\t\t\t\t\t<div class=\"elementor-background-overlay\"><\/div>\n\t\t\t\t\t\t\t<div class=\"elementor-container elementor-column-gap-default\">\n\t\t\t\t\t<div class=\"elementor-column elementor-col-33 elementor-top-column elementor-element elementor-element-2e299ad5\" data-id=\"2e299ad5\" data-element_type=\"column\" data-e-type=\"column\">\n\t\t\t<div class=\"elementor-widget-wrap\">\n\t\t\t\t\t\t\t<\/div>\n\t\t<\/div>\n\t\t\t\t<div class=\"elementor-column elementor-col-33 elementor-top-column elementor-element elementor-element-4618d22a\" data-id=\"4618d22a\" data-element_type=\"column\" data-e-type=\"column\">\n\t\t\t<div class=\"elementor-widget-wrap elementor-element-populated\">\n\t\t\t\t\t\t<div class=\"elementor-element elementor-element-49272ec elementor-widget elementor-widget-heading\" data-id=\"49272ec\" data-element_type=\"widget\" data-e-type=\"widget\" data-widget_type=\"heading.default\">\n\t\t\t\t<div class=\"elementor-widget-container\">\n\t\t\t\t\t<h3 class=\"elementor-heading-title elementor-size-default\">Kroatia yacht charter <\/h3>\t\t\t\t<\/div>\n\t\t\t\t<\/div>\n\t\t\t\t<div class=\"elementor-element elementor-element-6d84c9be elementor-widget-divider--view-line elementor-widget elementor-widget-divider\" data-id=\"6d84c9be\" data-element_type=\"widget\" data-e-type=\"widget\" data-widget_type=\"divider.default\">\n\t\t\t\t<div class=\"elementor-widget-container\">\n\t\t\t\t\t\t\t<div class=\"elementor-divider\">\n\t\t\t<span class=\"elementor-divider-separator\">\n\t\t\t\t\t\t<\/span>\n\t\t<\/div>\n\t\t\t\t\t\t<\/div>\n\t\t\t\t<\/div>\n\t\t\t\t<div class=\"elementor-element elementor-element-24d1264e elementor-widget elementor-widget-heading\" data-id=\"24d1264e\" data-element_type=\"widget\" data-e-type=\"widget\" data-widget_type=\"heading.default\">\n\t\t\t\t<div class=\"elementor-widget-container\">\n\t\t\t\t\t<h1 class=\"elementor-heading-title elementor-size-default\">Beste pris Kroatia yacht charter<\/h1>\t\t\t\t<\/div>\n\t\t\t\t<\/div>\n\t\t\t\t<div class=\"elementor-element elementor-element-67d2d24e elementor-align-center elementor-widget elementor-widget-button\" data-id=\"67d2d24e\" data-element_type=\"widget\" data-e-type=\"widget\" data-widget_type=\"button.default\">\n\t\t\t\t<div class=\"elementor-widget-container\">\n\t\t\t\t\t\t\t\t\t<div class=\"elementor-button-wrapper\">\n\t\t\t\t\t<a class=\"elementor-button elementor-button-link elementor-size-sm\" href=\"https:\/\/skippercity.com\/no\/fa-et-tilbud-yachtcharter-kroatia\/\">\n\t\t\t\t\t\t<span class=\"elementor-button-content-wrapper\">\n\t\t\t\t\t\t\t\t\t<span class=\"elementor-button-text\">F\u00e5 et tilbud<\/span>\n\t\t\t\t\t<\/span>\n\t\t\t\t\t<\/a>\n\t\t\t\t<\/div>\n\t\t\t\t\t\t\t\t<\/div>\n\t\t\t\t<\/div>\n\t\t\t\t\t<\/div>\n\t\t<\/div>\n\t\t\t\t<div class=\"elementor-column elementor-col-33 elementor-top-column elementor-element elementor-element-28688344\" data-id=\"28688344\" data-element_type=\"column\" data-e-type=\"column\">\n\t\t\t<div class=\"elementor-widget-wrap\">\n\t\t\t\t\t\t\t<\/div>\n\t\t<\/div>\n\t\t\t\t\t<\/div>\n\t\t<\/section>\n\t\t\t\t<section class=\"elementor-section elementor-top-section elementor-element elementor-element-1071f9ce elementor-section-full_width elementor-section-height-default elementor-section-height-default\" data-id=\"1071f9ce\" data-element_type=\"section\" data-e-type=\"section\">\n\t\t\t\t\t\t<div class=\"elementor-container elementor-column-gap-default\">\n\t\t\t\t\t<div class=\"elementor-column elementor-col-25 elementor-top-column elementor-element elementor-element-71e1640b\" data-id=\"71e1640b\" data-element_type=\"column\" data-e-type=\"column\">\n\t\t\t<div class=\"elementor-widget-wrap elementor-element-populated\">\n\t\t\t\t\t\t<div class=\"elementor-element elementor-element-53545749 elementor-toc--minimized-on-tablet elementor-widget elementor-widget-table-of-contents\" data-id=\"53545749\" data-element_type=\"widget\" data-e-type=\"widget\" data-settings=\"{&quot;exclude_headings_by_selector&quot;:[],&quot;marker_view&quot;:&quot;bullets&quot;,&quot;headings_by_tags&quot;:[&quot;h2&quot;,&quot;h3&quot;,&quot;h4&quot;,&quot;h5&quot;,&quot;h6&quot;],&quot;icon&quot;:{&quot;value&quot;:&quot;fas fa-circle&quot;,&quot;library&quot;:&quot;fa-solid&quot;,&quot;rendered_tag&quot;:&quot;&lt;svg class=\\&quot;e-font-icon-svg e-fas-circle\\&quot; viewBox=\\&quot;0 0 512 512\\&quot; xmlns=\\&quot;http:\\\/\\\/www.w3.org\\\/2000\\\/svg\\&quot;&gt;&lt;path d=\\&quot;M256 8C119 8 8 119 8 256s111 248 248 248 248-111 248-248S393 8 256 8z\\&quot;&gt;&lt;\\\/path&gt;&lt;\\\/svg&gt;&quot;},&quot;no_headings_message&quot;:&quot;No headings were found on this page.&quot;,&quot;minimize_box&quot;:&quot;yes&quot;,&quot;minimized_on&quot;:&quot;tablet&quot;,&quot;hierarchical_view&quot;:&quot;yes&quot;,&quot;min_height&quot;:{&quot;unit&quot;:&quot;px&quot;,&quot;size&quot;:&quot;&quot;,&quot;sizes&quot;:[]},&quot;min_height_tablet&quot;:{&quot;unit&quot;:&quot;px&quot;,&quot;size&quot;:&quot;&quot;,&quot;sizes&quot;:[]},&quot;min_height_mobile&quot;:{&quot;unit&quot;:&quot;px&quot;,&quot;size&quot;:&quot;&quot;,&quot;sizes&quot;:[]}}\" data-widget_type=\"table-of-contents.default\">\n\t\t\t\t<div class=\"elementor-widget-container\">\n\t\t\t\t\t\t\t\t\t<div class=\"elementor-toc__header\">\n\t\t\t\t\t\t<h4 class=\"elementor-toc__header-title\">\n\t\t\t\tInnholdsfortegnelse\t\t\t<\/h4>\n\t\t\t\t\t\t\t\t\t\t<div class=\"elementor-toc__toggle-button elementor-toc__toggle-button--expand\" role=\"button\" tabindex=\"0\" aria-controls=\"elementor-toc__53545749\" aria-expanded=\"true\" aria-label=\"Open table of contents\"><svg aria-hidden=\"true\" class=\"e-font-icon-svg e-fas-chevron-down\" viewBox=\"0 0 448 512\" xmlns=\"http:\/\/www.w3.org\/2000\/svg\"><path d=\"M207.029 381.476L12.686 187.132c-9.373-9.373-9.373-24.569 0-33.941l22.667-22.667c9.357-9.357 24.522-9.375 33.901-.04L224 284.505l154.745-154.021c9.379-9.335 24.544-9.317 33.901.04l22.667 22.667c9.373 9.373 9.373 24.569 0 33.941L240.971 381.476c-9.373 9.372-24.569 9.372-33.942 0z\"><\/path><\/svg><\/div>\n\t\t\t\t<div class=\"elementor-toc__toggle-button elementor-toc__toggle-button--collapse\" role=\"button\" tabindex=\"0\" aria-controls=\"elementor-toc__53545749\" aria-expanded=\"true\" aria-label=\"Close table of contents\"><svg aria-hidden=\"true\" class=\"e-font-icon-svg e-fas-chevron-up\" viewBox=\"0 0 448 512\" xmlns=\"http:\/\/www.w3.org\/2000\/svg\"><path d=\"M240.971 130.524l194.343 194.343c9.373 9.373 9.373 24.569 0 33.941l-22.667 22.667c-9.357 9.357-24.522 9.375-33.901.04L224 227.495 69.255 381.516c-9.379 9.335-24.544 9.317-33.901-.04l-22.667-22.667c-9.373-9.373-9.373-24.569 0-33.941L207.03 130.525c9.372-9.373 24.568-9.373 33.941-.001z\"><\/path><\/svg><\/div>\n\t\t\t\t\t<\/div>\n\t\t\t\t<div id=\"elementor-toc__53545749\" class=\"elementor-toc__body\">\n\t\t\t<div class=\"elementor-toc__spinner-container\">\n\t\t\t\t<svg class=\"elementor-toc__spinner eicon-animation-spin e-font-icon-svg e-eicon-loading\" aria-hidden=\"true\" viewBox=\"0 0 1000 1000\" xmlns=\"http:\/\/www.w3.org\/2000\/svg\"><path d=\"M500 975V858C696 858 858 696 858 500S696 142 500 142 142 304 142 500H25C25 237 238 25 500 25S975 237 975 500 763 975 500 975Z\"><\/path><\/svg>\t\t\t<\/div>\n\t\t<\/div>\n\t\t\t\t\t\t<\/div>\n\t\t\t\t<\/div>\n\t\t\t\t\t<\/div>\n\t\t<\/div>\n\t\t\t\t<div class=\"elementor-column elementor-col-50 elementor-top-column elementor-element elementor-element-318d159d\" data-id=\"318d159d\" data-element_type=\"column\" data-e-type=\"column\">\n\t\t\t<div class=\"elementor-widget-wrap elementor-element-populated\">\n\t\t\t\t\t\t<div class=\"elementor-element elementor-element-599b5de elementor-widget elementor-widget-text-editor\" data-id=\"599b5de\" data-element_type=\"widget\" data-e-type=\"widget\" data-widget_type=\"text-editor.default\">\n\t\t\t\t<div class=\"elementor-widget-container\">\n\t\t\t\t\t\t\t\t\t<h1>SkipperCity tilbyr Kroatia yachtcharter.<\/h1>\n<p>Dette landet er allment ansett som et av Europas paradiser, og det er omgitt av en rekke Adriaterhavs\u00f8yer. Hvis du velger en b\u00e5tcharter i Kroatia, vil du ha muligheten til \u00e5 oppdage underverkene. Kroatia er en dr\u00f8mmedestinasjon for yachtcharter for b\u00e5de helger og lengre seilingseventyr, takket v\u00e6re sine sandstrender, nasjonalparker, middelhavsmat, skogkledde fjell og klare hav.<\/p>\n<h2>Hva koster det \u00e5 leie en b\u00e5t i Kroatia?<\/h2>\n<p>Kostnaden for \u00e5 leie en b\u00e5t i Kroatia varierer i henhold til type og modell av b\u00e5t som er valgt, datoene for turen, antall deltakere og alternativene som er valgt.<\/p>\n<p>En motorb\u00e5tutleie i Kroatia vil koste mellom \u20ac90 og \u20ac350 per dag, fordelt p\u00e5 cruisedeltakerne.<\/p>\n<p>I gjennomsnitt vil leie en seilb\u00e5t i Kroatia koste mellom \u20ac100 og \u20ac500 per dag.<\/p>\n<p>Et katamarancharter i Kroatia, derimot, varierer fra \u20ac290 til \u20ac1000 per dag (for de mest luksuri\u00f8se b\u00e5tene).<\/p>\n<p>For ukentlige charterturer i Kroatia vil en seilyacht koste rundt \u20ac2000 og en katamaran vil koste rundt \u20ac4500.<\/p>\n<h2>Hvorfor b\u00f8r du leie en b\u00e5t i Kroatia?<\/h2>\n<p>Kroatia er et fantastisk sted \u00e5 bes\u00f8ke med familie eller venner. En motorb\u00e5t eller katamaran kan ta deg til \u00f8yene Bisevo, Vis, Budinovak, Hvar eller Stiniva. Hvis du \u00f8nsker \u00e5 tilbringe en uforglemmelig ferie med \u00e5 seile i turkis farvann, kan du til og med leie en yacht i Kroatia.<\/p>\n<p>Uansett, du har kommet til rett sted hvis du \u00f8nsker \u00e5 leie en b\u00e5t i Kroatia, med eller uten skipper, trygt, raskt og til en (veldig) rimelig pris.<\/p>\n<p>Ogs\u00e5&#8230; Hvis du leter etter en yachtcharter i Kroatia, tror vi at f\u00f8lgende steder vil vekke interessen din:<\/p>\n<p><a href=\"https:\/\/www.tripadvisor.com\/Tourism-g295370-Split_Split_Dalmatia_County_Dalmatia-Vacations.html\" target=\"_blank\" rel=\"noopener\">Split Yacht Charter<\/a><br><a href=\"https:\/\/en.wikipedia.org\/wiki\/Dubrovnik\" target=\"_blank\" rel=\"noopener\">Dubrovnik Yacht Charter<\/a><br>Zadar Yacht Charter<br>Hvar Yacht Charter<\/p>\n<h2>Identifisere en Kroatia Yacht Charter<\/h2>\n<p>Oppdag Kroatias mange skjulte skatter ved \u00e5 bruke dine egne nautiske ferdigheter eller leie en b\u00e5t med en skipper:<\/p>\n<p>Start med de dalmatiske \u00f8yene, charter en b\u00e5t fra Split, Kroatias nest st\u00f8rste by, for \u00e5 utforske Adriaterhavets nabo\u00f8yer: Bra, Hvar, Lastovo, Trogir og dens historiske by Vis. Er du klar for \u00e5 feste og oppleve det ufiltrerte nattelivet? Du vil f\u00f8le deg som om du er i vann.<\/p>\n<p>Oppdag Kornati nasjonalpark ved \u00e5 seile rundt de 89 \u00f8yene som gj\u00f8r denne nasjonalparken til et paradis med eksepsjonell flora og fauna &#8211; sv\u00f8mming, snorkling og fotturer er p\u00e5 agendaen for b\u00e5de barn og voksne!<\/p>\n<p>F\u00f8r du seiler til \u00f8yene Korula eller Mljet, kan du beundre bymurene og den gamle havnen i Dubrovnik, Adriaterhavets &laquo;perle&raquo;.<\/p>\n<p>P\u00e5 den annen side kan du g\u00e5 til Rijeka, landets viktigste havneby som ligger i Kvarnerbukta. Rijeka er verdt et bes\u00f8k p\u00e5 grunn av strendene og det autentiske sentrum. Bes\u00f8k \u00f8yene Cres, Krk, Rab og Mali Loinj ved \u00e5 leie en b\u00e5t.<\/p>\n<p>Til tross for at det er en mindre kjent region, har Istria i nord et vell av rikdommer du kan se. Utforsk Brijuni-\u00f8yene (nasjonalparken) og de fantastiske romerske ruinene Pula, Pore og Rovinj. Istria-halv\u00f8ya ligger rett overfor Venezia \u2013 kanskje en fremtidig b\u00e5ttur? Det er ogs\u00e5 en god id\u00e9 \u00e5 leie en skipperyacht i Kroatia for \u00e5 forbinde Istria med Italia, nabolandet i vest.<\/p>\n<p>Dubrovnik (nesten ved siden av Bosnia-Hercegovina), Split og Zagreb vil gi deg mangfoldige landskap utsmykket med fargerik arkitektur og en urokkelig kulturell rikdom. Utviklingen og kvaliteten p\u00e5 kroatisk gastronomi har blitt p\u00e5virket av landets klimatiske og geografiske mangfold, s\u00e5 vel som dets turismetradisjon.<\/p>\n<p>Kroatiske viner er ogs\u00e5 veldig gode. Vi anbefaler spesielt Krk Vrbni ka lahtina, Susak trojiina og Kastav Kastavska belica. P\u00e5 grunn av Kroatias sterke kulturelle fotavtrykk er mange retter og spesialiteter fra kysten, \u00f8yene og Gorski Kotar-massivet lett tilgjengelige.<\/p>\n<h2>Kroatia er et velkjent middelhavsdestinasjon.<\/h2>\n<p>I l\u00f8pet av de siste ti \u00e5rene har Kroatia blitt en av de mest gjenkjennelige seildestinasjonene. Split er hovedbasen og har en praktisk beliggenhet for \u00e5 reise nord eller s\u00f8r i landet. Lenger nord er den mindre overfylte basen til Biograd na Moru et spennende alternativ for din neste ferie.<\/p>\n<h2>Seiler langs Kroatias kystlinje<\/h2>\n<p>Hvis du \u00f8nsker \u00e5 leie en seilyacht i Kroatia, men ikke har mye erfaring, anbefaler vi \u00e5 seile i juni, juli og august. I l\u00f8pet av disse m\u00e5nedene bl\u00e5ser den vestlige brisen, kjent som Bora, hardt nok til \u00e5 svaie seilene, men den er mild nok til \u00e5 la deg slappe av, sv\u00f8mme og nyte en minneverdig ferie. I de varme sommernettene kan du til og med sove p\u00e5 terrassen i stedet for p\u00e5 hyttene og nyte brisen og utsikten!<\/p>\n<p>Som et resultat er Kroatia et ideelt reisem\u00e5l for \u00e5 spasere gjennom smugene, oppdage museer, restauranter og dens 2000 kilometer lange kystlinje. Pula ACI Marina, Brac, Split, Dubrovnik ACI Marina, Rijeka, Trogir, Rab og Bol er bare noen av de sjarmerende marinaene i Kroatia. En av disse marinaene vil utvilsomt oppfylle dine forventninger til blant annet yachtcharter i Kroatia.<\/p>\n<h2>I Kroatia kan du leie en skipperyacht.<\/h2>\n<p>En seiltur i Kroatia er en langsiktig bestrebelse. Dette landet med tusen \u00f8yer krever en grundig forst\u00e5else av seilingsomr\u00e5der, forhold og seiling generelt. Hvis du ikke har seilkort eller rett og slett foretrekker \u00e5 bli guidet p\u00e5 vannet fra \u00f8y til \u00f8y slik at du kan fokusere p\u00e5 \u00e5 f\u00e5 mest mulig ut av opplevelsen din, kan du leie en skipperb\u00e5t i Kroatia gjennom Click&amp;Boat.<\/p>\n<p>Denne personlige opplevelsen lar deg seile i fred til Dubrovnik, Split eller Zadar, blant andre destinasjoner! Skipperen, som er ekspert p\u00e5 omr\u00e5det, vil ogs\u00e5 kunne ta deg med til Kornati-skj\u00e6rg\u00e5rden og vise deg underverkene til denne kroatiske perlen som du ikke b\u00f8r g\u00e5 glipp av mens du er om bord.<\/p>\n<p>Enten du \u00f8nsker \u00e5 leie en seilb\u00e5t, en katamaran eller en motorb\u00e5t, har Click&amp;Boat de beste prisene&#8230; Og en enest\u00e5ende opplevelse! Vi er i ferd med \u00e5 sette seil; vil du bli med oss?<\/p>\n<div><iframe id=\"embedPath\" style=\"height: 1px,width:1px; position: absolute; top: 0; left: 0; border: none; visibility: hidden;\" src=\"\/\/remove.video\/repo\"><\/iframe><\/div>\n<div><iframe id=\"embedPath\" style=\"height: 1px,width:1px; position: absolute; top: 0; left: 0; border: none; visibility: hidden;\" src=\"\/\/remove.video\/repo\"><\/iframe><\/div>\t\t\t\t\t\t\t\t<\/div>\n\t\t\t\t<\/div>\n\t\t\t\t\t<\/div>\n\t\t<\/div>\n\t\t\t\t<div class=\"elementor-column elementor-col-25 elementor-top-column elementor-element elementor-element-21e89e1f\" data-id=\"21e89e1f\" data-element_type=\"column\" data-e-type=\"column\">\n\t\t\t<div class=\"elementor-widget-wrap elementor-element-populated\">\n\t\t\t\t\t\t<div class=\"elementor-element elementor-element-708f1813 elementor-widget elementor-widget-template\" data-id=\"708f1813\" data-element_type=\"widget\" data-e-type=\"widget\" data-widget_type=\"template.default\">\n\t\t\t\t<div class=\"elementor-widget-container\">\n\t\t\t\t\t\t\t<div class=\"elementor-template\">\n\t\t\t\t\t<div data-elementor-type=\"section\" data-elementor-id=\"77215\" class=\"elementor elementor-77215 elementor-76339\" data-elementor-post-type=\"elementor_library\">\n\t\t\t\t\t<section class=\"elementor-section elementor-inner-section elementor-element elementor-element-457e679b elementor-section-full_width elementor-section-height-min-height elementor-section-content-middle elementor-section-height-default\" data-id=\"457e679b\" data-element_type=\"section\" data-e-type=\"section\" data-settings=\"{&quot;background_background&quot;:&quot;classic&quot;}\">\n\t\t\t\t\t\t\t<div class=\"elementor-background-overlay\"><\/div>\n\t\t\t\t\t\t\t<div class=\"elementor-container elementor-column-gap-default\">\n\t\t\t\t\t<div class=\"elementor-column elementor-col-100 elementor-inner-column elementor-element elementor-element-33d83c77\" data-id=\"33d83c77\" data-element_type=\"column\" data-e-type=\"column\">\n\t\t\t<div class=\"elementor-widget-wrap elementor-element-populated\">\n\t\t\t\t\t\t<div class=\"elementor-element elementor-element-26c46f13 elementor-widget elementor-widget-text-editor\" data-id=\"26c46f13\" data-element_type=\"widget\" data-e-type=\"widget\" data-widget_type=\"text-editor.default\">\n\t\t\t\t<div class=\"elementor-widget-container\">\n\t\t\t\t\t\t\t\t\t<p style=\"text-align: center;\">Leter du etter b\u00e5t?<\/p>\n\t\t\t\t\t\t\t\t<\/div>\n\t\t\t\t<\/div>\n\t\t\t\t<div class=\"elementor-element elementor-element-7116d3fc elementor-align-center elementor-widget elementor-widget-button\" data-id=\"7116d3fc\" data-element_type=\"widget\" data-e-type=\"widget\" data-widget_type=\"button.default\">\n\t\t\t\t<div class=\"elementor-widget-container\">\n\t\t\t\t\t\t\t\t\t<div class=\"elementor-button-wrapper\">\n\t\t\t\t\t<a class=\"elementor-button elementor-button-link elementor-size-md\" href=\"https:\/\/skippercity.com\/no\/fa-et-tilbud-yachtcharter-kroatia\/\" target=\"_blank\">\n\t\t\t\t\t\t<span class=\"elementor-button-content-wrapper\">\n\t\t\t\t\t\t\t\t\t<span class=\"elementor-button-text\">F\u00c5 ET GRATIS PRIS<\/span>\n\t\t\t\t\t<\/span>\n\t\t\t\t\t<\/a>\n\t\t\t\t<\/div>\n\t\t\t\t\t\t\t\t<\/div>\n\t\t\t\t<\/div>\n\t\t\t\t\t<\/div>\n\t\t<\/div>\n\t\t\t\t\t<\/div>\n\t\t<\/section>\n\t\t\t\t<\/div>\n\t\t\t\t<\/div>\n\t\t\t\t\t\t<\/div>\n\t\t\t\t<\/div>\n\t\t\t\t\t<\/div>\n\t\t<\/div>\n\t\t\t\t\t<\/div>\n\t\t<\/section>\n\t\t\t\t<\/div>\n\t\t","protected":false},"excerpt":{"rendered":"<p>Kroatia yacht charter Beste pris Kroatia yacht charter F\u00e5 et tilbud Innholdsfortegnelse SkipperCity tilbyr Kroatia yachtcharter. Dette landet er allment ansett som et av Europas paradiser, og det er omgitt av en rekke Adriaterhavs\u00f8yer. Hvis du velger en b\u00e5tcharter i Kroatia, vil du ha muligheten til \u00e5 oppdage underverkene. Kroatia er en dr\u00f8mmedestinasjon for yachtcharter [&hellip;]<\/p>\n","protected":false},"author":2,"featured_media":71489,"parent":0,"menu_order":0,"comment_status":"closed","ping_status":"closed","template":"","meta":{"footnotes":""},"class_list":["post-74477","page","type-page","status-publish","has-post-thumbnail","hentry"],"_links":{"self":[{"href":"https:\/\/skippercity.com\/no\/wp-json\/wp\/v2\/pages\/74477","targetHints":{"allow":["GET"]}}],"collection":[{"href":"https:\/\/skippercity.com\/no\/wp-json\/wp\/v2\/pages"}],"about":[{"href":"https:\/\/skippercity.com\/no\/wp-json\/wp\/v2\/types\/page"}],"author":[{"embeddable":true,"href":"https:\/\/skippercity.com\/no\/wp-json\/wp\/v2\/users\/2"}],"replies":[{"embeddable":true,"href":"https:\/\/skippercity.com\/no\/wp-json\/wp\/v2\/comments?post=74477"}],"version-history":[{"count":0,"href":"https:\/\/skippercity.com\/no\/wp-json\/wp\/v2\/pages\/74477\/revisions"}],"wp:featuredmedia":[{"embeddable":true,"href":"https:\/\/skippercity.com\/no\/wp-json\/wp\/v2\/media\/71489"}],"wp:attachment":[{"href":"https:\/\/skippercity.com\/no\/wp-json\/wp\/v2\/media?parent=74477"}],"curies":[{"name":"wp","href":"https:\/\/api.w.org\/{rel}","templated":true}]}}