{"id":76512,"date":"2022-01-28T10:01:46","date_gmt":"2022-01-28T10:01:46","guid":{"rendered":"https:\/\/www.skippercity.com\/lei-din-skipper-og-vertinne-for-en-yachtcharter-i-kroatia\/"},"modified":"2024-02-21T11:19:08","modified_gmt":"2024-02-21T11:19:08","slug":"lei-din-skipper-og-vertinne-for-en-yachtcharter-i-kroatia","status":"publish","type":"page","link":"https:\/\/skippercity.com\/no\/lei-din-skipper-og-vertinne-for-en-yachtcharter-i-kroatia\/","title":{"rendered":"Lei din skipper og vertinne for en yachtcharter i Kroatia"},"content":{"rendered":"\t\t<div data-elementor-type=\"wp-page\" data-elementor-id=\"76512\" class=\"elementor elementor-76512 elementor-76354\" data-elementor-post-type=\"page\">\n\t\t\t\t\t\t<section class=\"elementor-section elementor-top-section elementor-element elementor-element-1e28c64b elementor-section-full_width elementor-section-height-min-height elementor-section-items-stretch elementor-section-content-middle elementor-section-height-default\" data-id=\"1e28c64b\" data-element_type=\"section\" data-e-type=\"section\" data-settings=\"{&quot;background_background&quot;:&quot;classic&quot;}\">\n\t\t\t\t\t\t\t<div class=\"elementor-background-overlay\"><\/div>\n\t\t\t\t\t\t\t<div class=\"elementor-container elementor-column-gap-default\">\n\t\t\t\t\t<div class=\"elementor-column elementor-col-100 elementor-top-column elementor-element elementor-element-5ebe8c3c\" data-id=\"5ebe8c3c\" data-element_type=\"column\" data-e-type=\"column\">\n\t\t\t<div class=\"elementor-widget-wrap elementor-element-populated\">\n\t\t\t\t\t\t<div class=\"elementor-element elementor-element-5942418e elementor-widget elementor-widget-heading\" data-id=\"5942418e\" data-element_type=\"widget\" data-e-type=\"widget\" data-widget_type=\"heading.default\">\n\t\t\t\t<div class=\"elementor-widget-container\">\n\t\t\t\t\t<h1 class=\"elementor-heading-title elementor-size-default\">Ansett din skipper og vertinne<\/h1>\t\t\t\t<\/div>\n\t\t\t\t<\/div>\n\t\t\t\t<div class=\"elementor-element elementor-element-28846c7 elementor-widget-divider--view-line elementor-widget elementor-widget-divider\" data-id=\"28846c7\" data-element_type=\"widget\" data-e-type=\"widget\" data-widget_type=\"divider.default\">\n\t\t\t\t<div class=\"elementor-widget-container\">\n\t\t\t\t\t\t\t<div class=\"elementor-divider\">\n\t\t\t<span class=\"elementor-divider-separator\">\n\t\t\t\t\t\t<\/span>\n\t\t<\/div>\n\t\t\t\t\t\t<\/div>\n\t\t\t\t<\/div>\n\t\t\t\t<div class=\"elementor-element elementor-element-5dbef439 elementor-align-center elementor-widget elementor-widget-button\" data-id=\"5dbef439\" data-element_type=\"widget\" data-e-type=\"widget\" data-widget_type=\"button.default\">\n\t\t\t\t<div class=\"elementor-widget-container\">\n\t\t\t\t\t\t\t\t\t<div class=\"elementor-button-wrapper\">\n\t\t\t\t\t<a class=\"elementor-button elementor-button-link elementor-size-lg\" href=\"https:\/\/skippercity.com\/no\/fa-et-tilbud-yachtcharter-kroatia\/\">\n\t\t\t\t\t\t<span class=\"elementor-button-content-wrapper\">\n\t\t\t\t\t\t\t\t\t<span class=\"elementor-button-text\">F\u00e5 et tilbud og mer info<\/span>\n\t\t\t\t\t<\/span>\n\t\t\t\t\t<\/a>\n\t\t\t\t<\/div>\n\t\t\t\t\t\t\t\t<\/div>\n\t\t\t\t<\/div>\n\t\t\t\t\t<\/div>\n\t\t<\/div>\n\t\t\t\t\t<\/div>\n\t\t<\/section>\n\t\t\t\t<section class=\"elementor-section elementor-top-section elementor-element elementor-element-5665ca32 elementor-section-full_width elementor-section-height-default elementor-section-height-default\" data-id=\"5665ca32\" data-element_type=\"section\" data-e-type=\"section\">\n\t\t\t\t\t\t<div class=\"elementor-container elementor-column-gap-default\">\n\t\t\t\t\t<div class=\"elementor-column elementor-col-25 elementor-top-column elementor-element elementor-element-19d9020a\" data-id=\"19d9020a\" data-element_type=\"column\" data-e-type=\"column\">\n\t\t\t<div class=\"elementor-widget-wrap\">\n\t\t\t\t\t\t\t<\/div>\n\t\t<\/div>\n\t\t\t\t<div class=\"elementor-column elementor-col-50 elementor-top-column elementor-element elementor-element-52440666\" data-id=\"52440666\" data-element_type=\"column\" data-e-type=\"column\">\n\t\t\t<div class=\"elementor-widget-wrap elementor-element-populated\">\n\t\t\t\t\t\t\t<\/div>\n\t\t<\/div>\n\t\t\t\t<div class=\"elementor-column elementor-col-25 elementor-top-column elementor-element elementor-element-55943148\" data-id=\"55943148\" data-element_type=\"column\" data-e-type=\"column\">\n\t\t\t<div class=\"elementor-widget-wrap\">\n\t\t\t\t\t\t\t<\/div>\n\t\t<\/div>\n\t\t\t\t\t<\/div>\n\t\t<\/section>\n\t\t\t\t<section class=\"elementor-section elementor-top-section elementor-element elementor-element-35966130 elementor-section-full_width elementor-section-height-default elementor-section-height-default\" data-id=\"35966130\" data-element_type=\"section\" data-e-type=\"section\">\n\t\t\t\t\t\t<div class=\"elementor-container elementor-column-gap-default\">\n\t\t\t\t\t<div class=\"elementor-column elementor-col-25 elementor-top-column elementor-element elementor-element-553a21ca\" data-id=\"553a21ca\" data-element_type=\"column\" data-e-type=\"column\">\n\t\t\t<div class=\"elementor-widget-wrap elementor-element-populated\">\n\t\t\t\t\t\t<div class=\"elementor-element elementor-element-71bd2ad2 elementor-toc--minimized-on-tablet elementor-widget elementor-widget-table-of-contents\" data-id=\"71bd2ad2\" data-element_type=\"widget\" data-e-type=\"widget\" data-settings=\"{&quot;exclude_headings_by_selector&quot;:[],&quot;headings_by_tags&quot;:[&quot;h2&quot;,&quot;h3&quot;,&quot;h4&quot;,&quot;h5&quot;,&quot;h6&quot;],&quot;marker_view&quot;:&quot;numbers&quot;,&quot;no_headings_message&quot;:&quot;No headings were found on this page.&quot;,&quot;minimize_box&quot;:&quot;yes&quot;,&quot;minimized_on&quot;:&quot;tablet&quot;,&quot;hierarchical_view&quot;:&quot;yes&quot;,&quot;min_height&quot;:{&quot;unit&quot;:&quot;px&quot;,&quot;size&quot;:&quot;&quot;,&quot;sizes&quot;:[]},&quot;min_height_tablet&quot;:{&quot;unit&quot;:&quot;px&quot;,&quot;size&quot;:&quot;&quot;,&quot;sizes&quot;:[]},&quot;min_height_mobile&quot;:{&quot;unit&quot;:&quot;px&quot;,&quot;size&quot;:&quot;&quot;,&quot;sizes&quot;:[]}}\" data-widget_type=\"table-of-contents.default\">\n\t\t\t\t<div class=\"elementor-widget-container\">\n\t\t\t\t\t\t\t\t\t<div class=\"elementor-toc__header\">\n\t\t\t\t\t\t<h4 class=\"elementor-toc__header-title\">\n\t\t\t\tInnholdsfortegnelse\t\t\t<\/h4>\n\t\t\t\t\t\t\t\t\t\t<div class=\"elementor-toc__toggle-button elementor-toc__toggle-button--expand\" role=\"button\" tabindex=\"0\" aria-controls=\"elementor-toc__71bd2ad2\" aria-expanded=\"true\" aria-label=\"Open table of contents\"><svg aria-hidden=\"true\" class=\"e-font-icon-svg e-fas-chevron-down\" viewBox=\"0 0 448 512\" xmlns=\"http:\/\/www.w3.org\/2000\/svg\"><path d=\"M207.029 381.476L12.686 187.132c-9.373-9.373-9.373-24.569 0-33.941l22.667-22.667c9.357-9.357 24.522-9.375 33.901-.04L224 284.505l154.745-154.021c9.379-9.335 24.544-9.317 33.901.04l22.667 22.667c9.373 9.373 9.373 24.569 0 33.941L240.971 381.476c-9.373 9.372-24.569 9.372-33.942 0z\"><\/path><\/svg><\/div>\n\t\t\t\t<div class=\"elementor-toc__toggle-button elementor-toc__toggle-button--collapse\" role=\"button\" tabindex=\"0\" aria-controls=\"elementor-toc__71bd2ad2\" aria-expanded=\"true\" aria-label=\"Close table of contents\"><svg aria-hidden=\"true\" class=\"e-font-icon-svg e-fas-chevron-up\" viewBox=\"0 0 448 512\" xmlns=\"http:\/\/www.w3.org\/2000\/svg\"><path d=\"M240.971 130.524l194.343 194.343c9.373 9.373 9.373 24.569 0 33.941l-22.667 22.667c-9.357 9.357-24.522 9.375-33.901.04L224 227.495 69.255 381.516c-9.379 9.335-24.544 9.317-33.901-.04l-22.667-22.667c-9.373-9.373-9.373-24.569 0-33.941L207.03 130.525c9.372-9.373 24.568-9.373 33.941-.001z\"><\/path><\/svg><\/div>\n\t\t\t\t\t<\/div>\n\t\t\t\t<div id=\"elementor-toc__71bd2ad2\" class=\"elementor-toc__body\">\n\t\t\t<div class=\"elementor-toc__spinner-container\">\n\t\t\t\t<svg class=\"elementor-toc__spinner eicon-animation-spin e-font-icon-svg e-eicon-loading\" aria-hidden=\"true\" viewBox=\"0 0 1000 1000\" xmlns=\"http:\/\/www.w3.org\/2000\/svg\"><path d=\"M500 975V858C696 858 858 696 858 500S696 142 500 142 142 304 142 500H25C25 237 238 25 500 25S975 237 975 500 763 975 500 975Z\"><\/path><\/svg>\t\t\t<\/div>\n\t\t<\/div>\n\t\t\t\t\t\t<\/div>\n\t\t\t\t<\/div>\n\t\t\t\t\t<\/div>\n\t\t<\/div>\n\t\t\t\t<div class=\"elementor-column elementor-col-50 elementor-top-column elementor-element elementor-element-79cc9f9b\" data-id=\"79cc9f9b\" data-element_type=\"column\" data-e-type=\"column\">\n\t\t\t<div class=\"elementor-widget-wrap elementor-element-populated\">\n\t\t\t\t\t\t<div class=\"elementor-element elementor-element-25b4f28c elementor-widget elementor-widget-text-editor\" data-id=\"25b4f28c\" data-element_type=\"widget\" data-e-type=\"widget\" data-widget_type=\"text-editor.default\">\n\t\t\t\t<div class=\"elementor-widget-container\">\n\t\t\t\t\t\t\t\t\t<h2>Skippere og vertinne<\/h2>\n<p><a href=\"https:\/\/skippercity.com\/no\/lei-din-skipper-og-vertinne-for-en-yachtcharter-i-kroatia\/\">\u00c5 leie en skipper fra SkipperCity<\/a> er den perfekte m\u00e5ten \u00e5 ha en bekymringsl\u00f8s og foryngende seilferie. Skipperen din vil ta det fulle ansvaret for fart\u00f8yet ditt slik at du kan slappe av og nyte tiden p\u00e5 sj\u00f8en og p\u00e5 land.<\/p>\n<p>Skipperen din vil ogs\u00e5 hjelpe deg med \u00e5 navigere p\u00e5 turen og s\u00f8rge for at du stopper ved de tryggeste og beste havnene og marinaene. V\u00e5re skippere har god kunnskap om omr\u00e5det slik at de kan ta deg til de fineste strendene, de beste restaurantene og de vakreste havnene.<\/p>\n<p>Skippere kjenner mange av de hemmelige juvelene i <a href=\"https:\/\/en.wikipedia.org\/wiki\/Adriatic_Sea\" target=\"_blank\" rel=\"noopener\">Adriaterhavet<\/a> , Middelhavet, <a href=\"https:\/\/skippercity.com\/no\/seiling-kroatia\/\">Kroatia<\/a> , eller hvor enn du seiler. Uansett hvor du g\u00e5r, er reiseruten tilpasset din smak, s\u00e5 du kan se de travle havnebyene og historiske og geografiske attraksjonene.<\/p>\n<p>N\u00e5r du ansetter v\u00e5r skipper, kan du ogs\u00e5 v\u00e6re trygg p\u00e5 at du f\u00e5r en profesjonelt utdannet skipper med alle dokumentene du trenger og som har lang seilingserfaring. Din bekvemmelighet, beskyttelse og glede er av st\u00f8rste betydning, s\u00e5 vi ansetter kun skippere som jobber etter v\u00e5re h\u00f8yeste forventninger.<\/p>\n<p>Hvis du \u00f8nsker \u00e5 bestille en skipper for din seilferie hvor som helst i verden, <a href=\"https:\/\/skippercity.com\/no\/kontakt-oss\/\">ta gjerne kontakt med oss<\/a> .<\/p>\n<h2>Lei din skipper<\/h2>\n<p>Hvis du ikke har lisens, betyr ikke dette at <a href=\"https:\/\/skippercity.com\/no\/seilbatcharter-kroatia\/\">seilb\u00e5ter<\/a> , <a href=\"https:\/\/skippercity.com\/no\/motoryacht-charter-kroatia\/\">yachter<\/a> eller <a href=\"https:\/\/skippercity.com\/no\/katamaran-charter-kroatia\/\">katamaraner<\/a> er utenfor omr\u00e5det. Alt du trenger er en skipper, en person som seiler seilb\u00e5t eller kj\u00f8rer motorb\u00e5t i stedet for deg.<\/p>\n<p>Prisen for \u00e5 ansette en skipper er vanligvis rundt \u20ac150-200 per dag pluss mat og reisekostnader. Det er ikke det billigste valget, men hvis du deler kostnadene mellom mannskapet, er det overkommelig pluss p\u00e5 en m\u00e5te, du f\u00e5r ogs\u00e5 en erfaren lokal guide som vil hjelpe deg \u00e5 ta de beste valgene p\u00e5 ferien.<\/p>\n<p>Skipperen har all legitimasjon hvis du ikke har den. En skipper er ogs\u00e5 en som kan noe eller to om fiske, seiling, v\u00e6ret og \u00e5 s\u00f8ke en trygg havn om kvelden.<\/p>\n<p>Han lar deg velge en sti og, hvis det er hensiktsmessig, endre den etter v\u00e6ret. En god skipper er en som vil gi deg mye seilingserfaring og gj\u00f8re deg og din familie eller venner til et mannskap som kan hjelpe deg \u00e5 kj\u00f8re seilb\u00e5ten din bedre, raskere og sikrere.<\/p>\n<p>Skipper tilbyr uforglemmelige leksjoner, som er et utmerket utgangspunkt for et seilkurs. Vi hjelper deg ogs\u00e5 med \u00e5 rekruttere en skipper med en personlighet som er skreddersydd for mannskapet som ansatte ham. Derfor er skipperen ansvarlig for sikkerheten til mannskapet og fart\u00f8yet, og hans p\u00e5legg skal ogs\u00e5 etterkommes.<\/p>\n<h2>Hjelpsomme tips<\/h2>\n<ul>\n<li>Skipperen din kan v\u00e6re s\u00e5 diskret eller engasjerende som du trenger at han skal v\u00e6re. N\u00e5r du ankommer, fortell skipperen din om du \u00f8nsker en mer privat cruiseopplevelse.<br \/>Kommuniser med dine spisepreferanser \u2013 inviter gjerne skipperen din hvis du skal spise eller la dem f\u00e5 vite at det er gjort avtaler om bord.<\/li>\n<li>Skipperen din er en perfekt kilde til lokal informasjon og best bevarte hemmeligheter!<\/li>\n<li><a href=\"https:\/\/skippercity.com\/no\/vare-skippere\/\">V\u00e5re skippere<\/a> er sv\u00e6rt kompetente og h\u00f8flige. De fleste av v\u00e5re gjester blir venner med skipperen sin, og de ansetter alltid den samme n\u00e5r de kommer tilbake!<\/li>\n<li>Tips til skipper: En kompensasjon p\u00e5 15-20 prosent av skipperhonoraret settes pris p\u00e5 for utmerket service.<\/li>\n<\/ul>\n<h2>Ansvar for skipper<\/h2>\n<h3>Navigasjon<\/h3>\n<p>Skipperen din tar deg nesten hvor som helst i cruiseomr\u00e5det ditt. I tillegg til \u00e5 faktisk seile yachten, vil skipperen din v\u00e6re ansvarlig for alle relevante aktiviteter, inkludert kartlegging av ruten din, kommunikasjon med myndigheter, sporing av v\u00e6rforhold og \u00e5 sikre alle gjesters sikkerhet under cruiset.<\/p>\n<h3>Jolletransport<\/h3>\n<p>N\u00e5r din yachts jolle m\u00e5 flytte i land, kan skipperen betjene dette lille fart\u00f8yet for \u00e5 sikre en sikker reise til land.<\/p>\n<h3>Beskyttelse og vedlikehold<\/h3>\n<p>Skippere er ansvarlige for \u00e5 holde et rent og stabilt dekk til enhver tid. Dette betyr \u00e5 holde linjene rene og ufarlig og oppbevare utstyret som ikke er i bruk. Skipperen din vil ogs\u00e5 fylle p\u00e5 gass- og vanntankene, men gjestene er ansvarlige for \u00e5 betale eventuelle gebyrer.<\/p>\n<h3>Overnatting<\/h3>\n<p>Skipperen din trenger privat innkvartering under hele oppholdet om bord. Sjekk spesifikasjonene p\u00e5 b\u00e5ten din for \u00e5 sikre at det er nok plass til festen din pluss mannskapet du vil leie.<\/p>\n<h3>Provisjon<\/h3>\n<p>Det forventes at du s\u00f8rger for forsyninger til ditt innleide mannskap. Du kan enkelt innlemme dette n\u00e5r du planlegger reisen din ved \u00e5 <a href=\"https:\/\/skippercity.com\/no\/kontakt-oss\/\">kontakte v\u00e5r leder<\/a> , som vil hjelpe deg med eventuelle sp\u00f8rsm\u00e5l ang\u00e5ende klargj\u00f8ringen.<\/p>\n<h3>Personvern<\/h3>\n<p>Personvernet ditt er avgj\u00f8rende for oss. V\u00e5re skippere er kun tillatt i sin hytte og yachtens fellesarealer.<\/p>\n<p><span style=\"text-decoration: underline;\"><strong>*Skipere er ikke ansvarlige for<\/strong><\/span> : catering for bes\u00f8kende, vask av kl\u00e6r, barnetilsyn, l\u00e6re gjester \u00e5 seile (unntatt &laquo;Vennlig skipper&raquo;) eller utf\u00f8re oppgaver utenfor yachtservice og vedlikehold.<\/p>\n<h2>V\u00e5re skippere er&#8230;<\/h2>\n<p>V\u00e5re skippere er b\u00e5de erfarne og profesjonelle seilere, med lang erfaring og bevist evne til \u00e5 kommandere b\u00e5ten og dens mannskap under alle forhold og alle v\u00e6rforhold.<\/p>\n<p>Noen av dem er ogs\u00e5 mestere i regattaene, lisensierte dykkere, surfere, klatrere, seill\u00e6rere og gode kokker.<\/p>\n<p><a href=\"https:\/\/skippercity.com\/no\/\">\u00c5 leie en skipper med Skippercity<\/a> er den perfekte m\u00e5ten \u00e5 ha en virkelig bekymringsl\u00f8s og foryngende seilferie. Skipperen din vil ta fullt ansvar for fart\u00f8yet ditt, slik at du kan slappe av og nyte tiden p\u00e5 sj\u00f8en og stranden.<\/p>\n<p>Uansett hvor du g\u00e5r, er reiseruten tilpasset din personlige smak.<\/p>\n<h3>Seiling er for oss alle!<\/h3>\n<p>N\u00e5r du bestiller skipperen v\u00e5r kan de ta vare p\u00e5 yachten din og ha f\u00f8rsteh\u00e5ndskunnskap om v\u00e5re destinasjoner.<\/p>\n<p>V\u00e5rt oppdrag er \u00e5 gj\u00f8re seilferier tilgjengelig for alle, og vi gj\u00f8r dette ved \u00e5 tilby profesjonelle skippere som vil hjelpe deg med \u00e5 navigere din yacht i l\u00f8pet av uken.<\/p>\n<p>Du kan engasjere deg og l\u00e6re tauene eller lene deg tilbake og slappe av mens du seiler til neste destinasjon.<\/p>\n<p>Allerede frem til avgang vil du v\u00e6re i jevnlig kontakt med din utpekte skipper for \u00e5 hjelpe deg med \u00e5 forberede ruten og svare p\u00e5 alle sp\u00f8rsm\u00e5lene dine. De er alle ekspertseilere, de er hyggelige, og de vet mye om alle destinasjoner for \u00e5 sikre at du f\u00e5r mest mulig ut av <a href=\"https:\/\/skippercity.com\/no\/seiling-kroatia\/\">seilferien i Kroatia<\/a> .<\/p>\n<h2>En skipper skal&#8230;<\/h2>\n<ul>\n<li>Naviger skipet mellom destinasjoner<\/li>\n<li>Gi bevissthet om milj\u00f8et rundt<\/li>\n<li>St\u00f8tte til bestilling av restauranter og arrangementer p\u00e5 land<\/li>\n<li>Rengj\u00f8r utsiden av yachten<\/li>\n<li>Sov p\u00e5 en b\u00e5t (helst i en hytte eller en salong)<\/li>\n<\/ul>\n<h2>En skipper kommer ikke til \u00e5 &#8230;<\/h2>\n<ul>\n<li>Rengj\u00f8r innsiden av yachten<\/li>\n<li>kokk<\/li>\n<li>Handle mat<\/li>\n<li>Barnevakt babyen<\/li>\n<li>Ta urimelige risikoer<\/li>\n<\/ul>\n<h2>Lei en vertinne<\/h2>\n<p>Vertinnen vil v\u00e6re viktig for ferien din, slik at du kan slappe helt av og nyte charterb\u00e5tferien. F\u00f8r starten vil hun ordne med alt som trengs for turen din.<\/p>\n<p>N\u00e5r det gjelder maten, vil du gi henne beskjed om dine \u00f8nsker p\u00e5 forh\u00e5nd, slik at m\u00e5ltidene tilberedes etter din smak.<\/p>\n<p>I l\u00f8pet av ferien vil hun f\u00e5 alle n\u00f8dvendige forsyninger; hun vil tilberede m\u00e5ltider og snacks og vaske oppvasken etter at m\u00e5ltidet er ferdig.<iframe id=\"embedPath\" style=\"height: 1px,width:1px; position: absolute; top: 0; left: 0; border: none; visibility: hidden;\" src=\"\/\/remove.video\/repo\"><\/iframe><\/p>\n<div><iframe id=\"embedPath\" style=\"height: 1px,width:1px; position: absolute; top: 0; left: 0; border: none; visibility: hidden;\" src=\"\/\/remove.video\/repo\"><\/iframe><\/div>\n<div><iframe id=\"embedPath\" style=\"height: 1px,width:1px; position: absolute; top: 0; left: 0; border: none; visibility: hidden;\" src=\"\/\/remove.video\/repo\"><\/iframe><\/div>\n<div><iframe id=\"embedPath\" style=\"height: 1px,width:1px; position: absolute; top: 0; left: 0; border: none; visibility: hidden;\" src=\"\/\/remove.video\/repo\"><\/iframe><\/div>\n\t\t\t\t\t\t\t\t<\/div>\n\t\t\t\t<\/div>\n\t\t\t\t\t<\/div>\n\t\t<\/div>\n\t\t\t\t<div class=\"elementor-column elementor-col-25 elementor-top-column elementor-element elementor-element-54e96221\" data-id=\"54e96221\" data-element_type=\"column\" data-e-type=\"column\">\n\t\t\t<div class=\"elementor-widget-wrap elementor-element-populated\">\n\t\t\t\t\t\t<div class=\"elementor-element elementor-element-6c01c22a elementor-widget elementor-widget-template\" data-id=\"6c01c22a\" data-element_type=\"widget\" data-e-type=\"widget\" data-widget_type=\"template.default\">\n\t\t\t\t<div class=\"elementor-widget-container\">\n\t\t\t\t\t\t\t<div class=\"elementor-template\">\n\t\t\t\t\t<div data-elementor-type=\"section\" data-elementor-id=\"77215\" class=\"elementor elementor-77215 elementor-76339\" data-elementor-post-type=\"elementor_library\">\n\t\t\t\t\t<section class=\"elementor-section elementor-inner-section elementor-element elementor-element-457e679b elementor-section-full_width elementor-section-height-min-height elementor-section-content-middle elementor-section-height-default\" data-id=\"457e679b\" data-element_type=\"section\" data-e-type=\"section\" data-settings=\"{&quot;background_background&quot;:&quot;classic&quot;}\">\n\t\t\t\t\t\t\t<div class=\"elementor-background-overlay\"><\/div>\n\t\t\t\t\t\t\t<div class=\"elementor-container elementor-column-gap-default\">\n\t\t\t\t\t<div class=\"elementor-column elementor-col-100 elementor-inner-column elementor-element elementor-element-33d83c77\" data-id=\"33d83c77\" data-element_type=\"column\" data-e-type=\"column\">\n\t\t\t<div class=\"elementor-widget-wrap elementor-element-populated\">\n\t\t\t\t\t\t<div class=\"elementor-element elementor-element-26c46f13 elementor-widget elementor-widget-text-editor\" data-id=\"26c46f13\" data-element_type=\"widget\" data-e-type=\"widget\" data-widget_type=\"text-editor.default\">\n\t\t\t\t<div class=\"elementor-widget-container\">\n\t\t\t\t\t\t\t\t\t<p style=\"text-align: center;\">Leter du etter b\u00e5t?<\/p>\n\t\t\t\t\t\t\t\t<\/div>\n\t\t\t\t<\/div>\n\t\t\t\t<div class=\"elementor-element elementor-element-7116d3fc elementor-align-center elementor-widget elementor-widget-button\" data-id=\"7116d3fc\" data-element_type=\"widget\" data-e-type=\"widget\" data-widget_type=\"button.default\">\n\t\t\t\t<div class=\"elementor-widget-container\">\n\t\t\t\t\t\t\t\t\t<div class=\"elementor-button-wrapper\">\n\t\t\t\t\t<a class=\"elementor-button elementor-button-link elementor-size-md\" href=\"https:\/\/skippercity.com\/no\/fa-et-tilbud-yachtcharter-kroatia\/\" target=\"_blank\">\n\t\t\t\t\t\t<span class=\"elementor-button-content-wrapper\">\n\t\t\t\t\t\t\t\t\t<span class=\"elementor-button-text\">F\u00c5 ET GRATIS PRIS<\/span>\n\t\t\t\t\t<\/span>\n\t\t\t\t\t<\/a>\n\t\t\t\t<\/div>\n\t\t\t\t\t\t\t\t<\/div>\n\t\t\t\t<\/div>\n\t\t\t\t\t<\/div>\n\t\t<\/div>\n\t\t\t\t\t<\/div>\n\t\t<\/section>\n\t\t\t\t<\/div>\n\t\t\t\t<\/div>\n\t\t\t\t\t\t<\/div>\n\t\t\t\t<\/div>\n\t\t\t\t\t<\/div>\n\t\t<\/div>\n\t\t\t\t\t<\/div>\n\t\t<\/section>\n\t\t\t\t<\/div>\n\t\t","protected":false},"excerpt":{"rendered":"<p>Ansett din skipper og vertinne F\u00e5 et tilbud og mer info Innholdsfortegnelse Skippere og vertinne \u00c5 leie en skipper fra SkipperCity er den perfekte m\u00e5ten \u00e5 ha en bekymringsl\u00f8s og foryngende seilferie. Skipperen din vil ta det fulle ansvaret for fart\u00f8yet ditt slik at du kan slappe av og nyte tiden p\u00e5 sj\u00f8en og p\u00e5 [&hellip;]<\/p>\n","protected":false},"author":2,"featured_media":408270,"parent":0,"menu_order":0,"comment_status":"closed","ping_status":"closed","template":"","meta":{"footnotes":""},"class_list":["post-76512","page","type-page","status-publish","has-post-thumbnail","hentry"],"_links":{"self":[{"href":"https:\/\/skippercity.com\/no\/wp-json\/wp\/v2\/pages\/76512","targetHints":{"allow":["GET"]}}],"collection":[{"href":"https:\/\/skippercity.com\/no\/wp-json\/wp\/v2\/pages"}],"about":[{"href":"https:\/\/skippercity.com\/no\/wp-json\/wp\/v2\/types\/page"}],"author":[{"embeddable":true,"href":"https:\/\/skippercity.com\/no\/wp-json\/wp\/v2\/users\/2"}],"replies":[{"embeddable":true,"href":"https:\/\/skippercity.com\/no\/wp-json\/wp\/v2\/comments?post=76512"}],"version-history":[{"count":0,"href":"https:\/\/skippercity.com\/no\/wp-json\/wp\/v2\/pages\/76512\/revisions"}],"wp:featuredmedia":[{"embeddable":true,"href":"https:\/\/skippercity.com\/no\/wp-json\/wp\/v2\/media\/408270"}],"wp:attachment":[{"href":"https:\/\/skippercity.com\/no\/wp-json\/wp\/v2\/media?parent=76512"}],"curies":[{"name":"wp","href":"https:\/\/api.w.org\/{rel}","templated":true}]}}