{"id":412080,"date":"2024-01-14T20:42:38","date_gmt":"2024-01-14T20:42:38","guid":{"rendered":"https:\/\/www.skippercity.com\/strona-z-regulaminem-programu-partnerskiego\/"},"modified":"2024-01-20T06:48:18","modified_gmt":"2024-01-20T06:48:18","slug":"strona-z-regulaminem-programu-partnerskiego","status":"publish","type":"page","link":"https:\/\/skippercity.com\/pl\/strona-z-regulaminem-programu-partnerskiego\/","title":{"rendered":"Strona z regulaminem programu partnerskiego"},"content":{"rendered":"\t\t<div data-elementor-type=\"wp-page\" data-elementor-id=\"412080\" class=\"elementor elementor-412080 elementor-412033\" data-elementor-post-type=\"page\">\n\t\t\t\t<div class=\"elementor-element elementor-element-e8b4547 e-con-full e-flex e-con e-parent\" data-id=\"e8b4547\" data-element_type=\"container\" data-e-type=\"container\">\n\t\t<div class=\"elementor-element elementor-element-6c6403f e-con-full e-flex e-con e-child\" data-id=\"6c6403f\" data-element_type=\"container\" data-e-type=\"container\">\n\t\t\t\t<\/div>\n\t\t<div class=\"elementor-element elementor-element-c162eda e-con-full e-flex e-con e-child\" data-id=\"c162eda\" data-element_type=\"container\" data-e-type=\"container\">\n\t\t\t\t<div class=\"elementor-element elementor-element-3553b57 elementor-widget elementor-widget-text-editor\" data-id=\"3553b57\" data-element_type=\"widget\" data-e-type=\"widget\" data-widget_type=\"text-editor.default\">\n\t\t\t\t<div class=\"elementor-widget-container\">\n\t\t\t\t\t\t\t\t\t<h2>Umowa partnerska<\/h2>\n<h2>(Warunki programu partnerskiego)<\/h2>\n<p>Niniejsza umowa (&#8222;Umowa&#8221;) zostaje zawarta pomi\u0119dzy SkipperCity, Blackbird<br \/>One Ltd, 5 Secretary&#8217;s Lane, Gibraltar GX11 1AA, (&#8222;Sp\u00f3\u0142ka&#8221;), oraz<br \/>podmiot stowarzyszony (&#8222;Podmiot Stowarzyszony&#8221;), a \u0142\u0105cznie (&#8222;Strony&#8221;) dla<br \/>udzia\u0142 w programie partnerskim Sp\u00f3\u0142ki.<\/p>\n<p>Podmiot stowarzyszony chce zamie\u015bci\u0107 pewne materia\u0142y promuj\u0105ce Sp\u00f3\u0142k\u0119, oraz<br \/>do umieszczenia linku do strony internetowej Sp\u00f3\u0142ki w tych materia\u0142ach na<br \/>Witryna partnera i\/lub inne miejsca w Internecie;<\/p>\n<p>NINIEJSZYM, w zwi\u0105zku z wzajemnymi obietnicami i zobowi\u0105zaniami,<br \/>gwarancje oraz inne dobre i warto\u015bciowe \u015bwiadczenia okre\u015blone w niniejszym dokumencie,<br \/>Strony uzgadniaj\u0105, co nast\u0119puje:<\/p>\n<ol>\n<li><b>Materia\u0142y promocyjne.<\/b>  Sp\u00f3\u0142ka udost\u0119pni<br \/>Affiliate niekt\u00f3re banery reklamowe, linki przycisk\u00f3w, linki tekstowe,<br \/>i\/lub innych materia\u0142\u00f3w graficznych lub tekstowych do wy\u015bwietlania i u\u017cywania na<br \/>na stronie internetowej Partnera (&#8222;Materia\u0142y promocyjne&#8221;) i\/lub w innych miejscach na stronie internetowej Partnera (&#8222;Materia\u0142y promocyjne&#8221;).<br \/>Internet. Partner b\u0119dzie wy\u015bwietla\u0142 Materia\u0142y Promocyjne na<br \/>Strona internetowa Partnera i\/lub w innym miejscu w Internecie w spos\u00f3b widoczny i jako<br \/>Partner uzna za stosowne, pod warunkiem, \u017ce spos\u00f3b wy\u015bwietlania b\u0119dzie podlega\u0142<br \/>zgodnie z warunkami niniejszej Umowy. Partner powinien r\u00f3wnie\u017c<br \/>zawiera\u0107 \u0142\u0105cze z Materia\u0142\u00f3w promocyjnych do strony internetowej Sp\u00f3\u0142ki, poniewa\u017c<br \/>okre\u015blone przez Sp\u00f3\u0142k\u0119.<\/li>\n<li><b>Korzystanie z materia\u0142\u00f3w promocyjnych.  <\/b>U\u017cywanie i wy\u015bwietlanie przez Partnera<br \/>materia\u0142\u00f3w promocyjnych na stronie partnera i\/lub w innych miejscach<br \/>w Internecie musz\u0105 by\u0107 zgodne z nast\u0119puj\u0105cymi warunkami i zasadami<br \/>specyfikacje:\n<ul>\n<li>a. Partner nie mo\u017ce wykorzystywa\u0107 \u017cadnych materia\u0142\u00f3w graficznych, tekstowych ani innych<br \/>ze strony internetowej Sp\u00f3\u0142ki (https:\/\/yachtco.net), produkt\u00f3w lub us\u0142ug innych ni\u017c<br \/>ni\u017c Materia\u0142y Promocyjne, chyba \u017ce Sp\u00f3\u0142ka wyrazi na to zgod\u0119 na pi\u015bmie<br \/>przed ich wy\u015bwietleniem.<\/li>\n<li>b. Partner mo\u017ce korzysta\u0107 z Materia\u0142\u00f3w promocyjnych wy\u0142\u0105cznie w celu<br \/>promowania strony internetowej Sp\u00f3\u0142ki (oraz dost\u0119pnych produkt\u00f3w i us\u0142ug).<br \/>na nich) oraz za linkowanie do strony internetowej Sp\u00f3\u0142ki.<\/li>\n<li>c. Partner nie b\u0119dzie zmienia\u0107, dodawa\u0107, odejmowa\u0107 ani w \u017caden inny spos\u00f3b<br \/>modyfikowa\u0107 Materia\u0142y promocyjne w miar\u0119 ich przygotowywania przez Sp\u00f3\u0142k\u0119. Je\u015bli<br \/>Partner chce zmieni\u0107 lub w inny spos\u00f3b zmodyfikowa\u0107 Materia\u0142y promocyjne,<br \/>Podmiot stowarzyszony musi uzyska\u0107 uprzedni\u0105 pisemn\u0105 zgod\u0119 Sp\u00f3\u0142ki na takie dzia\u0142ania.<br \/>zmiana modyfikacji.<\/li>\n<li>d. Materia\u0142y promocyjne b\u0119d\u0105 wykorzystywane do umieszczania link\u00f3w do witryny internetowej Sp\u00f3\u0142ki, do okre\u015blonych stron i adres\u00f3w w witrynie.<\/li>\n<li>e. Partner mo\u017ce tworzy\u0107 w\u0142asne materia\u0142y promocyjne (graficzne, tekstowe lub inne) wed\u0142ug w\u0142asnego uznania.<\/li>\n<\/ul>\n<\/li>\n<li><b>Licencja<\/b>. Firma niniejszym udziela Partnerowi niewy\u0142\u0105cznej,<br \/>niezbywalnej licencji (&#8222;Licencja&#8221;) na korzystanie z Materia\u0142\u00f3w Promocyjnych<br \/>zgodnie z warunkami niniejszej Umowy. Termin<br \/>Licencji wygasa wraz z wyga\u015bni\u0119ciem lub rozwi\u0105zaniem niniejszej Umowy.<br \/>Umowa.<\/li>\n<li><b>W\u0142asno\u015b\u0107 intelektualna.<\/b>  Sp\u00f3\u0142ka zachowuje wszelkie prawa w\u0142asno\u015bci,<br \/>i udzia\u0142\u00f3w w Materia\u0142ach promocyjnych oraz wszelkich praw autorskich,<br \/>znaku towarowego lub innej w\u0142asno\u015bci intelektualnej w Materia\u0142ach promocyjnych.<br \/>\u017badne z postanowie\u0144 niniejszej Umowy nie b\u0119dzie interpretowane jako przyznanie Podmiotowi Stowarzyszonemu jakichkolwiek<br \/>praw, w\u0142asno\u015bci lub udzia\u0142\u00f3w w Materia\u0142ach promocyjnych lub w<br \/>bazowa w\u0142asno\u015b\u0107 intelektualna, inna ni\u017c prawa do u\u017cytkowania<br \/>Materia\u0142y Promocyjne przyznane na podstawie Licencji, zgodnie z postanowieniami Sekcji<br \/>3.<\/li>\n<li><b>Relacje mi\u0119dzy stronami.  <\/b>Niniejsza Umowa nie b\u0119dzie<br \/>interpretowane jako tworzenie jakiegokolwiek stosunku pracy, stosunku agencyjnego lub<br \/>partnerstwo pomi\u0119dzy Sp\u00f3\u0142k\u0105 a Podmiotem Powi\u0105zanym. Partner zapewnia<br \/>us\u0142ugi dla Sp\u00f3\u0142ki jako niezale\u017cny wykonawca. Partner powinien posiada\u0107<br \/>nie jest upowa\u017cniony do wi\u0105zania Sp\u00f3\u0142ki jak\u0105kolwiek umow\u0105, ani nie b\u0119dzie<br \/>uwa\u017cany za przedstawiciela Sp\u00f3\u0142ki w jakimkolwiek zakresie.<\/li>\n<li><b>Prowizje:<br \/><\/b>\n<ul>\n<li>a. W zamian za wy\u015bwietlanie Materia\u0142\u00f3w promocyjnych przez Partnera,<br \/>oraz za przestrzeganie i wykonywanie przez Podmiot Stowarzyszony warunk\u00f3w i postanowie\u0144 Umowy.<br \/>warunk\u00f3w niniejszej Umowy, Sp\u00f3\u0142ka zap\u0142aci Podmiotowi Powi\u0105zanemu kwot\u0119<br \/>prowizja (&#8222;Prowizja&#8221;) w wysoko\u015bci okre\u015blonego procentu ceny za<br \/>zakwaterowanie na \u0142odzi zarezerwowane przez go\u015bcia, kt\u00f3ry uzyskuje dost\u0119p do Sp\u00f3\u0142ki<br \/>poprzez link na stronie internetowej Partnera lub poprzez stron\u0119 internetow\u0105 Partnera.<br \/>link w innym miejscu w Internecie. Aktualna warto\u015b\u0107 procentowa wynosi 20%. To<br \/>Warto\u015b\u0107 procentowa mo\u017ce zosta\u0107 zmieniona przez Sp\u00f3\u0142k\u0119 w dowolnym momencie.<\/li>\n<li>b. Sp\u00f3\u0142ka b\u0119dzie prowadzi\u0107 dok\u0142adn\u0105 i aktualn\u0105 ewidencj\u0119 danych<br \/>wykorzystywane do czasu rozwi\u0105zania niniejszej umowy w celu okre\u015blenia \u0142\u0105cznej kwoty<br \/>kwota Prowizji nale\u017cnych Partnerowi. Partner otrzymuje<br \/>rozs\u0105dny dost\u0119p do tych danych na \u017c\u0105danie. Wszelkie rozbie\u017cno\u015bci mi\u0119dzy<br \/>kwota prowizji nale\u017cnych zgodnie z tymi zapisami oraz<br \/>rzeczywista kwota Prowizji wyp\u0142aconych Partnerowi w dowolnym okresie lub okresach<br \/>zostan\u0105 naprawione przez Sp\u00f3\u0142k\u0119 w ci\u0105gu 14 dni od ich wykrycia.<br \/>rozbie\u017cno\u015b\u0107.<\/li>\n<li>c. Prowizje s\u0105 przechowywane przez okres 30 dni od daty \u0142odzi<br \/>wynajmu, aby chroni\u0107 Sp\u00f3\u0142k\u0119 w przypadku jakiegokolwiek obci\u0105\u017cenia zwrotnego, kt\u00f3re mo\u017ce<br \/>wyst\u0105pi\u0107. Sp\u00f3\u0142ka zap\u0142aci wszystkie Prowizje naliczone i nale\u017cne na rzecz<br \/>Partnera w ci\u0105gu 30 dni od zako\u0144czenia wynajmu \u0142odzi (&#8222;Wyp\u0142ata Prowizji<br \/>Date&#8221;).<\/li>\n<li>d. W przypadku, gdy Partner w istotny spos\u00f3b naruszy niniejsz\u0105 Umow\u0119<br \/>a Sp\u00f3\u0142ka rozwi\u0105\u017ce niniejsz\u0105 Umow\u0119 w ci\u0105gu 30 dni od takiego naruszenia,<br \/>w\u00f3wczas wszelkie nale\u017cne i wymagalne Prowizje nale\u017cne Partnerowi zostan\u0105<br \/>przepadnie, a Sp\u00f3\u0142ka nie b\u0119dzie zobowi\u0105zana do zap\u0142aty takich Prowizji na rzecz<br \/>Partner.<\/li>\n<\/ul>\n<\/li>\n<li><b>O\u015bwiadczenia i gwarancje podmiotu stowarzyszonego.<\/b>  Partner o\u015bwiadcza i gwarantuje, co nast\u0119puje:\n<ul>\n<li>a. Podmiot stowarzyszony jest prawnie upowa\u017cniony do zawarcia niniejszej Umowy<br \/>i zobowi\u0105za\u0107 si\u0119 do przestrzegania obietnic, zobowi\u0105za\u0144 i innych obowi\u0105zk\u00f3w okre\u015blonych w Umowie.<br \/>w niniejszej Umowie.<\/li>\n<li>b. Witryna Partnera i\/lub strona z linkiem Partnera nie zawieraj\u0105 \u017cadnych materia\u0142\u00f3w, kt\u00f3re s\u0105:\n<ul>\n<li>i. Wyra\u017ane seksualnie, obsceniczne lub pornograficzne;<\/li>\n<li>ii. Obra\u017aliwe, blu\u017aniercze, nienawistne, gro\u017c\u0105ce, szkodliwe, znies\u0142awiaj\u0105ce,<br \/>znies\u0142awiaj\u0105ce, n\u0119kaj\u0105ce lub dyskryminuj\u0105ce (ze wzgl\u0119du na ras\u0119),<br \/>pochodzenie etniczne, wyznanie, religia, p\u0142e\u0107, orientacja seksualna, sprawno\u015b\u0107 fizyczna<br \/>niepe\u0142nosprawno\u015b\u0107 lub w inny spos\u00f3b);<\/li>\n<li>iii. Graficznie brutalne, w tym wszelkie brutalne obrazy z gier wideo; lub<\/li>\n<li>iv. Nak\u0142anianie do jakiegokolwiek niezgodnego z prawem zachowania<\/li>\n<\/ul>\n<\/li>\n<li>c. Podmiot stowarzyszony uzyska\u0142 wszelkie niezb\u0119dne zezwolenia, licencje lub<br \/>inne zezwolenie na jak\u0105kolwiek w\u0142asno\u015b\u0107 intelektualn\u0105 wykorzystywan\u0105 na stronie Partnera<br \/>strona internetowa. \u017badna cz\u0119\u015b\u0107 strony internetowej Partnera nie narusza praw w\u0142asno\u015bci intelektualnej.<br \/>prawa w\u0142asno\u015bci jakiejkolwiek osoby lub podmiotu. \u017badna osoba ani podmiot nie wnios\u0142y<br \/>ani nie grozi\u0142 pow\u00f3dztwem z tytu\u0142u takiego naruszenia, ani te\u017c Affiliate<br \/>mie\u0107 jakiekolwiek powody, aby s\u0105dzi\u0107, \u017ce jakakolwiek osoba lub podmiot wniesie lub<br \/>zagrozi\u0107 takim roszczeniem w przysz\u0142o\u015bci.<\/li>\n<li>d. Partner nie b\u0119dzie korzysta\u0142 z Materia\u0142\u00f3w Promocyjnych w spos\u00f3b inny ni\u017c okre\u015blony w punkcie 2 powy\u017cej.<\/li>\n<li>e. Partner nie b\u0119dzie ro\u015bci\u0142 sobie \u017cadnych praw w\u0142asno\u015bci do Promocji.<br \/>materia\u0142\u00f3w lub praw autorskich, znak\u00f3w towarowych lub innych praw intelektualnych.<br \/>w\u0142asno\u015b\u0107 w nim.<\/li>\n<li>f. Partner nie b\u0119dzie publikowa\u0107 ani w inny spos\u00f3b rozpowszechnia\u0107 \u017cadnych<br \/>materia\u0142y reklamowe na stronie internetowej Partnera, kt\u00f3re odwo\u0142uj\u0105 si\u0119 do Firmy lub<br \/>strona internetowa Sp\u00f3\u0142ki, chyba \u017ce Sp\u00f3\u0142ka wyrazi na to uprzedni\u0105 pisemn\u0105 zgod\u0119<br \/>dystrybucji takich materia\u0142\u00f3w. Podmiot stowarzyszony nie b\u0119dzie u\u017cywa\u0142 nazwy firmy<br \/>(lub jakiejkolwiek nazwy, kt\u00f3ra jest \u0142udz\u0105co podobna do nazwy Sp\u00f3\u0142ki) dla dowolnego<br \/>na swojej stronie internetowej, w swoich materia\u0142ach promocyjnych lub w inny spos\u00f3b.<br \/>kontek\u015bcie, z wyj\u0105tkiem promowania strony internetowej Sp\u00f3\u0142ki, jak okre\u015blono w niniejszym dokumencie.<br \/>Umowa. Partner nie zarejestruje \u017cadnej nazwy domeny, kt\u00f3ra zawiera<br \/>Nazwa Sp\u00f3\u0142ki lub nazwa \u0142udz\u0105co podobna do nazwy Sp\u00f3\u0142ki.<\/li>\n<li>g. Partner nie b\u0119dzie anga\u017cowa\u0142 si\u0119 w dystrybucj\u0119 \u017cadnych niezam\u00f3wionych tre\u015bci.<br \/>masowe wiadomo\u015bci e-mail (spam) w jakikolwiek spos\u00f3b wspominaj\u0105ce lub odnosz\u0105ce si\u0119 do Sp\u00f3\u0142ki lub<br \/>Strona internetowa firmy.<\/li>\n<li>h. Strona internetowa Partnera i\/lub strona z linkiem Partnera musi by\u0107 tematycznie powi\u0105zana z tre\u015bci\u0105 strony internetowej Firmy.<\/li>\n<\/ul>\n<\/li>\n<li><b>Odszkodowanie.<\/b>  Podmiot Stowarzyszony zwolni Sp\u00f3\u0142k\u0119 z odpowiedzialno\u015bci i zatrzyma<br \/>zwolni Sp\u00f3\u0142k\u0119 z odpowiedzialno\u015bci z tytu\u0142u wszelkich roszcze\u0144, szk\u00f3d, pozw\u00f3w, dzia\u0142a\u0144, skarg lub<br \/>inne koszty wynikaj\u0105ce z jakiegokolwiek naruszenia gwarancji udzielonych przez Partnera.<br \/>okre\u015blone w sekcji 7 powy\u017cej. Podmiot Stowarzyszony zwolni r\u00f3wnie\u017c z odpowiedzialno\u015bci<br \/>zwalnia Sp\u00f3\u0142k\u0119 z odpowiedzialno\u015bci za wszelkie szkody, straty lub inne koszty wynikaj\u0105ce z<br \/>wykorzystanie lub niew\u0142a\u015bciwe wykorzystanie Materia\u0142\u00f3w Promocyjnych przez Partnera.<\/li>\n<li><b>Poufno\u015b\u0107.  <\/b>Wszelkie informacje, na kt\u00f3re nara\u017cony jest partner<br \/>na mocy jej relacji ze Sp\u00f3\u0142k\u0105 w ramach niniejszej Umowy, kt\u00f3ra<br \/>informacje nie s\u0105 dost\u0119pne publicznie, s\u0105 uwa\u017cane za<br \/>za &#8222;Poufne Informacje Sp\u00f3\u0142ki&#8221;. Partner nie mo\u017ce ujawnia\u0107 \u017cadnych<br \/>Poufnych Informacji Sp\u00f3\u0142ki jakiejkolwiek osobie lub podmiotowi, z wyj\u0105tkiem sytuacji, gdy<br \/>wymuszone przez prawo, chyba \u017ce Partner uzyska uprzedni\u0105 pisemn\u0105 zgod\u0119 na<br \/>ujawnienie takich informacji przez Sp\u00f3\u0142k\u0119.<\/li>\n<li><b>Termin.<br \/><\/b>\n<ul>\n<li>a. Niniejsza Umowa wchodzi w \u017cycie ze skutkiem natychmiastowym i pozostaje w pe\u0142nej mocy do momentu jej rozwi\u0105zania zgodnie z niniejszym Punktem 10.<\/li>\n<li>b. Ka\u017cda ze Stron ma prawo do rozwi\u0105zania niniejszej Umowy w terminie<br \/>w dowolnym czasie i z dowolnego powodu. Strona wypowiadaj\u0105ca umow\u0119 musi przekaza\u0107 na pi\u015bmie<br \/>powiadomienie drugiej Strony na co najmniej 30 dni przed planowan\u0105 dat\u0105<br \/>zako\u0144czenie.<\/li>\n<\/ul>\n<\/li>\n<li><b>Podatki.<\/b>  Sp\u00f3\u0142ka nie ponosi odpowiedzialno\u015bci za jakiekolwiek podatki nale\u017cne od<br \/>Podmiot stowarzyszony wynikaj\u0105cy z relacji Podmiotu stowarzyszonego ze Sp\u00f3\u0142k\u0105, jak okre\u015blono poni\u017cej.<br \/>okre\u015blone w niniejszej Umowie. Sp\u00f3\u0142ka nie potr\u0105ci \u017cadnych podatk\u00f3w od<br \/>Prowizje wyp\u0142acane partnerowi.<\/li>\n<li><b>Ograniczenie odpowiedzialno\u015bci.<\/b>  Sp\u00f3\u0142ka nie ponosi odpowiedzialno\u015bci za<br \/>utrat\u0119 zysk\u00f3w lub koszt\u00f3w, lub za jakiekolwiek bezpo\u015brednie, po\u015brednie, szczeg\u00f3lne szkody,<br \/>szkody przypadkowe lub wt\u00f3rne, w tym koszty zwi\u0105zane z<br \/>zam\u00f3wienia zast\u0119pczych towar\u00f3w lub us\u0142ug (niezale\u017cnie od tego, czy Sp\u00f3\u0142ka by\u0142a lub<br \/>powinien by\u0142 by\u0107 \u015bwiadomy lub poinformowany o mo\u017cliwo\u015bci wyst\u0105pienia takich szk\u00f3d),<br \/>wynikaj\u0105ce z lub zwi\u0105zane z jak\u0105kolwiek strat\u0105, zawieszeniem lub przerw\u0105<br \/>us\u0142ugi, rozwi\u0105zania niniejszej Umowy, wykorzystania lub niew\u0142a\u015bciwego wykorzystania<br \/>Materia\u0142y promocyjne lub inne us\u0142ugi \u015bwiadczone na podstawie niniejszej umowy.<br \/>Umowa.<\/li>\n<li><b>Odpowiedniki.<\/b>  Niniejsza Umowa mo\u017ce zosta\u0107 zawarta w kilku<br \/>egzemplarzy, z kt\u00f3rych ka\u017cdy stanowi orygina\u0142, a wszystkie<br \/>kt\u00f3re \u0142\u0105cznie stanowi\u0105 jedn\u0105 umow\u0119.<\/li>\n<li><b>Rozdzielno\u015b\u0107.<\/b>  Je\u017celi jakakolwiek cz\u0119\u015b\u0107 lub cz\u0119\u015bci niniejszej Umowy zostan\u0105<br \/>uznane za niewykonalne z jakiegokolwiek powodu, pozosta\u0142a cz\u0119\u015b\u0107 niniejszej Umowy<br \/>pozostaj\u0105 w pe\u0142nej mocy. Je\u015bli jakiekolwiek postanowienie niniejszego<br \/>Umowa zostanie uznana za niewa\u017cn\u0105 lub niewykonaln\u0105 przez jakikolwiek w\u0142a\u015bciwy s\u0105d.<br \/>jurysdykcji i je\u017celi ograniczenie takiego postanowienia spowodowa\u0142oby, \u017ce postanowienie<br \/>wa\u017cne, w\u00f3wczas takie postanowienie b\u0119dzie interpretowane jako takie<br \/>ograniczone.<\/li>\n<li><b>Nag\u0142\u00f3wki<\/b>. Nag\u0142\u00f3wki sekcji w niniejszym dokumencie s\u0142u\u017c\u0105 wy\u0142\u0105cznie wygodzie i nie maj\u0105 wp\u0142ywu na znaczenie postanowie\u0144 niniejszej Umowy.<\/li>\n<li><b>Ca\u0142o\u015b\u0107 Umowy.<\/b>  Niniejsza Umowa stanowi ca\u0142o\u015b\u0107<br \/>umow\u0119 pomi\u0119dzy Sp\u00f3\u0142k\u0105 a Podmiotem Powi\u0105zanym i zast\u0119puje wszelkie wcze\u015bniejsze<br \/>zrozumienie lub o\u015bwiadczenie jakiegokolwiek rodzaju poprzedzaj\u0105ce dat\u0119 niniejszego<br \/>Umowa. Nie ma \u017cadnych innych obietnic, warunk\u00f3w, uzgodnie\u0144 lub<br \/>inne umowy, ustne lub pisemne, odnosz\u0105ce si\u0119 do przedmiotu<br \/>przedmiot niniejszej Umowy<\/li>\n<\/ol>\n\t\t\t\t\t\t\t\t<\/div>\n\t\t\t\t<\/div>\n\t\t\t\t<\/div>\n\t\t<div class=\"elementor-element elementor-element-510b0b1 e-con-full e-flex e-con e-child\" data-id=\"510b0b1\" data-element_type=\"container\" data-e-type=\"container\">\n\t\t\t\t<\/div>\n\t\t\t\t<\/div>\n\t\t\t\t<\/div>\n\t\t","protected":false},"excerpt":{"rendered":"<p>Umowa partnerska (Warunki programu partnerskiego) Niniejsza umowa (&#8222;Umowa&#8221;) zostaje zawarta pomi\u0119dzy SkipperCity, BlackbirdOne Ltd, 5 Secretary&#8217;s Lane, Gibraltar GX11 1AA, (&#8222;Sp\u00f3\u0142ka&#8221;), orazpodmiot stowarzyszony (&#8222;Podmiot Stowarzyszony&#8221;), a \u0142\u0105cznie (&#8222;Strony&#8221;) dlaudzia\u0142 w programie partnerskim Sp\u00f3\u0142ki. Podmiot stowarzyszony chce zamie\u015bci\u0107 pewne materia\u0142y promuj\u0105ce Sp\u00f3\u0142k\u0119, orazdo umieszczenia linku do strony internetowej Sp\u00f3\u0142ki w tych materia\u0142ach naWitryna partnera i\/lub inne [&hellip;]<\/p>\n","protected":false},"author":2,"featured_media":408270,"parent":0,"menu_order":0,"comment_status":"closed","ping_status":"closed","template":"","meta":{"footnotes":""},"class_list":["post-412080","page","type-page","status-publish","has-post-thumbnail","hentry"],"_links":{"self":[{"href":"https:\/\/skippercity.com\/pl\/wp-json\/wp\/v2\/pages\/412080","targetHints":{"allow":["GET"]}}],"collection":[{"href":"https:\/\/skippercity.com\/pl\/wp-json\/wp\/v2\/pages"}],"about":[{"href":"https:\/\/skippercity.com\/pl\/wp-json\/wp\/v2\/types\/page"}],"author":[{"embeddable":true,"href":"https:\/\/skippercity.com\/pl\/wp-json\/wp\/v2\/users\/2"}],"replies":[{"embeddable":true,"href":"https:\/\/skippercity.com\/pl\/wp-json\/wp\/v2\/comments?post=412080"}],"version-history":[{"count":0,"href":"https:\/\/skippercity.com\/pl\/wp-json\/wp\/v2\/pages\/412080\/revisions"}],"wp:featuredmedia":[{"embeddable":true,"href":"https:\/\/skippercity.com\/pl\/wp-json\/wp\/v2\/media\/408270"}],"wp:attachment":[{"href":"https:\/\/skippercity.com\/pl\/wp-json\/wp\/v2\/media?parent=412080"}],"curies":[{"name":"wp","href":"https:\/\/api.w.org\/{rel}","templated":true}]}}