{"id":416142,"date":"2024-03-01T09:09:14","date_gmt":"2024-03-01T09:09:14","guid":{"rendered":"https:\/\/www.skippercity.com\/przewodnik-po-odprawie-jachtow\/"},"modified":"2024-03-01T09:26:58","modified_gmt":"2024-03-01T09:26:58","slug":"przewodnik-po-odprawie-jachtow","status":"publish","type":"page","link":"https:\/\/skippercity.com\/pl\/przewodnik-po-odprawie-jachtow\/","title":{"rendered":"Przewodnik po odprawie jacht\u00f3w"},"content":{"rendered":"\t\t<div data-elementor-type=\"wp-page\" data-elementor-id=\"416142\" class=\"elementor elementor-416142 elementor-416101\" data-elementor-post-type=\"page\">\n\t\t\t\t<div class=\"elementor-element elementor-element-9e4c9ac e-con-full e-flex e-con e-parent\" data-id=\"9e4c9ac\" data-element_type=\"container\" data-e-type=\"container\" data-settings=\"{&quot;background_background&quot;:&quot;classic&quot;}\">\n\t\t\t\t<\/div>\n\t\t\t\t<section class=\"elementor-section elementor-top-section elementor-element elementor-element-10ce9678 elementor-section-full_width elementor-section-height-default elementor-section-height-default\" data-id=\"10ce9678\" data-element_type=\"section\" data-e-type=\"section\">\n\t\t\t\t\t\t<div class=\"elementor-container elementor-column-gap-default\">\n\t\t\t\t\t<div class=\"elementor-column elementor-col-25 elementor-top-column elementor-element elementor-element-7be25744\" data-id=\"7be25744\" data-element_type=\"column\" data-e-type=\"column\">\n\t\t\t<div class=\"elementor-widget-wrap elementor-element-populated\">\n\t\t\t\t\t\t<div class=\"elementor-element elementor-element-21fce7b4 elementor-toc--minimized-on-tablet elementor-widget elementor-widget-table-of-contents\" data-id=\"21fce7b4\" data-element_type=\"widget\" data-e-type=\"widget\" data-settings=\"{&quot;exclude_headings_by_selector&quot;:[],&quot;marker_view&quot;:&quot;bullets&quot;,&quot;headings_by_tags&quot;:[&quot;h2&quot;,&quot;h3&quot;,&quot;h4&quot;,&quot;h5&quot;,&quot;h6&quot;],&quot;icon&quot;:{&quot;value&quot;:&quot;fas fa-circle&quot;,&quot;library&quot;:&quot;fa-solid&quot;,&quot;rendered_tag&quot;:&quot;&lt;svg class=\\&quot;e-font-icon-svg e-fas-circle\\&quot; viewBox=\\&quot;0 0 512 512\\&quot; xmlns=\\&quot;http:\\\/\\\/www.w3.org\\\/2000\\\/svg\\&quot;&gt;&lt;path d=\\&quot;M256 8C119 8 8 119 8 256s111 248 248 248 248-111 248-248S393 8 256 8z\\&quot;&gt;&lt;\\\/path&gt;&lt;\\\/svg&gt;&quot;},&quot;no_headings_message&quot;:&quot;No headings were found on this page.&quot;,&quot;minimize_box&quot;:&quot;yes&quot;,&quot;minimized_on&quot;:&quot;tablet&quot;,&quot;hierarchical_view&quot;:&quot;yes&quot;,&quot;min_height&quot;:{&quot;unit&quot;:&quot;px&quot;,&quot;size&quot;:&quot;&quot;,&quot;sizes&quot;:[]},&quot;min_height_tablet&quot;:{&quot;unit&quot;:&quot;px&quot;,&quot;size&quot;:&quot;&quot;,&quot;sizes&quot;:[]},&quot;min_height_mobile&quot;:{&quot;unit&quot;:&quot;px&quot;,&quot;size&quot;:&quot;&quot;,&quot;sizes&quot;:[]}}\" data-widget_type=\"table-of-contents.default\">\n\t\t\t\t<div class=\"elementor-widget-container\">\n\t\t\t\t\t\t\t\t\t<div class=\"elementor-toc__header\">\n\t\t\t\t\t\t<h4 class=\"elementor-toc__header-title\">\n\t\t\t\tSpis tre\u015bci\t\t\t<\/h4>\n\t\t\t\t\t\t\t\t\t\t<div class=\"elementor-toc__toggle-button elementor-toc__toggle-button--expand\" role=\"button\" tabindex=\"0\" aria-controls=\"elementor-toc__21fce7b4\" aria-expanded=\"true\" aria-label=\"Open table of contents\"><svg aria-hidden=\"true\" class=\"e-font-icon-svg e-fas-chevron-down\" viewBox=\"0 0 448 512\" xmlns=\"http:\/\/www.w3.org\/2000\/svg\"><path d=\"M207.029 381.476L12.686 187.132c-9.373-9.373-9.373-24.569 0-33.941l22.667-22.667c9.357-9.357 24.522-9.375 33.901-.04L224 284.505l154.745-154.021c9.379-9.335 24.544-9.317 33.901.04l22.667 22.667c9.373 9.373 9.373 24.569 0 33.941L240.971 381.476c-9.373 9.372-24.569 9.372-33.942 0z\"><\/path><\/svg><\/div>\n\t\t\t\t<div class=\"elementor-toc__toggle-button elementor-toc__toggle-button--collapse\" role=\"button\" tabindex=\"0\" aria-controls=\"elementor-toc__21fce7b4\" aria-expanded=\"true\" aria-label=\"Close table of contents\"><svg aria-hidden=\"true\" class=\"e-font-icon-svg e-fas-chevron-up\" viewBox=\"0 0 448 512\" xmlns=\"http:\/\/www.w3.org\/2000\/svg\"><path d=\"M240.971 130.524l194.343 194.343c9.373 9.373 9.373 24.569 0 33.941l-22.667 22.667c-9.357 9.357-24.522 9.375-33.901.04L224 227.495 69.255 381.516c-9.379 9.335-24.544 9.317-33.901-.04l-22.667-22.667c-9.373-9.373-9.373-24.569 0-33.941L207.03 130.525c9.372-9.373 24.568-9.373 33.941-.001z\"><\/path><\/svg><\/div>\n\t\t\t\t\t<\/div>\n\t\t\t\t<div id=\"elementor-toc__21fce7b4\" class=\"elementor-toc__body\">\n\t\t\t<div class=\"elementor-toc__spinner-container\">\n\t\t\t\t<svg class=\"elementor-toc__spinner eicon-animation-spin e-font-icon-svg e-eicon-loading\" aria-hidden=\"true\" viewBox=\"0 0 1000 1000\" xmlns=\"http:\/\/www.w3.org\/2000\/svg\"><path d=\"M500 975V858C696 858 858 696 858 500S696 142 500 142 142 304 142 500H25C25 237 238 25 500 25S975 237 975 500 763 975 500 975Z\"><\/path><\/svg>\t\t\t<\/div>\n\t\t<\/div>\n\t\t\t\t\t\t<\/div>\n\t\t\t\t<\/div>\n\t\t\t\t\t<\/div>\n\t\t<\/div>\n\t\t\t\t<div class=\"elementor-column elementor-col-50 elementor-top-column elementor-element elementor-element-741733cc\" data-id=\"741733cc\" data-element_type=\"column\" data-e-type=\"column\">\n\t\t\t<div class=\"elementor-widget-wrap elementor-element-populated\">\n\t\t\t\t\t\t<div class=\"elementor-element elementor-element-9e717b7 elementor-widget elementor-widget-text-editor\" data-id=\"9e717b7\" data-element_type=\"widget\" data-e-type=\"widget\" data-widget_type=\"text-editor.default\">\n\t\t\t\t<div class=\"elementor-widget-container\">\n\t\t\t\t\t\t\t\t\t<h1><strong>Przewodnik po odprawie jacht\u00f3w<\/strong><\/h1>\n<h2 data-sourcepos=\"1:1-1:75\">Odprawa na jachcie: P\u0142ynne wyp\u0142yni\u0119cie w niezapomnian\u0105 przygod\u0119<\/h2>\n<p data-sourcepos=\"3:1-3:184\"><strong>Przygotuj si\u0119 na wymarzone wakacje pod \u017caglami!<\/strong>  Ten kompleksowy przewodnik zapewnia bezproblemowy proces odprawy na czarter jachtu, umo\u017cliwiaj\u0105c rozpocz\u0119cie przygody we w\u0142a\u015bciwy spos\u00f3b.<\/p>\n<h3 data-sourcepos=\"5:1-5:24\"><span style=\"text-decoration: underline;\"><strong>Przed wyruszeniem w rejs:<\/strong><\/span><\/h3>\n<p data-sourcepos=\"7:1-7:37\"><strong>1. Prze\u015blij list\u0119 za\u0142ogi i licencje:<\/strong><\/p>\n<ul data-sourcepos=\"9:1-11:0\">\n<li data-sourcepos=\"9:1-9:143\">Zapewnij sprawn\u0105 odpraw\u0119, wysy\u0142aj\u0105c z wyprzedzeniem <strong>list\u0119 za\u0142ogi<\/strong> i <strong>licencje \u017ceglarskie\/VHF<\/strong>. Tw\u00f3j agent dostarczy niezb\u0119dne formularze.<\/li>\n<li data-sourcepos=\"10:1-11:0\">Co najmniej jeden cz\u0142onek za\u0142ogi musi posiada\u0107 <strong>wa\u017cn\u0105 licencj\u0119 VHF<\/strong> do komunikacji na morzu.<\/li>\n<\/ul>\n<p data-sourcepos=\"12:1-12:31\"><strong>2. Zwi\u0119ksz swoje do\u015bwiadczenie:<\/strong><\/p>\n<ul data-sourcepos=\"14:1-16:0\">\n<li data-sourcepos=\"14:1-14:152\"><strong>Wcze\u015bniejsze zameldowanie:<\/strong> Popro\u015b o <strong>wcze\u015bniejsze zameldowanie<\/strong> o 13:00, je\u015bli masz wczesny lot lub wolisz rozpocz\u0105\u0107 zwiedzanie wcze\u015bniej (standardowe zameldowanie jest o 17:00).<\/li>\n<li data-sourcepos=\"15:1-16:0\"><strong>Dodatkowy sprz\u0119t:<\/strong> Zarezerwuj wcze\u015bniej <strong>dodatkowy sprz\u0119t<\/strong>, taki jak deski SUP, aby unikn\u0105\u0107 op\u00f3\u017anie\u0144.<\/li>\n<\/ul>\n<p data-sourcepos=\"17:1-17:30\"><strong>3. Przybycie do przystani:<\/strong><\/p>\n<ul data-sourcepos=\"19:1-22:0\">\n<li data-sourcepos=\"19:1-19:103\"><strong>Samochodem:<\/strong> Sprawd\u017a, czy na przystani dost\u0119pny jest <strong>parking strze\u017cony<\/strong> lub skorzystaj z innych opcji parkowania.<\/li>\n<li data-sourcepos=\"20:1-20:128\"><strong>Samolotem:<\/strong> Zorganizuj <strong>transfer<\/strong> za po\u015brednictwem swojego agenta lub firmy czarterowej. Z lotniska kursuj\u0105 r\u00f3wnie\u017c taks\u00f3wki i autobusy.<\/li>\n<li data-sourcepos=\"21:1-22:0\"><strong>Zaopatrzenie:<\/strong> Dla wi\u0119kszej wygody mo\u017cna zam\u00f3wi\u0107 artyku\u0142y <strong>spo\u017cywcze online<\/strong> z dostaw\u0105 bezpo\u015brednio na jacht.<\/li>\n<\/ul>\n<h3 data-sourcepos=\"23:1-23:17\"><span style=\"text-decoration: underline;\"><strong>Po przyje\u017adzie:<\/strong><\/span><\/h3>\n<p data-sourcepos=\"25:1-25:35\"><strong>1. Zamelduj si\u0119 w biurze bazy:<\/strong><\/p>\n<ul data-sourcepos=\"27:1-33:0\">\n<li data-sourcepos=\"27:1-33:0\">B\u0105d\u017a punktualny i przynie\u015b swoje rzeczy:\n<ul data-sourcepos=\"28:5-33:0\">\n<li data-sourcepos=\"28:5-28:23\"><strong>Karta pok\u0142adowa<\/strong><\/li>\n<li data-sourcepos=\"29:5-29:28\"><strong>Pe\u0142na lista za\u0142ogi<\/strong><\/li>\n<li data-sourcepos=\"30:5-30:43\"><strong>Oryginalne licencje kapitana i VHF<\/strong><\/li>\n<li data-sourcepos=\"31:5-31:18\"><strong>Identyfikatory za\u0142ogi<\/strong><\/li>\n<li data-sourcepos=\"32:5-33:0\"><strong>Metoda p\u0142atno\u015bci (got\u00f3wka\/karta kredytowa)<\/strong><\/li>\n<\/ul>\n<\/li>\n<\/ul>\n<p data-sourcepos=\"34:1-34:28\"><strong>2. Zadania administracyjne:<\/strong><\/p>\n<ul data-sourcepos=\"36:1-41:0\">\n<li data-sourcepos=\"36:1-41:0\">Nasz personel bazowy b\u0119dzie:\n<ul data-sourcepos=\"37:5-41:0\">\n<li data-sourcepos=\"37:5-37:48\"><strong>Potwierd\u017a informacje o za\u0142odze i licencje.<\/strong><\/li>\n<li data-sourcepos=\"38:5-38:48\"><strong>Obs\u0142uga podatku turystycznego i op\u0142at za sprz\u0119t.<\/strong><\/li>\n<li data-sourcepos=\"39:5-39:61\"><strong>Przetworzy\u0107 depozyt zabezpieczaj\u0105cy<\/strong> (got\u00f3wk\u0105 lub kart\u0105 kredytow\u0105).<\/li>\n<li data-sourcepos=\"40:5-41:0\">Oferowanie <strong>ubezpieczenia depozyt\u00f3w<\/strong> (opcjonalnie).<\/li>\n<\/ul>\n<\/li>\n<\/ul>\n<p data-sourcepos=\"42:1-42:37\"><strong>3. Odprawa \u0142odzi z technikiem:<\/strong><\/p>\n<ul data-sourcepos=\"44:1-51:0\">\n<li data-sourcepos=\"44:1-44:56\">Spotkaj si\u0119 z technikiem na pok\u0142adzie z <strong>dokumentami \u0142odzi<\/strong>.<\/li>\n<li data-sourcepos=\"45:1-45:56\">Upewnij si\u0119, \u017ce <strong>kapitan jest<\/strong> obecny podczas przegl\u0105du.<\/li>\n<li data-sourcepos=\"46:1-49:53\">Technik b\u0119dzie:\n<ul data-sourcepos=\"47:5-49:53\">\n<li data-sourcepos=\"47:5-47:63\">Sprawdzi\u0107 <strong>wyposa\u017cenie nawigacyjne, elektryczne i zabezpieczaj\u0105ce<\/strong>.<\/li>\n<li data-sourcepos=\"48:5-48:58\">Sprawd\u017a <strong>\u017cagle i podstawowe narz\u0119dzia do obs\u0142ugi jachtu<\/strong>.<\/li>\n<li data-sourcepos=\"49:5-49:53\">Odpowiedzie\u0107 na pytania i rozwia\u0107 wszelkie w\u0105tpliwo\u015bci.<\/li>\n<\/ul>\n<\/li>\n<li data-sourcepos=\"50:1-51:0\">Obie strony podpisuj\u0105 <strong>list\u0119 kontroln\u0105<\/strong> po jej wype\u0142nieniu.<\/li>\n<\/ul>\n<h3 data-sourcepos=\"52:1-52:22\"><span style=\"text-decoration: underline;\"><strong>Gotowy do wyp\u0142yni\u0119cia!<\/strong><\/span><\/h3>\n<p data-sourcepos=\"54:1-54:102\">Po uko\u0144czeniu odprawy mo\u017cesz wyruszy\u0107 w <strong>niezapomnian\u0105 przygod\u0119!<\/strong><\/p>\n<p data-sourcepos=\"56:1-56:127\"><strong>Dodatkowa wskaz\u00f3wka<\/strong>: Je\u015bli napotkasz jakiekolwiek problemy przed rejsem, skontaktuj si\u0119 z <strong>numerem pomocy technicznej<\/strong> podanym w dokumentach \u0142odzi.<\/p>\n<p data-sourcepos=\"58:1-58:74\"><strong>Ciesz si\u0119 pomy\u015blnymi wiatrami, spokojnym morzem i prawdziwie magicznym czasem na Adriatyku!<\/strong><\/p>\n\t\t\t\t\t\t\t\t<\/div>\n\t\t\t\t<\/div>\n\t\t\t\t\t<\/div>\n\t\t<\/div>\n\t\t\t\t<div class=\"elementor-column elementor-col-25 elementor-top-column elementor-element elementor-element-2536a580\" data-id=\"2536a580\" data-element_type=\"column\" data-e-type=\"column\">\n\t\t\t<div class=\"elementor-widget-wrap elementor-element-populated\">\n\t\t\t\t\t\t<div class=\"elementor-element elementor-element-458c2026 elementor-widget elementor-widget-template\" data-id=\"458c2026\" data-element_type=\"widget\" data-e-type=\"widget\" data-widget_type=\"template.default\">\n\t\t\t\t<div class=\"elementor-widget-container\">\n\t\t\t\t\t\t\t<div class=\"elementor-template\">\n\t\t\t\t\t<div data-elementor-type=\"section\" data-elementor-id=\"77217\" class=\"elementor elementor-77217 elementor-76339\" data-elementor-post-type=\"elementor_library\">\n\t\t\t\t\t<section class=\"elementor-section elementor-inner-section elementor-element elementor-element-457e679b elementor-section-full_width elementor-section-height-min-height elementor-section-content-middle elementor-section-height-default\" data-id=\"457e679b\" data-element_type=\"section\" data-e-type=\"section\" data-settings=\"{&quot;background_background&quot;:&quot;classic&quot;}\">\n\t\t\t\t\t\t\t<div class=\"elementor-background-overlay\"><\/div>\n\t\t\t\t\t\t\t<div class=\"elementor-container elementor-column-gap-default\">\n\t\t\t\t\t<div class=\"elementor-column elementor-col-100 elementor-inner-column elementor-element elementor-element-33d83c77\" data-id=\"33d83c77\" data-element_type=\"column\" data-e-type=\"column\">\n\t\t\t<div class=\"elementor-widget-wrap elementor-element-populated\">\n\t\t\t\t\t\t<div class=\"elementor-element elementor-element-26c46f13 elementor-widget elementor-widget-text-editor\" data-id=\"26c46f13\" data-element_type=\"widget\" data-e-type=\"widget\" data-widget_type=\"text-editor.default\">\n\t\t\t\t<div class=\"elementor-widget-container\">\n\t\t\t\t\t\t\t\t\t<p style=\"text-align: center;\">Szukasz \u0142odzi?<\/p>\n\t\t\t\t\t\t\t\t<\/div>\n\t\t\t\t<\/div>\n\t\t\t\t<div class=\"elementor-element elementor-element-7116d3fc elementor-align-center elementor-widget elementor-widget-button\" data-id=\"7116d3fc\" data-element_type=\"widget\" data-e-type=\"widget\" data-widget_type=\"button.default\">\n\t\t\t\t<div class=\"elementor-widget-container\">\n\t\t\t\t\t\t\t\t\t<div class=\"elementor-button-wrapper\">\n\t\t\t\t\t<a class=\"elementor-button elementor-button-link elementor-size-md\" href=\"https:\/\/skippercity.com\/pl\/uzyskaj-wycene-czarter-jachtow-chorwacja-2\/\" target=\"_blank\">\n\t\t\t\t\t\t<span class=\"elementor-button-content-wrapper\">\n\t\t\t\t\t\t\t\t\t<span class=\"elementor-button-text\">UZYSKAJ BEZP\u0141ATN\u0104 WYCEN\u0118<\/span>\n\t\t\t\t\t<\/span>\n\t\t\t\t\t<\/a>\n\t\t\t\t<\/div>\n\t\t\t\t\t\t\t\t<\/div>\n\t\t\t\t<\/div>\n\t\t\t\t\t<\/div>\n\t\t<\/div>\n\t\t\t\t\t<\/div>\n\t\t<\/section>\n\t\t\t\t<\/div>\n\t\t\t\t<\/div>\n\t\t\t\t\t\t<\/div>\n\t\t\t\t<\/div>\n\t\t\t\t\t<\/div>\n\t\t<\/div>\n\t\t\t\t\t<\/div>\n\t\t<\/section>\n\t\t\t\t<\/div>\n\t\t","protected":false},"excerpt":{"rendered":"<p>Spis tre\u015bci Przewodnik po odprawie jacht\u00f3w Odprawa na jachcie: P\u0142ynne wyp\u0142yni\u0119cie w niezapomnian\u0105 przygod\u0119 Przygotuj si\u0119 na wymarzone wakacje pod \u017caglami! Ten kompleksowy przewodnik zapewnia bezproblemowy proces odprawy na czarter jachtu, umo\u017cliwiaj\u0105c rozpocz\u0119cie przygody we w\u0142a\u015bciwy spos\u00f3b. Przed wyruszeniem w rejs: 1. Prze\u015blij list\u0119 za\u0142ogi i licencje: Zapewnij sprawn\u0105 odpraw\u0119, wysy\u0142aj\u0105c z wyprzedzeniem list\u0119 za\u0142ogi [&hellip;]<\/p>\n","protected":false},"author":2,"featured_media":408270,"parent":0,"menu_order":0,"comment_status":"closed","ping_status":"closed","template":"","meta":{"footnotes":""},"class_list":["post-416142","page","type-page","status-publish","has-post-thumbnail","hentry"],"_links":{"self":[{"href":"https:\/\/skippercity.com\/pl\/wp-json\/wp\/v2\/pages\/416142","targetHints":{"allow":["GET"]}}],"collection":[{"href":"https:\/\/skippercity.com\/pl\/wp-json\/wp\/v2\/pages"}],"about":[{"href":"https:\/\/skippercity.com\/pl\/wp-json\/wp\/v2\/types\/page"}],"author":[{"embeddable":true,"href":"https:\/\/skippercity.com\/pl\/wp-json\/wp\/v2\/users\/2"}],"replies":[{"embeddable":true,"href":"https:\/\/skippercity.com\/pl\/wp-json\/wp\/v2\/comments?post=416142"}],"version-history":[{"count":0,"href":"https:\/\/skippercity.com\/pl\/wp-json\/wp\/v2\/pages\/416142\/revisions"}],"wp:featuredmedia":[{"embeddable":true,"href":"https:\/\/skippercity.com\/pl\/wp-json\/wp\/v2\/media\/408270"}],"wp:attachment":[{"href":"https:\/\/skippercity.com\/pl\/wp-json\/wp\/v2\/media?parent=416142"}],"curies":[{"name":"wp","href":"https:\/\/api.w.org\/{rel}","templated":true}]}}