{"id":416337,"date":"2024-03-02T09:54:36","date_gmt":"2024-03-02T09:54:36","guid":{"rendered":"https:\/\/www.skippercity.com\/zegluj-po-zapierajacym-dech-w-piersiach-wybrzezu-chorwacji-czartery-jachtow-z-skippercity-com\/"},"modified":"2024-03-02T10:38:55","modified_gmt":"2024-03-02T10:38:55","slug":"zegluj-po-zapierajacym-dech-w-piersiach-wybrzezu-chorwacji-czartery-jachtow-z-skippercity-com","status":"publish","type":"page","link":"https:\/\/skippercity.com\/pl\/zegluj-po-zapierajacym-dech-w-piersiach-wybrzezu-chorwacji-czartery-jachtow-z-skippercity-com\/","title":{"rendered":"\u017begluj po zapieraj\u0105cym dech w piersiach wybrze\u017cu Chorwacji: Czartery jacht\u00f3w z SkipperCity.com"},"content":{"rendered":"\t\t<div data-elementor-type=\"wp-page\" data-elementor-id=\"416337\" class=\"elementor elementor-416337 elementor-416326\" data-elementor-post-type=\"page\">\n\t\t\t\t<div class=\"elementor-element elementor-element-7221df9 e-con-full e-flex e-con e-parent\" data-id=\"7221df9\" data-element_type=\"container\" data-e-type=\"container\" data-settings=\"{&quot;background_background&quot;:&quot;classic&quot;}\">\n\t\t\t\t<\/div>\n\t\t\t\t<section class=\"elementor-section elementor-top-section elementor-element elementor-element-16f0dcfb elementor-section-full_width elementor-section-height-default elementor-section-height-default\" data-id=\"16f0dcfb\" data-element_type=\"section\" data-e-type=\"section\">\n\t\t\t\t\t\t<div class=\"elementor-container elementor-column-gap-default\">\n\t\t\t\t\t<div class=\"elementor-column elementor-col-25 elementor-top-column elementor-element elementor-element-14ec4fad\" data-id=\"14ec4fad\" data-element_type=\"column\" data-e-type=\"column\">\n\t\t\t<div class=\"elementor-widget-wrap elementor-element-populated\">\n\t\t\t\t\t\t<div class=\"elementor-element elementor-element-168931b8 elementor-toc--minimized-on-tablet elementor-widget elementor-widget-table-of-contents\" data-id=\"168931b8\" data-element_type=\"widget\" data-e-type=\"widget\" data-settings=\"{&quot;exclude_headings_by_selector&quot;:[],&quot;marker_view&quot;:&quot;bullets&quot;,&quot;headings_by_tags&quot;:[&quot;h2&quot;,&quot;h3&quot;,&quot;h4&quot;,&quot;h5&quot;,&quot;h6&quot;],&quot;icon&quot;:{&quot;value&quot;:&quot;fas fa-circle&quot;,&quot;library&quot;:&quot;fa-solid&quot;,&quot;rendered_tag&quot;:&quot;&lt;svg class=\\&quot;e-font-icon-svg e-fas-circle\\&quot; viewBox=\\&quot;0 0 512 512\\&quot; xmlns=\\&quot;http:\\\/\\\/www.w3.org\\\/2000\\\/svg\\&quot;&gt;&lt;path d=\\&quot;M256 8C119 8 8 119 8 256s111 248 248 248 248-111 248-248S393 8 256 8z\\&quot;&gt;&lt;\\\/path&gt;&lt;\\\/svg&gt;&quot;},&quot;no_headings_message&quot;:&quot;No headings were found on this page.&quot;,&quot;minimize_box&quot;:&quot;yes&quot;,&quot;minimized_on&quot;:&quot;tablet&quot;,&quot;hierarchical_view&quot;:&quot;yes&quot;,&quot;min_height&quot;:{&quot;unit&quot;:&quot;px&quot;,&quot;size&quot;:&quot;&quot;,&quot;sizes&quot;:[]},&quot;min_height_tablet&quot;:{&quot;unit&quot;:&quot;px&quot;,&quot;size&quot;:&quot;&quot;,&quot;sizes&quot;:[]},&quot;min_height_mobile&quot;:{&quot;unit&quot;:&quot;px&quot;,&quot;size&quot;:&quot;&quot;,&quot;sizes&quot;:[]}}\" data-widget_type=\"table-of-contents.default\">\n\t\t\t\t<div class=\"elementor-widget-container\">\n\t\t\t\t\t\t\t\t\t<div class=\"elementor-toc__header\">\n\t\t\t\t\t\t<h4 class=\"elementor-toc__header-title\">\n\t\t\t\tSpis tre\u015bci\t\t\t<\/h4>\n\t\t\t\t\t\t\t\t\t\t<div class=\"elementor-toc__toggle-button elementor-toc__toggle-button--expand\" role=\"button\" tabindex=\"0\" aria-controls=\"elementor-toc__168931b8\" aria-expanded=\"true\" aria-label=\"Open table of contents\"><svg aria-hidden=\"true\" class=\"e-font-icon-svg e-fas-chevron-down\" viewBox=\"0 0 448 512\" xmlns=\"http:\/\/www.w3.org\/2000\/svg\"><path d=\"M207.029 381.476L12.686 187.132c-9.373-9.373-9.373-24.569 0-33.941l22.667-22.667c9.357-9.357 24.522-9.375 33.901-.04L224 284.505l154.745-154.021c9.379-9.335 24.544-9.317 33.901.04l22.667 22.667c9.373 9.373 9.373 24.569 0 33.941L240.971 381.476c-9.373 9.372-24.569 9.372-33.942 0z\"><\/path><\/svg><\/div>\n\t\t\t\t<div class=\"elementor-toc__toggle-button elementor-toc__toggle-button--collapse\" role=\"button\" tabindex=\"0\" aria-controls=\"elementor-toc__168931b8\" aria-expanded=\"true\" aria-label=\"Close table of contents\"><svg aria-hidden=\"true\" class=\"e-font-icon-svg e-fas-chevron-up\" viewBox=\"0 0 448 512\" xmlns=\"http:\/\/www.w3.org\/2000\/svg\"><path d=\"M240.971 130.524l194.343 194.343c9.373 9.373 9.373 24.569 0 33.941l-22.667 22.667c-9.357 9.357-24.522 9.375-33.901.04L224 227.495 69.255 381.516c-9.379 9.335-24.544 9.317-33.901-.04l-22.667-22.667c-9.373-9.373-9.373-24.569 0-33.941L207.03 130.525c9.372-9.373 24.568-9.373 33.941-.001z\"><\/path><\/svg><\/div>\n\t\t\t\t\t<\/div>\n\t\t\t\t<div id=\"elementor-toc__168931b8\" class=\"elementor-toc__body\">\n\t\t\t<div class=\"elementor-toc__spinner-container\">\n\t\t\t\t<svg class=\"elementor-toc__spinner eicon-animation-spin e-font-icon-svg e-eicon-loading\" aria-hidden=\"true\" viewBox=\"0 0 1000 1000\" xmlns=\"http:\/\/www.w3.org\/2000\/svg\"><path d=\"M500 975V858C696 858 858 696 858 500S696 142 500 142 142 304 142 500H25C25 237 238 25 500 25S975 237 975 500 763 975 500 975Z\"><\/path><\/svg>\t\t\t<\/div>\n\t\t<\/div>\n\t\t\t\t\t\t<\/div>\n\t\t\t\t<\/div>\n\t\t\t\t\t<\/div>\n\t\t<\/div>\n\t\t\t\t<div class=\"elementor-column elementor-col-50 elementor-top-column elementor-element elementor-element-56a65c9e\" data-id=\"56a65c9e\" data-element_type=\"column\" data-e-type=\"column\">\n\t\t\t<div class=\"elementor-widget-wrap elementor-element-populated\">\n\t\t\t\t\t\t<div class=\"elementor-element elementor-element-11821385 elementor-widget elementor-widget-text-editor\" data-id=\"11821385\" data-element_type=\"widget\" data-e-type=\"widget\" data-widget_type=\"text-editor.default\">\n\t\t\t\t<div class=\"elementor-widget-container\">\n\t\t\t\t\t\t\t\t\t<div class=\"markdown markdown-main-panel ui-v2-enabled\" dir=\"ltr\">\n<h1 data-sourcepos=\"1:1-1:80\">\u017begluj po zapieraj\u0105cym dech w piersiach wybrze\u017cu Chorwacji: Czartery jacht\u00f3w z SkipperCity.com<\/h1>\n<h2 data-sourcepos=\"3:1-3:45\"><strong>Niezapomniane wakacje pod \u017caglami w Chorwacji<\/strong><\/h2>\n<p data-sourcepos=\"5:1-5:278\">Chorwacja, ze swoimi turkusowymi wodami, malowniczymi wyspami i urokliwymi nadmorskimi miasteczkami, jest wymarzonym miejscem dla mi\u0142o\u015bnik\u00f3w \u017ceglarstwa. Niezale\u017cnie od tego, czy jeste\u015b do\u015bwiadczonym \u017ceglarzem szukaj\u0105cym przyg\u00f3d, czy rodzin\u0105 pragn\u0105c\u0105 relaksuj\u0105cego wypadu, SkipperCity.com mo\u017ce zmieni\u0107 twoje marzenie w rzeczywisto\u015b\u0107.<\/p>\n<h2 data-sourcepos=\"7:1-7:63\"><strong>Poznaj dost\u0119pne opcje: Katamarany, \u017cagl\u00f3wki i motor\u00f3wki<\/strong><\/h2>\n<p data-sourcepos=\"9:1-9:221\">Na SkipperCity.com jeste\u015bmy Twoim punktem kompleksowej obs\u0142ugi <strong>czarter\u00f3w jacht\u00f3w w Chorwacji<\/strong>. Z <strong>ponad 13 000 jacht\u00f3w<\/strong> w naszej rozleg\u0142ej flocie, oferujemy szerok\u0105 gam\u0119 opcji, aby zaspokoi\u0107 wszystkie preferencje i poziomy do\u015bwiadczenia \u017ceglarskiego:<\/p>\n<ul data-sourcepos=\"11:1-14:0\">\n<li data-sourcepos=\"11:1-11:353\"><strong>Czartery katamaran\u00f3w:<\/strong> <strong>Do\u015bwiadcz niezr\u00f3wnanej stabilno\u015bci i komfortu<\/strong> na pok\u0142adzie luksusowego katamaranu, idealnego dla rodzin i grup poszukuj\u0105cych przestronnych i relaksuj\u0105cych wra\u017ce\u0144. Odwied\u017a nasz\u0105 stron\u0119 <a class=\"traceable-link\" href=\"https:\/\/skippercity.com\/pl\/katamaran-czarter-chorwacja\/\" target=\"_blank\" rel=\"noopener noreferrer\">https:\/\/skippercity.com\/catamaran-charter-croatia\/<\/a>, aby dowiedzie\u0107 si\u0119 wi\u0119cej.<\/li>\n<li data-sourcepos=\"12:1-12:370\"><strong>Czartery \u017cagl\u00f3wek:<\/strong> <strong>Poczuj klasyczny urok i dreszczyk<\/strong> emocji na klasycznej \u017cagl\u00f3wce, idealnej do odkrywania ukrytych zatoczek i do\u015bwiadczania rado\u015bci z \u017ceglowania po Morzu Adriatyckim. Dowiedz si\u0119 wi\u0119cej o czarterze \u017cagl\u00f3wek w Chorwacji: <a class=\"traceable-link\" href=\"https:\/\/skippercity.com\/pl\/czarter-zaglowek-chorwacja\/\" target=\"_blank\" rel=\"noopener noreferrer\">https:\/\/skippercity.com\/sailboat-charter-croatia\/<\/a> opcje na naszej stronie internetowej.<\/li>\n<li data-sourcepos=\"13:1-14:0\"><strong>Czartery \u0142odzi motorowych:<\/strong> <strong>Odkryj wybrze\u017ce we w\u0142asnym tempie<\/strong> dzi\u0119ki naszym ekscytuj\u0105cym czarterom \u0142odzi motorowych, idealnym dla os\u00f3b poszukuj\u0105cych szybszego tempa i mo\u017cliwo\u015bci pokonania wi\u0119kszej ilo\u015bci terenu. Szczeg\u00f3\u0142owe informacje mo\u017cna znale\u017a\u0107 na naszej stronie <a class=\"traceable-link\" href=\"https:\/\/skippercity.com\/pl\/czarter-motorowek-chorwacja\/\" target=\"_blank\" rel=\"noopener noreferrer\">https:\/\/skippercity.com\/motorboat-charter-croatia\/<\/a> po\u015bwi\u0119conej czarterowi \u0142odzi motorowych w Chorwacji.<\/li>\n<\/ul>\n<h2 data-sourcepos=\"15:1-15:41\"><strong>Do\u015bwiadczenia dostosowane do potrzeb ka\u017cdego \u017ceglarza<\/strong><\/h2>\n<p data-sourcepos=\"17:1-17:153\">Rozumiemy, \u017ce ka\u017cdy \u017ceglarz ma wyj\u0105tkowe potrzeby. Wybierz jedn\u0105 z trzech r\u00f3\u017cnych opcji czarteru, aby Twoja chorwacka przygoda \u017ceglarska by\u0142a naprawd\u0119 niezapomniana:<\/p>\n<ul data-sourcepos=\"19:1-22:0\">\n<li data-sourcepos=\"19:1-19:249\"><strong>Czartery bez za\u0142ogi:<\/strong> <strong>Wyrusz na niezale\u017cn\u0105 przygod\u0119<\/strong> (tylko do\u015bwiadczeni \u017ceglarze z wa\u017cnymi licencjami) i stw\u00f3rz w\u0142asny plan podr\u00f3\u017cy. Dowiedz si\u0119 wi\u0119cej o wymaganiach i korzy\u015bciach na naszej stronie Bareboat Charter Croatia: [invalid URL removed].<\/li>\n<li data-sourcepos=\"20:1-20:363\"><strong>Czartery ze skipperem:<\/strong> <strong>Zrelaksuj si\u0119 i ciesz si\u0119 sceneri\u0105<\/strong>, podczas gdy profesjonalny skipper zajmuje si\u0119 nawigacj\u0105, pozwalaj\u0105c Ci w pe\u0142ni skupi\u0107 si\u0119 na ch\u0142oni\u0119ciu pi\u0119kna Chorwacji. Dowiedz si\u0119 wi\u0119cej o naszych us\u0142ugach czarteru jacht\u00f3w z za\u0142og\u0105 w Chorwacji: <a class=\"traceable-link\" href=\"https:\/\/skippercity.com\/pl\/skippered-yacht-charter-chorwacja\/\" target=\"_blank\" rel=\"noopener noreferrer\">https:\/\/skippercity.com\/skippered-yacht-charter-croatia\/<\/a>.<\/li>\n<li data-sourcepos=\"21:1-22:0\"><strong>Czartery z za\u0142og\u0105:<\/strong> <strong>Zanurz si\u0119 w najwy\u017cszym luksusie<\/strong> z kapitanem i pe\u0142n\u0105 za\u0142og\u0105 jachtu, oferuj\u0105c spersonalizowan\u0105 obs\u0142ug\u0119 i zaspokajaj\u0105c ka\u017cd\u0105 potrzeb\u0119. Poznaj mo\u017cliwo\u015bci czarteru jacht\u00f3w z za\u0142og\u0105 w Chorwacji: <a class=\"traceable-link\" href=\"https:\/\/skippercity.com\/pl\/czarter-jachtow-zalogowych-chorwacja\/\" target=\"_blank\" rel=\"noopener noreferrer\">https:\/\/skippercity.com\/crewed-yacht-charter-croatia\/<\/a> na naszej stronie internetowej.<\/li>\n<\/ul>\n<h2 data-sourcepos=\"23:1-23:37\"><strong>Poznaj r\u00f3\u017cnorodne regiony Chorwacji<\/strong><\/h2>\n<p data-sourcepos=\"25:1-25:204\">Wyrusz na przygod\u0119 z r\u00f3\u017cnych miejsc w Chorwacji, w tym ze Splitu, Dubrownika, Zadaru, Szybenika i Trogiru. Ka\u017cdy region szczyci si\u0119 unikalnymi nadmorskimi krajobrazami i ukrytymi klejnotami czekaj\u0105cymi na odkrycie.<\/p>\n<h2 data-sourcepos=\"27:1-27:44\"><strong>Bezproblemowa rezerwacja i porady ekspert\u00f3w:<\/strong><\/h2>\n<p data-sourcepos=\"29:1-29:180\">Nasz do\u015bwiadczony zesp\u00f3\u0142 jest tutaj, aby poprowadzi\u0107 Ci\u0119 na ka\u017cdym kroku. Oferujemy spersonalizowane rekomendacje, fachowe porady dotycz\u0105ce wyboru idealnego jachtu oraz bezproblemowy proces rezerwacji.<\/p>\n<h2 data-sourcepos=\"31:1-31:36\"><strong>Zacznij planowa\u0107 swoje marzenia ju\u017c dzi\u015b:<\/strong><\/h2>\n<p data-sourcepos=\"33:1-33:189\">Skontaktuj si\u0119 ze SkipperCity.com ju\u017c dzi\u015b, aby uzyska\u0107 bezp\u0142atn\u0105 wycen\u0119 i rozpocz\u0105\u0107 planowanie niezapomnianego <strong>wynajmu \u017cagl\u00f3wki<\/strong> w Chorwacji, <strong>czarteru katamaranu w Chorwacji<\/strong> lub <strong>czarteru motor\u00f3wki w Chorwacji<\/strong>!<\/p>\n<\/div>\n\t\t\t\t\t\t\t\t<\/div>\n\t\t\t\t<\/div>\n\t\t\t\t\t<\/div>\n\t\t<\/div>\n\t\t\t\t<div class=\"elementor-column elementor-col-25 elementor-top-column elementor-element elementor-element-50e30ed\" data-id=\"50e30ed\" data-element_type=\"column\" data-e-type=\"column\">\n\t\t\t<div class=\"elementor-widget-wrap elementor-element-populated\">\n\t\t\t\t\t\t<div class=\"elementor-element elementor-element-1809f061 elementor-widget elementor-widget-template\" data-id=\"1809f061\" data-element_type=\"widget\" data-e-type=\"widget\" data-widget_type=\"template.default\">\n\t\t\t\t<div class=\"elementor-widget-container\">\n\t\t\t\t\t\t\t<div class=\"elementor-template\">\n\t\t\t\t\t<div data-elementor-type=\"section\" data-elementor-id=\"77217\" class=\"elementor elementor-77217 elementor-76339\" data-elementor-post-type=\"elementor_library\">\n\t\t\t\t\t<section class=\"elementor-section elementor-inner-section elementor-element elementor-element-457e679b elementor-section-full_width elementor-section-height-min-height elementor-section-content-middle elementor-section-height-default\" data-id=\"457e679b\" data-element_type=\"section\" data-e-type=\"section\" data-settings=\"{&quot;background_background&quot;:&quot;classic&quot;}\">\n\t\t\t\t\t\t\t<div class=\"elementor-background-overlay\"><\/div>\n\t\t\t\t\t\t\t<div class=\"elementor-container elementor-column-gap-default\">\n\t\t\t\t\t<div class=\"elementor-column elementor-col-100 elementor-inner-column elementor-element elementor-element-33d83c77\" data-id=\"33d83c77\" data-element_type=\"column\" data-e-type=\"column\">\n\t\t\t<div class=\"elementor-widget-wrap elementor-element-populated\">\n\t\t\t\t\t\t<div class=\"elementor-element elementor-element-26c46f13 elementor-widget elementor-widget-text-editor\" data-id=\"26c46f13\" data-element_type=\"widget\" data-e-type=\"widget\" data-widget_type=\"text-editor.default\">\n\t\t\t\t<div class=\"elementor-widget-container\">\n\t\t\t\t\t\t\t\t\t<p style=\"text-align: center;\">Szukasz \u0142odzi?<\/p>\n\t\t\t\t\t\t\t\t<\/div>\n\t\t\t\t<\/div>\n\t\t\t\t<div class=\"elementor-element elementor-element-7116d3fc elementor-align-center elementor-widget elementor-widget-button\" data-id=\"7116d3fc\" data-element_type=\"widget\" data-e-type=\"widget\" data-widget_type=\"button.default\">\n\t\t\t\t<div class=\"elementor-widget-container\">\n\t\t\t\t\t\t\t\t\t<div class=\"elementor-button-wrapper\">\n\t\t\t\t\t<a class=\"elementor-button elementor-button-link elementor-size-md\" href=\"https:\/\/skippercity.com\/pl\/uzyskaj-wycene-czarter-jachtow-chorwacja-2\/\" target=\"_blank\">\n\t\t\t\t\t\t<span class=\"elementor-button-content-wrapper\">\n\t\t\t\t\t\t\t\t\t<span class=\"elementor-button-text\">UZYSKAJ BEZP\u0141ATN\u0104 WYCEN\u0118<\/span>\n\t\t\t\t\t<\/span>\n\t\t\t\t\t<\/a>\n\t\t\t\t<\/div>\n\t\t\t\t\t\t\t\t<\/div>\n\t\t\t\t<\/div>\n\t\t\t\t\t<\/div>\n\t\t<\/div>\n\t\t\t\t\t<\/div>\n\t\t<\/section>\n\t\t\t\t<\/div>\n\t\t\t\t<\/div>\n\t\t\t\t\t\t<\/div>\n\t\t\t\t<\/div>\n\t\t\t\t\t<\/div>\n\t\t<\/div>\n\t\t\t\t\t<\/div>\n\t\t<\/section>\n\t\t\t\t<\/div>\n\t\t","protected":false},"excerpt":{"rendered":"<p>Spis tre\u015bci \u017begluj po zapieraj\u0105cym dech w piersiach wybrze\u017cu Chorwacji: Czartery jacht\u00f3w z SkipperCity.com Niezapomniane wakacje pod \u017caglami w Chorwacji Chorwacja, ze swoimi turkusowymi wodami, malowniczymi wyspami i urokliwymi nadmorskimi miasteczkami, jest wymarzonym miejscem dla mi\u0142o\u015bnik\u00f3w \u017ceglarstwa. Niezale\u017cnie od tego, czy jeste\u015b do\u015bwiadczonym \u017ceglarzem szukaj\u0105cym przyg\u00f3d, czy rodzin\u0105 pragn\u0105c\u0105 relaksuj\u0105cego wypadu, SkipperCity.com mo\u017ce zmieni\u0107 twoje [&hellip;]<\/p>\n","protected":false},"author":2,"featured_media":408270,"parent":0,"menu_order":0,"comment_status":"closed","ping_status":"closed","template":"","meta":{"footnotes":""},"class_list":["post-416337","page","type-page","status-publish","has-post-thumbnail","hentry"],"_links":{"self":[{"href":"https:\/\/skippercity.com\/pl\/wp-json\/wp\/v2\/pages\/416337","targetHints":{"allow":["GET"]}}],"collection":[{"href":"https:\/\/skippercity.com\/pl\/wp-json\/wp\/v2\/pages"}],"about":[{"href":"https:\/\/skippercity.com\/pl\/wp-json\/wp\/v2\/types\/page"}],"author":[{"embeddable":true,"href":"https:\/\/skippercity.com\/pl\/wp-json\/wp\/v2\/users\/2"}],"replies":[{"embeddable":true,"href":"https:\/\/skippercity.com\/pl\/wp-json\/wp\/v2\/comments?post=416337"}],"version-history":[{"count":0,"href":"https:\/\/skippercity.com\/pl\/wp-json\/wp\/v2\/pages\/416337\/revisions"}],"wp:featuredmedia":[{"embeddable":true,"href":"https:\/\/skippercity.com\/pl\/wp-json\/wp\/v2\/media\/408270"}],"wp:attachment":[{"href":"https:\/\/skippercity.com\/pl\/wp-json\/wp\/v2\/media?parent=416337"}],"curies":[{"name":"wp","href":"https:\/\/api.w.org\/{rel}","templated":true}]}}