{"id":51967,"date":"2017-11-15T23:12:15","date_gmt":"2017-11-15T23:12:15","guid":{"rendered":"https:\/\/www.skippercity.com\/zeglarstwo-w-chorwacji-jest-zabawa-zainspiruj-sie\/"},"modified":"2024-02-29T15:13:20","modified_gmt":"2024-02-29T15:13:20","slug":"zeglarstwo-w-chorwacji-jest-zabawa-zainspiruj-sie","status":"publish","type":"page","link":"https:\/\/skippercity.com\/pl\/zeglarstwo-w-chorwacji-jest-zabawa-zainspiruj-sie\/","title":{"rendered":"\u017beglarstwo w Chorwacji jest zabawa; Zainspiruj si\u0119"},"content":{"rendered":"\t\t<div data-elementor-type=\"wp-page\" data-elementor-id=\"51967\" class=\"elementor elementor-51967 elementor-1583\" data-elementor-post-type=\"page\">\n\t\t\t\t<div class=\"elementor-element elementor-element-73e7b46 e-con-full e-flex e-con e-parent\" data-id=\"73e7b46\" data-element_type=\"container\" data-e-type=\"container\" data-settings=\"{&quot;background_background&quot;:&quot;classic&quot;}\">\n\t\t\t\t<\/div>\n\t\t\t\t<section class=\"elementor-section elementor-top-section elementor-element elementor-element-c4c2e00 elementor-section-full_width elementor-section-height-default elementor-section-height-default\" data-id=\"c4c2e00\" data-element_type=\"section\" data-e-type=\"section\">\n\t\t\t\t\t\t<div class=\"elementor-container elementor-column-gap-default\">\n\t\t\t\t\t<div class=\"elementor-column elementor-col-25 elementor-top-column elementor-element elementor-element-4544b0c1\" data-id=\"4544b0c1\" data-element_type=\"column\" data-e-type=\"column\">\n\t\t\t<div class=\"elementor-widget-wrap elementor-element-populated\">\n\t\t\t\t\t\t<div class=\"elementor-element elementor-element-71d12fdb elementor-toc--minimized-on-tablet elementor-widget elementor-widget-table-of-contents\" data-id=\"71d12fdb\" data-element_type=\"widget\" data-e-type=\"widget\" data-settings=\"{&quot;exclude_headings_by_selector&quot;:[],&quot;marker_view&quot;:&quot;bullets&quot;,&quot;headings_by_tags&quot;:[&quot;h2&quot;,&quot;h3&quot;,&quot;h4&quot;,&quot;h5&quot;,&quot;h6&quot;],&quot;icon&quot;:{&quot;value&quot;:&quot;fas fa-circle&quot;,&quot;library&quot;:&quot;fa-solid&quot;,&quot;rendered_tag&quot;:&quot;&lt;svg class=\\&quot;e-font-icon-svg e-fas-circle\\&quot; viewBox=\\&quot;0 0 512 512\\&quot; xmlns=\\&quot;http:\\\/\\\/www.w3.org\\\/2000\\\/svg\\&quot;&gt;&lt;path d=\\&quot;M256 8C119 8 8 119 8 256s111 248 248 248 248-111 248-248S393 8 256 8z\\&quot;&gt;&lt;\\\/path&gt;&lt;\\\/svg&gt;&quot;},&quot;no_headings_message&quot;:&quot;No headings were found on this page.&quot;,&quot;minimize_box&quot;:&quot;yes&quot;,&quot;minimized_on&quot;:&quot;tablet&quot;,&quot;hierarchical_view&quot;:&quot;yes&quot;,&quot;min_height&quot;:{&quot;unit&quot;:&quot;px&quot;,&quot;size&quot;:&quot;&quot;,&quot;sizes&quot;:[]},&quot;min_height_tablet&quot;:{&quot;unit&quot;:&quot;px&quot;,&quot;size&quot;:&quot;&quot;,&quot;sizes&quot;:[]},&quot;min_height_mobile&quot;:{&quot;unit&quot;:&quot;px&quot;,&quot;size&quot;:&quot;&quot;,&quot;sizes&quot;:[]}}\" data-widget_type=\"table-of-contents.default\">\n\t\t\t\t<div class=\"elementor-widget-container\">\n\t\t\t\t\t\t\t\t\t<div class=\"elementor-toc__header\">\n\t\t\t\t\t\t<h4 class=\"elementor-toc__header-title\">\n\t\t\t\tSpis tre\u015bci\t\t\t<\/h4>\n\t\t\t\t\t\t\t\t\t\t<div class=\"elementor-toc__toggle-button elementor-toc__toggle-button--expand\" role=\"button\" tabindex=\"0\" aria-controls=\"elementor-toc__71d12fdb\" aria-expanded=\"true\" aria-label=\"Open table of contents\"><svg aria-hidden=\"true\" class=\"e-font-icon-svg e-fas-chevron-down\" viewBox=\"0 0 448 512\" xmlns=\"http:\/\/www.w3.org\/2000\/svg\"><path d=\"M207.029 381.476L12.686 187.132c-9.373-9.373-9.373-24.569 0-33.941l22.667-22.667c9.357-9.357 24.522-9.375 33.901-.04L224 284.505l154.745-154.021c9.379-9.335 24.544-9.317 33.901.04l22.667 22.667c9.373 9.373 9.373 24.569 0 33.941L240.971 381.476c-9.373 9.372-24.569 9.372-33.942 0z\"><\/path><\/svg><\/div>\n\t\t\t\t<div class=\"elementor-toc__toggle-button elementor-toc__toggle-button--collapse\" role=\"button\" tabindex=\"0\" aria-controls=\"elementor-toc__71d12fdb\" aria-expanded=\"true\" aria-label=\"Close table of contents\"><svg aria-hidden=\"true\" class=\"e-font-icon-svg e-fas-chevron-up\" viewBox=\"0 0 448 512\" xmlns=\"http:\/\/www.w3.org\/2000\/svg\"><path d=\"M240.971 130.524l194.343 194.343c9.373 9.373 9.373 24.569 0 33.941l-22.667 22.667c-9.357 9.357-24.522 9.375-33.901.04L224 227.495 69.255 381.516c-9.379 9.335-24.544 9.317-33.901-.04l-22.667-22.667c-9.373-9.373-9.373-24.569 0-33.941L207.03 130.525c9.372-9.373 24.568-9.373 33.941-.001z\"><\/path><\/svg><\/div>\n\t\t\t\t\t<\/div>\n\t\t\t\t<div id=\"elementor-toc__71d12fdb\" class=\"elementor-toc__body\">\n\t\t\t<div class=\"elementor-toc__spinner-container\">\n\t\t\t\t<svg class=\"elementor-toc__spinner eicon-animation-spin e-font-icon-svg e-eicon-loading\" aria-hidden=\"true\" viewBox=\"0 0 1000 1000\" xmlns=\"http:\/\/www.w3.org\/2000\/svg\"><path d=\"M500 975V858C696 858 858 696 858 500S696 142 500 142 142 304 142 500H25C25 237 238 25 500 25S975 237 975 500 763 975 500 975Z\"><\/path><\/svg>\t\t\t<\/div>\n\t\t<\/div>\n\t\t\t\t\t\t<\/div>\n\t\t\t\t<\/div>\n\t\t\t\t\t<\/div>\n\t\t<\/div>\n\t\t\t\t<div class=\"elementor-column elementor-col-50 elementor-top-column elementor-element elementor-element-7707a56\" data-id=\"7707a56\" data-element_type=\"column\" data-e-type=\"column\">\n\t\t\t<div class=\"elementor-widget-wrap elementor-element-populated\">\n\t\t\t\t\t\t<div class=\"elementor-element elementor-element-305b22d8 elementor-widget elementor-widget-text-editor\" data-id=\"305b22d8\" data-element_type=\"widget\" data-e-type=\"widget\" data-widget_type=\"text-editor.default\">\n\t\t\t\t<div class=\"elementor-widget-container\">\n\t\t\t\t\t\t\t\t\t<div class=\"markdown markdown-main-panel ui-v2-enabled\" dir=\"ltr\">\n<h1 data-sourcepos=\"1:1-1:69\">\u017beglowanie w Chorwacji to \u015bwietna zabawa! Zainspiruj si\u0119!<\/h1>\n<h2 data-sourcepos=\"1:1-1:69\">Wyp\u0142y\u0144 po przygod\u0119: Niezapomniane wra\u017cenia czekaj\u0105 w Chorwacji<\/h2>\n<p data-sourcepos=\"3:1-3:309\">Wyobra\u017a sobie, \u017ce p\u0142yniesz po turkusowych wodach Adriatyku, s\u0142o\u0144ce ogrzewa Twoj\u0105 twarz, a delikatny strumie\u0144 oceanu op\u0142ywa Twoj\u0105 sk\u00f3r\u0119. Chorwacja, ze swoimi niezliczonymi wyspami, ukrytymi zatoczkami i urokliwymi nadmorskimi miasteczkami, zach\u0119ca do rozpocz\u0119cia \u017ceglarskiej przygody, kt\u00f3ra zapiera dech w piersiach.<\/p>\n<p data-sourcepos=\"5:1-5:54\"><strong>Ucieknij od tego, co zwyczajne i przyjmij to, co niezwyk\u0142e:<\/strong><\/p>\n<ul data-sourcepos=\"7:1-11:0\">\n<li data-sourcepos=\"7:1-7:165\"><strong>Zamie\u0144 pejza\u017ce miejskie na morskie:<\/strong> Zobacz, jak wsch\u00f3d s\u0142o\u0144ca maluje niebo w \u017cywych odcieniach, gdy wyp\u0142ywasz w morze, a jedynym d\u017awi\u0119kiem jest delikatne uderzanie fal o kad\u0142ub.<\/li>\n<li data-sourcepos=\"8:1-8:171\"><strong>Odkryj ukryte skarby:<\/strong> Odkryj zaciszne zatoczki dost\u0119pne tylko \u0142odzi\u0105, dziewicze pla\u017ce idealne do relaksu i urocze wioski, w kt\u00f3rych czas wydaje si\u0119 sta\u0107 w miejscu.<\/li>\n<li data-sourcepos=\"9:1-9:157\"><strong>Zanurz si\u0119 w krystalicznie czystych wodach:<\/strong> Snorkeluj t\u0119tni\u0105ce \u017cyciem rafy koralowe lub zatra\u0107 si\u0119 w podwodnym \u015bwiecie podczas wyprawy nurkowej.<\/li>\n<li data-sourcepos=\"10:1-11:0\"><strong>\u017begluj pod rozgwie\u017cd\u017conym niebem:<\/strong> Gdy zapada noc, mo\u017cesz podziwia\u0107 zapieraj\u0105cy dech w piersiach widok gwiazd, nie przes\u0142oni\u0119ty \u015bwiat\u0142ami miasta, i poczu\u0107 ogarniaj\u0105cy Ci\u0119 spok\u00f3j.<\/li>\n<\/ul>\n<\/div>\n<div class=\"markdown markdown-main-panel ui-v2-enabled\" dir=\"ltr\">\n<p data-sourcepos=\"12:1-12:36\">\n<p data-sourcepos=\"12:1-12:36\"><strong>Przyjmij ducha przygody:<\/strong><\/p>\n<ul data-sourcepos=\"14:1-17:0\">\n<li data-sourcepos=\"14:1-14:164\"><strong>Nawiguj po niezbadanych terytoriach:<\/strong> Zasi\u0105d\u017a za sterami i wyznacz sw\u00f3j kurs, czuj\u0105c dreszczyk emocji zwi\u0105zany z \u017ceglowaniem po otwartym morzu i satysfakcj\u0119 z opanowania nowej umiej\u0119tno\u015bci.<\/li>\n<li data-sourcepos=\"15:1-15:145\"><strong>Po\u0142\u0105cz si\u0119 z natur\u0105:<\/strong> Oddychaj \u015bwie\u017cym morskim powietrzem, poczuj s\u0142o\u0144ce na sk\u00f3rze i zanurz si\u0119 w pi\u0119knie wybrze\u017ca Adriatyku.<\/li>\n<li data-sourcepos=\"16:1-17:0\"><strong>Tw\u00f3rz trwa\u0142e wspomnienia:<\/strong> Dziel si\u0119 do\u015bwiadczeniami z bliskimi, tworz\u0105c niezapomniane historie i chwile, kt\u00f3re b\u0119d\u0105 piel\u0119gnowane na zawsze.<\/li>\n<\/ul>\n<\/div>\n<div class=\"markdown markdown-main-panel ui-v2-enabled\" dir=\"ltr\">\n<p data-sourcepos=\"18:1-18:67\"><strong>Chorwacja to co\u015b wi\u0119cej ni\u017c tylko cel podr\u00f3\u017cy; to zaproszenie do:<\/strong><\/p>\n<ul data-sourcepos=\"20:1-23:0\">\n<li data-sourcepos=\"20:1-20:102\"><strong>Od\u0142\u0105cz si\u0119 od codzienno\u015bci:<\/strong> Zostaw zmartwienia za sob\u0105 i ciesz si\u0119 wolno\u015bci\u0105 na otwartym morzu.<\/li>\n<li data-sourcepos=\"21:1-21:116\"><strong>Odzyskaj poczucie zachwytu:<\/strong> Odkryj na nowo proste rado\u015bci \u017cycia i po\u0142\u0105cz si\u0119 z natur\u0105 w jej najczystszej postaci.<\/li>\n<li data-sourcepos=\"22:1-23:0\"><strong>Stw\u00f3rz histori\u0119 wart\u0105 opowiedzenia:<\/strong> Wyrusz w podr\u00f3\u017c, kt\u00f3ra ci\u0119 odmieni, pozostawiaj\u0105c odnowionego ducha i serce pe\u0142ne wspomnie\u0144.<\/li>\n<\/ul>\n<\/div>\n<div class=\"markdown markdown-main-panel ui-v2-enabled\" dir=\"ltr\">\n<p data-sourcepos=\"24:1-24:135\"><strong>Podnie\u015b wi\u0119c \u017cagle, poczuj wiatr we w\u0142osach i obierz kurs na niezapomnian\u0105 przygod\u0119 w Chorwacji. Morze Adriatyckie czeka!<\/strong><\/p>\n<p data-sourcepos=\"24:1-24:135\">\n<\/div>\n<h2 data-sourcepos=\"7:1-7:58\">Rozpocznij niezapomnian\u0105 \u017ceglarsk\u0105 przygod\u0119 w Chorwacji<\/h2>\n<p data-sourcepos=\"9:1-9:260\">Chorwacja, z osza\u0142amiaj\u0105cym wybrze\u017cem Adriatyku, niezliczonymi wyspami i uroczymi miastami portowymi, jest wymarzonym miejscem na wakacje pod \u017caglami. Niezale\u017cnie od tego, czy jeste\u015b do\u015bwiadczonym \u017ceglarzem, czy zupe\u0142nie pocz\u0105tkuj\u0105cym, w Chorwacji czeka na Ciebie idealna opcja czarteru jachtu.<\/p>\n<p data-sourcepos=\"11:1-11:52\"><strong>Dopasowane czartery jacht\u00f3w do ka\u017cdych preferencji:<\/strong><\/p>\n<ul data-sourcepos=\"13:1-17:0\">\n<li data-sourcepos=\"13:1-13:234\"><strong>Czartery ze sternikiem:<\/strong> Idealny dla tych, kt\u00f3rzy chc\u0105 si\u0119 zrelaksowa\u0107 i cieszy\u0107 krajobrazami bez odpowiedzialno\u015bci za nawigacj\u0119 \u0142odzi\u0105. Do\u015bwiadczony skipper zajmie si\u0119 wszystkim, od \u017ceglowania \u0142odzi\u0105 po planowanie trasy.<\/li>\n<li data-sourcepos=\"14:1-14:166\"><strong>Czartery bez za\u0142ogi:<\/strong> Dla do\u015bwiadczonych \u017ceglarzy, kt\u00f3rzy chc\u0105 mie\u0107 swobod\u0119 odkrywania we w\u0142asnym tempie. Do prowadzenia czarteru bez za\u0142ogi potrzebna jest wa\u017cna licencja \u017ceglarska.<\/li>\n<li data-sourcepos=\"15:1-15:214\"><strong>Czartery z za\u0142og\u0105:<\/strong> Po\u0142\u0105cz swobod\u0119 czarteru bez za\u0142ogi z komfortem i obs\u0142ug\u0105 profesjonalnej za\u0142ogi. Za\u0142oga zajmie si\u0119 \u017ceglowaniem \u0142odzi\u0105, przygotowywaniem posi\u0142k\u00f3w i zaspokajaniem wszystkich potrzeb.<\/li>\n<li data-sourcepos=\"16:1-17:0\"><strong>Czartery all-inclusive:<\/strong> Najbardziej beztroskie do\u015bwiadczenie \u017ceglarskie. Wszystko jest zadbane, od posi\u0142k\u00f3w i napoj\u00f3w po zaj\u0119cia i wycieczki. Wszystko, co musisz zrobi\u0107, to usi\u0105\u015b\u0107, zrelaksowa\u0107 si\u0119 i cieszy\u0107 si\u0119 jazd\u0105.<\/li>\n<\/ul>\n<p data-sourcepos=\"18:1-18:48\"><strong>Ods\u0142aniaj\u0105c r\u00f3\u017cnorodne regiony \u017ceglarskie Chorwacji:<\/strong><\/p>\n<ul data-sourcepos=\"20:1-24:0\">\n<li data-sourcepos=\"20:1-20:215\"><strong>Wybrze\u017ce Dalmacji:<\/strong> Najpopularniejszy region \u017ceglarski w Chorwacji, oferuj\u0105cy pi\u0119kne po\u0142\u0105czenie historycznych miast, uroczych wiosek i zacisznych zatoczek. Poznaj Dubrownik, Split, Hvar, Bra\u010d i wyspy Kornati.<\/li>\n<li data-sourcepos=\"21:1-21:239\"><strong>P\u00f3\u0142wysep Istria:<\/strong> Odkryj wyj\u0105tkowy urok Istrii, z jej \u015bredniowiecznymi miasteczkami na wzg\u00f3rzach, wp\u0142ywami weneckimi i pyszn\u0105 lokaln\u0105 kuchni\u0105. \u017begluj po Parku Narodowym Wysp Brijuni i zwiedzaj Pula Arena, rzymski amfiteatr.<\/li>\n<li data-sourcepos=\"22:1-22:225\"><strong>Zatoka Kvarner:<\/strong> Rejs po zatoce Kvarner, znanej z dramatycznych krajobraz\u00f3w, bujnej ro\u015blinno\u015bci i krystalicznie czystych w\u00f3d. Odwied\u017a wyspy Krk, Rab i Cres oraz poznaj urocze miasta Opatija i Rijeka.<\/li>\n<li data-sourcepos=\"23:1-24:0\"><strong>Po\u0142udniowy Adriatyk:<\/strong> \u017begluj po po\u0142udniowym wybrze\u017cu Adriatyku, znanym z osza\u0142amiaj\u0105cego naturalnego pi\u0119kna i relaksuj\u0105cej atmosfery. Poznaj Wyspy Elafickie, Park Narodowy Mljet i historyczne miasto Dubrownik.<\/li>\n<\/ul>\n<p data-sourcepos=\"25:1-25:36\"><strong>Poza zapieraj\u0105c\u0105 dech w piersiach sceneri\u0105:<\/strong><\/p>\n<ul data-sourcepos=\"27:1-30:0\">\n<li data-sourcepos=\"27:1-27:226\"><strong>Zanurz si\u0119 w bogatej kulturze i historii Chorwacji:<\/strong> Odkryj staro\u017cytne ruiny, urokliwe miasteczka i t\u0119tni\u0105ce \u017cyciem miasta. Delektuj si\u0119 pyszn\u0105 lokaln\u0105 kuchni\u0105, znan\u0105 ze \u015bwie\u017cych owoc\u00f3w morza, oliwy z oliwek i regionalnych specja\u0142\u00f3w.<\/li>\n<li data-sourcepos=\"28:1-28:153\"><strong>Zanurz si\u0119 w wodnej aktywno\u015bci:<\/strong> P\u0142ywanie, snorkeling, nurkowanie, kajakarstwo lub stand-up paddleboarding w krystalicznie czystych wodach Adriatyku.<\/li>\n<li data-sourcepos=\"29:1-30:0\"><strong>Do\u015bwiadcz ciep\u0142ej go\u015bcinno\u015bci Chorwat\u00f3w:<\/strong> Miejscowi s\u0105 znani ze swojej przyjaznej i go\u015bcinnej natury, dzi\u0119ki czemu poczujesz si\u0119 jak w domu.<\/li>\n<\/ul>\n<p data-sourcepos=\"31:1-31:63\"><strong>Zacznij planowa\u0107 swoj\u0105 wymarzon\u0105 przygod\u0119 \u017ceglarsk\u0105 w Chorwacji ju\u017c dzi\u015b!<\/strong><\/p>\n\t\t\t\t\t\t\t\t<\/div>\n\t\t\t\t<\/div>\n\t\t\t\t\t<\/div>\n\t\t<\/div>\n\t\t\t\t<div class=\"elementor-column elementor-col-25 elementor-top-column elementor-element elementor-element-3beb6c0b\" data-id=\"3beb6c0b\" data-element_type=\"column\" data-e-type=\"column\">\n\t\t\t<div class=\"elementor-widget-wrap elementor-element-populated\">\n\t\t\t\t\t\t<div class=\"elementor-element elementor-element-397c5332 elementor-widget elementor-widget-template\" data-id=\"397c5332\" data-element_type=\"widget\" data-e-type=\"widget\" data-widget_type=\"template.default\">\n\t\t\t\t<div class=\"elementor-widget-container\">\n\t\t\t\t\t\t\t<div class=\"elementor-template\">\n\t\t\t\t\t<div data-elementor-type=\"section\" data-elementor-id=\"77217\" class=\"elementor elementor-77217 elementor-76339\" data-elementor-post-type=\"elementor_library\">\n\t\t\t\t\t<section class=\"elementor-section elementor-inner-section elementor-element elementor-element-457e679b elementor-section-full_width elementor-section-height-min-height elementor-section-content-middle elementor-section-height-default\" data-id=\"457e679b\" data-element_type=\"section\" data-e-type=\"section\" data-settings=\"{&quot;background_background&quot;:&quot;classic&quot;}\">\n\t\t\t\t\t\t\t<div class=\"elementor-background-overlay\"><\/div>\n\t\t\t\t\t\t\t<div class=\"elementor-container elementor-column-gap-default\">\n\t\t\t\t\t<div class=\"elementor-column elementor-col-100 elementor-inner-column elementor-element elementor-element-33d83c77\" data-id=\"33d83c77\" data-element_type=\"column\" data-e-type=\"column\">\n\t\t\t<div class=\"elementor-widget-wrap elementor-element-populated\">\n\t\t\t\t\t\t<div class=\"elementor-element elementor-element-26c46f13 elementor-widget elementor-widget-text-editor\" data-id=\"26c46f13\" data-element_type=\"widget\" data-e-type=\"widget\" data-widget_type=\"text-editor.default\">\n\t\t\t\t<div class=\"elementor-widget-container\">\n\t\t\t\t\t\t\t\t\t<p style=\"text-align: center;\">Szukasz \u0142odzi?<\/p>\n\t\t\t\t\t\t\t\t<\/div>\n\t\t\t\t<\/div>\n\t\t\t\t<div class=\"elementor-element elementor-element-7116d3fc elementor-align-center elementor-widget elementor-widget-button\" data-id=\"7116d3fc\" data-element_type=\"widget\" data-e-type=\"widget\" data-widget_type=\"button.default\">\n\t\t\t\t<div class=\"elementor-widget-container\">\n\t\t\t\t\t\t\t\t\t<div class=\"elementor-button-wrapper\">\n\t\t\t\t\t<a class=\"elementor-button elementor-button-link elementor-size-md\" href=\"https:\/\/skippercity.com\/pl\/uzyskaj-wycene-czarter-jachtow-chorwacja-2\/\" target=\"_blank\">\n\t\t\t\t\t\t<span class=\"elementor-button-content-wrapper\">\n\t\t\t\t\t\t\t\t\t<span class=\"elementor-button-text\">UZYSKAJ BEZP\u0141ATN\u0104 WYCEN\u0118<\/span>\n\t\t\t\t\t<\/span>\n\t\t\t\t\t<\/a>\n\t\t\t\t<\/div>\n\t\t\t\t\t\t\t\t<\/div>\n\t\t\t\t<\/div>\n\t\t\t\t\t<\/div>\n\t\t<\/div>\n\t\t\t\t\t<\/div>\n\t\t<\/section>\n\t\t\t\t<\/div>\n\t\t\t\t<\/div>\n\t\t\t\t\t\t<\/div>\n\t\t\t\t<\/div>\n\t\t\t\t\t<\/div>\n\t\t<\/div>\n\t\t\t\t\t<\/div>\n\t\t<\/section>\n\t\t\t\t<\/div>\n\t\t","protected":false},"excerpt":{"rendered":"<p>Spis tre\u015bci \u017beglowanie w Chorwacji to \u015bwietna zabawa! Zainspiruj si\u0119! Wyp\u0142y\u0144 po przygod\u0119: Niezapomniane wra\u017cenia czekaj\u0105 w Chorwacji Wyobra\u017a sobie, \u017ce p\u0142yniesz po turkusowych wodach Adriatyku, s\u0142o\u0144ce ogrzewa Twoj\u0105 twarz, a delikatny strumie\u0144 oceanu op\u0142ywa Twoj\u0105 sk\u00f3r\u0119. Chorwacja, ze swoimi niezliczonymi wyspami, ukrytymi zatoczkami i urokliwymi nadmorskimi miasteczkami, zach\u0119ca do rozpocz\u0119cia \u017ceglarskiej przygody, kt\u00f3ra zapiera [&hellip;]<\/p>\n","protected":false},"author":2,"featured_media":16242,"parent":0,"menu_order":0,"comment_status":"closed","ping_status":"closed","template":"","meta":{"footnotes":""},"class_list":["post-51967","page","type-page","status-publish","has-post-thumbnail","hentry"],"_links":{"self":[{"href":"https:\/\/skippercity.com\/pl\/wp-json\/wp\/v2\/pages\/51967","targetHints":{"allow":["GET"]}}],"collection":[{"href":"https:\/\/skippercity.com\/pl\/wp-json\/wp\/v2\/pages"}],"about":[{"href":"https:\/\/skippercity.com\/pl\/wp-json\/wp\/v2\/types\/page"}],"author":[{"embeddable":true,"href":"https:\/\/skippercity.com\/pl\/wp-json\/wp\/v2\/users\/2"}],"replies":[{"embeddable":true,"href":"https:\/\/skippercity.com\/pl\/wp-json\/wp\/v2\/comments?post=51967"}],"version-history":[{"count":0,"href":"https:\/\/skippercity.com\/pl\/wp-json\/wp\/v2\/pages\/51967\/revisions"}],"wp:featuredmedia":[{"embeddable":true,"href":"https:\/\/skippercity.com\/pl\/wp-json\/wp\/v2\/media\/16242"}],"wp:attachment":[{"href":"https:\/\/skippercity.com\/pl\/wp-json\/wp\/v2\/media?parent=51967"}],"curies":[{"name":"wp","href":"https:\/\/api.w.org\/{rel}","templated":true}]}}