{"id":52165,"date":"2017-12-02T10:30:31","date_gmt":"2017-12-02T10:30:31","guid":{"rendered":"https:\/\/www.skippercity.com\/koszty-czarteru-jachtow\/"},"modified":"2024-02-22T08:13:26","modified_gmt":"2024-02-22T08:13:26","slug":"koszty-czarteru-jachtow","status":"publish","type":"page","link":"https:\/\/skippercity.com\/pl\/koszty-czarteru-jachtow\/","title":{"rendered":"Koszty czarteru jacht\u00f3w"},"content":{"rendered":"\t\t<div data-elementor-type=\"wp-page\" data-elementor-id=\"52165\" class=\"elementor elementor-52165 elementor-6005\" data-elementor-post-type=\"page\">\n\t\t\t\t\t\t<section class=\"elementor-section elementor-top-section elementor-element elementor-element-72a141a2 elementor-section-stretched elementor-section-full_width elementor-section-height-min-height elementor-section-height-default elementor-section-items-middle\" data-id=\"72a141a2\" data-element_type=\"section\" data-e-type=\"section\" data-settings=\"{&quot;background_background&quot;:&quot;classic&quot;,&quot;stretch_section&quot;:&quot;section-stretched&quot;}\">\n\t\t\t\t\t\t\t<div class=\"elementor-background-overlay\"><\/div>\n\t\t\t\t\t\t\t<div class=\"elementor-container elementor-column-gap-default\">\n\t\t\t\t\t<div class=\"elementor-column elementor-col-100 elementor-top-column elementor-element elementor-element-2d1ed2d\" data-id=\"2d1ed2d\" data-element_type=\"column\" data-e-type=\"column\">\n\t\t\t<div class=\"elementor-widget-wrap\">\n\t\t\t\t\t\t\t<\/div>\n\t\t<\/div>\n\t\t\t\t\t<\/div>\n\t\t<\/section>\n\t\t\t\t<section class=\"elementor-section elementor-top-section elementor-element elementor-element-7a53a1a2 elementor-section-full_width elementor-section-height-default elementor-section-height-default\" data-id=\"7a53a1a2\" data-element_type=\"section\" data-e-type=\"section\">\n\t\t\t\t\t\t<div class=\"elementor-container elementor-column-gap-default\">\n\t\t\t\t\t<div class=\"elementor-column elementor-col-25 elementor-top-column elementor-element elementor-element-52c15051\" data-id=\"52c15051\" data-element_type=\"column\" data-e-type=\"column\">\n\t\t\t<div class=\"elementor-widget-wrap elementor-element-populated\">\n\t\t\t\t\t\t<div class=\"elementor-element elementor-element-3a99f9df elementor-toc--minimized-on-tablet elementor-widget elementor-widget-table-of-contents\" data-id=\"3a99f9df\" data-element_type=\"widget\" data-e-type=\"widget\" data-settings=\"{&quot;exclude_headings_by_selector&quot;:[],&quot;marker_view&quot;:&quot;bullets&quot;,&quot;headings_by_tags&quot;:[&quot;h2&quot;,&quot;h3&quot;,&quot;h4&quot;,&quot;h5&quot;,&quot;h6&quot;],&quot;icon&quot;:{&quot;value&quot;:&quot;fas fa-circle&quot;,&quot;library&quot;:&quot;fa-solid&quot;,&quot;rendered_tag&quot;:&quot;&lt;svg class=\\&quot;e-font-icon-svg e-fas-circle\\&quot; viewBox=\\&quot;0 0 512 512\\&quot; xmlns=\\&quot;http:\\\/\\\/www.w3.org\\\/2000\\\/svg\\&quot;&gt;&lt;path d=\\&quot;M256 8C119 8 8 119 8 256s111 248 248 248 248-111 248-248S393 8 256 8z\\&quot;&gt;&lt;\\\/path&gt;&lt;\\\/svg&gt;&quot;},&quot;no_headings_message&quot;:&quot;No headings were found on this page.&quot;,&quot;minimize_box&quot;:&quot;yes&quot;,&quot;minimized_on&quot;:&quot;tablet&quot;,&quot;hierarchical_view&quot;:&quot;yes&quot;,&quot;min_height&quot;:{&quot;unit&quot;:&quot;px&quot;,&quot;size&quot;:&quot;&quot;,&quot;sizes&quot;:[]},&quot;min_height_tablet&quot;:{&quot;unit&quot;:&quot;px&quot;,&quot;size&quot;:&quot;&quot;,&quot;sizes&quot;:[]},&quot;min_height_mobile&quot;:{&quot;unit&quot;:&quot;px&quot;,&quot;size&quot;:&quot;&quot;,&quot;sizes&quot;:[]}}\" data-widget_type=\"table-of-contents.default\">\n\t\t\t\t<div class=\"elementor-widget-container\">\n\t\t\t\t\t\t\t\t\t<div class=\"elementor-toc__header\">\n\t\t\t\t\t\t<h4 class=\"elementor-toc__header-title\">\n\t\t\t\tSpis tre\u015bci\t\t\t<\/h4>\n\t\t\t\t\t\t\t\t\t\t<div class=\"elementor-toc__toggle-button elementor-toc__toggle-button--expand\" role=\"button\" tabindex=\"0\" aria-controls=\"elementor-toc__3a99f9df\" aria-expanded=\"true\" aria-label=\"Open table of contents\"><svg aria-hidden=\"true\" class=\"e-font-icon-svg e-fas-chevron-down\" viewBox=\"0 0 448 512\" xmlns=\"http:\/\/www.w3.org\/2000\/svg\"><path d=\"M207.029 381.476L12.686 187.132c-9.373-9.373-9.373-24.569 0-33.941l22.667-22.667c9.357-9.357 24.522-9.375 33.901-.04L224 284.505l154.745-154.021c9.379-9.335 24.544-9.317 33.901.04l22.667 22.667c9.373 9.373 9.373 24.569 0 33.941L240.971 381.476c-9.373 9.372-24.569 9.372-33.942 0z\"><\/path><\/svg><\/div>\n\t\t\t\t<div class=\"elementor-toc__toggle-button elementor-toc__toggle-button--collapse\" role=\"button\" tabindex=\"0\" aria-controls=\"elementor-toc__3a99f9df\" aria-expanded=\"true\" aria-label=\"Close table of contents\"><svg aria-hidden=\"true\" class=\"e-font-icon-svg e-fas-chevron-up\" viewBox=\"0 0 448 512\" xmlns=\"http:\/\/www.w3.org\/2000\/svg\"><path d=\"M240.971 130.524l194.343 194.343c9.373 9.373 9.373 24.569 0 33.941l-22.667 22.667c-9.357 9.357-24.522 9.375-33.901.04L224 227.495 69.255 381.516c-9.379 9.335-24.544 9.317-33.901-.04l-22.667-22.667c-9.373-9.373-9.373-24.569 0-33.941L207.03 130.525c9.372-9.373 24.568-9.373 33.941-.001z\"><\/path><\/svg><\/div>\n\t\t\t\t\t<\/div>\n\t\t\t\t<div id=\"elementor-toc__3a99f9df\" class=\"elementor-toc__body\">\n\t\t\t<div class=\"elementor-toc__spinner-container\">\n\t\t\t\t<svg class=\"elementor-toc__spinner eicon-animation-spin e-font-icon-svg e-eicon-loading\" aria-hidden=\"true\" viewBox=\"0 0 1000 1000\" xmlns=\"http:\/\/www.w3.org\/2000\/svg\"><path d=\"M500 975V858C696 858 858 696 858 500S696 142 500 142 142 304 142 500H25C25 237 238 25 500 25S975 237 975 500 763 975 500 975Z\"><\/path><\/svg>\t\t\t<\/div>\n\t\t<\/div>\n\t\t\t\t\t\t<\/div>\n\t\t\t\t<\/div>\n\t\t\t\t\t<\/div>\n\t\t<\/div>\n\t\t\t\t<div class=\"elementor-column elementor-col-50 elementor-top-column elementor-element elementor-element-54508ef9\" data-id=\"54508ef9\" data-element_type=\"column\" data-e-type=\"column\">\n\t\t\t<div class=\"elementor-widget-wrap elementor-element-populated\">\n\t\t\t\t\t\t<div class=\"elementor-element elementor-element-4c4bf85e elementor-widget elementor-widget-text-editor\" data-id=\"4c4bf85e\" data-element_type=\"widget\" data-e-type=\"widget\" data-widget_type=\"text-editor.default\">\n\t\t\t\t<div class=\"elementor-widget-container\">\n\t\t\t\t\t\t\t\t\t<h1 data-sourcepos=\"1:1-1:86\">Ujawnienie koszt\u00f3w czarteru wymarzonego jachtu w Chorwacji: Przewodnik dla ka\u017cdego bud\u017cetu<\/h1>\n<p data-sourcepos=\"3:1-3:7\">Chorwacja, ze swoim osza\u0142amiaj\u0105cym wybrze\u017cem Adriatyku, urzekaj\u0105cymi wyspami i t\u0119tni\u0105cymi \u017cyciem miastami, przyci\u0105ga zar\u00f3wno \u017ceglarzy, jak i poszukiwaczy luksusu. A czy jest lepszy spos\u00f3b na do\u015bwiadczenie jego magii ni\u017c czarter jachtu? Jednak przed wyruszeniem w podr\u00f3\u017c kluczowe jest zrozumienie koszt\u00f3w. Ten przewodnik odkrywa czynniki wp\u0142ywaj\u0105ce na ceny czarteru jacht\u00f3w w Chorwacji, pomagaj\u0105c w zarz\u0105dzaniu bud\u017cetem i planowaniu wymarzonych wakacji.<\/p>\n<h2 data-sourcepos=\"5:1-5:36\"><strong>Zrozumienie spektrum koszt\u00f3w:<\/strong><\/h2>\n<p data-sourcepos=\"7:1-7:30\">Koszty czarteru jachtu w Chorwacji mog\u0105 si\u0119 znacznie r\u00f3\u017cni\u0107 i waha\u0107 si\u0119 od <strong>1 000 EUR do ponad 10 000 EUR za tydzie\u0144<\/strong>. To szerokie spektrum odzwierciedla kilka kluczowych czynnik\u00f3w:<\/p>\n<ul data-sourcepos=\"9:1-10:10\">\n<li data-sourcepos=\"9:1-9:277\"><strong>Typ jachtu:<\/strong> Gwiazda programu! Wyb\u00f3r <strong>luksusowego jachtu motorowego<\/strong> wi\u0105\u017ce si\u0119 oczywi\u015bcie z wy\u017csz\u0105 cen\u0105 w por\u00f3wnaniu do <strong>zwyk\u0142ej \u017cagl\u00f3wki<\/strong>. Ceny jacht\u00f3w motorowych wahaj\u0105 si\u0119 od <strong>15 000 \u20ac do ponad 100 000 \u20ac tygodniowo<\/strong>, podczas gdy jachty \u017caglowe mog\u0105 zaczyna\u0107 si\u0119 ju\u017c od <strong>1 000 \u20ac tygodniowo<\/strong>.<\/li>\n<li data-sourcepos=\"10:1-10:10\"><strong>Sezonowo\u015b\u0107:<\/strong> W szczycie sezonu w Chorwacji<strong>(czerwiec-sierpie\u0144<\/strong>) obserwuje si\u0119 gwa\u0142towny wzrost popytu, co powoduje wzrost cen. Rozwa\u017c <strong>sezony poza sezonem (kwiecie\u0144-maj i wrzesie\u0144-pa\u017adziernik)<\/strong>, aby uzyska\u0107 potencjalnie lepsze oferty.<\/li>\n<li data-sourcepos=\"11:1-11:222\"><strong>Rozmiar jachtu i udogodnienia:<\/strong> Wi\u0119ksze jachty oferuj\u0105 wi\u0119cej kabin, przestrzeni \u017cyciowej i luksusowych udogodnie\u0144, co oczywi\u015bcie wi\u0105\u017ce si\u0119 z wy\u017csz\u0105 cen\u0105. Z kolei mniejsze jachty oferuj\u0105 bardziej intymne wra\u017cenia w bardziej przyst\u0119pnej cenie.<\/li>\n<li data-sourcepos=\"12:1-12:116\"><strong>Czas trwania czarteru:<\/strong> Tygodniowe czartery s\u0105 standardem, ale d\u0142u\u017csze okresy mog\u0105 oferowa\u0107 niewielkie zni\u017cki za dzie\u0144.<\/li>\n<li data-sourcepos=\"13:1-14:0\"><strong>Us\u0142ugi dodatkowe:<\/strong> Wynaj\u0119cie <strong>skippera<\/strong> w celu uzyskania specjalistycznej wiedzy nawigacyjnej lub <strong>hostessy<\/strong> do obs\u0142ugi na pok\u0142adzie wi\u0105\u017ce si\u0119 z dodatkowymi kosztami, kt\u00f3re zazwyczaj wahaj\u0105 si\u0119 od <strong>150 do 250 euro dziennie<\/strong>.<\/li>\n<\/ul>\n<h2 data-sourcepos=\"15:1-15:25\"><strong>Planowanie bud\u017cetu:<\/strong><\/h2>\n<p data-sourcepos=\"17:1-17:52\">Aby oszacowa\u0107 koszt czarteru, nale\u017cy rozwa\u017cy\u0107 nast\u0119puj\u0105ce kroki:<\/p>\n<ol data-sourcepos=\"19:1-19:72\">\n<li data-sourcepos=\"19:1-19:72\"><strong>Zdefiniuj swoje potrzeby:<\/strong> Ile os\u00f3b b\u0119dzie na pok\u0142adzie? Jakiego poziomu luksusu szukasz? Czy potrzebujesz sternika lub hostessy?<\/li>\n<li data-sourcepos=\"20:1-20:104\"><strong>Wybierz typ i rozmiar jachtu:<\/strong> Zbadaj r\u00f3\u017cne opcje w oparciu o swoje preferencje i bud\u017cet.<\/li>\n<li data-sourcepos=\"21:1-21:124\"><strong>Wybierz \u017c\u0105dany sezon i czas trwania:<\/strong> We\u017a pod uwag\u0119 sezon szczytowy i sezon letni oraz d\u0142ugo\u015b\u0107 czarteru.<\/li>\n<li data-sourcepos=\"22:1-23:0\"><strong>Uwzgl\u0119dnij dodatkowe us\u0142ugi:<\/strong> Uwzgl\u0119dnij potencjalne koszty skippera, hostessy, zaopatrzenia i innych dodatkowych us\u0142ug.<\/li>\n<\/ol>\n<h2 data-sourcepos=\"24:1-24:25\"><strong>Poza metk\u0105 z cen\u0105:<\/strong><\/h2>\n<p data-sourcepos=\"26:1-26:207\">Pami\u0119taj, \u017ce koszt nie jest jedynym czynnikiem. Chorwacja oferuje r\u00f3\u017cnorodne do\u015bwiadczenia, od odkrywania ukrytych zatoczek i uroczych miasteczek po uprawianie sport\u00f3w wodnych i wykwintne posi\u0142ki. Rozwa\u017c te dodatkowe aspekty:<\/p>\n<ul data-sourcepos=\"28:1-29:66\">\n<li data-sourcepos=\"28:1-28:83\"><strong>Miejsce docelowe:<\/strong> Poszczeg\u00f3lne regiony Chorwacji mog\u0105 mie\u0107 r\u00f3\u017cne ceny.<\/li>\n<li data-sourcepos=\"29:1-29:66\"><strong>Op\u0142aty za paliwo i cumowanie:<\/strong> Mog\u0105 one zwi\u0119kszy\u0107 ca\u0142kowity koszt, wi\u0119c zapytaj o nie firm\u0119 czarterow\u0105.<\/li>\n<li data-sourcepos=\"30:1-31:0\"><strong>Zaopatrzenie:<\/strong> Zdecyduj, czy chcesz samodzielnie przygotowywa\u0107 posi\u0142ki, czy zdecydowa\u0107 si\u0119 na wst\u0119pnie zaopatrzone zapasy, co wp\u0142ynie na koszty.<\/li>\n<\/ul>\n<h2 data-sourcepos=\"32:1-32:44\"><strong>Wyp\u0142yni\u0119cie na chorwack\u0105 przygod\u0119:<\/strong><\/h2>\n<p data-sourcepos=\"34:1-34:301\">Rozumiej\u0105c czynniki kosztowe i skrupulatnie planuj\u0105c, mo\u017cesz wyruszy\u0107 na niezapomniany czarter jachtu w Chorwacji, kt\u00f3ry jest zgodny z Twoim bud\u017cetem i aspiracjami. Niezale\u017cnie od tego, czy szukasz ekstrawaganckiej ucieczki, czy przyjaznej dla bud\u017cetu przygody \u017ceglarskiej, l\u015bni\u0105ce wody Chorwacji czekaj\u0105 z niesko\u0144czonymi mo\u017cliwo\u015bciami.<\/p>\n<p data-sourcepos=\"36:1-36:204\"><strong>Dodatkowa wskaz\u00f3wka:<\/strong> Por\u00f3wnaj ceny, funkcje i dost\u0119pno\u015b\u0107 u r\u00f3\u017cnych dostawc\u00f3w. Umo\u017cliwia to znalezienie idealnego jachtu na wymarzone wakacje w Chorwacji.<\/p>\n<p data-sourcepos=\"38:1-38:187\"><strong>S\u0142owa kluczowe:<\/strong> Chorwacja czarter jacht\u00f3w, czarter jacht\u00f3w koszt, Chorwacja \u017ceglarstwo, wynajem jacht\u00f3w Chorwacja, czarter jacht\u00f3w Chorwacja bud\u017cet, luksusowy czarter jacht\u00f3w Chorwacja, planowanie czarteru jacht\u00f3w Chorwacja.<\/p>C\t\t\t\t\t\t\t\t<\/div>\n\t\t\t\t<\/div>\n\t\t\t\t\t<\/div>\n\t\t<\/div>\n\t\t\t\t<div class=\"elementor-column elementor-col-25 elementor-top-column elementor-element elementor-element-317065af\" data-id=\"317065af\" data-element_type=\"column\" data-e-type=\"column\">\n\t\t\t<div class=\"elementor-widget-wrap elementor-element-populated\">\n\t\t\t\t\t\t<div class=\"elementor-element elementor-element-38fa3f4f elementor-widget elementor-widget-template\" data-id=\"38fa3f4f\" data-element_type=\"widget\" data-e-type=\"widget\" data-widget_type=\"template.default\">\n\t\t\t\t<div class=\"elementor-widget-container\">\n\t\t\t\t\t\t\t<div class=\"elementor-template\">\n\t\t\t\t\t<div data-elementor-type=\"section\" data-elementor-id=\"77217\" class=\"elementor elementor-77217 elementor-76339\" data-elementor-post-type=\"elementor_library\">\n\t\t\t\t\t<section class=\"elementor-section elementor-inner-section elementor-element elementor-element-457e679b elementor-section-full_width elementor-section-height-min-height elementor-section-content-middle elementor-section-height-default\" data-id=\"457e679b\" data-element_type=\"section\" data-e-type=\"section\" data-settings=\"{&quot;background_background&quot;:&quot;classic&quot;}\">\n\t\t\t\t\t\t\t<div class=\"elementor-background-overlay\"><\/div>\n\t\t\t\t\t\t\t<div class=\"elementor-container elementor-column-gap-default\">\n\t\t\t\t\t<div class=\"elementor-column elementor-col-100 elementor-inner-column elementor-element elementor-element-33d83c77\" data-id=\"33d83c77\" data-element_type=\"column\" data-e-type=\"column\">\n\t\t\t<div class=\"elementor-widget-wrap elementor-element-populated\">\n\t\t\t\t\t\t<div class=\"elementor-element elementor-element-26c46f13 elementor-widget elementor-widget-text-editor\" data-id=\"26c46f13\" data-element_type=\"widget\" data-e-type=\"widget\" data-widget_type=\"text-editor.default\">\n\t\t\t\t<div class=\"elementor-widget-container\">\n\t\t\t\t\t\t\t\t\t<p style=\"text-align: center;\">Szukasz \u0142odzi?<\/p>\n\t\t\t\t\t\t\t\t<\/div>\n\t\t\t\t<\/div>\n\t\t\t\t<div class=\"elementor-element elementor-element-7116d3fc elementor-align-center elementor-widget elementor-widget-button\" data-id=\"7116d3fc\" data-element_type=\"widget\" data-e-type=\"widget\" data-widget_type=\"button.default\">\n\t\t\t\t<div class=\"elementor-widget-container\">\n\t\t\t\t\t\t\t\t\t<div class=\"elementor-button-wrapper\">\n\t\t\t\t\t<a class=\"elementor-button elementor-button-link elementor-size-md\" href=\"https:\/\/skippercity.com\/pl\/uzyskaj-wycene-czarter-jachtow-chorwacja-2\/\" target=\"_blank\">\n\t\t\t\t\t\t<span class=\"elementor-button-content-wrapper\">\n\t\t\t\t\t\t\t\t\t<span class=\"elementor-button-text\">UZYSKAJ BEZP\u0141ATN\u0104 WYCEN\u0118<\/span>\n\t\t\t\t\t<\/span>\n\t\t\t\t\t<\/a>\n\t\t\t\t<\/div>\n\t\t\t\t\t\t\t\t<\/div>\n\t\t\t\t<\/div>\n\t\t\t\t\t<\/div>\n\t\t<\/div>\n\t\t\t\t\t<\/div>\n\t\t<\/section>\n\t\t\t\t<\/div>\n\t\t\t\t<\/div>\n\t\t\t\t\t\t<\/div>\n\t\t\t\t<\/div>\n\t\t\t\t\t<\/div>\n\t\t<\/div>\n\t\t\t\t\t<\/div>\n\t\t<\/section>\n\t\t\t\t<\/div>\n\t\t","protected":false},"excerpt":{"rendered":"<p>Spis tre\u015bci Ujawnienie koszt\u00f3w czarteru wymarzonego jachtu w Chorwacji: Przewodnik dla ka\u017cdego bud\u017cetu Chorwacja, ze swoim osza\u0142amiaj\u0105cym wybrze\u017cem Adriatyku, urzekaj\u0105cymi wyspami i t\u0119tni\u0105cymi \u017cyciem miastami, przyci\u0105ga zar\u00f3wno \u017ceglarzy, jak i poszukiwaczy luksusu. A czy jest lepszy spos\u00f3b na do\u015bwiadczenie jego magii ni\u017c czarter jachtu? Jednak przed wyruszeniem w podr\u00f3\u017c kluczowe jest zrozumienie koszt\u00f3w. Ten przewodnik [&hellip;]<\/p>\n","protected":false},"author":2,"featured_media":16242,"parent":0,"menu_order":0,"comment_status":"closed","ping_status":"closed","template":"","meta":{"footnotes":""},"class_list":["post-52165","page","type-page","status-publish","has-post-thumbnail","hentry"],"_links":{"self":[{"href":"https:\/\/skippercity.com\/pl\/wp-json\/wp\/v2\/pages\/52165","targetHints":{"allow":["GET"]}}],"collection":[{"href":"https:\/\/skippercity.com\/pl\/wp-json\/wp\/v2\/pages"}],"about":[{"href":"https:\/\/skippercity.com\/pl\/wp-json\/wp\/v2\/types\/page"}],"author":[{"embeddable":true,"href":"https:\/\/skippercity.com\/pl\/wp-json\/wp\/v2\/users\/2"}],"replies":[{"embeddable":true,"href":"https:\/\/skippercity.com\/pl\/wp-json\/wp\/v2\/comments?post=52165"}],"version-history":[{"count":0,"href":"https:\/\/skippercity.com\/pl\/wp-json\/wp\/v2\/pages\/52165\/revisions"}],"wp:featuredmedia":[{"embeddable":true,"href":"https:\/\/skippercity.com\/pl\/wp-json\/wp\/v2\/media\/16242"}],"wp:attachment":[{"href":"https:\/\/skippercity.com\/pl\/wp-json\/wp\/v2\/media?parent=52165"}],"curies":[{"name":"wp","href":"https:\/\/api.w.org\/{rel}","templated":true}]}}