{"id":52612,"date":"2020-06-19T07:35:30","date_gmt":"2020-06-19T07:35:30","guid":{"rendered":"https:\/\/www.skippercity.com\/uzyskaj-wycene-czarter-jachtow-chorwacja\/"},"modified":"2020-07-05T12:14:00","modified_gmt":"2020-07-05T12:14:00","slug":"uzyskaj-wycene-czarter-jachtow-chorwacja","status":"publish","type":"page","link":"https:\/\/skippercity.com\/pl\/uzyskaj-wycene-czarter-jachtow-chorwacja\/","title":{"rendered":"Uzyskaj wycen\u0119 Czarter jacht\u00f3w Chorwacja"},"content":{"rendered":"\t\t<div data-elementor-type=\"wp-page\" data-elementor-id=\"52612\" class=\"elementor elementor-52612\" data-elementor-post-type=\"page\">\n\t\t\t\t\t\t<section class=\"elementor-section elementor-top-section elementor-element elementor-element-7dafafdc elementor-section-stretched elementor-section-full_width elementor-section-height-default elementor-section-height-default\" data-id=\"7dafafdc\" data-element_type=\"section\" data-e-type=\"section\" data-settings=\"{&quot;background_background&quot;:&quot;classic&quot;,&quot;stretch_section&quot;:&quot;section-stretched&quot;}\">\n\t\t\t\t\t\t\t<div class=\"elementor-background-overlay\"><\/div>\n\t\t\t\t\t\t\t<div class=\"elementor-container elementor-column-gap-default\">\n\t\t\t\t\t<div class=\"elementor-column elementor-col-33 elementor-top-column elementor-element elementor-element-6e247e20\" data-id=\"6e247e20\" data-element_type=\"column\" data-e-type=\"column\">\n\t\t\t<div class=\"elementor-widget-wrap\">\n\t\t\t\t\t\t\t<\/div>\n\t\t<\/div>\n\t\t\t\t<div class=\"elementor-column elementor-col-33 elementor-top-column elementor-element elementor-element-11157671\" data-id=\"11157671\" data-element_type=\"column\" data-e-type=\"column\">\n\t\t\t<div class=\"elementor-widget-wrap elementor-element-populated\">\n\t\t\t\t\t\t<div class=\"elementor-element elementor-element-77f3511 elementor-widget elementor-widget-heading\" data-id=\"77f3511\" data-element_type=\"widget\" data-e-type=\"widget\" data-widget_type=\"heading.default\">\n\t\t\t\t<div class=\"elementor-widget-container\">\n\t\t\t\t\t<h3 class=\"elementor-heading-title elementor-size-default\">Jest to najprostszy spos\u00f3b dla Ciebie<\/h3>\t\t\t\t<\/div>\n\t\t\t\t<\/div>\n\t\t\t\t<div class=\"elementor-element elementor-element-65a78a74 elementor-widget-divider--view-line elementor-widget elementor-widget-divider\" data-id=\"65a78a74\" data-element_type=\"widget\" data-e-type=\"widget\" data-widget_type=\"divider.default\">\n\t\t\t\t<div class=\"elementor-widget-container\">\n\t\t\t\t\t\t\t<div class=\"elementor-divider\">\n\t\t\t<span class=\"elementor-divider-separator\">\n\t\t\t\t\t\t<\/span>\n\t\t<\/div>\n\t\t\t\t\t\t<\/div>\n\t\t\t\t<\/div>\n\t\t\t\t<div class=\"elementor-element elementor-element-59f6492 elementor-widget elementor-widget-heading\" data-id=\"59f6492\" data-element_type=\"widget\" data-e-type=\"widget\" data-widget_type=\"heading.default\">\n\t\t\t\t<div class=\"elementor-widget-container\">\n\t\t\t\t\t<h1 class=\"elementor-heading-title elementor-size-default\">wype\u0142nij poni\u017cszy formularz <\/h1>\t\t\t\t<\/div>\n\t\t\t\t<\/div>\n\t\t\t\t<div class=\"elementor-element elementor-element-9b25f58 elementor-widget elementor-widget-heading\" data-id=\"9b25f58\" data-element_type=\"widget\" data-e-type=\"widget\" data-widget_type=\"heading.default\">\n\t\t\t\t<div class=\"elementor-widget-container\">\n\t\t\t\t\t<h3 class=\"elementor-heading-title elementor-size-default\">I uzyska\u0107:<\/h3>\t\t\t\t<\/div>\n\t\t\t\t<\/div>\n\t\t\t\t<div class=\"elementor-element elementor-element-4560646 elementor-headline--style-rotate elementor-widget elementor-widget-animated-headline\" data-id=\"4560646\" data-element_type=\"widget\" data-e-type=\"widget\" data-settings=\"{&quot;headline_style&quot;:&quot;rotate&quot;,&quot;animation_type&quot;:&quot;clip&quot;,&quot;rotating_text&quot;:&quot;Wszystkie dost\\u0119pne \\u0142odzie\\nwi\\u0119cej informacji na temat \\ndedykowanego mened\\u017cera, kt\\u00f3ry pomo\\u017ce Ci &quot;,&quot;loop&quot;:&quot;yes&quot;,&quot;rotate_iteration_delay&quot;:2500}\" data-widget_type=\"animated-headline.default\">\n\t\t\t\t<div class=\"elementor-widget-container\">\n\t\t\t\t\t\t\t<h3 class=\"elementor-headline elementor-headline-animation-type-clip\">\n\t\t\t\t<span class=\"elementor-headline-dynamic-wrapper elementor-headline-text-wrapper\">\n\t\t\t\t\t<span class=\"elementor-headline-dynamic-text elementor-headline-text-active\">\n\t\t\t\tWszystkie&nbsp;dost\u0119pne&nbsp;\u0142odzie\t\t\t<\/span>\n\t\t\t\t\t<span class=\"elementor-headline-dynamic-text\">\n\t\t\t\twi\u0119cej&nbsp;informacji&nbsp;na&nbsp;temat&nbsp;\t\t\t<\/span>\n\t\t\t\t\t<span class=\"elementor-headline-dynamic-text\">\n\t\t\t\tdedykowanego&nbsp;mened\u017cera,&nbsp;kt\u00f3ry&nbsp;pomo\u017ce&nbsp;Ci&nbsp;\t\t\t<\/span>\n\t\t\t\t\t\t<\/span>\n\t\t\t\t<\/h3>\n\t\t\t\t\t\t<\/div>\n\t\t\t\t<\/div>\n\t\t\t\t\t<\/div>\n\t\t<\/div>\n\t\t\t\t<div class=\"elementor-column elementor-col-33 elementor-top-column elementor-element elementor-element-23cedabe\" data-id=\"23cedabe\" data-element_type=\"column\" data-e-type=\"column\">\n\t\t\t<div class=\"elementor-widget-wrap\">\n\t\t\t\t\t\t\t<\/div>\n\t\t<\/div>\n\t\t\t\t\t<\/div>\n\t\t<\/section>\n\t\t\t\t<section class=\"elementor-section elementor-top-section elementor-element elementor-element-1e78b95d elementor-section-boxed elementor-section-height-default elementor-section-height-default\" data-id=\"1e78b95d\" data-element_type=\"section\" data-e-type=\"section\">\n\t\t\t\t\t\t<div class=\"elementor-container elementor-column-gap-default\">\n\t\t\t\t\t<div class=\"elementor-column elementor-col-100 elementor-top-column elementor-element elementor-element-1193442d\" data-id=\"1193442d\" data-element_type=\"column\" data-e-type=\"column\">\n\t\t\t<div class=\"elementor-widget-wrap elementor-element-populated\">\n\t\t\t\t\t\t<div class=\"elementor-element elementor-element-56d2ab0f elementor-widget elementor-widget-text-editor\" data-id=\"56d2ab0f\" data-element_type=\"widget\" data-e-type=\"widget\" data-widget_type=\"text-editor.default\">\n\t\t\t\t<div class=\"elementor-widget-container\">\n\t\t\t\t\t\t\t\t\t<h2 data-fontsize=\"26\" data-lineheight=\"52\">Pozw\u00f3l nam znale\u017a\u0107 najlepsz\u0105 \u0142\u00f3d\u017a do czarteru w Chorwacji<\/h2>\n<div> <\/div>\n<p>Mo\u017cemy sprawdzi\u0107 dost\u0119pno\u015b\u0107 wszystkich jacht\u00f3w czarterowych \u0142odzi w Chorwacji dla Ciebie i wys\u0142a\u0107 oferty na tw\u00f3j e-mail.<\/p>\n<p>Wystarczy wype\u0142ni\u0107 poni\u017cszy formularz, a otrzymasz najlepsze oferty \u0142odzi tak szybko, jak to mo\u017cliwe.<\/p>\n<h2>Jest to najprostszy spos\u00f3b dla Ciebie.<\/h2>\n<p>Twoje dane s\u0105 bezpieczne i nie b\u0119d\u0105 wykorzystywane do \u017cadnych innych cel\u00f3w.<\/p>\n<p>[contact-form-7 id=&#8221;4100&#8243; title=&#8221;Get a Quote&#8221;]<\/p>\n\t\t\t\t\t\t\t\t<\/div>\n\t\t\t\t<\/div>\n\t\t\t\t\t<\/div>\n\t\t<\/div>\n\t\t\t\t\t<\/div>\n\t\t<\/section>\n\t\t\t\t<\/div>\n\t\t","protected":false},"excerpt":{"rendered":"<p>Jest to najprostszy spos\u00f3b dla Ciebie wype\u0142nij poni\u017cszy formularz I uzyska\u0107: Pozw\u00f3l nam znale\u017a\u0107 najlepsz\u0105 \u0142\u00f3d\u017a do czarteru w Chorwacji Mo\u017cemy sprawdzi\u0107 dost\u0119pno\u015b\u0107 wszystkich jacht\u00f3w czarterowych \u0142odzi w Chorwacji dla Ciebie i wys\u0142a\u0107 oferty na tw\u00f3j e-mail. Wystarczy wype\u0142ni\u0107 poni\u017cszy formularz, a otrzymasz najlepsze oferty \u0142odzi tak szybko, jak to mo\u017cliwe. Jest to najprostszy spos\u00f3b [&hellip;]<\/p>\n","protected":false},"author":2,"featured_media":408270,"parent":0,"menu_order":0,"comment_status":"closed","ping_status":"closed","template":"","meta":{"footnotes":""},"class_list":["post-52612","page","type-page","status-publish","has-post-thumbnail","hentry"],"_links":{"self":[{"href":"https:\/\/skippercity.com\/pl\/wp-json\/wp\/v2\/pages\/52612","targetHints":{"allow":["GET"]}}],"collection":[{"href":"https:\/\/skippercity.com\/pl\/wp-json\/wp\/v2\/pages"}],"about":[{"href":"https:\/\/skippercity.com\/pl\/wp-json\/wp\/v2\/types\/page"}],"author":[{"embeddable":true,"href":"https:\/\/skippercity.com\/pl\/wp-json\/wp\/v2\/users\/2"}],"replies":[{"embeddable":true,"href":"https:\/\/skippercity.com\/pl\/wp-json\/wp\/v2\/comments?post=52612"}],"version-history":[{"count":0,"href":"https:\/\/skippercity.com\/pl\/wp-json\/wp\/v2\/pages\/52612\/revisions"}],"wp:featuredmedia":[{"embeddable":true,"href":"https:\/\/skippercity.com\/pl\/wp-json\/wp\/v2\/media\/408270"}],"wp:attachment":[{"href":"https:\/\/skippercity.com\/pl\/wp-json\/wp\/v2\/media?parent=52612"}],"curies":[{"name":"wp","href":"https:\/\/api.w.org\/{rel}","templated":true}]}}