{"id":52693,"date":"2017-11-15T22:25:11","date_gmt":"2017-11-15T22:25:11","guid":{"rendered":"https:\/\/www.skippercity.com\/skontaktuj-sie-z-nami\/"},"modified":"2025-03-22T22:25:07","modified_gmt":"2025-03-22T22:25:07","slug":"skontaktuj-sie-z-nami","status":"publish","type":"page","link":"https:\/\/skippercity.com\/pl\/skontaktuj-sie-z-nami\/","title":{"rendered":"Skontaktuj si\u0119 z nami"},"content":{"rendered":"\t\t<div data-elementor-type=\"wp-page\" data-elementor-id=\"52693\" class=\"elementor elementor-52693 elementor-1503\" data-elementor-post-type=\"page\">\n\t\t\t\t<div class=\"elementor-element elementor-element-5ee8829a e-con-full e-flex e-con e-parent\" data-id=\"5ee8829a\" data-element_type=\"container\" data-e-type=\"container\" data-settings=\"{&quot;background_background&quot;:&quot;classic&quot;}\">\n\t\t\t\t<div class=\"elementor-element elementor-element-29972400 elementor-widget elementor-widget-heading\" data-id=\"29972400\" data-element_type=\"widget\" data-e-type=\"widget\" data-widget_type=\"heading.default\">\n\t\t\t\t<div class=\"elementor-widget-container\">\n\t\t\t\t\t<h1 class=\"elementor-heading-title elementor-size-default\">Skontaktuj si\u0119 ze SkipperCity - ekspertem od czarteru jacht\u00f3w w Chorwacji<\/h1>\t\t\t\t<\/div>\n\t\t\t\t<\/div>\n\t\t\t\t<\/div>\n\t\t<div class=\"elementor-element elementor-element-894d52f e-con-full e-flex e-con e-parent\" data-id=\"894d52f\" data-element_type=\"container\" data-e-type=\"container\">\n\t\t<div class=\"elementor-element elementor-element-382053af e-con-full e-flex e-con e-child\" data-id=\"382053af\" data-element_type=\"container\" data-e-type=\"container\">\n\t\t\t\t<div class=\"elementor-element elementor-element-5e2d7f0c elementor-widget-divider--view-line elementor-widget elementor-widget-divider\" data-id=\"5e2d7f0c\" data-element_type=\"widget\" data-e-type=\"widget\" data-widget_type=\"divider.default\">\n\t\t\t\t<div class=\"elementor-widget-container\">\n\t\t\t\t\t\t\t<div class=\"elementor-divider\">\n\t\t\t<span class=\"elementor-divider-separator\">\n\t\t\t\t\t\t<\/span>\n\t\t<\/div>\n\t\t\t\t\t\t<\/div>\n\t\t\t\t<\/div>\n\t\t\t\t<\/div>\n\t\t\t\t<\/div>\n\t\t<div class=\"elementor-element elementor-element-79de9934 e-con-full e-flex e-con e-parent\" data-id=\"79de9934\" data-element_type=\"container\" data-e-type=\"container\">\n\t\t<div class=\"elementor-element elementor-element-9241096 e-con-full e-flex e-con e-child\" data-id=\"9241096\" data-element_type=\"container\" data-e-type=\"container\">\n\t\t\t\t<div class=\"elementor-element elementor-element-a2c8bc7 elementor-widget elementor-widget-text-editor\" data-id=\"a2c8bc7\" data-element_type=\"widget\" data-e-type=\"widget\" data-widget_type=\"text-editor.default\">\n\t\t\t\t<div class=\"elementor-widget-container\">\n\t\t\t\t\t\t\t\t\t<p data-pm-slice=\"1 1 []\">W SkipperCity specjalizujemy si\u0119 w tworzeniu niezapomnianych wra\u017ce\u0144 z czarteru jacht\u00f3w w Chorwacji. Niezale\u017cnie od tego, czy jeste\u015b gotowy do wyp\u0142yni\u0119cia, czy po prostu masz pytania, nasz oddany zesp\u00f3\u0142 jest tutaj, aby pom\u00f3c Ci na ka\u017cdym kroku. <\/p>\n<p>Wierzymy w zapewnienie spersonalizowanej obs\u0142ugi, szybkich odpowiedzi i wiedzy eksperckiej, aby \u017ceglarska przygoda by\u0142a p\u0142ynna i bezstresowa.<\/p>\n<div>\n<hr>\n<\/div>\n<h2><strong>Skontaktuj si\u0119 z nami<\/strong><\/h2>\n<p>Ch\u0119tnie si\u0119 z Tob\u0105 skontaktujemy! Skorzystaj z poni\u017cszego formularza kontaktowego lub skontaktuj si\u0119 z nami bezpo\u015brednio przez e-mail lub telefon. <\/p>\n<ul data-spread=\"false\">\n<li>\n<p><strong>Adres biura:<\/strong> SkipperCity.com, Blackbird One Ltd., 5 Secretary&#8217;s Lane, Gibraltar GX11 1AA<\/p>\n<\/li>\n<li>\n<p><strong>Telefon:<\/strong> +386 40 873 520<\/p>\n<\/li>\n<li>\n<p><strong>Email:<\/strong> <a>info@skippercity.com<\/a><\/p>\n<\/li>\n<\/ul>\n<p><strong>Godziny pracy:<\/strong><\/p>\n<ul data-spread=\"false\">\n<li>\n<p>Od poniedzia\u0142ku do pi\u0105tku: 9:00 &#8211; 18:00 (CET)<\/p>\n<\/li>\n<\/ul>\n<div>\n<hr>\n<\/div>\n<h2><strong>Dlaczego warto wybra\u0107 SkipperCity?<\/strong><\/h2>\n<ul data-spread=\"false\">\n<li>\n<p>Ponad 10 lat do\u015bwiadczenia w czarterach jacht\u00f3w w Chorwacji<\/p>\n<\/li>\n<li>\n<p>Dost\u0119pne luksusowe jachty, katamarany i \u017cagl\u00f3wki<\/p>\n<\/li>\n<li>\n<p>Indywidualne trasy rejs\u00f3w z lokaln\u0105 wiedz\u0105 i do\u015bwiadczeniem<\/p>\n<\/li>\n<li>\n<p>Dedykowany zesp\u00f3\u0142 obs\u0142ugi klienta<\/p>\n<\/li>\n<\/ul>\n<div>\n<hr>\n<\/div>\n<h2>Og\u00f3lne informacje o firmie<\/h2>\n<p><strong>Nazwa firmy:<\/strong> Blackbird One Ltd.<\/p>\n<p><strong>Siedziba statutowa:<\/strong> 5 Secretary&#8217;s Lane, Gibraltar GX11 1AA<\/p>\n<p><strong>Numer firmy:<\/strong> 114712<\/p>\n<p><strong>Numer VAT:<\/strong> GI665887<\/p>\n<p><strong>Typ sp\u00f3\u0142ki:<\/strong> Sp\u00f3\u0142ka prywatna z ograniczon\u0105 odpowiedzialno\u015bci\u0105<\/p>\n<p><strong>Data za\u0142o\u017cenia:<\/strong> \u015aroda, 3 sierpnia 2016 r.<\/p>\n<p><strong>Uniwersalny kod podmiotu:<\/strong> 1218-0731-6129-3170<\/p>\n<hr class=\"\" data-start=\"1818\" data-end=\"1821\">\n\t\t\t\t\t\t\t\t<\/div>\n\t\t\t\t<\/div>\n\t\t\t\t<div class=\"elementor-element elementor-element-1eacc25 elementor-widget elementor-widget-text-editor\" data-id=\"1eacc25\" data-element_type=\"widget\" data-e-type=\"widget\" data-widget_type=\"text-editor.default\">\n\t\t\t\t<div class=\"elementor-widget-container\">\n\t\t\t\t\t\t\t\t\t<h2>Oto prosty spos\u00f3b na skontaktowanie si\u0119 z nami<\/h2>\n<p>Wype\u0142nij poni\u017cszy formularz, a my skontaktujemy si\u0119 z Tob\u0105 jak najszybciej.<\/p>\n<p><em data-start=\"1097\" data-end=\"1136\">Zazwyczaj odpowiadamy w ci\u0105gu 24 godzin.<\/em><\/p>\n\t\t\t\t\t\t\t\t<\/div>\n\t\t\t\t<\/div>\n\t\t\t\t<div class=\"elementor-element elementor-element-edcfc63 elementor-button-align-end elementor-widget elementor-widget-form\" data-id=\"edcfc63\" data-element_type=\"widget\" data-e-type=\"widget\" data-settings=\"{&quot;step_next_label&quot;:&quot;Dalej&quot;,&quot;step_previous_label&quot;:&quot;Wstecz&quot;,&quot;button_width&quot;:&quot;100&quot;,&quot;step_type&quot;:&quot;number_text&quot;,&quot;step_icon_shape&quot;:&quot;circle&quot;}\" data-widget_type=\"form.default\">\n\t\t\t\t<div class=\"elementor-widget-container\">\n\t\t\t\t\t\t\t<form class=\"elementor-form\" method=\"post\" name=\"Skontaktuj si\u0119 z nami strona\" aria-label=\"Skontaktuj si\u0119 z nami strona\">\n\t\t\t<input type=\"hidden\" name=\"post_id\" value=\"52693\"\/>\n\t\t\t<input type=\"hidden\" name=\"form_id\" value=\"edcfc63\"\/>\n\t\t\t<input type=\"hidden\" name=\"referer_title\" value=\"Skontaktuj si\u0119 z SkipperCity | Czarter jacht\u00f3w w Chorwacji\" \/>\n\n\t\t\t\t\t\t\t<input type=\"hidden\" name=\"queried_id\" value=\"52693\"\/>\n\t\t\t\n\t\t\t<div class=\"elementor-form-fields-wrapper elementor-labels-above\">\n\t\t\t\t\t\t\t\t<div class=\"elementor-field-type-text elementor-field-group elementor-column elementor-field-group-name elementor-col-50 elementor-field-required elementor-mark-required\">\n\t\t\t\t\t\t\t\t\t\t\t\t\t<input size=\"1\" type=\"text\" name=\"form_fields[name]\" id=\"form-field-name\" class=\"elementor-field elementor-size-md  elementor-field-textual\" placeholder=\"Twoje imi\u0119 i nazwisko\" required=\"required\">\n\t\t\t\t\t\t\t\t\t\t\t<\/div>\n\t\t\t\t\t\t\t\t<div class=\"elementor-field-type-email elementor-field-group elementor-column elementor-field-group-email elementor-col-50 elementor-field-required elementor-mark-required\">\n\t\t\t\t\t\t\t\t\t\t\t\t\t<input size=\"1\" type=\"email\" name=\"form_fields[email]\" id=\"form-field-email\" class=\"elementor-field elementor-size-md  elementor-field-textual\" placeholder=\"Tw\u00f3j adres e-mail\" required=\"required\">\n\t\t\t\t\t\t\t\t\t\t\t<\/div>\n\t\t\t\t\t\t\t\t<div class=\"elementor-field-type-textarea elementor-field-group elementor-column elementor-field-group-message elementor-col-100 elementor-field-required elementor-mark-required\">\n\t\t\t\t\t<textarea class=\"elementor-field-textual elementor-field  elementor-size-md\" name=\"form_fields[message]\" id=\"form-field-message\" rows=\"4\" placeholder=\"Jak mo\u017cemy Ci pom\u00f3c?\" required=\"required\"><\/textarea>\t\t\t\t<\/div>\n\t\t\t\t\t\t\t\t<div class=\"elementor-field-type-recaptcha_v3 elementor-field-group elementor-column elementor-field-group-field_5be8171 elementor-col-100 recaptcha_v3-bottomright\">\n\t\t\t\t\t<div class=\"elementor-field\" id=\"form-field-field_5be8171\"><div class=\"elementor-g-recaptcha\" data-sitekey=\"6LfHt6kZAAAAANj-dshT1u2Pnh9JOR8ReW8dzxG1\" data-type=\"v3\" data-action=\"Form\" data-badge=\"bottomright\" data-size=\"invisible\"><\/div><\/div>\t\t\t\t<\/div>\n\t\t\t\t\t\t\t\t<div class=\"elementor-field-group elementor-column elementor-field-type-submit elementor-col-100 e-form__buttons\">\n\t\t\t\t\t<button class=\"elementor-button elementor-size-sm\" type=\"submit\">\n\t\t\t\t\t\t<span class=\"elementor-button-content-wrapper\">\n\t\t\t\t\t\t\t\t\t\t\t\t\t\t\t\t\t\t\t\t\t\t<span class=\"elementor-button-text\">Wy\u015blij<\/span>\n\t\t\t\t\t\t\t\t\t\t\t\t\t<\/span>\n\t\t\t\t\t<\/button>\n\t\t\t\t<\/div>\n\t\t\t<\/div>\n\t\t<\/form>\n\t\t\t\t\t\t<\/div>\n\t\t\t\t<\/div>\n\t\t\t\t<\/div>\n\t\t<div class=\"elementor-element elementor-element-7ae4eb58 e-con-full e-flex e-con e-child\" data-id=\"7ae4eb58\" data-element_type=\"container\" data-e-type=\"container\">\n\t\t\t\t<div class=\"elementor-element elementor-element-3ef887c6 elementor-widget elementor-widget-template\" data-id=\"3ef887c6\" data-element_type=\"widget\" data-e-type=\"widget\" data-widget_type=\"template.default\">\n\t\t\t\t<div class=\"elementor-widget-container\">\n\t\t\t\t\t\t\t<div class=\"elementor-template\">\n\t\t\t\t\t<div data-elementor-type=\"section\" data-elementor-id=\"77217\" class=\"elementor elementor-77217 elementor-76339\" data-elementor-post-type=\"elementor_library\">\n\t\t\t\t\t<section class=\"elementor-section elementor-inner-section elementor-element elementor-element-457e679b elementor-section-full_width elementor-section-height-min-height elementor-section-content-middle elementor-section-height-default\" data-id=\"457e679b\" data-element_type=\"section\" data-e-type=\"section\" data-settings=\"{&quot;background_background&quot;:&quot;classic&quot;}\">\n\t\t\t\t\t\t\t<div class=\"elementor-background-overlay\"><\/div>\n\t\t\t\t\t\t\t<div class=\"elementor-container elementor-column-gap-default\">\n\t\t\t\t\t<div class=\"elementor-column elementor-col-100 elementor-inner-column elementor-element elementor-element-33d83c77\" data-id=\"33d83c77\" data-element_type=\"column\" data-e-type=\"column\">\n\t\t\t<div class=\"elementor-widget-wrap elementor-element-populated\">\n\t\t\t\t\t\t<div class=\"elementor-element elementor-element-26c46f13 elementor-widget elementor-widget-text-editor\" data-id=\"26c46f13\" data-element_type=\"widget\" data-e-type=\"widget\" data-widget_type=\"text-editor.default\">\n\t\t\t\t<div class=\"elementor-widget-container\">\n\t\t\t\t\t\t\t\t\t<p style=\"text-align: center;\">Szukasz \u0142odzi?<\/p>\n\t\t\t\t\t\t\t\t<\/div>\n\t\t\t\t<\/div>\n\t\t\t\t<div class=\"elementor-element elementor-element-7116d3fc elementor-align-center elementor-widget elementor-widget-button\" data-id=\"7116d3fc\" data-element_type=\"widget\" data-e-type=\"widget\" data-widget_type=\"button.default\">\n\t\t\t\t<div class=\"elementor-widget-container\">\n\t\t\t\t\t\t\t\t\t<div class=\"elementor-button-wrapper\">\n\t\t\t\t\t<a class=\"elementor-button elementor-button-link elementor-size-md\" href=\"https:\/\/skippercity.com\/pl\/uzyskaj-wycene-czarter-jachtow-chorwacja-2\/\" target=\"_blank\">\n\t\t\t\t\t\t<span class=\"elementor-button-content-wrapper\">\n\t\t\t\t\t\t\t\t\t<span class=\"elementor-button-text\">UZYSKAJ BEZP\u0141ATN\u0104 WYCEN\u0118<\/span>\n\t\t\t\t\t<\/span>\n\t\t\t\t\t<\/a>\n\t\t\t\t<\/div>\n\t\t\t\t\t\t\t\t<\/div>\n\t\t\t\t<\/div>\n\t\t\t\t\t<\/div>\n\t\t<\/div>\n\t\t\t\t\t<\/div>\n\t\t<\/section>\n\t\t\t\t<\/div>\n\t\t\t\t<\/div>\n\t\t\t\t\t\t<\/div>\n\t\t\t\t<\/div>\n\t\t\t\t<\/div>\n\t\t\t\t<\/div>\n\t\t\t\t<\/div>\n\t\t","protected":false},"excerpt":{"rendered":"<p>SkipperCity jest zaufanym partnerem w zakresie niezapomnianych czarter\u00f3w jacht\u00f3w w Chorwacji. Dzi\u0119ki dziesi\u0119cioletniemu do\u015bwiadczeniu, wyj\u0105tkowej obs\u0142udze klienta i spersonalizowanym trasom \u017ceglarskim, jeste\u015bmy tutaj, aby pom\u00f3c Ci stworzy\u0107 idealne wakacje pod \u017caglami wzd\u0142u\u017c osza\u0142amiaj\u0105cego wybrze\u017ca Adriatyku. <\/p>\n","protected":false},"author":2,"featured_media":16242,"parent":0,"menu_order":0,"comment_status":"closed","ping_status":"closed","template":"","meta":{"footnotes":""},"class_list":["post-52693","page","type-page","status-publish","has-post-thumbnail","hentry"],"_links":{"self":[{"href":"https:\/\/skippercity.com\/pl\/wp-json\/wp\/v2\/pages\/52693","targetHints":{"allow":["GET"]}}],"collection":[{"href":"https:\/\/skippercity.com\/pl\/wp-json\/wp\/v2\/pages"}],"about":[{"href":"https:\/\/skippercity.com\/pl\/wp-json\/wp\/v2\/types\/page"}],"author":[{"embeddable":true,"href":"https:\/\/skippercity.com\/pl\/wp-json\/wp\/v2\/users\/2"}],"replies":[{"embeddable":true,"href":"https:\/\/skippercity.com\/pl\/wp-json\/wp\/v2\/comments?post=52693"}],"version-history":[{"count":0,"href":"https:\/\/skippercity.com\/pl\/wp-json\/wp\/v2\/pages\/52693\/revisions"}],"wp:featuredmedia":[{"embeddable":true,"href":"https:\/\/skippercity.com\/pl\/wp-json\/wp\/v2\/media\/16242"}],"wp:attachment":[{"href":"https:\/\/skippercity.com\/pl\/wp-json\/wp\/v2\/media?parent=52693"}],"curies":[{"name":"wp","href":"https:\/\/api.w.org\/{rel}","templated":true}]}}