{"id":52991,"date":"2017-11-15T21:24:45","date_gmt":"2017-11-15T21:24:45","guid":{"rendered":"https:\/\/www.skippercity.com\/wypozyczalnia-lodzi-chorwacja\/"},"modified":"2024-02-21T12:24:45","modified_gmt":"2024-02-21T12:24:45","slug":"wypozyczalnia-lodzi-chorwacja","status":"publish","type":"page","link":"https:\/\/skippercity.com\/pl\/wypozyczalnia-lodzi-chorwacja\/","title":{"rendered":"Wypo\u017cyczalnia \u0142odzi Chorwacja"},"content":{"rendered":"\t\t<div data-elementor-type=\"wp-page\" data-elementor-id=\"52991\" class=\"elementor elementor-52991 elementor-1472\" data-elementor-post-type=\"page\">\n\t\t\t\t<div class=\"elementor-element elementor-element-6042987 e-con-full e-flex e-con e-parent\" data-id=\"6042987\" data-element_type=\"container\" data-e-type=\"container\" data-settings=\"{&quot;background_background&quot;:&quot;classic&quot;}\">\n\t\t\t\t<\/div>\n\t\t\t\t<section class=\"elementor-section elementor-top-section elementor-element elementor-element-6ac0cb3c elementor-section-full_width elementor-section-height-default elementor-section-height-default\" data-id=\"6ac0cb3c\" data-element_type=\"section\" data-e-type=\"section\">\n\t\t\t\t\t\t<div class=\"elementor-container elementor-column-gap-default\">\n\t\t\t\t\t<div class=\"elementor-column elementor-col-25 elementor-top-column elementor-element elementor-element-6105046c\" data-id=\"6105046c\" data-element_type=\"column\" data-e-type=\"column\">\n\t\t\t<div class=\"elementor-widget-wrap elementor-element-populated\">\n\t\t\t\t\t\t<div class=\"elementor-element elementor-element-27770b8e elementor-toc--minimized-on-tablet elementor-widget elementor-widget-table-of-contents\" data-id=\"27770b8e\" data-element_type=\"widget\" data-e-type=\"widget\" data-settings=\"{&quot;exclude_headings_by_selector&quot;:[],&quot;marker_view&quot;:&quot;bullets&quot;,&quot;headings_by_tags&quot;:[&quot;h2&quot;,&quot;h3&quot;,&quot;h4&quot;,&quot;h5&quot;,&quot;h6&quot;],&quot;icon&quot;:{&quot;value&quot;:&quot;fas fa-circle&quot;,&quot;library&quot;:&quot;fa-solid&quot;,&quot;rendered_tag&quot;:&quot;&lt;svg class=\\&quot;e-font-icon-svg e-fas-circle\\&quot; viewBox=\\&quot;0 0 512 512\\&quot; xmlns=\\&quot;http:\\\/\\\/www.w3.org\\\/2000\\\/svg\\&quot;&gt;&lt;path d=\\&quot;M256 8C119 8 8 119 8 256s111 248 248 248 248-111 248-248S393 8 256 8z\\&quot;&gt;&lt;\\\/path&gt;&lt;\\\/svg&gt;&quot;},&quot;no_headings_message&quot;:&quot;No headings were found on this page.&quot;,&quot;minimize_box&quot;:&quot;yes&quot;,&quot;minimized_on&quot;:&quot;tablet&quot;,&quot;hierarchical_view&quot;:&quot;yes&quot;,&quot;min_height&quot;:{&quot;unit&quot;:&quot;px&quot;,&quot;size&quot;:&quot;&quot;,&quot;sizes&quot;:[]},&quot;min_height_tablet&quot;:{&quot;unit&quot;:&quot;px&quot;,&quot;size&quot;:&quot;&quot;,&quot;sizes&quot;:[]},&quot;min_height_mobile&quot;:{&quot;unit&quot;:&quot;px&quot;,&quot;size&quot;:&quot;&quot;,&quot;sizes&quot;:[]}}\" data-widget_type=\"table-of-contents.default\">\n\t\t\t\t<div class=\"elementor-widget-container\">\n\t\t\t\t\t\t\t\t\t<div class=\"elementor-toc__header\">\n\t\t\t\t\t\t<h4 class=\"elementor-toc__header-title\">\n\t\t\t\tSpis tre\u015bci\t\t\t<\/h4>\n\t\t\t\t\t\t\t\t\t\t<div class=\"elementor-toc__toggle-button elementor-toc__toggle-button--expand\" role=\"button\" tabindex=\"0\" aria-controls=\"elementor-toc__27770b8e\" aria-expanded=\"true\" aria-label=\"Open table of contents\"><svg aria-hidden=\"true\" class=\"e-font-icon-svg e-fas-chevron-down\" viewBox=\"0 0 448 512\" xmlns=\"http:\/\/www.w3.org\/2000\/svg\"><path d=\"M207.029 381.476L12.686 187.132c-9.373-9.373-9.373-24.569 0-33.941l22.667-22.667c9.357-9.357 24.522-9.375 33.901-.04L224 284.505l154.745-154.021c9.379-9.335 24.544-9.317 33.901.04l22.667 22.667c9.373 9.373 9.373 24.569 0 33.941L240.971 381.476c-9.373 9.372-24.569 9.372-33.942 0z\"><\/path><\/svg><\/div>\n\t\t\t\t<div class=\"elementor-toc__toggle-button elementor-toc__toggle-button--collapse\" role=\"button\" tabindex=\"0\" aria-controls=\"elementor-toc__27770b8e\" aria-expanded=\"true\" aria-label=\"Close table of contents\"><svg aria-hidden=\"true\" class=\"e-font-icon-svg e-fas-chevron-up\" viewBox=\"0 0 448 512\" xmlns=\"http:\/\/www.w3.org\/2000\/svg\"><path d=\"M240.971 130.524l194.343 194.343c9.373 9.373 9.373 24.569 0 33.941l-22.667 22.667c-9.357 9.357-24.522 9.375-33.901.04L224 227.495 69.255 381.516c-9.379 9.335-24.544 9.317-33.901-.04l-22.667-22.667c-9.373-9.373-9.373-24.569 0-33.941L207.03 130.525c9.372-9.373 24.568-9.373 33.941-.001z\"><\/path><\/svg><\/div>\n\t\t\t\t\t<\/div>\n\t\t\t\t<div id=\"elementor-toc__27770b8e\" class=\"elementor-toc__body\">\n\t\t\t<div class=\"elementor-toc__spinner-container\">\n\t\t\t\t<svg class=\"elementor-toc__spinner eicon-animation-spin e-font-icon-svg e-eicon-loading\" aria-hidden=\"true\" viewBox=\"0 0 1000 1000\" xmlns=\"http:\/\/www.w3.org\/2000\/svg\"><path d=\"M500 975V858C696 858 858 696 858 500S696 142 500 142 142 304 142 500H25C25 237 238 25 500 25S975 237 975 500 763 975 500 975Z\"><\/path><\/svg>\t\t\t<\/div>\n\t\t<\/div>\n\t\t\t\t\t\t<\/div>\n\t\t\t\t<\/div>\n\t\t\t\t\t<\/div>\n\t\t<\/div>\n\t\t\t\t<div class=\"elementor-column elementor-col-50 elementor-top-column elementor-element elementor-element-5f305314\" data-id=\"5f305314\" data-element_type=\"column\" data-e-type=\"column\">\n\t\t\t<div class=\"elementor-widget-wrap elementor-element-populated\">\n\t\t\t\t\t\t<div class=\"elementor-element elementor-element-38e8ec5b elementor-widget elementor-widget-text-editor\" data-id=\"38e8ec5b\" data-element_type=\"widget\" data-e-type=\"widget\" data-widget_type=\"text-editor.default\">\n\t\t\t\t<div class=\"elementor-widget-container\">\n\t\t\t\t\t\t\t\t\t<h1>Wynajem \u0142odzi w Chorwacji<\/h1>\n<p>Chorwacja, z jej osza\u0142amiaj\u0105c\u0105 lini\u0105 brzegow\u0105, krystalicznie czystymi wodami i tysi\u0105cami wysp, jest wymarzonym miejscem dla tych, kt\u00f3rzy szukaj\u0105 niezapomnianych wra\u017ce\u0144 \u017ceglarskich. Niezale\u017cnie od tego, czy jeste\u015b do\u015bwiadczonym \u017ceglarzem, czy pocz\u0105tkuj\u0105cym, istnieje opcja wynajmu \u0142odzi, kt\u00f3ra odpowiada Twoim potrzebom. W tym przewodniku om\u00f3wimy r\u00f3\u017cne rodzaje wynajmu \u0142odzi dost\u0119pne w Chorwacji, koszty w 2024 r. oraz pi\u0119\u0107 najlepszych miejsc do czarteru jacht\u00f3w.<\/p>\n<h2>Dlaczego Chorwacja?<\/h2>\n<p>Chorwacja oferuje jedne z najpi\u0119kniejszych miejsc do \u017ceglowania na \u015bwiecie. Jego linia brzegowa usiana jest tysi\u0105cami wysp, z kt\u00f3rych ka\u017cda ma sw\u00f3j niepowtarzalny urok. Od historycznych miast Split i Dubrownik po zaciszne zatoczki Wysp Kornati &#8211; w Chorwacji ka\u017cdy znajdzie co\u015b dla siebie. \u015ar\u00f3dziemnomorski klimat tego kraju, ciep\u0142e wody i \u0142agodne wiatry sprawiaj\u0105, \u017ce jest to idealne miejsce do \u017ceglowania.<\/p>\n<p><img fetchpriority=\"high\" decoding=\"async\" class=\"alignnone size-full wp-image-412487\" src=\"https:\/\/skippercity.com\/vsebina\/uploads\/yacht-charter-catamaran-rental.jpeg\" alt=\"katamaran czarter chorwacji\" width=\"1200\" height=\"717\" srcset=\"https:\/\/skippercity.com\/vsebina\/uploads\/yacht-charter-catamaran-rental.jpeg 1200w, https:\/\/skippercity.com\/vsebina\/uploads\/yacht-charter-catamaran-rental-768x459.jpeg 768w, https:\/\/skippercity.com\/vsebina\/uploads\/yacht-charter-catamaran-rental-700x418.jpeg 700w\" sizes=\"(max-width: 1200px) 100vw, 1200px\" \/><\/p>\n<h2>Rodzaje wypo\u017cyczalni \u0142odzi<\/h2>\n<h3>Karta ze sternikiem<\/h3>\n<p>Idealny dla tych, kt\u00f3rzy chc\u0105 si\u0119 zrelaksowa\u0107 i cieszy\u0107 podr\u00f3\u017c\u0105 bez martwienia si\u0119 o nawigacj\u0119 lub obs\u0142ug\u0119 \u0142odzi. <a href=\"https:\/\/skippercity.com\/pl\/skippered-yacht-charter-chorwacja\/\">Profesjonalny skipper<\/a> zajmie si\u0119 wszystkim, od sterowania po cumowanie, podczas gdy Ty b\u0119dziesz rozkoszowa\u0107 si\u0119 pi\u0119knem Adriatyku.<\/p>\n<h3><strong>Czarter z za\u0142og\u0105<\/strong><\/h3>\n<p>Aby zapewni\u0107 sobie prawdziwie luksusowe wra\u017cenia, warto wybra\u0107 <a href=\"https:\/\/skippercity.com\/pl\/czarter-jachtow-zalogowych-chorwacja\/\">czarter z za\u0142og\u0105<\/a>. Opr\u00f3cz kapitana, b\u0119dziesz mie\u0107 szefa kuchni i innych cz\u0142onk\u00f3w za\u0142ogi, kt\u00f3rzy zaspokoj\u0105 ka\u017cd\u0105 twoj\u0105 potrzeb\u0119. Ta opcja jest idealna dla tych, kt\u00f3rzy chc\u0105 by\u0107 rozpieszczani i cieszy\u0107 si\u0119 pi\u0119ciogwiazdkowymi wakacjami pod \u017caglami.<\/p>\n<h3><strong>Wynajem \u0142odzi<\/strong><\/h3>\n<p>Je\u015bli masz do\u015bwiadczenie \u017ceglarskie i niezb\u0119dne kwalifikacje, mo\u017cesz zdecydowa\u0107 si\u0119 na wynajem jachtu bez za\u0142ogi. Dzi\u0119ki tej opcji b\u0119dziesz kapitanem w\u0142asnego statku, odpowiedzialnym za nawigacj\u0119, cumowanie i wszystkie inne aspekty \u017ceglowania. To \u015bwietny spos\u00f3b na odkrywanie chorwackiego wybrze\u017ca we w\u0142asnym tempie.<\/p>\n<p><img decoding=\"async\" class=\"alignnone size-full wp-image-412448\" src=\"https:\/\/skippercity.com\/vsebina\/uploads\/2.jpg\" alt=\"katamaran czarter chorwacji\" width=\"698\" height=\"466\"><\/p>\n<h2>Rodzaje \u0142odzi<\/h2>\n<h3><strong>\u017baglowce<\/strong><\/h3>\n<p>Najbardziej tradycyjny i romantyczny spos\u00f3b na zwiedzanie Adriatyku, \u017cagl\u00f3wki oferuj\u0105 spokojne i przyjazne dla \u015brodowiska do\u015bwiadczenie \u017ceglarskie. S\u0105 idealne dla tych, kt\u00f3rzy chc\u0105 cieszy\u0107 si\u0119 spokojem morza i szumem wiatru w \u017caglach.<\/p>\n<h3><strong>Katamarany<\/strong><\/h3>\n<p>Znane ze swojej stabilno\u015bci i przestronno\u015bci <a href=\"https:\/\/skippercity.com\/pl\/katamaran-czarter-chorwacja\/\">katamarany<\/a> s\u0105 popularnym wyborem dla rodzin i wi\u0119kszych grup. Z wieloma kabinami i du\u017c\u0105 przestrzeni\u0105 na pok\u0142adzie, oferuj\u0105 komfort i luksus podczas \u017ceglugi.<\/p>\n<h3><strong>Motor\u00f3wki<\/strong><\/h3>\n<p>Je\u015bli pr\u0119dko\u015b\u0107 jest tym, czego szukasz, motor\u00f3wka jest najlepszym rozwi\u0105zaniem. Dzi\u0119ki mocnym silnikom \u0142odzie te mog\u0105 szybko przewie\u017a\u0107 ci\u0119 z jednego miejsca do drugiego, pozwalaj\u0105c ci pokona\u0107 wi\u0119cej terenu w kr\u00f3tszym czasie.<\/p>\n<p><img decoding=\"async\" class=\"alignnone size-full wp-image-412396\" src=\"https:\/\/skippercity.com\/vsebina\/uploads\/catamaran-charter-croatia-1.jpg\" alt=\"katamaran czarter chorwacji\" width=\"1920\" height=\"932\" srcset=\"https:\/\/skippercity.com\/vsebina\/uploads\/catamaran-charter-croatia-1.jpg 1920w, https:\/\/skippercity.com\/vsebina\/uploads\/catamaran-charter-croatia-1-768x373.jpg 768w, https:\/\/skippercity.com\/vsebina\/uploads\/catamaran-charter-croatia-1-1536x746.jpg 1536w, https:\/\/skippercity.com\/vsebina\/uploads\/catamaran-charter-croatia-1-700x340.jpg 700w\" sizes=\"(max-width: 1920px) 100vw, 1920px\" \/><\/p>\n<h2>Obszary \u017ceglarskie<\/h2>\n<h3><strong>Split<\/strong><\/h3>\n<p>Jako jedno z najpopularniejszych miejsc \u017ceglarskich w Chorwacji, Split oferuje idealne po\u0142\u0105czenie historii, kultury i naturalnego pi\u0119kna. Od staro\u017cytnego Pa\u0142acu Dioklecjana po wspania\u0142e wyspy Hvar i Vis, w Splicie ka\u017cdy znajdzie co\u015b dla siebie.<\/p>\n<h3><strong>Zadar<\/strong><\/h3>\n<p>Dzi\u0119ki unikalnej mieszance wp\u0142yw\u00f3w rzymskich, bizantyjskich i weneckich, Zadar jest uroczym miastem, kt\u00f3re idealnie nadaje si\u0119 do zwiedzania \u0142odzi\u0105. Pobliski Park Narodowy Wysp Kornati jest obowi\u0105zkowym miejscem do odwiedzenia ze wzgl\u0119du na zapieraj\u0105ce dech w piersiach krajobrazy i krystalicznie czyste wody.<\/p>\n<h3><strong>Trogir<\/strong><\/h3>\n<p>Znany jako &#8222;Ma\u0142a Wenecja&#8221; Chorwacji, Trogir jest wpisany na List\u0119 \u015awiatowego Dziedzictwa UNESCO i najlepiej zwiedza\u0107 go \u0142odzi\u0105. Dzi\u0119ki w\u0105skim uliczkom, zabytkowym budynkom i malowniczemu nabrze\u017cu, Trogir jest zachwycaj\u0105cy do odkrycia.<\/p>\n<h3><strong>Dubrownik<\/strong><\/h3>\n<p>S\u0142yn\u0105cy ze \u015bredniowiecznych mur\u00f3w i osza\u0142amiaj\u0105cej architektury Dubrownik jest obowi\u0105zkowym celem podr\u00f3\u017cy ka\u017cdego mi\u0142o\u015bnika \u017ceglarstwa. Pobliskie wyspy Elafiti oferuj\u0105 dziewicze pla\u017ce i zaciszne zatoczki, idealne na dzie\u0144 relaksu.<\/p>\n<h3><strong>Sibenik<\/strong><\/h3>\n<p>Po\u0142o\u017cony w samym sercu Dalmacji Szybenik to urocze miasto o bogatej historii i osza\u0142amiaj\u0105cym pi\u0119knie przyrody. Pobliski Park Narodowy Krka to raj dla mi\u0142o\u015bnik\u00f3w przyrody, z wodospadami, jeziorami i bujnymi lasami.<\/p>\n<p><img loading=\"lazy\" decoding=\"async\" class=\"alignnone size-full wp-image-412382\" src=\"https:\/\/skippercity.com\/vsebina\/uploads\/croatia-catamaran-charter.jpg\" alt=\"czarter katamaranu chorwacja\" width=\"1600\" height=\"900\" srcset=\"https:\/\/skippercity.com\/vsebina\/uploads\/croatia-catamaran-charter.jpg 1600w, https:\/\/skippercity.com\/vsebina\/uploads\/croatia-catamaran-charter-768x432.jpg 768w, https:\/\/skippercity.com\/vsebina\/uploads\/croatia-catamaran-charter-1536x864.jpg 1536w, https:\/\/skippercity.com\/vsebina\/uploads\/croatia-catamaran-charter-500x281.jpg 500w, https:\/\/skippercity.com\/vsebina\/uploads\/croatia-catamaran-charter-700x394.jpg 700w\" sizes=\"(max-width: 1600px) 100vw, 1600px\" \/><\/p>\n<h2>Koszt wynajmu \u0142odzi w 2024 r.<\/h2>\n<p>Koszt wynajmu \u0142odzi w Chorwacji r\u00f3\u017cni si\u0119 w zale\u017cno\u015bci od rodzaju \u0142odzi, wielko\u015bci \u0142odzi, czasu trwania wynajmu i pory roku. Od 2024 r. \u015bredni koszt wynajmu \u0142odzi bez za\u0142ogi w Chorwacji wynosi oko\u0142o 2 000-4 000 EUR tygodniowo za \u017cagl\u00f3wk\u0119, 3 000-6 000 EUR tygodniowo za katamaran i 4 000-8 000 EUR tygodniowo za motor\u00f3wk\u0119.<\/p>\n<p>Czartery ze sternikiem i za\u0142og\u0105 s\u0105 dro\u017csze, a ceny wahaj\u0105 si\u0119 od 5 000 do 15 000 euro za tydzie\u0144 za \u017cagl\u00f3wk\u0119, od 8 000 do 20 000 euro za tydzie\u0144 za katamaran i od 10 000 do 30 000 euro za tydzie\u0144 za motor\u00f3wk\u0119.<\/p>\n<p><img loading=\"lazy\" decoding=\"async\" class=\"alignnone size-full wp-image-412504\" src=\"https:\/\/skippercity.com\/vsebina\/uploads\/Mooring-and-Docking-Costs-in-Croatia-A-Comprehensive-Overview.jpg\" alt=\"Koszty cumowania i dokowania w Chorwacji - kompleksowy przegl\u0105d\" width=\"1280\" height=\"853\" srcset=\"https:\/\/skippercity.com\/vsebina\/uploads\/Mooring-and-Docking-Costs-in-Croatia-A-Comprehensive-Overview.jpg 1280w, https:\/\/skippercity.com\/vsebina\/uploads\/Mooring-and-Docking-Costs-in-Croatia-A-Comprehensive-Overview-768x512.jpg 768w, https:\/\/skippercity.com\/vsebina\/uploads\/Mooring-and-Docking-Costs-in-Croatia-A-Comprehensive-Overview-700x466.jpg 700w\" sizes=\"(max-width: 1280px) 100vw, 1280px\" \/><\/p>\n<h2>Jak wynaj\u0105\u0107 \u0142\u00f3d\u017a w Chorwacji: Przewodnik krok po kroku<\/h2>\n<p>Osza\u0142amiaj\u0105ca linia brzegowa Chorwacji, krystalicznie czyste wody i tysi\u0105ce wysp sprawiaj\u0105, \u017ce jest to idealne miejsce dla mi\u0142o\u015bnik\u00f3w \u017ceglarstwa. Niezale\u017cnie od tego, czy jeste\u015b do\u015bwiadczonym \u017ceglarzem, czy nowicjuszem, wynajem \u0142odzi w Chorwacji to fantastyczny spos\u00f3b na zwiedzanie Morza Adriatyckiego i odkrywanie ukrytych klejnot\u00f3w tego kraju. Oto przewodnik krok po kroku, jak wynaj\u0105\u0107 \u0142\u00f3d\u017a w Chorwacji:<\/p>\n<h3>Okre\u015bl sw\u00f3j bud\u017cet i preferencje<\/h3>\n<p>Zanim zaczniesz szuka\u0107 wypo\u017cyczalni \u0142odzi, wa\u017cne jest, aby okre\u015bli\u0107 sw\u00f3j bud\u017cet i preferencje. We\u017a pod uwag\u0119 rozmiar \u0142odzi, liczb\u0119 kabin i wymagane udogodnienia. Zdecyduj, czy chcesz skorzysta\u0107 z czarteru ze skipperem, czarteru z za\u0142og\u0105 czy wynajmu bez za\u0142ogi.<\/p>\n<h3>Wyb\u00f3r wypo\u017cyczalni \u0142odzi<\/h3>\n<p>W Chorwacji istnieje kilka firm wynajmuj\u0105cych \u0142odzie, wi\u0119c wa\u017cne jest, aby przeprowadzi\u0107 badania i wybra\u0107 renomowan\u0105 firm\u0119. Przeczytaj recenzje, sprawd\u017a ich flot\u0119 \u0142odzi i zapytaj o ich us\u0142ugi. Niekt\u00f3re z popularnych firm wynajmuj\u0105cych \u0142odzie w Chorwacji to SkipperCity, Sail Croatia, The Moorings, Dream Yacht Charter i NauticEd.<\/p>\n<h3>Wybierz obszar \u017ceglowania<\/h3>\n<p>Chorwacja oferuje r\u00f3\u017cnorodne obszary \u017ceglarskie, z kt\u00f3rych ka\u017cdy ma sw\u00f3j niepowtarzalny urok. Niekt\u00f3re popularne obszary \u017ceglarskie w Chorwacji to Split, Zadar, Trogir, Dubrownik i Szybenik. We\u017a pod uwag\u0119 blisko\u015b\u0107 obszaru \u017ceglarskiego do po\u017c\u0105danych miejsc docelowych, warunki pogodowe i dost\u0119pno\u015b\u0107 miejsc do cumowania.<\/p>\n<h3>Wybierz typ \u0142odzi<\/h3>\n<p>Po wybraniu obszaru \u017ceglarskiego nadszed\u0142 czas, aby wybra\u0107 typ \u0142odzi, kt\u00f3ry najlepiej odpowiada Twoim potrzebom. \u017bagl\u00f3wki s\u0105 idealne do romantycznego i ekologicznego \u017ceglowania, podczas gdy katamarany oferuj\u0105 stabilno\u015b\u0107 i przestronno\u015b\u0107, dzi\u0119ki czemu s\u0105 idealne dla rodzin i wi\u0119kszych grup. \u0141odzie motorowe to \u015bwietne rozwi\u0105zanie dla tych, kt\u00f3rzy chc\u0105 pokona\u0107 wi\u0119kszy obszar w kr\u00f3tszym czasie.<\/p>\n<h3>Sprawd\u017a dost\u0119pno\u015b\u0107 i zarezerwuj \u0142\u00f3d\u017a<\/h3>\n<p>Po wybraniu typu \u0142odzi sprawd\u017a jej dost\u0119pno\u015b\u0107 w wybranym terminie. Wi\u0119kszo\u015b\u0107 firm wynajmuj\u0105cych \u0142odzie posiada system rezerwacji online, co u\u0142atwia sprawdzenie dost\u0119pno\u015bci i dokonanie rezerwacji. Pami\u0119taj, aby zarezerwowa\u0107 \u0142\u00f3d\u017a z du\u017cym wyprzedzeniem, szczeg\u00f3lnie w szczycie sezonu, poniewa\u017c \u0142odzie mog\u0105 by\u0107 szybko zarezerwowane.<\/p>\n<h3>Zapoznaj si\u0119 z umow\u0105 najmu i jej warunkami<\/h3>\n<p>Przed sfinalizowaniem rezerwacji nale\u017cy dok\u0142adnie zapozna\u0107 si\u0119 z umow\u0105 i warunkami wynajmu. Zwr\u00f3\u0107 uwag\u0119 na zasady anulowania rezerwacji, wymagania dotycz\u0105ce depozytu zabezpieczaj\u0105cego oraz wszelkie dodatkowe op\u0142aty. Upewnij si\u0119, \u017ce rozumiesz warunki umowy najmu przed jej podpisaniem.<\/p>\n<h3>Przygotowanie do podr\u00f3\u017cy<\/h3>\n<p>Po zarezerwowaniu wynajmu \u0142odzi nadszed\u0142 czas, aby rozpocz\u0105\u0107 przygotowania do podr\u00f3\u017cy. Sporz\u0105d\u017a list\u0119 niezb\u0119dnych rzeczy do spakowania, takich jak krem do opalania, kapelusze, okulary przeciws\u0142oneczne, stroje k\u0105pielowe i r\u0119czniki. Nie zapomnij zabra\u0107 ze sob\u0105 uprawnie\u0144 \u017ceglarskich i wszelkich niezb\u0119dnych dokument\u00f3w, takich jak paszporty i wizy.<\/p>\n<h2>Wnioski<\/h2>\n<p>Chorwacja oferuje jedne z najpi\u0119kniejszych miejsc \u017ceglarskich na \u015bwiecie, a nie ma lepszego sposobu na ich odkrycie ni\u017c \u0142\u00f3d\u017a. Niezale\u017cnie od tego, czy szukasz relaksuj\u0105cych wakacji, czy pe\u0142nej przyg\u00f3d wyprawy \u017ceglarskiej, Chorwacja ma co\u015b dla ka\u017cdego.<\/p>\n<p>Dzi\u0119ki szerokiej gamie wypo\u017cyczalni \u0142odzi, obszar\u00f3w \u017ceglarskich i czarter\u00f3w jacht\u00f3w do wyboru, z pewno\u015bci\u0105 znajdziesz idealn\u0105 opcj\u0119 na kolejn\u0105 \u017ceglarsk\u0105 przygod\u0119 w Chorwacji.<\/p>\n<h2>Ciesz si\u0119 \u017ceglarsk\u0105 przygod\u0105<\/h2>\n<p>Wreszcie nadszed\u0142 czas, aby rozpocz\u0105\u0107 \u017ceglarsk\u0105 przygod\u0119 w Chorwacji! Przyb\u0105d\u017a do bazy wypo\u017cyczalni \u0142odzi w dniu wynajmu i spotkaj si\u0119 z personelem, aby om\u00f3wi\u0107 funkcje \u0142odzi i procedury bezpiecze\u0144stwa. Gdy b\u0119dziesz gotowy, wyp\u0142y\u0144 i odkryj osza\u0142amiaj\u0105ce chorwackie wybrze\u017ce, wyspy i ukryte zatoczki. Ciesz si\u0119 swobod\u0105 i elastyczno\u015bci\u0105 \u017ceglowania we w\u0142asnym tempie i tw\u00f3rz wspomnienia na ca\u0142e \u017cycie.<\/p>\n<p>&#8211;<\/p>\n\t\t\t\t\t\t\t\t<\/div>\n\t\t\t\t<\/div>\n\t\t\t\t\t<\/div>\n\t\t<\/div>\n\t\t\t\t<div class=\"elementor-column elementor-col-25 elementor-top-column elementor-element elementor-element-15a73c22\" data-id=\"15a73c22\" data-element_type=\"column\" data-e-type=\"column\">\n\t\t\t<div class=\"elementor-widget-wrap elementor-element-populated\">\n\t\t\t\t\t\t<div class=\"elementor-element elementor-element-45b56144 elementor-widget elementor-widget-template\" data-id=\"45b56144\" data-element_type=\"widget\" data-e-type=\"widget\" data-widget_type=\"template.default\">\n\t\t\t\t<div class=\"elementor-widget-container\">\n\t\t\t\t\t\t\t<div class=\"elementor-template\">\n\t\t\t\t\t<div data-elementor-type=\"section\" data-elementor-id=\"77217\" class=\"elementor elementor-77217 elementor-76339\" data-elementor-post-type=\"elementor_library\">\n\t\t\t\t\t<section class=\"elementor-section elementor-inner-section elementor-element elementor-element-457e679b elementor-section-full_width elementor-section-height-min-height elementor-section-content-middle elementor-section-height-default\" data-id=\"457e679b\" data-element_type=\"section\" data-e-type=\"section\" data-settings=\"{&quot;background_background&quot;:&quot;classic&quot;}\">\n\t\t\t\t\t\t\t<div class=\"elementor-background-overlay\"><\/div>\n\t\t\t\t\t\t\t<div class=\"elementor-container elementor-column-gap-default\">\n\t\t\t\t\t<div class=\"elementor-column elementor-col-100 elementor-inner-column elementor-element elementor-element-33d83c77\" data-id=\"33d83c77\" data-element_type=\"column\" data-e-type=\"column\">\n\t\t\t<div class=\"elementor-widget-wrap elementor-element-populated\">\n\t\t\t\t\t\t<div class=\"elementor-element elementor-element-26c46f13 elementor-widget elementor-widget-text-editor\" data-id=\"26c46f13\" data-element_type=\"widget\" data-e-type=\"widget\" data-widget_type=\"text-editor.default\">\n\t\t\t\t<div class=\"elementor-widget-container\">\n\t\t\t\t\t\t\t\t\t<p style=\"text-align: center;\">Szukasz \u0142odzi?<\/p>\n\t\t\t\t\t\t\t\t<\/div>\n\t\t\t\t<\/div>\n\t\t\t\t<div class=\"elementor-element elementor-element-7116d3fc elementor-align-center elementor-widget elementor-widget-button\" data-id=\"7116d3fc\" data-element_type=\"widget\" data-e-type=\"widget\" data-widget_type=\"button.default\">\n\t\t\t\t<div class=\"elementor-widget-container\">\n\t\t\t\t\t\t\t\t\t<div class=\"elementor-button-wrapper\">\n\t\t\t\t\t<a class=\"elementor-button elementor-button-link elementor-size-md\" href=\"https:\/\/skippercity.com\/pl\/uzyskaj-wycene-czarter-jachtow-chorwacja-2\/\" target=\"_blank\">\n\t\t\t\t\t\t<span class=\"elementor-button-content-wrapper\">\n\t\t\t\t\t\t\t\t\t<span class=\"elementor-button-text\">UZYSKAJ BEZP\u0141ATN\u0104 WYCEN\u0118<\/span>\n\t\t\t\t\t<\/span>\n\t\t\t\t\t<\/a>\n\t\t\t\t<\/div>\n\t\t\t\t\t\t\t\t<\/div>\n\t\t\t\t<\/div>\n\t\t\t\t\t<\/div>\n\t\t<\/div>\n\t\t\t\t\t<\/div>\n\t\t<\/section>\n\t\t\t\t<\/div>\n\t\t\t\t<\/div>\n\t\t\t\t\t\t<\/div>\n\t\t\t\t<\/div>\n\t\t\t\t\t<\/div>\n\t\t<\/div>\n\t\t\t\t\t<\/div>\n\t\t<\/section>\n\t\t\t\t<\/div>\n\t\t","protected":false},"excerpt":{"rendered":"<p>Spis tre\u015bci Wynajem \u0142odzi w Chorwacji Chorwacja, z jej osza\u0142amiaj\u0105c\u0105 lini\u0105 brzegow\u0105, krystalicznie czystymi wodami i tysi\u0105cami wysp, jest wymarzonym miejscem dla tych, kt\u00f3rzy szukaj\u0105 niezapomnianych wra\u017ce\u0144 \u017ceglarskich. Niezale\u017cnie od tego, czy jeste\u015b do\u015bwiadczonym \u017ceglarzem, czy pocz\u0105tkuj\u0105cym, istnieje opcja wynajmu \u0142odzi, kt\u00f3ra odpowiada Twoim potrzebom. W tym przewodniku om\u00f3wimy r\u00f3\u017cne rodzaje wynajmu \u0142odzi dost\u0119pne w [&hellip;]<\/p>\n","protected":false},"author":2,"featured_media":16242,"parent":0,"menu_order":0,"comment_status":"closed","ping_status":"closed","template":"","meta":{"footnotes":""},"class_list":["post-52991","page","type-page","status-publish","has-post-thumbnail","hentry"],"_links":{"self":[{"href":"https:\/\/skippercity.com\/pl\/wp-json\/wp\/v2\/pages\/52991","targetHints":{"allow":["GET"]}}],"collection":[{"href":"https:\/\/skippercity.com\/pl\/wp-json\/wp\/v2\/pages"}],"about":[{"href":"https:\/\/skippercity.com\/pl\/wp-json\/wp\/v2\/types\/page"}],"author":[{"embeddable":true,"href":"https:\/\/skippercity.com\/pl\/wp-json\/wp\/v2\/users\/2"}],"replies":[{"embeddable":true,"href":"https:\/\/skippercity.com\/pl\/wp-json\/wp\/v2\/comments?post=52991"}],"version-history":[{"count":0,"href":"https:\/\/skippercity.com\/pl\/wp-json\/wp\/v2\/pages\/52991\/revisions"}],"wp:featuredmedia":[{"embeddable":true,"href":"https:\/\/skippercity.com\/pl\/wp-json\/wp\/v2\/media\/16242"}],"wp:attachment":[{"href":"https:\/\/skippercity.com\/pl\/wp-json\/wp\/v2\/media?parent=52991"}],"curies":[{"name":"wp","href":"https:\/\/api.w.org\/{rel}","templated":true}]}}