{"id":69300,"date":"2020-10-03T08:23:35","date_gmt":"2020-10-03T08:23:35","guid":{"rendered":"https:\/\/www.skippercity.com\/uzyskaj-wycene-czarter-jachtow-chorwacja-2\/"},"modified":"2024-02-21T11:52:55","modified_gmt":"2024-02-21T11:52:55","slug":"uzyskaj-wycene-czarter-jachtow-chorwacja-2","status":"publish","type":"page","link":"https:\/\/skippercity.com\/pl\/uzyskaj-wycene-czarter-jachtow-chorwacja-2\/","title":{"rendered":"Uzyskaj wycen\u0119 Czarter jacht\u00f3w Chorwacja"},"content":{"rendered":"\t\t<div data-elementor-type=\"wp-page\" data-elementor-id=\"69300\" class=\"elementor elementor-69300 elementor-68804\" data-elementor-post-type=\"page\">\n\t\t\t\t\t\t<section class=\"elementor-section elementor-top-section elementor-element elementor-element-c0ffef elementor-section-stretched elementor-section-full_width elementor-section-height-default elementor-section-height-default\" data-id=\"c0ffef\" data-element_type=\"section\" data-e-type=\"section\" data-settings=\"{&quot;background_background&quot;:&quot;classic&quot;,&quot;stretch_section&quot;:&quot;section-stretched&quot;}\">\n\t\t\t\t\t\t\t<div class=\"elementor-background-overlay\"><\/div>\n\t\t\t\t\t\t\t<div class=\"elementor-container elementor-column-gap-default\">\n\t\t\t\t\t<div class=\"elementor-column elementor-col-33 elementor-top-column elementor-element elementor-element-144bb851\" data-id=\"144bb851\" data-element_type=\"column\" data-e-type=\"column\">\n\t\t\t<div class=\"elementor-widget-wrap\">\n\t\t\t\t\t\t\t<\/div>\n\t\t<\/div>\n\t\t\t\t<div class=\"elementor-column elementor-col-33 elementor-top-column elementor-element elementor-element-3fb13674\" data-id=\"3fb13674\" data-element_type=\"column\" data-e-type=\"column\">\n\t\t\t<div class=\"elementor-widget-wrap elementor-element-populated\">\n\t\t\t\t\t\t<div class=\"elementor-element elementor-element-562f4c7 elementor-widget elementor-widget-heading\" data-id=\"562f4c7\" data-element_type=\"widget\" data-e-type=\"widget\" data-widget_type=\"heading.default\">\n\t\t\t\t<div class=\"elementor-widget-container\">\n\t\t\t\t\t<h3 class=\"elementor-heading-title elementor-size-default\">Pozw\u00f3l nam ci pom\u00f3c<\/h3>\t\t\t\t<\/div>\n\t\t\t\t<\/div>\n\t\t\t\t<div class=\"elementor-element elementor-element-3a8294c8 elementor-widget-divider--view-line elementor-widget elementor-widget-divider\" data-id=\"3a8294c8\" data-element_type=\"widget\" data-e-type=\"widget\" data-widget_type=\"divider.default\">\n\t\t\t\t<div class=\"elementor-widget-container\">\n\t\t\t\t\t\t\t<div class=\"elementor-divider\">\n\t\t\t<span class=\"elementor-divider-separator\">\n\t\t\t\t\t\t<\/span>\n\t\t<\/div>\n\t\t\t\t\t\t<\/div>\n\t\t\t\t<\/div>\n\t\t\t\t<div class=\"elementor-element elementor-element-4c35d707 elementor-widget elementor-widget-heading\" data-id=\"4c35d707\" data-element_type=\"widget\" data-e-type=\"widget\" data-widget_type=\"heading.default\">\n\t\t\t\t<div class=\"elementor-widget-container\">\n\t\t\t\t\t<h1 class=\"elementor-heading-title elementor-size-default\">Uzyskaj najlepsze oferty \u0142odzi\nna sw\u00f3j adres e-mail<\/h1>\t\t\t\t<\/div>\n\t\t\t\t<\/div>\n\t\t\t\t\t<\/div>\n\t\t<\/div>\n\t\t\t\t<div class=\"elementor-column elementor-col-33 elementor-top-column elementor-element elementor-element-70a21823\" data-id=\"70a21823\" data-element_type=\"column\" data-e-type=\"column\">\n\t\t\t<div class=\"elementor-widget-wrap\">\n\t\t\t\t\t\t\t<\/div>\n\t\t<\/div>\n\t\t\t\t\t<\/div>\n\t\t<\/section>\n\t\t\t\t<section class=\"elementor-section elementor-top-section elementor-element elementor-element-63a8761 elementor-section-boxed elementor-section-height-default elementor-section-height-default\" data-id=\"63a8761\" data-element_type=\"section\" data-e-type=\"section\">\n\t\t\t\t\t\t<div class=\"elementor-container elementor-column-gap-default\">\n\t\t\t\t\t<div class=\"elementor-column elementor-col-16 elementor-top-column elementor-element elementor-element-a66a2e4\" data-id=\"a66a2e4\" data-element_type=\"column\" data-e-type=\"column\">\n\t\t\t<div class=\"elementor-widget-wrap\">\n\t\t\t\t\t\t\t<\/div>\n\t\t<\/div>\n\t\t\t\t<div class=\"elementor-column elementor-col-66 elementor-top-column elementor-element elementor-element-480153b\" data-id=\"480153b\" data-element_type=\"column\" data-e-type=\"column\">\n\t\t\t<div class=\"elementor-widget-wrap elementor-element-populated\">\n\t\t\t\t\t\t<div class=\"elementor-element elementor-element-8532fa8 elementor-widget elementor-widget-text-editor\" data-id=\"8532fa8\" data-element_type=\"widget\" data-e-type=\"widget\" data-widget_type=\"text-editor.default\">\n\t\t\t\t<div class=\"elementor-widget-container\">\n\t\t\t\t\t\t\t\t\t<h2 style=\"text-align: center;\">Wype\u0142nij poni\u017cszy formularz,<\/h2>\n<h2 style=\"text-align: center;\">sprawdzimy dost\u0119pno\u015b\u0107 wszystkich jacht\u00f3w,<\/h2>\n<h2 style=\"text-align: center;\">i wysy\u0142a\u0107 oferty na sw\u00f3j adres e-mail.<\/h2>\n<p style=\"text-align: center;\">Opr\u00f3cz najlepszych ofert \u0142odzi, otrzymasz:<\/p>\n<p style=\"text-align: center;\"><strong>&#8211; Dedykowany mened\u017cer, kt\u00f3ry ci pomo\u017ce<\/strong><\/p>\n<p style=\"text-align: center;\"><strong>&#8211; Wi\u0119cej informacji o tym, jak wynaj\u0105\u0107 \u0142\u00f3d\u017a<\/strong><\/p>\n\t\t\t\t\t\t\t\t<\/div>\n\t\t\t\t<\/div>\n\t\t\t\t\t<\/div>\n\t\t<\/div>\n\t\t\t\t<div class=\"elementor-column elementor-col-16 elementor-top-column elementor-element elementor-element-8244c01\" data-id=\"8244c01\" data-element_type=\"column\" data-e-type=\"column\">\n\t\t\t<div class=\"elementor-widget-wrap\">\n\t\t\t\t\t\t\t<\/div>\n\t\t<\/div>\n\t\t\t\t\t<\/div>\n\t\t<\/section>\n\t\t\t\t<section class=\"elementor-section elementor-top-section elementor-element elementor-element-20404f8 elementor-section-boxed elementor-section-height-default elementor-section-height-default\" data-id=\"20404f8\" data-element_type=\"section\" data-e-type=\"section\">\n\t\t\t\t\t\t<div class=\"elementor-container elementor-column-gap-default\">\n\t\t\t\t\t<div class=\"elementor-column elementor-col-16 elementor-top-column elementor-element elementor-element-f82fb7c\" data-id=\"f82fb7c\" data-element_type=\"column\" data-e-type=\"column\">\n\t\t\t<div class=\"elementor-widget-wrap\">\n\t\t\t\t\t\t\t<\/div>\n\t\t<\/div>\n\t\t\t\t<div class=\"elementor-column elementor-col-66 elementor-top-column elementor-element elementor-element-151f126\" data-id=\"151f126\" data-element_type=\"column\" data-e-type=\"column\">\n\t\t\t<div class=\"elementor-widget-wrap elementor-element-populated\">\n\t\t\t\t\t\t<div class=\"elementor-element elementor-element-c20e64a elementor-button-align-end elementor-widget elementor-widget-form\" data-id=\"c20e64a\" data-element_type=\"widget\" data-e-type=\"widget\" data-settings=\"{&quot;step_next_label&quot;:&quot;Dalej&quot;,&quot;step_previous_label&quot;:&quot;Wstecz&quot;,&quot;step_type&quot;:&quot;number_text&quot;,&quot;step_icon_shape&quot;:&quot;circle&quot;}\" data-widget_type=\"form.default\">\n\t\t\t\t<div class=\"elementor-widget-container\">\n\t\t\t\t\t\t\t<form class=\"elementor-form\" method=\"post\" name=\"Nowy formularz\" aria-label=\"Nowy formularz\">\n\t\t\t<input type=\"hidden\" name=\"post_id\" value=\"69300\"\/>\n\t\t\t<input type=\"hidden\" name=\"form_id\" value=\"c20e64a\"\/>\n\t\t\t<input type=\"hidden\" name=\"referer_title\" value=\"\" \/>\n\n\t\t\t\n\t\t\t<div class=\"elementor-form-fields-wrapper elementor-labels-above\">\n\t\t\t\t\t\t\t\t<div class=\"elementor-field-type-text elementor-field-group elementor-column elementor-field-group-name elementor-col-100 elementor-field-required elementor-mark-required\">\n\t\t\t\t\t\t\t\t\t\t\t\t<label for=\"form-field-name\" class=\"elementor-field-label\">\n\t\t\t\t\t\t\t\t1. Imi\u0119 i nazwisko\t\t\t\t\t\t\t<\/label>\n\t\t\t\t\t\t\t\t\t\t\t\t\t\t<input size=\"1\" type=\"text\" name=\"form_fields[name]\" id=\"form-field-name\" class=\"elementor-field elementor-size-sm  elementor-field-textual\" placeholder=\"Imi\u0119 i nazwisko:\" required=\"required\">\n\t\t\t\t\t\t\t\t\t\t\t<\/div>\n\t\t\t\t\t\t\t\t<div class=\"elementor-field-type-email elementor-field-group elementor-column elementor-field-group-email elementor-col-100 elementor-field-required elementor-mark-required\">\n\t\t\t\t\t\t\t\t\t\t\t\t<label for=\"form-field-email\" class=\"elementor-field-label\">\n\t\t\t\t\t\t\t\t2. E-mail\t\t\t\t\t\t\t<\/label>\n\t\t\t\t\t\t\t\t\t\t\t\t\t\t<input size=\"1\" type=\"email\" name=\"form_fields[email]\" id=\"form-field-email\" class=\"elementor-field elementor-size-sm  elementor-field-textual\" placeholder=\"Tw\u00f3j adres e-mail:\" required=\"required\">\n\t\t\t\t\t\t\t\t\t\t\t<\/div>\n\t\t\t\t\t\t\t\t<div class=\"elementor-field-type-text elementor-field-group elementor-column elementor-field-group-field_c0d606d elementor-col-100 elementor-field-required elementor-mark-required\">\n\t\t\t\t\t\t\t\t\t\t\t\t<label for=\"form-field-field_c0d606d\" class=\"elementor-field-label\">\n\t\t\t\t\t\t\t\t3. Data rozpocz\u0119cia\t\t\t\t\t\t\t<\/label>\n\t\t\t\t\t\t\t\t\t\t\t\t\t\t<input size=\"1\" type=\"text\" name=\"form_fields[field_c0d606d]\" id=\"form-field-field_c0d606d\" class=\"elementor-field elementor-size-sm  elementor-field-textual\" placeholder=\"Data rozpocz\u0119cia podr\u00f3\u017cy:\" required=\"required\">\n\t\t\t\t\t\t\t\t\t\t\t<\/div>\n\t\t\t\t\t\t\t\t<div class=\"elementor-field-type-text elementor-field-group elementor-column elementor-field-group-field_fbf88cd elementor-col-100 elementor-field-required elementor-mark-required\">\n\t\t\t\t\t\t\t\t\t\t\t\t<label for=\"form-field-field_fbf88cd\" class=\"elementor-field-label\">\n\t\t\t\t\t\t\t\t4. Data zako\u0144czenia\t\t\t\t\t\t\t<\/label>\n\t\t\t\t\t\t\t\t\t\t\t\t\t\t<input size=\"1\" type=\"text\" name=\"form_fields[field_fbf88cd]\" id=\"form-field-field_fbf88cd\" class=\"elementor-field elementor-size-sm  elementor-field-textual\" placeholder=\"Data zako\u0144czenia podr\u00f3\u017cy:\" required=\"required\">\n\t\t\t\t\t\t\t\t\t\t\t<\/div>\n\t\t\t\t\t\t\t\t<div class=\"elementor-field-type-select elementor-field-group elementor-column elementor-field-group-field_c512056 elementor-col-100 elementor-field-type-select-multiple elementor-field-required elementor-mark-required\">\n\t\t\t\t\t\t\t\t\t\t\t\t<label for=\"form-field-field_c512056\" class=\"elementor-field-label\">\n\t\t\t\t\t\t\t\t5. Jaki jest tw\u00f3j po\u017c\u0105dany obszar \u017ceglarski w Chorwacji?\t\t\t\t\t\t\t<\/label>\n\t\t\t\t\t\t\t\t<div class=\"elementor-field elementor-select-wrapper remove-before \">\n\t\t\t<div class=\"select-caret-down-wrapper\">\n\t\t\t\t\t\t\t<\/div>\n\t\t\t<select name=\"form_fields[field_c512056][]\" id=\"form-field-field_c512056\" class=\"elementor-field-textual elementor-size-sm\" required=\"required\" multiple=\"\" size=\"7\">\n\t\t\t\t\t\t\t\t\t<option value=\"Split\">Split<\/option>\n\t\t\t\t\t\t\t\t\t<option value=\"Dubrownik\">Dubrownik<\/option>\n\t\t\t\t\t\t\t\t\t<option value=\"Sibenik\">Sibenik<\/option>\n\t\t\t\t\t\t\t\t\t<option value=\"Zadar\">Zadar<\/option>\n\t\t\t\t\t\t\t\t\t<option value=\"Istra\">Istra<\/option>\n\t\t\t\t\t\t\t\t\t<option value=\"Kvarner\">Kvarner<\/option>\n\t\t\t\t\t\t\t<\/select>\n\t\t<\/div>\n\t\t\t\t\t\t<\/div>\n\t\t\t\t\t\t\t\t<div class=\"elementor-field-type-select elementor-field-group elementor-column elementor-field-group-field_30385a1 elementor-col-100 elementor-field-type-select-multiple elementor-field-required elementor-mark-required\">\n\t\t\t\t\t\t\t\t\t\t\t\t<label for=\"form-field-field_30385a1\" class=\"elementor-field-label\">\n\t\t\t\t\t\t\t\t6. Czy masz preferowany typ \u0142odzi?\t\t\t\t\t\t\t<\/label>\n\t\t\t\t\t\t\t\t<div class=\"elementor-field elementor-select-wrapper remove-before \">\n\t\t\t<div class=\"select-caret-down-wrapper\">\n\t\t\t\t\t\t\t<\/div>\n\t\t\t<select name=\"form_fields[field_30385a1][]\" id=\"form-field-field_30385a1\" class=\"elementor-field-textual elementor-size-sm\" required=\"required\" multiple=\"\" size=\"7\">\n\t\t\t\t\t\t\t\t\t<option value=\"Katamaran\">Katamaran<\/option>\n\t\t\t\t\t\t\t\t\t<option value=\"\u017bagl\u00f3wka\">\u017bagl\u00f3wka<\/option>\n\t\t\t\t\t\t\t\t\t<option value=\"Motor\u00f3wka\">Motor\u00f3wka<\/option>\n\t\t\t\t\t\t\t\t\t<option value=\"Motoryacht\">Motoryacht<\/option>\n\t\t\t\t\t\t\t\t\t<option value=\"Gulet\">Gulet<\/option>\n\t\t\t\t\t\t\t\t\t<option value=\"Luksusowy jacht\">Luksusowy jacht<\/option>\n\t\t\t\t\t\t\t<\/select>\n\t\t<\/div>\n\t\t\t\t\t\t<\/div>\n\t\t\t\t\t\t\t\t<div class=\"elementor-field-type-select elementor-field-group elementor-column elementor-field-group-field_3573b62 elementor-col-100 elementor-field-required elementor-mark-required\">\n\t\t\t\t\t\t\t\t\t\t\t\t<label for=\"form-field-field_3573b62\" class=\"elementor-field-label\">\n\t\t\t\t\t\t\t\t7. Potrzebujesz kapitana?\t\t\t\t\t\t\t<\/label>\n\t\t\t\t\t\t\t\t<div class=\"elementor-field elementor-select-wrapper remove-before \">\n\t\t\t<div class=\"select-caret-down-wrapper\">\n\t\t\t\t<svg aria-hidden=\"true\" class=\"e-font-icon-svg e-eicon-caret-down\" viewBox=\"0 0 571.4 571.4\" xmlns=\"http:\/\/www.w3.org\/2000\/svg\"><path d=\"M571 393Q571 407 561 418L311 668Q300 679 286 679T261 668L11 418Q0 407 0 393T11 368 36 357H536Q550 357 561 368T571 393Z\"><\/path><\/svg>\t\t\t<\/div>\n\t\t\t<select name=\"form_fields[field_3573b62]\" id=\"form-field-field_3573b62\" class=\"elementor-field-textual elementor-size-sm\" required=\"required\">\n\t\t\t\t\t\t\t\t\t<option value=\"Tak, potrzebujemy kapitana\">Tak, potrzebujemy kapitana<\/option>\n\t\t\t\t\t\t\t\t\t<option value=\"Nie, we\u017amiemy czarter bez za\u0142ogi\">Nie, we\u017amiemy czarter bez za\u0142ogi<\/option>\n\t\t\t\t\t\t\t\t\t<option value=\"Nie jestem pewien, prowad\u017a mnie\">Nie jestem pewien, prowad\u017a mnie<\/option>\n\t\t\t\t\t\t\t<\/select>\n\t\t<\/div>\n\t\t\t\t\t\t<\/div>\n\t\t\t\t\t\t\t\t<div class=\"elementor-field-type-select elementor-field-group elementor-column elementor-field-group-field_2a3e87a elementor-col-100 elementor-field-required elementor-mark-required\">\n\t\t\t\t\t\t\t\t\t\t\t\t<label for=\"form-field-field_2a3e87a\" class=\"elementor-field-label\">\n\t\t\t\t\t\t\t\t8. Potrzebujesz kucharza?\t\t\t\t\t\t\t<\/label>\n\t\t\t\t\t\t\t\t<div class=\"elementor-field elementor-select-wrapper remove-before \">\n\t\t\t<div class=\"select-caret-down-wrapper\">\n\t\t\t\t<svg aria-hidden=\"true\" class=\"e-font-icon-svg e-eicon-caret-down\" viewBox=\"0 0 571.4 571.4\" xmlns=\"http:\/\/www.w3.org\/2000\/svg\"><path d=\"M571 393Q571 407 561 418L311 668Q300 679 286 679T261 668L11 418Q0 407 0 393T11 368 36 357H536Q550 357 561 368T571 393Z\"><\/path><\/svg>\t\t\t<\/div>\n\t\t\t<select name=\"form_fields[field_2a3e87a]\" id=\"form-field-field_2a3e87a\" class=\"elementor-field-textual elementor-size-sm\" required=\"required\">\n\t\t\t\t\t\t\t\t\t<option value=\"Tak, potrzebujemy kucharza\">Tak, potrzebujemy kucharza<\/option>\n\t\t\t\t\t\t\t\t\t<option value=\"Nie, b\u0119dziemy dostarcza\u0107 i gotowa\u0107 si\u0119\">Nie, b\u0119dziemy dostarcza\u0107 i gotowa\u0107 si\u0119<\/option>\n\t\t\t\t\t\t\t\t\t<option value=\"Nie jestem pewien, prowad\u017a mnie\">Nie jestem pewien, prowad\u017a mnie<\/option>\n\t\t\t\t\t\t\t<\/select>\n\t\t<\/div>\n\t\t\t\t\t\t<\/div>\n\t\t\t\t\t\t\t\t<div class=\"elementor-field-type-text elementor-field-group elementor-column elementor-field-group-field_2ef9adc elementor-col-100 elementor-field-required elementor-mark-required\">\n\t\t\t\t\t\t\t\t\t\t\t\t<label for=\"form-field-field_2ef9adc\" class=\"elementor-field-label\">\n\t\t\t\t\t\t\t\t9. Ile kabin potrzebujesz?\t\t\t\t\t\t\t<\/label>\n\t\t\t\t\t\t\t\t\t\t\t\t\t\t<input size=\"1\" type=\"text\" name=\"form_fields[field_2ef9adc]\" id=\"form-field-field_2ef9adc\" class=\"elementor-field elementor-size-sm  elementor-field-textual\" placeholder=\"... nie licz\u0105c potencjalnych kabin za\u0142ogi...  \" required=\"required\">\n\t\t\t\t\t\t\t\t\t\t\t<\/div>\n\t\t\t\t\t\t\t\t<div class=\"elementor-field-type-text elementor-field-group elementor-column elementor-field-group-field_517faeb elementor-col-100 elementor-field-required elementor-mark-required\">\n\t\t\t\t\t\t\t\t\t\t\t\t<label for=\"form-field-field_517faeb\" class=\"elementor-field-label\">\n\t\t\t\t\t\t\t\t10. Ilu jeste\u015b?\t\t\t\t\t\t\t<\/label>\n\t\t\t\t\t\t\t\t\t\t\t\t\t\t<input size=\"1\" type=\"text\" name=\"form_fields[field_517faeb]\" id=\"form-field-field_517faeb\" class=\"elementor-field elementor-size-sm  elementor-field-textual\" placeholder=\"Liczba go\u015bci\" required=\"required\">\n\t\t\t\t\t\t\t\t\t\t\t<\/div>\n\t\t\t\t\t\t\t\t<div class=\"elementor-field-type-text elementor-field-group elementor-column elementor-field-group-field_f9eecbc elementor-col-100 elementor-field-required elementor-mark-required\">\n\t\t\t\t\t\t\t\t\t\t\t\t<label for=\"form-field-field_f9eecbc\" class=\"elementor-field-label\">\n\t\t\t\t\t\t\t\t11. Jaki jest Tw\u00f3j maksymalny bud\u017cet \u0142odzi?\t\t\t\t\t\t\t<\/label>\n\t\t\t\t\t\t\t\t\t\t\t\t\t\t<input size=\"1\" type=\"text\" name=\"form_fields[field_f9eecbc]\" id=\"form-field-field_f9eecbc\" class=\"elementor-field elementor-size-sm  elementor-field-textual\" placeholder=\"Mamy 13.000 \u0142odzi dost\u0119pnych. Maksymalny bud\u017cet pomo\u017ce nam udoskonali\u0107 wyszukiwanie.  \" required=\"required\">\n\t\t\t\t\t\t\t\t\t\t\t<\/div>\n\t\t\t\t\t\t\t\t<div class=\"elementor-field-type-textarea elementor-field-group elementor-column elementor-field-group-field_e0838e3 elementor-col-100\">\n\t\t\t\t\t\t\t\t\t\t\t\t<label for=\"form-field-field_e0838e3\" class=\"elementor-field-label\">\n\t\t\t\t\t\t\t\t12. Dodatkowa wiadomo\u015b\u0107 dla nas:\t\t\t\t\t\t\t<\/label>\n\t\t\t\t\t\t<textarea class=\"elementor-field-textual elementor-field  elementor-size-sm\" name=\"form_fields[field_e0838e3]\" id=\"form-field-field_e0838e3\" rows=\"5\" placeholder=\"Im wi\u0119cej informacji nam dasz, tym lepiej mo\u017cemy Ci pom\u00f3c. Prosz\u0119, powiedz nam, czy jest co\u015b jeszcze, co powinni\u015bmy wzi\u0105\u0107 pod uwag\u0119 podczas wyszukiwania \u0142odzi. Mo\u017cesz zostawi\u0107 to puste lub po prostu powiedzie\u0107 &quot;cze\u015b\u0107&quot; ;-)\"><\/textarea>\t\t\t\t<\/div>\n\t\t\t\t\t\t\t\t<div class=\"elementor-field-type-recaptcha_v3 elementor-field-group elementor-column elementor-field-group-field_4ccb3a5 elementor-col-100 recaptcha_v3-bottomright\">\n\t\t\t\t\t<div class=\"elementor-field\" id=\"form-field-field_4ccb3a5\"><div class=\"elementor-g-recaptcha\" data-sitekey=\"6LfHt6kZAAAAANj-dshT1u2Pnh9JOR8ReW8dzxG1\" data-type=\"v3\" data-action=\"Form\" data-badge=\"bottomright\" data-size=\"invisible\"><\/div><\/div>\t\t\t\t<\/div>\n\t\t\t\t\t\t\t\t<div class=\"elementor-field-group elementor-column elementor-field-type-submit elementor-col-100 e-form__buttons\">\n\t\t\t\t\t<button class=\"elementor-button elementor-size-md\" type=\"submit\">\n\t\t\t\t\t\t<span class=\"elementor-button-content-wrapper\">\n\t\t\t\t\t\t\t\t\t\t\t\t\t\t\t\t\t\t\t\t\t\t<span class=\"elementor-button-text\">Wy\u015blij<\/span>\n\t\t\t\t\t\t\t\t\t\t\t\t\t<\/span>\n\t\t\t\t\t<\/button>\n\t\t\t\t<\/div>\n\t\t\t<\/div>\n\t\t<\/form>\n\t\t\t\t\t\t<\/div>\n\t\t\t\t<\/div>\n\t\t\t\t\t<\/div>\n\t\t<\/div>\n\t\t\t\t<div class=\"elementor-column elementor-col-16 elementor-top-column elementor-element elementor-element-b7496ba\" data-id=\"b7496ba\" data-element_type=\"column\" data-e-type=\"column\">\n\t\t\t<div class=\"elementor-widget-wrap\">\n\t\t\t\t\t\t\t<\/div>\n\t\t<\/div>\n\t\t\t\t\t<\/div>\n\t\t<\/section>\n\t\t\t\t<\/div>\n\t\t","protected":false},"excerpt":{"rendered":"<p>Pozw\u00f3l nam ci pom\u00f3c Uzyskaj najlepsze oferty \u0142odzi na sw\u00f3j adres e-mail Wype\u0142nij poni\u017cszy formularz, sprawdzimy dost\u0119pno\u015b\u0107 wszystkich jacht\u00f3w, i wysy\u0142a\u0107 oferty na sw\u00f3j adres e-mail. Opr\u00f3cz najlepszych ofert \u0142odzi, otrzymasz: &#8211; Dedykowany mened\u017cer, kt\u00f3ry ci pomo\u017ce &#8211; Wi\u0119cej informacji o tym, jak wynaj\u0105\u0107 \u0142\u00f3d\u017a<\/p>\n","protected":false},"author":2,"featured_media":408270,"parent":0,"menu_order":0,"comment_status":"closed","ping_status":"closed","template":"","meta":{"footnotes":""},"class_list":["post-69300","page","type-page","status-publish","has-post-thumbnail","hentry"],"_links":{"self":[{"href":"https:\/\/skippercity.com\/pl\/wp-json\/wp\/v2\/pages\/69300","targetHints":{"allow":["GET"]}}],"collection":[{"href":"https:\/\/skippercity.com\/pl\/wp-json\/wp\/v2\/pages"}],"about":[{"href":"https:\/\/skippercity.com\/pl\/wp-json\/wp\/v2\/types\/page"}],"author":[{"embeddable":true,"href":"https:\/\/skippercity.com\/pl\/wp-json\/wp\/v2\/users\/2"}],"replies":[{"embeddable":true,"href":"https:\/\/skippercity.com\/pl\/wp-json\/wp\/v2\/comments?post=69300"}],"version-history":[{"count":0,"href":"https:\/\/skippercity.com\/pl\/wp-json\/wp\/v2\/pages\/69300\/revisions"}],"wp:featuredmedia":[{"embeddable":true,"href":"https:\/\/skippercity.com\/pl\/wp-json\/wp\/v2\/media\/408270"}],"wp:attachment":[{"href":"https:\/\/skippercity.com\/pl\/wp-json\/wp\/v2\/media?parent=69300"}],"curies":[{"name":"wp","href":"https:\/\/api.w.org\/{rel}","templated":true}]}}