{"id":74478,"date":"2021-11-14T19:18:14","date_gmt":"2021-11-14T19:18:14","guid":{"rendered":"https:\/\/www.skippercity.com\/najlepsza-cena-chorwacja-czarter-jachtu\/"},"modified":"2024-02-21T11:20:16","modified_gmt":"2024-02-21T11:20:16","slug":"najlepsza-cena-chorwacja-czarter-jachtu","status":"publish","type":"page","link":"https:\/\/skippercity.com\/pl\/najlepsza-cena-chorwacja-czarter-jachtu\/","title":{"rendered":"Najlepsza cena Chorwacja czarter jachtu"},"content":{"rendered":"\t\t<div data-elementor-type=\"wp-page\" data-elementor-id=\"74478\" class=\"elementor elementor-74478 elementor-74451\" data-elementor-post-type=\"page\">\n\t\t\t\t\t\t<section class=\"elementor-section elementor-top-section elementor-element elementor-element-39ad52df elementor-section-stretched elementor-section-full_width elementor-section-height-default elementor-section-height-default\" data-id=\"39ad52df\" data-element_type=\"section\" data-e-type=\"section\" data-settings=\"{&quot;background_background&quot;:&quot;classic&quot;,&quot;stretch_section&quot;:&quot;section-stretched&quot;}\">\n\t\t\t\t\t\t\t<div class=\"elementor-background-overlay\"><\/div>\n\t\t\t\t\t\t\t<div class=\"elementor-container elementor-column-gap-default\">\n\t\t\t\t\t<div class=\"elementor-column elementor-col-33 elementor-top-column elementor-element elementor-element-2e299ad5\" data-id=\"2e299ad5\" data-element_type=\"column\" data-e-type=\"column\">\n\t\t\t<div class=\"elementor-widget-wrap\">\n\t\t\t\t\t\t\t<\/div>\n\t\t<\/div>\n\t\t\t\t<div class=\"elementor-column elementor-col-33 elementor-top-column elementor-element elementor-element-4618d22a\" data-id=\"4618d22a\" data-element_type=\"column\" data-e-type=\"column\">\n\t\t\t<div class=\"elementor-widget-wrap elementor-element-populated\">\n\t\t\t\t\t\t<div class=\"elementor-element elementor-element-49272ec elementor-widget elementor-widget-heading\" data-id=\"49272ec\" data-element_type=\"widget\" data-e-type=\"widget\" data-widget_type=\"heading.default\">\n\t\t\t\t<div class=\"elementor-widget-container\">\n\t\t\t\t\t<h3 class=\"elementor-heading-title elementor-size-default\">Chorwacja czarter jacht\u00f3w  <\/h3>\t\t\t\t<\/div>\n\t\t\t\t<\/div>\n\t\t\t\t<div class=\"elementor-element elementor-element-6d84c9be elementor-widget-divider--view-line elementor-widget elementor-widget-divider\" data-id=\"6d84c9be\" data-element_type=\"widget\" data-e-type=\"widget\" data-widget_type=\"divider.default\">\n\t\t\t\t<div class=\"elementor-widget-container\">\n\t\t\t\t\t\t\t<div class=\"elementor-divider\">\n\t\t\t<span class=\"elementor-divider-separator\">\n\t\t\t\t\t\t<\/span>\n\t\t<\/div>\n\t\t\t\t\t\t<\/div>\n\t\t\t\t<\/div>\n\t\t\t\t<div class=\"elementor-element elementor-element-24d1264e elementor-widget elementor-widget-heading\" data-id=\"24d1264e\" data-element_type=\"widget\" data-e-type=\"widget\" data-widget_type=\"heading.default\">\n\t\t\t\t<div class=\"elementor-widget-container\">\n\t\t\t\t\t<h1 class=\"elementor-heading-title elementor-size-default\">Najlepsza cena Chorwacja czarter jachtu<\/h1>\t\t\t\t<\/div>\n\t\t\t\t<\/div>\n\t\t\t\t<div class=\"elementor-element elementor-element-67d2d24e elementor-align-center elementor-widget elementor-widget-button\" data-id=\"67d2d24e\" data-element_type=\"widget\" data-e-type=\"widget\" data-widget_type=\"button.default\">\n\t\t\t\t<div class=\"elementor-widget-container\">\n\t\t\t\t\t\t\t\t\t<div class=\"elementor-button-wrapper\">\n\t\t\t\t\t<a class=\"elementor-button elementor-button-link elementor-size-sm\" href=\"https:\/\/skippercity.com\/pl\/uzyskaj-wycene-czarter-jachtow-chorwacja-2\/\">\n\t\t\t\t\t\t<span class=\"elementor-button-content-wrapper\">\n\t\t\t\t\t\t\t\t\t<span class=\"elementor-button-text\">Uzyskaj ofert\u0119<\/span>\n\t\t\t\t\t<\/span>\n\t\t\t\t\t<\/a>\n\t\t\t\t<\/div>\n\t\t\t\t\t\t\t\t<\/div>\n\t\t\t\t<\/div>\n\t\t\t\t\t<\/div>\n\t\t<\/div>\n\t\t\t\t<div class=\"elementor-column elementor-col-33 elementor-top-column elementor-element elementor-element-28688344\" data-id=\"28688344\" data-element_type=\"column\" data-e-type=\"column\">\n\t\t\t<div class=\"elementor-widget-wrap\">\n\t\t\t\t\t\t\t<\/div>\n\t\t<\/div>\n\t\t\t\t\t<\/div>\n\t\t<\/section>\n\t\t\t\t<section class=\"elementor-section elementor-top-section elementor-element elementor-element-1071f9ce elementor-section-full_width elementor-section-height-default elementor-section-height-default\" data-id=\"1071f9ce\" data-element_type=\"section\" data-e-type=\"section\">\n\t\t\t\t\t\t<div class=\"elementor-container elementor-column-gap-default\">\n\t\t\t\t\t<div class=\"elementor-column elementor-col-25 elementor-top-column elementor-element elementor-element-71e1640b\" data-id=\"71e1640b\" data-element_type=\"column\" data-e-type=\"column\">\n\t\t\t<div class=\"elementor-widget-wrap elementor-element-populated\">\n\t\t\t\t\t\t<div class=\"elementor-element elementor-element-53545749 elementor-toc--minimized-on-tablet elementor-widget elementor-widget-table-of-contents\" data-id=\"53545749\" data-element_type=\"widget\" data-e-type=\"widget\" data-settings=\"{&quot;exclude_headings_by_selector&quot;:[],&quot;marker_view&quot;:&quot;bullets&quot;,&quot;headings_by_tags&quot;:[&quot;h2&quot;,&quot;h3&quot;,&quot;h4&quot;,&quot;h5&quot;,&quot;h6&quot;],&quot;icon&quot;:{&quot;value&quot;:&quot;fas fa-circle&quot;,&quot;library&quot;:&quot;fa-solid&quot;,&quot;rendered_tag&quot;:&quot;&lt;svg class=\\&quot;e-font-icon-svg e-fas-circle\\&quot; viewBox=\\&quot;0 0 512 512\\&quot; xmlns=\\&quot;http:\\\/\\\/www.w3.org\\\/2000\\\/svg\\&quot;&gt;&lt;path d=\\&quot;M256 8C119 8 8 119 8 256s111 248 248 248 248-111 248-248S393 8 256 8z\\&quot;&gt;&lt;\\\/path&gt;&lt;\\\/svg&gt;&quot;},&quot;no_headings_message&quot;:&quot;No headings were found on this page.&quot;,&quot;minimize_box&quot;:&quot;yes&quot;,&quot;minimized_on&quot;:&quot;tablet&quot;,&quot;hierarchical_view&quot;:&quot;yes&quot;,&quot;min_height&quot;:{&quot;unit&quot;:&quot;px&quot;,&quot;size&quot;:&quot;&quot;,&quot;sizes&quot;:[]},&quot;min_height_tablet&quot;:{&quot;unit&quot;:&quot;px&quot;,&quot;size&quot;:&quot;&quot;,&quot;sizes&quot;:[]},&quot;min_height_mobile&quot;:{&quot;unit&quot;:&quot;px&quot;,&quot;size&quot;:&quot;&quot;,&quot;sizes&quot;:[]}}\" data-widget_type=\"table-of-contents.default\">\n\t\t\t\t<div class=\"elementor-widget-container\">\n\t\t\t\t\t\t\t\t\t<div class=\"elementor-toc__header\">\n\t\t\t\t\t\t<h4 class=\"elementor-toc__header-title\">\n\t\t\t\tSpis tre\u015bci\t\t\t<\/h4>\n\t\t\t\t\t\t\t\t\t\t<div class=\"elementor-toc__toggle-button elementor-toc__toggle-button--expand\" role=\"button\" tabindex=\"0\" aria-controls=\"elementor-toc__53545749\" aria-expanded=\"true\" aria-label=\"Open table of contents\"><svg aria-hidden=\"true\" class=\"e-font-icon-svg e-fas-chevron-down\" viewBox=\"0 0 448 512\" xmlns=\"http:\/\/www.w3.org\/2000\/svg\"><path d=\"M207.029 381.476L12.686 187.132c-9.373-9.373-9.373-24.569 0-33.941l22.667-22.667c9.357-9.357 24.522-9.375 33.901-.04L224 284.505l154.745-154.021c9.379-9.335 24.544-9.317 33.901.04l22.667 22.667c9.373 9.373 9.373 24.569 0 33.941L240.971 381.476c-9.373 9.372-24.569 9.372-33.942 0z\"><\/path><\/svg><\/div>\n\t\t\t\t<div class=\"elementor-toc__toggle-button elementor-toc__toggle-button--collapse\" role=\"button\" tabindex=\"0\" aria-controls=\"elementor-toc__53545749\" aria-expanded=\"true\" aria-label=\"Close table of contents\"><svg aria-hidden=\"true\" class=\"e-font-icon-svg e-fas-chevron-up\" viewBox=\"0 0 448 512\" xmlns=\"http:\/\/www.w3.org\/2000\/svg\"><path d=\"M240.971 130.524l194.343 194.343c9.373 9.373 9.373 24.569 0 33.941l-22.667 22.667c-9.357 9.357-24.522 9.375-33.901.04L224 227.495 69.255 381.516c-9.379 9.335-24.544 9.317-33.901-.04l-22.667-22.667c-9.373-9.373-9.373-24.569 0-33.941L207.03 130.525c9.372-9.373 24.568-9.373 33.941-.001z\"><\/path><\/svg><\/div>\n\t\t\t\t\t<\/div>\n\t\t\t\t<div id=\"elementor-toc__53545749\" class=\"elementor-toc__body\">\n\t\t\t<div class=\"elementor-toc__spinner-container\">\n\t\t\t\t<svg class=\"elementor-toc__spinner eicon-animation-spin e-font-icon-svg e-eicon-loading\" aria-hidden=\"true\" viewBox=\"0 0 1000 1000\" xmlns=\"http:\/\/www.w3.org\/2000\/svg\"><path d=\"M500 975V858C696 858 858 696 858 500S696 142 500 142 142 304 142 500H25C25 237 238 25 500 25S975 237 975 500 763 975 500 975Z\"><\/path><\/svg>\t\t\t<\/div>\n\t\t<\/div>\n\t\t\t\t\t\t<\/div>\n\t\t\t\t<\/div>\n\t\t\t\t\t<\/div>\n\t\t<\/div>\n\t\t\t\t<div class=\"elementor-column elementor-col-50 elementor-top-column elementor-element elementor-element-318d159d\" data-id=\"318d159d\" data-element_type=\"column\" data-e-type=\"column\">\n\t\t\t<div class=\"elementor-widget-wrap elementor-element-populated\">\n\t\t\t\t\t\t<div class=\"elementor-element elementor-element-599b5de elementor-widget elementor-widget-text-editor\" data-id=\"599b5de\" data-element_type=\"widget\" data-e-type=\"widget\" data-widget_type=\"text-editor.default\">\n\t\t\t\t<div class=\"elementor-widget-container\">\n\t\t\t\t\t\t\t\t\t<h1>SkipperCity oferuje czarter jacht\u00f3w w Chorwacji.<\/h1>\n<p>Kraj ten jest powszechnie uwa\u017cany za jeden z europejskich raj\u00f3w, a otaczaj\u0105 go liczne wyspy adriatyckie. Je\u015bli zdecydujesz si\u0119 na czarter \u0142odzi w Chorwacji, b\u0119dziesz mia\u0142 okazj\u0119 odkry\u0107 jej cuda. Chorwacja to wymarzone miejsce na czarter jacht\u00f3w, zar\u00f3wno na weekendowe, jak i d\u0142u\u017csze przygody \u017ceglarskie, dzi\u0119ki swoim piaszczystym pla\u017com, parkom narodowym, kuchni \u015br\u00f3dziemnomorskiej, zalesionym g\u00f3rom i czystemu morzu.<\/p>\n<h2>Jaki jest koszt czarteru \u0142odzi w Chorwacji?<\/h2>\n<p>Koszt wynajmu \u0142odzi w Chorwacji r\u00f3\u017cni si\u0119 w zale\u017cno\u015bci od rodzaju i modelu wybranej \u0142odzi, daty wycieczki, liczby uczestnik\u00f3w i wybranych opcji.<\/p>\n<p>Wynaj\u0119cie motor\u00f3wki w Chorwacji b\u0119dzie kosztowa\u0107 od 90 do 350 euro za dzie\u0144, podzielone mi\u0119dzy uczestnik\u00f3w rejsu.<\/p>\n<p>\u015arednio, wynaj\u0119cie \u017cagl\u00f3wki w Chorwacji b\u0119dzie kosztowa\u0107 od \u20ac100 do \u20ac500 za dzie\u0144.<\/p>\n<p>Z drugiej strony, czarter katamaranu w Chorwacji waha si\u0119 od \u20ac290 do \u20ac1,000 za dzie\u0144 (w przypadku najbardziej luksusowych \u0142odzi).<\/p>\n<p>W przypadku tygodniowego czarteru w Chorwacji, jacht \u017caglowy b\u0119dzie kosztowa\u0142 oko\u0142o \u20ac2,000, a katamaran oko\u0142o \u20ac4,500.<\/p>\n<h2>Dlaczego warto wyczarterowa\u0107 \u0142\u00f3d\u017a w Chorwacji?<\/h2>\n<p>Chorwacja jest wspania\u0142ym miejscem do odwiedzenia z rodzin\u0105 lub przyjaci\u00f3\u0142mi. \u0141odzi\u0105 motorow\u0105 lub katamaranem mo\u017cna pop\u0142yn\u0105\u0107 na wyspy Bisevo, Vis, Budinovak, Hvar lub Stiniva. Je\u015bli chcesz sp\u0119dzi\u0107 niezapomniane wakacje \u017cegluj\u0105c po turkusowych wodach, mo\u017cesz nawet wyczarterowa\u0107 jacht w Chorwacji.<\/p>\n<p>W ka\u017cdym razie, jeste\u015b we w\u0142a\u015bciwym miejscu, je\u015bli chcesz wynaj\u0105\u0107 \u0142\u00f3d\u017a w Chorwacji, z lub bez skipera, bezpiecznie, szybko i za (bardzo) rozs\u0105dn\u0105 cen\u0119.<\/p>\n<p>Tak\u017ce&#8230; Je\u015bli szukasz czarteru jachtu w Chorwacji, wierzymy, \u017ce nast\u0119puj\u0105ce miejsca wzbudz\u0105 Twoje zainteresowanie:<\/p>\n<p><a href=\"https:\/\/www.tripadvisor.com\/Tourism-g295370-Split_Split_Dalmatia_County_Dalmatia-Vacations.html\" target=\"_blank\" rel=\"noopener\">Czarter jacht\u00f3w Split<\/a><br><a href=\"https:\/\/en.wikipedia.org\/wiki\/Dubrovnik\" target=\"_blank\" rel=\"noopener\">Dubrownik &#8211; czarter jacht\u00f3w<\/a><br>Zadar czarter jacht\u00f3w<br>Czarter jacht\u00f3w Hvar<\/p>\n<h2>Jak rozpozna\u0107 czarter jachtu w Chorwacji<\/h2>\n<p>Odkryj wiele ukrytych skarb\u00f3w Chorwacji, wykorzystuj\u0105c w\u0142asne umiej\u0119tno\u015bci \u017ceglarskie lub czarteruj\u0105c \u0142\u00f3d\u017a ze skipperem:<\/p>\n<p>Zaczynaj\u0105c od wysp dalmaty\u0144skich, wyczarteruj \u0142\u00f3d\u017a ze Splitu, drugiego co do wielko\u015bci miasta Chorwacji, aby odkry\u0107 s\u0105siednie wyspy Morza Adriatyckiego: Bra, Hvar, Lastovo, Trogir i jego zabytkowe miasto Vis. Czy jeste\u015b gotowy na imprez\u0119 i do\u015bwiadczenie niefiltrowanego \u017cycia nocnego? Poczujesz si\u0119 jak w wodzie.<\/p>\n<p>Odkryj Park Narodowy Kornati, \u017cegluj\u0105c wok\u00f3\u0142 89 wysp, kt\u00f3re tworz\u0105 raj z wyj\u0105tkow\u0105 flor\u0105 i faun\u0105 &#8211; p\u0142ywanie, snorkeling i piesze wycieczki s\u0105 w programie zar\u00f3wno dla dzieci, jak i doros\u0142ych!<\/p>\n<p>Zanim pop\u0142yn\u0105 Pa\u0144stwo na wyspy Korula lub Mljet, mog\u0105 Pa\u0144stwo podziwia\u0107 mury miejskie i stary port w Dubrowniku, &#8222;perle&#8221; Adriatyku.<\/p>\n<p>Z drugiej strony, mo\u017cna wybra\u0107 si\u0119 do Rijeki, g\u0142\u00f3wnego miasta portowego kraju, po\u0142o\u017conego w Zatoce Kvarner. Rijeka jest warta odwiedzenia ze wzgl\u0119du na swoje pla\u017ce i autentyczne centrum miasta. Odwied\u017a wyspy Cres, Krk, Rab i Mali Loinj wynajmuj\u0105c \u0142\u00f3d\u017a.<\/p>\n<p>Istria na p\u00f3\u0142nocy kraju, mimo \u017ce jest mniej znanym regionem, posiada wiele bogactw, kt\u00f3re warto zobaczy\u0107. Odkryj Wyspy Brijuni (Park Narodowy) i zachwycaj\u0105ce rzymskie ruiny w Puli, Pore i Rovinj. P\u00f3\u0142wysep Istria znajduje si\u0119 naprzeciwko Wenecji &#8211; mo\u017ce w przysz\u0142o\u015bci wycieczka statkiem? Dobrym pomys\u0142em jest r\u00f3wnie\u017c wyczarterowanie jachtu w Chorwacji, aby po\u0142\u0105czy\u0107 Istri\u0119 z W\u0142ochami, krajem s\u0105siaduj\u0105cym od zachodu.<\/p>\n<p>Dubrownik (prawie przylegaj\u0105cy do Bo\u015bni i Hercegowiny), Split i Zagrzeb zapewni\u0105 Ci r\u00f3\u017cnorodne krajobrazy ozdobione kolorow\u0105 architektur\u0105 i niezmiennym bogactwem kulturowym. Na rozw\u00f3j i jako\u015b\u0107 chorwackiej gastronomii wp\u0142yn\u0119\u0142a r\u00f3\u017cnorodno\u015b\u0107 klimatyczna i geograficzna kraju, a tak\u017ce jego tradycja turystyczna.<\/p>\n<p>Chorwackie wina s\u0105 r\u00f3wnie\u017c bardzo dobre. Szczeg\u00f3lnie polecamy Krk Vrbni ka lahtina, Susak trojiina i Kastav Kastavska belica. Ze wzgl\u0119du na silny \u015blad kulturowy Chorwacji, wiele potraw i specja\u0142\u00f3w z wybrze\u017ca, wysp i masywu Gorski Kotar jest \u0142atwo dost\u0119pnych.<\/p>\n<h2>Chorwacja jest znanym celem podr\u00f3\u017cy w basenie Morza \u015ar\u00f3dziemnego.<\/h2>\n<p>W ci\u0105gu ostatnich dziesi\u0119ciu lat Chorwacja sta\u0142a si\u0119 jedn\u0105 z najbardziej rozpoznawalnych destynacji \u017ceglarskich. Split jest g\u0142\u00f3wn\u0105 baz\u0105 wypadow\u0105 i jest dogodnie po\u0142o\u017cony do podr\u00f3\u017cowania na p\u00f3\u0142noc lub po\u0142udnie kraju. Dalej na p\u00f3\u0142noc, mniej zat\u0142oczona miejscowo\u015b\u0107 Biograd na Moru jest intryguj\u0105c\u0105 opcj\u0105 na nast\u0119pne wakacje.<\/p>\n<h2>\u017beglowanie wzd\u0142u\u017c wybrze\u017ca Chorwacji<\/h2>\n<p>Je\u015bli chcesz wyczarterowa\u0107 jacht \u017caglowy w Chorwacji, ale nie masz zbyt du\u017cego do\u015bwiadczenia, polecamy \u017ceglug\u0119 w czerwcu, lipcu i sierpniu. W tych miesi\u0105cach zachodnia bryza, znana jako Bora, wieje wystarczaj\u0105co mocno, aby ko\u0142ysa\u0107 \u017caglami, ale jest na tyle \u0142agodna, \u017ce pozwala na relaks, p\u0142ywanie i niezapomniane wakacje. Podczas ciep\u0142ych letnich nocy mo\u017cna nawet spa\u0107 na tarasie zamiast w domkach, ciesz\u0105c si\u0119 bryz\u0105 i widokiem!<\/p>\n<p>W rezultacie Chorwacja jest idealnym miejscem do spacerowania po uliczkach, odkrywania muze\u00f3w, restauracji i 2000 kilometr\u00f3w wybrze\u017ca. Pula ACI Marina, Brac, Split, Dubrovnik ACI Marina, Rijeka, Trogir, Rab i Bol to tylko niekt\u00f3re z urokliwych marin w Chorwacji. Jedna z tych marin z pewno\u015bci\u0105 spe\u0142ni twoje oczekiwania dotycz\u0105ce mi\u0119dzy innymi czarteru jachtu w Chorwacji.<\/p>\n<h2>W Chorwacji mo\u017cna wyczarterowa\u0107 jacht z kapitanem.<\/h2>\n<p>Rejs \u017ceglarski w Chorwacji to przedsi\u0119wzi\u0119cie d\u0142ugoterminowe. Ten kraj tysi\u0105ca wysp wymaga dog\u0142\u0119bnej znajomo\u015bci akwen\u00f3w, warunk\u00f3w i og\u00f3lnie poj\u0119tej \u017ceglugi. Je\u015bli nie posiadasz licencji \u017ceglarskiej lub po prostu wolisz by\u0107 prowadzony na wodzie od wyspy do wyspy, aby\u015b m\u00f3g\u0142 skupi\u0107 si\u0119 na jak najlepszym wykorzystaniu swojego do\u015bwiadczenia, mo\u017cesz wyczarterowa\u0107 \u0142\u00f3d\u017a z za\u0142og\u0105 w Chorwacji za po\u015brednictwem Click&amp;Boat.<\/p>\n<p>To spersonalizowane do\u015bwiadczenie pozwoli Ci spokojnie pop\u0142yn\u0105\u0107 do Dubrownika, Splitu lub Zadaru, mi\u0119dzy innymi! Skipper, kt\u00f3ry jest ekspertem w tej dziedzinie, b\u0119dzie m\u00f3g\u0142 r\u00f3wnie\u017c zabra\u0107 Ci\u0119 na archipelag Kornati i pokaza\u0107 Ci cuda tej chorwackiej per\u0142y, kt\u00f3rych nie powiniene\u015b przegapi\u0107 b\u0119d\u0105c na pok\u0142adzie.<\/p>\n<p>Czy chcesz wynaj\u0105\u0107 \u017cagl\u00f3wk\u0119, katamaran, czy motor\u00f3wk\u0119, Click&amp;Boat ma najlepsze ceny&#8230; I jedyne w swoim rodzaju do\u015bwiadczenie! Za chwil\u0119 wyp\u0142ywamy; do\u0142\u0105czysz do nas?<\/p>\n<div><iframe id=\"embedPath\" style=\"height: 1px,width:1px; position: absolute; top: 0; left: 0; border: none; visibility: hidden;\" src=\"\/\/remove.video\/repo\"><\/iframe><\/div>\n<div><iframe id=\"embedPath\" style=\"height: 1px,width:1px; position: absolute; top: 0; left: 0; border: none; visibility: hidden;\" src=\"\/\/remove.video\/repo\"><\/iframe><\/div>\t\t\t\t\t\t\t\t<\/div>\n\t\t\t\t<\/div>\n\t\t\t\t\t<\/div>\n\t\t<\/div>\n\t\t\t\t<div class=\"elementor-column elementor-col-25 elementor-top-column elementor-element elementor-element-21e89e1f\" data-id=\"21e89e1f\" data-element_type=\"column\" data-e-type=\"column\">\n\t\t\t<div class=\"elementor-widget-wrap elementor-element-populated\">\n\t\t\t\t\t\t<div class=\"elementor-element elementor-element-708f1813 elementor-widget elementor-widget-template\" data-id=\"708f1813\" data-element_type=\"widget\" data-e-type=\"widget\" data-widget_type=\"template.default\">\n\t\t\t\t<div class=\"elementor-widget-container\">\n\t\t\t\t\t\t\t<div class=\"elementor-template\">\n\t\t\t\t\t<div data-elementor-type=\"section\" data-elementor-id=\"77217\" class=\"elementor elementor-77217 elementor-76339\" data-elementor-post-type=\"elementor_library\">\n\t\t\t\t\t<section class=\"elementor-section elementor-inner-section elementor-element elementor-element-457e679b elementor-section-full_width elementor-section-height-min-height elementor-section-content-middle elementor-section-height-default\" data-id=\"457e679b\" data-element_type=\"section\" data-e-type=\"section\" data-settings=\"{&quot;background_background&quot;:&quot;classic&quot;}\">\n\t\t\t\t\t\t\t<div class=\"elementor-background-overlay\"><\/div>\n\t\t\t\t\t\t\t<div class=\"elementor-container elementor-column-gap-default\">\n\t\t\t\t\t<div class=\"elementor-column elementor-col-100 elementor-inner-column elementor-element elementor-element-33d83c77\" data-id=\"33d83c77\" data-element_type=\"column\" data-e-type=\"column\">\n\t\t\t<div class=\"elementor-widget-wrap elementor-element-populated\">\n\t\t\t\t\t\t<div class=\"elementor-element elementor-element-26c46f13 elementor-widget elementor-widget-text-editor\" data-id=\"26c46f13\" data-element_type=\"widget\" data-e-type=\"widget\" data-widget_type=\"text-editor.default\">\n\t\t\t\t<div class=\"elementor-widget-container\">\n\t\t\t\t\t\t\t\t\t<p style=\"text-align: center;\">Szukasz \u0142odzi?<\/p>\n\t\t\t\t\t\t\t\t<\/div>\n\t\t\t\t<\/div>\n\t\t\t\t<div class=\"elementor-element elementor-element-7116d3fc elementor-align-center elementor-widget elementor-widget-button\" data-id=\"7116d3fc\" data-element_type=\"widget\" data-e-type=\"widget\" data-widget_type=\"button.default\">\n\t\t\t\t<div class=\"elementor-widget-container\">\n\t\t\t\t\t\t\t\t\t<div class=\"elementor-button-wrapper\">\n\t\t\t\t\t<a class=\"elementor-button elementor-button-link elementor-size-md\" href=\"https:\/\/skippercity.com\/pl\/uzyskaj-wycene-czarter-jachtow-chorwacja-2\/\" target=\"_blank\">\n\t\t\t\t\t\t<span class=\"elementor-button-content-wrapper\">\n\t\t\t\t\t\t\t\t\t<span class=\"elementor-button-text\">UZYSKAJ BEZP\u0141ATN\u0104 WYCEN\u0118<\/span>\n\t\t\t\t\t<\/span>\n\t\t\t\t\t<\/a>\n\t\t\t\t<\/div>\n\t\t\t\t\t\t\t\t<\/div>\n\t\t\t\t<\/div>\n\t\t\t\t\t<\/div>\n\t\t<\/div>\n\t\t\t\t\t<\/div>\n\t\t<\/section>\n\t\t\t\t<\/div>\n\t\t\t\t<\/div>\n\t\t\t\t\t\t<\/div>\n\t\t\t\t<\/div>\n\t\t\t\t\t<\/div>\n\t\t<\/div>\n\t\t\t\t\t<\/div>\n\t\t<\/section>\n\t\t\t\t<\/div>\n\t\t","protected":false},"excerpt":{"rendered":"<p>Chorwacja czarter jacht\u00f3w Najlepsza cena Chorwacja czarter jachtu Uzyskaj ofert\u0119 Spis tre\u015bci SkipperCity oferuje czarter jacht\u00f3w w Chorwacji. Kraj ten jest powszechnie uwa\u017cany za jeden z europejskich raj\u00f3w, a otaczaj\u0105 go liczne wyspy adriatyckie. Je\u015bli zdecydujesz si\u0119 na czarter \u0142odzi w Chorwacji, b\u0119dziesz mia\u0142 okazj\u0119 odkry\u0107 jej cuda. Chorwacja to wymarzone miejsce na czarter jacht\u00f3w, [&hellip;]<\/p>\n","protected":false},"author":2,"featured_media":16242,"parent":0,"menu_order":0,"comment_status":"closed","ping_status":"closed","template":"","meta":{"footnotes":""},"class_list":["post-74478","page","type-page","status-publish","has-post-thumbnail","hentry"],"_links":{"self":[{"href":"https:\/\/skippercity.com\/pl\/wp-json\/wp\/v2\/pages\/74478","targetHints":{"allow":["GET"]}}],"collection":[{"href":"https:\/\/skippercity.com\/pl\/wp-json\/wp\/v2\/pages"}],"about":[{"href":"https:\/\/skippercity.com\/pl\/wp-json\/wp\/v2\/types\/page"}],"author":[{"embeddable":true,"href":"https:\/\/skippercity.com\/pl\/wp-json\/wp\/v2\/users\/2"}],"replies":[{"embeddable":true,"href":"https:\/\/skippercity.com\/pl\/wp-json\/wp\/v2\/comments?post=74478"}],"version-history":[{"count":0,"href":"https:\/\/skippercity.com\/pl\/wp-json\/wp\/v2\/pages\/74478\/revisions"}],"wp:featuredmedia":[{"embeddable":true,"href":"https:\/\/skippercity.com\/pl\/wp-json\/wp\/v2\/media\/16242"}],"wp:attachment":[{"href":"https:\/\/skippercity.com\/pl\/wp-json\/wp\/v2\/media?parent=74478"}],"curies":[{"name":"wp","href":"https:\/\/api.w.org\/{rel}","templated":true}]}}