{"id":412089,"date":"2024-01-14T20:42:38","date_gmt":"2024-01-14T20:42:38","guid":{"rendered":"https:\/\/www.skippercity.com\/pagina-de-termos-de-servico-do-afiliado\/"},"modified":"2024-01-20T06:48:18","modified_gmt":"2024-01-20T06:48:18","slug":"pagina-de-termos-de-servico-do-afiliado","status":"publish","type":"page","link":"https:\/\/skippercity.com\/pt-br\/pagina-de-termos-de-servico-do-afiliado\/","title":{"rendered":"P\u00e1gina de Termos de Servi\u00e7o do Afiliado"},"content":{"rendered":"\t\t<div data-elementor-type=\"wp-page\" data-elementor-id=\"412089\" class=\"elementor elementor-412089 elementor-412033\" data-elementor-post-type=\"page\">\n\t\t\t\t<div class=\"elementor-element elementor-element-e8b4547 e-con-full e-flex e-con e-parent\" data-id=\"e8b4547\" data-element_type=\"container\" data-e-type=\"container\">\n\t\t<div class=\"elementor-element elementor-element-6c6403f e-con-full e-flex e-con e-child\" data-id=\"6c6403f\" data-element_type=\"container\" data-e-type=\"container\">\n\t\t\t\t<\/div>\n\t\t<div class=\"elementor-element elementor-element-c162eda e-con-full e-flex e-con e-child\" data-id=\"c162eda\" data-element_type=\"container\" data-e-type=\"container\">\n\t\t\t\t<div class=\"elementor-element elementor-element-3553b57 elementor-widget elementor-widget-text-editor\" data-id=\"3553b57\" data-element_type=\"widget\" data-e-type=\"widget\" data-widget_type=\"text-editor.default\">\n\t\t\t\t<div class=\"elementor-widget-container\">\n\t\t\t\t\t\t\t\t\t<h2>Contrato de afiliado<\/h2>\n<h2>(Termos e Condi\u00e7\u00f5es do Programa de Afiliados)<\/h2>\n<p>Este contrato (o &#8220;Contrato&#8221;) \u00e9 celebrado entre a SkipperCity, a Blackbird<br \/>One Ltd, 5 Secretary&#8217;s Lane, Gibraltar GX11 1AA, (a &#8220;Empresa&#8221;), e<br \/>afiliada (a &#8220;Afiliada&#8221;), e coletivamente, (as &#8220;Partes&#8221;) para<br \/>participa\u00e7\u00e3o no programa de afiliados da Empresa.<\/p>\n<p>O Afiliado deseja incluir determinados materiais de promo\u00e7\u00e3o da Empresa, e<br \/>para incluir um link para o site da Empresa nesses materiais em<br \/>Site do Afiliado e\/ou em outro lugar na Internet;<\/p>\n<p>AGORA, PORTANTO, em considera\u00e7\u00e3o \u00e0s promessas m\u00fatuas, conv\u00eanios,<br \/>garantias, e outras considera\u00e7\u00f5es boas e valiosas estabelecidas neste documento,<br \/>as Partes concordam com o seguinte:<\/p>\n<ol>\n<li><b>Materiais promocionais.<\/b>  A Empresa disponibilizar\u00e1 para<br \/>Afiliado de determinados an\u00fancios em banner, links de bot\u00e3o, links de texto,<br \/>e\/ou outro material gr\u00e1fico ou textual para exibi\u00e7\u00e3o e uso no<br \/>site do Afiliado (os &#8220;Materiais Promocionais&#8221;) e\/ou em qualquer outro lugar em<br \/>Internet. O Afiliado dever\u00e1 exibir os Materiais Promocionais em<br \/>Site do Afiliado e\/ou em outro lugar na Internet de forma proeminente e como<br \/>O Afiliado considera adequado, desde que a forma de exibi\u00e7\u00e3o esteja sujeita a<br \/>aos termos e condi\u00e7\u00f5es deste Contrato. O Afiliado tamb\u00e9m dever\u00e1<br \/>incluir um link dos Materiais Promocionais para o site da Empresa, como<br \/>especificado pela Empresa.<\/li>\n<li><b>Uso de materiais promocionais.  <\/b>O uso e a exibi\u00e7\u00e3o do Afiliado<br \/>dos Materiais Promocionais no site do Afiliado e\/ou em qualquer outro lugar<br \/>na Internet devem estar em conformidade com os seguintes termos, condi\u00e7\u00f5es e<br \/>especifica\u00e7\u00f5es:\n<ul>\n<li>a. O Afiliado n\u00e3o poder\u00e1 usar nenhum material gr\u00e1fico, textual ou de outra natureza<br \/>do site da Empresa (https:\/\/yachtco.net), produtos ou servi\u00e7os que n\u00e3o sejam<br \/>que n\u00e3o sejam os Materiais Promocionais, a menos que a Empresa concorde por escrito<br \/>antes de sua exibi\u00e7\u00e3o.<\/li>\n<li>b. O Afiliado s\u00f3 poder\u00e1 usar os Materiais Promocionais para os seguintes fins<br \/>de promover o site da Empresa (e os produtos e servi\u00e7os dispon\u00edveis)<br \/>nele) e para criar links para o site da Empresa.<\/li>\n<li>c. O Afiliado n\u00e3o alterar\u00e1, adicionar\u00e1, subtrair\u00e1 ou de outra forma<br \/>modificar os Materiais Promocionais \u00e0 medida que forem preparados pela Empresa. Se<br \/>O Afiliado deseja alterar ou modificar de alguma forma os Materiais Promocionais,<br \/>O Afiliado deve obter o consentimento pr\u00e9vio por escrito da Empresa para tal<br \/>altera\u00e7\u00e3o de modifica\u00e7\u00e3o.<\/li>\n<li>d. Os Materiais Promocionais ser\u00e3o usados para criar links para o site da Empresa, para as p\u00e1ginas e endere\u00e7os espec\u00edficos do site.<\/li>\n<li>e. O Afiliado pode criar seus pr\u00f3prios materiais promocionais (gr\u00e1ficos, textuais ou outros) conforme achar necess\u00e1rio.<\/li>\n<\/ul>\n<\/li>\n<li><b>Licen\u00e7a<\/b>. A Empresa concede ao Afiliado um direito n\u00e3o exclusivo,<br \/>licen\u00e7a intransfer\u00edvel (a &#8220;Licen\u00e7a&#8221;) para usar os Materiais Promocionais<br \/>conforme especificado nos termos e condi\u00e7\u00f5es deste Contrato. O termo<br \/>da Licen\u00e7a expirar\u00e1 ap\u00f3s a expira\u00e7\u00e3o ou rescis\u00e3o deste Contrato.<br \/>Acordo.<\/li>\n<li><b>Propriedade intelectual.<\/b>  A empresa ret\u00e9m todos os direitos e propriedade,<br \/>e interesse nos Materiais Promocionais e em qualquer direito autoral,<br \/>marca registrada ou outra propriedade intelectual nos Materiais Promocionais.<br \/>Nada neste Contrato dever\u00e1 ser interpretado de forma a conceder ao Afiliado qualquer<br \/>direitos, propriedade ou interesse nos Materiais Promocionais, ou nos<br \/>propriedade intelectual subjacente, que n\u00e3o sejam os direitos de uso da<br \/>Materiais Promocionais concedidos sob a Licen\u00e7a, conforme estabelecido na Se\u00e7\u00e3o<br \/>3.<\/li>\n<li><b>Relacionamento das partes.  <\/b>Este Contrato n\u00e3o dever\u00e1 ser<br \/>interpretado para criar qualquer rela\u00e7\u00e3o de emprego, rela\u00e7\u00e3o de ag\u00eancia ou<br \/>parceria entre a Empresa e o Afiliado. O Afiliado dever\u00e1 fornecer<br \/>servi\u00e7os para a Empresa como um contratado independente. O Afiliado dever\u00e1 ter<br \/>nenhuma autoridade para vincular a Empresa a qualquer contrato, nem o Afiliado ser\u00e1<br \/>considerado um agente da Empresa em qualquer aspecto.<\/li>\n<li><b>Comiss\u00f5es:<br \/><\/b>\n<ul>\n<li>a. Em troca da exibi\u00e7\u00e3o dos Materiais Promocionais pelo Afiliado,<br \/>e pelo cumprimento e desempenho dos termos e condi\u00e7\u00f5es do Afiliado.<br \/>condi\u00e7\u00f5es deste Contrato, a Empresa pagar\u00e1 ao Afiliado um<br \/>comiss\u00e3o (a &#8220;Comiss\u00e3o&#8221;) no valor de uma porcentagem do pre\u00e7o para<br \/>acomoda\u00e7\u00e3o em barco reservado por um visitante que acessa o site da Empresa<br \/>atrav\u00e9s de um link no site do Afiliado ou atrav\u00e9s do site do Afiliado<br \/>link em outro lugar na Internet. A porcentagem atual lan\u00e7ada \u00e9 de 20%. Isso<br \/>A porcentagem est\u00e1 sujeita a altera\u00e7\u00f5es pela Empresa a qualquer momento.<\/li>\n<li>b. A Empresa dever\u00e1 manter registros precisos e atualizados dos dados<br \/>usado at\u00e9 o t\u00e9rmino deste contrato para determinar o total de<br \/>valor das Comiss\u00f5es devidas ao Afiliado. O afiliado deve receber<br \/>acesso razo\u00e1vel a esses registros mediante solicita\u00e7\u00e3o. Qualquer discrep\u00e2ncia entre<br \/>o valor das Comiss\u00f5es devidas de acordo com esses registros e a<br \/>valor real das Comiss\u00f5es pagas ao Afiliado em qualquer per\u00edodo ou per\u00edodos<br \/>dever\u00e1 ser retificado pela Empresa no prazo de 14 dias ap\u00f3s a descoberta de tal<br \/>discrep\u00e2ncia.<\/li>\n<li>c. As comiss\u00f5es s\u00e3o mantidas por um per\u00edodo de 30 dias a partir da data do barco<br \/>de aluguel para proteger a Empresa no caso de qualquer estorno que possa<br \/>ocorrer. A Empresa pagar\u00e1 todas as Comiss\u00f5es acumuladas e pag\u00e1veis a<br \/>Afiliado dentro de 30 dias ap\u00f3s o t\u00e9rmino do aluguel do barco (o &#8220;Pagamento de Comiss\u00e3o<br \/>Data&#8221;).<\/li>\n<li>d. No caso de o Afiliado violar materialmente este Contrato<br \/>e a Empresa rescindir este Contrato em at\u00e9 30 dias ap\u00f3s essa viola\u00e7\u00e3o,<br \/>ent\u00e3o, quaisquer Comiss\u00f5es acumuladas e pag\u00e1veis devidas ao Afiliado dever\u00e3o ser<br \/>e a Empresa n\u00e3o ser\u00e1 obrigada a pagar tais Comiss\u00f5es a<br \/>Afiliada.<\/li>\n<\/ul>\n<\/li>\n<li><b>Declara\u00e7\u00f5es e garantias do afiliado.<\/b>  O Afiliado declara e garante o seguinte:\n<ul>\n<li>a. O Afiliado tem a autoridade legal para celebrar este Contrato<br \/>e a se vincular \u00e0s promessas, conv\u00eanios e outras obriga\u00e7\u00f5es estabelecidas<br \/>neste Contrato.<\/li>\n<li>b. O site do Afiliado e\/ou a p\u00e1gina de links do Afiliado n\u00e3o cont\u00eam nenhum material que seja:\n<ul>\n<li>i. Sexualmente expl\u00edcito, obsceno ou pornogr\u00e1fico;<\/li>\n<li>ii. Ofensivo, profano, odioso, amea\u00e7ador, prejudicial, difamat\u00f3rio,<br \/>calunioso, assediador ou discriminat\u00f3rio (seja com base em ra\u00e7a ou ra\u00e7a),<br \/>etnia, credo, religi\u00e3o, g\u00eanero, orienta\u00e7\u00e3o sexual, condi\u00e7\u00e3o f\u00edsica<br \/>defici\u00eancia, ou de outra forma);<\/li>\n<li>iii. Graficamente violentos, incluindo imagens de videogames violentos; ou<\/li>\n<li>iv. Solicita\u00e7\u00e3o de qualquer comportamento ilegal<\/li>\n<\/ul>\n<\/li>\n<li>c. O Afiliado obteve todas as autoriza\u00e7\u00f5es, licen\u00e7as ou<br \/>outra permiss\u00e3o para qualquer propriedade intelectual usada no site do Afiliado<br \/>site. Nada no site do Afiliado infringe a propriedade intelectual do Afiliado.<br \/>direitos de propriedade de qualquer pessoa ou entidade. Nenhuma pessoa ou entidade apresentou<br \/>ou amea\u00e7ou uma a\u00e7\u00e3o alegando tal viola\u00e7\u00e3o, nem o Afiliado<br \/>tenha qualquer raz\u00e3o para acreditar que qualquer pessoa ou entidade trar\u00e1 ou<br \/>amea\u00e7ar tal reivindica\u00e7\u00e3o no futuro.<\/li>\n<li>d. O Afiliado n\u00e3o utilizar\u00e1 os Materiais Promocionais de nenhuma outra forma que n\u00e3o seja a estabelecida na Se\u00e7\u00e3o 2 acima.<\/li>\n<li>e. O Afiliado n\u00e3o far\u00e1 nenhuma reivindica\u00e7\u00e3o de propriedade dos Produtos Promocionais.<br \/>Materiais, ou dos direitos autorais, marcas registradas ou outros direitos intelectuais<br \/>propriedade nele contida.<\/li>\n<li>f. O Afiliado n\u00e3o publicar\u00e1 ou distribuir\u00e1 de outra forma qualquer<br \/>materiais publicit\u00e1rios para o site do Afiliado que fa\u00e7am refer\u00eancia \u00e0 Empresa ou<br \/>site da Empresa, a menos que a Empresa d\u00ea consentimento pr\u00e9vio por escrito para a<br \/>distribui\u00e7\u00e3o de tais materiais. O Afiliado n\u00e3o usar\u00e1 o nome da Empresa<br \/>(ou qualquer nome que seja confusamente semelhante ao nome da Empresa) para qualquer<br \/>prop\u00f3sito em seu site, em seus materiais promocionais ou em qualquer outro<br \/>contexto, exceto para promover o site da Empresa, conforme especificado neste<br \/>Acordo. O Afiliado n\u00e3o registrar\u00e1 nenhum nome de dom\u00ednio que incorpore<br \/>O nome da Empresa, ou que seja confusamente semelhante ao nome da Empresa.<\/li>\n<li>g. O Afiliado n\u00e3o se envolver\u00e1 na distribui\u00e7\u00e3o de qualquer produto ou servi\u00e7o n\u00e3o solicitado.<br \/>e-mails em massa (spam) que de alguma forma mencionem ou fa\u00e7am refer\u00eancia \u00e0 Empresa ou<br \/>Site da empresa.<\/li>\n<li>h. O site do Afiliado e\/ou a p\u00e1gina de links do Afiliado devem estar tematicamente relacionados ao conte\u00fado do site da Empresa.<\/li>\n<\/ul>\n<\/li>\n<li><b>Indeniza\u00e7\u00e3o.<\/b>  O Afiliado dever\u00e1 indenizar a Empresa e manter<br \/>isentar a Empresa de qualquer reivindica\u00e7\u00e3o, dano, processo, a\u00e7\u00e3o, reclama\u00e7\u00e3o ou<br \/>outros custos decorrentes de qualquer viola\u00e7\u00e3o das garantias do Afiliado estabelecidas<br \/>estabelecidas na Se\u00e7\u00e3o 7 acima. O Afiliado tamb\u00e9m dever\u00e1 indenizar e manter<br \/>isentar a Empresa de qualquer dano, perda ou outro custo decorrente da<br \/>uso ou uso indevido dos Materiais Promocionais pelo Afiliado.<\/li>\n<li><b>Confidencialidade.  <\/b>Qualquer informa\u00e7\u00e3o a que o Afiliado seja exposto<br \/>em virtude de seu relacionamento com a Empresa nos termos deste Contrato, que<br \/>informa\u00e7\u00f5es n\u00e3o estiverem dispon\u00edveis para o p\u00fablico em geral, ser\u00e3o consideradas<br \/>como &#8220;Informa\u00e7\u00f5es confidenciais da empresa&#8221;. O Afiliado n\u00e3o pode divulgar qualquer<br \/>Informa\u00e7\u00f5es confidenciais da empresa a qualquer pessoa ou entidade, exceto quando<br \/>obrigados por lei, a menos que o Afiliado obtenha consentimento pr\u00e9vio por escrito para<br \/>tal divulga\u00e7\u00e3o da Empresa.<\/li>\n<li><b>Prazo.<br \/><\/b>\n<ul>\n<li>a. Este Contrato entrar\u00e1 em vigor imediatamente e permanecer\u00e1 em pleno vigor at\u00e9 ser rescindido de acordo com esta Se\u00e7\u00e3o 10.<\/li>\n<li>b. Qualquer uma das Partes ter\u00e1 o direito de rescindir este Contrato em<br \/>a qualquer momento e por qualquer motivo. A Parte rescindente deve fornecer por escrito<br \/>notifica\u00e7\u00e3o \u00e0 outra Parte com pelo menos 30 dias de anteced\u00eancia da data pretendida de<br \/>rescis\u00e3o.<\/li>\n<\/ul>\n<\/li>\n<li><b>Impostos.<\/b>  A Empresa n\u00e3o ser\u00e1 respons\u00e1vel por quaisquer impostos devidos por<br \/>Afiliado decorrente do relacionamento do Afiliado com a Empresa, conforme estabelecido<br \/>estabelecidas neste Contrato. A Empresa n\u00e3o reter\u00e1 nenhum imposto dos<br \/>Comiss\u00f5es pagas ao Afiliado.<\/li>\n<li><b>Limita\u00e7\u00e3o de responsabilidade.<\/b>  A Empresa n\u00e3o ser\u00e1 respons\u00e1vel por qualquer<br \/>perda de lucros ou custos, ou por qualquer dano direto, indireto, especial,<br \/>danos incidentais ou consequenciais, incluindo custos associados \u00e0<br \/>aquisi\u00e7\u00e3o de bens ou servi\u00e7os substitutos (independentemente de a Empresa ter sido ou n\u00e3o<br \/>deveria estar ciente ou ter sido avisado da possibilidade de tais danos),<br \/>decorrentes de ou associados a qualquer perda, suspens\u00e3o ou interrup\u00e7\u00e3o<br \/>de servi\u00e7o, rescis\u00e3o deste Contrato, uso ou uso indevido do<br \/>Materiais Promocionais, ou outro desempenho de servi\u00e7os nos termos deste<br \/>Acordo.<\/li>\n<li><b>Contrapartidas.<\/b>  Este Contrato pode ser firmado em v\u00e1rias<br \/>em duas vias, cada uma das quais constituir\u00e1 um original e todas as<br \/>que, em conjunto, constituir\u00e3o um \u00fanico contrato.<\/li>\n<li><b>Divisibilidade.<\/b>  Se alguma parte ou partes deste Contrato forem<br \/>for considerado inexequ\u00edvel por qualquer motivo, o restante deste Contrato<br \/>continuar\u00e3o em pleno vigor e efeito. Se qualquer disposi\u00e7\u00e3o deste<br \/>O Contrato seja considerado inv\u00e1lido ou inexequ\u00edvel por qualquer tribunal competente<br \/>jurisdi\u00e7\u00e3o, e se a limita\u00e7\u00e3o de tal disposi\u00e7\u00e3o tornaria a disposi\u00e7\u00e3o<br \/>v\u00e1lida, ent\u00e3o tal disposi\u00e7\u00e3o dever\u00e1 ser considerada interpretada como tal.<br \/>limitado.<\/li>\n<li><b>T\u00edtulos<\/b>. Os t\u00edtulos das se\u00e7\u00f5es deste documento s\u00e3o apenas para conveni\u00eancia e n\u00e3o afetam o significado das disposi\u00e7\u00f5es deste Contrato.<\/li>\n<li><b>Contrato integral.<\/b>  Este Contrato constitui a totalidade do<br \/>acordo entre a Empresa e o Afiliado, e substitui qualquer acordo anterior entre a Empresa e o Afiliado.<br \/>entendimento ou representa\u00e7\u00e3o de qualquer tipo anterior \u00e0 data deste<br \/>Acordo. N\u00e3o h\u00e1 outras promessas, condi\u00e7\u00f5es, entendimentos ou<br \/>outros acordos, sejam eles verbais ou escritos, relacionados ao assunto<br \/>mat\u00e9ria do presente Contrato<\/li>\n<\/ol>\n\t\t\t\t\t\t\t\t<\/div>\n\t\t\t\t<\/div>\n\t\t\t\t<\/div>\n\t\t<div class=\"elementor-element elementor-element-510b0b1 e-con-full e-flex e-con e-child\" data-id=\"510b0b1\" data-element_type=\"container\" data-e-type=\"container\">\n\t\t\t\t<\/div>\n\t\t\t\t<\/div>\n\t\t\t\t<\/div>\n\t\t","protected":false},"excerpt":{"rendered":"<p>Contrato de afiliado (Termos e Condi\u00e7\u00f5es do Programa de Afiliados) Este contrato (o &#8220;Contrato&#8221;) \u00e9 celebrado entre a SkipperCity, a BlackbirdOne Ltd, 5 Secretary&#8217;s Lane, Gibraltar GX11 1AA, (a &#8220;Empresa&#8221;), eafiliada (a &#8220;Afiliada&#8221;), e coletivamente, (as &#8220;Partes&#8221;) paraparticipa\u00e7\u00e3o no programa de afiliados da Empresa. O Afiliado deseja incluir determinados materiais de promo\u00e7\u00e3o da Empresa, epara [&hellip;]<\/p>\n","protected":false},"author":2,"featured_media":408270,"parent":0,"menu_order":0,"comment_status":"closed","ping_status":"closed","template":"","meta":{"footnotes":""},"class_list":["post-412089","page","type-page","status-publish","has-post-thumbnail","hentry"],"_links":{"self":[{"href":"https:\/\/skippercity.com\/pt-br\/wp-json\/wp\/v2\/pages\/412089","targetHints":{"allow":["GET"]}}],"collection":[{"href":"https:\/\/skippercity.com\/pt-br\/wp-json\/wp\/v2\/pages"}],"about":[{"href":"https:\/\/skippercity.com\/pt-br\/wp-json\/wp\/v2\/types\/page"}],"author":[{"embeddable":true,"href":"https:\/\/skippercity.com\/pt-br\/wp-json\/wp\/v2\/users\/2"}],"replies":[{"embeddable":true,"href":"https:\/\/skippercity.com\/pt-br\/wp-json\/wp\/v2\/comments?post=412089"}],"version-history":[{"count":0,"href":"https:\/\/skippercity.com\/pt-br\/wp-json\/wp\/v2\/pages\/412089\/revisions"}],"wp:featuredmedia":[{"embeddable":true,"href":"https:\/\/skippercity.com\/pt-br\/wp-json\/wp\/v2\/media\/408270"}],"wp:attachment":[{"href":"https:\/\/skippercity.com\/pt-br\/wp-json\/wp\/v2\/media?parent=412089"}],"curies":[{"name":"wp","href":"https:\/\/api.w.org\/{rel}","templated":true}]}}