{"id":416147,"date":"2024-03-01T09:09:14","date_gmt":"2024-03-01T09:09:14","guid":{"rendered":"https:\/\/www.skippercity.com\/guia-de-check-in-de-aluguel-de-iate\/"},"modified":"2024-03-01T09:26:58","modified_gmt":"2024-03-01T09:26:58","slug":"guia-de-check-in-de-aluguel-de-iate","status":"publish","type":"page","link":"https:\/\/skippercity.com\/pt-br\/guia-de-check-in-de-aluguel-de-iate\/","title":{"rendered":"Guia de check-in de aluguel de iate"},"content":{"rendered":"\t\t<div data-elementor-type=\"wp-page\" data-elementor-id=\"416147\" class=\"elementor elementor-416147 elementor-416101\" data-elementor-post-type=\"page\">\n\t\t\t\t<div class=\"elementor-element elementor-element-9e4c9ac e-con-full e-flex e-con e-parent\" data-id=\"9e4c9ac\" data-element_type=\"container\" data-e-type=\"container\" data-settings=\"{&quot;background_background&quot;:&quot;classic&quot;}\">\n\t\t\t\t<\/div>\n\t\t\t\t<section class=\"elementor-section elementor-top-section elementor-element elementor-element-10ce9678 elementor-section-full_width elementor-section-height-default elementor-section-height-default\" data-id=\"10ce9678\" data-element_type=\"section\" data-e-type=\"section\">\n\t\t\t\t\t\t<div class=\"elementor-container elementor-column-gap-default\">\n\t\t\t\t\t<div class=\"elementor-column elementor-col-25 elementor-top-column elementor-element elementor-element-7be25744\" data-id=\"7be25744\" data-element_type=\"column\" data-e-type=\"column\">\n\t\t\t<div class=\"elementor-widget-wrap elementor-element-populated\">\n\t\t\t\t\t\t<div class=\"elementor-element elementor-element-21fce7b4 elementor-toc--minimized-on-tablet elementor-widget elementor-widget-table-of-contents\" data-id=\"21fce7b4\" data-element_type=\"widget\" data-e-type=\"widget\" data-settings=\"{&quot;exclude_headings_by_selector&quot;:[],&quot;marker_view&quot;:&quot;bullets&quot;,&quot;headings_by_tags&quot;:[&quot;h2&quot;,&quot;h3&quot;,&quot;h4&quot;,&quot;h5&quot;,&quot;h6&quot;],&quot;icon&quot;:{&quot;value&quot;:&quot;fas fa-circle&quot;,&quot;library&quot;:&quot;fa-solid&quot;,&quot;rendered_tag&quot;:&quot;&lt;svg class=\\&quot;e-font-icon-svg e-fas-circle\\&quot; viewBox=\\&quot;0 0 512 512\\&quot; xmlns=\\&quot;http:\\\/\\\/www.w3.org\\\/2000\\\/svg\\&quot;&gt;&lt;path d=\\&quot;M256 8C119 8 8 119 8 256s111 248 248 248 248-111 248-248S393 8 256 8z\\&quot;&gt;&lt;\\\/path&gt;&lt;\\\/svg&gt;&quot;},&quot;no_headings_message&quot;:&quot;N\\u00e3o foram encontrados cabe\\u00e7alhos nesta p\\u00e1gina.&quot;,&quot;minimize_box&quot;:&quot;yes&quot;,&quot;minimized_on&quot;:&quot;tablet&quot;,&quot;hierarchical_view&quot;:&quot;yes&quot;,&quot;min_height&quot;:{&quot;unit&quot;:&quot;px&quot;,&quot;size&quot;:&quot;&quot;,&quot;sizes&quot;:[]},&quot;min_height_tablet&quot;:{&quot;unit&quot;:&quot;px&quot;,&quot;size&quot;:&quot;&quot;,&quot;sizes&quot;:[]},&quot;min_height_mobile&quot;:{&quot;unit&quot;:&quot;px&quot;,&quot;size&quot;:&quot;&quot;,&quot;sizes&quot;:[]}}\" data-widget_type=\"table-of-contents.default\">\n\t\t\t\t<div class=\"elementor-widget-container\">\n\t\t\t\t\t\t\t\t\t<div class=\"elementor-toc__header\">\n\t\t\t\t\t\t<h4 class=\"elementor-toc__header-title\">\n\t\t\t\tTabela de Conte\u00fados\t\t\t<\/h4>\n\t\t\t\t\t\t\t\t\t\t<div class=\"elementor-toc__toggle-button elementor-toc__toggle-button--expand\" role=\"button\" tabindex=\"0\" aria-controls=\"elementor-toc__21fce7b4\" aria-expanded=\"true\" aria-label=\"Abrir Tabela de Conte\u00fados\"><svg aria-hidden=\"true\" class=\"e-font-icon-svg e-fas-chevron-down\" viewBox=\"0 0 448 512\" xmlns=\"http:\/\/www.w3.org\/2000\/svg\"><path d=\"M207.029 381.476L12.686 187.132c-9.373-9.373-9.373-24.569 0-33.941l22.667-22.667c9.357-9.357 24.522-9.375 33.901-.04L224 284.505l154.745-154.021c9.379-9.335 24.544-9.317 33.901.04l22.667 22.667c9.373 9.373 9.373 24.569 0 33.941L240.971 381.476c-9.373 9.372-24.569 9.372-33.942 0z\"><\/path><\/svg><\/div>\n\t\t\t\t<div class=\"elementor-toc__toggle-button elementor-toc__toggle-button--collapse\" role=\"button\" tabindex=\"0\" aria-controls=\"elementor-toc__21fce7b4\" aria-expanded=\"true\" aria-label=\"Fechar Tabela de Conte\u00fados\"><svg aria-hidden=\"true\" class=\"e-font-icon-svg e-fas-chevron-up\" viewBox=\"0 0 448 512\" xmlns=\"http:\/\/www.w3.org\/2000\/svg\"><path d=\"M240.971 130.524l194.343 194.343c9.373 9.373 9.373 24.569 0 33.941l-22.667 22.667c-9.357 9.357-24.522 9.375-33.901.04L224 227.495 69.255 381.516c-9.379 9.335-24.544 9.317-33.901-.04l-22.667-22.667c-9.373-9.373-9.373-24.569 0-33.941L207.03 130.525c9.372-9.373 24.568-9.373 33.941-.001z\"><\/path><\/svg><\/div>\n\t\t\t\t\t<\/div>\n\t\t\t\t<div id=\"elementor-toc__21fce7b4\" class=\"elementor-toc__body\">\n\t\t\t<div class=\"elementor-toc__spinner-container\">\n\t\t\t\t<svg class=\"elementor-toc__spinner eicon-animation-spin e-font-icon-svg e-eicon-loading\" aria-hidden=\"true\" viewBox=\"0 0 1000 1000\" xmlns=\"http:\/\/www.w3.org\/2000\/svg\"><path d=\"M500 975V858C696 858 858 696 858 500S696 142 500 142 142 304 142 500H25C25 237 238 25 500 25S975 237 975 500 763 975 500 975Z\"><\/path><\/svg>\t\t\t<\/div>\n\t\t<\/div>\n\t\t\t\t\t\t<\/div>\n\t\t\t\t<\/div>\n\t\t\t\t\t<\/div>\n\t\t<\/div>\n\t\t\t\t<div class=\"elementor-column elementor-col-50 elementor-top-column elementor-element elementor-element-741733cc\" data-id=\"741733cc\" data-element_type=\"column\" data-e-type=\"column\">\n\t\t\t<div class=\"elementor-widget-wrap elementor-element-populated\">\n\t\t\t\t\t\t<div class=\"elementor-element elementor-element-9e717b7 elementor-widget elementor-widget-text-editor\" data-id=\"9e717b7\" data-element_type=\"widget\" data-e-type=\"widget\" data-widget_type=\"text-editor.default\">\n\t\t\t\t<div class=\"elementor-widget-container\">\n\t\t\t\t\t\t\t\t\t<h1><strong>Guia de check-in de aluguel de iate<\/strong><\/h1>\n<h2 data-sourcepos=\"1:1-1:75\">Check-in de aluguel de iate: Navegue tranquilamente para uma aventura inesquec\u00edvel<\/h2>\n<p data-sourcepos=\"3:1-3:184\"><strong>Prepare-se para suas f\u00e9rias de sonho em um barco a vela!<\/strong>  Este guia abrangente garante um processo de check-in perfeito em seu iate fretado, permitindo que voc\u00ea comece sua aventura com o p\u00e9 direito.<\/p>\n<h3 data-sourcepos=\"5:1-5:24\"><span style=\"text-decoration: underline;\"><strong>Antes de zarpar:<\/strong><\/span><\/h3>\n<p data-sourcepos=\"7:1-7:37\"><strong>1. Envie a lista da equipe e as licen\u00e7as:<\/strong><\/p>\n<ul data-sourcepos=\"9:1-11:0\">\n<li data-sourcepos=\"9:1-9:143\">Garanta um check-in tranquilo enviando sua <strong>lista de tripulantes<\/strong> e <strong>licen\u00e7as de navega\u00e7\u00e3o\/VHF<\/strong> com anteced\u00eancia. Seu agente fornecer\u00e1 os formul\u00e1rios necess\u00e1rios.<\/li>\n<li data-sourcepos=\"10:1-11:0\">Pelo menos um membro da tripula\u00e7\u00e3o precisa de uma <strong>licen\u00e7a VHF v\u00e1lida<\/strong> para se comunicar no mar.<\/li>\n<\/ul>\n<p data-sourcepos=\"12:1-12:31\"><strong>2. Aprimore sua experi\u00eancia:<\/strong><\/p>\n<ul data-sourcepos=\"14:1-16:0\">\n<li data-sourcepos=\"14:1-14:152\"><strong>Check-in antecipado:<\/strong> Solicite um <strong>check-in antecipado<\/strong> \u00e0s 13 horas se voc\u00ea tiver um voo cedo ou preferir come\u00e7ar a explorar mais cedo (o check-in padr\u00e3o \u00e9 \u00e0s 17 horas).<\/li>\n<li data-sourcepos=\"15:1-16:0\"><strong>Equipamentos adicionais:<\/strong> Reserve <strong>equipamentos extras<\/strong>, como pranchas de stand-up paddle (SUPs), com anteced\u00eancia para evitar atrasos.<\/li>\n<\/ul>\n<p data-sourcepos=\"17:1-17:30\"><strong>3. Chegada \u00e0 marina:<\/strong><\/p>\n<ul data-sourcepos=\"19:1-22:0\">\n<li data-sourcepos=\"19:1-19:103\"><strong>De carro:<\/strong> Verifique se h\u00e1 <strong>estacionamento vigiado<\/strong> dispon\u00edvel na marina ou explore outras op\u00e7\u00f5es de estacionamento.<\/li>\n<li data-sourcepos=\"20:1-20:128\"><strong>Por via a\u00e9rea:<\/strong> Providencie um <strong>traslado<\/strong> por meio de seu agente ou empresa de fretamento. T\u00e1xis e \u00f4nibus tamb\u00e9m est\u00e3o dispon\u00edveis no aeroporto.<\/li>\n<li data-sourcepos=\"21:1-22:0\"><strong>Aprovisionamento:<\/strong> Para maior comodidade, <strong>pe\u00e7a mantimentos on-line<\/strong> para entrega diretamente em seu iate.<\/li>\n<\/ul>\n<h3 data-sourcepos=\"23:1-23:17\"><span style=\"text-decoration: underline;\"><strong>Na chegada:<\/strong><\/span><\/h3>\n<p data-sourcepos=\"25:1-25:35\"><strong>1. Fa\u00e7a o check-in no escrit\u00f3rio da base:<\/strong><\/p>\n<ul data-sourcepos=\"27:1-33:0\">\n<li data-sourcepos=\"27:1-33:0\">Chegue no hor\u00e1rio e traga seu ingresso:\n<ul data-sourcepos=\"28:5-33:0\">\n<li data-sourcepos=\"28:5-28:23\"><strong>Cart\u00e3o de embarque<\/strong><\/li>\n<li data-sourcepos=\"29:5-29:28\"><strong>Lista completa da equipe<\/strong><\/li>\n<li data-sourcepos=\"30:5-30:43\"><strong>Licen\u00e7as originais de capit\u00e3o e VHF<\/strong><\/li>\n<li data-sourcepos=\"31:5-31:18\"><strong>IDs da equipe<\/strong><\/li>\n<li data-sourcepos=\"32:5-33:0\"><strong>M\u00e9todo de pagamento (dinheiro\/cart\u00e3o de cr\u00e9dito)<\/strong><\/li>\n<\/ul>\n<\/li>\n<\/ul>\n<p data-sourcepos=\"34:1-34:28\"><strong>2. Tarefas administrativas:<\/strong><\/p>\n<ul data-sourcepos=\"36:1-41:0\">\n<li data-sourcepos=\"36:1-41:0\">Nossa equipe de base ir\u00e1:\n<ul data-sourcepos=\"37:5-41:0\">\n<li data-sourcepos=\"37:5-37:48\"><strong>Confirme as informa\u00e7\u00f5es e licen\u00e7as da equipe.<\/strong><\/li>\n<li data-sourcepos=\"38:5-38:48\"><strong>Lidar com impostos de turismo e taxas de equipamentos.<\/strong><\/li>\n<li data-sourcepos=\"39:5-39:61\"><strong>Processar o dep\u00f3sito de seguran\u00e7a<\/strong> (em dinheiro ou cart\u00e3o de cr\u00e9dito).<\/li>\n<li data-sourcepos=\"40:5-41:0\">Oferecer <strong>seguro de dep\u00f3sito<\/strong> (opcional).<\/li>\n<\/ul>\n<\/li>\n<\/ul>\n<p data-sourcepos=\"42:1-42:37\"><strong>3. Check-in do barco com o t\u00e9cnico:<\/strong><\/p>\n<ul data-sourcepos=\"44:1-51:0\">\n<li data-sourcepos=\"44:1-44:56\">Encontre o t\u00e9cnico a bordo com os <strong>documentos<\/strong> do seu <strong>barco<\/strong>.<\/li>\n<li data-sourcepos=\"45:1-45:56\">Assegure-se de que o <strong>capit\u00e3o esteja presente<\/strong> na visita.<\/li>\n<li data-sourcepos=\"46:1-49:53\">O t\u00e9cnico dever\u00e1:\n<ul data-sourcepos=\"47:5-49:53\">\n<li data-sourcepos=\"47:5-47:63\">Inspecionar <strong>equipamentos de navega\u00e7\u00e3o, el\u00e9tricos e de seguran\u00e7a<\/strong>.<\/li>\n<li data-sourcepos=\"48:5-48:58\">Verifique as <strong>velas e as ferramentas essenciais de opera\u00e7\u00e3o do iate<\/strong>.<\/li>\n<li data-sourcepos=\"49:5-49:53\">Responda \u00e0s suas perguntas e aborde quaisquer preocupa\u00e7\u00f5es.<\/li>\n<\/ul>\n<\/li>\n<li data-sourcepos=\"50:1-51:0\">Ambas as partes assinam a <strong>lista de verifica\u00e7\u00e3o<\/strong> ap\u00f3s a conclus\u00e3o.<\/li>\n<\/ul>\n<h3 data-sourcepos=\"52:1-52:22\"><span style=\"text-decoration: underline;\"><strong>Pronto para zarpar!<\/strong><\/span><\/h3>\n<p data-sourcepos=\"54:1-54:102\">Com o check-in conclu\u00eddo, voc\u00ea est\u00e1 pronto para partir <strong>e embarcar em sua aventura inesquec\u00edvel!<\/strong><\/p>\n<p data-sourcepos=\"56:1-56:127\"><strong>Dica b\u00f4nus:<\/strong> se tiver algum problema antes de navegar, entre em contato com o <strong>n\u00famero de suporte t\u00e9cnico<\/strong> listado nos documentos do barco.<\/p>\n<p data-sourcepos=\"58:1-58:74\"><strong>Aproveite os ventos favor\u00e1veis, os mares calmos e um momento verdadeiramente m\u00e1gico no Adri\u00e1tico!<\/strong><\/p>\n\t\t\t\t\t\t\t\t<\/div>\n\t\t\t\t<\/div>\n\t\t\t\t\t<\/div>\n\t\t<\/div>\n\t\t\t\t<div class=\"elementor-column elementor-col-25 elementor-top-column elementor-element elementor-element-2536a580\" data-id=\"2536a580\" data-element_type=\"column\" data-e-type=\"column\">\n\t\t\t<div class=\"elementor-widget-wrap elementor-element-populated\">\n\t\t\t\t\t\t<div class=\"elementor-element elementor-element-458c2026 elementor-widget elementor-widget-template\" data-id=\"458c2026\" data-element_type=\"widget\" data-e-type=\"widget\" data-widget_type=\"template.default\">\n\t\t\t\t<div class=\"elementor-widget-container\">\n\t\t\t\t\t\t\t<div class=\"elementor-template\">\n\t\t\t\t\t<div data-elementor-type=\"section\" data-elementor-id=\"77219\" class=\"elementor elementor-77219 elementor-76339\" data-elementor-post-type=\"elementor_library\">\n\t\t\t\t\t<section class=\"elementor-section elementor-inner-section elementor-element elementor-element-457e679b elementor-section-full_width elementor-section-height-min-height elementor-section-content-middle elementor-section-height-default\" data-id=\"457e679b\" data-element_type=\"section\" data-e-type=\"section\" data-settings=\"{&quot;background_background&quot;:&quot;classic&quot;}\">\n\t\t\t\t\t\t\t<div class=\"elementor-background-overlay\"><\/div>\n\t\t\t\t\t\t\t<div class=\"elementor-container elementor-column-gap-default\">\n\t\t\t\t\t<div class=\"elementor-column elementor-col-100 elementor-inner-column elementor-element elementor-element-33d83c77\" data-id=\"33d83c77\" data-element_type=\"column\" data-e-type=\"column\">\n\t\t\t<div class=\"elementor-widget-wrap elementor-element-populated\">\n\t\t\t\t\t\t<div class=\"elementor-element elementor-element-26c46f13 elementor-widget elementor-widget-text-editor\" data-id=\"26c46f13\" data-element_type=\"widget\" data-e-type=\"widget\" data-widget_type=\"text-editor.default\">\n\t\t\t\t<div class=\"elementor-widget-container\">\n\t\t\t\t\t\t\t\t\t<p style=\"text-align: center;\">Procurando um barco?<\/p>\n\t\t\t\t\t\t\t\t<\/div>\n\t\t\t\t<\/div>\n\t\t\t\t<div class=\"elementor-element elementor-element-7116d3fc elementor-align-center elementor-widget elementor-widget-button\" data-id=\"7116d3fc\" data-element_type=\"widget\" data-e-type=\"widget\" data-widget_type=\"button.default\">\n\t\t\t\t<div class=\"elementor-widget-container\">\n\t\t\t\t\t\t\t\t\t<div class=\"elementor-button-wrapper\">\n\t\t\t\t\t<a class=\"elementor-button elementor-button-link elementor-size-md\" href=\"https:\/\/skippercity.com\/pt-br\/obter-uma-cotacao-de-aluguer-de-iates-croacia\/\" target=\"_blank\">\n\t\t\t\t\t\t<span class=\"elementor-button-content-wrapper\">\n\t\t\t\t\t\t\t\t\t<span class=\"elementor-button-text\">OBTER UM OR\u00c7AMENTO GRATUITO<\/span>\n\t\t\t\t\t<\/span>\n\t\t\t\t\t<\/a>\n\t\t\t\t<\/div>\n\t\t\t\t\t\t\t\t<\/div>\n\t\t\t\t<\/div>\n\t\t\t\t\t<\/div>\n\t\t<\/div>\n\t\t\t\t\t<\/div>\n\t\t<\/section>\n\t\t\t\t<\/div>\n\t\t\t\t<\/div>\n\t\t\t\t\t\t<\/div>\n\t\t\t\t<\/div>\n\t\t\t\t\t<\/div>\n\t\t<\/div>\n\t\t\t\t\t<\/div>\n\t\t<\/section>\n\t\t\t\t<\/div>\n\t\t","protected":false},"excerpt":{"rendered":"<p>Tabela de Conte\u00fados Guia de check-in de aluguel de iate Check-in de aluguel de iate: Navegue tranquilamente para uma aventura inesquec\u00edvel Prepare-se para suas f\u00e9rias de sonho em um barco a vela! Este guia abrangente garante um processo de check-in perfeito em seu iate fretado, permitindo que voc\u00ea comece sua aventura com o p\u00e9 direito. [&hellip;]<\/p>\n","protected":false},"author":2,"featured_media":408270,"parent":0,"menu_order":0,"comment_status":"closed","ping_status":"closed","template":"","meta":{"footnotes":""},"class_list":["post-416147","page","type-page","status-publish","has-post-thumbnail","hentry"],"_links":{"self":[{"href":"https:\/\/skippercity.com\/pt-br\/wp-json\/wp\/v2\/pages\/416147","targetHints":{"allow":["GET"]}}],"collection":[{"href":"https:\/\/skippercity.com\/pt-br\/wp-json\/wp\/v2\/pages"}],"about":[{"href":"https:\/\/skippercity.com\/pt-br\/wp-json\/wp\/v2\/types\/page"}],"author":[{"embeddable":true,"href":"https:\/\/skippercity.com\/pt-br\/wp-json\/wp\/v2\/users\/2"}],"replies":[{"embeddable":true,"href":"https:\/\/skippercity.com\/pt-br\/wp-json\/wp\/v2\/comments?post=416147"}],"version-history":[{"count":0,"href":"https:\/\/skippercity.com\/pt-br\/wp-json\/wp\/v2\/pages\/416147\/revisions"}],"wp:featuredmedia":[{"embeddable":true,"href":"https:\/\/skippercity.com\/pt-br\/wp-json\/wp\/v2\/media\/408270"}],"wp:attachment":[{"href":"https:\/\/skippercity.com\/pt-br\/wp-json\/wp\/v2\/media?parent=416147"}],"curies":[{"name":"wp","href":"https:\/\/api.w.org\/{rel}","templated":true}]}}