{"id":416339,"date":"2024-03-02T09:54:36","date_gmt":"2024-03-02T09:54:36","guid":{"rendered":"https:\/\/www.skippercity.com\/navegue-pela-deslumbrante-costa-da-croacia-aluguel-de-iates-com-skippercity-com\/"},"modified":"2024-03-02T10:38:55","modified_gmt":"2024-03-02T10:38:55","slug":"navegue-pela-deslumbrante-costa-da-croacia-aluguel-de-iates-com-skippercity-com","status":"publish","type":"page","link":"https:\/\/skippercity.com\/pt-br\/navegue-pela-deslumbrante-costa-da-croacia-aluguel-de-iates-com-skippercity-com\/","title":{"rendered":"Navegue pela deslumbrante costa da Cro\u00e1cia: Aluguel de iates com SkipperCity.com"},"content":{"rendered":"\t\t<div data-elementor-type=\"wp-page\" data-elementor-id=\"416339\" class=\"elementor elementor-416339 elementor-416326\" data-elementor-post-type=\"page\">\n\t\t\t\t<div class=\"elementor-element elementor-element-7221df9 e-con-full e-flex e-con e-parent\" data-id=\"7221df9\" data-element_type=\"container\" data-e-type=\"container\" data-settings=\"{&quot;background_background&quot;:&quot;classic&quot;}\">\n\t\t\t\t<\/div>\n\t\t\t\t<section class=\"elementor-section elementor-top-section elementor-element elementor-element-16f0dcfb elementor-section-full_width elementor-section-height-default elementor-section-height-default\" data-id=\"16f0dcfb\" data-element_type=\"section\" data-e-type=\"section\">\n\t\t\t\t\t\t<div class=\"elementor-container elementor-column-gap-default\">\n\t\t\t\t\t<div class=\"elementor-column elementor-col-25 elementor-top-column elementor-element elementor-element-14ec4fad\" data-id=\"14ec4fad\" data-element_type=\"column\" data-e-type=\"column\">\n\t\t\t<div class=\"elementor-widget-wrap elementor-element-populated\">\n\t\t\t\t\t\t<div class=\"elementor-element elementor-element-168931b8 elementor-toc--minimized-on-tablet elementor-widget elementor-widget-table-of-contents\" data-id=\"168931b8\" data-element_type=\"widget\" data-e-type=\"widget\" data-settings=\"{&quot;exclude_headings_by_selector&quot;:[],&quot;marker_view&quot;:&quot;bullets&quot;,&quot;headings_by_tags&quot;:[&quot;h2&quot;,&quot;h3&quot;,&quot;h4&quot;,&quot;h5&quot;,&quot;h6&quot;],&quot;icon&quot;:{&quot;value&quot;:&quot;fas fa-circle&quot;,&quot;library&quot;:&quot;fa-solid&quot;,&quot;rendered_tag&quot;:&quot;&lt;svg class=\\&quot;e-font-icon-svg e-fas-circle\\&quot; viewBox=\\&quot;0 0 512 512\\&quot; xmlns=\\&quot;http:\\\/\\\/www.w3.org\\\/2000\\\/svg\\&quot;&gt;&lt;path d=\\&quot;M256 8C119 8 8 119 8 256s111 248 248 248 248-111 248-248S393 8 256 8z\\&quot;&gt;&lt;\\\/path&gt;&lt;\\\/svg&gt;&quot;},&quot;no_headings_message&quot;:&quot;N\\u00e3o foram encontrados cabe\\u00e7alhos nesta p\\u00e1gina.&quot;,&quot;minimize_box&quot;:&quot;yes&quot;,&quot;minimized_on&quot;:&quot;tablet&quot;,&quot;hierarchical_view&quot;:&quot;yes&quot;,&quot;min_height&quot;:{&quot;unit&quot;:&quot;px&quot;,&quot;size&quot;:&quot;&quot;,&quot;sizes&quot;:[]},&quot;min_height_tablet&quot;:{&quot;unit&quot;:&quot;px&quot;,&quot;size&quot;:&quot;&quot;,&quot;sizes&quot;:[]},&quot;min_height_mobile&quot;:{&quot;unit&quot;:&quot;px&quot;,&quot;size&quot;:&quot;&quot;,&quot;sizes&quot;:[]}}\" data-widget_type=\"table-of-contents.default\">\n\t\t\t\t<div class=\"elementor-widget-container\">\n\t\t\t\t\t\t\t\t\t<div class=\"elementor-toc__header\">\n\t\t\t\t\t\t<h4 class=\"elementor-toc__header-title\">\n\t\t\t\tTabela de Conte\u00fados\t\t\t<\/h4>\n\t\t\t\t\t\t\t\t\t\t<div class=\"elementor-toc__toggle-button elementor-toc__toggle-button--expand\" role=\"button\" tabindex=\"0\" aria-controls=\"elementor-toc__168931b8\" aria-expanded=\"true\" aria-label=\"Abrir Tabela de Conte\u00fados\"><svg aria-hidden=\"true\" class=\"e-font-icon-svg e-fas-chevron-down\" viewBox=\"0 0 448 512\" xmlns=\"http:\/\/www.w3.org\/2000\/svg\"><path d=\"M207.029 381.476L12.686 187.132c-9.373-9.373-9.373-24.569 0-33.941l22.667-22.667c9.357-9.357 24.522-9.375 33.901-.04L224 284.505l154.745-154.021c9.379-9.335 24.544-9.317 33.901.04l22.667 22.667c9.373 9.373 9.373 24.569 0 33.941L240.971 381.476c-9.373 9.372-24.569 9.372-33.942 0z\"><\/path><\/svg><\/div>\n\t\t\t\t<div class=\"elementor-toc__toggle-button elementor-toc__toggle-button--collapse\" role=\"button\" tabindex=\"0\" aria-controls=\"elementor-toc__168931b8\" aria-expanded=\"true\" aria-label=\"Fechar Tabela de Conte\u00fados\"><svg aria-hidden=\"true\" class=\"e-font-icon-svg e-fas-chevron-up\" viewBox=\"0 0 448 512\" xmlns=\"http:\/\/www.w3.org\/2000\/svg\"><path d=\"M240.971 130.524l194.343 194.343c9.373 9.373 9.373 24.569 0 33.941l-22.667 22.667c-9.357 9.357-24.522 9.375-33.901.04L224 227.495 69.255 381.516c-9.379 9.335-24.544 9.317-33.901-.04l-22.667-22.667c-9.373-9.373-9.373-24.569 0-33.941L207.03 130.525c9.372-9.373 24.568-9.373 33.941-.001z\"><\/path><\/svg><\/div>\n\t\t\t\t\t<\/div>\n\t\t\t\t<div id=\"elementor-toc__168931b8\" class=\"elementor-toc__body\">\n\t\t\t<div class=\"elementor-toc__spinner-container\">\n\t\t\t\t<svg class=\"elementor-toc__spinner eicon-animation-spin e-font-icon-svg e-eicon-loading\" aria-hidden=\"true\" viewBox=\"0 0 1000 1000\" xmlns=\"http:\/\/www.w3.org\/2000\/svg\"><path d=\"M500 975V858C696 858 858 696 858 500S696 142 500 142 142 304 142 500H25C25 237 238 25 500 25S975 237 975 500 763 975 500 975Z\"><\/path><\/svg>\t\t\t<\/div>\n\t\t<\/div>\n\t\t\t\t\t\t<\/div>\n\t\t\t\t<\/div>\n\t\t\t\t\t<\/div>\n\t\t<\/div>\n\t\t\t\t<div class=\"elementor-column elementor-col-50 elementor-top-column elementor-element elementor-element-56a65c9e\" data-id=\"56a65c9e\" data-element_type=\"column\" data-e-type=\"column\">\n\t\t\t<div class=\"elementor-widget-wrap elementor-element-populated\">\n\t\t\t\t\t\t<div class=\"elementor-element elementor-element-11821385 elementor-widget elementor-widget-text-editor\" data-id=\"11821385\" data-element_type=\"widget\" data-e-type=\"widget\" data-widget_type=\"text-editor.default\">\n\t\t\t\t<div class=\"elementor-widget-container\">\n\t\t\t\t\t\t\t\t\t<div class=\"markdown markdown-main-panel ui-v2-enabled\" dir=\"ltr\">\n<h1 data-sourcepos=\"1:1-1:80\">Navegue pela deslumbrante costa da Cro\u00e1cia: Aluguel de iates com SkipperCity.com<\/h1>\n<h2 data-sourcepos=\"3:1-3:45\"><strong>F\u00e9rias inesquec\u00edveis \u00e0 vela na Cro\u00e1cia<\/strong><\/h2>\n<p data-sourcepos=\"5:1-5:278\">A Cro\u00e1cia, com suas \u00e1guas azul-turquesa, ilhas pitorescas e cidades costeiras encantadoras, \u00e9 um destino dos sonhos para os entusiastas da navega\u00e7\u00e3o. Seja voc\u00ea um velejador experiente em busca de aventura ou uma fam\u00edlia querendo uma escapada relaxante, o SkipperCity.com pode transformar seu sonho em realidade.<\/p>\n<h2 data-sourcepos=\"7:1-7:63\"><strong>Explore suas op\u00e7\u00f5es: Catamar\u00e3s, veleiros e lanchas<\/strong><\/h2>\n<p data-sourcepos=\"9:1-9:221\">No SkipperCity.com, somos o seu balc\u00e3o \u00fanico para <strong>aluguel de iates na Cro\u00e1cia<\/strong>. Com <strong>mais de 13.000 iates<\/strong> em nossa extensa frota, oferecemos uma ampla gama de op\u00e7\u00f5es para atender a todas as prefer\u00eancias e n\u00edveis de experi\u00eancia em navega\u00e7\u00e3o:<\/p>\n<ul data-sourcepos=\"11:1-14:0\">\n<li data-sourcepos=\"11:1-11:353\"><strong>Fretamentos de catamar\u00e3:<\/strong> <strong>Experimente estabilidade e conforto inigual\u00e1veis<\/strong> a bordo de um luxuoso catamar\u00e3, perfeito para fam\u00edlias e grupos que buscam uma experi\u00eancia espa\u00e7osa e relaxante. Explore nossa p\u00e1gina de aluguel de catamar\u00e3s na Cro\u00e1cia: <a class=\"traceable-link\" href=\"https:\/\/skippercity.com\/pt-br\/carta-catamaran-croacia\/\" target=\"_blank\" rel=\"noopener noreferrer\">https:\/\/skippercity.com\/catamaran-charter-croatia\/<\/a> para saber mais.<\/li>\n<li data-sourcepos=\"12:1-12:370\"><strong>Fretamento de veleiros:<\/strong> <strong>Abrace o charme cl\u00e1ssico e a emo\u00e7\u00e3o de navegar<\/strong> em um veleiro cl\u00e1ssico, ideal para explorar enseadas escondidas e experimentar a alegria de navegar pelo Mar Adri\u00e1tico. Saiba mais sobre Sailboat Charter Croatia: <a class=\"traceable-link\" href=\"https:\/\/skippercity.com\/pt-br\/aluguer-de-veleiros-croacia\/\" target=\"_blank\" rel=\"noopener noreferrer\">https:\/\/skippercity.com\/sailboat-charter-croatia\/<\/a> op\u00e7\u00f5es em nosso site.<\/li>\n<li data-sourcepos=\"13:1-14:0\"><strong>Fretamentos de lancha:<\/strong> <strong>Descubra o litoral no seu pr\u00f3prio ritmo<\/strong> com nossos emocionantes fretamentos de lancha, perfeitos para quem busca um ritmo mais r\u00e1pido e a capacidade de percorrer mais \u00e1reas. Consulte nossa p\u00e1gina de aluguel de lanchas na Cro\u00e1cia: <a class=\"traceable-link\" href=\"https:\/\/skippercity.com\/pt-br\/aluguer-de-barcos-a-motor-croacia\/\" target=\"_blank\" rel=\"noopener noreferrer\">https:\/\/skippercity.com\/motorboat-charter-croatia\/<\/a> para obter detalhes.<\/li>\n<\/ul>\n<h2 data-sourcepos=\"15:1-15:41\"><strong>Experi\u00eancias sob medida para cada marinheiro<\/strong><\/h2>\n<p data-sourcepos=\"17:1-17:153\">Entendemos que cada marinheiro tem necessidades exclusivas. Escolha entre tr\u00eas op\u00e7\u00f5es distintas de fretamento para tornar sua aventura de navega\u00e7\u00e3o na Cro\u00e1cia verdadeiramente inesquec\u00edvel:<\/p>\n<ul data-sourcepos=\"19:1-22:0\">\n<li data-sourcepos=\"19:1-19:249\"><strong>Fretamentos a casco nu:<\/strong> <strong>Embarque em uma aventura independente<\/strong> (somente marinheiros experientes com licen\u00e7as v\u00e1lidas) e crie seu pr\u00f3prio itiner\u00e1rio. Saiba mais sobre os requisitos e benef\u00edcios em nossa p\u00e1gina Bareboat Charter Croatia: [invalid URL removed].<\/li>\n<li data-sourcepos=\"20:1-20:363\"><strong>Fretamentos com capit\u00e3o:<\/strong> <strong>Relaxe e aprecie a paisagem<\/strong> enquanto um capit\u00e3o profissional cuida da navega\u00e7\u00e3o, permitindo que voc\u00ea se concentre totalmente em absorver a beleza da Cro\u00e1cia. Saiba mais sobre nossos servi\u00e7os de Skippered Yacht Charter Croatia: <a class=\"traceable-link\" href=\"https:\/\/skippercity.com\/pt-br\/skippered-yacht-charter-croacia\/\" target=\"_blank\" rel=\"noopener noreferrer\">https:\/\/skippercity.com\/skippered-yacht-charter-croatia\/<\/a>.<\/li>\n<li data-sourcepos=\"21:1-22:0\"><strong>Charters com tripula\u00e7\u00e3o:<\/strong> <strong>Desfrute do m\u00e1ximo luxo<\/strong> em um iate com capit\u00e3o e tripula\u00e7\u00e3o completa, oferecendo servi\u00e7o personalizado e atendendo a todas as suas necessidades. Explore as possibilidades de aluguel de iates com tripula\u00e7\u00e3o na Cro\u00e1cia: <a class=\"traceable-link\" href=\"https:\/\/skippercity.com\/pt-br\/aluguer-de-iates-para-tripulacoes-croacia\/\" target=\"_blank\" rel=\"noopener noreferrer\">https:\/\/skippercity.com\/crewed-yacht-charter-croatia\/<\/a> em nosso site.<\/li>\n<\/ul>\n<h2 data-sourcepos=\"23:1-23:37\"><strong>Explore as diversas regi\u00f5es da Cro\u00e1cia<\/strong><\/h2>\n<p data-sourcepos=\"25:1-25:204\">Embarque em uma aventura em v\u00e1rios locais da Cro\u00e1cia, incluindo Split, Dubrovnik, Zadar, \u0160ibenik e Trogir. Cada regi\u00e3o possui paisagens litor\u00e2neas \u00fanicas e joias escondidas esperando para serem descobertas.<\/p>\n<h2 data-sourcepos=\"27:1-27:44\"><strong>Reserva sem complica\u00e7\u00f5es e orienta\u00e7\u00e3o especializada:<\/strong><\/h2>\n<p data-sourcepos=\"29:1-29:180\">Nossa equipe experiente est\u00e1 aqui para orient\u00e1-lo em cada etapa do processo. Oferecemos recomenda\u00e7\u00f5es personalizadas, consultoria especializada para a escolha do iate perfeito e um processo de reserva sem interrup\u00e7\u00f5es.<\/p>\n<h2 data-sourcepos=\"31:1-31:36\"><strong>Comece a planejar seu sonho hoje mesmo:<\/strong><\/h2>\n<p data-sourcepos=\"33:1-33:189\">Entre em contato com a SkipperCity.com hoje para obter um or\u00e7amento gratuito e come\u00e7ar a planejar sua experi\u00eancia inesquec\u00edvel <strong>de aluguel de veleiros na Cro\u00e1cia<\/strong>, <strong>catamar\u00e3<\/strong> na Cro\u00e1cia ou <strong>lancha na Cro\u00e1cia<\/strong>!<\/p>\n<\/div>\n\t\t\t\t\t\t\t\t<\/div>\n\t\t\t\t<\/div>\n\t\t\t\t\t<\/div>\n\t\t<\/div>\n\t\t\t\t<div class=\"elementor-column elementor-col-25 elementor-top-column elementor-element elementor-element-50e30ed\" data-id=\"50e30ed\" data-element_type=\"column\" data-e-type=\"column\">\n\t\t\t<div class=\"elementor-widget-wrap elementor-element-populated\">\n\t\t\t\t\t\t<div class=\"elementor-element elementor-element-1809f061 elementor-widget elementor-widget-template\" data-id=\"1809f061\" data-element_type=\"widget\" data-e-type=\"widget\" data-widget_type=\"template.default\">\n\t\t\t\t<div class=\"elementor-widget-container\">\n\t\t\t\t\t\t\t<div class=\"elementor-template\">\n\t\t\t\t\t<div data-elementor-type=\"section\" data-elementor-id=\"77219\" class=\"elementor elementor-77219 elementor-76339\" data-elementor-post-type=\"elementor_library\">\n\t\t\t\t\t<section class=\"elementor-section elementor-inner-section elementor-element elementor-element-457e679b elementor-section-full_width elementor-section-height-min-height elementor-section-content-middle elementor-section-height-default\" data-id=\"457e679b\" data-element_type=\"section\" data-e-type=\"section\" data-settings=\"{&quot;background_background&quot;:&quot;classic&quot;}\">\n\t\t\t\t\t\t\t<div class=\"elementor-background-overlay\"><\/div>\n\t\t\t\t\t\t\t<div class=\"elementor-container elementor-column-gap-default\">\n\t\t\t\t\t<div class=\"elementor-column elementor-col-100 elementor-inner-column elementor-element elementor-element-33d83c77\" data-id=\"33d83c77\" data-element_type=\"column\" data-e-type=\"column\">\n\t\t\t<div class=\"elementor-widget-wrap elementor-element-populated\">\n\t\t\t\t\t\t<div class=\"elementor-element elementor-element-26c46f13 elementor-widget elementor-widget-text-editor\" data-id=\"26c46f13\" data-element_type=\"widget\" data-e-type=\"widget\" data-widget_type=\"text-editor.default\">\n\t\t\t\t<div class=\"elementor-widget-container\">\n\t\t\t\t\t\t\t\t\t<p style=\"text-align: center;\">Procurando um barco?<\/p>\n\t\t\t\t\t\t\t\t<\/div>\n\t\t\t\t<\/div>\n\t\t\t\t<div class=\"elementor-element elementor-element-7116d3fc elementor-align-center elementor-widget elementor-widget-button\" data-id=\"7116d3fc\" data-element_type=\"widget\" data-e-type=\"widget\" data-widget_type=\"button.default\">\n\t\t\t\t<div class=\"elementor-widget-container\">\n\t\t\t\t\t\t\t\t\t<div class=\"elementor-button-wrapper\">\n\t\t\t\t\t<a class=\"elementor-button elementor-button-link elementor-size-md\" href=\"https:\/\/skippercity.com\/pt-br\/obter-uma-cotacao-de-aluguer-de-iates-croacia\/\" target=\"_blank\">\n\t\t\t\t\t\t<span class=\"elementor-button-content-wrapper\">\n\t\t\t\t\t\t\t\t\t<span class=\"elementor-button-text\">OBTER UM OR\u00c7AMENTO GRATUITO<\/span>\n\t\t\t\t\t<\/span>\n\t\t\t\t\t<\/a>\n\t\t\t\t<\/div>\n\t\t\t\t\t\t\t\t<\/div>\n\t\t\t\t<\/div>\n\t\t\t\t\t<\/div>\n\t\t<\/div>\n\t\t\t\t\t<\/div>\n\t\t<\/section>\n\t\t\t\t<\/div>\n\t\t\t\t<\/div>\n\t\t\t\t\t\t<\/div>\n\t\t\t\t<\/div>\n\t\t\t\t\t<\/div>\n\t\t<\/div>\n\t\t\t\t\t<\/div>\n\t\t<\/section>\n\t\t\t\t<\/div>\n\t\t","protected":false},"excerpt":{"rendered":"<p>Tabela de Conte\u00fados Navegue pela deslumbrante costa da Cro\u00e1cia: Aluguel de iates com SkipperCity.com F\u00e9rias inesquec\u00edveis \u00e0 vela na Cro\u00e1cia A Cro\u00e1cia, com suas \u00e1guas azul-turquesa, ilhas pitorescas e cidades costeiras encantadoras, \u00e9 um destino dos sonhos para os entusiastas da navega\u00e7\u00e3o. Seja voc\u00ea um velejador experiente em busca de aventura ou uma fam\u00edlia querendo [&hellip;]<\/p>\n","protected":false},"author":2,"featured_media":408270,"parent":0,"menu_order":0,"comment_status":"closed","ping_status":"closed","template":"","meta":{"footnotes":""},"class_list":["post-416339","page","type-page","status-publish","has-post-thumbnail","hentry"],"_links":{"self":[{"href":"https:\/\/skippercity.com\/pt-br\/wp-json\/wp\/v2\/pages\/416339","targetHints":{"allow":["GET"]}}],"collection":[{"href":"https:\/\/skippercity.com\/pt-br\/wp-json\/wp\/v2\/pages"}],"about":[{"href":"https:\/\/skippercity.com\/pt-br\/wp-json\/wp\/v2\/types\/page"}],"author":[{"embeddable":true,"href":"https:\/\/skippercity.com\/pt-br\/wp-json\/wp\/v2\/users\/2"}],"replies":[{"embeddable":true,"href":"https:\/\/skippercity.com\/pt-br\/wp-json\/wp\/v2\/comments?post=416339"}],"version-history":[{"count":0,"href":"https:\/\/skippercity.com\/pt-br\/wp-json\/wp\/v2\/pages\/416339\/revisions"}],"wp:featuredmedia":[{"embeddable":true,"href":"https:\/\/skippercity.com\/pt-br\/wp-json\/wp\/v2\/media\/408270"}],"wp:attachment":[{"href":"https:\/\/skippercity.com\/pt-br\/wp-json\/wp\/v2\/media?parent=416339"}],"curies":[{"name":"wp","href":"https:\/\/api.w.org\/{rel}","templated":true}]}}