{"id":71553,"date":"2017-12-02T10:30:31","date_gmt":"2017-12-02T10:30:31","guid":{"rendered":"https:\/\/www.skippercity.com\/custos-de-aluguer-de-iates\/"},"modified":"2024-02-22T08:13:26","modified_gmt":"2024-02-22T08:13:26","slug":"custos-de-aluguer-de-iates","status":"publish","type":"page","link":"https:\/\/skippercity.com\/pt-br\/custos-de-aluguer-de-iates\/","title":{"rendered":"Custos do Charter de Yacht"},"content":{"rendered":"\t\t<div data-elementor-type=\"wp-page\" data-elementor-id=\"71553\" class=\"elementor elementor-71553 elementor-6005\" data-elementor-post-type=\"page\">\n\t\t\t\t\t\t<section class=\"elementor-section elementor-top-section elementor-element elementor-element-72a141a2 elementor-section-stretched elementor-section-full_width elementor-section-height-min-height elementor-section-height-default elementor-section-items-middle\" data-id=\"72a141a2\" data-element_type=\"section\" data-e-type=\"section\" data-settings=\"{&quot;background_background&quot;:&quot;classic&quot;,&quot;stretch_section&quot;:&quot;section-stretched&quot;}\">\n\t\t\t\t\t\t\t<div class=\"elementor-background-overlay\"><\/div>\n\t\t\t\t\t\t\t<div class=\"elementor-container elementor-column-gap-default\">\n\t\t\t\t\t<div class=\"elementor-column elementor-col-100 elementor-top-column elementor-element elementor-element-2d1ed2d\" data-id=\"2d1ed2d\" data-element_type=\"column\" data-e-type=\"column\">\n\t\t\t<div class=\"elementor-widget-wrap\">\n\t\t\t\t\t\t\t<\/div>\n\t\t<\/div>\n\t\t\t\t\t<\/div>\n\t\t<\/section>\n\t\t\t\t<section class=\"elementor-section elementor-top-section elementor-element elementor-element-7a53a1a2 elementor-section-full_width elementor-section-height-default elementor-section-height-default\" data-id=\"7a53a1a2\" data-element_type=\"section\" data-e-type=\"section\">\n\t\t\t\t\t\t<div class=\"elementor-container elementor-column-gap-default\">\n\t\t\t\t\t<div class=\"elementor-column elementor-col-25 elementor-top-column elementor-element elementor-element-52c15051\" data-id=\"52c15051\" data-element_type=\"column\" data-e-type=\"column\">\n\t\t\t<div class=\"elementor-widget-wrap elementor-element-populated\">\n\t\t\t\t\t\t<div class=\"elementor-element elementor-element-3a99f9df elementor-toc--minimized-on-tablet elementor-widget elementor-widget-table-of-contents\" data-id=\"3a99f9df\" data-element_type=\"widget\" data-e-type=\"widget\" data-settings=\"{&quot;exclude_headings_by_selector&quot;:[],&quot;marker_view&quot;:&quot;bullets&quot;,&quot;headings_by_tags&quot;:[&quot;h2&quot;,&quot;h3&quot;,&quot;h4&quot;,&quot;h5&quot;,&quot;h6&quot;],&quot;icon&quot;:{&quot;value&quot;:&quot;fas fa-circle&quot;,&quot;library&quot;:&quot;fa-solid&quot;,&quot;rendered_tag&quot;:&quot;&lt;svg class=\\&quot;e-font-icon-svg e-fas-circle\\&quot; viewBox=\\&quot;0 0 512 512\\&quot; xmlns=\\&quot;http:\\\/\\\/www.w3.org\\\/2000\\\/svg\\&quot;&gt;&lt;path d=\\&quot;M256 8C119 8 8 119 8 256s111 248 248 248 248-111 248-248S393 8 256 8z\\&quot;&gt;&lt;\\\/path&gt;&lt;\\\/svg&gt;&quot;},&quot;no_headings_message&quot;:&quot;N\\u00e3o foram encontrados cabe\\u00e7alhos nesta p\\u00e1gina.&quot;,&quot;minimize_box&quot;:&quot;yes&quot;,&quot;minimized_on&quot;:&quot;tablet&quot;,&quot;hierarchical_view&quot;:&quot;yes&quot;,&quot;min_height&quot;:{&quot;unit&quot;:&quot;px&quot;,&quot;size&quot;:&quot;&quot;,&quot;sizes&quot;:[]},&quot;min_height_tablet&quot;:{&quot;unit&quot;:&quot;px&quot;,&quot;size&quot;:&quot;&quot;,&quot;sizes&quot;:[]},&quot;min_height_mobile&quot;:{&quot;unit&quot;:&quot;px&quot;,&quot;size&quot;:&quot;&quot;,&quot;sizes&quot;:[]}}\" data-widget_type=\"table-of-contents.default\">\n\t\t\t\t<div class=\"elementor-widget-container\">\n\t\t\t\t\t\t\t\t\t<div class=\"elementor-toc__header\">\n\t\t\t\t\t\t<h4 class=\"elementor-toc__header-title\">\n\t\t\t\tTabela de Conte\u00fados\t\t\t<\/h4>\n\t\t\t\t\t\t\t\t\t\t<div class=\"elementor-toc__toggle-button elementor-toc__toggle-button--expand\" role=\"button\" tabindex=\"0\" aria-controls=\"elementor-toc__3a99f9df\" aria-expanded=\"true\" aria-label=\"Abrir Tabela de Conte\u00fados\"><svg aria-hidden=\"true\" class=\"e-font-icon-svg e-fas-chevron-down\" viewBox=\"0 0 448 512\" xmlns=\"http:\/\/www.w3.org\/2000\/svg\"><path d=\"M207.029 381.476L12.686 187.132c-9.373-9.373-9.373-24.569 0-33.941l22.667-22.667c9.357-9.357 24.522-9.375 33.901-.04L224 284.505l154.745-154.021c9.379-9.335 24.544-9.317 33.901.04l22.667 22.667c9.373 9.373 9.373 24.569 0 33.941L240.971 381.476c-9.373 9.372-24.569 9.372-33.942 0z\"><\/path><\/svg><\/div>\n\t\t\t\t<div class=\"elementor-toc__toggle-button elementor-toc__toggle-button--collapse\" role=\"button\" tabindex=\"0\" aria-controls=\"elementor-toc__3a99f9df\" aria-expanded=\"true\" aria-label=\"Fechar Tabela de Conte\u00fados\"><svg aria-hidden=\"true\" class=\"e-font-icon-svg e-fas-chevron-up\" viewBox=\"0 0 448 512\" xmlns=\"http:\/\/www.w3.org\/2000\/svg\"><path d=\"M240.971 130.524l194.343 194.343c9.373 9.373 9.373 24.569 0 33.941l-22.667 22.667c-9.357 9.357-24.522 9.375-33.901.04L224 227.495 69.255 381.516c-9.379 9.335-24.544 9.317-33.901-.04l-22.667-22.667c-9.373-9.373-9.373-24.569 0-33.941L207.03 130.525c9.372-9.373 24.568-9.373 33.941-.001z\"><\/path><\/svg><\/div>\n\t\t\t\t\t<\/div>\n\t\t\t\t<div id=\"elementor-toc__3a99f9df\" class=\"elementor-toc__body\">\n\t\t\t<div class=\"elementor-toc__spinner-container\">\n\t\t\t\t<svg class=\"elementor-toc__spinner eicon-animation-spin e-font-icon-svg e-eicon-loading\" aria-hidden=\"true\" viewBox=\"0 0 1000 1000\" xmlns=\"http:\/\/www.w3.org\/2000\/svg\"><path d=\"M500 975V858C696 858 858 696 858 500S696 142 500 142 142 304 142 500H25C25 237 238 25 500 25S975 237 975 500 763 975 500 975Z\"><\/path><\/svg>\t\t\t<\/div>\n\t\t<\/div>\n\t\t\t\t\t\t<\/div>\n\t\t\t\t<\/div>\n\t\t\t\t\t<\/div>\n\t\t<\/div>\n\t\t\t\t<div class=\"elementor-column elementor-col-50 elementor-top-column elementor-element elementor-element-54508ef9\" data-id=\"54508ef9\" data-element_type=\"column\" data-e-type=\"column\">\n\t\t\t<div class=\"elementor-widget-wrap elementor-element-populated\">\n\t\t\t\t\t\t<div class=\"elementor-element elementor-element-4c4bf85e elementor-widget elementor-widget-text-editor\" data-id=\"4c4bf85e\" data-element_type=\"widget\" data-e-type=\"widget\" data-widget_type=\"text-editor.default\">\n\t\t\t\t<div class=\"elementor-widget-container\">\n\t\t\t\t\t\t\t\t\t<h1 data-sourcepos=\"1:1-1:86\">Revelando o custo do aluguel do iate dos seus sonhos na Cro\u00e1cia: Um guia para cada or\u00e7amento<\/h1>\n<p data-sourcepos=\"3:1-3:7\">A Cro\u00e1cia, com seu deslumbrante litoral do Adri\u00e1tico, ilhas cativantes e cidades vibrantes, atrai tanto marinheiros quanto pessoas que buscam o luxo. E que melhor maneira de experimentar sua magia do que fretando um iate? Por\u00e9m, antes de zarpar, \u00e9 fundamental conhecer o custo. Este guia desvenda os fatores que influenciam os pre\u00e7os de aluguel de iates na Cro\u00e1cia, ajudando-o a navegar pelo seu or\u00e7amento e planejar as f\u00e9rias dos seus sonhos.<\/p>\n<h2 data-sourcepos=\"5:1-5:36\"><strong>Entendendo o espectro de custos:<\/strong><\/h2>\n<p data-sourcepos=\"7:1-7:30\">Os custos de aluguel de iates na Cro\u00e1cia podem variar significativamente, indo de \u20ac <strong>1.000 a mais de \u20ac 10.000 por semana<\/strong>. Esse amplo espectro reflete v\u00e1rios fatores importantes:<\/p>\n<ul data-sourcepos=\"9:1-10:10\">\n<li data-sourcepos=\"9:1-9:277\"><strong>Tipo de iate:<\/strong> A estrela do show! Optar por um <strong>iate a motor luxuoso<\/strong> naturalmente tem um pre\u00e7o mais alto em compara\u00e7\u00e3o com um <strong>simples veleiro<\/strong>. Os iates a motor podem variar de \u20ac <strong>15.000 a \u20ac 100.000 ou mais por semana<\/strong>, enquanto os veleiros podem come\u00e7ar a partir de <strong>\u20ac 1.000 por semana<\/strong>.<\/li>\n<li data-sourcepos=\"10:1-10:10\"><strong>Sazonalidade:<\/strong> A alta temporada da Cro\u00e1cia<strong>(junho-agosto<\/strong>) registra um aumento na demanda, elevando os pre\u00e7os. Considere <strong>as \u00e9pocas de baixa temporada (abril-maio e setembro-outubro)<\/strong> para obter ofertas potencialmente melhores.<\/li>\n<li data-sourcepos=\"11:1-11:222\"><strong>Tamanho e comodidades do iate:<\/strong> Os iates maiores t\u00eam mais cabines, espa\u00e7o de conviv\u00eancia e recursos luxuosos, o que naturalmente gera um pre\u00e7o mais alto. Por outro lado, os iates menores oferecem uma experi\u00eancia mais \u00edntima a um pre\u00e7o mais acess\u00edvel.<\/li>\n<li data-sourcepos=\"12:1-12:116\"><strong>Dura\u00e7\u00e3o do fretamento:<\/strong> Os fretamentos semanais s\u00e3o o padr\u00e3o, mas as dura\u00e7\u00f5es mais longas podem oferecer pequenos descontos por dia.<\/li>\n<li data-sourcepos=\"13:1-14:0\"><strong>Servi\u00e7os adicionais:<\/strong> A contrata\u00e7\u00e3o de um <strong>capit\u00e3o<\/strong> para conhecimento de navega\u00e7\u00e3o ou de uma <strong>recepcionista<\/strong> para servi\u00e7o de bordo aumenta o custo, que normalmente varia de <strong>\u20ac 150 a \u20ac 250 por dia<\/strong>.<\/li>\n<\/ul>\n<h2 data-sourcepos=\"15:1-15:25\"><strong>Planejando seu or\u00e7amento:<\/strong><\/h2>\n<p data-sourcepos=\"17:1-17:52\">Para estimar seu custo de fretamento, considere estas etapas:<\/p>\n<ol data-sourcepos=\"19:1-19:72\">\n<li data-sourcepos=\"19:1-19:72\"><strong>Defina suas necessidades:<\/strong> Quantas pessoas estar\u00e3o a bordo? Que n\u00edvel de luxo voc\u00ea est\u00e1 buscando? Voc\u00ea precisa de um capit\u00e3o ou de uma anfitri\u00e3?<\/li>\n<li data-sourcepos=\"20:1-20:104\"><strong>Escolha o tipo e o tamanho de seu iate:<\/strong> Pesquise diferentes op\u00e7\u00f5es com base em suas prefer\u00eancias e or\u00e7amento.<\/li>\n<li data-sourcepos=\"21:1-21:124\"><strong>Selecione a temporada e a dura\u00e7\u00e3o desejadas:<\/strong> Considere a alta temporada versus a baixa temporada e a dura\u00e7\u00e3o de seu fretamento.<\/li>\n<li data-sourcepos=\"22:1-23:0\"><strong>Leve em conta os servi\u00e7os adicionais:<\/strong> Inclua os poss\u00edveis custos do capit\u00e3o, da anfitri\u00e3, do abastecimento e de outros extras.<\/li>\n<\/ol>\n<h2 data-sourcepos=\"24:1-24:25\"><strong>Al\u00e9m da etiqueta de pre\u00e7o:<\/strong><\/h2>\n<p data-sourcepos=\"26:1-26:207\">Lembre-se de que o custo n\u00e3o \u00e9 o \u00fanico fator. A Cro\u00e1cia oferece diversas experi\u00eancias, desde a explora\u00e7\u00e3o de enseadas escondidas e cidades charmosas at\u00e9 a pr\u00e1tica de esportes aqu\u00e1ticos e refei\u00e7\u00f5es gourmet. Considere estes aspectos adicionais:<\/p>\n<ul data-sourcepos=\"28:1-29:66\">\n<li data-sourcepos=\"28:1-28:83\"><strong>Destino:<\/strong> Regi\u00f5es espec\u00edficas da Cro\u00e1cia podem ter pre\u00e7os diferentes.<\/li>\n<li data-sourcepos=\"29:1-29:66\"><strong>Taxas de combust\u00edvel e de atraca\u00e7\u00e3o:<\/strong> Essas taxas podem aumentar o custo total, portanto, informe-se com a empresa de fretamento para obter mais informa\u00e7\u00f5es.<\/li>\n<li data-sourcepos=\"30:1-31:0\"><strong>Provisionamento:<\/strong> Decida se quer se autoabastecer ou optar por provis\u00f5es pr\u00e9-estocadas, o que afeta o custo.<\/li>\n<\/ul>\n<h2 data-sourcepos=\"32:1-32:44\"><strong>Navegando em sua aventura croata:<\/strong><\/h2>\n<p data-sourcepos=\"34:1-34:301\">Ao compreender os fatores de custo e planejar meticulosamente, voc\u00ea pode embarcar em um iate fretado memor\u00e1vel na Cro\u00e1cia que se alinhe ao seu or\u00e7amento e \u00e0s suas aspira\u00e7\u00f5es. Quer esteja buscando uma fuga extravagante ou uma aventura de navega\u00e7\u00e3o econ\u00f4mica, as \u00e1guas brilhantes da Cro\u00e1cia o aguardam com infinitas possibilidades.<\/p>\n<p data-sourcepos=\"36:1-36:204\"><strong>Dica b\u00f4nus:<\/strong> Compare pre\u00e7os, recursos e disponibilidade entre diferentes provedores. Isso permite que voc\u00ea encontre o iate perfeito para a viagem dos seus sonhos \u00e0 Cro\u00e1cia.<\/p>\n<p data-sourcepos=\"38:1-38:187\"><strong>Palavras-chave:<\/strong> Aluguel de iate na Cro\u00e1cia, custo de aluguel de iate, navega\u00e7\u00e3o na Cro\u00e1cia, aluguel de iate na Cro\u00e1cia, or\u00e7amento de aluguel de iate na Cro\u00e1cia, aluguel de iate de luxo na Cro\u00e1cia, planejamento de aluguel de iate na Cro\u00e1cia.<\/p>C\t\t\t\t\t\t\t\t<\/div>\n\t\t\t\t<\/div>\n\t\t\t\t\t<\/div>\n\t\t<\/div>\n\t\t\t\t<div class=\"elementor-column elementor-col-25 elementor-top-column elementor-element elementor-element-317065af\" data-id=\"317065af\" data-element_type=\"column\" data-e-type=\"column\">\n\t\t\t<div class=\"elementor-widget-wrap elementor-element-populated\">\n\t\t\t\t\t\t<div class=\"elementor-element elementor-element-38fa3f4f elementor-widget elementor-widget-template\" data-id=\"38fa3f4f\" data-element_type=\"widget\" data-e-type=\"widget\" data-widget_type=\"template.default\">\n\t\t\t\t<div class=\"elementor-widget-container\">\n\t\t\t\t\t\t\t<div class=\"elementor-template\">\n\t\t\t\t\t<div data-elementor-type=\"section\" data-elementor-id=\"77219\" class=\"elementor elementor-77219 elementor-76339\" data-elementor-post-type=\"elementor_library\">\n\t\t\t\t\t<section class=\"elementor-section elementor-inner-section elementor-element elementor-element-457e679b elementor-section-full_width elementor-section-height-min-height elementor-section-content-middle elementor-section-height-default\" data-id=\"457e679b\" data-element_type=\"section\" data-e-type=\"section\" data-settings=\"{&quot;background_background&quot;:&quot;classic&quot;}\">\n\t\t\t\t\t\t\t<div class=\"elementor-background-overlay\"><\/div>\n\t\t\t\t\t\t\t<div class=\"elementor-container elementor-column-gap-default\">\n\t\t\t\t\t<div class=\"elementor-column elementor-col-100 elementor-inner-column elementor-element elementor-element-33d83c77\" data-id=\"33d83c77\" data-element_type=\"column\" data-e-type=\"column\">\n\t\t\t<div class=\"elementor-widget-wrap elementor-element-populated\">\n\t\t\t\t\t\t<div class=\"elementor-element elementor-element-26c46f13 elementor-widget elementor-widget-text-editor\" data-id=\"26c46f13\" data-element_type=\"widget\" data-e-type=\"widget\" data-widget_type=\"text-editor.default\">\n\t\t\t\t<div class=\"elementor-widget-container\">\n\t\t\t\t\t\t\t\t\t<p style=\"text-align: center;\">Procurando um barco?<\/p>\n\t\t\t\t\t\t\t\t<\/div>\n\t\t\t\t<\/div>\n\t\t\t\t<div class=\"elementor-element elementor-element-7116d3fc elementor-align-center elementor-widget elementor-widget-button\" data-id=\"7116d3fc\" data-element_type=\"widget\" data-e-type=\"widget\" data-widget_type=\"button.default\">\n\t\t\t\t<div class=\"elementor-widget-container\">\n\t\t\t\t\t\t\t\t\t<div class=\"elementor-button-wrapper\">\n\t\t\t\t\t<a class=\"elementor-button elementor-button-link elementor-size-md\" href=\"https:\/\/skippercity.com\/pt-br\/obter-uma-cotacao-de-aluguer-de-iates-croacia\/\" target=\"_blank\">\n\t\t\t\t\t\t<span class=\"elementor-button-content-wrapper\">\n\t\t\t\t\t\t\t\t\t<span class=\"elementor-button-text\">OBTER UM OR\u00c7AMENTO GRATUITO<\/span>\n\t\t\t\t\t<\/span>\n\t\t\t\t\t<\/a>\n\t\t\t\t<\/div>\n\t\t\t\t\t\t\t\t<\/div>\n\t\t\t\t<\/div>\n\t\t\t\t\t<\/div>\n\t\t<\/div>\n\t\t\t\t\t<\/div>\n\t\t<\/section>\n\t\t\t\t<\/div>\n\t\t\t\t<\/div>\n\t\t\t\t\t\t<\/div>\n\t\t\t\t<\/div>\n\t\t\t\t\t<\/div>\n\t\t<\/div>\n\t\t\t\t\t<\/div>\n\t\t<\/section>\n\t\t\t\t<\/div>\n\t\t","protected":false},"excerpt":{"rendered":"<p>Tabela de Conte\u00fados Revelando o custo do aluguel do iate dos seus sonhos na Cro\u00e1cia: Um guia para cada or\u00e7amento A Cro\u00e1cia, com seu deslumbrante litoral do Adri\u00e1tico, ilhas cativantes e cidades vibrantes, atrai tanto marinheiros quanto pessoas que buscam o luxo. E que melhor maneira de experimentar sua magia do que fretando um iate? [&hellip;]<\/p>\n","protected":false},"author":2,"featured_media":71503,"parent":0,"menu_order":0,"comment_status":"closed","ping_status":"closed","template":"","meta":{"footnotes":""},"class_list":["post-71553","page","type-page","status-publish","has-post-thumbnail","hentry"],"_links":{"self":[{"href":"https:\/\/skippercity.com\/pt-br\/wp-json\/wp\/v2\/pages\/71553","targetHints":{"allow":["GET"]}}],"collection":[{"href":"https:\/\/skippercity.com\/pt-br\/wp-json\/wp\/v2\/pages"}],"about":[{"href":"https:\/\/skippercity.com\/pt-br\/wp-json\/wp\/v2\/types\/page"}],"author":[{"embeddable":true,"href":"https:\/\/skippercity.com\/pt-br\/wp-json\/wp\/v2\/users\/2"}],"replies":[{"embeddable":true,"href":"https:\/\/skippercity.com\/pt-br\/wp-json\/wp\/v2\/comments?post=71553"}],"version-history":[{"count":0,"href":"https:\/\/skippercity.com\/pt-br\/wp-json\/wp\/v2\/pages\/71553\/revisions"}],"wp:featuredmedia":[{"embeddable":true,"href":"https:\/\/skippercity.com\/pt-br\/wp-json\/wp\/v2\/media\/71503"}],"wp:attachment":[{"href":"https:\/\/skippercity.com\/pt-br\/wp-json\/wp\/v2\/media?parent=71553"}],"curies":[{"name":"wp","href":"https:\/\/api.w.org\/{rel}","templated":true}]}}